{"id":152,"date":"2023-03-08T10:31:38","date_gmt":"2023-03-08T09:31:38","guid":{"rendered":"https:\/\/multi-mam.com\/hr\/?page_id=152"},"modified":"2023-08-02T16:27:08","modified_gmt":"2023-08-02T14:27:08","slug":"olaksanje-boli-prouzrokovane-dojenjem","status":"publish","type":"page","link":"https:\/\/multi-mam.com\/hr\/savjeti-strucnjaka\/olaksanje-boli-prouzrokovane-dojenjem\/","title":{"rendered":"Olak\u0161anje boli prouzrokovane dojenjem"},"content":{"rendered":"\n<div class=\"wp-block-karopharma-free-text pt-large pb-large bg-center bg-cover bg-no-repeat  is-style-primary\" style=\"background-image:url()\"><div class=\"free-text-wrapper container max-w-medium text-left\">\n<h1 class=\"is-style-heading-huge wp-block-heading\">Olak\u0161anje boli prouzrokovane dojenjem<\/h1>\n\n\n\n<p class=\"is-style-paragraph-preamble\">Mnoge majke iz razli\u010ditih razloga osje\u0107aju bol tijekom dojenja. Za neke, to mo\u017ee biti toliko stresno da razmi\u0161ljaju o potpunom prekidu dojenja. Stru\u010dnjaci preporu\u010duju da dojite va\u0161u bebu sve dok ne napuni jednu godinu, pa posvetite vrijeme prepoznavanju uzroka nelagode i nau\u010dite neke od dobro provjerenih metoda koje mogu olak\u0161ati bol.<\/p>\n<\/div><\/div>\n\n\n\n<div class=\"wp-block-karopharma-free-text pt-large pb-large bg-center bg-cover bg-no-repeat  is-style-transparent\" style=\"background-image:url()\"><div class=\"free-text-wrapper container max-w-medium text-left\">\n<p>Ispravite hvat bebe, jer je naj\u010de\u0161\u0107i krivac boli nepravilno dojenje bebe. Dok dojite, beba bi u ustima trebala imati bradavicu i cijelu areolu. Bradavica mora biti duboko u bebinim ustima i okrenuta prema zadnjem dijelu nepca, kako ne bi podnosila veliki pritisak tijekom sisanja bebe. Bebine usne bi trebale biti malo zavrnute, tako da nema prostora izme\u0111u bebinih usana i dojke. Nos mora biti slobodan kako bi tijekom dojenja beba mogla disati. Za siguran uspjeh, prislonite va\u0161u bebu uz sebe, s glavom lagano nagnutom unazad, tako da je brada jako blizu dojke. Nje\u017eno stisnite dojku i usmjerite ju k zadnjem dijelu usta va\u0161e bebe. Popravite poziciju sve dok hvat ne bude bezbolan i dok va\u0161a beba ne guta u dugim pravilnim gutljajima.<\/p>\n\n\n\n<p>Ako imate problema s uspostavljanjem dobrog hvata, razgovarajte sa stru\u010dnom osobom kako biste provjerili ima li va\u0161a beba problema s jezikom, \u0161to je jedan od \u010de\u0161\u0107ih uzroka problemati\u010dnog hvata.<\/p>\n\n\n\n<h2 class=\"is-style-heading-h2 wp-block-heading\">Njegujte bolne i ispucale bradavice<\/h2>\n\n\n\n<p>Ako beba ima problem s hvatom, naj\u010de\u0161\u0107e si\u0161e samo bradavicu, \u0161to mo\u017ee izazvati povredu i uzrokovati jaku bol. Dobar hvat poma\u017ee da se problem izbjegne, ali ako se povreda ve\u0107 dogodila, postoji nekoliko na\u010dina na koji mo\u017eete ubla\u017eiti bol, poput stavljanja kompresa koje sadr\u017ee ljekovite tvari koje \u0107e potaknuti oporavak. Hladne komprese tako\u0111er mogu ubla\u017eiti bol, barem privremeno, samo zapamtite da led ne biste trebali stavljati direktno na ko\u017eu.<\/p>\n\n\n\n<p>Ako je va\u0161a beba gladna, sisati \u0107e sna\u017enije nego obi\u010dno, \u0161to mo\u017ee izazvati jo\u0161 ve\u0107u povredu na va\u0161im ve\u0107 bolnim bradavicama. Poku\u0161ajte uo\u010diti ranije znake gladi i bebi prvo ponudite manje povrije\u0111enu dojku. Na ovaj na\u010din, beba drugu dojku vi\u0161e ne\u0107e sisati tako agresivno. Prije dojenja, istisnite nekoliko kapljica mlijeka kako biste potaknuli refleks izbacivanja mlijeka i da sprije\u010dili va\u0161u bebu da mlijeko poku\u0161a izvu\u0107i \u017evakanjem bradavice.<\/p>\n\n\n\n<p>Ako su vam bradavice previ\u0161e bolne za dojenje, stru\u010dnjaci preporu\u010duju da odla\u017eete mlijeko kako biste sprije\u010dili zastoj. Ponekad kori\u0161tenje silikonskog \u0161e\u0161iri\u0107a za bradavice mo\u017ee biti rje\u0161enje za nastavak dojenja.<\/p>\n\n\n\n<p>Bolne bradavice mogu biti uzrokovane i drugim faktorima, kao \u0161to su gljivi\u010dna i bakterijska infekcija ili stanja ko\u017ee kao \u0161to su ekcem i psorijaza. U slu\u010daju infekcije, trebali biste se posavjetovati s lije\u010dnikom kako bi vam prepisao prikladan lijek. Ko\u017ea bradavica i dojke mo\u017ee biti iritirana zbog higijenskih proizvoda, ili kao rezultat alergije na novi proizvod koji ste nedavno po\u010deli koristiti. Poku\u0161ajte prepoznati u ukloniti uzro\u010dnika iritacije. Naj\u010de\u0161\u0107i iritansi uklju\u010duju gelove za tu\u0161iranje i kupke koje ko\u017eu bradavice mogu previ\u0161e isu\u0161iti. Isperite va\u0161e grudi toplom vodom i izbjegavajte kori\u0161tenje ovakvih proizvoda na grudima.<\/p>\n\n\n\n<p>Njegujte bradavice tako \u0161to \u0107ete istisnuti nekoliko kapljica mlijeka nakon hranjenja i razmazati ih preko \u010ditavih bradavica. Mlijeko ima umiruju\u0107i i za\u0161titni u\u010dinak na va\u0161u ko\u017eu. Tako\u0111er mo\u017eete probati i balzam za bradavice koji \u0107a nahraniti ko\u017eu i sprije\u010diti ispucale bradavice.<\/p>\n\n\n\n<h2 class=\"is-style-heading-h2 wp-block-heading\">Sprije\u010dite zastoj mlijeka<\/h2>\n\n\n\n<p>Zastoj ili nagomilavanje mlijeka u grudima je jo\u0161 jedan od \u010destih uzroka boli tijekom dojenja. Izbjegavajte preskakanje obroka a ako morate (npr. ako ste na poslu ili niste kod ku\u0107e), izdojite mlijeko prate\u0107i uobi\u010dajen raspored hranjenja. Tople komprese i masa\u017ea tako\u0111er mogu pomo\u0107i s protokom mlijeka i smanjenjem pritiska.<\/p>\n<\/div><\/div>\n","protected":false},"excerpt":{"rendered":"","protected":false},"author":2,"featured_media":0,"parent":117,"menu_order":10,"comment_status":"closed","ping_status":"closed","template":"","meta":{"_acf_changed":false,"footnotes":""},"from-article-database":[],"class_list":["post-152","page","type-page","status-publish","hentry"],"acf":[],"yoast_head":"<!-- This site is optimized with the Yoast SEO plugin v26.6 - https:\/\/yoast.com\/wordpress\/plugins\/seo\/ -->\n<title>Olak\u0161anje boli prouzrokovane dojenjem - Multi-Mam<\/title>\n<meta name=\"description\" content=\"Mnoge majke iz razli\u010ditih razloga osje\u0107aju bol tijekom dojenja. Za neke, to mo\u017ee biti toliko stresno da razmi\u0161ljaju o potpunom prekidu dojenja.\" \/>\n<meta name=\"robots\" content=\"index, follow, max-snippet:-1, max-image-preview:large, max-video-preview:-1\" \/>\n<link rel=\"canonical\" href=\"https:\/\/multi-mam.com\/hr\/savjeti-strucnjaka\/olaksanje-boli-prouzrokovane-dojenjem\/\" \/>\n<meta property=\"og:locale\" content=\"hr_HR\" \/>\n<meta property=\"og:type\" content=\"article\" \/>\n<meta property=\"og:title\" content=\"Olak\u0161anje boli prouzrokovane dojenjem - Multi-Mam\" \/>\n<meta property=\"og:description\" content=\"Mnoge majke iz razli\u010ditih razloga osje\u0107aju bol tijekom dojenja. Za neke, to mo\u017ee biti toliko stresno da razmi\u0161ljaju o potpunom prekidu dojenja.\" \/>\n<meta property=\"og:url\" content=\"https:\/\/multi-mam.com\/hr\/savjeti-strucnjaka\/olaksanje-boli-prouzrokovane-dojenjem\/\" \/>\n<meta property=\"og:site_name\" content=\"Multi-Mam\" \/>\n<meta property=\"article:modified_time\" content=\"2023-08-02T14:27:08+00:00\" \/>\n<meta name=\"twitter:card\" content=\"summary_large_image\" \/>\n<meta name=\"twitter:label1\" content=\"Est. reading time\" \/>\n\t<meta name=\"twitter:data1\" content=\"4 minutes\" \/>\n<script type=\"application\/ld+json\" class=\"yoast-schema-graph\">{\"@context\":\"https:\/\/schema.org\",\"@graph\":[{\"@type\":\"WebPage\",\"@id\":\"https:\/\/multi-mam.com\/hr\/savjeti-strucnjaka\/olaksanje-boli-prouzrokovane-dojenjem\/\",\"url\":\"https:\/\/multi-mam.com\/hr\/savjeti-strucnjaka\/olaksanje-boli-prouzrokovane-dojenjem\/\",\"name\":\"Olak\u0161anje boli prouzrokovane dojenjem - Multi-Mam\",\"isPartOf\":{\"@id\":\"https:\/\/multi-mam.com\/hr\/#website\"},\"datePublished\":\"2023-03-08T09:31:38+00:00\",\"dateModified\":\"2023-08-02T14:27:08+00:00\",\"description\":\"Mnoge majke iz razli\u010ditih razloga osje\u0107aju bol tijekom dojenja. Za neke, to mo\u017ee biti toliko stresno da razmi\u0161ljaju o potpunom prekidu dojenja.\",\"breadcrumb\":{\"@id\":\"https:\/\/multi-mam.com\/hr\/savjeti-strucnjaka\/olaksanje-boli-prouzrokovane-dojenjem\/#breadcrumb\"},\"inLanguage\":\"hr-HR\",\"potentialAction\":[{\"@type\":\"ReadAction\",\"target\":[\"https:\/\/multi-mam.com\/hr\/savjeti-strucnjaka\/olaksanje-boli-prouzrokovane-dojenjem\/\"]}]},{\"@type\":\"BreadcrumbList\",\"@id\":\"https:\/\/multi-mam.com\/hr\/savjeti-strucnjaka\/olaksanje-boli-prouzrokovane-dojenjem\/#breadcrumb\",\"itemListElement\":[{\"@type\":\"ListItem\",\"position\":1,\"name\":\"Home\",\"item\":\"https:\/\/multi-mam.com\/hr\/\"},{\"@type\":\"ListItem\",\"position\":2,\"name\":\"Savjeti stru\u010dnjaka\",\"item\":\"https:\/\/multi-mam.com\/hr\/savjeti-strucnjaka\/\"},{\"@type\":\"ListItem\",\"position\":3,\"name\":\"Olak\u0161anje boli prouzrokovane dojenjem\"}]},{\"@type\":\"WebSite\",\"@id\":\"https:\/\/multi-mam.com\/hr\/#website\",\"url\":\"https:\/\/multi-mam.com\/hr\/\",\"name\":\"Multi-Mam\",\"description\":\"\",\"publisher\":{\"@id\":\"https:\/\/multi-mam.com\/hr\/#organization\"},\"potentialAction\":[{\"@type\":\"SearchAction\",\"target\":{\"@type\":\"EntryPoint\",\"urlTemplate\":\"https:\/\/multi-mam.com\/hr\/?s={search_term_string}\"},\"query-input\":{\"@type\":\"PropertyValueSpecification\",\"valueRequired\":true,\"valueName\":\"search_term_string\"}}],\"inLanguage\":\"hr-HR\"},{\"@type\":\"Organization\",\"@id\":\"https:\/\/multi-mam.com\/hr\/#organization\",\"name\":\"Multi-Mam\",\"url\":\"https:\/\/multi-mam.com\/hr\/\",\"logo\":{\"@type\":\"ImageObject\",\"inLanguage\":\"hr-HR\",\"@id\":\"https:\/\/multi-mam.com\/hr\/#\/schema\/logo\/image\/\",\"url\":\"https:\/\/multi-mam.com\/app\/uploads\/sites\/23\/2023\/03\/multi-mam-logotype.png\",\"contentUrl\":\"https:\/\/multi-mam.com\/app\/uploads\/sites\/23\/2023\/03\/multi-mam-logotype.png\",\"width\":70,\"height\":96,\"caption\":\"Multi-Mam\"},\"image\":{\"@id\":\"https:\/\/multi-mam.com\/hr\/#\/schema\/logo\/image\/\"}}]}<\/script>\n<!-- \/ Yoast SEO plugin. -->","yoast_head_json":{"title":"Olak\u0161anje boli prouzrokovane dojenjem - Multi-Mam","description":"Mnoge majke iz razli\u010ditih razloga osje\u0107aju bol tijekom dojenja. Za neke, to mo\u017ee biti toliko stresno da razmi\u0161ljaju o potpunom prekidu dojenja.","robots":{"index":"index","follow":"follow","max-snippet":"max-snippet:-1","max-image-preview":"max-image-preview:large","max-video-preview":"max-video-preview:-1"},"canonical":"https:\/\/multi-mam.com\/hr\/savjeti-strucnjaka\/olaksanje-boli-prouzrokovane-dojenjem\/","og_locale":"hr_HR","og_type":"article","og_title":"Olak\u0161anje boli prouzrokovane dojenjem - Multi-Mam","og_description":"Mnoge majke iz razli\u010ditih razloga osje\u0107aju bol tijekom dojenja. Za neke, to mo\u017ee biti toliko stresno da razmi\u0161ljaju o potpunom prekidu dojenja.","og_url":"https:\/\/multi-mam.com\/hr\/savjeti-strucnjaka\/olaksanje-boli-prouzrokovane-dojenjem\/","og_site_name":"Multi-Mam","article_modified_time":"2023-08-02T14:27:08+00:00","twitter_card":"summary_large_image","twitter_misc":{"Est. reading time":"4 minutes"},"schema":{"@context":"https:\/\/schema.org","@graph":[{"@type":"WebPage","@id":"https:\/\/multi-mam.com\/hr\/savjeti-strucnjaka\/olaksanje-boli-prouzrokovane-dojenjem\/","url":"https:\/\/multi-mam.com\/hr\/savjeti-strucnjaka\/olaksanje-boli-prouzrokovane-dojenjem\/","name":"Olak\u0161anje boli prouzrokovane dojenjem - Multi-Mam","isPartOf":{"@id":"https:\/\/multi-mam.com\/hr\/#website"},"datePublished":"2023-03-08T09:31:38+00:00","dateModified":"2023-08-02T14:27:08+00:00","description":"Mnoge majke iz razli\u010ditih razloga osje\u0107aju bol tijekom dojenja. Za neke, to mo\u017ee biti toliko stresno da razmi\u0161ljaju o potpunom prekidu dojenja.","breadcrumb":{"@id":"https:\/\/multi-mam.com\/hr\/savjeti-strucnjaka\/olaksanje-boli-prouzrokovane-dojenjem\/#breadcrumb"},"inLanguage":"hr-HR","potentialAction":[{"@type":"ReadAction","target":["https:\/\/multi-mam.com\/hr\/savjeti-strucnjaka\/olaksanje-boli-prouzrokovane-dojenjem\/"]}]},{"@type":"BreadcrumbList","@id":"https:\/\/multi-mam.com\/hr\/savjeti-strucnjaka\/olaksanje-boli-prouzrokovane-dojenjem\/#breadcrumb","itemListElement":[{"@type":"ListItem","position":1,"name":"Home","item":"https:\/\/multi-mam.com\/hr\/"},{"@type":"ListItem","position":2,"name":"Savjeti stru\u010dnjaka","item":"https:\/\/multi-mam.com\/hr\/savjeti-strucnjaka\/"},{"@type":"ListItem","position":3,"name":"Olak\u0161anje boli prouzrokovane dojenjem"}]},{"@type":"WebSite","@id":"https:\/\/multi-mam.com\/hr\/#website","url":"https:\/\/multi-mam.com\/hr\/","name":"Multi-Mam","description":"","publisher":{"@id":"https:\/\/multi-mam.com\/hr\/#organization"},"potentialAction":[{"@type":"SearchAction","target":{"@type":"EntryPoint","urlTemplate":"https:\/\/multi-mam.com\/hr\/?s={search_term_string}"},"query-input":{"@type":"PropertyValueSpecification","valueRequired":true,"valueName":"search_term_string"}}],"inLanguage":"hr-HR"},{"@type":"Organization","@id":"https:\/\/multi-mam.com\/hr\/#organization","name":"Multi-Mam","url":"https:\/\/multi-mam.com\/hr\/","logo":{"@type":"ImageObject","inLanguage":"hr-HR","@id":"https:\/\/multi-mam.com\/hr\/#\/schema\/logo\/image\/","url":"https:\/\/multi-mam.com\/app\/uploads\/sites\/23\/2023\/03\/multi-mam-logotype.png","contentUrl":"https:\/\/multi-mam.com\/app\/uploads\/sites\/23\/2023\/03\/multi-mam-logotype.png","width":70,"height":96,"caption":"Multi-Mam"},"image":{"@id":"https:\/\/multi-mam.com\/hr\/#\/schema\/logo\/image\/"}}]}},"_links":{"self":[{"href":"https:\/\/multi-mam.com\/hr\/wp-json\/wp\/v2\/pages\/152","targetHints":{"allow":["GET"]}}],"collection":[{"href":"https:\/\/multi-mam.com\/hr\/wp-json\/wp\/v2\/pages"}],"about":[{"href":"https:\/\/multi-mam.com\/hr\/wp-json\/wp\/v2\/types\/page"}],"author":[{"embeddable":true,"href":"https:\/\/multi-mam.com\/hr\/wp-json\/wp\/v2\/users\/2"}],"replies":[{"embeddable":true,"href":"https:\/\/multi-mam.com\/hr\/wp-json\/wp\/v2\/comments?post=152"}],"version-history":[{"count":2,"href":"https:\/\/multi-mam.com\/hr\/wp-json\/wp\/v2\/pages\/152\/revisions"}],"predecessor-version":[{"id":265,"href":"https:\/\/multi-mam.com\/hr\/wp-json\/wp\/v2\/pages\/152\/revisions\/265"}],"up":[{"embeddable":true,"href":"https:\/\/multi-mam.com\/hr\/wp-json\/wp\/v2\/pages\/117"}],"wp:attachment":[{"href":"https:\/\/multi-mam.com\/hr\/wp-json\/wp\/v2\/media?parent=152"}],"wp:term":[{"taxonomy":"from-article-database","embeddable":true,"href":"https:\/\/multi-mam.com\/hr\/wp-json\/wp\/v2\/from-article-database?post=152"}],"curies":[{"name":"wp","href":"https:\/\/api.w.org\/{rel}","templated":true}]}}