{"id":147,"date":"2023-03-08T10:28:44","date_gmt":"2023-03-08T09:28:44","guid":{"rendered":"https:\/\/multi-mam.com\/hr\/?page_id=147"},"modified":"2023-08-02T16:27:10","modified_gmt":"2023-08-02T14:27:10","slug":"anatomija-grudi","status":"publish","type":"page","link":"https:\/\/multi-mam.com\/hr\/savjeti-strucnjaka\/anatomija-grudi\/","title":{"rendered":"Anatomija grudi"},"content":{"rendered":"\n<div class=\"wp-block-karopharma-free-text pt-large pb-large bg-center bg-cover bg-no-repeat  is-style-primary\" style=\"background-image:url()\"><div class=\"free-text-wrapper container max-w-medium text-left\">\n<h1 class=\"is-style-heading-huge wp-block-heading\">Anatomija grudi<\/h1>\n\n\n\n<p class=\"is-style-paragraph-preamble\">Da bismo razumjeli dojenje, ispravne navike i neke probleme koji se mogu pojaviti, prvo moramo razumjeti osnovnu anatomiju \u017eenskih grudi.<\/p>\n<\/div><\/div>\n\n\n\n<div class=\"wp-block-karopharma-free-text pt-large pb-large bg-center bg-cover bg-no-repeat  is-style-transparent\" style=\"background-image:url()\"><div class=\"free-text-wrapper container max-w-medium text-left\">\n<h3 class=\"is-style-heading-h3 wp-block-heading\">Osnovne strukture grudi uklju\u010duju:<\/h3>\n\n\n\n<ul class=\"is-style-default wp-block-list\"><li>Bradavica i areola, primarno stvorene da omogu\u0107e dojenje. Bradavice se obi\u010dno pove\u0107aju tijekom trudno\u0107e, dok areole potamne. Neki stru\u010dnjaci vjeruju da je ovo jedan od na\u010dina kojim je Majka Priroda olak\u0161ala bebi pronalazak dojke.<\/li><li>\u017dljezdano tkivo. Ovo tkivo sadr\u017ei mnogo \u017elijezda koje proizvode mlijeko i izlu\u010duju ga u mlije\u010dne kanale kroz koje mlije\u010dni protok ide sve do bradavice. Mlije\u010dni kanali su okru\u017eeni mi\u0161i\u0107nim \u0107elijama koje kontrahuju tijekom dojenja i poma\u017eu u odr\u017eavanju protoka mlijeka.<\/li><li>Vezivno i masno tkivo, koje podupire i \u0161titi osjetljive djelove dojke u kojima se vr\u0161i izlu\u010divanje mlijeka.<\/li><li>Krvni i limfni \u010dvorovi, kao i \u017eiv\u010dani.<\/li><\/ul>\n\n\n\n<div class=\"wp-block-image\"><figure class=\"alignright size-full\"><img loading=\"lazy\" decoding=\"async\" width=\"250\" height=\"242\" src=\"https:\/\/multi-mam.com\/app\/uploads\/sites\/23\/2023\/03\/anatmija-grudi.png\" alt=\"Anatomija grudi\" class=\"wp-image-149\"\/><\/figure><\/div>\n\n\n\n<p>Tijekom trudno\u0107e i nakon poroda, grudi prolaze kroz izra\u017eene promjene koje su pod utjecajem \u010detiri hormona koja se izlu\u010duju u tijelu: estrogen, progesteron, prolaktin i oksitocin.<\/p>\n\n\n\n<p>Estrogen i progesteron osloba\u0111a placenta tijekom trudno\u0107e i njihova uloga je priprema grudi za proizvodnju mlijeka. Pod njihovim utjecajem, grudi \u0107e po\u010deti stvarati vi\u0161e mlije\u010dnih kanala, ali sama proizvodnja mlijeka jo\u0161 ne\u0107e po\u010deti. Onog trenutka kada se beba rodi i kada se izbaci placenta, razine ovih hormona u tijelu opadaju, daju\u0107i time signal da proizvodnja mlijeka mo\u017ee po\u010deti.<\/p>\n\n\n\n<p>Nakon \u0161to se beba rodi, prvo mlijeko koje grudi izlu\u010duju naziva se kolostrum. Ova je gusta i prozirna teku\u0107ina ispunjena antitijelima koji \u0107e za\u0161titi bebu kako bi njen imunosni sustav imao dovoljno vremena da se razvije i oja\u010da. Nekoliko dana kasnije, po\u010dinje se proizvoditi pravo mlijeko zbog \u010dega su grudi \u010desto natekle, te\u0161ke i tople na dodir. Ovo je normalno i nestati \u0107e za nekoliko tjedana.<\/p>\n\n\n\n<p>Kada estrogen i progesteron zavr\u0161e svoj dio, prolaktin i oksitocin preuzimaju ulogu. Prolaktin je onaj koji poti\u0107e tijelo na proizvodnju mlijeka. Svaki put kada dojite ili izdajate mlijeko, razine prolaktina u tijelu se pove\u0107aju, daju\u0107i grudima potreban signal za proizvodnju mlijeka. Sa druge strane, oksitocin je tu da se pobrine za osloba\u0111anje mlijeka iz grudi. Oksitocin izaziva refleks izlu\u010divanja mlijeka kada se mlijeko istiska iz svojih rezervoara i ispumpava u mlije\u010dne kanale. Po\u010detni signal za refleks izlu\u010divanja mlijeka je osje\u0107aj zatezanja koji beba izaziva pri poku\u0161aju dojenja.<\/p>\n\n\n\n<p>Proizvodnja mlijeka u va\u0161em tijelu je kontrolirana na zanimljiv na\u010din, uz pomo\u0107 proteina zvanog povratni inhibitor laktacije. Ovaj protein smanjuje proizvodnju mlijeka kada je dojka puna. Odnosno, mlijeko se proizvodi na osnovu mehanizma zaliha-potra\u017enja. Ako va\u0161a beba prestane dojiti ili presko\u010di hranjenje, razine ovog proteina u va\u0161im grudima se pove\u0107avaju, \u0161to uzrokuje smanjenje proizvodnje mlijeka. Isto vrijedi i obrnuto. \u0160to vi\u0161e va\u0161a beba doji, to va\u0161e tijelo proizvodi vi\u0161e mlijeka. Zato je jako bitno da dojite \u0161to \u010de\u0161\u0107e mo\u017eete, kako bi se va\u0161e zalihe mlijeka odr\u017eavale na visokoj, optimalnoj razini.<\/p>\n<\/div><\/div>\n","protected":false},"excerpt":{"rendered":"","protected":false},"author":2,"featured_media":0,"parent":117,"menu_order":9,"comment_status":"closed","ping_status":"closed","template":"","meta":{"_acf_changed":false,"footnotes":""},"from-article-database":[],"class_list":["post-147","page","type-page","status-publish","hentry"],"acf":[],"yoast_head":"<!-- This site is optimized with the Yoast SEO plugin v26.6 - https:\/\/yoast.com\/wordpress\/plugins\/seo\/ -->\n<title>Anatomija grudi - Multi-Mam<\/title>\n<meta name=\"description\" content=\"Da bismo razumjeli dojenje, ispravne navike i neke probleme koji se mogu pojaviti, prvo moramo razumjeti osnovnu anatomiju \u017eenskih grudi.\" \/>\n<meta name=\"robots\" content=\"index, follow, max-snippet:-1, max-image-preview:large, max-video-preview:-1\" \/>\n<link rel=\"canonical\" href=\"https:\/\/multi-mam.com\/hr\/savjeti-strucnjaka\/anatomija-grudi\/\" \/>\n<meta property=\"og:locale\" content=\"hr_HR\" \/>\n<meta property=\"og:type\" content=\"article\" \/>\n<meta property=\"og:title\" content=\"Anatomija grudi - Multi-Mam\" \/>\n<meta property=\"og:description\" content=\"Da bismo razumjeli dojenje, ispravne navike i neke probleme koji se mogu pojaviti, prvo moramo razumjeti osnovnu anatomiju \u017eenskih grudi.\" \/>\n<meta property=\"og:url\" content=\"https:\/\/multi-mam.com\/hr\/savjeti-strucnjaka\/anatomija-grudi\/\" \/>\n<meta property=\"og:site_name\" content=\"Multi-Mam\" \/>\n<meta property=\"article:modified_time\" content=\"2023-08-02T14:27:10+00:00\" \/>\n<meta property=\"og:image\" content=\"https:\/\/multi-mam.com\/app\/uploads\/sites\/23\/2023\/03\/anatmija-grudi.png\" \/>\n<meta name=\"twitter:card\" content=\"summary_large_image\" \/>\n<meta name=\"twitter:label1\" content=\"Est. reading time\" \/>\n\t<meta name=\"twitter:data1\" content=\"3 minutes\" \/>\n<script type=\"application\/ld+json\" class=\"yoast-schema-graph\">{\"@context\":\"https:\/\/schema.org\",\"@graph\":[{\"@type\":\"WebPage\",\"@id\":\"https:\/\/multi-mam.com\/hr\/savjeti-strucnjaka\/anatomija-grudi\/\",\"url\":\"https:\/\/multi-mam.com\/hr\/savjeti-strucnjaka\/anatomija-grudi\/\",\"name\":\"Anatomija grudi - Multi-Mam\",\"isPartOf\":{\"@id\":\"https:\/\/multi-mam.com\/hr\/#website\"},\"primaryImageOfPage\":{\"@id\":\"https:\/\/multi-mam.com\/hr\/savjeti-strucnjaka\/anatomija-grudi\/#primaryimage\"},\"image\":{\"@id\":\"https:\/\/multi-mam.com\/hr\/savjeti-strucnjaka\/anatomija-grudi\/#primaryimage\"},\"thumbnailUrl\":\"https:\/\/multi-mam.com\/app\/uploads\/sites\/23\/2023\/03\/anatmija-grudi.png\",\"datePublished\":\"2023-03-08T09:28:44+00:00\",\"dateModified\":\"2023-08-02T14:27:10+00:00\",\"description\":\"Da bismo razumjeli dojenje, ispravne navike i neke probleme koji se mogu pojaviti, prvo moramo razumjeti osnovnu anatomiju \u017eenskih grudi.\",\"breadcrumb\":{\"@id\":\"https:\/\/multi-mam.com\/hr\/savjeti-strucnjaka\/anatomija-grudi\/#breadcrumb\"},\"inLanguage\":\"hr-HR\",\"potentialAction\":[{\"@type\":\"ReadAction\",\"target\":[\"https:\/\/multi-mam.com\/hr\/savjeti-strucnjaka\/anatomija-grudi\/\"]}]},{\"@type\":\"ImageObject\",\"inLanguage\":\"hr-HR\",\"@id\":\"https:\/\/multi-mam.com\/hr\/savjeti-strucnjaka\/anatomija-grudi\/#primaryimage\",\"url\":\"https:\/\/multi-mam.com\/app\/uploads\/sites\/23\/2023\/03\/anatmija-grudi.png\",\"contentUrl\":\"https:\/\/multi-mam.com\/app\/uploads\/sites\/23\/2023\/03\/anatmija-grudi.png\"},{\"@type\":\"BreadcrumbList\",\"@id\":\"https:\/\/multi-mam.com\/hr\/savjeti-strucnjaka\/anatomija-grudi\/#breadcrumb\",\"itemListElement\":[{\"@type\":\"ListItem\",\"position\":1,\"name\":\"Home\",\"item\":\"https:\/\/multi-mam.com\/hr\/\"},{\"@type\":\"ListItem\",\"position\":2,\"name\":\"Savjeti stru\u010dnjaka\",\"item\":\"https:\/\/multi-mam.com\/hr\/savjeti-strucnjaka\/\"},{\"@type\":\"ListItem\",\"position\":3,\"name\":\"Anatomija grudi\"}]},{\"@type\":\"WebSite\",\"@id\":\"https:\/\/multi-mam.com\/hr\/#website\",\"url\":\"https:\/\/multi-mam.com\/hr\/\",\"name\":\"Multi-Mam\",\"description\":\"\",\"publisher\":{\"@id\":\"https:\/\/multi-mam.com\/hr\/#organization\"},\"potentialAction\":[{\"@type\":\"SearchAction\",\"target\":{\"@type\":\"EntryPoint\",\"urlTemplate\":\"https:\/\/multi-mam.com\/hr\/?s={search_term_string}\"},\"query-input\":{\"@type\":\"PropertyValueSpecification\",\"valueRequired\":true,\"valueName\":\"search_term_string\"}}],\"inLanguage\":\"hr-HR\"},{\"@type\":\"Organization\",\"@id\":\"https:\/\/multi-mam.com\/hr\/#organization\",\"name\":\"Multi-Mam\",\"url\":\"https:\/\/multi-mam.com\/hr\/\",\"logo\":{\"@type\":\"ImageObject\",\"inLanguage\":\"hr-HR\",\"@id\":\"https:\/\/multi-mam.com\/hr\/#\/schema\/logo\/image\/\",\"url\":\"https:\/\/multi-mam.com\/app\/uploads\/sites\/23\/2023\/03\/multi-mam-logotype.png\",\"contentUrl\":\"https:\/\/multi-mam.com\/app\/uploads\/sites\/23\/2023\/03\/multi-mam-logotype.png\",\"width\":70,\"height\":96,\"caption\":\"Multi-Mam\"},\"image\":{\"@id\":\"https:\/\/multi-mam.com\/hr\/#\/schema\/logo\/image\/\"}}]}<\/script>\n<!-- \/ Yoast SEO plugin. -->","yoast_head_json":{"title":"Anatomija grudi - Multi-Mam","description":"Da bismo razumjeli dojenje, ispravne navike i neke probleme koji se mogu pojaviti, prvo moramo razumjeti osnovnu anatomiju \u017eenskih grudi.","robots":{"index":"index","follow":"follow","max-snippet":"max-snippet:-1","max-image-preview":"max-image-preview:large","max-video-preview":"max-video-preview:-1"},"canonical":"https:\/\/multi-mam.com\/hr\/savjeti-strucnjaka\/anatomija-grudi\/","og_locale":"hr_HR","og_type":"article","og_title":"Anatomija grudi - Multi-Mam","og_description":"Da bismo razumjeli dojenje, ispravne navike i neke probleme koji se mogu pojaviti, prvo moramo razumjeti osnovnu anatomiju \u017eenskih grudi.","og_url":"https:\/\/multi-mam.com\/hr\/savjeti-strucnjaka\/anatomija-grudi\/","og_site_name":"Multi-Mam","article_modified_time":"2023-08-02T14:27:10+00:00","og_image":[{"url":"https:\/\/multi-mam.com\/app\/uploads\/sites\/23\/2023\/03\/anatmija-grudi.png","type":"","width":"","height":""}],"twitter_card":"summary_large_image","twitter_misc":{"Est. reading time":"3 minutes"},"schema":{"@context":"https:\/\/schema.org","@graph":[{"@type":"WebPage","@id":"https:\/\/multi-mam.com\/hr\/savjeti-strucnjaka\/anatomija-grudi\/","url":"https:\/\/multi-mam.com\/hr\/savjeti-strucnjaka\/anatomija-grudi\/","name":"Anatomija grudi - Multi-Mam","isPartOf":{"@id":"https:\/\/multi-mam.com\/hr\/#website"},"primaryImageOfPage":{"@id":"https:\/\/multi-mam.com\/hr\/savjeti-strucnjaka\/anatomija-grudi\/#primaryimage"},"image":{"@id":"https:\/\/multi-mam.com\/hr\/savjeti-strucnjaka\/anatomija-grudi\/#primaryimage"},"thumbnailUrl":"https:\/\/multi-mam.com\/app\/uploads\/sites\/23\/2023\/03\/anatmija-grudi.png","datePublished":"2023-03-08T09:28:44+00:00","dateModified":"2023-08-02T14:27:10+00:00","description":"Da bismo razumjeli dojenje, ispravne navike i neke probleme koji se mogu pojaviti, prvo moramo razumjeti osnovnu anatomiju \u017eenskih grudi.","breadcrumb":{"@id":"https:\/\/multi-mam.com\/hr\/savjeti-strucnjaka\/anatomija-grudi\/#breadcrumb"},"inLanguage":"hr-HR","potentialAction":[{"@type":"ReadAction","target":["https:\/\/multi-mam.com\/hr\/savjeti-strucnjaka\/anatomija-grudi\/"]}]},{"@type":"ImageObject","inLanguage":"hr-HR","@id":"https:\/\/multi-mam.com\/hr\/savjeti-strucnjaka\/anatomija-grudi\/#primaryimage","url":"https:\/\/multi-mam.com\/app\/uploads\/sites\/23\/2023\/03\/anatmija-grudi.png","contentUrl":"https:\/\/multi-mam.com\/app\/uploads\/sites\/23\/2023\/03\/anatmija-grudi.png"},{"@type":"BreadcrumbList","@id":"https:\/\/multi-mam.com\/hr\/savjeti-strucnjaka\/anatomija-grudi\/#breadcrumb","itemListElement":[{"@type":"ListItem","position":1,"name":"Home","item":"https:\/\/multi-mam.com\/hr\/"},{"@type":"ListItem","position":2,"name":"Savjeti stru\u010dnjaka","item":"https:\/\/multi-mam.com\/hr\/savjeti-strucnjaka\/"},{"@type":"ListItem","position":3,"name":"Anatomija grudi"}]},{"@type":"WebSite","@id":"https:\/\/multi-mam.com\/hr\/#website","url":"https:\/\/multi-mam.com\/hr\/","name":"Multi-Mam","description":"","publisher":{"@id":"https:\/\/multi-mam.com\/hr\/#organization"},"potentialAction":[{"@type":"SearchAction","target":{"@type":"EntryPoint","urlTemplate":"https:\/\/multi-mam.com\/hr\/?s={search_term_string}"},"query-input":{"@type":"PropertyValueSpecification","valueRequired":true,"valueName":"search_term_string"}}],"inLanguage":"hr-HR"},{"@type":"Organization","@id":"https:\/\/multi-mam.com\/hr\/#organization","name":"Multi-Mam","url":"https:\/\/multi-mam.com\/hr\/","logo":{"@type":"ImageObject","inLanguage":"hr-HR","@id":"https:\/\/multi-mam.com\/hr\/#\/schema\/logo\/image\/","url":"https:\/\/multi-mam.com\/app\/uploads\/sites\/23\/2023\/03\/multi-mam-logotype.png","contentUrl":"https:\/\/multi-mam.com\/app\/uploads\/sites\/23\/2023\/03\/multi-mam-logotype.png","width":70,"height":96,"caption":"Multi-Mam"},"image":{"@id":"https:\/\/multi-mam.com\/hr\/#\/schema\/logo\/image\/"}}]}},"_links":{"self":[{"href":"https:\/\/multi-mam.com\/hr\/wp-json\/wp\/v2\/pages\/147","targetHints":{"allow":["GET"]}}],"collection":[{"href":"https:\/\/multi-mam.com\/hr\/wp-json\/wp\/v2\/pages"}],"about":[{"href":"https:\/\/multi-mam.com\/hr\/wp-json\/wp\/v2\/types\/page"}],"author":[{"embeddable":true,"href":"https:\/\/multi-mam.com\/hr\/wp-json\/wp\/v2\/users\/2"}],"replies":[{"embeddable":true,"href":"https:\/\/multi-mam.com\/hr\/wp-json\/wp\/v2\/comments?post=147"}],"version-history":[{"count":4,"href":"https:\/\/multi-mam.com\/hr\/wp-json\/wp\/v2\/pages\/147\/revisions"}],"predecessor-version":[{"id":283,"href":"https:\/\/multi-mam.com\/hr\/wp-json\/wp\/v2\/pages\/147\/revisions\/283"}],"up":[{"embeddable":true,"href":"https:\/\/multi-mam.com\/hr\/wp-json\/wp\/v2\/pages\/117"}],"wp:attachment":[{"href":"https:\/\/multi-mam.com\/hr\/wp-json\/wp\/v2\/media?parent=147"}],"wp:term":[{"taxonomy":"from-article-database","embeddable":true,"href":"https:\/\/multi-mam.com\/hr\/wp-json\/wp\/v2\/from-article-database?post=147"}],"curies":[{"name":"wp","href":"https:\/\/api.w.org\/{rel}","templated":true}]}}