{"id":144,"date":"2023-03-08T10:16:38","date_gmt":"2023-03-08T09:16:38","guid":{"rendered":"https:\/\/multi-mam.com\/hr\/?page_id=144"},"modified":"2023-08-02T16:27:12","modified_gmt":"2023-08-02T14:27:12","slug":"prednosti-dojenja","status":"publish","type":"page","link":"https:\/\/multi-mam.com\/hr\/savjeti-strucnjaka\/prednosti-dojenja\/","title":{"rendered":"Prednosti dojenja"},"content":{"rendered":"\n<div class=\"wp-block-karopharma-free-text pt-large pb-large bg-center bg-cover bg-no-repeat  is-style-primary\" style=\"background-image:url()\"><div class=\"free-text-wrapper container max-w-medium text-left\">\n<h1 class=\"is-style-heading-huge wp-block-heading\">Prednosti dojenja<\/h1>\n\n\n\n<p class=\"is-style-paragraph-preamble\">Svjetska zdravstvena organizacija (SZO), UNICEF, bezbrojna udru\u017eenja pedijatara i konzultanata za laktaciju sla\u017eu se da je dojenje najbolja stvar koju mo\u017eete ponuditi svojoj bebi. \u201cDojenje je preporu\u010deni na\u010din hranjenja novoro\u0111en\u010deta. Ovisno o okolnostima, me\u0111utim, mnogi \u010dimbenici vas mogu navesti da uzmete u obzir hranjenje formulom.\u201d<\/p>\n<\/div><\/div>\n\n\n\n<div class=\"wp-block-karopharma-free-text pt-large pb-large bg-center bg-cover bg-no-repeat  is-style-transparent\" style=\"background-image:url()\"><div class=\"free-text-wrapper container max-w-medium text-left\">\n<p>SZO preporu\u010duje isklju\u010divo dojenje 6 mjeseci nakon poroda a odvikavanje samo nakon \u0161to beba napuni godinu dana. Ovisno o okolnostima, me\u0111utim, mnogi faktori vas mogu navesti da uzmete u obzir hranjenje formulom.<\/p>\n\n\n\n<p>Dojenje ima mnogo prednosti za bebu, ali \u0161to zapravo ova \u010darobna bijela teku\u0107ina mo\u017ee ponuditi va\u0161em mali\u0161anu? Evo 19 razloga za\u0161to je dojenje dobro za oboje.<\/p>\n\n\n\n<ul class=\"is-style-default wp-block-list\"><li>Mlijeko iz grudi predstavlja savr\u0161enu kombinaciju hranljivih materija, s dodatnom koli\u010dinom proteina, masti, vitamina i minerala, koji osiguravaju va\u0161oj bebi sve \u0161to joj treba da bi bila zdrava i sretna.<\/li><li>Tako\u0111er sadr\u017ei antitijela, tip proteina koji se bore protiv infekcija u na\u0161em tijelu. Maj\u010dina antitijela se prenose u bebu tijekom dojenja, \u0161tite\u0107i bebu od bakterija i virusa. Dakle, dok va\u0161a beba doji, bit \u0107e za\u0161ti\u0107ena od mnogih bolesti poput dijareje, infekcija uha, donje respiratorne bolesti, meningitisa, itd.<\/li><li>Poja\u010davanjem imunosnog sustava, dojenje mo\u017ee smanjiti rizik od astme i alergija.<\/li><li>Va\u0161a beba \u0107e imati manje \u0161anse da dobije visoku temperaturu nakon cijepljenja.<\/li><li>Bebe koje doje su u prosjeku rje\u0111e hospitalizirane od onih koje se hrane formulom. Va\u0161a beba vjerojatno ne\u0107e \u010desto vi\u0111ati pedijatra.<\/li><li>Dojenje va\u0161oj bebi smanjuje \u0161ansu od razvoja dijabetesa, povi\u0161enog kolesterola i upalnih bolesti crijeva tijekom daljnjeg \u017eivota.<\/li><li>Mlijeko iz grudi je lak\u0161e probaviti u odnosu na formulu.<\/li><li>Dojenje mo\u017ee smanjiti rizik od prekomjerne te\u017eine u tinejd\u017eerskim godinama ili debljine kada odraste.<\/li><li>Bebe koje doje su rje\u0111e pogo\u0111ene sindromom iznenadne smrti dojen\u010deta. Me\u0111utim, ako ste mislili da su beneficije dojenja rezervirane samo za va\u0161u bebu, prevarili ste se.<\/li><li>Zbog visoke razine hormona oksitocina, dojenje mo\u017ee smanjiti nivo stresa, u\u010diniti vas opu\u0161tenijom i regulirati va\u0161 krvni tlak.<\/li><li>Za majke koje doje manje je vjerojatno da \u0107e patiti od postporo\u0111ajne depresije.<\/li><li>Produ\u017eeno dojenje vas \u0161titi od raka dojke i jajnika.<\/li><li>Tako\u0111er vas mo\u017ee za\u0161titi od osteoporoze, pove\u0107anjem apsorpcije kalcija koji doprinosi ja\u010danju kostiju.<\/li><li>Dojenje poti\u010de sekreciju oksitocina. Ne samo \u0161to ovaj hormon utje\u010de pozitivno na va\u0161e raspolo\u017eenje, ve\u0107 izaziva kontrakcije maternice i smanjuje ju do veli\u010dine prije trudno\u0107e.<\/li><li>Dojenje sagorijeva oko 500 kalorija dnevno, \u010dime vam poma\u017ee da br\u017ee izgubite te\u017einu nakon poroda.<\/li><li>Da ne spominjemo da vam oboma spa\u0161ava vrijeme i novac, jer ne morate kupovati formulu za mlijeko, provesti vrijeme pripremaju\u0107i ga, sterilizirati bo\u010dice, itd.<\/li><li>Izbirljiva beba? Bez problema, imate sve \u0161to vam treba sa sobom u svakom trenutku.<\/li><li>Dojenje je dobro za Zemlju. Nema pakiranja mlije\u010dnih formula u kanticama, nema bo\u010dica koje treba prati.<\/li><li>Dojenje je savr\u0161ena prilika za malo ma\u017eenja i zbli\u017eavanja.<\/li><\/ul>\n<\/div><\/div>\n","protected":false},"excerpt":{"rendered":"","protected":false},"author":2,"featured_media":0,"parent":117,"menu_order":8,"comment_status":"closed","ping_status":"closed","template":"","meta":{"_acf_changed":false,"footnotes":""},"from-article-database":[],"class_list":["post-144","page","type-page","status-publish","hentry"],"acf":[],"yoast_head":"<!-- This site is optimized with the Yoast SEO plugin v26.6 - https:\/\/yoast.com\/wordpress\/plugins\/seo\/ -->\n<title>Prednosti dojenja - Multi-Mam<\/title>\n<meta name=\"description\" content=\"\u201cDojenje je preporu\u010deni na\u010din hranjenja novoro\u0111en\u010deta. Ovisno o okolnostima, me\u0111utim, mnogi \u010dimbenici vas mogu navesti da uzmete u obzir hranjenje formulom.\u201d\" \/>\n<meta name=\"robots\" content=\"index, follow, max-snippet:-1, max-image-preview:large, max-video-preview:-1\" \/>\n<link rel=\"canonical\" href=\"https:\/\/multi-mam.com\/hr\/savjeti-strucnjaka\/prednosti-dojenja\/\" \/>\n<meta property=\"og:locale\" content=\"hr_HR\" \/>\n<meta property=\"og:type\" content=\"article\" \/>\n<meta property=\"og:title\" content=\"Prednosti dojenja - Multi-Mam\" \/>\n<meta property=\"og:description\" content=\"\u201cDojenje je preporu\u010deni na\u010din hranjenja novoro\u0111en\u010deta. Ovisno o okolnostima, me\u0111utim, mnogi \u010dimbenici vas mogu navesti da uzmete u obzir hranjenje formulom.\u201d\" \/>\n<meta property=\"og:url\" content=\"https:\/\/multi-mam.com\/hr\/savjeti-strucnjaka\/prednosti-dojenja\/\" \/>\n<meta property=\"og:site_name\" content=\"Multi-Mam\" \/>\n<meta property=\"article:modified_time\" content=\"2023-08-02T14:27:12+00:00\" \/>\n<meta name=\"twitter:card\" content=\"summary_large_image\" \/>\n<meta name=\"twitter:label1\" content=\"Est. reading time\" \/>\n\t<meta name=\"twitter:data1\" content=\"3 minutes\" \/>\n<script type=\"application\/ld+json\" class=\"yoast-schema-graph\">{\"@context\":\"https:\/\/schema.org\",\"@graph\":[{\"@type\":\"WebPage\",\"@id\":\"https:\/\/multi-mam.com\/hr\/savjeti-strucnjaka\/prednosti-dojenja\/\",\"url\":\"https:\/\/multi-mam.com\/hr\/savjeti-strucnjaka\/prednosti-dojenja\/\",\"name\":\"Prednosti dojenja - Multi-Mam\",\"isPartOf\":{\"@id\":\"https:\/\/multi-mam.com\/hr\/#website\"},\"datePublished\":\"2023-03-08T09:16:38+00:00\",\"dateModified\":\"2023-08-02T14:27:12+00:00\",\"description\":\"\u201cDojenje je preporu\u010deni na\u010din hranjenja novoro\u0111en\u010deta. Ovisno o okolnostima, me\u0111utim, mnogi \u010dimbenici vas mogu navesti da uzmete u obzir hranjenje formulom.\u201d\",\"breadcrumb\":{\"@id\":\"https:\/\/multi-mam.com\/hr\/savjeti-strucnjaka\/prednosti-dojenja\/#breadcrumb\"},\"inLanguage\":\"hr-HR\",\"potentialAction\":[{\"@type\":\"ReadAction\",\"target\":[\"https:\/\/multi-mam.com\/hr\/savjeti-strucnjaka\/prednosti-dojenja\/\"]}]},{\"@type\":\"BreadcrumbList\",\"@id\":\"https:\/\/multi-mam.com\/hr\/savjeti-strucnjaka\/prednosti-dojenja\/#breadcrumb\",\"itemListElement\":[{\"@type\":\"ListItem\",\"position\":1,\"name\":\"Home\",\"item\":\"https:\/\/multi-mam.com\/hr\/\"},{\"@type\":\"ListItem\",\"position\":2,\"name\":\"Savjeti stru\u010dnjaka\",\"item\":\"https:\/\/multi-mam.com\/hr\/savjeti-strucnjaka\/\"},{\"@type\":\"ListItem\",\"position\":3,\"name\":\"Prednosti dojenja\"}]},{\"@type\":\"WebSite\",\"@id\":\"https:\/\/multi-mam.com\/hr\/#website\",\"url\":\"https:\/\/multi-mam.com\/hr\/\",\"name\":\"Multi-Mam\",\"description\":\"\",\"publisher\":{\"@id\":\"https:\/\/multi-mam.com\/hr\/#organization\"},\"potentialAction\":[{\"@type\":\"SearchAction\",\"target\":{\"@type\":\"EntryPoint\",\"urlTemplate\":\"https:\/\/multi-mam.com\/hr\/?s={search_term_string}\"},\"query-input\":{\"@type\":\"PropertyValueSpecification\",\"valueRequired\":true,\"valueName\":\"search_term_string\"}}],\"inLanguage\":\"hr-HR\"},{\"@type\":\"Organization\",\"@id\":\"https:\/\/multi-mam.com\/hr\/#organization\",\"name\":\"Multi-Mam\",\"url\":\"https:\/\/multi-mam.com\/hr\/\",\"logo\":{\"@type\":\"ImageObject\",\"inLanguage\":\"hr-HR\",\"@id\":\"https:\/\/multi-mam.com\/hr\/#\/schema\/logo\/image\/\",\"url\":\"https:\/\/multi-mam.com\/app\/uploads\/sites\/23\/2023\/03\/multi-mam-logotype.png\",\"contentUrl\":\"https:\/\/multi-mam.com\/app\/uploads\/sites\/23\/2023\/03\/multi-mam-logotype.png\",\"width\":70,\"height\":96,\"caption\":\"Multi-Mam\"},\"image\":{\"@id\":\"https:\/\/multi-mam.com\/hr\/#\/schema\/logo\/image\/\"}}]}<\/script>\n<!-- \/ Yoast SEO plugin. -->","yoast_head_json":{"title":"Prednosti dojenja - Multi-Mam","description":"\u201cDojenje je preporu\u010deni na\u010din hranjenja novoro\u0111en\u010deta. Ovisno o okolnostima, me\u0111utim, mnogi \u010dimbenici vas mogu navesti da uzmete u obzir hranjenje formulom.\u201d","robots":{"index":"index","follow":"follow","max-snippet":"max-snippet:-1","max-image-preview":"max-image-preview:large","max-video-preview":"max-video-preview:-1"},"canonical":"https:\/\/multi-mam.com\/hr\/savjeti-strucnjaka\/prednosti-dojenja\/","og_locale":"hr_HR","og_type":"article","og_title":"Prednosti dojenja - Multi-Mam","og_description":"\u201cDojenje je preporu\u010deni na\u010din hranjenja novoro\u0111en\u010deta. Ovisno o okolnostima, me\u0111utim, mnogi \u010dimbenici vas mogu navesti da uzmete u obzir hranjenje formulom.\u201d","og_url":"https:\/\/multi-mam.com\/hr\/savjeti-strucnjaka\/prednosti-dojenja\/","og_site_name":"Multi-Mam","article_modified_time":"2023-08-02T14:27:12+00:00","twitter_card":"summary_large_image","twitter_misc":{"Est. reading time":"3 minutes"},"schema":{"@context":"https:\/\/schema.org","@graph":[{"@type":"WebPage","@id":"https:\/\/multi-mam.com\/hr\/savjeti-strucnjaka\/prednosti-dojenja\/","url":"https:\/\/multi-mam.com\/hr\/savjeti-strucnjaka\/prednosti-dojenja\/","name":"Prednosti dojenja - Multi-Mam","isPartOf":{"@id":"https:\/\/multi-mam.com\/hr\/#website"},"datePublished":"2023-03-08T09:16:38+00:00","dateModified":"2023-08-02T14:27:12+00:00","description":"\u201cDojenje je preporu\u010deni na\u010din hranjenja novoro\u0111en\u010deta. Ovisno o okolnostima, me\u0111utim, mnogi \u010dimbenici vas mogu navesti da uzmete u obzir hranjenje formulom.\u201d","breadcrumb":{"@id":"https:\/\/multi-mam.com\/hr\/savjeti-strucnjaka\/prednosti-dojenja\/#breadcrumb"},"inLanguage":"hr-HR","potentialAction":[{"@type":"ReadAction","target":["https:\/\/multi-mam.com\/hr\/savjeti-strucnjaka\/prednosti-dojenja\/"]}]},{"@type":"BreadcrumbList","@id":"https:\/\/multi-mam.com\/hr\/savjeti-strucnjaka\/prednosti-dojenja\/#breadcrumb","itemListElement":[{"@type":"ListItem","position":1,"name":"Home","item":"https:\/\/multi-mam.com\/hr\/"},{"@type":"ListItem","position":2,"name":"Savjeti stru\u010dnjaka","item":"https:\/\/multi-mam.com\/hr\/savjeti-strucnjaka\/"},{"@type":"ListItem","position":3,"name":"Prednosti dojenja"}]},{"@type":"WebSite","@id":"https:\/\/multi-mam.com\/hr\/#website","url":"https:\/\/multi-mam.com\/hr\/","name":"Multi-Mam","description":"","publisher":{"@id":"https:\/\/multi-mam.com\/hr\/#organization"},"potentialAction":[{"@type":"SearchAction","target":{"@type":"EntryPoint","urlTemplate":"https:\/\/multi-mam.com\/hr\/?s={search_term_string}"},"query-input":{"@type":"PropertyValueSpecification","valueRequired":true,"valueName":"search_term_string"}}],"inLanguage":"hr-HR"},{"@type":"Organization","@id":"https:\/\/multi-mam.com\/hr\/#organization","name":"Multi-Mam","url":"https:\/\/multi-mam.com\/hr\/","logo":{"@type":"ImageObject","inLanguage":"hr-HR","@id":"https:\/\/multi-mam.com\/hr\/#\/schema\/logo\/image\/","url":"https:\/\/multi-mam.com\/app\/uploads\/sites\/23\/2023\/03\/multi-mam-logotype.png","contentUrl":"https:\/\/multi-mam.com\/app\/uploads\/sites\/23\/2023\/03\/multi-mam-logotype.png","width":70,"height":96,"caption":"Multi-Mam"},"image":{"@id":"https:\/\/multi-mam.com\/hr\/#\/schema\/logo\/image\/"}}]}},"_links":{"self":[{"href":"https:\/\/multi-mam.com\/hr\/wp-json\/wp\/v2\/pages\/144","targetHints":{"allow":["GET"]}}],"collection":[{"href":"https:\/\/multi-mam.com\/hr\/wp-json\/wp\/v2\/pages"}],"about":[{"href":"https:\/\/multi-mam.com\/hr\/wp-json\/wp\/v2\/types\/page"}],"author":[{"embeddable":true,"href":"https:\/\/multi-mam.com\/hr\/wp-json\/wp\/v2\/users\/2"}],"replies":[{"embeddable":true,"href":"https:\/\/multi-mam.com\/hr\/wp-json\/wp\/v2\/comments?post=144"}],"version-history":[{"count":1,"href":"https:\/\/multi-mam.com\/hr\/wp-json\/wp\/v2\/pages\/144\/revisions"}],"predecessor-version":[{"id":146,"href":"https:\/\/multi-mam.com\/hr\/wp-json\/wp\/v2\/pages\/144\/revisions\/146"}],"up":[{"embeddable":true,"href":"https:\/\/multi-mam.com\/hr\/wp-json\/wp\/v2\/pages\/117"}],"wp:attachment":[{"href":"https:\/\/multi-mam.com\/hr\/wp-json\/wp\/v2\/media?parent=144"}],"wp:term":[{"taxonomy":"from-article-database","embeddable":true,"href":"https:\/\/multi-mam.com\/hr\/wp-json\/wp\/v2\/from-article-database?post=144"}],"curies":[{"name":"wp","href":"https:\/\/api.w.org\/{rel}","templated":true}]}}