{"id":141,"date":"2023-03-08T10:09:44","date_gmt":"2023-03-08T09:09:44","guid":{"rendered":"https:\/\/multi-mam.com\/hr\/?page_id=141"},"modified":"2023-08-02T16:27:14","modified_gmt":"2023-08-02T14:27:14","slug":"odvikavanje","status":"publish","type":"page","link":"https:\/\/multi-mam.com\/hr\/savjeti-strucnjaka\/odvikavanje\/","title":{"rendered":"Odvikavanje"},"content":{"rendered":"\n<div class=\"wp-block-karopharma-free-text pt-large pb-large bg-center bg-cover bg-no-repeat  is-style-primary\" style=\"background-image:url()\"><div class=\"free-text-wrapper container max-w-medium text-left\">\n<h1 class=\"is-style-heading-huge wp-block-heading\">Odvikavanje<\/h1>\n\n\n\n<p class=\"is-style-paragraph-preamble\">Prije ili kasnije, za svaku bebu \u0107e do\u0107i vrijeme odvikavanja od dojenja. Na vama i na va\u0161oj bebi je da se odlu\u010dite kada je pravo vrijeme za to. Svjetska zdravstvena organizacija i Ameri\u010dka akademija pedijatrije preporu\u010duju dojenje barem dok va\u0161a beba ne napuni godinu dana. Mo\u017eete se odlu\u010diti na odvikavanje na temelju va\u0161ih osobnih potreba ili mo\u017eete dopustiti bebi da vam poka\u017ee kada je spremna za prijelaz. U bilo kojem slu\u010daju, ne dozvolite da pritisak okoline ili o\u010dekivanja obitelji i prijatelja utje\u010du na va\u0161u odluku.<\/p>\n<\/div><\/div>\n\n\n\n<div class=\"wp-block-karopharma-free-text pt-large pb-large bg-center bg-cover bg-no-repeat  is-style-transparent\" style=\"background-image:url()\"><div class=\"free-text-wrapper container max-w-medium text-left\">\n<p>Mo\u017eda \u0107ete imati pomije\u0161ane osje\u0107aje tijekom odvikavanja. Dojenje vam omogu\u0107ava da provedete tihe trenutke povezivanja i ma\u017eenja s va\u0161im djetetom, pa \u0107ete se vjerojatno brinuti da \u0107e se ta veza izgubiti. Prestanak dojenja samo zna\u010di da \u0107e va\u0161e dijete po\u010deti jesti istu hranu koju jedete vi, a postoje mnogi na\u010dini da zadr\u017eite emotivnu vezu jakom. Posvetite svaki mogu\u0107i dio dana va\u0161em djetetu, bilo da je to igranje, \u010ditanje knjige ili jednostavno ma\u017eenje. Ovo \u0107e oboma pomo\u0107i da pro\u0111ete kroz ovaj period bez osje\u0107aja nesigurnosti. Samo poku\u0161ajte ne popustiti pred njihovim tra\u017eenjem dojenja, ve\u0107 se pridr\u017eavajte rasporeda koji ste odlu\u010dili pratiti.<\/p>\n\n\n\n<h2 class=\"is-style-heading-h2 wp-block-heading\">Kada po\u010deti s odvikavanjem?<\/h2>\n\n\n\n<p>Postoje dvije popularne metode koje vam mogu pomo\u0107i da odredite kada je pravo vrijeme za vas i va\u0161u bebu. Kao \u0161to smo iznad ve\u0107 spomenuli, mo\u017eete ostaviti va\u0161em djetetu da odlu\u010di tako \u0161to \u0107ete promatrati kad po\u010dinje gubiti interes za dojenjem, \u0161to obi\u010dno po\u010dinje oko 4 do 6 mjeseci nakon uvo\u0111enja \u010dvrste hrane u prehranu. S druge strane, mo\u017eda \u0107ete vi osjetiti kada je pravo vrijeme za prestanak dojenja, bilo zbog povratka na posao ili zato \u0161to jednostavno imate osje\u0107aj da je pravo vrijeme. Ako je ovo slu\u010daj, znajte da vam prestanak dojenja mo\u017ee oduzeti vi\u0161e vremena, truda i strpljenja jer se proces onda odvija postepeno.<\/p>\n\n\n\n<p>Postoje razlozi koji opravdavaju odlaganje odvikavanja za mjesec ili dva. Ako je va\u0161e dijete bolesno, trebali biste pri\u010dekati dok se ne oporavi. Tako\u0111er, ako va\u0161 mali\u0161an prolazi kroz veliku \u017eivotnu promjenu, kao preseljenje ili ro\u0111enje brata ili sestre, bilo bi mudro da ne izazivate dodatni stres s odvikavanjem.<\/p>\n\n\n\n<h2 class=\"is-style-heading-h2 wp-block-heading\">Savjeti za odvikavanje<\/h2>\n\n\n\n<p>Prije svega, po\u010dnite postepeno i ne \u017eurite s procesom. Ovo \u0107e sprije\u010diti zastoj mlijeka i mastitis po\u0161to \u0107e va\u0161e grudi imati dovoljno vremena da se naviknu na manje konzumiranje, ali \u0107e pomo\u0107i i da se va\u0161e dijete sve manje i manje navikava na dojenje.<\/p>\n\n\n\n<p>Mo\u017eete po\u010deti tako \u0161to \u0107ete presko\u010diti obrok i umjesto toga ponuditi va\u0161em djetetu bo\u010dicu. Ostavite sve na tome nekoliko tjedana, pa poku\u0161ajte presko\u010diti jo\u0161 jedno hranjenje nakon \u0161to se va\u0161a beba navikla. Druga metoda je da skra\u0107ujete vrijeme dojenja va\u0161eg djeteta tako \u0161to \u0107ete mu ponuditi malo \u010dvrste hrane nakon dojenja. Zatim mu poku\u0161ajte ponuditi \u010dvrstu hranu prije dojenja, kako bi se apetit za mlijekom smanjio. Mo\u017eete poku\u0161ati i s odga\u0111anjem dojenja za 10 do 15 minuta postepeno (ovo je jako u\u010dinkovito za ve\u010dernja hranjenja, ili kada dojite samo nekoliko puta na dan).<\/p>\n\n\n\n<p>Ako imate problema s preskakanjem hranjenja prije spavanja, neka va\u0161 partner uspava dijete, dok ste vi u drugoj sobi ili s prijateljima. Va\u0161e dijete \u0107e se mo\u017eda bolje podnijeti situaciju ako niste u blizini.<\/p>\n<\/div><\/div>\n","protected":false},"excerpt":{"rendered":"","protected":false},"author":2,"featured_media":0,"parent":117,"menu_order":7,"comment_status":"closed","ping_status":"closed","template":"","meta":{"_acf_changed":false,"footnotes":""},"from-article-database":[],"class_list":["post-141","page","type-page","status-publish","hentry"],"acf":[],"yoast_head":"<!-- This site is optimized with the Yoast SEO plugin v26.6 - https:\/\/yoast.com\/wordpress\/plugins\/seo\/ -->\n<title>Odvikavanje - Multi-Mam<\/title>\n<meta name=\"description\" content=\"Prije ili kasnije, za svaku bebu \u0107e do\u0107i vrijeme odvikavanja od dojenja. Na vama i na va\u0161oj bebi je da se odlu\u010dite kada je pravo vrijeme za to.\" \/>\n<meta name=\"robots\" content=\"index, follow, max-snippet:-1, max-image-preview:large, max-video-preview:-1\" \/>\n<link rel=\"canonical\" href=\"https:\/\/multi-mam.com\/hr\/savjeti-strucnjaka\/odvikavanje\/\" \/>\n<meta property=\"og:locale\" content=\"hr_HR\" \/>\n<meta property=\"og:type\" content=\"article\" \/>\n<meta property=\"og:title\" content=\"Odvikavanje - Multi-Mam\" \/>\n<meta property=\"og:description\" content=\"Prije ili kasnije, za svaku bebu \u0107e do\u0107i vrijeme odvikavanja od dojenja. Na vama i na va\u0161oj bebi je da se odlu\u010dite kada je pravo vrijeme za to.\" \/>\n<meta property=\"og:url\" content=\"https:\/\/multi-mam.com\/hr\/savjeti-strucnjaka\/odvikavanje\/\" \/>\n<meta property=\"og:site_name\" content=\"Multi-Mam\" \/>\n<meta property=\"article:modified_time\" content=\"2023-08-02T14:27:14+00:00\" \/>\n<meta name=\"twitter:card\" content=\"summary_large_image\" \/>\n<meta name=\"twitter:label1\" content=\"Est. reading time\" \/>\n\t<meta name=\"twitter:data1\" content=\"3 minutes\" \/>\n<script type=\"application\/ld+json\" class=\"yoast-schema-graph\">{\"@context\":\"https:\/\/schema.org\",\"@graph\":[{\"@type\":\"WebPage\",\"@id\":\"https:\/\/multi-mam.com\/hr\/savjeti-strucnjaka\/odvikavanje\/\",\"url\":\"https:\/\/multi-mam.com\/hr\/savjeti-strucnjaka\/odvikavanje\/\",\"name\":\"Odvikavanje - Multi-Mam\",\"isPartOf\":{\"@id\":\"https:\/\/multi-mam.com\/hr\/#website\"},\"datePublished\":\"2023-03-08T09:09:44+00:00\",\"dateModified\":\"2023-08-02T14:27:14+00:00\",\"description\":\"Prije ili kasnije, za svaku bebu \u0107e do\u0107i vrijeme odvikavanja od dojenja. Na vama i na va\u0161oj bebi je da se odlu\u010dite kada je pravo vrijeme za to.\",\"breadcrumb\":{\"@id\":\"https:\/\/multi-mam.com\/hr\/savjeti-strucnjaka\/odvikavanje\/#breadcrumb\"},\"inLanguage\":\"hr-HR\",\"potentialAction\":[{\"@type\":\"ReadAction\",\"target\":[\"https:\/\/multi-mam.com\/hr\/savjeti-strucnjaka\/odvikavanje\/\"]}]},{\"@type\":\"BreadcrumbList\",\"@id\":\"https:\/\/multi-mam.com\/hr\/savjeti-strucnjaka\/odvikavanje\/#breadcrumb\",\"itemListElement\":[{\"@type\":\"ListItem\",\"position\":1,\"name\":\"Home\",\"item\":\"https:\/\/multi-mam.com\/hr\/\"},{\"@type\":\"ListItem\",\"position\":2,\"name\":\"Savjeti stru\u010dnjaka\",\"item\":\"https:\/\/multi-mam.com\/hr\/savjeti-strucnjaka\/\"},{\"@type\":\"ListItem\",\"position\":3,\"name\":\"Odvikavanje\"}]},{\"@type\":\"WebSite\",\"@id\":\"https:\/\/multi-mam.com\/hr\/#website\",\"url\":\"https:\/\/multi-mam.com\/hr\/\",\"name\":\"Multi-Mam\",\"description\":\"\",\"publisher\":{\"@id\":\"https:\/\/multi-mam.com\/hr\/#organization\"},\"potentialAction\":[{\"@type\":\"SearchAction\",\"target\":{\"@type\":\"EntryPoint\",\"urlTemplate\":\"https:\/\/multi-mam.com\/hr\/?s={search_term_string}\"},\"query-input\":{\"@type\":\"PropertyValueSpecification\",\"valueRequired\":true,\"valueName\":\"search_term_string\"}}],\"inLanguage\":\"hr-HR\"},{\"@type\":\"Organization\",\"@id\":\"https:\/\/multi-mam.com\/hr\/#organization\",\"name\":\"Multi-Mam\",\"url\":\"https:\/\/multi-mam.com\/hr\/\",\"logo\":{\"@type\":\"ImageObject\",\"inLanguage\":\"hr-HR\",\"@id\":\"https:\/\/multi-mam.com\/hr\/#\/schema\/logo\/image\/\",\"url\":\"https:\/\/multi-mam.com\/app\/uploads\/sites\/23\/2023\/03\/multi-mam-logotype.png\",\"contentUrl\":\"https:\/\/multi-mam.com\/app\/uploads\/sites\/23\/2023\/03\/multi-mam-logotype.png\",\"width\":70,\"height\":96,\"caption\":\"Multi-Mam\"},\"image\":{\"@id\":\"https:\/\/multi-mam.com\/hr\/#\/schema\/logo\/image\/\"}}]}<\/script>\n<!-- \/ Yoast SEO plugin. -->","yoast_head_json":{"title":"Odvikavanje - Multi-Mam","description":"Prije ili kasnije, za svaku bebu \u0107e do\u0107i vrijeme odvikavanja od dojenja. Na vama i na va\u0161oj bebi je da se odlu\u010dite kada je pravo vrijeme za to.","robots":{"index":"index","follow":"follow","max-snippet":"max-snippet:-1","max-image-preview":"max-image-preview:large","max-video-preview":"max-video-preview:-1"},"canonical":"https:\/\/multi-mam.com\/hr\/savjeti-strucnjaka\/odvikavanje\/","og_locale":"hr_HR","og_type":"article","og_title":"Odvikavanje - Multi-Mam","og_description":"Prije ili kasnije, za svaku bebu \u0107e do\u0107i vrijeme odvikavanja od dojenja. Na vama i na va\u0161oj bebi je da se odlu\u010dite kada je pravo vrijeme za to.","og_url":"https:\/\/multi-mam.com\/hr\/savjeti-strucnjaka\/odvikavanje\/","og_site_name":"Multi-Mam","article_modified_time":"2023-08-02T14:27:14+00:00","twitter_card":"summary_large_image","twitter_misc":{"Est. reading time":"3 minutes"},"schema":{"@context":"https:\/\/schema.org","@graph":[{"@type":"WebPage","@id":"https:\/\/multi-mam.com\/hr\/savjeti-strucnjaka\/odvikavanje\/","url":"https:\/\/multi-mam.com\/hr\/savjeti-strucnjaka\/odvikavanje\/","name":"Odvikavanje - Multi-Mam","isPartOf":{"@id":"https:\/\/multi-mam.com\/hr\/#website"},"datePublished":"2023-03-08T09:09:44+00:00","dateModified":"2023-08-02T14:27:14+00:00","description":"Prije ili kasnije, za svaku bebu \u0107e do\u0107i vrijeme odvikavanja od dojenja. Na vama i na va\u0161oj bebi je da se odlu\u010dite kada je pravo vrijeme za to.","breadcrumb":{"@id":"https:\/\/multi-mam.com\/hr\/savjeti-strucnjaka\/odvikavanje\/#breadcrumb"},"inLanguage":"hr-HR","potentialAction":[{"@type":"ReadAction","target":["https:\/\/multi-mam.com\/hr\/savjeti-strucnjaka\/odvikavanje\/"]}]},{"@type":"BreadcrumbList","@id":"https:\/\/multi-mam.com\/hr\/savjeti-strucnjaka\/odvikavanje\/#breadcrumb","itemListElement":[{"@type":"ListItem","position":1,"name":"Home","item":"https:\/\/multi-mam.com\/hr\/"},{"@type":"ListItem","position":2,"name":"Savjeti stru\u010dnjaka","item":"https:\/\/multi-mam.com\/hr\/savjeti-strucnjaka\/"},{"@type":"ListItem","position":3,"name":"Odvikavanje"}]},{"@type":"WebSite","@id":"https:\/\/multi-mam.com\/hr\/#website","url":"https:\/\/multi-mam.com\/hr\/","name":"Multi-Mam","description":"","publisher":{"@id":"https:\/\/multi-mam.com\/hr\/#organization"},"potentialAction":[{"@type":"SearchAction","target":{"@type":"EntryPoint","urlTemplate":"https:\/\/multi-mam.com\/hr\/?s={search_term_string}"},"query-input":{"@type":"PropertyValueSpecification","valueRequired":true,"valueName":"search_term_string"}}],"inLanguage":"hr-HR"},{"@type":"Organization","@id":"https:\/\/multi-mam.com\/hr\/#organization","name":"Multi-Mam","url":"https:\/\/multi-mam.com\/hr\/","logo":{"@type":"ImageObject","inLanguage":"hr-HR","@id":"https:\/\/multi-mam.com\/hr\/#\/schema\/logo\/image\/","url":"https:\/\/multi-mam.com\/app\/uploads\/sites\/23\/2023\/03\/multi-mam-logotype.png","contentUrl":"https:\/\/multi-mam.com\/app\/uploads\/sites\/23\/2023\/03\/multi-mam-logotype.png","width":70,"height":96,"caption":"Multi-Mam"},"image":{"@id":"https:\/\/multi-mam.com\/hr\/#\/schema\/logo\/image\/"}}]}},"_links":{"self":[{"href":"https:\/\/multi-mam.com\/hr\/wp-json\/wp\/v2\/pages\/141","targetHints":{"allow":["GET"]}}],"collection":[{"href":"https:\/\/multi-mam.com\/hr\/wp-json\/wp\/v2\/pages"}],"about":[{"href":"https:\/\/multi-mam.com\/hr\/wp-json\/wp\/v2\/types\/page"}],"author":[{"embeddable":true,"href":"https:\/\/multi-mam.com\/hr\/wp-json\/wp\/v2\/users\/2"}],"replies":[{"embeddable":true,"href":"https:\/\/multi-mam.com\/hr\/wp-json\/wp\/v2\/comments?post=141"}],"version-history":[{"count":1,"href":"https:\/\/multi-mam.com\/hr\/wp-json\/wp\/v2\/pages\/141\/revisions"}],"predecessor-version":[{"id":143,"href":"https:\/\/multi-mam.com\/hr\/wp-json\/wp\/v2\/pages\/141\/revisions\/143"}],"up":[{"embeddable":true,"href":"https:\/\/multi-mam.com\/hr\/wp-json\/wp\/v2\/pages\/117"}],"wp:attachment":[{"href":"https:\/\/multi-mam.com\/hr\/wp-json\/wp\/v2\/media?parent=141"}],"wp:term":[{"taxonomy":"from-article-database","embeddable":true,"href":"https:\/\/multi-mam.com\/hr\/wp-json\/wp\/v2\/from-article-database?post=141"}],"curies":[{"name":"wp","href":"https:\/\/api.w.org\/{rel}","templated":true}]}}