{"id":138,"date":"2023-03-08T08:56:33","date_gmt":"2023-03-08T07:56:33","guid":{"rendered":"https:\/\/multi-mam.com\/hr\/?page_id=138"},"modified":"2023-08-02T16:27:16","modified_gmt":"2023-08-02T14:27:16","slug":"uzroci-boli-tijekom-dojenja","status":"publish","type":"page","link":"https:\/\/multi-mam.com\/hr\/savjeti-strucnjaka\/uzroci-boli-tijekom-dojenja\/","title":{"rendered":"Uzroci boli tijekom dojenja"},"content":{"rendered":"\n<div class=\"wp-block-karopharma-free-text pt-large pb-large bg-center bg-cover bg-no-repeat  is-style-primary\" style=\"background-image:url()\"><div class=\"free-text-wrapper container max-w-medium text-left\">\n<h1 class=\"is-style-heading-huge wp-block-heading\">Uzroci boli tijekom dojenja<\/h1>\n\n\n\n<p class=\"is-style-paragraph-preamble\">Mnoge nove mame vjeruju da je bol tijekom prvih nekoliko dana dojenja normalna pojava. Iako pronalazak pozicije koja \u0107e omogu\u0107iti bebi da pravilno uhvati bradavicu mo\u017ee potrajati, ignoriranje boli mo\u017ee dovesti do povrije\u0111enih i bolnih bradvica. Bolne bradavice \u010dine dojenje jako neugodnim, \u0161to mo\u017ee rezultirati zastojem mlijeka i mastitisom ako po\u010dnete preskakati obroke kako biste izbjegli bol; i proizvodnja mlijeka se mo\u017ee smanjiti zbog umanjenog konzumiranja. Zato je jako bitno odrediti za\u0161to je to\u010dno dojenje bolno za vas i bol poku\u0161ati sprije\u010diti.<\/p>\n<\/div><\/div>\n\n\n\n<div class=\"wp-block-karopharma-free-text pt-large pb-large bg-center bg-cover bg-no-repeat  is-style-transparent\" style=\"background-image:url()\"><div class=\"free-text-wrapper container max-w-medium text-left\">\n<h2 class=\"is-style-heading-h2 wp-block-heading\">Bolne ispucale bradavice<\/h2>\n\n\n\n<p>Naj\u010de\u0161\u0107i krivac boli tijekom dojenja je lo\u0161 hvat. Kada beba dobro uhvati, cijela bradavica i areola je u njenim ustima, \u0161to \u010dini pokret sisanja u\u010dinkovitim, a opet nje\u017enim za bradavice. Ako pravilan hvat nije postignut, beba sisa samu bradavicu, izazivaju\u0107i bol i povredu ko\u017ee bradavice.<\/p>\n\n\n\n<p>Ostvariti pravilan hvat u prvim danima dojenja, omogu\u0107it \u0107e vam da u\u017eivate u bezbolnom dojenju i da sprije\u010dite probleme s bradavicom. Me\u0111utim, ako su va\u0161e bradavice ve\u0107 bolne, stavite hladnu kompresu kako bi bol popustila, a onda isprobajte komprese s hranljivim sastojcima koji poti\u010du oporavak.<\/p>\n\n\n\n<p>Ako je lo\u0161 hvat izvor bola, razgovarajte sa stru\u010dnom osobom koja vam mo\u017ee pomo\u0107i s eksperimentiranjem i pronala\u017eenjem odgovaraju\u0107e pozicije.<\/p>\n\n\n\n<h2 class=\"is-style-heading-h2 wp-block-heading\">Va\u0161a beba je svezanog jezika<\/h2>\n\n\n\n<p>Problemati\u010dan hvat mo\u017eda ne zna\u010di da je pozicija dojenja problem. Ako je va\u0161a beba svezanog jezika, mo\u017ee joj biti jako te\u0161ko pravilno dojiti. Medicinski izraz za stanje poznato kao svezan jezik je \u201cankiloglosija\u201d. Rezultat je previse kratkog i zategnutog frenuluma (dio tkiva koji povezuje donji dio jezika s podom usta), \u0161to uzrokuje ograni\u010denu pokretljivost jezika. Provjerite s va\u0161im lije\u010dnikom ako mislite da je ovo slu\u010daj, i ako se mo\u017ee rije\u0161iti jednostavnom procedurom: napravi se mali rez na tkivu koje dr\u017ei jezik s donje strane (frenulum). Najvjerojatnije \u0107ete primijetiti ogromnu razliku \u010dim se bebin jezik bude mogao slobodnije kretati.<\/p>\n\n\n\n<h2 class=\"is-style-heading-h2 wp-block-heading\">Gljivice na bradavicama<\/h2>\n\n\n\n<p>Ako osjetite o\u0161tru bol u bradavicama izme\u0111u dojenja i ako su vam bradavice crvene i sjaje se, mo\u017eda imate gljivi\u010dnu infekciju. Infekcija je mo\u017eda prisutna i u bebinim ustima gdje mo\u017eete vidjeti bijele to\u010dke na jeziku i\/ili na nepcu. Trebali biste posjetiti va\u0161eg lije\u010dnika kako biste utvrdili to\u010dnu dijagnozu.<\/p>\n\n\n\n<h2 class=\"is-style-heading-h2 wp-block-heading\">Mastitis<\/h2>\n\n\n\n<p>Simptomi se uglavnom javljaju samo u jednoj dojci. Va\u0161a dojka mo\u017ee biti bolna, otekla, crvena i topla na dodir. Ponekada, ovo stanje mo\u017ee biti pra\u0107eno povi\u0161enom temperaturom. Mastitis se uglavnom razvija kao komplikacija zastoja mlijeka ili za\u010depljenog mlije\u010dnog kanala, s bakterijama koje ulaze u dojku i izazivaju infekciju. Prvobitni tretman uklju\u010duje tople komprese, nje\u017ene masa\u017ee prije i nakon hranjenja, i \u0161to \u010de\u0161\u0107e dojenje. Ako se simptomi ne pobolj\u0161aju u roku od 24 sata, trebali biste potra\u017eiti pomo\u0107 lije\u010dnika.<\/p>\n\n\n\n<h2 class=\"is-style-heading-h2 wp-block-heading\">Za\u010depljen mlije\u010dni kanal<\/h2>\n\n\n\n<p>Ako prijetite bolnu oteklinu u jednoj dojci ili kvr\u017eicu ispod prstiju, mo\u017eda je rije\u010d o za\u010depljenom mlije\u010dnom kanalu, koji je nastao zbog nagomilanog mlijeka. Ovo se uglavnom doga\u0111a zbog pretjeranog pritiska na grudi, npr. va\u0161 grudnjak za dojenje nije u odgovaraju\u0107oj veli\u010dini, ili u slu\u010daju duge vo\u017enje, pojas mo\u017ee imati isti u\u010dinak. Sli\u010dno kao i kod mastitisa, tople komprese, masa\u017ea grudi i u\u010destalo dojenje bi trebalo pomo\u0107i.<\/p>\n<\/div><\/div>\n","protected":false},"excerpt":{"rendered":"","protected":false},"author":2,"featured_media":0,"parent":117,"menu_order":6,"comment_status":"closed","ping_status":"closed","template":"","meta":{"_acf_changed":false,"footnotes":""},"from-article-database":[],"class_list":["post-138","page","type-page","status-publish","hentry"],"acf":[],"yoast_head":"<!-- This site is optimized with the Yoast SEO plugin v26.6 - https:\/\/yoast.com\/wordpress\/plugins\/seo\/ -->\n<title>Uzroci boli tijekom dojenja - Multi-Mam<\/title>\n<meta name=\"description\" content=\"Mnoge nove mame vjeruju da je bol tijekom prvih nekoliko dana dojenja normalna pojava. Iako pronalazak pozicije koja \u0107e omogu\u0107iti bebi da pravilno uhvati bradavicu mo\u017ee potrajati, ignoriranje boli mo\u017ee dovesti do povrije\u0111enih i bolnih bradvica.\" \/>\n<meta name=\"robots\" content=\"index, follow, max-snippet:-1, max-image-preview:large, max-video-preview:-1\" \/>\n<link rel=\"canonical\" href=\"https:\/\/multi-mam.com\/hr\/savjeti-strucnjaka\/uzroci-boli-tijekom-dojenja\/\" \/>\n<meta property=\"og:locale\" content=\"hr_HR\" \/>\n<meta property=\"og:type\" content=\"article\" \/>\n<meta property=\"og:title\" content=\"Uzroci boli tijekom dojenja - Multi-Mam\" \/>\n<meta property=\"og:description\" content=\"Mnoge nove mame vjeruju da je bol tijekom prvih nekoliko dana dojenja normalna pojava. Iako pronalazak pozicije koja \u0107e omogu\u0107iti bebi da pravilno uhvati bradavicu mo\u017ee potrajati, ignoriranje boli mo\u017ee dovesti do povrije\u0111enih i bolnih bradvica.\" \/>\n<meta property=\"og:url\" content=\"https:\/\/multi-mam.com\/hr\/savjeti-strucnjaka\/uzroci-boli-tijekom-dojenja\/\" \/>\n<meta property=\"og:site_name\" content=\"Multi-Mam\" \/>\n<meta property=\"article:modified_time\" content=\"2023-08-02T14:27:16+00:00\" \/>\n<meta name=\"twitter:card\" content=\"summary_large_image\" \/>\n<meta name=\"twitter:label1\" content=\"Est. reading time\" \/>\n\t<meta name=\"twitter:data1\" content=\"3 minutes\" \/>\n<script type=\"application\/ld+json\" class=\"yoast-schema-graph\">{\"@context\":\"https:\/\/schema.org\",\"@graph\":[{\"@type\":\"WebPage\",\"@id\":\"https:\/\/multi-mam.com\/hr\/savjeti-strucnjaka\/uzroci-boli-tijekom-dojenja\/\",\"url\":\"https:\/\/multi-mam.com\/hr\/savjeti-strucnjaka\/uzroci-boli-tijekom-dojenja\/\",\"name\":\"Uzroci boli tijekom dojenja - Multi-Mam\",\"isPartOf\":{\"@id\":\"https:\/\/multi-mam.com\/hr\/#website\"},\"datePublished\":\"2023-03-08T07:56:33+00:00\",\"dateModified\":\"2023-08-02T14:27:16+00:00\",\"description\":\"Mnoge nove mame vjeruju da je bol tijekom prvih nekoliko dana dojenja normalna pojava. Iako pronalazak pozicije koja \u0107e omogu\u0107iti bebi da pravilno uhvati bradavicu mo\u017ee potrajati, ignoriranje boli mo\u017ee dovesti do povrije\u0111enih i bolnih bradvica.\",\"breadcrumb\":{\"@id\":\"https:\/\/multi-mam.com\/hr\/savjeti-strucnjaka\/uzroci-boli-tijekom-dojenja\/#breadcrumb\"},\"inLanguage\":\"hr-HR\",\"potentialAction\":[{\"@type\":\"ReadAction\",\"target\":[\"https:\/\/multi-mam.com\/hr\/savjeti-strucnjaka\/uzroci-boli-tijekom-dojenja\/\"]}]},{\"@type\":\"BreadcrumbList\",\"@id\":\"https:\/\/multi-mam.com\/hr\/savjeti-strucnjaka\/uzroci-boli-tijekom-dojenja\/#breadcrumb\",\"itemListElement\":[{\"@type\":\"ListItem\",\"position\":1,\"name\":\"Home\",\"item\":\"https:\/\/multi-mam.com\/hr\/\"},{\"@type\":\"ListItem\",\"position\":2,\"name\":\"Savjeti stru\u010dnjaka\",\"item\":\"https:\/\/multi-mam.com\/hr\/savjeti-strucnjaka\/\"},{\"@type\":\"ListItem\",\"position\":3,\"name\":\"Uzroci boli tijekom dojenja\"}]},{\"@type\":\"WebSite\",\"@id\":\"https:\/\/multi-mam.com\/hr\/#website\",\"url\":\"https:\/\/multi-mam.com\/hr\/\",\"name\":\"Multi-Mam\",\"description\":\"\",\"publisher\":{\"@id\":\"https:\/\/multi-mam.com\/hr\/#organization\"},\"potentialAction\":[{\"@type\":\"SearchAction\",\"target\":{\"@type\":\"EntryPoint\",\"urlTemplate\":\"https:\/\/multi-mam.com\/hr\/?s={search_term_string}\"},\"query-input\":{\"@type\":\"PropertyValueSpecification\",\"valueRequired\":true,\"valueName\":\"search_term_string\"}}],\"inLanguage\":\"hr-HR\"},{\"@type\":\"Organization\",\"@id\":\"https:\/\/multi-mam.com\/hr\/#organization\",\"name\":\"Multi-Mam\",\"url\":\"https:\/\/multi-mam.com\/hr\/\",\"logo\":{\"@type\":\"ImageObject\",\"inLanguage\":\"hr-HR\",\"@id\":\"https:\/\/multi-mam.com\/hr\/#\/schema\/logo\/image\/\",\"url\":\"https:\/\/multi-mam.com\/app\/uploads\/sites\/23\/2023\/03\/multi-mam-logotype.png\",\"contentUrl\":\"https:\/\/multi-mam.com\/app\/uploads\/sites\/23\/2023\/03\/multi-mam-logotype.png\",\"width\":70,\"height\":96,\"caption\":\"Multi-Mam\"},\"image\":{\"@id\":\"https:\/\/multi-mam.com\/hr\/#\/schema\/logo\/image\/\"}}]}<\/script>\n<!-- \/ Yoast SEO plugin. -->","yoast_head_json":{"title":"Uzroci boli tijekom dojenja - Multi-Mam","description":"Mnoge nove mame vjeruju da je bol tijekom prvih nekoliko dana dojenja normalna pojava. Iako pronalazak pozicije koja \u0107e omogu\u0107iti bebi da pravilno uhvati bradavicu mo\u017ee potrajati, ignoriranje boli mo\u017ee dovesti do povrije\u0111enih i bolnih bradvica.","robots":{"index":"index","follow":"follow","max-snippet":"max-snippet:-1","max-image-preview":"max-image-preview:large","max-video-preview":"max-video-preview:-1"},"canonical":"https:\/\/multi-mam.com\/hr\/savjeti-strucnjaka\/uzroci-boli-tijekom-dojenja\/","og_locale":"hr_HR","og_type":"article","og_title":"Uzroci boli tijekom dojenja - Multi-Mam","og_description":"Mnoge nove mame vjeruju da je bol tijekom prvih nekoliko dana dojenja normalna pojava. Iako pronalazak pozicije koja \u0107e omogu\u0107iti bebi da pravilno uhvati bradavicu mo\u017ee potrajati, ignoriranje boli mo\u017ee dovesti do povrije\u0111enih i bolnih bradvica.","og_url":"https:\/\/multi-mam.com\/hr\/savjeti-strucnjaka\/uzroci-boli-tijekom-dojenja\/","og_site_name":"Multi-Mam","article_modified_time":"2023-08-02T14:27:16+00:00","twitter_card":"summary_large_image","twitter_misc":{"Est. reading time":"3 minutes"},"schema":{"@context":"https:\/\/schema.org","@graph":[{"@type":"WebPage","@id":"https:\/\/multi-mam.com\/hr\/savjeti-strucnjaka\/uzroci-boli-tijekom-dojenja\/","url":"https:\/\/multi-mam.com\/hr\/savjeti-strucnjaka\/uzroci-boli-tijekom-dojenja\/","name":"Uzroci boli tijekom dojenja - Multi-Mam","isPartOf":{"@id":"https:\/\/multi-mam.com\/hr\/#website"},"datePublished":"2023-03-08T07:56:33+00:00","dateModified":"2023-08-02T14:27:16+00:00","description":"Mnoge nove mame vjeruju da je bol tijekom prvih nekoliko dana dojenja normalna pojava. Iako pronalazak pozicije koja \u0107e omogu\u0107iti bebi da pravilno uhvati bradavicu mo\u017ee potrajati, ignoriranje boli mo\u017ee dovesti do povrije\u0111enih i bolnih bradvica.","breadcrumb":{"@id":"https:\/\/multi-mam.com\/hr\/savjeti-strucnjaka\/uzroci-boli-tijekom-dojenja\/#breadcrumb"},"inLanguage":"hr-HR","potentialAction":[{"@type":"ReadAction","target":["https:\/\/multi-mam.com\/hr\/savjeti-strucnjaka\/uzroci-boli-tijekom-dojenja\/"]}]},{"@type":"BreadcrumbList","@id":"https:\/\/multi-mam.com\/hr\/savjeti-strucnjaka\/uzroci-boli-tijekom-dojenja\/#breadcrumb","itemListElement":[{"@type":"ListItem","position":1,"name":"Home","item":"https:\/\/multi-mam.com\/hr\/"},{"@type":"ListItem","position":2,"name":"Savjeti stru\u010dnjaka","item":"https:\/\/multi-mam.com\/hr\/savjeti-strucnjaka\/"},{"@type":"ListItem","position":3,"name":"Uzroci boli tijekom dojenja"}]},{"@type":"WebSite","@id":"https:\/\/multi-mam.com\/hr\/#website","url":"https:\/\/multi-mam.com\/hr\/","name":"Multi-Mam","description":"","publisher":{"@id":"https:\/\/multi-mam.com\/hr\/#organization"},"potentialAction":[{"@type":"SearchAction","target":{"@type":"EntryPoint","urlTemplate":"https:\/\/multi-mam.com\/hr\/?s={search_term_string}"},"query-input":{"@type":"PropertyValueSpecification","valueRequired":true,"valueName":"search_term_string"}}],"inLanguage":"hr-HR"},{"@type":"Organization","@id":"https:\/\/multi-mam.com\/hr\/#organization","name":"Multi-Mam","url":"https:\/\/multi-mam.com\/hr\/","logo":{"@type":"ImageObject","inLanguage":"hr-HR","@id":"https:\/\/multi-mam.com\/hr\/#\/schema\/logo\/image\/","url":"https:\/\/multi-mam.com\/app\/uploads\/sites\/23\/2023\/03\/multi-mam-logotype.png","contentUrl":"https:\/\/multi-mam.com\/app\/uploads\/sites\/23\/2023\/03\/multi-mam-logotype.png","width":70,"height":96,"caption":"Multi-Mam"},"image":{"@id":"https:\/\/multi-mam.com\/hr\/#\/schema\/logo\/image\/"}}]}},"_links":{"self":[{"href":"https:\/\/multi-mam.com\/hr\/wp-json\/wp\/v2\/pages\/138","targetHints":{"allow":["GET"]}}],"collection":[{"href":"https:\/\/multi-mam.com\/hr\/wp-json\/wp\/v2\/pages"}],"about":[{"href":"https:\/\/multi-mam.com\/hr\/wp-json\/wp\/v2\/types\/page"}],"author":[{"embeddable":true,"href":"https:\/\/multi-mam.com\/hr\/wp-json\/wp\/v2\/users\/2"}],"replies":[{"embeddable":true,"href":"https:\/\/multi-mam.com\/hr\/wp-json\/wp\/v2\/comments?post=138"}],"version-history":[{"count":3,"href":"https:\/\/multi-mam.com\/hr\/wp-json\/wp\/v2\/pages\/138\/revisions"}],"predecessor-version":[{"id":290,"href":"https:\/\/multi-mam.com\/hr\/wp-json\/wp\/v2\/pages\/138\/revisions\/290"}],"up":[{"embeddable":true,"href":"https:\/\/multi-mam.com\/hr\/wp-json\/wp\/v2\/pages\/117"}],"wp:attachment":[{"href":"https:\/\/multi-mam.com\/hr\/wp-json\/wp\/v2\/media?parent=138"}],"wp:term":[{"taxonomy":"from-article-database","embeddable":true,"href":"https:\/\/multi-mam.com\/hr\/wp-json\/wp\/v2\/from-article-database?post=138"}],"curies":[{"name":"wp","href":"https:\/\/api.w.org\/{rel}","templated":true}]}}