{"id":135,"date":"2023-03-08T08:50:07","date_gmt":"2023-03-08T07:50:07","guid":{"rendered":"https:\/\/multi-mam.com\/hr\/?page_id=135"},"modified":"2023-08-02T16:27:18","modified_gmt":"2023-08-02T14:27:18","slug":"alkohol-i-dojenje","status":"publish","type":"page","link":"https:\/\/multi-mam.com\/hr\/savjeti-strucnjaka\/alkohol-i-dojenje\/","title":{"rendered":"Alkohol i dojenje"},"content":{"rendered":"\n<div class=\"wp-block-karopharma-free-text pt-large pb-large bg-center bg-cover bg-no-repeat  is-style-primary\" style=\"background-image:url()\"><div class=\"free-text-wrapper container max-w-medium text-left\">\n<h1 class=\"is-style-heading-huge wp-block-heading\">Alkohol i dojenje<\/h1>\n\n\n\n<p class=\"is-style-paragraph-preamble\">Stari mitovi vezani za konzumiranje alkohola jo\u0161 uvijek postoje u modernom dru\u0161tvu. Jedan od takvih ka\u017ee da pivo mo\u017ee pove\u0107ati koli\u010dinu maj\u010dinog mlijeka, a mo\u017eda ste \u010duli i da je nekoliko pi\u0107a sasvim bezopasno i da ne\u0107e povrijediti va\u0161u bebu.<\/p>\n<\/div><\/div>\n\n\n\n<div class=\"wp-block-karopharma-free-text pt-large pb-large bg-center bg-cover bg-no-repeat  is-style-transparent\" style=\"background-image:url()\"><div class=\"free-text-wrapper container max-w-medium text-left\">\n<h2 class=\"is-style-heading-h2 wp-block-heading\">\u0160to stru\u010dnjaci ka\u017eu o konzumiranju alkohola i dojenju?<\/h2>\n\n\n\n<p>Znanstvene studije su razotkrile ove mitove i pokazale da ista koncentracija alkohola koja zavr\u0161i u krvi, zavr\u0161i i u maj\u010dinom mlijeku. Iako je ovo mali dio alkohola koji popijete, imajte na umu da je jetra va\u0161e bebe jako mala i nezrela, i da je kapacitet bebinog metabolizma mnogo ni\u017ei u odnosu na odrasle. Vjeruje se da tromjese\u010dna beba ima 50 % sporiji metabolizam od odraslih osoba..<\/p>\n\n\n\n<p>Tako\u0111er, studije su pokazale da postojanje alkohola u maj\u010dinom mlijeku mo\u017ee izazvati promjene u bebinim vremenskim okvirima spavanja i jela. Alkohol mo\u017ee izazvati pospanost pa \u0107e va\u0161a beba zaspati br\u017ee nego ina\u010de, ali \u0107e isto tako i spavati manje i buditi se ranije nego ina\u010de. Bebe mla\u0111e od tri mjeseca su mo\u017eda u najve\u0107em riziku od alkohola, i to posebno kada je rije\u010d o nepravilnom razvoju motornih sposobnosti, pa se ve\u0107ina stru\u010dnjaka sla\u017ee da se majke novoro\u0111en\u010dadi trebaju dr\u017eati podalje od konzumiranja alkohola sve dok beba ne napuni tri mjeseca.<\/p>\n\n\n\n<p>Znanstveni podaci jasno pokazuju da nema istine u mitu o pozitivnom utjecaju alkohola na laktaciju. Alkohol \u010dak ima suprotan u\u010dinak time \u0161to dehidrira va\u0161e tijelo i posljedi\u010dno smanjuje koli\u010dinu dostupne teku\u0107ine neophodne za proizvodnju mlijeka. Tako\u0111er, alkohol sni\u017eava razinu oksitocina, hormona neophodnog za laktaciju, \u0161to zajedno sa prethodnim rezultira time da beba pojede 20 % manje mlijeka ako je majka prethodno pila vino, pivo ili mije\u0161ana pi\u0107a.<\/p>\n\n\n\n<h2 class=\"is-style-heading-h2 wp-block-heading\">Kako povremeno popiti pi\u0107e tijekom dojenja?<\/h2>\n\n\n\n<p>Ako vam odricanje od povremene \u010da\u0161e vina izgleda kao obeshrabruju\u0107i zadatak, postoje stvari koje biste mogli napraviti kako biste ograni\u010dili bebino izlaganje alkoholu iz va\u0161eg mlijeka. Onog trenutka kada se upoznate s metabolizmom alkohola i savjetima vezanim za njegovo uno\u0161enje, mo\u0107i \u0107ete popiti pi\u0107e s prijateljima i kasnije biti u stanju dojiti.<\/p>\n\n\n\n<p>Razina alkohola u krvi i mlijeku je najvi\u0161a 30 do 90 minuta nakon \u0161to unesete pi\u0107e, a vrijeme potrebno da alkohol potpuno napusti va\u0161e tijelo je individualno. Preporuka data od sekcije Ameri\u010dke akademije za pedijatriju o dojenju iznosi ne vi\u0161e od 0.5 g alkohola na 1 kg tjelesne te\u017eine. Ovo zna\u010di da \u017eena te\u017eine 60 kg mo\u017ee popiti 60 ml alkoholnog pi\u0107a, 240 ml vina, ili 2 piva i da dojenje bude sigurno. Me\u0111utim, trebali bi planirati dojenje tako da je razmak izme\u0111u uno\u0161enja alkohola i dojenja barem dva sata. Tako\u0111er, stru\u010dnjaci ne preporu\u010duju vi\u0161e od dva pi\u0107a tjedno.<\/p>\n\n\n\n<p>Druga mogu\u0107nost je izdajanje i odlaganje mlijeka prije nego \u0161to popijete pi\u0107e, tako da kasnije mo\u017eete nahraniti bebu pomo\u0107u bo\u010dice. Mo\u017eete iskoristiti i formulu za mlijeko dok se ne smanji nivo alkohola u va\u0161oj krvi. Ako sigurno znate da ne\u0107ete dojiti svakako bi bila dobra ideja da izdojite mlijeko kako biste sprije\u010dili njegovo nagomilavanje u grudima. Uvijek popijte \u010da\u0161u vode uz va\u0161e alkoholno pi\u0107e da smanjite dehidriraju\u0107i u\u010dinak.<\/p>\n\n\n\n<p><strong>Referenca:<\/strong><\/p>\n\n\n\n<p class=\"is-style-paragraph-small\">Alkohol ne pove\u0107ava produkciju mlijeka (Mennella &amp; Beauchamp 1991, 1993; Mennella 1997, 1999).<br>Vi\u0161e od dva pi\u0107a mogla bi da inhibiraju laktaciju (Coiro et al 1992; Cobo 1974).<br>Promjene u ciklusima spavanja i bu\u0111enja kod novoro\u0111en\u010deta (Mennella &amp; Gerrish 1998).<br>Reducirani bruto motorni razvoj povezan s dnevnim konzumiranjem alkohola (Little et al 1989).<\/p>\n<\/div><\/div>\n","protected":false},"excerpt":{"rendered":"","protected":false},"author":2,"featured_media":0,"parent":117,"menu_order":5,"comment_status":"closed","ping_status":"closed","template":"","meta":{"_acf_changed":false,"footnotes":""},"from-article-database":[],"class_list":["post-135","page","type-page","status-publish","hentry"],"acf":[],"yoast_head":"<!-- This site is optimized with the Yoast SEO plugin v26.6 - https:\/\/yoast.com\/wordpress\/plugins\/seo\/ -->\n<title>Alkohol i dojenje - Multi-Mam<\/title>\n<meta name=\"description\" content=\"Stari mitovi vezani za konzumiranje alkohola jo\u0161 uvijek postoje u modernom dru\u0161tvu. Jedan od takvih ka\u017ee da pivo mo\u017ee pove\u0107ati koli\u010dinu maj\u010dinog mlijeka\" \/>\n<meta name=\"robots\" content=\"index, follow, max-snippet:-1, max-image-preview:large, max-video-preview:-1\" \/>\n<link rel=\"canonical\" href=\"https:\/\/multi-mam.com\/hr\/savjeti-strucnjaka\/alkohol-i-dojenje\/\" \/>\n<meta property=\"og:locale\" content=\"hr_HR\" \/>\n<meta property=\"og:type\" content=\"article\" \/>\n<meta property=\"og:title\" content=\"Alkohol i dojenje - Multi-Mam\" \/>\n<meta property=\"og:description\" content=\"Stari mitovi vezani za konzumiranje alkohola jo\u0161 uvijek postoje u modernom dru\u0161tvu. Jedan od takvih ka\u017ee da pivo mo\u017ee pove\u0107ati koli\u010dinu maj\u010dinog mlijeka\" \/>\n<meta property=\"og:url\" content=\"https:\/\/multi-mam.com\/hr\/savjeti-strucnjaka\/alkohol-i-dojenje\/\" \/>\n<meta property=\"og:site_name\" content=\"Multi-Mam\" \/>\n<meta property=\"article:modified_time\" content=\"2023-08-02T14:27:18+00:00\" \/>\n<meta name=\"twitter:card\" content=\"summary_large_image\" \/>\n<meta name=\"twitter:label1\" content=\"Est. reading time\" \/>\n\t<meta name=\"twitter:data1\" content=\"4 minutes\" \/>\n<script type=\"application\/ld+json\" class=\"yoast-schema-graph\">{\"@context\":\"https:\/\/schema.org\",\"@graph\":[{\"@type\":\"WebPage\",\"@id\":\"https:\/\/multi-mam.com\/hr\/savjeti-strucnjaka\/alkohol-i-dojenje\/\",\"url\":\"https:\/\/multi-mam.com\/hr\/savjeti-strucnjaka\/alkohol-i-dojenje\/\",\"name\":\"Alkohol i dojenje - Multi-Mam\",\"isPartOf\":{\"@id\":\"https:\/\/multi-mam.com\/hr\/#website\"},\"datePublished\":\"2023-03-08T07:50:07+00:00\",\"dateModified\":\"2023-08-02T14:27:18+00:00\",\"description\":\"Stari mitovi vezani za konzumiranje alkohola jo\u0161 uvijek postoje u modernom dru\u0161tvu. Jedan od takvih ka\u017ee da pivo mo\u017ee pove\u0107ati koli\u010dinu maj\u010dinog mlijeka\",\"breadcrumb\":{\"@id\":\"https:\/\/multi-mam.com\/hr\/savjeti-strucnjaka\/alkohol-i-dojenje\/#breadcrumb\"},\"inLanguage\":\"hr-HR\",\"potentialAction\":[{\"@type\":\"ReadAction\",\"target\":[\"https:\/\/multi-mam.com\/hr\/savjeti-strucnjaka\/alkohol-i-dojenje\/\"]}]},{\"@type\":\"BreadcrumbList\",\"@id\":\"https:\/\/multi-mam.com\/hr\/savjeti-strucnjaka\/alkohol-i-dojenje\/#breadcrumb\",\"itemListElement\":[{\"@type\":\"ListItem\",\"position\":1,\"name\":\"Home\",\"item\":\"https:\/\/multi-mam.com\/hr\/\"},{\"@type\":\"ListItem\",\"position\":2,\"name\":\"Savjeti stru\u010dnjaka\",\"item\":\"https:\/\/multi-mam.com\/hr\/savjeti-strucnjaka\/\"},{\"@type\":\"ListItem\",\"position\":3,\"name\":\"Alkohol i dojenje\"}]},{\"@type\":\"WebSite\",\"@id\":\"https:\/\/multi-mam.com\/hr\/#website\",\"url\":\"https:\/\/multi-mam.com\/hr\/\",\"name\":\"Multi-Mam\",\"description\":\"\",\"publisher\":{\"@id\":\"https:\/\/multi-mam.com\/hr\/#organization\"},\"potentialAction\":[{\"@type\":\"SearchAction\",\"target\":{\"@type\":\"EntryPoint\",\"urlTemplate\":\"https:\/\/multi-mam.com\/hr\/?s={search_term_string}\"},\"query-input\":{\"@type\":\"PropertyValueSpecification\",\"valueRequired\":true,\"valueName\":\"search_term_string\"}}],\"inLanguage\":\"hr-HR\"},{\"@type\":\"Organization\",\"@id\":\"https:\/\/multi-mam.com\/hr\/#organization\",\"name\":\"Multi-Mam\",\"url\":\"https:\/\/multi-mam.com\/hr\/\",\"logo\":{\"@type\":\"ImageObject\",\"inLanguage\":\"hr-HR\",\"@id\":\"https:\/\/multi-mam.com\/hr\/#\/schema\/logo\/image\/\",\"url\":\"https:\/\/multi-mam.com\/app\/uploads\/sites\/23\/2023\/03\/multi-mam-logotype.png\",\"contentUrl\":\"https:\/\/multi-mam.com\/app\/uploads\/sites\/23\/2023\/03\/multi-mam-logotype.png\",\"width\":70,\"height\":96,\"caption\":\"Multi-Mam\"},\"image\":{\"@id\":\"https:\/\/multi-mam.com\/hr\/#\/schema\/logo\/image\/\"}}]}<\/script>\n<!-- \/ Yoast SEO plugin. -->","yoast_head_json":{"title":"Alkohol i dojenje - Multi-Mam","description":"Stari mitovi vezani za konzumiranje alkohola jo\u0161 uvijek postoje u modernom dru\u0161tvu. Jedan od takvih ka\u017ee da pivo mo\u017ee pove\u0107ati koli\u010dinu maj\u010dinog mlijeka","robots":{"index":"index","follow":"follow","max-snippet":"max-snippet:-1","max-image-preview":"max-image-preview:large","max-video-preview":"max-video-preview:-1"},"canonical":"https:\/\/multi-mam.com\/hr\/savjeti-strucnjaka\/alkohol-i-dojenje\/","og_locale":"hr_HR","og_type":"article","og_title":"Alkohol i dojenje - Multi-Mam","og_description":"Stari mitovi vezani za konzumiranje alkohola jo\u0161 uvijek postoje u modernom dru\u0161tvu. Jedan od takvih ka\u017ee da pivo mo\u017ee pove\u0107ati koli\u010dinu maj\u010dinog mlijeka","og_url":"https:\/\/multi-mam.com\/hr\/savjeti-strucnjaka\/alkohol-i-dojenje\/","og_site_name":"Multi-Mam","article_modified_time":"2023-08-02T14:27:18+00:00","twitter_card":"summary_large_image","twitter_misc":{"Est. reading time":"4 minutes"},"schema":{"@context":"https:\/\/schema.org","@graph":[{"@type":"WebPage","@id":"https:\/\/multi-mam.com\/hr\/savjeti-strucnjaka\/alkohol-i-dojenje\/","url":"https:\/\/multi-mam.com\/hr\/savjeti-strucnjaka\/alkohol-i-dojenje\/","name":"Alkohol i dojenje - Multi-Mam","isPartOf":{"@id":"https:\/\/multi-mam.com\/hr\/#website"},"datePublished":"2023-03-08T07:50:07+00:00","dateModified":"2023-08-02T14:27:18+00:00","description":"Stari mitovi vezani za konzumiranje alkohola jo\u0161 uvijek postoje u modernom dru\u0161tvu. Jedan od takvih ka\u017ee da pivo mo\u017ee pove\u0107ati koli\u010dinu maj\u010dinog mlijeka","breadcrumb":{"@id":"https:\/\/multi-mam.com\/hr\/savjeti-strucnjaka\/alkohol-i-dojenje\/#breadcrumb"},"inLanguage":"hr-HR","potentialAction":[{"@type":"ReadAction","target":["https:\/\/multi-mam.com\/hr\/savjeti-strucnjaka\/alkohol-i-dojenje\/"]}]},{"@type":"BreadcrumbList","@id":"https:\/\/multi-mam.com\/hr\/savjeti-strucnjaka\/alkohol-i-dojenje\/#breadcrumb","itemListElement":[{"@type":"ListItem","position":1,"name":"Home","item":"https:\/\/multi-mam.com\/hr\/"},{"@type":"ListItem","position":2,"name":"Savjeti stru\u010dnjaka","item":"https:\/\/multi-mam.com\/hr\/savjeti-strucnjaka\/"},{"@type":"ListItem","position":3,"name":"Alkohol i dojenje"}]},{"@type":"WebSite","@id":"https:\/\/multi-mam.com\/hr\/#website","url":"https:\/\/multi-mam.com\/hr\/","name":"Multi-Mam","description":"","publisher":{"@id":"https:\/\/multi-mam.com\/hr\/#organization"},"potentialAction":[{"@type":"SearchAction","target":{"@type":"EntryPoint","urlTemplate":"https:\/\/multi-mam.com\/hr\/?s={search_term_string}"},"query-input":{"@type":"PropertyValueSpecification","valueRequired":true,"valueName":"search_term_string"}}],"inLanguage":"hr-HR"},{"@type":"Organization","@id":"https:\/\/multi-mam.com\/hr\/#organization","name":"Multi-Mam","url":"https:\/\/multi-mam.com\/hr\/","logo":{"@type":"ImageObject","inLanguage":"hr-HR","@id":"https:\/\/multi-mam.com\/hr\/#\/schema\/logo\/image\/","url":"https:\/\/multi-mam.com\/app\/uploads\/sites\/23\/2023\/03\/multi-mam-logotype.png","contentUrl":"https:\/\/multi-mam.com\/app\/uploads\/sites\/23\/2023\/03\/multi-mam-logotype.png","width":70,"height":96,"caption":"Multi-Mam"},"image":{"@id":"https:\/\/multi-mam.com\/hr\/#\/schema\/logo\/image\/"}}]}},"_links":{"self":[{"href":"https:\/\/multi-mam.com\/hr\/wp-json\/wp\/v2\/pages\/135","targetHints":{"allow":["GET"]}}],"collection":[{"href":"https:\/\/multi-mam.com\/hr\/wp-json\/wp\/v2\/pages"}],"about":[{"href":"https:\/\/multi-mam.com\/hr\/wp-json\/wp\/v2\/types\/page"}],"author":[{"embeddable":true,"href":"https:\/\/multi-mam.com\/hr\/wp-json\/wp\/v2\/users\/2"}],"replies":[{"embeddable":true,"href":"https:\/\/multi-mam.com\/hr\/wp-json\/wp\/v2\/comments?post=135"}],"version-history":[{"count":1,"href":"https:\/\/multi-mam.com\/hr\/wp-json\/wp\/v2\/pages\/135\/revisions"}],"predecessor-version":[{"id":137,"href":"https:\/\/multi-mam.com\/hr\/wp-json\/wp\/v2\/pages\/135\/revisions\/137"}],"up":[{"embeddable":true,"href":"https:\/\/multi-mam.com\/hr\/wp-json\/wp\/v2\/pages\/117"}],"wp:attachment":[{"href":"https:\/\/multi-mam.com\/hr\/wp-json\/wp\/v2\/media?parent=135"}],"wp:term":[{"taxonomy":"from-article-database","embeddable":true,"href":"https:\/\/multi-mam.com\/hr\/wp-json\/wp\/v2\/from-article-database?post=135"}],"curies":[{"name":"wp","href":"https:\/\/api.w.org\/{rel}","templated":true}]}}