{"id":132,"date":"2023-03-08T08:45:23","date_gmt":"2023-03-08T07:45:23","guid":{"rendered":"https:\/\/multi-mam.com\/hr\/?page_id=132"},"modified":"2023-08-02T16:27:20","modified_gmt":"2023-08-02T14:27:20","slug":"tablica-prehrane-za-bebe","status":"publish","type":"page","link":"https:\/\/multi-mam.com\/hr\/savjeti-strucnjaka\/tablica-prehrane-za-bebe\/","title":{"rendered":"Tablica prehrane za bebe"},"content":{"rendered":"\n<div class=\"wp-block-karopharma-free-text pt-large pb-large bg-center bg-cover bg-no-repeat  is-style-primary\" style=\"background-image:url()\"><div class=\"free-text-wrapper container max-w-medium text-left\">\n<h1 class=\"is-style-heading-huge wp-block-heading\">Bol u grudima tijekom dojenja<\/h1>\n\n\n\n<p class=\"is-style-paragraph-preamble\">Uvo\u0111enje \u010dvrste hrane u prehranu va\u0161e bebe je velika prekretnica u njenom razvoju. Kada razmi\u0161ljate o pravom trenutku za to, imajte na umu da vam smjernica uvijek mora biti trenutna faza razvoja va\u0161e bebe, a ne nu\u017eno uzrast. Neke bebe su spremne na par zalogaja zgnje\u010dene banane s 4 mjeseca, a neke moraju \u010dekati dok ne napune 6 mjeseci \u2013 promatrajte va\u0161u bebu i ne brzajte. Uvijek se posavjetujte s pedijatrom va\u0161eg djeteta prije nego \u0161to uvedete novu hranu i izbjegavajte hranu s potencijalno alergenskim svojstvima. Ni\u017ee \u0107ete prona\u0107i tablicu hrane prilago\u0111ene uzrastu bebe \u2013 preporuke su op\u0107enite i moraju se prilagoditi va\u0161oj bebi i va\u0161im osobnim sklonostima.<\/p>\n\n\n\n<p class=\"is-style-paragraph-preamble\">Uvijek uvodite novu hranu postepeno \u2013 pri\u010dekajte nekoliko dana pa ako va\u0161a beba nema problema s probavom, mo\u017eete poku\u0161ati sa sljede\u0107om hranom.<\/p>\n<\/div><\/div>\n\n\n\n<div class=\"wp-block-karopharma-free-text pt-large pb-large bg-center bg-cover bg-no-repeat  is-style-transparent\" style=\"background-image:url()\"><div class=\"free-text-wrapper container max-w-medium text-left\">\n<h2 class=\"is-style-heading-h2 wp-block-heading\">Od 4 do 6 mjeseci starosti<\/h2>\n\n\n\n<p>Iako mnogi pedijatri preporu\u010duju da se \u010dvrsta hrana uvodi tek nakon navr\u0161enih 6 mjeseci, mnogi drugi sugeriraju da je sigurno odre\u0111enu hranu ponuditi i bebama s navr\u0161ena 4 mjeseca. Ponovno, vjerujte u va\u0161u procjenu kada odlu\u010dujete.<\/p>\n\n\n\n<p>Prva \u010dvrsta hrana koju ponudite va\u0161em djetetu mora biti jako mekana i blaga za njegovu probavu, kao na primjer:<\/p>\n\n\n\n<ul class=\"is-style-default wp-block-list\"><li>Ri\u017ea ili zobena ka\u0161a (ove \u017eitarice imaju najmanji alergenski potencijal i siguran su po\u010detak s \u010dvrstom hranom)<\/li><li>Kuhano i pasirano povr\u0107e, kao slatki krumpir ili bundeva<\/li><li>Zgnje\u010deno vo\u0107e, kao \u0161to su banane, jabuke ili kru\u0161ke<\/li><\/ul>\n\n\n\n<p>Imajte na umu da va\u0161a beba ima jako mali \u017eeludac i da se mo\u017ee zasititi ve\u0107 nakon nekoliko zalogaja. Budite strpljivi kada uvodite \u010dvrstu hranu, jer mo\u017ee pro\u0107i dosta vremena prije nego va\u0161a beba proguta ponu\u0111eni zalogaj. Sva ponu\u0111ena hrana je dodatak maj\u010dinom mlijeku ili formuli za mlijeko koji su glavni izvori hranljivih tvari.<\/p>\n\n\n\n<h2 class=\"is-style-heading-h2 wp-block-heading\">Od 6 do 8 mjeseci starosti<\/h2>\n\n\n\n<p>U ovoj dobi, maj\u010dino mlijeko ili formula za mlijeko su i dalje osnova prehrane, me\u0111utim, vi mo\u017eete polako pove\u0107avati koli\u010dinu hrane koju nudite va\u0161oj bebi. Hrana koju mo\u017eete pripremiti za va\u0161eg mali\u0161ana uklju\u010duje:<\/p>\n\n\n\n<ul class=\"is-style-default wp-block-list\"><li>\u017ditarice<\/li><li>Zgnje\u010deno vo\u0107e (banane, jabuke, kru\u0161ke, avokado, breskve)<\/li><li>Kuhano i pasirano povr\u0107e (bundeva, slatki krumpir, mrkva)<\/li><li>Kuhane i pasirane mahunarke (grah, slanutak, le\u0107a)<\/li><li>Komadi\u0107i kuhanog i pasiranog mesa veli\u010dine gra\u0161ka (piletina, puretina)<\/li><li>Nezasla\u0111eni jogurt u malim koli\u010dinama (va\u0161a beba ne bi smjela konzumirati kravlje mlijeko dok ne napuni 12 mjeseci)<\/li><\/ul>\n\n\n\n<h2 class=\"is-style-heading-h2 wp-block-heading\">Od 8 do 10 mjeseci starosti<\/h2>\n\n\n\n<p>Kao dodatak maj\u010dinom mlijeku ili formuli, va\u0161em djetetu mo\u017eete ponuditi:<\/p>\n\n\n\n<ul class=\"is-style-default wp-block-list\"><li>\u017ditarice<\/li><li>Mekani pasterizirani sir<\/li><li>Zgnje\u010deno vo\u0107e i povr\u0107e<\/li><li>Male komade mesa<\/li><li>Dobro kuhane mahunarke<\/li><li>Hranu koja se mo\u017ee jesti prstima kao \u0161to je dobro kuhana tjestenina, komadi\u0107i kruha, kajgana, itd.<\/li><\/ul>\n\n\n\n<h2 class=\"is-style-heading-h2 wp-block-heading\">Od 10 do 12 mjeseci starosti<\/h2>\n\n\n\n<p>U ovoj dobi, va\u0161e dijete mo\u017ee jesti skoro sve \u0161to mu spremite \u2013 samo imajte na umu da komadi\u0107i hrane moraju biti mali kako ne bi do\u0161lo do gu\u0161enja. Med nije preporu\u010dljiv u prvoj godini \u017eivota i budite umjereni sa soljenjem i za\u010dinjavanjem.<\/p>\n\n\n\n<ul class=\"is-style-default wp-block-list\"><li>\u017ditarice<\/li><li>Jogurt, mekani pasterizirani sir<\/li><li>Vo\u0107e rezano na trake ili kockice<\/li><li>Meko kuhano povr\u0107e rezano na veli\u010dine zalogaja<\/li><li>Komadi\u0107i mesa i riba bez kostiju<\/li><li>Hrana koja se mo\u017ee jesti prstima kao dobro kuhana tjestenina, komadi\u0107i kruha, kajgana, itd. Neki pedijatri preporu\u010duju da se ne daje cijelo jaje dok dijete ne napuni jednu godinu.<\/li><\/ul>\n<\/div><\/div>\n","protected":false},"excerpt":{"rendered":"","protected":false},"author":2,"featured_media":0,"parent":117,"menu_order":4,"comment_status":"closed","ping_status":"closed","template":"","meta":{"_acf_changed":false,"footnotes":""},"from-article-database":[],"class_list":["post-132","page","type-page","status-publish","hentry"],"acf":[],"yoast_head":"<!-- This site is optimized with the Yoast SEO plugin v26.6 - https:\/\/yoast.com\/wordpress\/plugins\/seo\/ -->\n<title>Tablica prehrane za bebe - Multi-Mam<\/title>\n<meta name=\"description\" content=\"Tablicu hrane prilago\u0111ene uzrastu bebe \u2013 preporuke su op\u0107enite i moraju se prilagoditi va\u0161oj bebi i va\u0161im osobnim sklonostima.\" \/>\n<meta name=\"robots\" content=\"index, follow, max-snippet:-1, max-image-preview:large, max-video-preview:-1\" \/>\n<link rel=\"canonical\" href=\"https:\/\/multi-mam.com\/hr\/savjeti-strucnjaka\/tablica-prehrane-za-bebe\/\" \/>\n<meta property=\"og:locale\" content=\"hr_HR\" \/>\n<meta property=\"og:type\" content=\"article\" \/>\n<meta property=\"og:title\" content=\"Tablica prehrane za bebe - Multi-Mam\" \/>\n<meta property=\"og:description\" content=\"Tablicu hrane prilago\u0111ene uzrastu bebe \u2013 preporuke su op\u0107enite i moraju se prilagoditi va\u0161oj bebi i va\u0161im osobnim sklonostima.\" \/>\n<meta property=\"og:url\" content=\"https:\/\/multi-mam.com\/hr\/savjeti-strucnjaka\/tablica-prehrane-za-bebe\/\" \/>\n<meta property=\"og:site_name\" content=\"Multi-Mam\" \/>\n<meta property=\"article:modified_time\" content=\"2023-08-02T14:27:20+00:00\" \/>\n<meta name=\"twitter:card\" content=\"summary_large_image\" \/>\n<meta name=\"twitter:label1\" content=\"Est. reading time\" \/>\n\t<meta name=\"twitter:data1\" content=\"3 minutes\" \/>\n<script type=\"application\/ld+json\" class=\"yoast-schema-graph\">{\"@context\":\"https:\/\/schema.org\",\"@graph\":[{\"@type\":\"WebPage\",\"@id\":\"https:\/\/multi-mam.com\/hr\/savjeti-strucnjaka\/tablica-prehrane-za-bebe\/\",\"url\":\"https:\/\/multi-mam.com\/hr\/savjeti-strucnjaka\/tablica-prehrane-za-bebe\/\",\"name\":\"Tablica prehrane za bebe - Multi-Mam\",\"isPartOf\":{\"@id\":\"https:\/\/multi-mam.com\/hr\/#website\"},\"datePublished\":\"2023-03-08T07:45:23+00:00\",\"dateModified\":\"2023-08-02T14:27:20+00:00\",\"description\":\"Tablicu hrane prilago\u0111ene uzrastu bebe \u2013 preporuke su op\u0107enite i moraju se prilagoditi va\u0161oj bebi i va\u0161im osobnim sklonostima.\",\"breadcrumb\":{\"@id\":\"https:\/\/multi-mam.com\/hr\/savjeti-strucnjaka\/tablica-prehrane-za-bebe\/#breadcrumb\"},\"inLanguage\":\"hr-HR\",\"potentialAction\":[{\"@type\":\"ReadAction\",\"target\":[\"https:\/\/multi-mam.com\/hr\/savjeti-strucnjaka\/tablica-prehrane-za-bebe\/\"]}]},{\"@type\":\"BreadcrumbList\",\"@id\":\"https:\/\/multi-mam.com\/hr\/savjeti-strucnjaka\/tablica-prehrane-za-bebe\/#breadcrumb\",\"itemListElement\":[{\"@type\":\"ListItem\",\"position\":1,\"name\":\"Home\",\"item\":\"https:\/\/multi-mam.com\/hr\/\"},{\"@type\":\"ListItem\",\"position\":2,\"name\":\"Savjeti stru\u010dnjaka\",\"item\":\"https:\/\/multi-mam.com\/hr\/savjeti-strucnjaka\/\"},{\"@type\":\"ListItem\",\"position\":3,\"name\":\"Tablica prehrane za bebe\"}]},{\"@type\":\"WebSite\",\"@id\":\"https:\/\/multi-mam.com\/hr\/#website\",\"url\":\"https:\/\/multi-mam.com\/hr\/\",\"name\":\"Multi-Mam\",\"description\":\"\",\"publisher\":{\"@id\":\"https:\/\/multi-mam.com\/hr\/#organization\"},\"potentialAction\":[{\"@type\":\"SearchAction\",\"target\":{\"@type\":\"EntryPoint\",\"urlTemplate\":\"https:\/\/multi-mam.com\/hr\/?s={search_term_string}\"},\"query-input\":{\"@type\":\"PropertyValueSpecification\",\"valueRequired\":true,\"valueName\":\"search_term_string\"}}],\"inLanguage\":\"hr-HR\"},{\"@type\":\"Organization\",\"@id\":\"https:\/\/multi-mam.com\/hr\/#organization\",\"name\":\"Multi-Mam\",\"url\":\"https:\/\/multi-mam.com\/hr\/\",\"logo\":{\"@type\":\"ImageObject\",\"inLanguage\":\"hr-HR\",\"@id\":\"https:\/\/multi-mam.com\/hr\/#\/schema\/logo\/image\/\",\"url\":\"https:\/\/multi-mam.com\/app\/uploads\/sites\/23\/2023\/03\/multi-mam-logotype.png\",\"contentUrl\":\"https:\/\/multi-mam.com\/app\/uploads\/sites\/23\/2023\/03\/multi-mam-logotype.png\",\"width\":70,\"height\":96,\"caption\":\"Multi-Mam\"},\"image\":{\"@id\":\"https:\/\/multi-mam.com\/hr\/#\/schema\/logo\/image\/\"}}]}<\/script>\n<!-- \/ Yoast SEO plugin. -->","yoast_head_json":{"title":"Tablica prehrane za bebe - Multi-Mam","description":"Tablicu hrane prilago\u0111ene uzrastu bebe \u2013 preporuke su op\u0107enite i moraju se prilagoditi va\u0161oj bebi i va\u0161im osobnim sklonostima.","robots":{"index":"index","follow":"follow","max-snippet":"max-snippet:-1","max-image-preview":"max-image-preview:large","max-video-preview":"max-video-preview:-1"},"canonical":"https:\/\/multi-mam.com\/hr\/savjeti-strucnjaka\/tablica-prehrane-za-bebe\/","og_locale":"hr_HR","og_type":"article","og_title":"Tablica prehrane za bebe - Multi-Mam","og_description":"Tablicu hrane prilago\u0111ene uzrastu bebe \u2013 preporuke su op\u0107enite i moraju se prilagoditi va\u0161oj bebi i va\u0161im osobnim sklonostima.","og_url":"https:\/\/multi-mam.com\/hr\/savjeti-strucnjaka\/tablica-prehrane-za-bebe\/","og_site_name":"Multi-Mam","article_modified_time":"2023-08-02T14:27:20+00:00","twitter_card":"summary_large_image","twitter_misc":{"Est. reading time":"3 minutes"},"schema":{"@context":"https:\/\/schema.org","@graph":[{"@type":"WebPage","@id":"https:\/\/multi-mam.com\/hr\/savjeti-strucnjaka\/tablica-prehrane-za-bebe\/","url":"https:\/\/multi-mam.com\/hr\/savjeti-strucnjaka\/tablica-prehrane-za-bebe\/","name":"Tablica prehrane za bebe - Multi-Mam","isPartOf":{"@id":"https:\/\/multi-mam.com\/hr\/#website"},"datePublished":"2023-03-08T07:45:23+00:00","dateModified":"2023-08-02T14:27:20+00:00","description":"Tablicu hrane prilago\u0111ene uzrastu bebe \u2013 preporuke su op\u0107enite i moraju se prilagoditi va\u0161oj bebi i va\u0161im osobnim sklonostima.","breadcrumb":{"@id":"https:\/\/multi-mam.com\/hr\/savjeti-strucnjaka\/tablica-prehrane-za-bebe\/#breadcrumb"},"inLanguage":"hr-HR","potentialAction":[{"@type":"ReadAction","target":["https:\/\/multi-mam.com\/hr\/savjeti-strucnjaka\/tablica-prehrane-za-bebe\/"]}]},{"@type":"BreadcrumbList","@id":"https:\/\/multi-mam.com\/hr\/savjeti-strucnjaka\/tablica-prehrane-za-bebe\/#breadcrumb","itemListElement":[{"@type":"ListItem","position":1,"name":"Home","item":"https:\/\/multi-mam.com\/hr\/"},{"@type":"ListItem","position":2,"name":"Savjeti stru\u010dnjaka","item":"https:\/\/multi-mam.com\/hr\/savjeti-strucnjaka\/"},{"@type":"ListItem","position":3,"name":"Tablica prehrane za bebe"}]},{"@type":"WebSite","@id":"https:\/\/multi-mam.com\/hr\/#website","url":"https:\/\/multi-mam.com\/hr\/","name":"Multi-Mam","description":"","publisher":{"@id":"https:\/\/multi-mam.com\/hr\/#organization"},"potentialAction":[{"@type":"SearchAction","target":{"@type":"EntryPoint","urlTemplate":"https:\/\/multi-mam.com\/hr\/?s={search_term_string}"},"query-input":{"@type":"PropertyValueSpecification","valueRequired":true,"valueName":"search_term_string"}}],"inLanguage":"hr-HR"},{"@type":"Organization","@id":"https:\/\/multi-mam.com\/hr\/#organization","name":"Multi-Mam","url":"https:\/\/multi-mam.com\/hr\/","logo":{"@type":"ImageObject","inLanguage":"hr-HR","@id":"https:\/\/multi-mam.com\/hr\/#\/schema\/logo\/image\/","url":"https:\/\/multi-mam.com\/app\/uploads\/sites\/23\/2023\/03\/multi-mam-logotype.png","contentUrl":"https:\/\/multi-mam.com\/app\/uploads\/sites\/23\/2023\/03\/multi-mam-logotype.png","width":70,"height":96,"caption":"Multi-Mam"},"image":{"@id":"https:\/\/multi-mam.com\/hr\/#\/schema\/logo\/image\/"}}]}},"_links":{"self":[{"href":"https:\/\/multi-mam.com\/hr\/wp-json\/wp\/v2\/pages\/132","targetHints":{"allow":["GET"]}}],"collection":[{"href":"https:\/\/multi-mam.com\/hr\/wp-json\/wp\/v2\/pages"}],"about":[{"href":"https:\/\/multi-mam.com\/hr\/wp-json\/wp\/v2\/types\/page"}],"author":[{"embeddable":true,"href":"https:\/\/multi-mam.com\/hr\/wp-json\/wp\/v2\/users\/2"}],"replies":[{"embeddable":true,"href":"https:\/\/multi-mam.com\/hr\/wp-json\/wp\/v2\/comments?post=132"}],"version-history":[{"count":1,"href":"https:\/\/multi-mam.com\/hr\/wp-json\/wp\/v2\/pages\/132\/revisions"}],"predecessor-version":[{"id":134,"href":"https:\/\/multi-mam.com\/hr\/wp-json\/wp\/v2\/pages\/132\/revisions\/134"}],"up":[{"embeddable":true,"href":"https:\/\/multi-mam.com\/hr\/wp-json\/wp\/v2\/pages\/117"}],"wp:attachment":[{"href":"https:\/\/multi-mam.com\/hr\/wp-json\/wp\/v2\/media?parent=132"}],"wp:term":[{"taxonomy":"from-article-database","embeddable":true,"href":"https:\/\/multi-mam.com\/hr\/wp-json\/wp\/v2\/from-article-database?post=132"}],"curies":[{"name":"wp","href":"https:\/\/api.w.org\/{rel}","templated":true}]}}