{"id":126,"date":"2023-03-08T08:38:33","date_gmt":"2023-03-08T07:38:33","guid":{"rendered":"https:\/\/multi-mam.com\/hr\/?page_id=126"},"modified":"2023-08-02T16:27:24","modified_gmt":"2023-08-02T14:27:24","slug":"bol-u-grudima-tijekom-dojenja","status":"publish","type":"page","link":"https:\/\/multi-mam.com\/hr\/savjeti-strucnjaka\/bol-u-grudima-tijekom-dojenja\/","title":{"rendered":"Bol u grudima tijekom dojenja"},"content":{"rendered":"\n<div class=\"wp-block-karopharma-free-text pt-large pb-large bg-center bg-cover bg-no-repeat  is-style-primary\" style=\"background-image:url()\"><div class=\"free-text-wrapper container max-w-medium text-left\">\n<h1 class=\"is-style-heading-huge wp-block-heading\">Bol u grudima tijekom dojenja<\/h1>\n\n\n\n<p class=\"is-style-paragraph-preamble\">Mnoge majke prestaju s dojenjem ranije nego \u0161to se preporu\u010da zbog svakodnevnih tegoba, kao \u0161to je bol u grudima. Razumijemo da se zbog boli u grudima bojite sljede\u0107eg dojenja, pa smo sastavili vodi\u0107 kroz naj\u010de\u0161\u0107e razloge za bolove.<\/p>\n<\/div><\/div>\n\n\n\n<div class=\"wp-block-karopharma-free-text pt-large pb-large bg-center bg-cover bg-no-repeat  is-style-transparent\" style=\"background-image:url()\"><div class=\"free-text-wrapper container max-w-medium text-left\">\n<h2 class=\"is-style-heading-h2 wp-block-heading\">Refleks izbacivanja mlijeka<\/h2>\n\n\n\n<p>Ovo je normalan osje\u0107aj i predstavlja povremenu bol u grudima uzrokovanu mi\u0161i\u0107ima koji istiskuju mlijeko tijekom dojenja. Osje\u0107a se kao blago i lagano peckanje, a kod nekih \u017eena kao jak pritisak. Najvjerojatnije \u0107ete se naviknuti nakon nekog vremena i ovaj osje\u0107aj vam vi\u0161e ne\u0107e smetati.<\/p>\n\n\n\n<h2 class=\"is-style-heading-h2 wp-block-heading\">Bolne bradavice<\/h2>\n\n\n\n<p>Ako se va\u0161a beba nije pravilno uhvatila mo\u017ee do\u0107i do povrede dojke, jer se beba mu\u010di i grize bradavicu umjesto da sisa. To mo\u017ee stvoriti male pukotine i abrazije na osjetljivoj ko\u017ei bradavice. Ovo mo\u017ee biti jako bolno, pa je na\u0161 savjet da prvo prona\u0111ete dobru poziciju u kojoj se va\u0161a beba mo\u017ee pravilno uhvatiti. Znat \u0107ete da se va\u0161a beba pravilno uhvatila ako je cijela bradavica, kao i dio dojke, u njenim ustima. Tako\u0111er, bradavica se treba nalaziti blizu zadnjeg dijela bebinih usta kako bi mlijeko i\u0161lo direktno u grlo. Malo nagnite glavu va\u0161e bebe unazad i prislonite njezinu bradu uz dojku. Nos bebe ti trebao biti udaljen od dojke kako beba ne bi imala pote\u0161ko\u0107e pri disanju. Postavite va\u0161u ruku ispod bebinih ramena kako bi glava bila nagnuta unazad, i pribli\u017eite je tako da se va\u0161 i bebin trbuh dodiruju. S ovim smjernicama na umu, eksperimentirate s razli\u010ditim pozicijama i prona\u0111ite onu koja vam najbolje odgovara \u2013 mo\u017eete poku\u0161ati sjediti u fotelji, le\u017eati s bebom pored vas ili sjediti s va\u0161om bebom na jastuku ispred vas. Ako je ko\u017ea bradavica ve\u0107 ispucala, stavite kompresu koja \u0107e ubrzati oporavak. Tako\u0111er, izme\u0111u hranjenja, mo\u017eete za\u0161tititi va\u0161e bradavice balzamom, samo vodite ra\u010duna da je siguran za va\u0161u bebu, kako ga ne biste morali ispirati prije dojenja.<\/p>\n\n\n\n<h2 class=\"is-style-heading-h2 wp-block-heading\">Gljivi\u010dna infekcija<\/h2>\n\n\n\n<p>Gljivi\u010dna infekcija koja se mo\u017ee razviti na va\u0161im bradavicama i u bebinim ustima, ponekada mo\u017ee u\u0107i u mlije\u010dne kanale i uzrokovati bol. Ovo stanje zahtjeva lije\u010denje koje \u0107e vam prepisati va\u0161 lije\u010dnik.<\/p>\n\n\n\n<h2 class=\"is-style-heading-h2 wp-block-heading\">Zastoj mlijeka<\/h2>\n\n\n\n<p>Zastoj mlijeka se \u010desto doga\u0111a u prvih par dana nakon poroda, ili ako ne dojite bebu dovoljno \u010desto (tj. ako putujete, zaboravili ste se izdojiti ili ste presko\u010dili dojenje).Ovo dovodi do grudi koje su pune mlijekom, tople i bolne na dodir. Ako je va\u0161a beba novoro\u0111en\u010de ne brinite se, \u010dim va\u0161 mali\u0161an uspostavi rutinu u dojenju simptomi \u0107e nestati. Ako putujete ili imate zauzet raspored, najbolje bi bilo da izdojite mlijeko pumpom kako biste sprije\u010dili zastoj mlijeka.<\/p>\n\n\n\n<h2 class=\"is-style-heading-h2 wp-block-heading\">Mastitis<\/h2>\n\n\n\n<p>Ako primje\u0107ujete crvenilo, otok i toplinu u jednom dijelu dojke, \u0161to ponekad mo\u017ee biti popra\u0107eno visokom temperaturom i bolovima, vjerojano imate mastitis \u2013 upalu dojke prouzrokovanu infekcijom. Glavni uzrok mastitisa je lo\u0161a tehnika dojenja kojom mlijeko ostaje zarobljeno u dojci. Drugi razlozi mogu biti: blokiran mlije\u010dni kanal koji uzrokuje povla\u010denje mlijeka i izaziva infekciju; bakterije koje u\u0111u u dojku kroz pukotine na ko\u017ei bradavice ili kroz otvor za mlijeko. Bebu mo\u017eete dojiti bez obzira na infekciju, ali biste trebali posjetiti lije\u010dnika kako biste primili odgovaraju\u0107u terapiju.<\/p>\n<\/div><\/div>\n","protected":false},"excerpt":{"rendered":"","protected":false},"author":2,"featured_media":0,"parent":117,"menu_order":2,"comment_status":"closed","ping_status":"closed","template":"","meta":{"_acf_changed":false,"footnotes":""},"from-article-database":[],"class_list":["post-126","page","type-page","status-publish","hentry"],"acf":[],"yoast_head":"<!-- This site is optimized with the Yoast SEO plugin v26.6 - https:\/\/yoast.com\/wordpress\/plugins\/seo\/ -->\n<title>Bol u grudima tijekom dojenja - Multi-Mam<\/title>\n<meta name=\"description\" content=\"Mnoge majke prestaju s dojenjem ranije nego \u0161to se preporu\u010da zbog svakodnevnih tegoba, kao \u0161to je bol u grudima.\" \/>\n<meta name=\"robots\" content=\"index, follow, max-snippet:-1, max-image-preview:large, max-video-preview:-1\" \/>\n<link rel=\"canonical\" href=\"https:\/\/multi-mam.com\/hr\/savjeti-strucnjaka\/bol-u-grudima-tijekom-dojenja\/\" \/>\n<meta property=\"og:locale\" content=\"hr_HR\" \/>\n<meta property=\"og:type\" content=\"article\" \/>\n<meta property=\"og:title\" content=\"Bol u grudima tijekom dojenja - Multi-Mam\" \/>\n<meta property=\"og:description\" content=\"Mnoge majke prestaju s dojenjem ranije nego \u0161to se preporu\u010da zbog svakodnevnih tegoba, kao \u0161to je bol u grudima.\" \/>\n<meta property=\"og:url\" content=\"https:\/\/multi-mam.com\/hr\/savjeti-strucnjaka\/bol-u-grudima-tijekom-dojenja\/\" \/>\n<meta property=\"og:site_name\" content=\"Multi-Mam\" \/>\n<meta property=\"article:modified_time\" content=\"2023-08-02T14:27:24+00:00\" \/>\n<meta name=\"twitter:card\" content=\"summary_large_image\" \/>\n<meta name=\"twitter:label1\" content=\"Est. reading time\" \/>\n\t<meta name=\"twitter:data1\" content=\"3 minutes\" \/>\n<script type=\"application\/ld+json\" class=\"yoast-schema-graph\">{\"@context\":\"https:\/\/schema.org\",\"@graph\":[{\"@type\":\"WebPage\",\"@id\":\"https:\/\/multi-mam.com\/hr\/savjeti-strucnjaka\/bol-u-grudima-tijekom-dojenja\/\",\"url\":\"https:\/\/multi-mam.com\/hr\/savjeti-strucnjaka\/bol-u-grudima-tijekom-dojenja\/\",\"name\":\"Bol u grudima tijekom dojenja - Multi-Mam\",\"isPartOf\":{\"@id\":\"https:\/\/multi-mam.com\/hr\/#website\"},\"datePublished\":\"2023-03-08T07:38:33+00:00\",\"dateModified\":\"2023-08-02T14:27:24+00:00\",\"description\":\"Mnoge majke prestaju s dojenjem ranije nego \u0161to se preporu\u010da zbog svakodnevnih tegoba, kao \u0161to je bol u grudima.\",\"breadcrumb\":{\"@id\":\"https:\/\/multi-mam.com\/hr\/savjeti-strucnjaka\/bol-u-grudima-tijekom-dojenja\/#breadcrumb\"},\"inLanguage\":\"hr-HR\",\"potentialAction\":[{\"@type\":\"ReadAction\",\"target\":[\"https:\/\/multi-mam.com\/hr\/savjeti-strucnjaka\/bol-u-grudima-tijekom-dojenja\/\"]}]},{\"@type\":\"BreadcrumbList\",\"@id\":\"https:\/\/multi-mam.com\/hr\/savjeti-strucnjaka\/bol-u-grudima-tijekom-dojenja\/#breadcrumb\",\"itemListElement\":[{\"@type\":\"ListItem\",\"position\":1,\"name\":\"Home\",\"item\":\"https:\/\/multi-mam.com\/hr\/\"},{\"@type\":\"ListItem\",\"position\":2,\"name\":\"Savjeti stru\u010dnjaka\",\"item\":\"https:\/\/multi-mam.com\/hr\/savjeti-strucnjaka\/\"},{\"@type\":\"ListItem\",\"position\":3,\"name\":\"Bol u grudima tijekom dojenja\"}]},{\"@type\":\"WebSite\",\"@id\":\"https:\/\/multi-mam.com\/hr\/#website\",\"url\":\"https:\/\/multi-mam.com\/hr\/\",\"name\":\"Multi-Mam\",\"description\":\"\",\"publisher\":{\"@id\":\"https:\/\/multi-mam.com\/hr\/#organization\"},\"potentialAction\":[{\"@type\":\"SearchAction\",\"target\":{\"@type\":\"EntryPoint\",\"urlTemplate\":\"https:\/\/multi-mam.com\/hr\/?s={search_term_string}\"},\"query-input\":{\"@type\":\"PropertyValueSpecification\",\"valueRequired\":true,\"valueName\":\"search_term_string\"}}],\"inLanguage\":\"hr-HR\"},{\"@type\":\"Organization\",\"@id\":\"https:\/\/multi-mam.com\/hr\/#organization\",\"name\":\"Multi-Mam\",\"url\":\"https:\/\/multi-mam.com\/hr\/\",\"logo\":{\"@type\":\"ImageObject\",\"inLanguage\":\"hr-HR\",\"@id\":\"https:\/\/multi-mam.com\/hr\/#\/schema\/logo\/image\/\",\"url\":\"https:\/\/multi-mam.com\/app\/uploads\/sites\/23\/2023\/03\/multi-mam-logotype.png\",\"contentUrl\":\"https:\/\/multi-mam.com\/app\/uploads\/sites\/23\/2023\/03\/multi-mam-logotype.png\",\"width\":70,\"height\":96,\"caption\":\"Multi-Mam\"},\"image\":{\"@id\":\"https:\/\/multi-mam.com\/hr\/#\/schema\/logo\/image\/\"}}]}<\/script>\n<!-- \/ Yoast SEO plugin. -->","yoast_head_json":{"title":"Bol u grudima tijekom dojenja - Multi-Mam","description":"Mnoge majke prestaju s dojenjem ranije nego \u0161to se preporu\u010da zbog svakodnevnih tegoba, kao \u0161to je bol u grudima.","robots":{"index":"index","follow":"follow","max-snippet":"max-snippet:-1","max-image-preview":"max-image-preview:large","max-video-preview":"max-video-preview:-1"},"canonical":"https:\/\/multi-mam.com\/hr\/savjeti-strucnjaka\/bol-u-grudima-tijekom-dojenja\/","og_locale":"hr_HR","og_type":"article","og_title":"Bol u grudima tijekom dojenja - Multi-Mam","og_description":"Mnoge majke prestaju s dojenjem ranije nego \u0161to se preporu\u010da zbog svakodnevnih tegoba, kao \u0161to je bol u grudima.","og_url":"https:\/\/multi-mam.com\/hr\/savjeti-strucnjaka\/bol-u-grudima-tijekom-dojenja\/","og_site_name":"Multi-Mam","article_modified_time":"2023-08-02T14:27:24+00:00","twitter_card":"summary_large_image","twitter_misc":{"Est. reading time":"3 minutes"},"schema":{"@context":"https:\/\/schema.org","@graph":[{"@type":"WebPage","@id":"https:\/\/multi-mam.com\/hr\/savjeti-strucnjaka\/bol-u-grudima-tijekom-dojenja\/","url":"https:\/\/multi-mam.com\/hr\/savjeti-strucnjaka\/bol-u-grudima-tijekom-dojenja\/","name":"Bol u grudima tijekom dojenja - Multi-Mam","isPartOf":{"@id":"https:\/\/multi-mam.com\/hr\/#website"},"datePublished":"2023-03-08T07:38:33+00:00","dateModified":"2023-08-02T14:27:24+00:00","description":"Mnoge majke prestaju s dojenjem ranije nego \u0161to se preporu\u010da zbog svakodnevnih tegoba, kao \u0161to je bol u grudima.","breadcrumb":{"@id":"https:\/\/multi-mam.com\/hr\/savjeti-strucnjaka\/bol-u-grudima-tijekom-dojenja\/#breadcrumb"},"inLanguage":"hr-HR","potentialAction":[{"@type":"ReadAction","target":["https:\/\/multi-mam.com\/hr\/savjeti-strucnjaka\/bol-u-grudima-tijekom-dojenja\/"]}]},{"@type":"BreadcrumbList","@id":"https:\/\/multi-mam.com\/hr\/savjeti-strucnjaka\/bol-u-grudima-tijekom-dojenja\/#breadcrumb","itemListElement":[{"@type":"ListItem","position":1,"name":"Home","item":"https:\/\/multi-mam.com\/hr\/"},{"@type":"ListItem","position":2,"name":"Savjeti stru\u010dnjaka","item":"https:\/\/multi-mam.com\/hr\/savjeti-strucnjaka\/"},{"@type":"ListItem","position":3,"name":"Bol u grudima tijekom dojenja"}]},{"@type":"WebSite","@id":"https:\/\/multi-mam.com\/hr\/#website","url":"https:\/\/multi-mam.com\/hr\/","name":"Multi-Mam","description":"","publisher":{"@id":"https:\/\/multi-mam.com\/hr\/#organization"},"potentialAction":[{"@type":"SearchAction","target":{"@type":"EntryPoint","urlTemplate":"https:\/\/multi-mam.com\/hr\/?s={search_term_string}"},"query-input":{"@type":"PropertyValueSpecification","valueRequired":true,"valueName":"search_term_string"}}],"inLanguage":"hr-HR"},{"@type":"Organization","@id":"https:\/\/multi-mam.com\/hr\/#organization","name":"Multi-Mam","url":"https:\/\/multi-mam.com\/hr\/","logo":{"@type":"ImageObject","inLanguage":"hr-HR","@id":"https:\/\/multi-mam.com\/hr\/#\/schema\/logo\/image\/","url":"https:\/\/multi-mam.com\/app\/uploads\/sites\/23\/2023\/03\/multi-mam-logotype.png","contentUrl":"https:\/\/multi-mam.com\/app\/uploads\/sites\/23\/2023\/03\/multi-mam-logotype.png","width":70,"height":96,"caption":"Multi-Mam"},"image":{"@id":"https:\/\/multi-mam.com\/hr\/#\/schema\/logo\/image\/"}}]}},"_links":{"self":[{"href":"https:\/\/multi-mam.com\/hr\/wp-json\/wp\/v2\/pages\/126","targetHints":{"allow":["GET"]}}],"collection":[{"href":"https:\/\/multi-mam.com\/hr\/wp-json\/wp\/v2\/pages"}],"about":[{"href":"https:\/\/multi-mam.com\/hr\/wp-json\/wp\/v2\/types\/page"}],"author":[{"embeddable":true,"href":"https:\/\/multi-mam.com\/hr\/wp-json\/wp\/v2\/users\/2"}],"replies":[{"embeddable":true,"href":"https:\/\/multi-mam.com\/hr\/wp-json\/wp\/v2\/comments?post=126"}],"version-history":[{"count":1,"href":"https:\/\/multi-mam.com\/hr\/wp-json\/wp\/v2\/pages\/126\/revisions"}],"predecessor-version":[{"id":128,"href":"https:\/\/multi-mam.com\/hr\/wp-json\/wp\/v2\/pages\/126\/revisions\/128"}],"up":[{"embeddable":true,"href":"https:\/\/multi-mam.com\/hr\/wp-json\/wp\/v2\/pages\/117"}],"wp:attachment":[{"href":"https:\/\/multi-mam.com\/hr\/wp-json\/wp\/v2\/media?parent=126"}],"wp:term":[{"taxonomy":"from-article-database","embeddable":true,"href":"https:\/\/multi-mam.com\/hr\/wp-json\/wp\/v2\/from-article-database?post=126"}],"curies":[{"name":"wp","href":"https:\/\/api.w.org\/{rel}","templated":true}]}}