{"id":122,"date":"2023-03-08T08:31:18","date_gmt":"2023-03-08T07:31:18","guid":{"rendered":"https:\/\/multi-mam.com\/hr\/?page_id=122"},"modified":"2023-08-02T16:27:26","modified_gmt":"2023-08-02T14:27:26","slug":"savjeti-za-dojenje","status":"publish","type":"page","link":"https:\/\/multi-mam.com\/hr\/savjeti-strucnjaka\/savjeti-za-dojenje\/","title":{"rendered":"Savjeti za dojenje"},"content":{"rendered":"\n<div class=\"wp-block-karopharma-free-text pt-large pb-large bg-center bg-cover bg-no-repeat  is-style-primary\" style=\"background-image:url()\"><div class=\"free-text-wrapper container max-w-medium text-left\">\n<h1 class=\"is-style-heading-huge wp-block-heading\">Savjeti za dojenje<\/h1>\n\n\n\n<p class=\"is-style-paragraph-preamble\">Dojenje je jako korisno kako za bebu tako i za majku. Osim toga, to je predivna prilika za zbli\u017eavanje i ma\u017eenje. Me\u0111utim, ponekada dojenje mo\u017ee biti izazov, pogotovo tijekom prvih dana. Svaka mama i svaka beba je druga\u010dija pa je potrebno malo eksperimentiranja kako biste prona\u0161li formulu koja \u0107e vam omogu\u0107iti da u\u017eivate u dojenju. Ovi savjeti za dojenje \u0107e vam pomo\u0107i u potrazi:<\/p>\n<\/div><\/div>\n\n\n\n<div class=\"wp-block-karopharma-free-text pt-large pb-large bg-center bg-cover bg-no-repeat  is-style-transparent\" style=\"background-image:url()\"><div class=\"free-text-wrapper container max-w-medium text-left\">\n<ul class=\"is-style-default wp-block-list\"><li>Iako dojenje na po\u010detku mo\u017ee stvoriti neugodan osje\u0107aj, ne bi trebalo biti bolno. Ako osje\u0107ate bol, najvjerojatnije se va\u0161a beba nije pravilno uhvatila. Pravilan polo\u017eaj je postignut kada beba pored bradavice, u ustima ima cijelu areolu, s bradom pribijenom uz dojku i s udaljenim nosom. U ovoj poziciji bradavica je smje\u0161tena prema zadnjem dijelu usta i pokreti sisanja su u\u010dinkoviti u ispumpavanju mlijeka.<\/li><li>Iskoristite vrijeme provedeno u bolnici nakon poro\u0111aja kako biste pitali medicinsku sestru ili stru\u010dnu osobu da provjere ima li va\u0161a beba pravilan hvat. Nemojte se bojati zatra\u017eiti pomo\u0107 ako vam zatreba i ne oklijevajte postaviti pitanje ako ste u nedoumici ili ste zabrinuti, pogotovo ako je dojenje bolno ili ako va\u0161a beba ne dobiva na te\u017eini.<\/li><li>Tri ili \u010detiri dana nakon poro\u0111aja va\u0161e grudi \u0107e se odjednom pove\u0107ati \u2013 to se doga\u0111a zbog proizvodnje mlijeka neophodnog za prehranu va\u0161e bebe. Pripremite se kupovinom grudnjaka za dojenje na vrijeme (izaberite ko\u0161aricu koja je ve\u0107a u odnosu na va\u0161u normalnu veli\u010dinu).<\/li><li>Ako va\u0161oj bebi prerano ponudite dudu ili bo\u010dicu to ju mo\u017ee zbuniti i mo\u017ee odbiti bradavicu. Izbjegavajte dude i bo\u010dice prije nego utvrdite proces dojenja.<\/li><li>Ako planirate putovanje ili morate presko\u010dite nekoliko hranjenja, dobra ideja bi bila izdojiti mlijeko kako biste sprije\u010dili zastoj. Izdojeno mlijeko se mo\u017ee \u010duvati u zamrziva\u010du i mo\u017ee se koristiti kao zamjena ako ste otputovali ili ste na poslu.<\/li><li>Kada kupujete pumpu za izdajanje, pobrinite se da izaberete veli\u010dinu ko\u0161arice koja vam odgovara. Premala ili prevelika ko\u0161arica mo\u017ee utjecati na koli\u010dinu mlijeka koju izdajate i mo\u017ee povrijediti bradavice.<\/li><li>Ako su vam bradavice bolne i ispucale, stavite kompresu s lijekom koja \u0107e pru\u017eiti olak\u0161anje i ubrzati oporavak. Da biste za\u0161titili bradavice od daljnjih povreda i sprije\u010dili bol, stavljajte balzam za njegu bradavice izme\u0111u hranjenja. Balzam mora biti siguran za va\u0161u bebu, kako ga ne biste morali ispirati prije dojenja. Tako\u0111er, izbacivanje nekoliko kapljica mlijeka na kraju dojenja i njihovo razmazivanje po cijelim bradavicama mo\u017ee pomo\u0107u u procesu oporavka.<\/li><li>Izaberite opu\u0161taju\u0107u, tihu sobu u kojoj mo\u017eete dojiti bez ometanja. Pobrinite se da vam bude udobno i da imate \u010da\u0161u vode u blizini, jer dojenje ponekada izaziva \u017ee\u0111.<\/li><li>Ako ste imali carski rez ili ste jednostavno iscrpljeni nakon poroda, poku\u0161ajte le\u017eati na boku dok dojite.<\/li><li>Nau\u010diti prijevremeno ro\u0111enu bebu da doji je vrlo \u010desto izazovno i mo\u017ee potrajati. Me\u0111utim, kao i svaki odnos dojenja izme\u0111u majke i bebe, od onog trenutka kada je uspostavljen, kasnije postaje sve lak\u0161im i za vas i za va\u0161u bebu.<\/li><li>I ono najva\u017enije, budite strpljivi. Dajte sebi i va\u0161oj bebi vremena za privikavanje i u\u010denje pristupa koji vam najvi\u0161e i najbolje odgovara. Ne obeshrabrujte se ako nai\u0111ete na prepreke. S malo upornosti i eksperimentiranja, i vi i va\u0161e novoro\u0111en\u010de \u0107ete uskoro u\u017eivati u dojenju.<\/li><\/ul>\n<\/div><\/div>\n","protected":false},"excerpt":{"rendered":"","protected":false},"author":2,"featured_media":0,"parent":117,"menu_order":0,"comment_status":"closed","ping_status":"closed","template":"","meta":{"_acf_changed":false,"footnotes":""},"from-article-database":[],"class_list":["post-122","page","type-page","status-publish","hentry"],"acf":[],"yoast_head":"<!-- This site is optimized with the Yoast SEO plugin v26.6 - https:\/\/yoast.com\/wordpress\/plugins\/seo\/ -->\n<title>Savjeti za dojenje - Multi-Mam<\/title>\n<meta name=\"description\" content=\"Dojenje je jako korisno kako za bebu tako i za majku. Osim toga, to je predivna prilika za zbli\u017eavanje i ma\u017eenje.\" \/>\n<meta name=\"robots\" content=\"index, follow, max-snippet:-1, max-image-preview:large, max-video-preview:-1\" \/>\n<link rel=\"canonical\" href=\"https:\/\/multi-mam.com\/hr\/savjeti-strucnjaka\/savjeti-za-dojenje\/\" \/>\n<meta property=\"og:locale\" content=\"hr_HR\" \/>\n<meta property=\"og:type\" content=\"article\" \/>\n<meta property=\"og:title\" content=\"Savjeti za dojenje - Multi-Mam\" \/>\n<meta property=\"og:description\" content=\"Dojenje je jako korisno kako za bebu tako i za majku. Osim toga, to je predivna prilika za zbli\u017eavanje i ma\u017eenje.\" \/>\n<meta property=\"og:url\" content=\"https:\/\/multi-mam.com\/hr\/savjeti-strucnjaka\/savjeti-za-dojenje\/\" \/>\n<meta property=\"og:site_name\" content=\"Multi-Mam\" \/>\n<meta property=\"article:modified_time\" content=\"2023-08-02T14:27:26+00:00\" \/>\n<meta name=\"twitter:card\" content=\"summary_large_image\" \/>\n<meta name=\"twitter:label1\" content=\"Est. reading time\" \/>\n\t<meta name=\"twitter:data1\" content=\"3 minutes\" \/>\n<script type=\"application\/ld+json\" class=\"yoast-schema-graph\">{\"@context\":\"https:\/\/schema.org\",\"@graph\":[{\"@type\":\"WebPage\",\"@id\":\"https:\/\/multi-mam.com\/hr\/savjeti-strucnjaka\/savjeti-za-dojenje\/\",\"url\":\"https:\/\/multi-mam.com\/hr\/savjeti-strucnjaka\/savjeti-za-dojenje\/\",\"name\":\"Savjeti za dojenje - Multi-Mam\",\"isPartOf\":{\"@id\":\"https:\/\/multi-mam.com\/hr\/#website\"},\"datePublished\":\"2023-03-08T07:31:18+00:00\",\"dateModified\":\"2023-08-02T14:27:26+00:00\",\"description\":\"Dojenje je jako korisno kako za bebu tako i za majku. Osim toga, to je predivna prilika za zbli\u017eavanje i ma\u017eenje.\",\"breadcrumb\":{\"@id\":\"https:\/\/multi-mam.com\/hr\/savjeti-strucnjaka\/savjeti-za-dojenje\/#breadcrumb\"},\"inLanguage\":\"hr-HR\",\"potentialAction\":[{\"@type\":\"ReadAction\",\"target\":[\"https:\/\/multi-mam.com\/hr\/savjeti-strucnjaka\/savjeti-za-dojenje\/\"]}]},{\"@type\":\"BreadcrumbList\",\"@id\":\"https:\/\/multi-mam.com\/hr\/savjeti-strucnjaka\/savjeti-za-dojenje\/#breadcrumb\",\"itemListElement\":[{\"@type\":\"ListItem\",\"position\":1,\"name\":\"Home\",\"item\":\"https:\/\/multi-mam.com\/hr\/\"},{\"@type\":\"ListItem\",\"position\":2,\"name\":\"Savjeti stru\u010dnjaka\",\"item\":\"https:\/\/multi-mam.com\/hr\/savjeti-strucnjaka\/\"},{\"@type\":\"ListItem\",\"position\":3,\"name\":\"Savjeti za dojenje\"}]},{\"@type\":\"WebSite\",\"@id\":\"https:\/\/multi-mam.com\/hr\/#website\",\"url\":\"https:\/\/multi-mam.com\/hr\/\",\"name\":\"Multi-Mam\",\"description\":\"\",\"publisher\":{\"@id\":\"https:\/\/multi-mam.com\/hr\/#organization\"},\"potentialAction\":[{\"@type\":\"SearchAction\",\"target\":{\"@type\":\"EntryPoint\",\"urlTemplate\":\"https:\/\/multi-mam.com\/hr\/?s={search_term_string}\"},\"query-input\":{\"@type\":\"PropertyValueSpecification\",\"valueRequired\":true,\"valueName\":\"search_term_string\"}}],\"inLanguage\":\"hr-HR\"},{\"@type\":\"Organization\",\"@id\":\"https:\/\/multi-mam.com\/hr\/#organization\",\"name\":\"Multi-Mam\",\"url\":\"https:\/\/multi-mam.com\/hr\/\",\"logo\":{\"@type\":\"ImageObject\",\"inLanguage\":\"hr-HR\",\"@id\":\"https:\/\/multi-mam.com\/hr\/#\/schema\/logo\/image\/\",\"url\":\"https:\/\/multi-mam.com\/app\/uploads\/sites\/23\/2023\/03\/multi-mam-logotype.png\",\"contentUrl\":\"https:\/\/multi-mam.com\/app\/uploads\/sites\/23\/2023\/03\/multi-mam-logotype.png\",\"width\":70,\"height\":96,\"caption\":\"Multi-Mam\"},\"image\":{\"@id\":\"https:\/\/multi-mam.com\/hr\/#\/schema\/logo\/image\/\"}}]}<\/script>\n<!-- \/ Yoast SEO plugin. -->","yoast_head_json":{"title":"Savjeti za dojenje - Multi-Mam","description":"Dojenje je jako korisno kako za bebu tako i za majku. Osim toga, to je predivna prilika za zbli\u017eavanje i ma\u017eenje.","robots":{"index":"index","follow":"follow","max-snippet":"max-snippet:-1","max-image-preview":"max-image-preview:large","max-video-preview":"max-video-preview:-1"},"canonical":"https:\/\/multi-mam.com\/hr\/savjeti-strucnjaka\/savjeti-za-dojenje\/","og_locale":"hr_HR","og_type":"article","og_title":"Savjeti za dojenje - Multi-Mam","og_description":"Dojenje je jako korisno kako za bebu tako i za majku. Osim toga, to je predivna prilika za zbli\u017eavanje i ma\u017eenje.","og_url":"https:\/\/multi-mam.com\/hr\/savjeti-strucnjaka\/savjeti-za-dojenje\/","og_site_name":"Multi-Mam","article_modified_time":"2023-08-02T14:27:26+00:00","twitter_card":"summary_large_image","twitter_misc":{"Est. reading time":"3 minutes"},"schema":{"@context":"https:\/\/schema.org","@graph":[{"@type":"WebPage","@id":"https:\/\/multi-mam.com\/hr\/savjeti-strucnjaka\/savjeti-za-dojenje\/","url":"https:\/\/multi-mam.com\/hr\/savjeti-strucnjaka\/savjeti-za-dojenje\/","name":"Savjeti za dojenje - Multi-Mam","isPartOf":{"@id":"https:\/\/multi-mam.com\/hr\/#website"},"datePublished":"2023-03-08T07:31:18+00:00","dateModified":"2023-08-02T14:27:26+00:00","description":"Dojenje je jako korisno kako za bebu tako i za majku. Osim toga, to je predivna prilika za zbli\u017eavanje i ma\u017eenje.","breadcrumb":{"@id":"https:\/\/multi-mam.com\/hr\/savjeti-strucnjaka\/savjeti-za-dojenje\/#breadcrumb"},"inLanguage":"hr-HR","potentialAction":[{"@type":"ReadAction","target":["https:\/\/multi-mam.com\/hr\/savjeti-strucnjaka\/savjeti-za-dojenje\/"]}]},{"@type":"BreadcrumbList","@id":"https:\/\/multi-mam.com\/hr\/savjeti-strucnjaka\/savjeti-za-dojenje\/#breadcrumb","itemListElement":[{"@type":"ListItem","position":1,"name":"Home","item":"https:\/\/multi-mam.com\/hr\/"},{"@type":"ListItem","position":2,"name":"Savjeti stru\u010dnjaka","item":"https:\/\/multi-mam.com\/hr\/savjeti-strucnjaka\/"},{"@type":"ListItem","position":3,"name":"Savjeti za dojenje"}]},{"@type":"WebSite","@id":"https:\/\/multi-mam.com\/hr\/#website","url":"https:\/\/multi-mam.com\/hr\/","name":"Multi-Mam","description":"","publisher":{"@id":"https:\/\/multi-mam.com\/hr\/#organization"},"potentialAction":[{"@type":"SearchAction","target":{"@type":"EntryPoint","urlTemplate":"https:\/\/multi-mam.com\/hr\/?s={search_term_string}"},"query-input":{"@type":"PropertyValueSpecification","valueRequired":true,"valueName":"search_term_string"}}],"inLanguage":"hr-HR"},{"@type":"Organization","@id":"https:\/\/multi-mam.com\/hr\/#organization","name":"Multi-Mam","url":"https:\/\/multi-mam.com\/hr\/","logo":{"@type":"ImageObject","inLanguage":"hr-HR","@id":"https:\/\/multi-mam.com\/hr\/#\/schema\/logo\/image\/","url":"https:\/\/multi-mam.com\/app\/uploads\/sites\/23\/2023\/03\/multi-mam-logotype.png","contentUrl":"https:\/\/multi-mam.com\/app\/uploads\/sites\/23\/2023\/03\/multi-mam-logotype.png","width":70,"height":96,"caption":"Multi-Mam"},"image":{"@id":"https:\/\/multi-mam.com\/hr\/#\/schema\/logo\/image\/"}}]}},"_links":{"self":[{"href":"https:\/\/multi-mam.com\/hr\/wp-json\/wp\/v2\/pages\/122","targetHints":{"allow":["GET"]}}],"collection":[{"href":"https:\/\/multi-mam.com\/hr\/wp-json\/wp\/v2\/pages"}],"about":[{"href":"https:\/\/multi-mam.com\/hr\/wp-json\/wp\/v2\/types\/page"}],"author":[{"embeddable":true,"href":"https:\/\/multi-mam.com\/hr\/wp-json\/wp\/v2\/users\/2"}],"replies":[{"embeddable":true,"href":"https:\/\/multi-mam.com\/hr\/wp-json\/wp\/v2\/comments?post=122"}],"version-history":[{"count":4,"href":"https:\/\/multi-mam.com\/hr\/wp-json\/wp\/v2\/pages\/122\/revisions"}],"predecessor-version":[{"id":267,"href":"https:\/\/multi-mam.com\/hr\/wp-json\/wp\/v2\/pages\/122\/revisions\/267"}],"up":[{"embeddable":true,"href":"https:\/\/multi-mam.com\/hr\/wp-json\/wp\/v2\/pages\/117"}],"wp:attachment":[{"href":"https:\/\/multi-mam.com\/hr\/wp-json\/wp\/v2\/media?parent=122"}],"wp:term":[{"taxonomy":"from-article-database","embeddable":true,"href":"https:\/\/multi-mam.com\/hr\/wp-json\/wp\/v2\/from-article-database?post=122"}],"curies":[{"name":"wp","href":"https:\/\/api.w.org\/{rel}","templated":true}]}}