{"id":117,"date":"2023-03-08T08:27:32","date_gmt":"2023-03-08T07:27:32","guid":{"rendered":"https:\/\/multi-mam.com\/hr\/?page_id=117"},"modified":"2023-08-02T16:27:28","modified_gmt":"2023-08-02T14:27:28","slug":"savjeti-strucnjaka","status":"publish","type":"page","link":"https:\/\/multi-mam.com\/hr\/savjeti-strucnjaka\/","title":{"rendered":"Savjeti stru\u010dnjaka"},"content":{"rendered":"\n<div class=\"wp-block-karopharma-free-text pt-medium pb-medium bg-center bg-cover bg-no-repeat  is-style-primary\" style=\"background-image:url()\"><div class=\"free-text-wrapper container max-w-medium text-left\">\n<h1 class=\"wp-block-heading\">Savjeti stru\u010dnjaka<\/h1>\n\n\n\n<p>Biti majka mo\u017ee biti podjednako uzbudljivo i izazovno. Majke znaju da je dojenje dobro za bebino zdravlje i da je njihovo zdravlje neophodno da bi dojenje bilo mogu\u0107e. Ovdje \u0107ete prona\u0107i korisne \u010dlanke o savjetima za dojenje, koji vam mogu pomo\u0107i da taj period pro\u0111e sa \u0161to manje stresa i \u0161to ugodnije za vas i za va\u0161u bebu.<\/p>\n<\/div><\/div>\n\n\n\n<div class=\"wp-block-karopharma-free-text pt-medium pb-medium bg-center bg-cover bg-no-repeat\" style=\"background-image:url()\"><div class=\"free-text-wrapper container max-w-medium text-left\"><div class=\"menu-nav-list widget widget_nav_menu\">\n            <h3 class=\"widget_title\">\u010citaj vi\u0161e<\/h3>\n                <ul class=\"menu\">\n                            <li class=\"menu-item\">\n                    <a href=\"https:\/\/multi-mam.com\/hr\/savjeti-strucnjaka\/savjeti-za-dojenje\/\" title=\"Savjeti za dojenje\">Savjeti za dojenje<\/a>\n                <\/li>\n                            <li class=\"menu-item\">\n                    <a href=\"https:\/\/multi-mam.com\/hr\/savjeti-strucnjaka\/bol-u-grudima-tijekom-dojenja\/\" title=\"Bol u grudima tijekom dojenja\">Bol u grudima tijekom dojenja<\/a>\n                <\/li>\n                            <li class=\"menu-item\">\n                    <a href=\"https:\/\/multi-mam.com\/hr\/savjeti-strucnjaka\/bebe-koje-grizu\/\" title=\"Bebe koje grizu\">Bebe koje grizu<\/a>\n                <\/li>\n                            <li class=\"menu-item\">\n                    <a href=\"https:\/\/multi-mam.com\/hr\/savjeti-strucnjaka\/tablica-prehrane-za-bebe\/\" title=\"Tablica prehrane za bebe\">Tablica prehrane za bebe<\/a>\n                <\/li>\n                            <li class=\"menu-item\">\n                    <a href=\"https:\/\/multi-mam.com\/hr\/savjeti-strucnjaka\/alkohol-i-dojenje\/\" title=\"Alkohol i dojenje\">Alkohol i dojenje<\/a>\n                <\/li>\n                            <li class=\"menu-item\">\n                    <a href=\"https:\/\/multi-mam.com\/hr\/savjeti-strucnjaka\/uzroci-boli-tijekom-dojenja\/\" title=\"Uzroci boli tijekom dojenja\">Uzroci boli tijekom dojenja<\/a>\n                <\/li>\n                            <li class=\"menu-item\">\n                    <a href=\"https:\/\/multi-mam.com\/hr\/savjeti-strucnjaka\/odvikavanje\/\" title=\"Odvikavanje\">Odvikavanje<\/a>\n                <\/li>\n                            <li class=\"menu-item\">\n                    <a href=\"https:\/\/multi-mam.com\/hr\/savjeti-strucnjaka\/prednosti-dojenja\/\" title=\"Prednosti dojenja\">Prednosti dojenja<\/a>\n                <\/li>\n                            <li class=\"menu-item\">\n                    <a href=\"https:\/\/multi-mam.com\/hr\/savjeti-strucnjaka\/anatomija-grudi\/\" title=\"Anatomija grudi\">Anatomija grudi<\/a>\n                <\/li>\n                            <li class=\"menu-item\">\n                    <a href=\"https:\/\/multi-mam.com\/hr\/savjeti-strucnjaka\/olaksanje-boli-prouzrokovane-dojenjem\/\" title=\"Olak\u0161anje boli prouzrokovane dojenjem\">Olak\u0161anje boli prouzrokovane dojenjem<\/a>\n                <\/li>\n                            <li class=\"menu-item\">\n                    <a href=\"https:\/\/multi-mam.com\/hr\/savjeti-strucnjaka\/refluks\/\" title=\"Refluks\">Refluks<\/a>\n                <\/li>\n                            <li class=\"menu-item\">\n                    <a href=\"https:\/\/multi-mam.com\/hr\/savjeti-strucnjaka\/izdajanje-mlijeka-iz-dojke\/\" title=\"Izdajanje mlijeka iz dojke\">Izdajanje mlijeka iz dojke<\/a>\n                <\/li>\n                            <li class=\"menu-item\">\n                    <a href=\"https:\/\/multi-mam.com\/hr\/savjeti-strucnjaka\/mastitis\/\" title=\"Mastitis\">Mastitis<\/a>\n                <\/li>\n                            <li class=\"menu-item\">\n                    <a href=\"https:\/\/multi-mam.com\/hr\/savjeti-strucnjaka\/zacepljen-mlijecni-kanal\/\" title=\"Za\u010depljen mlije\u010dni kanal\">Za\u010depljen mlije\u010dni kanal<\/a>\n                <\/li>\n                            <li class=\"menu-item\">\n                    <a href=\"https:\/\/multi-mam.com\/hr\/savjeti-strucnjaka\/njega-bradavica\/\" title=\"Njega bradavica\">Njega bradavica<\/a>\n                <\/li>\n                            <li class=\"menu-item\">\n                    <a href=\"https:\/\/multi-mam.com\/hr\/savjeti-strucnjaka\/zastoj-mlijeka\/\" title=\"Zastoj mlijeka\">Zastoj mlijeka<\/a>\n                <\/li>\n                            <li class=\"menu-item\">\n                    <a href=\"https:\/\/multi-mam.com\/hr\/savjeti-strucnjaka\/problemi-sa-hvatanjem-dojke-kod-bebe\/\" title=\"Problemi sa hvatanjem dojke kod bebe\">Problemi sa hvatanjem dojke kod bebe<\/a>\n                <\/li>\n                            <li class=\"menu-item\">\n                    <a href=\"https:\/\/multi-mam.com\/hr\/savjeti-strucnjaka\/hranjenje-dojenceta\/\" title=\"Hranjenje dojen\u010deta\">Hranjenje dojen\u010deta<\/a>\n                <\/li>\n                            <li class=\"menu-item\">\n                    <a href=\"https:\/\/multi-mam.com\/hr\/savjeti-strucnjaka\/prehrana-tijekom-dojenja\/\" title=\"Prehrana tijekom dojenja\">Prehrana tijekom dojenja<\/a>\n                <\/li>\n                            <li class=\"menu-item\">\n                    <a href=\"https:\/\/multi-mam.com\/hr\/savjeti-strucnjaka\/dojenje-novorodencadi\/\" title=\"Dojenje novoro\u0111en\u010dadi\">Dojenje novoro\u0111en\u010dadi<\/a>\n                <\/li>\n                    <\/ul>\n    <\/div>\n<\/div><\/div>\n","protected":false},"excerpt":{"rendered":"","protected":false},"author":2,"featured_media":0,"parent":0,"menu_order":0,"comment_status":"closed","ping_status":"closed","template":"","meta":{"_acf_changed":false,"footnotes":""},"from-article-database":[],"class_list":["post-117","page","type-page","status-publish","hentry"],"acf":[],"yoast_head":"<!-- This site is optimized with the Yoast SEO plugin v26.6 - https:\/\/yoast.com\/wordpress\/plugins\/seo\/ -->\n<title>Savjeti stru\u010dnjaka - Multi-Mam<\/title>\n<meta name=\"description\" content=\"Biti majka mo\u017ee biti podjednako uzbudljivo i izazovno. Majke znaju da je dojenje dobro za bebino zdravlje i da je njihovo zdravlje neophodno da bi dojenje bilo mogu\u0107e.\" \/>\n<meta name=\"robots\" content=\"index, follow, max-snippet:-1, max-image-preview:large, max-video-preview:-1\" \/>\n<link rel=\"canonical\" href=\"https:\/\/multi-mam.com\/hr\/savjeti-strucnjaka\/\" \/>\n<meta property=\"og:locale\" content=\"hr_HR\" \/>\n<meta property=\"og:type\" content=\"article\" \/>\n<meta property=\"og:title\" content=\"Savjeti stru\u010dnjaka - Multi-Mam\" \/>\n<meta property=\"og:description\" content=\"Biti majka mo\u017ee biti podjednako uzbudljivo i izazovno. Majke znaju da je dojenje dobro za bebino zdravlje i da je njihovo zdravlje neophodno da bi dojenje bilo mogu\u0107e.\" \/>\n<meta property=\"og:url\" content=\"https:\/\/multi-mam.com\/hr\/savjeti-strucnjaka\/\" \/>\n<meta property=\"og:site_name\" content=\"Multi-Mam\" \/>\n<meta property=\"article:modified_time\" content=\"2023-08-02T14:27:28+00:00\" \/>\n<meta name=\"twitter:card\" content=\"summary_large_image\" \/>\n<meta name=\"twitter:label1\" content=\"Est. reading time\" \/>\n\t<meta name=\"twitter:data1\" content=\"1 minute\" \/>\n<script type=\"application\/ld+json\" class=\"yoast-schema-graph\">{\"@context\":\"https:\/\/schema.org\",\"@graph\":[{\"@type\":\"WebPage\",\"@id\":\"https:\/\/multi-mam.com\/hr\/savjeti-strucnjaka\/\",\"url\":\"https:\/\/multi-mam.com\/hr\/savjeti-strucnjaka\/\",\"name\":\"Savjeti stru\u010dnjaka - Multi-Mam\",\"isPartOf\":{\"@id\":\"https:\/\/multi-mam.com\/hr\/#website\"},\"datePublished\":\"2023-03-08T07:27:32+00:00\",\"dateModified\":\"2023-08-02T14:27:28+00:00\",\"description\":\"Biti majka mo\u017ee biti podjednako uzbudljivo i izazovno. Majke znaju da je dojenje dobro za bebino zdravlje i da je njihovo zdravlje neophodno da bi dojenje bilo mogu\u0107e.\",\"breadcrumb\":{\"@id\":\"https:\/\/multi-mam.com\/hr\/savjeti-strucnjaka\/#breadcrumb\"},\"inLanguage\":\"hr-HR\",\"potentialAction\":[{\"@type\":\"ReadAction\",\"target\":[\"https:\/\/multi-mam.com\/hr\/savjeti-strucnjaka\/\"]}]},{\"@type\":\"BreadcrumbList\",\"@id\":\"https:\/\/multi-mam.com\/hr\/savjeti-strucnjaka\/#breadcrumb\",\"itemListElement\":[{\"@type\":\"ListItem\",\"position\":1,\"name\":\"Home\",\"item\":\"https:\/\/multi-mam.com\/hr\/\"},{\"@type\":\"ListItem\",\"position\":2,\"name\":\"Savjeti stru\u010dnjaka\"}]},{\"@type\":\"WebSite\",\"@id\":\"https:\/\/multi-mam.com\/hr\/#website\",\"url\":\"https:\/\/multi-mam.com\/hr\/\",\"name\":\"Multi-Mam\",\"description\":\"\",\"publisher\":{\"@id\":\"https:\/\/multi-mam.com\/hr\/#organization\"},\"potentialAction\":[{\"@type\":\"SearchAction\",\"target\":{\"@type\":\"EntryPoint\",\"urlTemplate\":\"https:\/\/multi-mam.com\/hr\/?s={search_term_string}\"},\"query-input\":{\"@type\":\"PropertyValueSpecification\",\"valueRequired\":true,\"valueName\":\"search_term_string\"}}],\"inLanguage\":\"hr-HR\"},{\"@type\":\"Organization\",\"@id\":\"https:\/\/multi-mam.com\/hr\/#organization\",\"name\":\"Multi-Mam\",\"url\":\"https:\/\/multi-mam.com\/hr\/\",\"logo\":{\"@type\":\"ImageObject\",\"inLanguage\":\"hr-HR\",\"@id\":\"https:\/\/multi-mam.com\/hr\/#\/schema\/logo\/image\/\",\"url\":\"https:\/\/multi-mam.com\/app\/uploads\/sites\/23\/2023\/03\/multi-mam-logotype.png\",\"contentUrl\":\"https:\/\/multi-mam.com\/app\/uploads\/sites\/23\/2023\/03\/multi-mam-logotype.png\",\"width\":70,\"height\":96,\"caption\":\"Multi-Mam\"},\"image\":{\"@id\":\"https:\/\/multi-mam.com\/hr\/#\/schema\/logo\/image\/\"}}]}<\/script>\n<!-- \/ Yoast SEO plugin. -->","yoast_head_json":{"title":"Savjeti stru\u010dnjaka - Multi-Mam","description":"Biti majka mo\u017ee biti podjednako uzbudljivo i izazovno. Majke znaju da je dojenje dobro za bebino zdravlje i da je njihovo zdravlje neophodno da bi dojenje bilo mogu\u0107e.","robots":{"index":"index","follow":"follow","max-snippet":"max-snippet:-1","max-image-preview":"max-image-preview:large","max-video-preview":"max-video-preview:-1"},"canonical":"https:\/\/multi-mam.com\/hr\/savjeti-strucnjaka\/","og_locale":"hr_HR","og_type":"article","og_title":"Savjeti stru\u010dnjaka - Multi-Mam","og_description":"Biti majka mo\u017ee biti podjednako uzbudljivo i izazovno. Majke znaju da je dojenje dobro za bebino zdravlje i da je njihovo zdravlje neophodno da bi dojenje bilo mogu\u0107e.","og_url":"https:\/\/multi-mam.com\/hr\/savjeti-strucnjaka\/","og_site_name":"Multi-Mam","article_modified_time":"2023-08-02T14:27:28+00:00","twitter_card":"summary_large_image","twitter_misc":{"Est. reading time":"1 minute"},"schema":{"@context":"https:\/\/schema.org","@graph":[{"@type":"WebPage","@id":"https:\/\/multi-mam.com\/hr\/savjeti-strucnjaka\/","url":"https:\/\/multi-mam.com\/hr\/savjeti-strucnjaka\/","name":"Savjeti stru\u010dnjaka - Multi-Mam","isPartOf":{"@id":"https:\/\/multi-mam.com\/hr\/#website"},"datePublished":"2023-03-08T07:27:32+00:00","dateModified":"2023-08-02T14:27:28+00:00","description":"Biti majka mo\u017ee biti podjednako uzbudljivo i izazovno. Majke znaju da je dojenje dobro za bebino zdravlje i da je njihovo zdravlje neophodno da bi dojenje bilo mogu\u0107e.","breadcrumb":{"@id":"https:\/\/multi-mam.com\/hr\/savjeti-strucnjaka\/#breadcrumb"},"inLanguage":"hr-HR","potentialAction":[{"@type":"ReadAction","target":["https:\/\/multi-mam.com\/hr\/savjeti-strucnjaka\/"]}]},{"@type":"BreadcrumbList","@id":"https:\/\/multi-mam.com\/hr\/savjeti-strucnjaka\/#breadcrumb","itemListElement":[{"@type":"ListItem","position":1,"name":"Home","item":"https:\/\/multi-mam.com\/hr\/"},{"@type":"ListItem","position":2,"name":"Savjeti stru\u010dnjaka"}]},{"@type":"WebSite","@id":"https:\/\/multi-mam.com\/hr\/#website","url":"https:\/\/multi-mam.com\/hr\/","name":"Multi-Mam","description":"","publisher":{"@id":"https:\/\/multi-mam.com\/hr\/#organization"},"potentialAction":[{"@type":"SearchAction","target":{"@type":"EntryPoint","urlTemplate":"https:\/\/multi-mam.com\/hr\/?s={search_term_string}"},"query-input":{"@type":"PropertyValueSpecification","valueRequired":true,"valueName":"search_term_string"}}],"inLanguage":"hr-HR"},{"@type":"Organization","@id":"https:\/\/multi-mam.com\/hr\/#organization","name":"Multi-Mam","url":"https:\/\/multi-mam.com\/hr\/","logo":{"@type":"ImageObject","inLanguage":"hr-HR","@id":"https:\/\/multi-mam.com\/hr\/#\/schema\/logo\/image\/","url":"https:\/\/multi-mam.com\/app\/uploads\/sites\/23\/2023\/03\/multi-mam-logotype.png","contentUrl":"https:\/\/multi-mam.com\/app\/uploads\/sites\/23\/2023\/03\/multi-mam-logotype.png","width":70,"height":96,"caption":"Multi-Mam"},"image":{"@id":"https:\/\/multi-mam.com\/hr\/#\/schema\/logo\/image\/"}}]}},"_links":{"self":[{"href":"https:\/\/multi-mam.com\/hr\/wp-json\/wp\/v2\/pages\/117","targetHints":{"allow":["GET"]}}],"collection":[{"href":"https:\/\/multi-mam.com\/hr\/wp-json\/wp\/v2\/pages"}],"about":[{"href":"https:\/\/multi-mam.com\/hr\/wp-json\/wp\/v2\/types\/page"}],"author":[{"embeddable":true,"href":"https:\/\/multi-mam.com\/hr\/wp-json\/wp\/v2\/users\/2"}],"replies":[{"embeddable":true,"href":"https:\/\/multi-mam.com\/hr\/wp-json\/wp\/v2\/comments?post=117"}],"version-history":[{"count":5,"href":"https:\/\/multi-mam.com\/hr\/wp-json\/wp\/v2\/pages\/117\/revisions"}],"predecessor-version":[{"id":216,"href":"https:\/\/multi-mam.com\/hr\/wp-json\/wp\/v2\/pages\/117\/revisions\/216"}],"wp:attachment":[{"href":"https:\/\/multi-mam.com\/hr\/wp-json\/wp\/v2\/media?parent=117"}],"wp:term":[{"taxonomy":"from-article-database","embeddable":true,"href":"https:\/\/multi-mam.com\/hr\/wp-json\/wp\/v2\/from-article-database?post=117"}],"curies":[{"name":"wp","href":"https:\/\/api.w.org\/{rel}","templated":true}]}}