{"id":115,"date":"2022-10-19T10:44:52","date_gmt":"2022-10-19T08:44:52","guid":{"rendered":"https:\/\/multi-mam.com\/fr\/?post_type=product&#038;p=115"},"modified":"2025-04-28T14:48:16","modified_gmt":"2025-04-28T12:48:16","slug":"after-birth-spray","status":"publish","type":"product","link":"https:\/\/multi-mam.com\/fr\/produit\/after-birth-spray\/","title":{"rendered":"Multi-Mam\u00ae After-Birth Spray"},"content":{"rendered":"\n<div class=\"wp-block-karopharma-accordions is-style-secondary\"><div class=\"container\">\n<details class=\"wp-block-karopharma-accordion\"><summary><h2 class=\"accordion-title\">Comment puis-je utiliser le spray Multi-Mam After-Birth\u00a0?<\/h2><\/summary><div class=\"accordion-content\">\n<p>Agitez bien avant l\u2019utilisation. Vaporisez directement sur les zones intimes chaque fois que vous ressentez un besoin d\u2019apaisement. Peut \u00eatre utilis\u00e9 sur les points de suture et directement apr\u00e8s l\u2019accouchement.<\/p>\n\n\n\n<ul class=\"wp-block-list\"><li>Pour usage externe uniquement. Ne pas utiliser sur des plaies ouvertes.<\/li><\/ul>\n<\/div><\/details>\n\n\n\n<details class=\"wp-block-karopharma-accordion\"><summary><h2 class=\"accordion-title\">\u00c0 quelle fr\u00e9quence dois-je utiliser le spray Multi-Mam After-Birth?<\/h2><\/summary><div class=\"accordion-content\">\n<p>Cela d\u00e9pend de la gravit\u00e9 de vos d\u00e9sagr\u00e9ments. Vous pouvez utiliser le spray Multi-Mam After-Birth chaque fois que vous cherchez un moyen de vous soulager. Vous pouvez le vaporiser chaque fois que vous allez aux toilettes pour prot\u00e9ger la peau des zones intimes.<\/p>\n<\/div><\/details>\n\n\n\n<details class=\"wp-block-karopharma-accordion\"><summary><h2 class=\"accordion-title\">Puis-je utiliser le spray Multi-Mam After-Birth sur un coussin de maternit\u00e9\u00a0?<\/h2><\/summary><div class=\"accordion-content\">\n<p>Oui, vous pouvez vaporiser le spray Multi-Mam After-Birth sur un coussin d\u2019allaitement ou un mouchoir en papier, ou le vaporiser directement sur votre peau, selon vos pr\u00e9f\u00e9rences.<\/p>\n<\/div><\/details>\n<\/div><\/div>\n","protected":false},"excerpt":{"rendered":"<p>Effet apaisant imm\u00e9diat<\/p>\n","protected":false},"featured_media":118,"comment_status":"closed","ping_status":"closed","template":"","meta":{"_acf_changed":false,"footnotes":""},"product_brand":[],"product_cat":[16],"product_tag":[],"class_list":{"0":"post-115","1":"product","2":"type-product","3":"status-publish","4":"has-post-thumbnail","6":"product_cat-uncategorized","8":"first","9":"instock","10":"shipping-taxable","11":"product-type-simple"},"acf":[],"yoast_head":"<!-- This site is optimized with the Yoast SEO plugin v26.6 - https:\/\/yoast.com\/wordpress\/plugins\/seo\/ -->\n<title>Multi-Mam\u00ae After-Birth Spray - Multi-Mam<\/title>\n<meta name=\"description\" content=\"Le spray Multi-Mam After-Birth apaise, prot\u00e8ge et hydrate la peau sensible des zones intimes externes, qui peuvent souvent \u00eatre sensibles apr\u00e8s l\u2019accouchement. Il favorise \u00e9galement le processus naturel de gu\u00e9rison de la peau.\" \/>\n<meta name=\"robots\" content=\"index, follow, max-snippet:-1, max-image-preview:large, max-video-preview:-1\" \/>\n<link rel=\"canonical\" href=\"https:\/\/multi-mam.com\/fr\/produit\/after-birth-spray\/\" \/>\n<meta property=\"og:locale\" content=\"fr_FR\" \/>\n<meta property=\"og:type\" content=\"article\" \/>\n<meta property=\"og:title\" content=\"Multi-Mam\u00ae After-Birth Spray - Multi-Mam\" \/>\n<meta property=\"og:description\" content=\"Le spray Multi-Mam After-Birth apaise, prot\u00e8ge et hydrate la peau sensible des zones intimes externes, qui peuvent souvent \u00eatre sensibles apr\u00e8s l\u2019accouchement. Il favorise \u00e9galement le processus naturel de gu\u00e9rison de la peau.\" \/>\n<meta property=\"og:url\" content=\"https:\/\/multi-mam.com\/fr\/produit\/after-birth-spray\/\" \/>\n<meta property=\"og:site_name\" content=\"Multi-Mam\" \/>\n<meta property=\"article:modified_time\" content=\"2025-04-28T12:48:16+00:00\" \/>\n<meta property=\"og:image\" content=\"https:\/\/multi-mam.com\/app\/uploads\/sites\/18\/2022\/10\/MultiMamAfterBirthSprayUnpackagedINTA03croppedv.png\" \/>\n\t<meta property=\"og:image:width\" content=\"800\" \/>\n\t<meta property=\"og:image:height\" content=\"800\" \/>\n\t<meta property=\"og:image:type\" content=\"image\/png\" \/>\n<meta name=\"twitter:card\" content=\"summary_large_image\" \/>\n<meta name=\"twitter:label1\" content=\"Dur\u00e9e de lecture estim\u00e9e\" \/>\n\t<meta name=\"twitter:data1\" content=\"1 minute\" \/>\n<script type=\"application\/ld+json\" class=\"yoast-schema-graph\">{\"@context\":\"https:\/\/schema.org\",\"@graph\":[{\"@type\":\"WebPage\",\"@id\":\"https:\/\/multi-mam.com\/fr\/produit\/after-birth-spray\/\",\"url\":\"https:\/\/multi-mam.com\/fr\/produit\/after-birth-spray\/\",\"name\":\"Multi-Mam\u00ae After-Birth Spray - Multi-Mam\",\"isPartOf\":{\"@id\":\"https:\/\/multi-mam.com\/fr\/#website\"},\"primaryImageOfPage\":{\"@id\":\"https:\/\/multi-mam.com\/fr\/produit\/after-birth-spray\/#primaryimage\"},\"image\":{\"@id\":\"https:\/\/multi-mam.com\/fr\/produit\/after-birth-spray\/#primaryimage\"},\"thumbnailUrl\":\"https:\/\/multi-mam.com\/app\/uploads\/sites\/18\/2022\/10\/MultiMamAfterBirthSprayUnpackagedINTA03croppedv.png\",\"datePublished\":\"2022-10-19T08:44:52+00:00\",\"dateModified\":\"2025-04-28T12:48:16+00:00\",\"description\":\"Le spray Multi-Mam After-Birth apaise, prot\u00e8ge et hydrate la peau sensible des zones intimes externes, qui peuvent souvent \u00eatre sensibles apr\u00e8s l\u2019accouchement. Il favorise \u00e9galement le processus naturel de gu\u00e9rison de la peau.\",\"breadcrumb\":{\"@id\":\"https:\/\/multi-mam.com\/fr\/produit\/after-birth-spray\/#breadcrumb\"},\"inLanguage\":\"fr-FR\",\"potentialAction\":[{\"@type\":\"ReadAction\",\"target\":[\"https:\/\/multi-mam.com\/fr\/produit\/after-birth-spray\/\"]}]},{\"@type\":\"ImageObject\",\"inLanguage\":\"fr-FR\",\"@id\":\"https:\/\/multi-mam.com\/fr\/produit\/after-birth-spray\/#primaryimage\",\"url\":\"https:\/\/multi-mam.com\/app\/uploads\/sites\/18\/2022\/10\/MultiMamAfterBirthSprayUnpackagedINTA03croppedv.png\",\"contentUrl\":\"https:\/\/multi-mam.com\/app\/uploads\/sites\/18\/2022\/10\/MultiMamAfterBirthSprayUnpackagedINTA03croppedv.png\",\"width\":800,\"height\":800,\"caption\":\"MultiMamAfterBirthSprayUnpackagedINTA03croppedv\"},{\"@type\":\"BreadcrumbList\",\"@id\":\"https:\/\/multi-mam.com\/fr\/produit\/after-birth-spray\/#breadcrumb\",\"itemListElement\":[{\"@type\":\"ListItem\",\"position\":1,\"name\":\"Home\",\"item\":\"https:\/\/multi-mam.com\/fr\/\"},{\"@type\":\"ListItem\",\"position\":2,\"name\":\"Produits\",\"item\":\"https:\/\/multi-mam.com\/fr\/produits\/\"},{\"@type\":\"ListItem\",\"position\":3,\"name\":\"Multi-Mam\u00ae After-Birth Spray\"}]},{\"@type\":\"WebSite\",\"@id\":\"https:\/\/multi-mam.com\/fr\/#website\",\"url\":\"https:\/\/multi-mam.com\/fr\/\",\"name\":\"Multi-Mam\",\"description\":\"\",\"publisher\":{\"@id\":\"https:\/\/multi-mam.com\/fr\/#organization\"},\"potentialAction\":[{\"@type\":\"SearchAction\",\"target\":{\"@type\":\"EntryPoint\",\"urlTemplate\":\"https:\/\/multi-mam.com\/fr\/?s={search_term_string}\"},\"query-input\":{\"@type\":\"PropertyValueSpecification\",\"valueRequired\":true,\"valueName\":\"search_term_string\"}}],\"inLanguage\":\"fr-FR\"},{\"@type\":\"Organization\",\"@id\":\"https:\/\/multi-mam.com\/fr\/#organization\",\"name\":\"Multi-Mam\",\"url\":\"https:\/\/multi-mam.com\/fr\/\",\"logo\":{\"@type\":\"ImageObject\",\"inLanguage\":\"fr-FR\",\"@id\":\"https:\/\/multi-mam.com\/fr\/#\/schema\/logo\/image\/\",\"url\":\"https:\/\/multi-mam.com\/app\/uploads\/sites\/18\/2022\/09\/multi-mam-logotype.png\",\"contentUrl\":\"https:\/\/multi-mam.com\/app\/uploads\/sites\/18\/2022\/09\/multi-mam-logotype.png\",\"width\":70,\"height\":96,\"caption\":\"Multi-Mam\"},\"image\":{\"@id\":\"https:\/\/multi-mam.com\/fr\/#\/schema\/logo\/image\/\"}}]}<\/script>\n<!-- \/ Yoast SEO plugin. -->","yoast_head_json":{"title":"Multi-Mam\u00ae After-Birth Spray - Multi-Mam","description":"Le spray Multi-Mam After-Birth apaise, prot\u00e8ge et hydrate la peau sensible des zones intimes externes, qui peuvent souvent \u00eatre sensibles apr\u00e8s l\u2019accouchement. Il favorise \u00e9galement le processus naturel de gu\u00e9rison de la peau.","robots":{"index":"index","follow":"follow","max-snippet":"max-snippet:-1","max-image-preview":"max-image-preview:large","max-video-preview":"max-video-preview:-1"},"canonical":"https:\/\/multi-mam.com\/fr\/produit\/after-birth-spray\/","og_locale":"fr_FR","og_type":"article","og_title":"Multi-Mam\u00ae After-Birth Spray - Multi-Mam","og_description":"Le spray Multi-Mam After-Birth apaise, prot\u00e8ge et hydrate la peau sensible des zones intimes externes, qui peuvent souvent \u00eatre sensibles apr\u00e8s l\u2019accouchement. Il favorise \u00e9galement le processus naturel de gu\u00e9rison de la peau.","og_url":"https:\/\/multi-mam.com\/fr\/produit\/after-birth-spray\/","og_site_name":"Multi-Mam","article_modified_time":"2025-04-28T12:48:16+00:00","og_image":[{"width":800,"height":800,"url":"https:\/\/multi-mam.com\/app\/uploads\/sites\/18\/2022\/10\/MultiMamAfterBirthSprayUnpackagedINTA03croppedv.png","type":"image\/png"}],"twitter_card":"summary_large_image","twitter_misc":{"Dur\u00e9e de lecture estim\u00e9e":"1 minute"},"schema":{"@context":"https:\/\/schema.org","@graph":[{"@type":"WebPage","@id":"https:\/\/multi-mam.com\/fr\/produit\/after-birth-spray\/","url":"https:\/\/multi-mam.com\/fr\/produit\/after-birth-spray\/","name":"Multi-Mam\u00ae After-Birth Spray - Multi-Mam","isPartOf":{"@id":"https:\/\/multi-mam.com\/fr\/#website"},"primaryImageOfPage":{"@id":"https:\/\/multi-mam.com\/fr\/produit\/after-birth-spray\/#primaryimage"},"image":{"@id":"https:\/\/multi-mam.com\/fr\/produit\/after-birth-spray\/#primaryimage"},"thumbnailUrl":"https:\/\/multi-mam.com\/app\/uploads\/sites\/18\/2022\/10\/MultiMamAfterBirthSprayUnpackagedINTA03croppedv.png","datePublished":"2022-10-19T08:44:52+00:00","dateModified":"2025-04-28T12:48:16+00:00","description":"Le spray Multi-Mam After-Birth apaise, prot\u00e8ge et hydrate la peau sensible des zones intimes externes, qui peuvent souvent \u00eatre sensibles apr\u00e8s l\u2019accouchement. Il favorise \u00e9galement le processus naturel de gu\u00e9rison de la peau.","breadcrumb":{"@id":"https:\/\/multi-mam.com\/fr\/produit\/after-birth-spray\/#breadcrumb"},"inLanguage":"fr-FR","potentialAction":[{"@type":"ReadAction","target":["https:\/\/multi-mam.com\/fr\/produit\/after-birth-spray\/"]}]},{"@type":"ImageObject","inLanguage":"fr-FR","@id":"https:\/\/multi-mam.com\/fr\/produit\/after-birth-spray\/#primaryimage","url":"https:\/\/multi-mam.com\/app\/uploads\/sites\/18\/2022\/10\/MultiMamAfterBirthSprayUnpackagedINTA03croppedv.png","contentUrl":"https:\/\/multi-mam.com\/app\/uploads\/sites\/18\/2022\/10\/MultiMamAfterBirthSprayUnpackagedINTA03croppedv.png","width":800,"height":800,"caption":"MultiMamAfterBirthSprayUnpackagedINTA03croppedv"},{"@type":"BreadcrumbList","@id":"https:\/\/multi-mam.com\/fr\/produit\/after-birth-spray\/#breadcrumb","itemListElement":[{"@type":"ListItem","position":1,"name":"Home","item":"https:\/\/multi-mam.com\/fr\/"},{"@type":"ListItem","position":2,"name":"Produits","item":"https:\/\/multi-mam.com\/fr\/produits\/"},{"@type":"ListItem","position":3,"name":"Multi-Mam\u00ae After-Birth Spray"}]},{"@type":"WebSite","@id":"https:\/\/multi-mam.com\/fr\/#website","url":"https:\/\/multi-mam.com\/fr\/","name":"Multi-Mam","description":"","publisher":{"@id":"https:\/\/multi-mam.com\/fr\/#organization"},"potentialAction":[{"@type":"SearchAction","target":{"@type":"EntryPoint","urlTemplate":"https:\/\/multi-mam.com\/fr\/?s={search_term_string}"},"query-input":{"@type":"PropertyValueSpecification","valueRequired":true,"valueName":"search_term_string"}}],"inLanguage":"fr-FR"},{"@type":"Organization","@id":"https:\/\/multi-mam.com\/fr\/#organization","name":"Multi-Mam","url":"https:\/\/multi-mam.com\/fr\/","logo":{"@type":"ImageObject","inLanguage":"fr-FR","@id":"https:\/\/multi-mam.com\/fr\/#\/schema\/logo\/image\/","url":"https:\/\/multi-mam.com\/app\/uploads\/sites\/18\/2022\/09\/multi-mam-logotype.png","contentUrl":"https:\/\/multi-mam.com\/app\/uploads\/sites\/18\/2022\/09\/multi-mam-logotype.png","width":70,"height":96,"caption":"Multi-Mam"},"image":{"@id":"https:\/\/multi-mam.com\/fr\/#\/schema\/logo\/image\/"}}]}},"_links":{"self":[{"href":"https:\/\/multi-mam.com\/fr\/wp-json\/wp\/v2\/product\/115","targetHints":{"allow":["GET"]}}],"collection":[{"href":"https:\/\/multi-mam.com\/fr\/wp-json\/wp\/v2\/product"}],"about":[{"href":"https:\/\/multi-mam.com\/fr\/wp-json\/wp\/v2\/types\/product"}],"replies":[{"embeddable":true,"href":"https:\/\/multi-mam.com\/fr\/wp-json\/wp\/v2\/comments?post=115"}],"version-history":[{"count":6,"href":"https:\/\/multi-mam.com\/fr\/wp-json\/wp\/v2\/product\/115\/revisions"}],"predecessor-version":[{"id":134,"href":"https:\/\/multi-mam.com\/fr\/wp-json\/wp\/v2\/product\/115\/revisions\/134"}],"wp:featuredmedia":[{"embeddable":true,"href":"https:\/\/multi-mam.com\/fr\/wp-json\/wp\/v2\/media\/118"}],"wp:attachment":[{"href":"https:\/\/multi-mam.com\/fr\/wp-json\/wp\/v2\/media?parent=115"}],"wp:term":[{"taxonomy":"product_brand","embeddable":true,"href":"https:\/\/multi-mam.com\/fr\/wp-json\/wp\/v2\/product_brand?post=115"},{"taxonomy":"product_cat","embeddable":true,"href":"https:\/\/multi-mam.com\/fr\/wp-json\/wp\/v2\/product_cat?post=115"},{"taxonomy":"product_tag","embeddable":true,"href":"https:\/\/multi-mam.com\/fr\/wp-json\/wp\/v2\/product_tag?post=115"}],"curies":[{"name":"wp","href":"https:\/\/api.w.org\/{rel}","templated":true}]}}