{"id":63,"date":"2022-10-03T13:58:38","date_gmt":"2022-10-03T11:58:38","guid":{"rendered":"https:\/\/multi-mam.com\/fr\/?page_id=63"},"modified":"2025-04-28T14:48:23","modified_gmt":"2025-04-28T12:48:23","slug":"faq","status":"publish","type":"page","link":"https:\/\/multi-mam.com\/fr\/faq\/","title":{"rendered":"FAQ"},"content":{"rendered":"\n<div class=\"wp-block-karopharma-background-image-with-text-v2 background-image-with-text-v2 undefined content-position-center fixed-height-layout\" datatest=\"root\"><div class=\"background-image-with-text-wrapper\"><picture class=\"background-image-with-text-image\"><source media=\"(max-width: 560px)\" srcset=\"https:\/\/multi-mam.com\/cdn-cgi\/image\/format=auto,width=560\/app\/uploads\/sites\/11\/2022\/06\/faq.jpeg\"\/><source media=\"(max-width: 800px)\" srcset=\"https:\/\/multi-mam.com\/cdn-cgi\/image\/format=auto,width=800\/app\/uploads\/sites\/11\/2022\/06\/faq.jpeg\"\/><source media=\"(max-width: 1920px)\" srcset=\"https:\/\/multi-mam.com\/cdn-cgi\/image\/format=auto,width=1920\/app\/uploads\/sites\/11\/2022\/06\/faq.jpeg\"\/><img decoding=\"async\" width=\"1400\" height=\"933\" datatest=\"background-image\" loading=\"lazy\" class=\"object-center object-cover\" src=\"https:\/\/multi-mam.com\/cdn-cgi\/image\/format=auto\/app\/uploads\/sites\/11\/2022\/06\/faq.jpeg\" alt=\"faq\"\/><\/picture><div datatest=\"content-wrapper\" class=\"background-image-with-text-content-wrapper container max-w-medium text-alignment-center  pt-large pb-large\"><div class=\"content\"><h1 datatest=\"heading\" class=\"\">FAQ<\/h1>\n<div class=\"wp-block-buttons is-layout-flex wp-block-buttons-is-layout-flex\"><\/div>\n<\/div><\/div><\/div><\/div>\n\n\n\n<div class=\"wp-block-karopharma-accordions\"><div class=\"container\">\n<details class=\"wp-block-karopharma-accordion\"><summary><h2 class=\"accordion-title\">Dois-je retirer le Multi-Mam Protect avant l\u2019allaitement?<\/h2><\/summary><div class=\"accordion-content\">\n<p>Non, il est inoffensif lorsqu\u2019il est aval\u00e9 et son go\u00fbt et son odeur sont neutres. Il est particuli\u00e8rement recommand\u00e9 d\u2019appliquer le baume juste apr\u00e8s l\u2019allaitement, car s\u2019il est appliqu\u00e9 avant, il peut rendre la prise du sein plus difficile pour votre b\u00e9b\u00e9.<\/p>\n<\/div><\/details>\n\n\n\n<details class=\"wp-block-karopharma-accordion\"><summary><h2 class=\"accordion-title\">\u00c0 quelle fr\u00e9quence dois-je utiliser le Multi-Mam Balsam Protect?<\/h2><\/summary><div class=\"accordion-content\">\n<p>Aussi souvent que vous le souhaitez. Il est particuli\u00e8rement recommand\u00e9 d\u2019appliquer le baume juste apr\u00e8s l\u2019allaitement.<\/p>\n<\/div><\/details>\n\n\n\n<details class=\"wp-block-karopharma-accordion\"><summary><h2 class=\"accordion-title\">Quelle est la diff\u00e9rence entre le Multi-Mam Balsam Protect et le Multi-Mam Lanolin?<\/h2><\/summary><div class=\"accordion-content\">\n<p>Le baume Multi-Mam Protect est \u00e9labor\u00e9 \u00e0 partir d\u2019une s\u00e9lection d\u2019huiles v\u00e9g\u00e9tales et est non collant. Multi-Mam Lanolin est con\u00e7u \u00e0 base de graisse de laine naturelle.<\/p>\n<\/div><\/details>\n\n\n\n<details class=\"wp-block-karopharma-accordion\"><summary><h2 class=\"accordion-title\">Je souffre continuellement de mamelons crevass\u00e9s, ce qui est tr\u00e8s douloureux. Que puis-je faire\u00a0?<\/h2><\/summary><div class=\"accordion-content\">\n<p>Utilisez une cr\u00e8me qui adoucit et restaure le tissu cutan\u00e9, et qui ne n\u00e9cessite pas d\u2019\u00eatre retir\u00e9e avant l\u2019allaitement. Le baume Multi-Mam Protect renforce et revitalise le tissu cutan\u00e9. Con\u00e7u \u00e0 partir d\u2019ingr\u00e9dients naturels, il n\u2019a aucun go\u00fbt et il est inoffensif lorsqu\u2019il est aval\u00e9, pour offrir une protection optimale pendant l\u2019allaitement et tout au long de la journ\u00e9e. Vous pouvez \u00e9galement essayer les compresses Multi-Mam pour les mamelons douloureux.<\/p>\n<\/div><\/details>\n\n\n\n<details class=\"wp-block-karopharma-accordion\"><summary><h2 class=\"accordion-title\">Quelles sont les causes des probl\u00e8mes de mamelons\u00a0?<\/h2><\/summary><div class=\"accordion-content\">\n<p>La plupart des blessures au mamelon r\u00e9sultent d\u2019une mauvaise prise du sein&nbsp;; il est important que la partie la plus sensible du tissu du mamelon soit tir\u00e9e profond\u00e9ment dans la bouche de votre b\u00e9b\u00e9. L\u2019utilisation de produits qui diminuent la protection naturelle de la peau, comme les savons et les shampooings, peut \u00e9galement provoquer des crevasses sur les mamelons. Enfin, les infections \u00e0 levures, l\u2019ecz\u00e9ma ou une tendance \u00e0 la s\u00e9cheresse de la peau sont des causes potentielles de probl\u00e8mes de mamelons.<\/p>\n<\/div><\/details>\n\n\n\n<details class=\"wp-block-karopharma-accordion\"><summary><h2 class=\"accordion-title\">Comment utiliser les compresses Multi-Mam?<\/h2><\/summary><div class=\"accordion-content\">\n<p>Ouvrez le sachet, d\u00e9pliez la compresse et placez le c\u00f4t\u00e9 impr\u00e9gn\u00e9 de gel sur le mamelon douloureux. Laissez la compresse en place aussi longtemps que n\u00e9cessaire. Consultez les dur\u00e9es recommand\u00e9es ci-dessous.<\/p>\n<\/div><\/details>\n\n\n\n<details class=\"wp-block-karopharma-accordion\"><summary><h2 class=\"accordion-title\">\u00c0 quel moment utiliser la compresse Multi-Mam, avant ou apr\u00e8s l\u2019allaitement\u00a0?<\/h2><\/summary><div class=\"accordion-content\">\n<p>Nous vous recommandons d\u2019utiliser la compresse Multi-Mam juste apr\u00e8s l\u2019allaitement&nbsp;: si elle est utilis\u00e9e juste avant celui-ci, l\u2019hydratation peut rendre la prise du sein plus difficile pour votre b\u00e9b\u00e9.<\/p>\n<\/div><\/details>\n\n\n\n<details class=\"wp-block-karopharma-accordion\"><summary><h2 class=\"accordion-title\">Combien de temps dois-je garder la compresse Multi-Mam sur ma poitrine\u00a0?<\/h2><\/summary><div class=\"accordion-content\">\n<p>Id\u00e9alement pendant 30&nbsp;minutes&nbsp;; mais au minimum 10&nbsp;minutes et au maximum une heure.<\/p>\n<\/div><\/details>\n\n\n\n<details class=\"wp-block-karopharma-accordion\"><summary><h2 class=\"accordion-title\">Combien de fois puis-je utiliser une compresse Multi-Mam\u00a0?<\/h2><\/summary><div class=\"accordion-content\">\n<p>Chaque compresse est \u00e0 usage unique. Elle doit \u00eatre jet\u00e9e apr\u00e8s usage pour des raisons d\u2019hygi\u00e8ne.<\/p>\n<\/div><\/details>\n\n\n\n<details class=\"wp-block-karopharma-accordion\"><summary><h2 class=\"accordion-title\">Si mon b\u00e9b\u00e9 avale une partie du gel des compresses Multi-Mam, cela peut-il \u00eatre dangereux\u00a0?<\/h2><\/summary><div class=\"accordion-content\">\n<p>Non, le gel est sans danger pour votre b\u00e9b\u00e9. Vous n\u2019avez pas besoin d\u2019enlever l\u2019exc\u00e9dent de gel avant l\u2019allaitement.<\/p>\n<\/div><\/details>\n<\/div><\/div>\n","protected":false},"excerpt":{"rendered":"","protected":false},"author":2,"featured_media":0,"parent":0,"menu_order":0,"comment_status":"closed","ping_status":"closed","template":"","meta":{"_acf_changed":false,"footnotes":""},"from-article-database":[],"class_list":["post-63","page","type-page","status-publish","hentry"],"acf":[],"yoast_head":"<!-- This site is optimized with the Yoast SEO plugin v26.6 - https:\/\/yoast.com\/wordpress\/plugins\/seo\/ -->\n<title>FAQ - Multi-Mam<\/title>\n<meta name=\"description\" content=\"Pourquoi l&#039;allaitement est-il si important pour mon b\u00e9b\u00e9 ? Quels sont les avantages de l&#039;allaitement pour mon b\u00e9b\u00e9 ? Quels sont les avantages de l&#039;allaitement pour la m\u00e8re?\" \/>\n<meta name=\"robots\" content=\"index, follow, max-snippet:-1, max-image-preview:large, max-video-preview:-1\" \/>\n<link rel=\"canonical\" href=\"https:\/\/multi-mam.com\/fr\/faq\/\" \/>\n<meta property=\"og:locale\" content=\"fr_FR\" \/>\n<meta property=\"og:type\" content=\"article\" \/>\n<meta property=\"og:title\" content=\"FAQ - Multi-Mam\" \/>\n<meta property=\"og:description\" content=\"Pourquoi l&#039;allaitement est-il si important pour mon b\u00e9b\u00e9 ? Quels sont les avantages de l&#039;allaitement pour mon b\u00e9b\u00e9 ? Quels sont les avantages de l&#039;allaitement pour la m\u00e8re?\" \/>\n<meta property=\"og:url\" content=\"https:\/\/multi-mam.com\/fr\/faq\/\" \/>\n<meta property=\"og:site_name\" content=\"Multi-Mam\" \/>\n<meta property=\"article:modified_time\" content=\"2025-04-28T12:48:23+00:00\" \/>\n<meta property=\"og:image\" content=\"https:\/\/multi-mam.com\/cdn-cgi\/image\/format=auto\/app\/uploads\/sites\/11\/2022\/06\/faq.jpeg\" \/>\n<meta name=\"twitter:card\" content=\"summary_large_image\" \/>\n<meta name=\"twitter:label1\" content=\"Dur\u00e9e de lecture estim\u00e9e\" \/>\n\t<meta name=\"twitter:data1\" content=\"3 minutes\" \/>\n<script type=\"application\/ld+json\" class=\"yoast-schema-graph\">{\"@context\":\"https:\/\/schema.org\",\"@graph\":[{\"@type\":\"WebPage\",\"@id\":\"https:\/\/multi-mam.com\/fr\/faq\/\",\"url\":\"https:\/\/multi-mam.com\/fr\/faq\/\",\"name\":\"FAQ - Multi-Mam\",\"isPartOf\":{\"@id\":\"https:\/\/multi-mam.com\/fr\/#website\"},\"primaryImageOfPage\":{\"@id\":\"https:\/\/multi-mam.com\/fr\/faq\/#primaryimage\"},\"image\":{\"@id\":\"https:\/\/multi-mam.com\/fr\/faq\/#primaryimage\"},\"thumbnailUrl\":\"https:\/\/multi-mam.com\/cdn-cgi\/image\/format=auto\/app\/uploads\/sites\/11\/2022\/06\/faq.jpeg\",\"datePublished\":\"2022-10-03T11:58:38+00:00\",\"dateModified\":\"2025-04-28T12:48:23+00:00\",\"description\":\"Pourquoi l'allaitement est-il si important pour mon b\u00e9b\u00e9 ? Quels sont les avantages de l'allaitement pour mon b\u00e9b\u00e9 ? Quels sont les avantages de l'allaitement pour la m\u00e8re?\",\"breadcrumb\":{\"@id\":\"https:\/\/multi-mam.com\/fr\/faq\/#breadcrumb\"},\"inLanguage\":\"fr-FR\",\"potentialAction\":[{\"@type\":\"ReadAction\",\"target\":[\"https:\/\/multi-mam.com\/fr\/faq\/\"]}]},{\"@type\":\"ImageObject\",\"inLanguage\":\"fr-FR\",\"@id\":\"https:\/\/multi-mam.com\/fr\/faq\/#primaryimage\",\"url\":\"https:\/\/multi-mam.com\/cdn-cgi\/image\/format=auto\/app\/uploads\/sites\/11\/2022\/06\/faq.jpeg\",\"contentUrl\":\"https:\/\/multi-mam.com\/cdn-cgi\/image\/format=auto\/app\/uploads\/sites\/11\/2022\/06\/faq.jpeg\"},{\"@type\":\"BreadcrumbList\",\"@id\":\"https:\/\/multi-mam.com\/fr\/faq\/#breadcrumb\",\"itemListElement\":[{\"@type\":\"ListItem\",\"position\":1,\"name\":\"Home\",\"item\":\"https:\/\/multi-mam.com\/fr\/\"},{\"@type\":\"ListItem\",\"position\":2,\"name\":\"FAQ\"}]},{\"@type\":\"WebSite\",\"@id\":\"https:\/\/multi-mam.com\/fr\/#website\",\"url\":\"https:\/\/multi-mam.com\/fr\/\",\"name\":\"Multi-Mam\",\"description\":\"\",\"publisher\":{\"@id\":\"https:\/\/multi-mam.com\/fr\/#organization\"},\"potentialAction\":[{\"@type\":\"SearchAction\",\"target\":{\"@type\":\"EntryPoint\",\"urlTemplate\":\"https:\/\/multi-mam.com\/fr\/?s={search_term_string}\"},\"query-input\":{\"@type\":\"PropertyValueSpecification\",\"valueRequired\":true,\"valueName\":\"search_term_string\"}}],\"inLanguage\":\"fr-FR\"},{\"@type\":\"Organization\",\"@id\":\"https:\/\/multi-mam.com\/fr\/#organization\",\"name\":\"Multi-Mam\",\"url\":\"https:\/\/multi-mam.com\/fr\/\",\"logo\":{\"@type\":\"ImageObject\",\"inLanguage\":\"fr-FR\",\"@id\":\"https:\/\/multi-mam.com\/fr\/#\/schema\/logo\/image\/\",\"url\":\"https:\/\/multi-mam.com\/app\/uploads\/sites\/18\/2022\/09\/multi-mam-logotype.png\",\"contentUrl\":\"https:\/\/multi-mam.com\/app\/uploads\/sites\/18\/2022\/09\/multi-mam-logotype.png\",\"width\":70,\"height\":96,\"caption\":\"Multi-Mam\"},\"image\":{\"@id\":\"https:\/\/multi-mam.com\/fr\/#\/schema\/logo\/image\/\"}}]}<\/script>\n<!-- \/ Yoast SEO plugin. -->","yoast_head_json":{"title":"FAQ - Multi-Mam","description":"Pourquoi l'allaitement est-il si important pour mon b\u00e9b\u00e9 ? Quels sont les avantages de l'allaitement pour mon b\u00e9b\u00e9 ? Quels sont les avantages de l'allaitement pour la m\u00e8re?","robots":{"index":"index","follow":"follow","max-snippet":"max-snippet:-1","max-image-preview":"max-image-preview:large","max-video-preview":"max-video-preview:-1"},"canonical":"https:\/\/multi-mam.com\/fr\/faq\/","og_locale":"fr_FR","og_type":"article","og_title":"FAQ - Multi-Mam","og_description":"Pourquoi l'allaitement est-il si important pour mon b\u00e9b\u00e9 ? Quels sont les avantages de l'allaitement pour mon b\u00e9b\u00e9 ? Quels sont les avantages de l'allaitement pour la m\u00e8re?","og_url":"https:\/\/multi-mam.com\/fr\/faq\/","og_site_name":"Multi-Mam","article_modified_time":"2025-04-28T12:48:23+00:00","og_image":[{"url":"https:\/\/multi-mam.com\/cdn-cgi\/image\/format=auto\/app\/uploads\/sites\/11\/2022\/06\/faq.jpeg","type":"","width":"","height":""}],"twitter_card":"summary_large_image","twitter_misc":{"Dur\u00e9e de lecture estim\u00e9e":"3 minutes"},"schema":{"@context":"https:\/\/schema.org","@graph":[{"@type":"WebPage","@id":"https:\/\/multi-mam.com\/fr\/faq\/","url":"https:\/\/multi-mam.com\/fr\/faq\/","name":"FAQ - Multi-Mam","isPartOf":{"@id":"https:\/\/multi-mam.com\/fr\/#website"},"primaryImageOfPage":{"@id":"https:\/\/multi-mam.com\/fr\/faq\/#primaryimage"},"image":{"@id":"https:\/\/multi-mam.com\/fr\/faq\/#primaryimage"},"thumbnailUrl":"https:\/\/multi-mam.com\/cdn-cgi\/image\/format=auto\/app\/uploads\/sites\/11\/2022\/06\/faq.jpeg","datePublished":"2022-10-03T11:58:38+00:00","dateModified":"2025-04-28T12:48:23+00:00","description":"Pourquoi l'allaitement est-il si important pour mon b\u00e9b\u00e9 ? Quels sont les avantages de l'allaitement pour mon b\u00e9b\u00e9 ? Quels sont les avantages de l'allaitement pour la m\u00e8re?","breadcrumb":{"@id":"https:\/\/multi-mam.com\/fr\/faq\/#breadcrumb"},"inLanguage":"fr-FR","potentialAction":[{"@type":"ReadAction","target":["https:\/\/multi-mam.com\/fr\/faq\/"]}]},{"@type":"ImageObject","inLanguage":"fr-FR","@id":"https:\/\/multi-mam.com\/fr\/faq\/#primaryimage","url":"https:\/\/multi-mam.com\/cdn-cgi\/image\/format=auto\/app\/uploads\/sites\/11\/2022\/06\/faq.jpeg","contentUrl":"https:\/\/multi-mam.com\/cdn-cgi\/image\/format=auto\/app\/uploads\/sites\/11\/2022\/06\/faq.jpeg"},{"@type":"BreadcrumbList","@id":"https:\/\/multi-mam.com\/fr\/faq\/#breadcrumb","itemListElement":[{"@type":"ListItem","position":1,"name":"Home","item":"https:\/\/multi-mam.com\/fr\/"},{"@type":"ListItem","position":2,"name":"FAQ"}]},{"@type":"WebSite","@id":"https:\/\/multi-mam.com\/fr\/#website","url":"https:\/\/multi-mam.com\/fr\/","name":"Multi-Mam","description":"","publisher":{"@id":"https:\/\/multi-mam.com\/fr\/#organization"},"potentialAction":[{"@type":"SearchAction","target":{"@type":"EntryPoint","urlTemplate":"https:\/\/multi-mam.com\/fr\/?s={search_term_string}"},"query-input":{"@type":"PropertyValueSpecification","valueRequired":true,"valueName":"search_term_string"}}],"inLanguage":"fr-FR"},{"@type":"Organization","@id":"https:\/\/multi-mam.com\/fr\/#organization","name":"Multi-Mam","url":"https:\/\/multi-mam.com\/fr\/","logo":{"@type":"ImageObject","inLanguage":"fr-FR","@id":"https:\/\/multi-mam.com\/fr\/#\/schema\/logo\/image\/","url":"https:\/\/multi-mam.com\/app\/uploads\/sites\/18\/2022\/09\/multi-mam-logotype.png","contentUrl":"https:\/\/multi-mam.com\/app\/uploads\/sites\/18\/2022\/09\/multi-mam-logotype.png","width":70,"height":96,"caption":"Multi-Mam"},"image":{"@id":"https:\/\/multi-mam.com\/fr\/#\/schema\/logo\/image\/"}}]}},"_links":{"self":[{"href":"https:\/\/multi-mam.com\/fr\/wp-json\/wp\/v2\/pages\/63","targetHints":{"allow":["GET"]}}],"collection":[{"href":"https:\/\/multi-mam.com\/fr\/wp-json\/wp\/v2\/pages"}],"about":[{"href":"https:\/\/multi-mam.com\/fr\/wp-json\/wp\/v2\/types\/page"}],"author":[{"embeddable":true,"href":"https:\/\/multi-mam.com\/fr\/wp-json\/wp\/v2\/users\/2"}],"replies":[{"embeddable":true,"href":"https:\/\/multi-mam.com\/fr\/wp-json\/wp\/v2\/comments?post=63"}],"version-history":[{"count":3,"href":"https:\/\/multi-mam.com\/fr\/wp-json\/wp\/v2\/pages\/63\/revisions"}],"predecessor-version":[{"id":140,"href":"https:\/\/multi-mam.com\/fr\/wp-json\/wp\/v2\/pages\/63\/revisions\/140"}],"wp:attachment":[{"href":"https:\/\/multi-mam.com\/fr\/wp-json\/wp\/v2\/media?parent=63"}],"wp:term":[{"taxonomy":"from-article-database","embeddable":true,"href":"https:\/\/multi-mam.com\/fr\/wp-json\/wp\/v2\/from-article-database?post=63"}],"curies":[{"name":"wp","href":"https:\/\/api.w.org\/{rel}","templated":true}]}}