{"id":60,"date":"2022-10-03T13:56:20","date_gmt":"2022-10-03T11:56:20","guid":{"rendered":"https:\/\/multi-mam.com\/fr\/?page_id=60"},"modified":"2025-04-28T14:48:25","modified_gmt":"2025-04-28T12:48:25","slug":"a-propos-de-multi-mam","status":"publish","type":"page","link":"https:\/\/multi-mam.com\/fr\/a-propos-de-multi-mam\/","title":{"rendered":"\u00c0 propos de Multi-Mam"},"content":{"rendered":"\n<div class=\"wp-block-karopharma-background-image-with-text-v2 background-image-with-text-v2 undefined content-position-center fixed-height-layout\" datatest=\"root\"><div class=\"background-image-with-text-wrapper\"><picture class=\"background-image-with-text-image\"><source media=\"(max-width: 560px)\" srcset=\"https:\/\/multi-mam.com\/cdn-cgi\/image\/format=auto,width=560\/app\/uploads\/sites\/18\/2022\/10\/about-Multi-Mam-1024x683-1.jpeg\"\/><source media=\"(max-width: 800px)\" srcset=\"https:\/\/multi-mam.com\/cdn-cgi\/image\/format=auto,width=800\/app\/uploads\/sites\/18\/2022\/10\/about-Multi-Mam-1024x683-1.jpeg\"\/><source media=\"(max-width: 1920px)\" srcset=\"https:\/\/multi-mam.com\/cdn-cgi\/image\/format=auto,width=1920\/app\/uploads\/sites\/18\/2022\/10\/about-Multi-Mam-1024x683-1.jpeg\"\/><img decoding=\"async\" width=\"1024\" height=\"683\" datatest=\"background-image\" loading=\"lazy\" class=\"object-center object-cover\" src=\"https:\/\/multi-mam.com\/cdn-cgi\/image\/format=auto\/app\/uploads\/sites\/18\/2022\/10\/about-Multi-Mam-1024x683-1.jpeg\" alt=\"Background image\"\/><\/picture><div datatest=\"content-wrapper\" class=\"background-image-with-text-content-wrapper container max-w-medium text-alignment-center  pt-large pb-large\"><div class=\"content\"><h1 datatest=\"heading\" class=\"\">\u00c0 propos de Multi-Mam<\/h1>\n<div class=\"wp-block-buttons is-layout-flex wp-block-buttons-is-layout-flex\"><\/div>\n<\/div><\/div><\/div><\/div>\n\n\n\n<div class=\"wp-block-karopharma-free-text pt-large pb-large bg-center bg-cover bg-no-repeat  undefined is-style-primary\" style=\"background-image:url()\"><div class=\"free-text-wrapper container max-w-medium text-left\">\n<h2 class=\"is-style-heading-h2 wp-block-heading\" id=\"unsere-geschichte\">Notre histoire<\/h2>\n\n\n\n<p class=\"is-style-paragraph-preamble\">\u00c9lever un enfant est une exp\u00e9rience extraordinaire \u00e0 bien des \u00e9gards, mais les premiers jours de la maternit\u00e9 et de l\u2019allaitement peuvent \u00eatre \u00e9puisants et douloureux. De nombreuses femmes ont honte de parler de leurs d\u00e9sagr\u00e9ments li\u00e9s \u00e0 l\u2019accouchement et \u00e0 l\u2019allaitement, ou ne savent tout simplement pas vers qui se tourner pour obtenir de l\u2019aide. Plut\u00f4t que d\u2019en parler, elles souffrent en silence. C\u2019est en voyant de nouvelles m\u00e8res lutter contre la douleur, voire arr\u00eater d\u2019allaiter plus t\u00f4t qu\u2019elles ne l\u2019avaient pr\u00e9vu ou souhait\u00e9, que nous avons d\u00e9velopp\u00e9 Multi-Mam.<\/p>\n<\/div><\/div>\n\n\n\n<div class=\"wp-block-karopharma-free-text pt-large pb-large bg-center bg-cover bg-no-repeat  undefined is-style-transparent\" style=\"background-image:url()\"><div class=\"free-text-wrapper container max-w-medium text-left\">\n<h2 class=\"is-style-heading-h2 wp-block-heading\" id=\"unsere-geschichte\">\u00c0 propos de Multi-Mam<sup>\u00ae<\/sup><\/h2>\n\n\n\n<p class=\"is-style-paragraph-body-text\">Multi-Mam est une collection de produits naturels qui soulagent les d\u00e9sagr\u00e9ments li\u00e9s \u00e0 l\u2019accouchement et \u00e0 l\u2019allaitement. Nous avons d\u00e9velopp\u00e9 Multi-Mam pour aider les nouvelles m\u00e8res \u00e0 se sentir \u00e0 l\u2019aise et \u00e0 prendre soin d\u2019elles. Lorsque les m\u00e8res se sentent \u00e9panouies, elles profitent pleinement de leur maternit\u00e9 et donnent \u00e0 leur b\u00e9b\u00e9 le meilleur d\u00e9part possible dans la vie.<\/p>\n\n\n\n<h2 class=\"is-style-heading-h2 wp-block-heading\" id=\"unsere-geschichte\">Multi-Mam<sup>\u00ae<\/sup> Ingr\u00e9dients<\/h2>\n\n\n\n<p>Nous savons que vous ne voulez que le meilleur pour votre b\u00e9b\u00e9, et les produits Multi-Mam sont donc de la plus haute qualit\u00e9. Nos ingr\u00e9dients sont pour la plupart d\u00e9riv\u00e9s de sources naturelles et sont inoffensifs pour les m\u00e8res et les nourrissons.<\/p>\n\n\n\n<p>Les compresses Multi-Mam sont bas\u00e9es sur le compos\u00e9 unique et brevet\u00e9 2QR (prononc\u00e9 \u00ab&nbsp;to cure&nbsp;\u00bb [gu\u00e9rir]), un ingr\u00e9dient naturel \u00e0 base d\u2019Aloe Barbandenis. Cet ingr\u00e9dient sp\u00e9cial hydrate et favorise le processus naturel de gu\u00e9rison.<\/p>\n\n\n\n<p>Multi-Mam Protect est une formule douce et v\u00e9gane, principalement \u00e9labor\u00e9e \u00e0 partir d\u2019huiles et de graisses v\u00e9g\u00e9tales, qui prot\u00e8ge les mamelons contre le dess\u00e8chement et les crevasses. La texture est douce et onctueuse, ce qui la rend particuli\u00e8rement facile \u00e0 appliquer, m\u00eame sur les peaux sensibles.<\/p>\n\n\n\n<p>Le spray Multi-Mam After-Birth contient une formule douce et v\u00e9gane \u00e0 base d\u2019ingr\u00e9dients naturels tels que la Rosa centifolia et l\u2019Aloe vera, qui prot\u00e8gent la peau des zones intimes. Il est sans parfum et son odeur est neutre.<\/p>\n\n\n\n<p>Pour en savoir plus sur nos produits et sur la fa\u00e7on dont ils peuvent vous aider \u00e0 profiter de la maternit\u00e9, cliquez ici.<\/p>\n\n\n\n<p class=\"is-style-paragraph-body-text has-primary-color has-text-color\"><a href=\"https:\/\/multi-mam.com\/fr\/produits\/\"><strong>Apprenez-en plus sur nos produits et comment ils peuvent vous aider \u00e0 profiter de la maternit\u00e9 ici.<\/strong><\/a><\/p>\n<\/div><\/div>\n\n\n<div class=\"product-list wp-block-karopharma-product-list\" data-testid=\"product-list\">\n      <div class=\"swiper-container\">\n      <div class=\"swiper\">\n        <div class=\"swiper-wrapper\">\n                      <div class=\"swiper-slide\">\n              <div class=\"product-card\" data-testid=\"product-card\">\n  <a\n    href=https:\/\/multi-mam.com\/fr\/produit\/after-birth-spray\/\n    class=\"product-card-link\"\n    title=\"Multi-Mam\u00ae After-Birth Spray\"\n  >\n  <figure class=\"product-card-image\" data-testid=\"product-image\">\n                          <img decoding=\"async\" src=\"https:\/\/multi-mam.com\/cdn-cgi\/image\/width=700,format=auto\/app\/uploads\/sites\/18\/2022\/10\/MultiMamAfterBirthSprayUnpackagedINTA03croppedv.png\"\n        srcset=\"https:\/\/multi-mam.com\/cdn-cgi\/image\/width=250,format=auto\/app\/uploads\/sites\/18\/2022\/10\/MultiMamAfterBirthSprayUnpackagedINTA03croppedv.png 250w,\n                https:\/\/multi-mam.com\/cdn-cgi\/image\/width=500,format=auto\/app\/uploads\/sites\/18\/2022\/10\/MultiMamAfterBirthSprayUnpackagedINTA03croppedv.png 500w,\n                https:\/\/multi-mam.com\/cdn-cgi\/image\/width=700,format=auto\/app\/uploads\/sites\/18\/2022\/10\/MultiMamAfterBirthSprayUnpackagedINTA03croppedv.png 700w\"\n        sizes=\"(max-width: 400px) 250px, (max-width: 800px) 500px, 700px\"\n        alt=\"MultiMamAfterBirthSprayUnpackagedINTA03croppedv\"\n        class=\"img\">\n            <\/figure>\n    <div class=\"product-card-content\">\n      <div class=\"heading-wrapper\">\n        <h2 class=\"heading\">Multi-Mam\u00ae After-Birth Spray<\/h2>\n      <\/div>\n      <div class=\"product-card-description\">Effet apaisant imm\u00e9diat<\/div>\n                      <\/div>\n  <\/a>\n      <div class=\"button-wrapper\">\n    <a\n      href=https:\/\/multi-mam.com\/fr\/produit\/after-birth-spray\/\n      target=_self\n      class=\"theme-button button-primary-color rounded-button\"\n      rel=\"noopener\"\n      title=\"En savoir plus\"\n    >\n       En savoir plus\n    <\/a>\n<\/div>  <\/div>\n            <\/div>\n                      <div class=\"swiper-slide\">\n              <div class=\"product-card\" data-testid=\"product-card\">\n  <a\n    href=https:\/\/multi-mam.com\/fr\/produit\/multi-mam-balsam-protect\/\n    class=\"product-card-link\"\n    title=\"Multi-Mam\u00ae Balsam Protect\"\n  >\n  <figure class=\"product-card-image\" data-testid=\"product-image\">\n                          <img decoding=\"async\" src=\"https:\/\/multi-mam.com\/cdn-cgi\/image\/width=700,format=auto\/app\/uploads\/sites\/18\/2022\/10\/MultiMam_BalsamProtect-kl_edit.png\"\n        srcset=\"https:\/\/multi-mam.com\/cdn-cgi\/image\/width=250,format=auto\/app\/uploads\/sites\/18\/2022\/10\/MultiMam_BalsamProtect-kl_edit.png 250w,\n                https:\/\/multi-mam.com\/cdn-cgi\/image\/width=500,format=auto\/app\/uploads\/sites\/18\/2022\/10\/MultiMam_BalsamProtect-kl_edit.png 500w,\n                https:\/\/multi-mam.com\/cdn-cgi\/image\/width=700,format=auto\/app\/uploads\/sites\/18\/2022\/10\/MultiMam_BalsamProtect-kl_edit.png 700w\"\n        sizes=\"(max-width: 400px) 250px, (max-width: 800px) 500px, 700px\"\n        alt=\"MultiMam_BalsamProtect\"\n        class=\"img\">\n            <\/figure>\n    <div class=\"product-card-content\">\n      <div class=\"heading-wrapper\">\n        <h2 class=\"heading\">Multi-Mam\u00ae Balsam Protect<\/h2>\n      <\/div>\n      <div class=\"product-card-description\">Apaise les mamelons<\/div>\n                      <\/div>\n  <\/a>\n      <div class=\"button-wrapper\">\n    <a\n      href=https:\/\/multi-mam.com\/fr\/produit\/multi-mam-balsam-protect\/\n      target=_self\n      class=\"theme-button button-primary-color rounded-button\"\n      rel=\"noopener\"\n      title=\"En savoir plus\"\n    >\n       En savoir plus\n    <\/a>\n<\/div>  <\/div>\n            <\/div>\n                      <div class=\"swiper-slide\">\n              <div class=\"product-card\" data-testid=\"product-card\">\n  <a\n    href=https:\/\/multi-mam.com\/fr\/produit\/multi-mam-comprime\/\n    class=\"product-card-link\"\n    title=\"Multi-Mam\u00ae Compresses\"\n  >\n  <figure class=\"product-card-image\" data-testid=\"product-image\">\n                          <img decoding=\"async\" src=\"https:\/\/multi-mam.com\/cdn-cgi\/image\/width=700,format=auto\/app\/uploads\/sites\/18\/2022\/10\/MultiMamKompressen-kl_edit.png\"\n        srcset=\"https:\/\/multi-mam.com\/cdn-cgi\/image\/width=250,format=auto\/app\/uploads\/sites\/18\/2022\/10\/MultiMamKompressen-kl_edit.png 250w,\n                https:\/\/multi-mam.com\/cdn-cgi\/image\/width=500,format=auto\/app\/uploads\/sites\/18\/2022\/10\/MultiMamKompressen-kl_edit.png 500w,\n                https:\/\/multi-mam.com\/cdn-cgi\/image\/width=700,format=auto\/app\/uploads\/sites\/18\/2022\/10\/MultiMamKompressen-kl_edit.png 700w\"\n        sizes=\"(max-width: 400px) 250px, (max-width: 800px) 500px, 700px\"\n        alt=\"MultiMamKompressen\"\n        class=\"img\">\n            <\/figure>\n    <div class=\"product-card-content\">\n      <div class=\"heading-wrapper\">\n        <h2 class=\"heading\">Multi-Mam\u00ae Compresses<\/h2>\n      <\/div>\n      <div class=\"product-card-description\">Soin doux pour un allaitement confortable<\/div>\n                      <\/div>\n  <\/a>\n      <div class=\"button-wrapper\">\n    <a\n      href=https:\/\/multi-mam.com\/fr\/produit\/multi-mam-comprime\/\n      target=_self\n      class=\"theme-button button-primary-color rounded-button\"\n      rel=\"noopener\"\n      title=\"En savoir plus\"\n    >\n       En savoir plus\n    <\/a>\n<\/div>  <\/div>\n            <\/div>\n                  <\/div>\n        <div class=\"swiper-scrollbar\"><\/div>\n      <\/div>\n    <\/div>\n  <\/div>\n","protected":false},"excerpt":{"rendered":"","protected":false},"author":2,"featured_media":0,"parent":0,"menu_order":0,"comment_status":"closed","ping_status":"closed","template":"","meta":{"_acf_changed":false,"footnotes":""},"from-article-database":[],"class_list":["post-60","page","type-page","status-publish","hentry"],"acf":[],"yoast_head":"<!-- This site is optimized with the Yoast SEO plugin v26.6 - https:\/\/yoast.com\/wordpress\/plugins\/seo\/ -->\n<title>\u00c0 propos de Multi-Mam - Multi-Mam<\/title>\n<meta name=\"description\" content=\"Multi-Mam est une gamme de produits \u00e0 base naturelle \u00e0 utiliser dans les conditions du post-partum et de l&#039;allaitement.\" \/>\n<meta name=\"robots\" content=\"index, follow, max-snippet:-1, max-image-preview:large, max-video-preview:-1\" \/>\n<link rel=\"canonical\" href=\"https:\/\/multi-mam.com\/fr\/a-propos-de-multi-mam\/\" \/>\n<meta property=\"og:locale\" content=\"fr_FR\" \/>\n<meta property=\"og:type\" content=\"article\" \/>\n<meta property=\"og:title\" content=\"\u00c0 propos de Multi-Mam - Multi-Mam\" \/>\n<meta property=\"og:description\" content=\"Multi-Mam est une gamme de produits \u00e0 base naturelle \u00e0 utiliser dans les conditions du post-partum et de l&#039;allaitement.\" \/>\n<meta property=\"og:url\" content=\"https:\/\/multi-mam.com\/fr\/a-propos-de-multi-mam\/\" \/>\n<meta property=\"og:site_name\" content=\"Multi-Mam\" \/>\n<meta property=\"article:modified_time\" content=\"2025-04-28T12:48:25+00:00\" \/>\n<meta property=\"og:image\" content=\"https:\/\/multi-mam.com\/cdn-cgi\/image\/format=auto\/app\/uploads\/sites\/18\/2022\/10\/about-Multi-Mam-1024x683-1.jpeg\" \/>\n<meta name=\"twitter:card\" content=\"summary_large_image\" \/>\n<meta name=\"twitter:label1\" content=\"Dur\u00e9e de lecture estim\u00e9e\" \/>\n\t<meta name=\"twitter:data1\" content=\"3 minutes\" \/>\n<script type=\"application\/ld+json\" class=\"yoast-schema-graph\">{\"@context\":\"https:\/\/schema.org\",\"@graph\":[{\"@type\":\"WebPage\",\"@id\":\"https:\/\/multi-mam.com\/fr\/a-propos-de-multi-mam\/\",\"url\":\"https:\/\/multi-mam.com\/fr\/a-propos-de-multi-mam\/\",\"name\":\"\u00c0 propos de Multi-Mam - Multi-Mam\",\"isPartOf\":{\"@id\":\"https:\/\/multi-mam.com\/fr\/#website\"},\"primaryImageOfPage\":{\"@id\":\"https:\/\/multi-mam.com\/fr\/a-propos-de-multi-mam\/#primaryimage\"},\"image\":{\"@id\":\"https:\/\/multi-mam.com\/fr\/a-propos-de-multi-mam\/#primaryimage\"},\"thumbnailUrl\":\"https:\/\/multi-mam.com\/cdn-cgi\/image\/format=auto\/app\/uploads\/sites\/18\/2022\/10\/about-Multi-Mam-1024x683-1.jpeg\",\"datePublished\":\"2022-10-03T11:56:20+00:00\",\"dateModified\":\"2025-04-28T12:48:25+00:00\",\"description\":\"Multi-Mam est une gamme de produits \u00e0 base naturelle \u00e0 utiliser dans les conditions du post-partum et de l'allaitement.\",\"breadcrumb\":{\"@id\":\"https:\/\/multi-mam.com\/fr\/a-propos-de-multi-mam\/#breadcrumb\"},\"inLanguage\":\"fr-FR\",\"potentialAction\":[{\"@type\":\"ReadAction\",\"target\":[\"https:\/\/multi-mam.com\/fr\/a-propos-de-multi-mam\/\"]}]},{\"@type\":\"ImageObject\",\"inLanguage\":\"fr-FR\",\"@id\":\"https:\/\/multi-mam.com\/fr\/a-propos-de-multi-mam\/#primaryimage\",\"url\":\"https:\/\/multi-mam.com\/cdn-cgi\/image\/format=auto\/app\/uploads\/sites\/18\/2022\/10\/about-Multi-Mam-1024x683-1.jpeg\",\"contentUrl\":\"https:\/\/multi-mam.com\/cdn-cgi\/image\/format=auto\/app\/uploads\/sites\/18\/2022\/10\/about-Multi-Mam-1024x683-1.jpeg\"},{\"@type\":\"BreadcrumbList\",\"@id\":\"https:\/\/multi-mam.com\/fr\/a-propos-de-multi-mam\/#breadcrumb\",\"itemListElement\":[{\"@type\":\"ListItem\",\"position\":1,\"name\":\"Home\",\"item\":\"https:\/\/multi-mam.com\/fr\/\"},{\"@type\":\"ListItem\",\"position\":2,\"name\":\"\u00c0 propos de Multi-Mam\"}]},{\"@type\":\"WebSite\",\"@id\":\"https:\/\/multi-mam.com\/fr\/#website\",\"url\":\"https:\/\/multi-mam.com\/fr\/\",\"name\":\"Multi-Mam\",\"description\":\"\",\"publisher\":{\"@id\":\"https:\/\/multi-mam.com\/fr\/#organization\"},\"potentialAction\":[{\"@type\":\"SearchAction\",\"target\":{\"@type\":\"EntryPoint\",\"urlTemplate\":\"https:\/\/multi-mam.com\/fr\/?s={search_term_string}\"},\"query-input\":{\"@type\":\"PropertyValueSpecification\",\"valueRequired\":true,\"valueName\":\"search_term_string\"}}],\"inLanguage\":\"fr-FR\"},{\"@type\":\"Organization\",\"@id\":\"https:\/\/multi-mam.com\/fr\/#organization\",\"name\":\"Multi-Mam\",\"url\":\"https:\/\/multi-mam.com\/fr\/\",\"logo\":{\"@type\":\"ImageObject\",\"inLanguage\":\"fr-FR\",\"@id\":\"https:\/\/multi-mam.com\/fr\/#\/schema\/logo\/image\/\",\"url\":\"https:\/\/multi-mam.com\/app\/uploads\/sites\/18\/2022\/09\/multi-mam-logotype.png\",\"contentUrl\":\"https:\/\/multi-mam.com\/app\/uploads\/sites\/18\/2022\/09\/multi-mam-logotype.png\",\"width\":70,\"height\":96,\"caption\":\"Multi-Mam\"},\"image\":{\"@id\":\"https:\/\/multi-mam.com\/fr\/#\/schema\/logo\/image\/\"}}]}<\/script>\n<!-- \/ Yoast SEO plugin. -->","yoast_head_json":{"title":"\u00c0 propos de Multi-Mam - Multi-Mam","description":"Multi-Mam est une gamme de produits \u00e0 base naturelle \u00e0 utiliser dans les conditions du post-partum et de l'allaitement.","robots":{"index":"index","follow":"follow","max-snippet":"max-snippet:-1","max-image-preview":"max-image-preview:large","max-video-preview":"max-video-preview:-1"},"canonical":"https:\/\/multi-mam.com\/fr\/a-propos-de-multi-mam\/","og_locale":"fr_FR","og_type":"article","og_title":"\u00c0 propos de Multi-Mam - Multi-Mam","og_description":"Multi-Mam est une gamme de produits \u00e0 base naturelle \u00e0 utiliser dans les conditions du post-partum et de l'allaitement.","og_url":"https:\/\/multi-mam.com\/fr\/a-propos-de-multi-mam\/","og_site_name":"Multi-Mam","article_modified_time":"2025-04-28T12:48:25+00:00","og_image":[{"url":"https:\/\/multi-mam.com\/cdn-cgi\/image\/format=auto\/app\/uploads\/sites\/18\/2022\/10\/about-Multi-Mam-1024x683-1.jpeg","type":"","width":"","height":""}],"twitter_card":"summary_large_image","twitter_misc":{"Dur\u00e9e de lecture estim\u00e9e":"3 minutes"},"schema":{"@context":"https:\/\/schema.org","@graph":[{"@type":"WebPage","@id":"https:\/\/multi-mam.com\/fr\/a-propos-de-multi-mam\/","url":"https:\/\/multi-mam.com\/fr\/a-propos-de-multi-mam\/","name":"\u00c0 propos de Multi-Mam - Multi-Mam","isPartOf":{"@id":"https:\/\/multi-mam.com\/fr\/#website"},"primaryImageOfPage":{"@id":"https:\/\/multi-mam.com\/fr\/a-propos-de-multi-mam\/#primaryimage"},"image":{"@id":"https:\/\/multi-mam.com\/fr\/a-propos-de-multi-mam\/#primaryimage"},"thumbnailUrl":"https:\/\/multi-mam.com\/cdn-cgi\/image\/format=auto\/app\/uploads\/sites\/18\/2022\/10\/about-Multi-Mam-1024x683-1.jpeg","datePublished":"2022-10-03T11:56:20+00:00","dateModified":"2025-04-28T12:48:25+00:00","description":"Multi-Mam est une gamme de produits \u00e0 base naturelle \u00e0 utiliser dans les conditions du post-partum et de l'allaitement.","breadcrumb":{"@id":"https:\/\/multi-mam.com\/fr\/a-propos-de-multi-mam\/#breadcrumb"},"inLanguage":"fr-FR","potentialAction":[{"@type":"ReadAction","target":["https:\/\/multi-mam.com\/fr\/a-propos-de-multi-mam\/"]}]},{"@type":"ImageObject","inLanguage":"fr-FR","@id":"https:\/\/multi-mam.com\/fr\/a-propos-de-multi-mam\/#primaryimage","url":"https:\/\/multi-mam.com\/cdn-cgi\/image\/format=auto\/app\/uploads\/sites\/18\/2022\/10\/about-Multi-Mam-1024x683-1.jpeg","contentUrl":"https:\/\/multi-mam.com\/cdn-cgi\/image\/format=auto\/app\/uploads\/sites\/18\/2022\/10\/about-Multi-Mam-1024x683-1.jpeg"},{"@type":"BreadcrumbList","@id":"https:\/\/multi-mam.com\/fr\/a-propos-de-multi-mam\/#breadcrumb","itemListElement":[{"@type":"ListItem","position":1,"name":"Home","item":"https:\/\/multi-mam.com\/fr\/"},{"@type":"ListItem","position":2,"name":"\u00c0 propos de Multi-Mam"}]},{"@type":"WebSite","@id":"https:\/\/multi-mam.com\/fr\/#website","url":"https:\/\/multi-mam.com\/fr\/","name":"Multi-Mam","description":"","publisher":{"@id":"https:\/\/multi-mam.com\/fr\/#organization"},"potentialAction":[{"@type":"SearchAction","target":{"@type":"EntryPoint","urlTemplate":"https:\/\/multi-mam.com\/fr\/?s={search_term_string}"},"query-input":{"@type":"PropertyValueSpecification","valueRequired":true,"valueName":"search_term_string"}}],"inLanguage":"fr-FR"},{"@type":"Organization","@id":"https:\/\/multi-mam.com\/fr\/#organization","name":"Multi-Mam","url":"https:\/\/multi-mam.com\/fr\/","logo":{"@type":"ImageObject","inLanguage":"fr-FR","@id":"https:\/\/multi-mam.com\/fr\/#\/schema\/logo\/image\/","url":"https:\/\/multi-mam.com\/app\/uploads\/sites\/18\/2022\/09\/multi-mam-logotype.png","contentUrl":"https:\/\/multi-mam.com\/app\/uploads\/sites\/18\/2022\/09\/multi-mam-logotype.png","width":70,"height":96,"caption":"Multi-Mam"},"image":{"@id":"https:\/\/multi-mam.com\/fr\/#\/schema\/logo\/image\/"}}]}},"_links":{"self":[{"href":"https:\/\/multi-mam.com\/fr\/wp-json\/wp\/v2\/pages\/60","targetHints":{"allow":["GET"]}}],"collection":[{"href":"https:\/\/multi-mam.com\/fr\/wp-json\/wp\/v2\/pages"}],"about":[{"href":"https:\/\/multi-mam.com\/fr\/wp-json\/wp\/v2\/types\/page"}],"author":[{"embeddable":true,"href":"https:\/\/multi-mam.com\/fr\/wp-json\/wp\/v2\/users\/2"}],"replies":[{"embeddable":true,"href":"https:\/\/multi-mam.com\/fr\/wp-json\/wp\/v2\/comments?post=60"}],"version-history":[{"count":6,"href":"https:\/\/multi-mam.com\/fr\/wp-json\/wp\/v2\/pages\/60\/revisions"}],"predecessor-version":[{"id":141,"href":"https:\/\/multi-mam.com\/fr\/wp-json\/wp\/v2\/pages\/60\/revisions\/141"}],"wp:attachment":[{"href":"https:\/\/multi-mam.com\/fr\/wp-json\/wp\/v2\/media?parent=60"}],"wp:term":[{"taxonomy":"from-article-database","embeddable":true,"href":"https:\/\/multi-mam.com\/fr\/wp-json\/wp\/v2\/from-article-database?post=60"}],"curies":[{"name":"wp","href":"https:\/\/api.w.org\/{rel}","templated":true}]}}