{"id":5,"date":"2022-09-30T12:05:24","date_gmt":"2022-09-30T12:05:24","guid":{"rendered":"https:\/\/multi-mam.com\/fr\/?page_id=5"},"modified":"2025-04-28T14:48:30","modified_gmt":"2025-04-28T12:48:30","slug":"multi-mam","status":"publish","type":"page","link":"https:\/\/multi-mam.com\/fr\/","title":{"rendered":"Page d\u2019accueil"},"content":{"rendered":"\n<div class=\"wp-block-karopharma-free-text pt-large pb-large bg-center bg-cover bg-no-repeat bg-box undefined\" style=\"background-image:url(https:\/\/multi-mam.com\/cdn-cgi\/image\/format=auto\/app\/uploads\/sites\/18\/2022\/10\/multi-mam-1024x682-1.jpeg)\"><div class=\"free-text-wrapper container max-w-medium text-center\">\n<figure class=\"wp-block-image size-full\"><img loading=\"lazy\" decoding=\"async\" width=\"1024\" height=\"400\" src=\"https:\/\/multi-mam.com\/app\/uploads\/sites\/18\/2022\/10\/multi-mam-produkte-startFR_new.png\" alt=\"multi-mam-produkte-startFR_new\" class=\"wp-image-131\" srcset=\"https:\/\/multi-mam.com\/app\/uploads\/sites\/18\/2022\/10\/multi-mam-produkte-startFR_new.png 1024w, https:\/\/multi-mam.com\/app\/uploads\/sites\/18\/2022\/10\/multi-mam-produkte-startFR_new-320x125.png 320w, https:\/\/multi-mam.com\/app\/uploads\/sites\/18\/2022\/10\/multi-mam-produkte-startFR_new-768x300.png 768w, https:\/\/multi-mam.com\/app\/uploads\/sites\/18\/2022\/10\/multi-mam-produkte-startFR_new-600x234.png 600w\" sizes=\"auto, (max-width: 1024px) 100vw, 1024px\" \/><\/figure>\n\n\n\n<h1 class=\"is-style-heading-huge has-primary-color has-text-color wp-block-heading\" id=\"love-is-all-you-need\">Rien ne vaut l\u2019amour d\u2019une m\u00e8re<\/h1>\n\n\n\n<h2 class=\"is-style-heading-h2 has-primary-color has-text-color wp-block-heading\" id=\"und-multi-mam-fur-mutter-und-kind\">\u2026Multi-Mam\u00ae vous aide \u00e0 le transmettre \u00e0 votre enfant.<\/h2>\n\n\n\n<div class=\"wp-block-buttons is-layout-flex wp-block-buttons-is-layout-flex\">\n<div class=\"wp-block-button is-style-secondary-button\"><a class=\"wp-block-button__link\" href=\"https:\/\/multi-mam.com\/fr\/produits\/\">Plus d\u2019informations<\/a><\/div>\n<\/div>\n<\/div><\/div>\n\n\n<div class=\"product-list wp-block-karopharma-product-list\" data-testid=\"product-list\">\n      <div class=\"swiper-container\">\n      <div class=\"swiper\">\n        <div class=\"swiper-wrapper\">\n                      <div class=\"swiper-slide\">\n              <div class=\"product-card\" data-testid=\"product-card\">\n  <a\n    href=https:\/\/multi-mam.com\/fr\/produit\/after-birth-spray\/\n    class=\"product-card-link\"\n    title=\"Multi-Mam\u00ae After-Birth Spray\"\n  >\n  <figure class=\"product-card-image\" data-testid=\"product-image\">\n                          <img decoding=\"async\" src=\"https:\/\/multi-mam.com\/cdn-cgi\/image\/width=700,format=auto\/app\/uploads\/sites\/18\/2022\/10\/MultiMamAfterBirthSprayUnpackagedINTA03croppedv.png\"\n        srcset=\"https:\/\/multi-mam.com\/cdn-cgi\/image\/width=250,format=auto\/app\/uploads\/sites\/18\/2022\/10\/MultiMamAfterBirthSprayUnpackagedINTA03croppedv.png 250w,\n                https:\/\/multi-mam.com\/cdn-cgi\/image\/width=500,format=auto\/app\/uploads\/sites\/18\/2022\/10\/MultiMamAfterBirthSprayUnpackagedINTA03croppedv.png 500w,\n                https:\/\/multi-mam.com\/cdn-cgi\/image\/width=700,format=auto\/app\/uploads\/sites\/18\/2022\/10\/MultiMamAfterBirthSprayUnpackagedINTA03croppedv.png 700w\"\n        sizes=\"(max-width: 400px) 250px, (max-width: 800px) 500px, 700px\"\n        alt=\"MultiMamAfterBirthSprayUnpackagedINTA03croppedv\"\n        class=\"img\">\n            <\/figure>\n    <div class=\"product-card-content\">\n      <div class=\"heading-wrapper\">\n        <h2 class=\"heading\">Multi-Mam\u00ae After-Birth Spray<\/h2>\n      <\/div>\n      <div class=\"product-card-description\">Effet apaisant imm\u00e9diat<\/div>\n                      <\/div>\n  <\/a>\n      <div class=\"button-wrapper\">\n    <a\n      href=https:\/\/multi-mam.com\/fr\/produit\/after-birth-spray\/\n      target=_self\n      class=\"theme-button button-primary-color rounded-button\"\n      rel=\"noopener\"\n      title=\"En savoir plus\"\n    >\n       En savoir plus\n    <\/a>\n<\/div>  <\/div>\n            <\/div>\n                      <div class=\"swiper-slide\">\n              <div class=\"product-card\" data-testid=\"product-card\">\n  <a\n    href=https:\/\/multi-mam.com\/fr\/produit\/multi-mam-balsam-protect\/\n    class=\"product-card-link\"\n    title=\"Multi-Mam\u00ae Balsam Protect\"\n  >\n  <figure class=\"product-card-image\" data-testid=\"product-image\">\n                          <img decoding=\"async\" src=\"https:\/\/multi-mam.com\/cdn-cgi\/image\/width=700,format=auto\/app\/uploads\/sites\/18\/2022\/10\/MultiMam_BalsamProtect-kl_edit.png\"\n        srcset=\"https:\/\/multi-mam.com\/cdn-cgi\/image\/width=250,format=auto\/app\/uploads\/sites\/18\/2022\/10\/MultiMam_BalsamProtect-kl_edit.png 250w,\n                https:\/\/multi-mam.com\/cdn-cgi\/image\/width=500,format=auto\/app\/uploads\/sites\/18\/2022\/10\/MultiMam_BalsamProtect-kl_edit.png 500w,\n                https:\/\/multi-mam.com\/cdn-cgi\/image\/width=700,format=auto\/app\/uploads\/sites\/18\/2022\/10\/MultiMam_BalsamProtect-kl_edit.png 700w\"\n        sizes=\"(max-width: 400px) 250px, (max-width: 800px) 500px, 700px\"\n        alt=\"MultiMam_BalsamProtect\"\n        class=\"img\">\n            <\/figure>\n    <div class=\"product-card-content\">\n      <div class=\"heading-wrapper\">\n        <h2 class=\"heading\">Multi-Mam\u00ae Balsam Protect<\/h2>\n      <\/div>\n      <div class=\"product-card-description\">Apaise les mamelons<\/div>\n                      <\/div>\n  <\/a>\n      <div class=\"button-wrapper\">\n    <a\n      href=https:\/\/multi-mam.com\/fr\/produit\/multi-mam-balsam-protect\/\n      target=_self\n      class=\"theme-button button-primary-color rounded-button\"\n      rel=\"noopener\"\n      title=\"En savoir plus\"\n    >\n       En savoir plus\n    <\/a>\n<\/div>  <\/div>\n            <\/div>\n                      <div class=\"swiper-slide\">\n              <div class=\"product-card\" data-testid=\"product-card\">\n  <a\n    href=https:\/\/multi-mam.com\/fr\/produit\/multi-mam-comprime\/\n    class=\"product-card-link\"\n    title=\"Multi-Mam\u00ae Compresses\"\n  >\n  <figure class=\"product-card-image\" data-testid=\"product-image\">\n                          <img decoding=\"async\" src=\"https:\/\/multi-mam.com\/cdn-cgi\/image\/width=700,format=auto\/app\/uploads\/sites\/18\/2022\/10\/MultiMamKompressen-kl_edit.png\"\n        srcset=\"https:\/\/multi-mam.com\/cdn-cgi\/image\/width=250,format=auto\/app\/uploads\/sites\/18\/2022\/10\/MultiMamKompressen-kl_edit.png 250w,\n                https:\/\/multi-mam.com\/cdn-cgi\/image\/width=500,format=auto\/app\/uploads\/sites\/18\/2022\/10\/MultiMamKompressen-kl_edit.png 500w,\n                https:\/\/multi-mam.com\/cdn-cgi\/image\/width=700,format=auto\/app\/uploads\/sites\/18\/2022\/10\/MultiMamKompressen-kl_edit.png 700w\"\n        sizes=\"(max-width: 400px) 250px, (max-width: 800px) 500px, 700px\"\n        alt=\"MultiMamKompressen\"\n        class=\"img\">\n            <\/figure>\n    <div class=\"product-card-content\">\n      <div class=\"heading-wrapper\">\n        <h2 class=\"heading\">Multi-Mam\u00ae Compresses<\/h2>\n      <\/div>\n      <div class=\"product-card-description\">Soin doux pour un allaitement confortable<\/div>\n                      <\/div>\n  <\/a>\n      <div class=\"button-wrapper\">\n    <a\n      href=https:\/\/multi-mam.com\/fr\/produit\/multi-mam-comprime\/\n      target=_self\n      class=\"theme-button button-primary-color rounded-button\"\n      rel=\"noopener\"\n      title=\"En savoir plus\"\n    >\n       En savoir plus\n    <\/a>\n<\/div>  <\/div>\n            <\/div>\n                  <\/div>\n        <div class=\"swiper-scrollbar\"><\/div>\n      <\/div>\n    <\/div>\n  <\/div>\n\n\n\n<section class=\"wp-block-karopharma-image-with-text image-with-text image-with-text__full-width is-style-primary\"><div class=\"image-with-text-container \"><div class=\"image-with-text-container-image-container\"><img decoding=\"async\" loading=\"lazy\" src=\"https:\/\/multi-mam.com\/cdn-cgi\/image\/format=auto\/app\/uploads\/sites\/18\/2022\/10\/start-multimam.jpeg\" alt=\"start-multimam\"\/><\/div><div class=\"image-with-text-container-content\" style=\"text-align:left\" data-test=\"content\"><div class=\"content\"><h2>Prendre plaisir \u00e0 se conna\u00eetre<\/h2><p class=\"body\" data-test=\"body\">Devenir m\u00e8re est un sentiment \u00e0 la fois intime et sp\u00e9cial, qui peut par moments \u00eatre bouleversant. Pendant ces instants si pr\u00e9cieux, il est facile d\u2019oublier que prendre soin de soi est tout aussi important que prendre soin de son b\u00e9b\u00e9. Les probl\u00e8mes tels que les mamelons douloureux, la fatigue et les g\u00eanes dues aux pouss\u00e9es dentaires sont courants chez les jeunes m\u00e8res, et vous pouvez avoir besoin d\u2019une aide suppl\u00e9mentaire. Multi-Mam est l\u00e0 pour vous aider \u00e0 prendre un bon d\u00e9part. Votre \u00e9panouissement en tant que m\u00e8re est aussi b\u00e9n\u00e9fique pour vous que pour votre b\u00e9b\u00e9.<\/p>\n<div class=\"wp-block-buttons is-content-justification-left is-layout-flex wp-container-core-buttons-is-layout-fdcfc74e wp-block-buttons-is-layout-flex\">\n<div class=\"wp-block-button\"><a class=\"wp-block-button__link\" href=\"https:\/\/multi-mam.com\/fr\/produits\/\">D\u00e9couvrez les produits<\/a><\/div>\n<\/div>\n<\/div><\/div><\/div><\/section>\n","protected":false},"excerpt":{"rendered":"","protected":false},"author":2,"featured_media":0,"parent":0,"menu_order":0,"comment_status":"closed","ping_status":"closed","template":"","meta":{"_acf_changed":false,"footnotes":""},"from-article-database":[],"class_list":["post-5","page","type-page","status-publish","hentry"],"acf":[],"yoast_head":"<!-- This site is optimized with the Yoast SEO plugin v26.6 - https:\/\/yoast.com\/wordpress\/plugins\/seo\/ -->\n<title>Page d\u2019accueil - Multi-Mam<\/title>\n<meta name=\"description\" content=\"Multi-Mam\u00ae Love is all you need ...et Multi-Mam\u00ae pour vous et votre b\u00e9b\u00e9. Devenir m\u00e8re est un sentiment \u00e0 la fois intime et sp\u00e9cial, qui peut par moments \u00eatre bouleversant.\" \/>\n<meta name=\"robots\" content=\"index, follow, max-snippet:-1, max-image-preview:large, max-video-preview:-1\" \/>\n<link rel=\"canonical\" href=\"https:\/\/multi-mam.com\/fr\/\" \/>\n<meta property=\"og:locale\" content=\"fr_FR\" \/>\n<meta property=\"og:type\" content=\"article\" \/>\n<meta property=\"og:title\" content=\"Page d\u2019accueil - Multi-Mam\" \/>\n<meta property=\"og:description\" content=\"Multi-Mam\u00ae Love is all you need ...et Multi-Mam\u00ae pour vous et votre b\u00e9b\u00e9. Devenir m\u00e8re est un sentiment \u00e0 la fois intime et sp\u00e9cial, qui peut par moments \u00eatre bouleversant.\" \/>\n<meta property=\"og:url\" content=\"https:\/\/multi-mam.com\/fr\/\" \/>\n<meta property=\"og:site_name\" content=\"Multi-Mam\" \/>\n<meta property=\"article:modified_time\" content=\"2025-04-28T12:48:30+00:00\" \/>\n<meta property=\"og:image\" content=\"https:\/\/multi-mam.com\/app\/uploads\/sites\/18\/2022\/10\/multi-mam-produkte-startFR_new.png\" \/>\n\t<meta property=\"og:image:width\" content=\"1024\" \/>\n\t<meta property=\"og:image:height\" content=\"400\" \/>\n\t<meta property=\"og:image:type\" content=\"image\/png\" \/>\n<meta name=\"twitter:card\" content=\"summary_large_image\" \/>\n<meta name=\"twitter:label1\" content=\"Dur\u00e9e de lecture estim\u00e9e\" \/>\n\t<meta name=\"twitter:data1\" content=\"2 minutes\" \/>\n<script type=\"application\/ld+json\" class=\"yoast-schema-graph\">{\"@context\":\"https:\/\/schema.org\",\"@graph\":[{\"@type\":\"WebPage\",\"@id\":\"https:\/\/multi-mam.com\/fr\/\",\"url\":\"https:\/\/multi-mam.com\/fr\/\",\"name\":\"Page d\u2019accueil - Multi-Mam\",\"isPartOf\":{\"@id\":\"https:\/\/multi-mam.com\/fr\/#website\"},\"primaryImageOfPage\":{\"@id\":\"https:\/\/multi-mam.com\/fr\/#primaryimage\"},\"image\":{\"@id\":\"https:\/\/multi-mam.com\/fr\/#primaryimage\"},\"thumbnailUrl\":\"https:\/\/multi-mam.com\/app\/uploads\/sites\/18\/2022\/10\/multi-mam-produkte-startFR_new.png\",\"datePublished\":\"2022-09-30T12:05:24+00:00\",\"dateModified\":\"2025-04-28T12:48:30+00:00\",\"description\":\"Multi-Mam\u00ae Love is all you need ...et Multi-Mam\u00ae pour vous et votre b\u00e9b\u00e9. Devenir m\u00e8re est un sentiment \u00e0 la fois intime et sp\u00e9cial, qui peut par moments \u00eatre bouleversant.\",\"breadcrumb\":{\"@id\":\"https:\/\/multi-mam.com\/fr\/#breadcrumb\"},\"inLanguage\":\"fr-FR\",\"potentialAction\":[{\"@type\":\"ReadAction\",\"target\":[\"https:\/\/multi-mam.com\/fr\/\"]}]},{\"@type\":\"ImageObject\",\"inLanguage\":\"fr-FR\",\"@id\":\"https:\/\/multi-mam.com\/fr\/#primaryimage\",\"url\":\"https:\/\/multi-mam.com\/app\/uploads\/sites\/18\/2022\/10\/multi-mam-produkte-startFR_new.png\",\"contentUrl\":\"https:\/\/multi-mam.com\/app\/uploads\/sites\/18\/2022\/10\/multi-mam-produkte-startFR_new.png\"},{\"@type\":\"BreadcrumbList\",\"@id\":\"https:\/\/multi-mam.com\/fr\/#breadcrumb\",\"itemListElement\":[{\"@type\":\"ListItem\",\"position\":1,\"name\":\"Home\",\"item\":\"https:\/\/multi-mam.com\/fr\/\"},{\"@type\":\"ListItem\",\"position\":2,\"name\":\"Page d\u2019accueil\"}]},{\"@type\":\"WebSite\",\"@id\":\"https:\/\/multi-mam.com\/fr\/#website\",\"url\":\"https:\/\/multi-mam.com\/fr\/\",\"name\":\"Multi-Mam\",\"description\":\"\",\"publisher\":{\"@id\":\"https:\/\/multi-mam.com\/fr\/#organization\"},\"potentialAction\":[{\"@type\":\"SearchAction\",\"target\":{\"@type\":\"EntryPoint\",\"urlTemplate\":\"https:\/\/multi-mam.com\/fr\/?s={search_term_string}\"},\"query-input\":{\"@type\":\"PropertyValueSpecification\",\"valueRequired\":true,\"valueName\":\"search_term_string\"}}],\"inLanguage\":\"fr-FR\"},{\"@type\":\"Organization\",\"@id\":\"https:\/\/multi-mam.com\/fr\/#organization\",\"name\":\"Multi-Mam\",\"url\":\"https:\/\/multi-mam.com\/fr\/\",\"logo\":{\"@type\":\"ImageObject\",\"inLanguage\":\"fr-FR\",\"@id\":\"https:\/\/multi-mam.com\/fr\/#\/schema\/logo\/image\/\",\"url\":\"https:\/\/multi-mam.com\/app\/uploads\/sites\/18\/2022\/09\/multi-mam-logotype.png\",\"contentUrl\":\"https:\/\/multi-mam.com\/app\/uploads\/sites\/18\/2022\/09\/multi-mam-logotype.png\",\"width\":70,\"height\":96,\"caption\":\"Multi-Mam\"},\"image\":{\"@id\":\"https:\/\/multi-mam.com\/fr\/#\/schema\/logo\/image\/\"}}]}<\/script>\n<!-- \/ Yoast SEO plugin. -->","yoast_head_json":{"title":"Page d\u2019accueil - Multi-Mam","description":"Multi-Mam\u00ae Love is all you need ...et Multi-Mam\u00ae pour vous et votre b\u00e9b\u00e9. Devenir m\u00e8re est un sentiment \u00e0 la fois intime et sp\u00e9cial, qui peut par moments \u00eatre bouleversant.","robots":{"index":"index","follow":"follow","max-snippet":"max-snippet:-1","max-image-preview":"max-image-preview:large","max-video-preview":"max-video-preview:-1"},"canonical":"https:\/\/multi-mam.com\/fr\/","og_locale":"fr_FR","og_type":"article","og_title":"Page d\u2019accueil - Multi-Mam","og_description":"Multi-Mam\u00ae Love is all you need ...et Multi-Mam\u00ae pour vous et votre b\u00e9b\u00e9. Devenir m\u00e8re est un sentiment \u00e0 la fois intime et sp\u00e9cial, qui peut par moments \u00eatre bouleversant.","og_url":"https:\/\/multi-mam.com\/fr\/","og_site_name":"Multi-Mam","article_modified_time":"2025-04-28T12:48:30+00:00","og_image":[{"width":1024,"height":400,"url":"https:\/\/multi-mam.com\/app\/uploads\/sites\/18\/2022\/10\/multi-mam-produkte-startFR_new.png","type":"image\/png"}],"twitter_card":"summary_large_image","twitter_misc":{"Dur\u00e9e de lecture estim\u00e9e":"2 minutes"},"schema":{"@context":"https:\/\/schema.org","@graph":[{"@type":"WebPage","@id":"https:\/\/multi-mam.com\/fr\/","url":"https:\/\/multi-mam.com\/fr\/","name":"Page d\u2019accueil - Multi-Mam","isPartOf":{"@id":"https:\/\/multi-mam.com\/fr\/#website"},"primaryImageOfPage":{"@id":"https:\/\/multi-mam.com\/fr\/#primaryimage"},"image":{"@id":"https:\/\/multi-mam.com\/fr\/#primaryimage"},"thumbnailUrl":"https:\/\/multi-mam.com\/app\/uploads\/sites\/18\/2022\/10\/multi-mam-produkte-startFR_new.png","datePublished":"2022-09-30T12:05:24+00:00","dateModified":"2025-04-28T12:48:30+00:00","description":"Multi-Mam\u00ae Love is all you need ...et Multi-Mam\u00ae pour vous et votre b\u00e9b\u00e9. Devenir m\u00e8re est un sentiment \u00e0 la fois intime et sp\u00e9cial, qui peut par moments \u00eatre bouleversant.","breadcrumb":{"@id":"https:\/\/multi-mam.com\/fr\/#breadcrumb"},"inLanguage":"fr-FR","potentialAction":[{"@type":"ReadAction","target":["https:\/\/multi-mam.com\/fr\/"]}]},{"@type":"ImageObject","inLanguage":"fr-FR","@id":"https:\/\/multi-mam.com\/fr\/#primaryimage","url":"https:\/\/multi-mam.com\/app\/uploads\/sites\/18\/2022\/10\/multi-mam-produkte-startFR_new.png","contentUrl":"https:\/\/multi-mam.com\/app\/uploads\/sites\/18\/2022\/10\/multi-mam-produkte-startFR_new.png"},{"@type":"BreadcrumbList","@id":"https:\/\/multi-mam.com\/fr\/#breadcrumb","itemListElement":[{"@type":"ListItem","position":1,"name":"Home","item":"https:\/\/multi-mam.com\/fr\/"},{"@type":"ListItem","position":2,"name":"Page d\u2019accueil"}]},{"@type":"WebSite","@id":"https:\/\/multi-mam.com\/fr\/#website","url":"https:\/\/multi-mam.com\/fr\/","name":"Multi-Mam","description":"","publisher":{"@id":"https:\/\/multi-mam.com\/fr\/#organization"},"potentialAction":[{"@type":"SearchAction","target":{"@type":"EntryPoint","urlTemplate":"https:\/\/multi-mam.com\/fr\/?s={search_term_string}"},"query-input":{"@type":"PropertyValueSpecification","valueRequired":true,"valueName":"search_term_string"}}],"inLanguage":"fr-FR"},{"@type":"Organization","@id":"https:\/\/multi-mam.com\/fr\/#organization","name":"Multi-Mam","url":"https:\/\/multi-mam.com\/fr\/","logo":{"@type":"ImageObject","inLanguage":"fr-FR","@id":"https:\/\/multi-mam.com\/fr\/#\/schema\/logo\/image\/","url":"https:\/\/multi-mam.com\/app\/uploads\/sites\/18\/2022\/09\/multi-mam-logotype.png","contentUrl":"https:\/\/multi-mam.com\/app\/uploads\/sites\/18\/2022\/09\/multi-mam-logotype.png","width":70,"height":96,"caption":"Multi-Mam"},"image":{"@id":"https:\/\/multi-mam.com\/fr\/#\/schema\/logo\/image\/"}}]}},"_links":{"self":[{"href":"https:\/\/multi-mam.com\/fr\/wp-json\/wp\/v2\/pages\/5","targetHints":{"allow":["GET"]}}],"collection":[{"href":"https:\/\/multi-mam.com\/fr\/wp-json\/wp\/v2\/pages"}],"about":[{"href":"https:\/\/multi-mam.com\/fr\/wp-json\/wp\/v2\/types\/page"}],"author":[{"embeddable":true,"href":"https:\/\/multi-mam.com\/fr\/wp-json\/wp\/v2\/users\/2"}],"replies":[{"embeddable":true,"href":"https:\/\/multi-mam.com\/fr\/wp-json\/wp\/v2\/comments?post=5"}],"version-history":[{"count":8,"href":"https:\/\/multi-mam.com\/fr\/wp-json\/wp\/v2\/pages\/5\/revisions"}],"predecessor-version":[{"id":132,"href":"https:\/\/multi-mam.com\/fr\/wp-json\/wp\/v2\/pages\/5\/revisions\/132"}],"wp:attachment":[{"href":"https:\/\/multi-mam.com\/fr\/wp-json\/wp\/v2\/media?parent=5"}],"wp:term":[{"taxonomy":"from-article-database","embeddable":true,"href":"https:\/\/multi-mam.com\/fr\/wp-json\/wp\/v2\/from-article-database?post=5"}],"curies":[{"name":"wp","href":"https:\/\/api.w.org\/{rel}","templated":true}]}}