{"id":59,"date":"2022-06-22T10:25:10","date_gmt":"2022-06-22T07:25:10","guid":{"rendered":"https:\/\/multi-mam.com\/fi\/?post_type=product&#038;p=59"},"modified":"2026-02-20T09:36:04","modified_gmt":"2026-02-20T07:36:04","slug":"multi-mam-kompressit","status":"publish","type":"product","link":"https:\/\/multi-mam.com\/fi\/tuote\/multi-mam-kompressit\/","title":{"rendered":"Multi-Mam\u00ae Kompressit"},"content":{"rendered":"\n<div class=\"wp-block-karopharma-accordions is-style-secondary\"><div class=\"container\">\n<details class=\"wp-block-karopharma-accordion\"><summary><h2 class=\"accordion-title\">Miten Multi-Mam Kompresseja k\u00e4ytet\u00e4\u00e4n?<\/h2><\/summary><div class=\"accordion-content\">\n<p>Avaa pussi, avaa kompressitaitos ja aseta sen geelill\u00e4 kyll\u00e4stetty puoli kipe\u00e4n n\u00e4nnin p\u00e4\u00e4lle. J\u00e4t\u00e4 taitos iholle tarvittavaksi ajaksi. Katso suositellut ajat alta.<\/p>\n<\/div><\/details>\n\n\n\n<details class=\"wp-block-karopharma-accordion\"><summary><h2 class=\"accordion-title\">Kuinka pitk\u00e4\u00e4n minun tulisi pit\u00e4\u00e4 Multi-Mam Kompressia rintani p\u00e4\u00e4ll\u00e4?<\/h2><\/summary><div class=\"accordion-content\">\n<p>Mielell\u00e4\u00e4n 30 minuuttia, mutta v\u00e4hint\u00e4\u00e4n 10 minuuttia ja enint\u00e4\u00e4n 1 tunti.<\/p>\n<\/div><\/details>\n\n\n\n<details class=\"wp-block-karopharma-accordion\"><summary><h2 class=\"accordion-title\">Kuinka monta kertaa voin k\u00e4ytt\u00e4\u00e4 yht\u00e4 Multi-Mam Kompressia?<\/h2><\/summary><div class=\"accordion-content\">\n<p>Kompressit ovat kertak\u00e4ytt\u00f6isi\u00e4. K\u00e4yt\u00f6n j\u00e4lkeen kompressi on hygieniasyist\u00e4 h\u00e4vitett\u00e4v\u00e4.<\/p>\n<\/div><\/details>\n\n\n\n<details class=\"wp-block-karopharma-accordion\"><summary><h2 class=\"accordion-title\">Jos vauvani nielee hieman Multi-Mam Kompressin geeli\u00e4, voiko siit\u00e4 olla vaaraa?<\/h2><\/summary><div class=\"accordion-content\">\n<p>Ei; geeli on turvallinen vauvalle. Ylim\u00e4\u00e4r\u00e4ist\u00e4 geeli\u00e4 ei tarvitse poistaa ennen imetyst\u00e4.<\/p>\n<\/div><\/details>\n<\/div><\/div>\n","protected":false},"excerpt":{"rendered":"<p>Hoitaa kipeit\u00e4 rinnanp\u00e4it\u00e4<\/p>\n","protected":false},"featured_media":60,"comment_status":"closed","ping_status":"closed","template":"","meta":{"_acf_changed":false,"footnotes":""},"product_brand":[],"product_cat":[17],"product_tag":[],"class_list":{"0":"post-59","1":"product","2":"type-product","3":"status-publish","4":"has-post-thumbnail","6":"product_cat-imetys","8":"first","9":"instock","10":"shipping-taxable","11":"product-type-simple"},"acf":[],"yoast_head":"<!-- This site is optimized with the Yoast SEO plugin v26.6 - https:\/\/yoast.com\/wordpress\/plugins\/seo\/ -->\n<title>Multi-Mam\u00ae Kompressit - Multi-Mam<\/title>\n<meta name=\"description\" content=\"Multi-Mam kompressit hoitavat ep\u00e4mukavuutta imetyksen aikana, mm. kipu n\u00e4nneiss\u00e4, turvotus ja arkuus, jolla on suora viilent\u00e4v\u00e4 ja rauhoittava vaikutus.\" \/>\n<meta name=\"robots\" content=\"index, follow, max-snippet:-1, max-image-preview:large, max-video-preview:-1\" \/>\n<link rel=\"canonical\" href=\"https:\/\/multi-mam.com\/fi\/tuote\/multi-mam-kompressit\/\" \/>\n<meta property=\"og:locale\" content=\"fi_FI\" \/>\n<meta property=\"og:type\" content=\"article\" \/>\n<meta property=\"og:title\" content=\"Multi-Mam\u00ae Kompressit - Multi-Mam\" \/>\n<meta property=\"og:description\" content=\"Multi-Mam kompressit hoitavat ep\u00e4mukavuutta imetyksen aikana, mm. kipu n\u00e4nneiss\u00e4, turvotus ja arkuus, jolla on suora viilent\u00e4v\u00e4 ja rauhoittava vaikutus.\" \/>\n<meta property=\"og:url\" content=\"https:\/\/multi-mam.com\/fi\/tuote\/multi-mam-kompressit\/\" \/>\n<meta property=\"og:site_name\" content=\"Multi-Mam\" \/>\n<meta property=\"article:modified_time\" content=\"2026-02-20T07:36:04+00:00\" \/>\n<meta property=\"og:image\" content=\"https:\/\/multi-mam.com\/app\/uploads\/sites\/6\/2022\/06\/MultiMamKompressit-1400x1400-1.png\" \/>\n\t<meta property=\"og:image:width\" content=\"1400\" \/>\n\t<meta property=\"og:image:height\" content=\"1400\" \/>\n\t<meta property=\"og:image:type\" content=\"image\/png\" \/>\n<meta name=\"twitter:card\" content=\"summary_large_image\" \/>\n<meta name=\"twitter:label1\" content=\"Est. reading time\" \/>\n\t<meta name=\"twitter:data1\" content=\"1 minute\" \/>\n<script type=\"application\/ld+json\" class=\"yoast-schema-graph\">{\"@context\":\"https:\/\/schema.org\",\"@graph\":[{\"@type\":\"WebPage\",\"@id\":\"https:\/\/multi-mam.com\/fi\/tuote\/multi-mam-kompressit\/\",\"url\":\"https:\/\/multi-mam.com\/fi\/tuote\/multi-mam-kompressit\/\",\"name\":\"Multi-Mam\u00ae Kompressit - Multi-Mam\",\"isPartOf\":{\"@id\":\"https:\/\/multi-mam.com\/fi\/#website\"},\"primaryImageOfPage\":{\"@id\":\"https:\/\/multi-mam.com\/fi\/tuote\/multi-mam-kompressit\/#primaryimage\"},\"image\":{\"@id\":\"https:\/\/multi-mam.com\/fi\/tuote\/multi-mam-kompressit\/#primaryimage\"},\"thumbnailUrl\":\"https:\/\/multi-mam.com\/app\/uploads\/sites\/6\/2022\/06\/MultiMamKompressit-1400x1400-1.png\",\"datePublished\":\"2022-06-22T07:25:10+00:00\",\"dateModified\":\"2026-02-20T07:36:04+00:00\",\"description\":\"Multi-Mam kompressit hoitavat ep\u00e4mukavuutta imetyksen aikana, mm. kipu n\u00e4nneiss\u00e4, turvotus ja arkuus, jolla on suora viilent\u00e4v\u00e4 ja rauhoittava vaikutus.\",\"breadcrumb\":{\"@id\":\"https:\/\/multi-mam.com\/fi\/tuote\/multi-mam-kompressit\/#breadcrumb\"},\"inLanguage\":\"fi-FI\",\"potentialAction\":[{\"@type\":\"ReadAction\",\"target\":[\"https:\/\/multi-mam.com\/fi\/tuote\/multi-mam-kompressit\/\"]}]},{\"@type\":\"ImageObject\",\"inLanguage\":\"fi-FI\",\"@id\":\"https:\/\/multi-mam.com\/fi\/tuote\/multi-mam-kompressit\/#primaryimage\",\"url\":\"https:\/\/multi-mam.com\/app\/uploads\/sites\/6\/2022\/06\/MultiMamKompressit-1400x1400-1.png\",\"contentUrl\":\"https:\/\/multi-mam.com\/app\/uploads\/sites\/6\/2022\/06\/MultiMamKompressit-1400x1400-1.png\",\"width\":1400,\"height\":1400,\"caption\":\"Multi-Mam Kompressit\"},{\"@type\":\"BreadcrumbList\",\"@id\":\"https:\/\/multi-mam.com\/fi\/tuote\/multi-mam-kompressit\/#breadcrumb\",\"itemListElement\":[{\"@type\":\"ListItem\",\"position\":1,\"name\":\"Home\",\"item\":\"https:\/\/multi-mam.com\/fi\/\"},{\"@type\":\"ListItem\",\"position\":2,\"name\":\"Tuotteet\",\"item\":\"https:\/\/multi-mam.com\/fi\/tuotteet\/\"},{\"@type\":\"ListItem\",\"position\":3,\"name\":\"Multi-Mam\u00ae Kompressit\"}]},{\"@type\":\"WebSite\",\"@id\":\"https:\/\/multi-mam.com\/fi\/#website\",\"url\":\"https:\/\/multi-mam.com\/fi\/\",\"name\":\"Multi-Mam\",\"description\":\"\",\"publisher\":{\"@id\":\"https:\/\/multi-mam.com\/fi\/#organization\"},\"potentialAction\":[{\"@type\":\"SearchAction\",\"target\":{\"@type\":\"EntryPoint\",\"urlTemplate\":\"https:\/\/multi-mam.com\/fi\/?s={search_term_string}\"},\"query-input\":{\"@type\":\"PropertyValueSpecification\",\"valueRequired\":true,\"valueName\":\"search_term_string\"}}],\"inLanguage\":\"fi-FI\"},{\"@type\":\"Organization\",\"@id\":\"https:\/\/multi-mam.com\/fi\/#organization\",\"name\":\"Multi-Mam\",\"url\":\"https:\/\/multi-mam.com\/fi\/\",\"logo\":{\"@type\":\"ImageObject\",\"inLanguage\":\"fi-FI\",\"@id\":\"https:\/\/multi-mam.com\/fi\/#\/schema\/logo\/image\/\",\"url\":\"https:\/\/multi-mam.com\/app\/uploads\/sites\/6\/2022\/06\/multi-mam-logotype.png\",\"contentUrl\":\"https:\/\/multi-mam.com\/app\/uploads\/sites\/6\/2022\/06\/multi-mam-logotype.png\",\"width\":70,\"height\":96,\"caption\":\"Multi-Mam\"},\"image\":{\"@id\":\"https:\/\/multi-mam.com\/fi\/#\/schema\/logo\/image\/\"}}]}<\/script>\n<!-- \/ Yoast SEO plugin. -->","yoast_head_json":{"title":"Multi-Mam\u00ae Kompressit - Multi-Mam","description":"Multi-Mam kompressit hoitavat ep\u00e4mukavuutta imetyksen aikana, mm. kipu n\u00e4nneiss\u00e4, turvotus ja arkuus, jolla on suora viilent\u00e4v\u00e4 ja rauhoittava vaikutus.","robots":{"index":"index","follow":"follow","max-snippet":"max-snippet:-1","max-image-preview":"max-image-preview:large","max-video-preview":"max-video-preview:-1"},"canonical":"https:\/\/multi-mam.com\/fi\/tuote\/multi-mam-kompressit\/","og_locale":"fi_FI","og_type":"article","og_title":"Multi-Mam\u00ae Kompressit - Multi-Mam","og_description":"Multi-Mam kompressit hoitavat ep\u00e4mukavuutta imetyksen aikana, mm. kipu n\u00e4nneiss\u00e4, turvotus ja arkuus, jolla on suora viilent\u00e4v\u00e4 ja rauhoittava vaikutus.","og_url":"https:\/\/multi-mam.com\/fi\/tuote\/multi-mam-kompressit\/","og_site_name":"Multi-Mam","article_modified_time":"2026-02-20T07:36:04+00:00","og_image":[{"width":1400,"height":1400,"url":"https:\/\/multi-mam.com\/app\/uploads\/sites\/6\/2022\/06\/MultiMamKompressit-1400x1400-1.png","type":"image\/png"}],"twitter_card":"summary_large_image","twitter_misc":{"Est. reading time":"1 minute"},"schema":{"@context":"https:\/\/schema.org","@graph":[{"@type":"WebPage","@id":"https:\/\/multi-mam.com\/fi\/tuote\/multi-mam-kompressit\/","url":"https:\/\/multi-mam.com\/fi\/tuote\/multi-mam-kompressit\/","name":"Multi-Mam\u00ae Kompressit - Multi-Mam","isPartOf":{"@id":"https:\/\/multi-mam.com\/fi\/#website"},"primaryImageOfPage":{"@id":"https:\/\/multi-mam.com\/fi\/tuote\/multi-mam-kompressit\/#primaryimage"},"image":{"@id":"https:\/\/multi-mam.com\/fi\/tuote\/multi-mam-kompressit\/#primaryimage"},"thumbnailUrl":"https:\/\/multi-mam.com\/app\/uploads\/sites\/6\/2022\/06\/MultiMamKompressit-1400x1400-1.png","datePublished":"2022-06-22T07:25:10+00:00","dateModified":"2026-02-20T07:36:04+00:00","description":"Multi-Mam kompressit hoitavat ep\u00e4mukavuutta imetyksen aikana, mm. kipu n\u00e4nneiss\u00e4, turvotus ja arkuus, jolla on suora viilent\u00e4v\u00e4 ja rauhoittava vaikutus.","breadcrumb":{"@id":"https:\/\/multi-mam.com\/fi\/tuote\/multi-mam-kompressit\/#breadcrumb"},"inLanguage":"fi-FI","potentialAction":[{"@type":"ReadAction","target":["https:\/\/multi-mam.com\/fi\/tuote\/multi-mam-kompressit\/"]}]},{"@type":"ImageObject","inLanguage":"fi-FI","@id":"https:\/\/multi-mam.com\/fi\/tuote\/multi-mam-kompressit\/#primaryimage","url":"https:\/\/multi-mam.com\/app\/uploads\/sites\/6\/2022\/06\/MultiMamKompressit-1400x1400-1.png","contentUrl":"https:\/\/multi-mam.com\/app\/uploads\/sites\/6\/2022\/06\/MultiMamKompressit-1400x1400-1.png","width":1400,"height":1400,"caption":"Multi-Mam Kompressit"},{"@type":"BreadcrumbList","@id":"https:\/\/multi-mam.com\/fi\/tuote\/multi-mam-kompressit\/#breadcrumb","itemListElement":[{"@type":"ListItem","position":1,"name":"Home","item":"https:\/\/multi-mam.com\/fi\/"},{"@type":"ListItem","position":2,"name":"Tuotteet","item":"https:\/\/multi-mam.com\/fi\/tuotteet\/"},{"@type":"ListItem","position":3,"name":"Multi-Mam\u00ae Kompressit"}]},{"@type":"WebSite","@id":"https:\/\/multi-mam.com\/fi\/#website","url":"https:\/\/multi-mam.com\/fi\/","name":"Multi-Mam","description":"","publisher":{"@id":"https:\/\/multi-mam.com\/fi\/#organization"},"potentialAction":[{"@type":"SearchAction","target":{"@type":"EntryPoint","urlTemplate":"https:\/\/multi-mam.com\/fi\/?s={search_term_string}"},"query-input":{"@type":"PropertyValueSpecification","valueRequired":true,"valueName":"search_term_string"}}],"inLanguage":"fi-FI"},{"@type":"Organization","@id":"https:\/\/multi-mam.com\/fi\/#organization","name":"Multi-Mam","url":"https:\/\/multi-mam.com\/fi\/","logo":{"@type":"ImageObject","inLanguage":"fi-FI","@id":"https:\/\/multi-mam.com\/fi\/#\/schema\/logo\/image\/","url":"https:\/\/multi-mam.com\/app\/uploads\/sites\/6\/2022\/06\/multi-mam-logotype.png","contentUrl":"https:\/\/multi-mam.com\/app\/uploads\/sites\/6\/2022\/06\/multi-mam-logotype.png","width":70,"height":96,"caption":"Multi-Mam"},"image":{"@id":"https:\/\/multi-mam.com\/fi\/#\/schema\/logo\/image\/"}}]}},"_links":{"self":[{"href":"https:\/\/multi-mam.com\/fi\/wp-json\/wp\/v2\/product\/59","targetHints":{"allow":["GET"]}}],"collection":[{"href":"https:\/\/multi-mam.com\/fi\/wp-json\/wp\/v2\/product"}],"about":[{"href":"https:\/\/multi-mam.com\/fi\/wp-json\/wp\/v2\/types\/product"}],"replies":[{"embeddable":true,"href":"https:\/\/multi-mam.com\/fi\/wp-json\/wp\/v2\/comments?post=59"}],"version-history":[{"count":10,"href":"https:\/\/multi-mam.com\/fi\/wp-json\/wp\/v2\/product\/59\/revisions"}],"predecessor-version":[{"id":150,"href":"https:\/\/multi-mam.com\/fi\/wp-json\/wp\/v2\/product\/59\/revisions\/150"}],"wp:featuredmedia":[{"embeddable":true,"href":"https:\/\/multi-mam.com\/fi\/wp-json\/wp\/v2\/media\/60"}],"wp:attachment":[{"href":"https:\/\/multi-mam.com\/fi\/wp-json\/wp\/v2\/media?parent=59"}],"wp:term":[{"taxonomy":"product_brand","embeddable":true,"href":"https:\/\/multi-mam.com\/fi\/wp-json\/wp\/v2\/product_brand?post=59"},{"taxonomy":"product_cat","embeddable":true,"href":"https:\/\/multi-mam.com\/fi\/wp-json\/wp\/v2\/product_cat?post=59"},{"taxonomy":"product_tag","embeddable":true,"href":"https:\/\/multi-mam.com\/fi\/wp-json\/wp\/v2\/product_tag?post=59"}],"curies":[{"name":"wp","href":"https:\/\/api.w.org\/{rel}","templated":true}]}}