{"id":54,"date":"2022-06-22T10:21:58","date_gmt":"2022-06-22T07:21:58","guid":{"rendered":"https:\/\/multi-mam.com\/fi\/?post_type=product&#038;p=54"},"modified":"2026-02-20T09:36:38","modified_gmt":"2026-02-20T07:36:38","slug":"multi-mam-protect","status":"publish","type":"product","link":"https:\/\/multi-mam.com\/fi\/tuote\/multi-mam-protect\/","title":{"rendered":"Multi-Mam\u00ae Protect"},"content":{"rendered":"\n<div class=\"wp-block-karopharma-accordions is-style-secondary\"><div class=\"container\">\n<details class=\"wp-block-karopharma-accordion\"><summary><h2 class=\"accordion-title\">Pit\u00e4isik\u00f6 minun poistaa Multi-Mam Protect ennen imetyst\u00e4?<\/h2><\/summary><div class=\"accordion-content\">\n<p>Ei, Multi-Mam Protect ei ole haitallinen nieltyn\u00e4 ja sill\u00e4 on neutraali maku ja haju. Erityisen suositeltavaa on k\u00e4ytt\u00e4\u00e4 voidetta heti imetyksen j\u00e4lkeen &#8211; jos se levitet\u00e4\u00e4n juuri ennen imetyst\u00e4, vauvan voi olla hieman vaikeampi tarttua rinnanp\u00e4\u00e4h\u00e4n.<\/p>\n<\/div><\/details>\n\n\n\n<details class=\"wp-block-karopharma-accordion\"><summary><h2 class=\"accordion-title\">Kuinka usein Multi-Mam Protectia tulee k\u00e4ytt\u00e4\u00e4?<\/h2><\/summary><div class=\"accordion-content\">\n<p>Voit k\u00e4ytt\u00e4\u00e4 Multi-Mam Protectia niin usein kuin haluat. On erityisen suositeltavaa levitt\u00e4\u00e4 voidetta heti imetyksen j\u00e4lkeen.<\/p>\n<\/div><\/details>\n\n\n\n<details class=\"wp-block-karopharma-accordion\"><summary><h2 class=\"accordion-title\">Mit\u00e4 eroa on Multi-Mam Protectin ja Multi-Mam Balmin v\u00e4lill\u00e4?<\/h2><\/summary><div class=\"accordion-content\">\n<p>Multi-Mam Protect on 100 % vegaaninen voide, jonka mieto koostumus perustuu p\u00e4\u00e4asiassa kasvi\u00f6ljyihin ja -rasvoihin. Koostumus on sile\u00e4, pehme\u00e4 ja hell\u00e4varainen, joten se on helppo levitt\u00e4\u00e4 my\u00f6s herk\u00e4lle iholle. Multi-Mam Balm on my\u00f6s luonnollisiin ainesosiin perustuva voide, mutta se ei ole 100 % vegaaninen, koska se sis\u00e4lt\u00e4\u00e4 mehil\u00e4isvahaa.<\/p>\n<\/div><\/details>\n<\/div><\/div>\n","protected":false},"excerpt":{"rendered":"<p>Rauhoittaa ja suojaa rinnanp\u00e4iden ihoa<\/p>\n","protected":false},"featured_media":55,"comment_status":"closed","ping_status":"closed","template":"","meta":{"_acf_changed":false,"footnotes":""},"product_brand":[],"product_cat":[17],"product_tag":[],"class_list":{"0":"post-54","1":"product","2":"type-product","3":"status-publish","4":"has-post-thumbnail","6":"product_cat-imetys","8":"first","9":"instock","10":"shipping-taxable","11":"product-type-simple"},"acf":[],"yoast_head":"<!-- This site is optimized with the Yoast SEO plugin v26.6 - https:\/\/yoast.com\/wordpress\/plugins\/seo\/ -->\n<title>Multi-Mam\u00ae Protect - Multi-Mam<\/title>\n<meta name=\"description\" content=\"Multi-Mam Protect on vegaaninen n\u00e4nnibalsami, joka perustuu p\u00e4\u00e4asiassa kasvi\u00f6ljyihin ja rasvoihin, jotka suojaavat n\u00e4nnej\u00e4 kuivumiselta ja halkeilulta imetyksen aikana.\" \/>\n<meta name=\"robots\" content=\"index, follow, max-snippet:-1, max-image-preview:large, max-video-preview:-1\" \/>\n<link rel=\"canonical\" href=\"https:\/\/multi-mam.com\/fi\/tuote\/multi-mam-protect\/\" \/>\n<meta property=\"og:locale\" content=\"fi_FI\" \/>\n<meta property=\"og:type\" content=\"article\" \/>\n<meta property=\"og:title\" content=\"Multi-Mam\u00ae Protect - Multi-Mam\" \/>\n<meta property=\"og:description\" content=\"Multi-Mam Protect on vegaaninen n\u00e4nnibalsami, joka perustuu p\u00e4\u00e4asiassa kasvi\u00f6ljyihin ja rasvoihin, jotka suojaavat n\u00e4nnej\u00e4 kuivumiselta ja halkeilulta imetyksen aikana.\" \/>\n<meta property=\"og:url\" content=\"https:\/\/multi-mam.com\/fi\/tuote\/multi-mam-protect\/\" \/>\n<meta property=\"og:site_name\" content=\"Multi-Mam\" \/>\n<meta property=\"article:modified_time\" content=\"2026-02-20T07:36:38+00:00\" \/>\n<meta property=\"og:image\" content=\"https:\/\/multi-mam.com\/app\/uploads\/sites\/6\/2022\/06\/MultiMamProtectUnpacked.png\" \/>\n\t<meta property=\"og:image:width\" content=\"1500\" \/>\n\t<meta property=\"og:image:height\" content=\"1500\" \/>\n\t<meta property=\"og:image:type\" content=\"image\/png\" \/>\n<meta name=\"twitter:card\" content=\"summary_large_image\" \/>\n<meta name=\"twitter:label1\" content=\"Est. reading time\" \/>\n\t<meta name=\"twitter:data1\" content=\"1 minute\" \/>\n<script type=\"application\/ld+json\" class=\"yoast-schema-graph\">{\"@context\":\"https:\/\/schema.org\",\"@graph\":[{\"@type\":\"WebPage\",\"@id\":\"https:\/\/multi-mam.com\/fi\/tuote\/multi-mam-protect\/\",\"url\":\"https:\/\/multi-mam.com\/fi\/tuote\/multi-mam-protect\/\",\"name\":\"Multi-Mam\u00ae Protect - Multi-Mam\",\"isPartOf\":{\"@id\":\"https:\/\/multi-mam.com\/fi\/#website\"},\"primaryImageOfPage\":{\"@id\":\"https:\/\/multi-mam.com\/fi\/tuote\/multi-mam-protect\/#primaryimage\"},\"image\":{\"@id\":\"https:\/\/multi-mam.com\/fi\/tuote\/multi-mam-protect\/#primaryimage\"},\"thumbnailUrl\":\"https:\/\/multi-mam.com\/app\/uploads\/sites\/6\/2022\/06\/MultiMamProtectUnpacked.png\",\"datePublished\":\"2022-06-22T07:21:58+00:00\",\"dateModified\":\"2026-02-20T07:36:38+00:00\",\"description\":\"Multi-Mam Protect on vegaaninen n\u00e4nnibalsami, joka perustuu p\u00e4\u00e4asiassa kasvi\u00f6ljyihin ja rasvoihin, jotka suojaavat n\u00e4nnej\u00e4 kuivumiselta ja halkeilulta imetyksen aikana.\",\"breadcrumb\":{\"@id\":\"https:\/\/multi-mam.com\/fi\/tuote\/multi-mam-protect\/#breadcrumb\"},\"inLanguage\":\"fi-FI\",\"potentialAction\":[{\"@type\":\"ReadAction\",\"target\":[\"https:\/\/multi-mam.com\/fi\/tuote\/multi-mam-protect\/\"]}]},{\"@type\":\"ImageObject\",\"inLanguage\":\"fi-FI\",\"@id\":\"https:\/\/multi-mam.com\/fi\/tuote\/multi-mam-protect\/#primaryimage\",\"url\":\"https:\/\/multi-mam.com\/app\/uploads\/sites\/6\/2022\/06\/MultiMamProtectUnpacked.png\",\"contentUrl\":\"https:\/\/multi-mam.com\/app\/uploads\/sites\/6\/2022\/06\/MultiMamProtectUnpacked.png\",\"width\":1500,\"height\":1500,\"caption\":\"Multi-Mam Protect\"},{\"@type\":\"BreadcrumbList\",\"@id\":\"https:\/\/multi-mam.com\/fi\/tuote\/multi-mam-protect\/#breadcrumb\",\"itemListElement\":[{\"@type\":\"ListItem\",\"position\":1,\"name\":\"Home\",\"item\":\"https:\/\/multi-mam.com\/fi\/\"},{\"@type\":\"ListItem\",\"position\":2,\"name\":\"Tuotteet\",\"item\":\"https:\/\/multi-mam.com\/fi\/tuotteet\/\"},{\"@type\":\"ListItem\",\"position\":3,\"name\":\"Multi-Mam\u00ae Protect\"}]},{\"@type\":\"WebSite\",\"@id\":\"https:\/\/multi-mam.com\/fi\/#website\",\"url\":\"https:\/\/multi-mam.com\/fi\/\",\"name\":\"Multi-Mam\",\"description\":\"\",\"publisher\":{\"@id\":\"https:\/\/multi-mam.com\/fi\/#organization\"},\"potentialAction\":[{\"@type\":\"SearchAction\",\"target\":{\"@type\":\"EntryPoint\",\"urlTemplate\":\"https:\/\/multi-mam.com\/fi\/?s={search_term_string}\"},\"query-input\":{\"@type\":\"PropertyValueSpecification\",\"valueRequired\":true,\"valueName\":\"search_term_string\"}}],\"inLanguage\":\"fi-FI\"},{\"@type\":\"Organization\",\"@id\":\"https:\/\/multi-mam.com\/fi\/#organization\",\"name\":\"Multi-Mam\",\"url\":\"https:\/\/multi-mam.com\/fi\/\",\"logo\":{\"@type\":\"ImageObject\",\"inLanguage\":\"fi-FI\",\"@id\":\"https:\/\/multi-mam.com\/fi\/#\/schema\/logo\/image\/\",\"url\":\"https:\/\/multi-mam.com\/app\/uploads\/sites\/6\/2022\/06\/multi-mam-logotype.png\",\"contentUrl\":\"https:\/\/multi-mam.com\/app\/uploads\/sites\/6\/2022\/06\/multi-mam-logotype.png\",\"width\":70,\"height\":96,\"caption\":\"Multi-Mam\"},\"image\":{\"@id\":\"https:\/\/multi-mam.com\/fi\/#\/schema\/logo\/image\/\"}}]}<\/script>\n<!-- \/ Yoast SEO plugin. -->","yoast_head_json":{"title":"Multi-Mam\u00ae Protect - Multi-Mam","description":"Multi-Mam Protect on vegaaninen n\u00e4nnibalsami, joka perustuu p\u00e4\u00e4asiassa kasvi\u00f6ljyihin ja rasvoihin, jotka suojaavat n\u00e4nnej\u00e4 kuivumiselta ja halkeilulta imetyksen aikana.","robots":{"index":"index","follow":"follow","max-snippet":"max-snippet:-1","max-image-preview":"max-image-preview:large","max-video-preview":"max-video-preview:-1"},"canonical":"https:\/\/multi-mam.com\/fi\/tuote\/multi-mam-protect\/","og_locale":"fi_FI","og_type":"article","og_title":"Multi-Mam\u00ae Protect - Multi-Mam","og_description":"Multi-Mam Protect on vegaaninen n\u00e4nnibalsami, joka perustuu p\u00e4\u00e4asiassa kasvi\u00f6ljyihin ja rasvoihin, jotka suojaavat n\u00e4nnej\u00e4 kuivumiselta ja halkeilulta imetyksen aikana.","og_url":"https:\/\/multi-mam.com\/fi\/tuote\/multi-mam-protect\/","og_site_name":"Multi-Mam","article_modified_time":"2026-02-20T07:36:38+00:00","og_image":[{"width":1500,"height":1500,"url":"https:\/\/multi-mam.com\/app\/uploads\/sites\/6\/2022\/06\/MultiMamProtectUnpacked.png","type":"image\/png"}],"twitter_card":"summary_large_image","twitter_misc":{"Est. reading time":"1 minute"},"schema":{"@context":"https:\/\/schema.org","@graph":[{"@type":"WebPage","@id":"https:\/\/multi-mam.com\/fi\/tuote\/multi-mam-protect\/","url":"https:\/\/multi-mam.com\/fi\/tuote\/multi-mam-protect\/","name":"Multi-Mam\u00ae Protect - Multi-Mam","isPartOf":{"@id":"https:\/\/multi-mam.com\/fi\/#website"},"primaryImageOfPage":{"@id":"https:\/\/multi-mam.com\/fi\/tuote\/multi-mam-protect\/#primaryimage"},"image":{"@id":"https:\/\/multi-mam.com\/fi\/tuote\/multi-mam-protect\/#primaryimage"},"thumbnailUrl":"https:\/\/multi-mam.com\/app\/uploads\/sites\/6\/2022\/06\/MultiMamProtectUnpacked.png","datePublished":"2022-06-22T07:21:58+00:00","dateModified":"2026-02-20T07:36:38+00:00","description":"Multi-Mam Protect on vegaaninen n\u00e4nnibalsami, joka perustuu p\u00e4\u00e4asiassa kasvi\u00f6ljyihin ja rasvoihin, jotka suojaavat n\u00e4nnej\u00e4 kuivumiselta ja halkeilulta imetyksen aikana.","breadcrumb":{"@id":"https:\/\/multi-mam.com\/fi\/tuote\/multi-mam-protect\/#breadcrumb"},"inLanguage":"fi-FI","potentialAction":[{"@type":"ReadAction","target":["https:\/\/multi-mam.com\/fi\/tuote\/multi-mam-protect\/"]}]},{"@type":"ImageObject","inLanguage":"fi-FI","@id":"https:\/\/multi-mam.com\/fi\/tuote\/multi-mam-protect\/#primaryimage","url":"https:\/\/multi-mam.com\/app\/uploads\/sites\/6\/2022\/06\/MultiMamProtectUnpacked.png","contentUrl":"https:\/\/multi-mam.com\/app\/uploads\/sites\/6\/2022\/06\/MultiMamProtectUnpacked.png","width":1500,"height":1500,"caption":"Multi-Mam Protect"},{"@type":"BreadcrumbList","@id":"https:\/\/multi-mam.com\/fi\/tuote\/multi-mam-protect\/#breadcrumb","itemListElement":[{"@type":"ListItem","position":1,"name":"Home","item":"https:\/\/multi-mam.com\/fi\/"},{"@type":"ListItem","position":2,"name":"Tuotteet","item":"https:\/\/multi-mam.com\/fi\/tuotteet\/"},{"@type":"ListItem","position":3,"name":"Multi-Mam\u00ae Protect"}]},{"@type":"WebSite","@id":"https:\/\/multi-mam.com\/fi\/#website","url":"https:\/\/multi-mam.com\/fi\/","name":"Multi-Mam","description":"","publisher":{"@id":"https:\/\/multi-mam.com\/fi\/#organization"},"potentialAction":[{"@type":"SearchAction","target":{"@type":"EntryPoint","urlTemplate":"https:\/\/multi-mam.com\/fi\/?s={search_term_string}"},"query-input":{"@type":"PropertyValueSpecification","valueRequired":true,"valueName":"search_term_string"}}],"inLanguage":"fi-FI"},{"@type":"Organization","@id":"https:\/\/multi-mam.com\/fi\/#organization","name":"Multi-Mam","url":"https:\/\/multi-mam.com\/fi\/","logo":{"@type":"ImageObject","inLanguage":"fi-FI","@id":"https:\/\/multi-mam.com\/fi\/#\/schema\/logo\/image\/","url":"https:\/\/multi-mam.com\/app\/uploads\/sites\/6\/2022\/06\/multi-mam-logotype.png","contentUrl":"https:\/\/multi-mam.com\/app\/uploads\/sites\/6\/2022\/06\/multi-mam-logotype.png","width":70,"height":96,"caption":"Multi-Mam"},"image":{"@id":"https:\/\/multi-mam.com\/fi\/#\/schema\/logo\/image\/"}}]}},"_links":{"self":[{"href":"https:\/\/multi-mam.com\/fi\/wp-json\/wp\/v2\/product\/54","targetHints":{"allow":["GET"]}}],"collection":[{"href":"https:\/\/multi-mam.com\/fi\/wp-json\/wp\/v2\/product"}],"about":[{"href":"https:\/\/multi-mam.com\/fi\/wp-json\/wp\/v2\/types\/product"}],"replies":[{"embeddable":true,"href":"https:\/\/multi-mam.com\/fi\/wp-json\/wp\/v2\/comments?post=54"}],"version-history":[{"count":10,"href":"https:\/\/multi-mam.com\/fi\/wp-json\/wp\/v2\/product\/54\/revisions"}],"predecessor-version":[{"id":151,"href":"https:\/\/multi-mam.com\/fi\/wp-json\/wp\/v2\/product\/54\/revisions\/151"}],"wp:featuredmedia":[{"embeddable":true,"href":"https:\/\/multi-mam.com\/fi\/wp-json\/wp\/v2\/media\/55"}],"wp:attachment":[{"href":"https:\/\/multi-mam.com\/fi\/wp-json\/wp\/v2\/media?parent=54"}],"wp:term":[{"taxonomy":"product_brand","embeddable":true,"href":"https:\/\/multi-mam.com\/fi\/wp-json\/wp\/v2\/product_brand?post=54"},{"taxonomy":"product_cat","embeddable":true,"href":"https:\/\/multi-mam.com\/fi\/wp-json\/wp\/v2\/product_cat?post=54"},{"taxonomy":"product_tag","embeddable":true,"href":"https:\/\/multi-mam.com\/fi\/wp-json\/wp\/v2\/product_tag?post=54"}],"curies":[{"name":"wp","href":"https:\/\/api.w.org\/{rel}","templated":true}]}}