{"id":5,"date":"2022-06-17T16:57:38","date_gmt":"2022-06-17T13:57:38","guid":{"rendered":"https:\/\/multi-mam.com\/fi\/?page_id=5"},"modified":"2024-03-18T15:55:25","modified_gmt":"2024-03-18T13:55:25","slug":"multi-mam","status":"publish","type":"page","link":"https:\/\/multi-mam.com\/fi\/","title":{"rendered":"Multi-Mam"},"content":{"rendered":"\n<div class=\"wp-block-karopharma-free-text pt-large pb-large bg-center bg-cover bg-no-repeat bg-box undefined\" style=\"background-image:url(https:\/\/multi-mam.com\/cdn-cgi\/image\/format=auto\/app\/uploads\/sites\/6\/2022\/06\/multi-mam.jpeg)\"><div class=\"free-text-wrapper container max-w-medium text-center\">\n<figure class=\"wp-block-image size-full\"><img loading=\"lazy\" decoding=\"async\" width=\"1024\" height=\"285\" src=\"https:\/\/multi-mam.com\/app\/uploads\/sites\/6\/2022\/06\/Multi-Mam_Front_Page_FI.png\" alt=\"Multi-Mam Tuotteet\" class=\"wp-image-45\" srcset=\"https:\/\/multi-mam.com\/app\/uploads\/sites\/6\/2022\/06\/Multi-Mam_Front_Page_FI.png 1024w, https:\/\/multi-mam.com\/app\/uploads\/sites\/6\/2022\/06\/Multi-Mam_Front_Page_FI-320x89.png 320w, https:\/\/multi-mam.com\/app\/uploads\/sites\/6\/2022\/06\/Multi-Mam_Front_Page_FI-768x214.png 768w, https:\/\/multi-mam.com\/app\/uploads\/sites\/6\/2022\/06\/Multi-Mam_Front_Page_FI-600x167.png 600w\" sizes=\"auto, (max-width: 1024px) 100vw, 1024px\" \/><\/figure>\n\n\n\n<h1 class=\"is-style-heading-huge has-primary-color has-text-color wp-block-heading\" id=\"love-is-all-you-need\">Kun viel\u00e4 ei ole aika kasviksille<\/h1>\n\n\n\n<h2 class=\"is-style-heading-h2 has-primary-color has-text-color wp-block-heading\" id=\"und-multi-mam-fur-mutter-und-kind\">&#8230;Rauhoittavat geelitaitokset ja pehme\u00e4 voide aroille rinnanp\u00e4ille.<\/h2>\n\n\n\n<div class=\"wp-block-buttons is-layout-flex wp-block-buttons-is-layout-flex\">\n<div class=\"wp-block-button is-style-secondary-button\"><a class=\"wp-block-button__link\" href=\"https:\/\/multi-mam.com\/fi\/tuotteet\/\">Lue lis\u00e4\u00e4 nyt<\/a><\/div>\n<\/div>\n<\/div><\/div>\n\n\n<div class=\"product-list wp-block-karopharma-product-list\" data-testid=\"product-list\">\n      <div class=\"swiper-container\">\n      <div class=\"swiper\">\n        <div class=\"swiper-wrapper\">\n                      <div class=\"swiper-slide\">\n              <div class=\"product-card\" data-testid=\"product-card\">\n  <a\n    href=https:\/\/multi-mam.com\/fi\/tuote\/multi-mam-protect\/\n    class=\"product-card-link\"\n    title=\"Multi-Mam\u00ae Protect\"\n  >\n  <figure class=\"product-card-image\" data-testid=\"product-image\">\n                          <img decoding=\"async\" src=\"https:\/\/multi-mam.com\/cdn-cgi\/image\/width=700,format=auto\/app\/uploads\/sites\/6\/2022\/06\/MultiMamProtectUnpacked.png\"\n        srcset=\"https:\/\/multi-mam.com\/cdn-cgi\/image\/width=250,format=auto\/app\/uploads\/sites\/6\/2022\/06\/MultiMamProtectUnpacked.png 250w,\n                https:\/\/multi-mam.com\/cdn-cgi\/image\/width=500,format=auto\/app\/uploads\/sites\/6\/2022\/06\/MultiMamProtectUnpacked.png 500w,\n                https:\/\/multi-mam.com\/cdn-cgi\/image\/width=700,format=auto\/app\/uploads\/sites\/6\/2022\/06\/MultiMamProtectUnpacked.png 700w\"\n        sizes=\"(max-width: 400px) 250px, (max-width: 800px) 500px, 700px\"\n        alt=\"Multi-Mam Protect\"\n        class=\"img\">\n            <\/figure>\n    <div class=\"product-card-content\">\n      <div class=\"heading-wrapper\">\n        <h2 class=\"heading\">Multi-Mam\u00ae Protect<\/h2>\n      <\/div>\n      <div class=\"product-card-description\">Rauhoittaa ja suojaa rinnanp\u00e4iden ihoa<\/div>\n                      <\/div>\n  <\/a>\n          <div class=\"button-wrapper buy-now \" data-testid=\"buy-now\">\n      <div class=\"buy-now-container dropdown-container\">\n      <div class=\"theme-button button-primary-color dropdown-link\" aria-label=\"Osta heti\">\n          Osta heti <i class=\"dropdown\"><\/i>\n      <\/div>\n      <ul class=\"reseller-list submenu\">\n                    <li>\n              <a\n                href=\"https:\/\/apteekki360.fi\/collections\/multi-mam\/products\/multi-mam-suojaus\" onclick=\"dataLayer.push({'event':'ga_event', 'eventCategory':'Click on Reseller', 'eventAction':'Apteekki 360', 'eventLabel':'Multi-Mam\u00ae Protect', 'eventValue': undefined})\" rel=\"noopener\" target=\"_blank\" title=\"Apteekki 360\"\n                data-testid=\"buy-now-reseller\">\n                <i class=\"fa-solid fa-arrow-right\"><\/i> Apteekki 360\n              <\/a>\n          <\/li>\n                    <li>\n              <a\n                href=\"https:\/\/www.apteekkiplus.fi\/products\/multi-mam-protect-30-ml?_pos=1&amp;_sid=f28f776c5&amp;_ss=r\" onclick=\"dataLayer.push({'event':'ga_event', 'eventCategory':'Click on Reseller', 'eventAction':'ApteekkiPlus', 'eventLabel':'Multi-Mam\u00ae Protect', 'eventValue': undefined})\" rel=\"noopener\" target=\"_blank\" title=\"ApteekkiPlus\"\n                data-testid=\"buy-now-reseller\">\n                <i class=\"fa-solid fa-arrow-right\"><\/i> ApteekkiPlus\n              <\/a>\n          <\/li>\n                    <li>\n              <a\n                href=\"https:\/\/www.apteekkishop.fi\/epages\/ApteekkiShop.sf\/fi_FI\/?ObjectPath=\/Shops\/ApteekkiShop\/Products\/2153898\" onclick=\"dataLayer.push({'event':'ga_event', 'eventCategory':'Click on Reseller', 'eventAction':'Apteekkishop', 'eventLabel':'Multi-Mam\u00ae Protect', 'eventValue': undefined})\" rel=\"noopener\" target=\"_blank\" title=\"Apteekkishop\"\n                data-testid=\"buy-now-reseller\">\n                <i class=\"fa-solid fa-arrow-right\"><\/i> Apteekkishop\n              <\/a>\n          <\/li>\n                    <li>\n              <a\n                href=\"https:\/\/www.bonusapteekki.fi\/epages\/Bonusapteekki.sf\/fi_FI\/?ObjectPath=\/Shops\/Bonusapteekki\/Products\/2153898\" onclick=\"dataLayer.push({'event':'ga_event', 'eventCategory':'Click on Reseller', 'eventAction':'bonusapteekki', 'eventLabel':'Multi-Mam\u00ae Protect', 'eventValue': undefined})\" rel=\"noopener\" target=\"_blank\" title=\"bonusapteekki\"\n                data-testid=\"buy-now-reseller\">\n                <i class=\"fa-solid fa-arrow-right\"><\/i> bonusapteekki\n              <\/a>\n          <\/li>\n                    <li>\n              <a\n                href=\"https:\/\/www.nettiapteekki.fi\/products\/multi-mam-protect-tamro-1?_pos=2&amp;_sid=0c6648a34&amp;_ss=r\" onclick=\"dataLayer.push({'event':'ga_event', 'eventCategory':'Click on Reseller', 'eventAction':'Nettiapteekki', 'eventLabel':'Multi-Mam\u00ae Protect', 'eventValue': undefined})\" rel=\"noopener\" target=\"_blank\" title=\"Nettiapteekki\"\n                data-testid=\"buy-now-reseller\">\n                <i class=\"fa-solid fa-arrow-right\"><\/i> Nettiapteekki\n              <\/a>\n          <\/li>\n                    <li>\n              <a\n                href=\"https:\/\/www.oloapteekki.fi\/multi-mam-protect-30-ml\" onclick=\"dataLayer.push({'event':'ga_event', 'eventCategory':'Click on Reseller', 'eventAction':'Olo-apteekki', 'eventLabel':'Multi-Mam\u00ae Protect', 'eventValue': undefined})\" rel=\"noopener\" target=\"_blank\" title=\"Olo-apteekki\"\n                data-testid=\"buy-now-reseller\">\n                <i class=\"fa-solid fa-arrow-right\"><\/i> Olo-apteekki\n              <\/a>\n          <\/li>\n                    <li>\n              <a\n                href=\"https:\/\/www.verkkoapteekki.fi\/Multi-Mam-Protect-30-ml?utm_source=Karo&amp;utm_medium=Referral\" onclick=\"dataLayer.push({'event':'ga_event', 'eventCategory':'Click on Reseller', 'eventAction':'Verkkoapteekki', 'eventLabel':'Multi-Mam\u00ae Protect', 'eventValue': undefined})\" rel=\"noopener\" target=\"_blank\" title=\"Verkkoapteekki\"\n                data-testid=\"buy-now-reseller\">\n                <i class=\"fa-solid fa-arrow-right\"><\/i> Verkkoapteekki\n              <\/a>\n          <\/li>\n                    <li>\n              <a\n                href=\"https:\/\/www.yliopistonapteekki.fi\/multi-mam-protect-30-ml-90031\" onclick=\"dataLayer.push({'event':'ga_event', 'eventCategory':'Click on Reseller', 'eventAction':'Yliopiston Apteekki', 'eventLabel':'Multi-Mam\u00ae Protect', 'eventValue': undefined})\" rel=\"noopener\" target=\"_blank\" title=\"Yliopiston Apteekki\"\n                data-testid=\"buy-now-reseller\">\n                <i class=\"fa-solid fa-arrow-right\"><\/i> Yliopiston Apteekki\n              <\/a>\n          <\/li>\n                    <li>\n              <a\n                href=\"https:\/\/www.yliopistonverkkoapteekki.fi\/epages\/KYA.sf\/fi_FI\/?ObjectPath=\/Shops\/KYA\/Products\/2153898\" onclick=\"dataLayer.push({'event':'ga_event', 'eventCategory':'Click on Reseller', 'eventAction':'Yliopiston verkkoapteekki', 'eventLabel':'Multi-Mam\u00ae Protect', 'eventValue': undefined})\" rel=\"noopener\" target=\"_blank\" title=\"Yliopiston verkkoapteekki\"\n                data-testid=\"buy-now-reseller\">\n                <i class=\"fa-solid fa-arrow-right\"><\/i> Yliopiston verkkoapteekki\n              <\/a>\n          <\/li>\n                <\/ul>\n    <\/div>\n  <\/div>\n  <\/div>\n            <\/div>\n                      <div class=\"swiper-slide\">\n              <div class=\"product-card\" data-testid=\"product-card\">\n  <a\n    href=https:\/\/multi-mam.com\/fi\/tuote\/multi-mam-kompressit\/\n    class=\"product-card-link\"\n    title=\"Multi-Mam\u00ae Kompressit\"\n  >\n  <figure class=\"product-card-image\" data-testid=\"product-image\">\n                          <img decoding=\"async\" src=\"https:\/\/multi-mam.com\/cdn-cgi\/image\/width=700,format=auto\/app\/uploads\/sites\/6\/2022\/06\/MultiMamKompressit-1400x1400-1.png\"\n        srcset=\"https:\/\/multi-mam.com\/cdn-cgi\/image\/width=250,format=auto\/app\/uploads\/sites\/6\/2022\/06\/MultiMamKompressit-1400x1400-1.png 250w,\n                https:\/\/multi-mam.com\/cdn-cgi\/image\/width=500,format=auto\/app\/uploads\/sites\/6\/2022\/06\/MultiMamKompressit-1400x1400-1.png 500w,\n                https:\/\/multi-mam.com\/cdn-cgi\/image\/width=700,format=auto\/app\/uploads\/sites\/6\/2022\/06\/MultiMamKompressit-1400x1400-1.png 700w\"\n        sizes=\"(max-width: 400px) 250px, (max-width: 800px) 500px, 700px\"\n        alt=\"Multi-Mam Kompressit\"\n        class=\"img\">\n            <\/figure>\n    <div class=\"product-card-content\">\n      <div class=\"heading-wrapper\">\n        <h2 class=\"heading\">Multi-Mam\u00ae Kompressit<\/h2>\n      <\/div>\n      <div class=\"product-card-description\">Hoitaa kipeit\u00e4 rinnanp\u00e4it\u00e4<\/div>\n                      <\/div>\n  <\/a>\n          <div class=\"button-wrapper buy-now \" data-testid=\"buy-now\">\n      <div class=\"buy-now-container dropdown-container\">\n      <div class=\"theme-button button-primary-color dropdown-link\" aria-label=\"Osta heti\">\n          Osta heti <i class=\"dropdown\"><\/i>\n      <\/div>\n      <ul class=\"reseller-list submenu\">\n                    <li>\n              <a\n                href=\"https:\/\/apteekki360.fi\/collections\/multi-mam\/products\/multi-mam-compresses-12-pack\" onclick=\"dataLayer.push({'event':'ga_event', 'eventCategory':'Click on Reseller', 'eventAction':'Apteekki 360', 'eventLabel':'Multi-Mam\u00ae Kompressit', 'eventValue': undefined})\" rel=\"noopener\" target=\"_blank\" title=\"Apteekki 360\"\n                data-testid=\"buy-now-reseller\">\n                <i class=\"fa-solid fa-arrow-right\"><\/i> Apteekki 360\n              <\/a>\n          <\/li>\n                    <li>\n              <a\n                href=\"https:\/\/www.apteekkiplus.fi\/products\/multi-mam-compresses-geelitaitos-12-x-1-6-ml?_pos=2&amp;_sid=f28f776c5&amp;_ss=r\" onclick=\"dataLayer.push({'event':'ga_event', 'eventCategory':'Click on Reseller', 'eventAction':'ApteekkiPlus', 'eventLabel':'Multi-Mam\u00ae Kompressit', 'eventValue': undefined})\" rel=\"noopener\" target=\"_blank\" title=\"ApteekkiPlus\"\n                data-testid=\"buy-now-reseller\">\n                <i class=\"fa-solid fa-arrow-right\"><\/i> ApteekkiPlus\n              <\/a>\n          <\/li>\n                    <li>\n              <a\n                href=\"https:\/\/www.apteekkishop.fi\/epages\/ApteekkiShop.sf\/fi_FI\/?ObjectPath=%2FShops%2FApteekkiShop%2FProducts%2F2255032\" onclick=\"dataLayer.push({'event':'ga_event', 'eventCategory':'Click on Reseller', 'eventAction':'Apteekkishop', 'eventLabel':'Multi-Mam\u00ae Kompressit', 'eventValue': undefined})\" rel=\"noopener\" target=\"_blank\" title=\"Apteekkishop\"\n                data-testid=\"buy-now-reseller\">\n                <i class=\"fa-solid fa-arrow-right\"><\/i> Apteekkishop\n              <\/a>\n          <\/li>\n                    <li>\n              <a\n                href=\"https:\/\/www.bonusapteekki.fi\/epages\/Bonusapteekki.sf\/fi_FI\/?ObjectPath=\/Shops\/Bonusapteekki\/Products\/2255032\" onclick=\"dataLayer.push({'event':'ga_event', 'eventCategory':'Click on Reseller', 'eventAction':'bonusapteekki', 'eventLabel':'Multi-Mam\u00ae Kompressit', 'eventValue': undefined})\" rel=\"noopener\" target=\"_blank\" title=\"bonusapteekki\"\n                data-testid=\"buy-now-reseller\">\n                <i class=\"fa-solid fa-arrow-right\"><\/i> bonusapteekki\n              <\/a>\n          <\/li>\n                    <li>\n              <a\n                href=\"https:\/\/www.nettiapteekki.fi\/products\/multi-mam-compresses-tamro-1?_pos=1&amp;_sid=f4a9c57df&amp;_ss=r\" onclick=\"dataLayer.push({'event':'ga_event', 'eventCategory':'Click on Reseller', 'eventAction':'Nettiapteekki', 'eventLabel':'Multi-Mam\u00ae Kompressit', 'eventValue': undefined})\" rel=\"noopener\" target=\"_blank\" title=\"Nettiapteekki\"\n                data-testid=\"buy-now-reseller\">\n                <i class=\"fa-solid fa-arrow-right\"><\/i> Nettiapteekki\n              <\/a>\n          <\/li>\n                    <li>\n              <a\n                href=\"https:\/\/www.oloapteekki.fi\/multi-mam-compresses-12x1-6-ml-3\" onclick=\"dataLayer.push({'event':'ga_event', 'eventCategory':'Click on Reseller', 'eventAction':'Olo-apteekki', 'eventLabel':'Multi-Mam\u00ae Kompressit', 'eventValue': undefined})\" rel=\"noopener\" target=\"_blank\" title=\"Olo-apteekki\"\n                data-testid=\"buy-now-reseller\">\n                <i class=\"fa-solid fa-arrow-right\"><\/i> Olo-apteekki\n              <\/a>\n          <\/li>\n                    <li>\n              <a\n                href=\"https:\/\/www.verkkoapteekki.fi\/Multi-Mam-Compresses-12-kpl?utm_source=Karo&amp;utm_medium=Referral\" onclick=\"dataLayer.push({'event':'ga_event', 'eventCategory':'Click on Reseller', 'eventAction':'Verkkoapteekki', 'eventLabel':'Multi-Mam\u00ae Kompressit', 'eventValue': undefined})\" rel=\"noopener\" target=\"_blank\" title=\"Verkkoapteekki\"\n                data-testid=\"buy-now-reseller\">\n                <i class=\"fa-solid fa-arrow-right\"><\/i> Verkkoapteekki\n              <\/a>\n          <\/li>\n                    <li>\n              <a\n                href=\"https:\/\/www.yliopistonapteekki.fi\/multi-mam-compresses-12x1-6-ml-95295\" onclick=\"dataLayer.push({'event':'ga_event', 'eventCategory':'Click on Reseller', 'eventAction':'Yliopiston Apteekki', 'eventLabel':'Multi-Mam\u00ae Kompressit', 'eventValue': undefined})\" rel=\"noopener\" target=\"_blank\" title=\"Yliopiston Apteekki\"\n                data-testid=\"buy-now-reseller\">\n                <i class=\"fa-solid fa-arrow-right\"><\/i> Yliopiston Apteekki\n              <\/a>\n          <\/li>\n                    <li>\n              <a\n                href=\"https:\/\/www.yliopistonverkkoapteekki.fi\/epages\/KYA.sf\/fi_FI\/?ObjectPath=\/Shops\/KYA\/Products\/2255032\" onclick=\"dataLayer.push({'event':'ga_event', 'eventCategory':'Click on Reseller', 'eventAction':'Yliopiston verkkoapteekki', 'eventLabel':'Multi-Mam\u00ae Kompressit', 'eventValue': undefined})\" rel=\"noopener\" target=\"_blank\" title=\"Yliopiston verkkoapteekki\"\n                data-testid=\"buy-now-reseller\">\n                <i class=\"fa-solid fa-arrow-right\"><\/i> Yliopiston verkkoapteekki\n              <\/a>\n          <\/li>\n                <\/ul>\n    <\/div>\n  <\/div>\n  <\/div>\n            <\/div>\n                  <\/div>\n        <div class=\"swiper-scrollbar\"><\/div>\n      <\/div>\n    <\/div>\n  <\/div>\n\n\n\n<section class=\"wp-block-karopharma-image-with-text image-with-text image-with-text__full-width is-style-primary\"><div class=\"image-with-text-container \"><div class=\"image-with-text-container-image-container\"><img decoding=\"async\" loading=\"lazy\" src=\"https:\/\/multi-mam.com\/cdn-cgi\/image\/format=auto\/app\/uploads\/sites\/6\/2022\/06\/start-multimam.jpeg\" alt=\"Nauti \u00e4itiydest\u00e4\"\/><\/div><div class=\"image-with-text-container-content\" style=\"text-align:left\" data-test=\"content\"><div class=\"content\"><h2>Nauti \u00e4itiydest\u00e4<\/h2><p class=\"body\" data-test=\"body\">Ensimm\u00e4iset kuukaudet vauvasi kanssa ovat hyvin erityist\u00e4 aikaa. Ne ovat t\u00e4ynn\u00e4 onnea ja rakkautta. Vastasyntyneen hoidon lis\u00e4ksi unohdat nopeasti huolehtia itsest\u00e4si. Pienokaisten \u00e4idit kohtaavat monenlaisia haasteita, kuten arat rinnanp\u00e4\u00e4t, v\u00e4symys ja hampaiden puhkeamiseen liittyv\u00e4t vaivat. Apu on eritt\u00e4in tervetullutta ja Multi-Mam auttaa miss\u00e4 sit\u00e4 tarvitaan, jotta voit keskitty\u00e4 omaan ja vauvasi hyvinvointiin. Kun \u00e4idill\u00e4 on hyv\u00e4 olla, se v\u00e4littyy my\u00f6s vauvaan. Jos \u00e4iti voi hyvin, se siirtyy vauvalle.<\/p>\n<div class=\"wp-block-buttons is-content-justification-left is-layout-flex wp-container-core-buttons-is-layout-fdcfc74e wp-block-buttons-is-layout-flex\">\n<div class=\"wp-block-button\"><a class=\"wp-block-button__link\" href=\"https:\/\/multi-mam.com\/fi\/tuotteet\/\">Tuotteisiin<\/a><\/div>\n<\/div>\n<\/div><\/div><\/div><\/section>\n","protected":false},"excerpt":{"rendered":"","protected":false},"author":2,"featured_media":0,"parent":0,"menu_order":0,"comment_status":"closed","ping_status":"closed","template":"","meta":{"_acf_changed":false,"footnotes":""},"from-article-database":[],"class_list":["post-5","page","type-page","status-publish","hentry"],"acf":[],"yoast_head":"<!-- This site is optimized with the Yoast SEO plugin v26.6 - https:\/\/yoast.com\/wordpress\/plugins\/seo\/ -->\n<title>Multi-Mam - Multi-Mam<\/title>\n<meta name=\"description\" content=\"Rakkaus on kaikki mit\u00e4 tarvitset...ja Multi-Mam\u00ae \u00e4idille ja lapselle. Ensimm\u00e4iset kuukaudet vauvasi kanssa ovat hyvin erityist\u00e4 aikaa.\" \/>\n<meta name=\"robots\" content=\"index, follow, max-snippet:-1, max-image-preview:large, max-video-preview:-1\" \/>\n<link rel=\"canonical\" href=\"https:\/\/multi-mam.com\/fi\/\" \/>\n<meta property=\"og:locale\" content=\"fi_FI\" \/>\n<meta property=\"og:type\" content=\"article\" \/>\n<meta property=\"og:title\" content=\"Multi-Mam - Multi-Mam\" \/>\n<meta property=\"og:description\" content=\"Rakkaus on kaikki mit\u00e4 tarvitset...ja Multi-Mam\u00ae \u00e4idille ja lapselle. Ensimm\u00e4iset kuukaudet vauvasi kanssa ovat hyvin erityist\u00e4 aikaa.\" \/>\n<meta property=\"og:url\" content=\"https:\/\/multi-mam.com\/fi\/\" \/>\n<meta property=\"og:site_name\" content=\"Multi-Mam\" \/>\n<meta property=\"article:modified_time\" content=\"2024-03-18T13:55:25+00:00\" \/>\n<meta property=\"og:image\" content=\"https:\/\/multi-mam.com\/app\/uploads\/sites\/6\/2022\/06\/Multi-Mam_Front_Page_FI.png\" \/>\n<meta name=\"twitter:card\" content=\"summary_large_image\" \/>\n<meta name=\"twitter:label1\" content=\"Est. reading time\" \/>\n\t<meta name=\"twitter:data1\" content=\"1 minute\" \/>\n<script type=\"application\/ld+json\" class=\"yoast-schema-graph\">{\"@context\":\"https:\/\/schema.org\",\"@graph\":[{\"@type\":\"WebPage\",\"@id\":\"https:\/\/multi-mam.com\/fi\/\",\"url\":\"https:\/\/multi-mam.com\/fi\/\",\"name\":\"Multi-Mam - Multi-Mam\",\"isPartOf\":{\"@id\":\"https:\/\/multi-mam.com\/fi\/#website\"},\"primaryImageOfPage\":{\"@id\":\"https:\/\/multi-mam.com\/fi\/#primaryimage\"},\"image\":{\"@id\":\"https:\/\/multi-mam.com\/fi\/#primaryimage\"},\"thumbnailUrl\":\"https:\/\/multi-mam.com\/app\/uploads\/sites\/6\/2022\/06\/Multi-Mam_Front_Page_FI.png\",\"datePublished\":\"2022-06-17T13:57:38+00:00\",\"dateModified\":\"2024-03-18T13:55:25+00:00\",\"description\":\"Rakkaus on kaikki mit\u00e4 tarvitset...ja Multi-Mam\u00ae \u00e4idille ja lapselle. Ensimm\u00e4iset kuukaudet vauvasi kanssa ovat hyvin erityist\u00e4 aikaa.\",\"breadcrumb\":{\"@id\":\"https:\/\/multi-mam.com\/fi\/#breadcrumb\"},\"inLanguage\":\"fi-FI\",\"potentialAction\":[{\"@type\":\"ReadAction\",\"target\":[\"https:\/\/multi-mam.com\/fi\/\"]}]},{\"@type\":\"ImageObject\",\"inLanguage\":\"fi-FI\",\"@id\":\"https:\/\/multi-mam.com\/fi\/#primaryimage\",\"url\":\"https:\/\/multi-mam.com\/app\/uploads\/sites\/6\/2022\/06\/Multi-Mam_Front_Page_FI.png\",\"contentUrl\":\"https:\/\/multi-mam.com\/app\/uploads\/sites\/6\/2022\/06\/Multi-Mam_Front_Page_FI.png\"},{\"@type\":\"BreadcrumbList\",\"@id\":\"https:\/\/multi-mam.com\/fi\/#breadcrumb\",\"itemListElement\":[{\"@type\":\"ListItem\",\"position\":1,\"name\":\"Home\",\"item\":\"https:\/\/multi-mam.com\/fi\/\"},{\"@type\":\"ListItem\",\"position\":2,\"name\":\"Multi-Mam\"}]},{\"@type\":\"WebSite\",\"@id\":\"https:\/\/multi-mam.com\/fi\/#website\",\"url\":\"https:\/\/multi-mam.com\/fi\/\",\"name\":\"Multi-Mam\",\"description\":\"\",\"publisher\":{\"@id\":\"https:\/\/multi-mam.com\/fi\/#organization\"},\"potentialAction\":[{\"@type\":\"SearchAction\",\"target\":{\"@type\":\"EntryPoint\",\"urlTemplate\":\"https:\/\/multi-mam.com\/fi\/?s={search_term_string}\"},\"query-input\":{\"@type\":\"PropertyValueSpecification\",\"valueRequired\":true,\"valueName\":\"search_term_string\"}}],\"inLanguage\":\"fi-FI\"},{\"@type\":\"Organization\",\"@id\":\"https:\/\/multi-mam.com\/fi\/#organization\",\"name\":\"Multi-Mam\",\"url\":\"https:\/\/multi-mam.com\/fi\/\",\"logo\":{\"@type\":\"ImageObject\",\"inLanguage\":\"fi-FI\",\"@id\":\"https:\/\/multi-mam.com\/fi\/#\/schema\/logo\/image\/\",\"url\":\"https:\/\/multi-mam.com\/app\/uploads\/sites\/6\/2022\/06\/multi-mam-logotype.png\",\"contentUrl\":\"https:\/\/multi-mam.com\/app\/uploads\/sites\/6\/2022\/06\/multi-mam-logotype.png\",\"width\":70,\"height\":96,\"caption\":\"Multi-Mam\"},\"image\":{\"@id\":\"https:\/\/multi-mam.com\/fi\/#\/schema\/logo\/image\/\"}}]}<\/script>\n<!-- \/ Yoast SEO plugin. -->","yoast_head_json":{"title":"Multi-Mam - Multi-Mam","description":"Rakkaus on kaikki mit\u00e4 tarvitset...ja Multi-Mam\u00ae \u00e4idille ja lapselle. Ensimm\u00e4iset kuukaudet vauvasi kanssa ovat hyvin erityist\u00e4 aikaa.","robots":{"index":"index","follow":"follow","max-snippet":"max-snippet:-1","max-image-preview":"max-image-preview:large","max-video-preview":"max-video-preview:-1"},"canonical":"https:\/\/multi-mam.com\/fi\/","og_locale":"fi_FI","og_type":"article","og_title":"Multi-Mam - Multi-Mam","og_description":"Rakkaus on kaikki mit\u00e4 tarvitset...ja Multi-Mam\u00ae \u00e4idille ja lapselle. Ensimm\u00e4iset kuukaudet vauvasi kanssa ovat hyvin erityist\u00e4 aikaa.","og_url":"https:\/\/multi-mam.com\/fi\/","og_site_name":"Multi-Mam","article_modified_time":"2024-03-18T13:55:25+00:00","og_image":[{"url":"https:\/\/multi-mam.com\/app\/uploads\/sites\/6\/2022\/06\/Multi-Mam_Front_Page_FI.png","type":"","width":"","height":""}],"twitter_card":"summary_large_image","twitter_misc":{"Est. reading time":"1 minute"},"schema":{"@context":"https:\/\/schema.org","@graph":[{"@type":"WebPage","@id":"https:\/\/multi-mam.com\/fi\/","url":"https:\/\/multi-mam.com\/fi\/","name":"Multi-Mam - Multi-Mam","isPartOf":{"@id":"https:\/\/multi-mam.com\/fi\/#website"},"primaryImageOfPage":{"@id":"https:\/\/multi-mam.com\/fi\/#primaryimage"},"image":{"@id":"https:\/\/multi-mam.com\/fi\/#primaryimage"},"thumbnailUrl":"https:\/\/multi-mam.com\/app\/uploads\/sites\/6\/2022\/06\/Multi-Mam_Front_Page_FI.png","datePublished":"2022-06-17T13:57:38+00:00","dateModified":"2024-03-18T13:55:25+00:00","description":"Rakkaus on kaikki mit\u00e4 tarvitset...ja Multi-Mam\u00ae \u00e4idille ja lapselle. Ensimm\u00e4iset kuukaudet vauvasi kanssa ovat hyvin erityist\u00e4 aikaa.","breadcrumb":{"@id":"https:\/\/multi-mam.com\/fi\/#breadcrumb"},"inLanguage":"fi-FI","potentialAction":[{"@type":"ReadAction","target":["https:\/\/multi-mam.com\/fi\/"]}]},{"@type":"ImageObject","inLanguage":"fi-FI","@id":"https:\/\/multi-mam.com\/fi\/#primaryimage","url":"https:\/\/multi-mam.com\/app\/uploads\/sites\/6\/2022\/06\/Multi-Mam_Front_Page_FI.png","contentUrl":"https:\/\/multi-mam.com\/app\/uploads\/sites\/6\/2022\/06\/Multi-Mam_Front_Page_FI.png"},{"@type":"BreadcrumbList","@id":"https:\/\/multi-mam.com\/fi\/#breadcrumb","itemListElement":[{"@type":"ListItem","position":1,"name":"Home","item":"https:\/\/multi-mam.com\/fi\/"},{"@type":"ListItem","position":2,"name":"Multi-Mam"}]},{"@type":"WebSite","@id":"https:\/\/multi-mam.com\/fi\/#website","url":"https:\/\/multi-mam.com\/fi\/","name":"Multi-Mam","description":"","publisher":{"@id":"https:\/\/multi-mam.com\/fi\/#organization"},"potentialAction":[{"@type":"SearchAction","target":{"@type":"EntryPoint","urlTemplate":"https:\/\/multi-mam.com\/fi\/?s={search_term_string}"},"query-input":{"@type":"PropertyValueSpecification","valueRequired":true,"valueName":"search_term_string"}}],"inLanguage":"fi-FI"},{"@type":"Organization","@id":"https:\/\/multi-mam.com\/fi\/#organization","name":"Multi-Mam","url":"https:\/\/multi-mam.com\/fi\/","logo":{"@type":"ImageObject","inLanguage":"fi-FI","@id":"https:\/\/multi-mam.com\/fi\/#\/schema\/logo\/image\/","url":"https:\/\/multi-mam.com\/app\/uploads\/sites\/6\/2022\/06\/multi-mam-logotype.png","contentUrl":"https:\/\/multi-mam.com\/app\/uploads\/sites\/6\/2022\/06\/multi-mam-logotype.png","width":70,"height":96,"caption":"Multi-Mam"},"image":{"@id":"https:\/\/multi-mam.com\/fi\/#\/schema\/logo\/image\/"}}]}},"_links":{"self":[{"href":"https:\/\/multi-mam.com\/fi\/wp-json\/wp\/v2\/pages\/5","targetHints":{"allow":["GET"]}}],"collection":[{"href":"https:\/\/multi-mam.com\/fi\/wp-json\/wp\/v2\/pages"}],"about":[{"href":"https:\/\/multi-mam.com\/fi\/wp-json\/wp\/v2\/types\/page"}],"author":[{"embeddable":true,"href":"https:\/\/multi-mam.com\/fi\/wp-json\/wp\/v2\/users\/2"}],"replies":[{"embeddable":true,"href":"https:\/\/multi-mam.com\/fi\/wp-json\/wp\/v2\/comments?post=5"}],"version-history":[{"count":6,"href":"https:\/\/multi-mam.com\/fi\/wp-json\/wp\/v2\/pages\/5\/revisions"}],"predecessor-version":[{"id":127,"href":"https:\/\/multi-mam.com\/fi\/wp-json\/wp\/v2\/pages\/5\/revisions\/127"}],"wp:attachment":[{"href":"https:\/\/multi-mam.com\/fi\/wp-json\/wp\/v2\/media?parent=5"}],"wp:term":[{"taxonomy":"from-article-database","embeddable":true,"href":"https:\/\/multi-mam.com\/fi\/wp-json\/wp\/v2\/from-article-database?post=5"}],"curies":[{"name":"wp","href":"https:\/\/api.w.org\/{rel}","templated":true}]}}