{"id":37,"date":"2022-06-22T09:52:23","date_gmt":"2022-06-22T06:52:23","guid":{"rendered":"https:\/\/multi-mam.com\/fi\/?page_id=37"},"modified":"2025-01-15T12:43:34","modified_gmt":"2025-01-15T10:43:34","slug":"faq","status":"publish","type":"page","link":"https:\/\/multi-mam.com\/fi\/faq\/","title":{"rendered":"FAQ"},"content":{"rendered":"\n<div class=\"wp-block-karopharma-background-image-with-text-v2 background-image-with-text-v2 undefined content-position-center fixed-height-layout\" datatest=\"root\"><div class=\"background-image-with-text-wrapper\"><picture class=\"background-image-with-text-image\"><source media=\"(max-width: 560px)\" srcset=\"https:\/\/multi-mam.com\/cdn-cgi\/image\/format=auto,width=560\/app\/uploads\/sites\/6\/2022\/06\/faq.jpeg\"\/><source media=\"(max-width: 800px)\" srcset=\"https:\/\/multi-mam.com\/cdn-cgi\/image\/format=auto,width=800\/app\/uploads\/sites\/6\/2022\/06\/faq.jpeg\"\/><source media=\"(max-width: 1920px)\" srcset=\"https:\/\/multi-mam.com\/cdn-cgi\/image\/format=auto,width=1920\/app\/uploads\/sites\/6\/2022\/06\/faq.jpeg\"\/><img decoding=\"async\" width=\"1400\" height=\"933\" datatest=\"background-image\" loading=\"lazy\" class=\"object-center object-cover\" src=\"https:\/\/multi-mam.com\/cdn-cgi\/image\/format=auto\/app\/uploads\/sites\/6\/2022\/06\/faq.jpeg\" alt=\"faq\"\/><\/picture><div datatest=\"content-wrapper\" class=\"background-image-with-text-content-wrapper container max-w-medium text-alignment-center  pt-large pb-large\"><div class=\"content\"><h1 datatest=\"heading\" class=\"\">FAQ<\/h1>\n<div class=\"wp-block-buttons is-layout-flex wp-block-buttons-is-layout-flex\"><\/div>\n<\/div><\/div><\/div><\/div>\n\n\n\n<div class=\"wp-block-karopharma-accordions\"><div class=\"container\">\n<details class=\"wp-block-karopharma-accordion\"><summary><h2 class=\"accordion-title\">Miksi imetys on niin t\u00e4rke\u00e4\u00e4 lapselleni?<\/h2><\/summary><div class=\"accordion-content\">\n<p>\u00c4idinmaito ei ole vain ihanteellinen ruoka vauvoille, vaan imetyksell\u00e4 on my\u00f6s monia emotionaalisia ja terveydellisi\u00e4 etuja sek\u00e4 \u00e4idille ett\u00e4 vauvalle. Jotkut imetyksen terveyshy\u00f6dyist\u00e4 kest\u00e4v\u00e4t jopa elini\u00e4n. Koska imett\u00e4misell\u00e4 on niin monia etuja, Maailman terveysj\u00e4rjest\u00f6 suosittelee, ett\u00e4 \u00e4idit imett\u00e4v\u00e4t lapsensa yksinomaan ensimm\u00e4isen kuuden kuukauden ajan. Valitettavasti vain 40 % maailman kaikista vauvoista imetet\u00e4\u00e4n t\u00e4m\u00e4n suosituksen perusteella.<\/p>\n<\/div><\/details>\n\n\n\n<details class=\"wp-block-karopharma-accordion\"><summary><h2 class=\"accordion-title\">Mit\u00e4 hy\u00f6ty\u00e4 imett\u00e4misest\u00e4 on vauvalle?<\/h2><\/summary><div class=\"accordion-content\">\n<p>Imetyksen edut vauvalle ovat merkitt\u00e4vi\u00e4, eik\u00e4 niit\u00e4 voida saada aikaan \u00e4idinmaidonkorvikkeella. Ravintoaineiden lis\u00e4ksi rintamaito on t\u00e4ynn\u00e4 antioksidantteja, entsyymej\u00e4 ja el\u00e4vi\u00e4 vasta-aineita, jotka ovat valmiita suojaamaan vauvaasi taudeilta. Imetetyill\u00e4 vauvoilla on esimerkiksi pienempi riski saada astma, ihottumaa tai allergioita kasvaessaan. Heill\u00e4 on my\u00f6s pienempi diabeteksen ja liikalihavuuden riski ja heill\u00e4 on yleens\u00e4 vahvempi immuunij\u00e4rjestelm\u00e4.<\/p>\n<\/div><\/details>\n\n\n\n<details class=\"wp-block-karopharma-accordion\"><summary><h2 class=\"accordion-title\">Mit\u00e4 hy\u00f6ty\u00e4 imett\u00e4misest\u00e4 on \u00e4idille?<\/h2><\/summary><div class=\"accordion-content\">\n<p>Vauvasi ei ole ainoa, joka nauttii imetyksen eduista. Imett\u00e4misest\u00e4 on my\u00f6s paljon hy\u00f6ty\u00e4 \u00e4idille, sek\u00e4 heti synnytyksen j\u00e4lkeen ett\u00e4 pitk\u00e4ll\u00e4 aikav\u00e4lill\u00e4.<\/p>\n<\/div><\/details>\n\n\n\n<details class=\"wp-block-karopharma-accordion\"><summary><h2 class=\"accordion-title\">Mik\u00e4 on ternimaito? Miten se hy\u00f6dytt\u00e4\u00e4 lastani?<\/h2><\/summary><div class=\"accordion-content\">\n<p>Ternimaito on paksua, keltaista nestett\u00e4, jota kehosi tuottaa ensimm\u00e4isten p\u00e4ivien aikana syntym\u00e4n j\u00e4lkeen. Ternimaidossa on korkea ravintoainepitoisuus ja erityisen korkea pitoisuus vasta-aineita, jotka auttavat rakentamaan vauvasi ep\u00e4kyps\u00e4\u00e4 immuunij\u00e4rjestelm\u00e4\u00e4 tyhj\u00e4st\u00e4. Itse asiassa ternimaidon vasta-aineet ovat niin tehokkaita, ett\u00e4 nestett\u00e4 k\u00e4ytettiin torjumaan bakteeri-infektioita ennen penisilliinin keksimist\u00e4.<\/p>\n<\/div><\/details>\n\n\n\n<details class=\"wp-block-karopharma-accordion\"><summary><h2 class=\"accordion-title\">Minun on eritt\u00e4in vaikea imett\u00e4\u00e4 kipeiden rinnanp\u00e4iden takia. En voi nauttia imetyksest\u00e4. Mit\u00e4 voin tehd\u00e4 t\u00e4m\u00e4n ongelman ratkaisemiseksi?<\/h2><\/summary><div class=\"accordion-content\">\n<p>On monia syit\u00e4, miksi rinnanp\u00e4\u00e4si kipeytyv\u00e4t imetett\u00e4ess\u00e4. Yleisin syy on huono imuote. Jos rinnanp\u00e4\u00e4si ovat kipe\u00e4t, ota yhteys neuvolaan \u2013 mit\u00e4 nopeammin, sen parempi. Hoitaja voi auttaa sinua hienos\u00e4\u00e4t\u00e4m\u00e4\u00e4n vauvasi asentoa ja imuotetta. Sill\u00e4 v\u00e4lin voit lievitt\u00e4\u00e4 kipua ja suojata rinnanp\u00e4it\u00e4si rikkoutumiselta levitt\u00e4m\u00e4ll\u00e4 sy\u00f6tt\u00f6kertojen v\u00e4lill\u00e4 niihin hoitavaa voidetta. Joskus rinnap\u00e4iden arkuus voi johtua rintojen sammas- eli hiivainfektiosta. Jos sinulla on sammas, ota yhteys neuvolaan tai terveyskeskukseen hoitoon p\u00e4\u00e4semiseksi.<\/p>\n\n\n\n<p>Jos sinulla on sammas, ota yhteys neuvolaan tai l\u00e4\u00e4k\u00e4riin.<\/p>\n<\/div><\/details>\n\n\n\n<details class=\"wp-block-karopharma-accordion\"><summary><h2 class=\"accordion-title\">K\u00e4rsin usein halkeilevista rinnap\u00e4ist\u00e4. Mit\u00e4 voin tehd\u00e4?<\/h2><\/summary><div class=\"accordion-content\">\n<p>On suositeltavaa k\u00e4ytt\u00e4\u00e4 ihokudosta pehment\u00e4v\u00e4\u00e4 ja palauttavaa voidetta, jota ei tarvitse poistaa ennen imetyst\u00e4. Multi-Mam Protect suojaa n\u00e4nnej\u00e4 kuivumiselta ja halkeilulta imetyksen aikana. Voide rauhoittaa ihoa ja pit\u00e4\u00e4 ihon pehme\u00e4n\u00e4 ja joustavana. Sit\u00e4 ei tarvitse poistaa ennen imetyst\u00e4. Multi-Mam Protect ei sis\u00e4ll\u00e4 hajusteita ja s\u00e4il\u00f6nt\u00e4aineita. Voit my\u00f6s kokeilla Multi-Mam-kompresseja kipeisiin rinnanp\u00e4ihin.<\/p>\n<\/div><\/details>\n\n\n\n<details class=\"wp-block-karopharma-accordion\"><summary><h2 class=\"accordion-title\">Miten taistelet v\u00e4symyst\u00e4 vastaan \u200b\u200bimetyksen aikana?<\/h2><\/summary><div class=\"accordion-content\">\n<p>Pyyd\u00e4 kumppaniltasi apua y\u00f6ll\u00e4. Kumppanisi ei voi imett\u00e4\u00e4 lasta, mutta voi nostaa vauvan rinnallesi, vaihtaa vaipan ja auttaa saamaan vauvan uudelleen nukkumaan. Nuku kun vauvasi nukkuu. Yrit\u00e4 olla k\u00e4ytt\u00e4m\u00e4tt\u00e4 t\u00e4m\u00e4 aika kotit\u00f6ihin ja anna itsellesi lupa lev\u00e4t\u00e4 \u2013 p\u00e4iv\u00e4unet voivat tehd\u00e4 ihmeit\u00e4 hyvinvoinnillesi. Ja sit\u00e4 paitsi, ansaitset torkut! Ulkoile ja liiku. Liikunta on hy\u00f6dyllist\u00e4, vaikka ei menisik\u00e4\u00e4n kuntosalille tai aloittaisi maratonharjoittelua. P\u00e4ivitt\u00e4iset vaunulenkit vauvan kanssa ulkona voivat antaa energiaa ja v\u00e4hent\u00e4\u00e4 v\u00e4symyst\u00e4. Kiinnit\u00e4 huomiota ruokavalioosi ja ravinteiden saantiin. Imett\u00e4ess\u00e4si sinun on sy\u00f6t\u00e4v\u00e4 normaalia enemm\u00e4n \u2013 mutta varmista, ett\u00e4 ravintosi on terveellist\u00e4! Tasapainoinen, paljon proteiineja ja muita ravinteita sis\u00e4lt\u00e4v\u00e4 ruokavalio auttaa sinua jaksamaan vauvan kanssa ja tehostaa maidon erityst\u00e4. Joskus v\u00e4symys johtuu siit\u00e4, ett\u00e4 maitoa on pakkautunut maitotiehyisiin. T\u00e4t\u00e4 kutsutaan rintatulehdukseksi (mastiitti) ja sen seurauksena rinnat voivat turvota ja tulehtua. Jos ep\u00e4ilet, ett\u00e4 uupumuksesi syyn\u00e4 voisi olla rintatulehdus tai jokin muu sairaus, ota yhteys l\u00e4\u00e4k\u00e4riin oikean diagnoosin ja hoidon saamiseksi.<\/p>\n<\/div><\/details>\n\n\n\n<details class=\"wp-block-karopharma-accordion\"><summary><h2 class=\"accordion-title\">Miksi rinnanp\u00e4\u00e4ni kipeytyv\u00e4t ja halkeilevat?<\/h2><\/summary><div class=\"accordion-content\">\n<p>Useimmat n\u00e4nneihin liittyv\u00e4t ongelmat johtuvat siit\u00e4, ett\u00e4 vauvalla huono tai matala imuote. Kun vauvalla on hyv\u00e4 imuote, h\u00e4nen suunsa on auki suurena rintasi ymp\u00e4rill\u00e4, ja n\u00e4nni on syv\u00e4ll\u00e4 vauvan suun takaosassa. Jos sinulla on arat, rikkin\u00e4iset tai kuivat rinnanp\u00e4\u00e4t, v\u00e4lt\u00e4 rintojen pesemist\u00e4 saippuapitoisilla pesuaineilla, sill\u00e4 ne v\u00e4hent\u00e4v\u00e4t ihon luonnollosia rasvoja ja saattavat pahentaa ongelmaa. Sieni-infektio, ihottuma tai taipumus kuivaan ihoon voivat my\u00f6s olla mahdollisia syit\u00e4 n\u00e4nniongelmiin. Siksi on aina suositeltavaa suojata rinnanp\u00e4\u00e4t Multi-Mam Protectilla.<\/p>\n<\/div><\/details>\n\n\n\n<details class=\"wp-block-karopharma-accordion\"><summary><h2 class=\"accordion-title\">Voinko jatkaa imetyst\u00e4, jos olen sairas?<\/h2><\/summary><div class=\"accordion-content\">\n<p>Jos sinulla on yleinen sairaus, kuten flunssa, influenssa tai vatsatauti, imetys ei v\u00e4lit\u00e4 infektiota vauvallesi. P\u00e4invastoin, rintamaitosi sis\u00e4lt\u00e4\u00e4 vasta-aineita, joita kehosi on tuottanut taistelemaan infektiota vastaan, ja ne auttavat my\u00f6s suojaamaan vauvaasi. Sinun ei tarvitse olla erill\u00e4\u00e4n lapsestasi sairaana, sill\u00e4 olet todenn\u00e4k\u00f6isesti jo altistanut h\u00e4net viruksille tai bakteereille ennen kuin tiesit saavasi tartunnan. K\u00e4sienpesu ja muut yleiset hygieniatoimenpiteet auttavat suojaamaan lastasi infektioilta.<\/p>\n<\/div><\/details>\n\n\n\n<details class=\"wp-block-karopharma-accordion\"><summary><h2 class=\"accordion-title\">Miksi imetys v\u00e4sytt\u00e4\u00e4?<\/h2><\/summary><div class=\"accordion-content\">\n<p>Useimmat tuoreet \u00e4idit ovat v\u00e4syneit\u00e4, riippumatta siit\u00e4, imett\u00e4v\u00e4tk\u00f6 he vai eiv\u00e4t. Ja kukapa ei olisi v\u00e4synyt, kun valvoo \u00f6isin ja lis\u00e4ksi vauvan jatkuva huomiontarve voi h\u00e4mment\u00e4\u00e4. Mutta sille, ett\u00e4 imett\u00e4ess\u00e4 alkaa haukotuttaa, voi olla toinenkin syy &#8211; hormonit. Imett\u00e4ess\u00e4si aivosi vapauttavat oksitosiini-nimist\u00e4 hormonia, joka ilmoittaa lihaksille ja maitotiehyille, ett\u00e4 nyt on aika alkaa eritt\u00e4\u00e4 maitoa. Oksitosiini saa kohtusi supistumaan synnytyksen j\u00e4lkeen, est\u00e4\u00e4 verenhukkaa ja edist\u00e4\u00e4 paranemista. Lis\u00e4ksi se v\u00e4hent\u00e4\u00e4 stressi\u00e4 ja alentaa verenpainetta. Oksitosiinin huono puoli on, ett\u00e4 se rentouttaa sinua niin paljon, ett\u00e4 imett\u00e4ess\u00e4si tulet uneliaaksi ja v\u00e4syneeksi. Joten jos alat torkahdella vauvan imiess\u00e4 rintaa, tied\u00e4t, ett\u00e4 oksitosiini tekee teht\u00e4v\u00e4ns\u00e4.<\/p>\n<\/div><\/details>\n<\/div><\/div>\n","protected":false},"excerpt":{"rendered":"","protected":false},"author":2,"featured_media":0,"parent":0,"menu_order":0,"comment_status":"closed","ping_status":"closed","template":"","meta":{"_acf_changed":false,"footnotes":""},"from-article-database":[],"class_list":["post-37","page","type-page","status-publish","hentry"],"acf":[],"yoast_head":"<!-- This site is optimized with the Yoast SEO plugin v26.6 - https:\/\/yoast.com\/wordpress\/plugins\/seo\/ -->\n<title>FAQ - Multi-Mam<\/title>\n<meta name=\"description\" content=\"Usein kysytyt kysymykset: Miksi imetys on niin t\u00e4rke\u00e4\u00e4 vauvalleni? Mit\u00e4 hy\u00f6ty\u00e4 imett\u00e4misest\u00e4 on vauvalle?\" \/>\n<meta name=\"robots\" content=\"index, follow, max-snippet:-1, max-image-preview:large, max-video-preview:-1\" \/>\n<link rel=\"canonical\" href=\"https:\/\/multi-mam.com\/fi\/faq\/\" \/>\n<meta property=\"og:locale\" content=\"fi_FI\" \/>\n<meta property=\"og:type\" content=\"article\" \/>\n<meta property=\"og:title\" content=\"FAQ - Multi-Mam\" \/>\n<meta property=\"og:description\" content=\"Usein kysytyt kysymykset: Miksi imetys on niin t\u00e4rke\u00e4\u00e4 vauvalleni? Mit\u00e4 hy\u00f6ty\u00e4 imett\u00e4misest\u00e4 on vauvalle?\" \/>\n<meta property=\"og:url\" content=\"https:\/\/multi-mam.com\/fi\/faq\/\" \/>\n<meta property=\"og:site_name\" content=\"Multi-Mam\" \/>\n<meta property=\"article:modified_time\" content=\"2025-01-15T10:43:34+00:00\" \/>\n<meta property=\"og:image\" content=\"https:\/\/multi-mam.com\/cdn-cgi\/image\/format=auto\/app\/uploads\/sites\/6\/2022\/06\/faq.jpeg\" \/>\n<meta name=\"twitter:card\" content=\"summary_large_image\" \/>\n<meta name=\"twitter:label1\" content=\"Est. reading time\" \/>\n\t<meta name=\"twitter:data1\" content=\"5 minutes\" \/>\n<script type=\"application\/ld+json\" class=\"yoast-schema-graph\">{\"@context\":\"https:\/\/schema.org\",\"@graph\":[{\"@type\":\"WebPage\",\"@id\":\"https:\/\/multi-mam.com\/fi\/faq\/\",\"url\":\"https:\/\/multi-mam.com\/fi\/faq\/\",\"name\":\"FAQ - Multi-Mam\",\"isPartOf\":{\"@id\":\"https:\/\/multi-mam.com\/fi\/#website\"},\"primaryImageOfPage\":{\"@id\":\"https:\/\/multi-mam.com\/fi\/faq\/#primaryimage\"},\"image\":{\"@id\":\"https:\/\/multi-mam.com\/fi\/faq\/#primaryimage\"},\"thumbnailUrl\":\"https:\/\/multi-mam.com\/cdn-cgi\/image\/format=auto\/app\/uploads\/sites\/6\/2022\/06\/faq.jpeg\",\"datePublished\":\"2022-06-22T06:52:23+00:00\",\"dateModified\":\"2025-01-15T10:43:34+00:00\",\"description\":\"Usein kysytyt kysymykset: Miksi imetys on niin t\u00e4rke\u00e4\u00e4 vauvalleni? Mit\u00e4 hy\u00f6ty\u00e4 imett\u00e4misest\u00e4 on vauvalle?\",\"breadcrumb\":{\"@id\":\"https:\/\/multi-mam.com\/fi\/faq\/#breadcrumb\"},\"inLanguage\":\"fi-FI\",\"potentialAction\":[{\"@type\":\"ReadAction\",\"target\":[\"https:\/\/multi-mam.com\/fi\/faq\/\"]}]},{\"@type\":\"ImageObject\",\"inLanguage\":\"fi-FI\",\"@id\":\"https:\/\/multi-mam.com\/fi\/faq\/#primaryimage\",\"url\":\"https:\/\/multi-mam.com\/cdn-cgi\/image\/format=auto\/app\/uploads\/sites\/6\/2022\/06\/faq.jpeg\",\"contentUrl\":\"https:\/\/multi-mam.com\/cdn-cgi\/image\/format=auto\/app\/uploads\/sites\/6\/2022\/06\/faq.jpeg\"},{\"@type\":\"BreadcrumbList\",\"@id\":\"https:\/\/multi-mam.com\/fi\/faq\/#breadcrumb\",\"itemListElement\":[{\"@type\":\"ListItem\",\"position\":1,\"name\":\"Home\",\"item\":\"https:\/\/multi-mam.com\/fi\/\"},{\"@type\":\"ListItem\",\"position\":2,\"name\":\"FAQ\"}]},{\"@type\":\"WebSite\",\"@id\":\"https:\/\/multi-mam.com\/fi\/#website\",\"url\":\"https:\/\/multi-mam.com\/fi\/\",\"name\":\"Multi-Mam\",\"description\":\"\",\"publisher\":{\"@id\":\"https:\/\/multi-mam.com\/fi\/#organization\"},\"potentialAction\":[{\"@type\":\"SearchAction\",\"target\":{\"@type\":\"EntryPoint\",\"urlTemplate\":\"https:\/\/multi-mam.com\/fi\/?s={search_term_string}\"},\"query-input\":{\"@type\":\"PropertyValueSpecification\",\"valueRequired\":true,\"valueName\":\"search_term_string\"}}],\"inLanguage\":\"fi-FI\"},{\"@type\":\"Organization\",\"@id\":\"https:\/\/multi-mam.com\/fi\/#organization\",\"name\":\"Multi-Mam\",\"url\":\"https:\/\/multi-mam.com\/fi\/\",\"logo\":{\"@type\":\"ImageObject\",\"inLanguage\":\"fi-FI\",\"@id\":\"https:\/\/multi-mam.com\/fi\/#\/schema\/logo\/image\/\",\"url\":\"https:\/\/multi-mam.com\/app\/uploads\/sites\/6\/2022\/06\/multi-mam-logotype.png\",\"contentUrl\":\"https:\/\/multi-mam.com\/app\/uploads\/sites\/6\/2022\/06\/multi-mam-logotype.png\",\"width\":70,\"height\":96,\"caption\":\"Multi-Mam\"},\"image\":{\"@id\":\"https:\/\/multi-mam.com\/fi\/#\/schema\/logo\/image\/\"}}]}<\/script>\n<!-- \/ Yoast SEO plugin. -->","yoast_head_json":{"title":"FAQ - Multi-Mam","description":"Usein kysytyt kysymykset: Miksi imetys on niin t\u00e4rke\u00e4\u00e4 vauvalleni? Mit\u00e4 hy\u00f6ty\u00e4 imett\u00e4misest\u00e4 on vauvalle?","robots":{"index":"index","follow":"follow","max-snippet":"max-snippet:-1","max-image-preview":"max-image-preview:large","max-video-preview":"max-video-preview:-1"},"canonical":"https:\/\/multi-mam.com\/fi\/faq\/","og_locale":"fi_FI","og_type":"article","og_title":"FAQ - Multi-Mam","og_description":"Usein kysytyt kysymykset: Miksi imetys on niin t\u00e4rke\u00e4\u00e4 vauvalleni? Mit\u00e4 hy\u00f6ty\u00e4 imett\u00e4misest\u00e4 on vauvalle?","og_url":"https:\/\/multi-mam.com\/fi\/faq\/","og_site_name":"Multi-Mam","article_modified_time":"2025-01-15T10:43:34+00:00","og_image":[{"url":"https:\/\/multi-mam.com\/cdn-cgi\/image\/format=auto\/app\/uploads\/sites\/6\/2022\/06\/faq.jpeg","type":"","width":"","height":""}],"twitter_card":"summary_large_image","twitter_misc":{"Est. reading time":"5 minutes"},"schema":{"@context":"https:\/\/schema.org","@graph":[{"@type":"WebPage","@id":"https:\/\/multi-mam.com\/fi\/faq\/","url":"https:\/\/multi-mam.com\/fi\/faq\/","name":"FAQ - Multi-Mam","isPartOf":{"@id":"https:\/\/multi-mam.com\/fi\/#website"},"primaryImageOfPage":{"@id":"https:\/\/multi-mam.com\/fi\/faq\/#primaryimage"},"image":{"@id":"https:\/\/multi-mam.com\/fi\/faq\/#primaryimage"},"thumbnailUrl":"https:\/\/multi-mam.com\/cdn-cgi\/image\/format=auto\/app\/uploads\/sites\/6\/2022\/06\/faq.jpeg","datePublished":"2022-06-22T06:52:23+00:00","dateModified":"2025-01-15T10:43:34+00:00","description":"Usein kysytyt kysymykset: Miksi imetys on niin t\u00e4rke\u00e4\u00e4 vauvalleni? Mit\u00e4 hy\u00f6ty\u00e4 imett\u00e4misest\u00e4 on vauvalle?","breadcrumb":{"@id":"https:\/\/multi-mam.com\/fi\/faq\/#breadcrumb"},"inLanguage":"fi-FI","potentialAction":[{"@type":"ReadAction","target":["https:\/\/multi-mam.com\/fi\/faq\/"]}]},{"@type":"ImageObject","inLanguage":"fi-FI","@id":"https:\/\/multi-mam.com\/fi\/faq\/#primaryimage","url":"https:\/\/multi-mam.com\/cdn-cgi\/image\/format=auto\/app\/uploads\/sites\/6\/2022\/06\/faq.jpeg","contentUrl":"https:\/\/multi-mam.com\/cdn-cgi\/image\/format=auto\/app\/uploads\/sites\/6\/2022\/06\/faq.jpeg"},{"@type":"BreadcrumbList","@id":"https:\/\/multi-mam.com\/fi\/faq\/#breadcrumb","itemListElement":[{"@type":"ListItem","position":1,"name":"Home","item":"https:\/\/multi-mam.com\/fi\/"},{"@type":"ListItem","position":2,"name":"FAQ"}]},{"@type":"WebSite","@id":"https:\/\/multi-mam.com\/fi\/#website","url":"https:\/\/multi-mam.com\/fi\/","name":"Multi-Mam","description":"","publisher":{"@id":"https:\/\/multi-mam.com\/fi\/#organization"},"potentialAction":[{"@type":"SearchAction","target":{"@type":"EntryPoint","urlTemplate":"https:\/\/multi-mam.com\/fi\/?s={search_term_string}"},"query-input":{"@type":"PropertyValueSpecification","valueRequired":true,"valueName":"search_term_string"}}],"inLanguage":"fi-FI"},{"@type":"Organization","@id":"https:\/\/multi-mam.com\/fi\/#organization","name":"Multi-Mam","url":"https:\/\/multi-mam.com\/fi\/","logo":{"@type":"ImageObject","inLanguage":"fi-FI","@id":"https:\/\/multi-mam.com\/fi\/#\/schema\/logo\/image\/","url":"https:\/\/multi-mam.com\/app\/uploads\/sites\/6\/2022\/06\/multi-mam-logotype.png","contentUrl":"https:\/\/multi-mam.com\/app\/uploads\/sites\/6\/2022\/06\/multi-mam-logotype.png","width":70,"height":96,"caption":"Multi-Mam"},"image":{"@id":"https:\/\/multi-mam.com\/fi\/#\/schema\/logo\/image\/"}}]}},"_links":{"self":[{"href":"https:\/\/multi-mam.com\/fi\/wp-json\/wp\/v2\/pages\/37","targetHints":{"allow":["GET"]}}],"collection":[{"href":"https:\/\/multi-mam.com\/fi\/wp-json\/wp\/v2\/pages"}],"about":[{"href":"https:\/\/multi-mam.com\/fi\/wp-json\/wp\/v2\/types\/page"}],"author":[{"embeddable":true,"href":"https:\/\/multi-mam.com\/fi\/wp-json\/wp\/v2\/users\/2"}],"replies":[{"embeddable":true,"href":"https:\/\/multi-mam.com\/fi\/wp-json\/wp\/v2\/comments?post=37"}],"version-history":[{"count":8,"href":"https:\/\/multi-mam.com\/fi\/wp-json\/wp\/v2\/pages\/37\/revisions"}],"predecessor-version":[{"id":139,"href":"https:\/\/multi-mam.com\/fi\/wp-json\/wp\/v2\/pages\/37\/revisions\/139"}],"wp:attachment":[{"href":"https:\/\/multi-mam.com\/fi\/wp-json\/wp\/v2\/media?parent=37"}],"wp:term":[{"taxonomy":"from-article-database","embeddable":true,"href":"https:\/\/multi-mam.com\/fi\/wp-json\/wp\/v2\/from-article-database?post=37"}],"curies":[{"name":"wp","href":"https:\/\/api.w.org\/{rel}","templated":true}]}}