{"id":46,"date":"2023-04-20T10:52:43","date_gmt":"2023-04-20T08:52:43","guid":{"rendered":"https:\/\/multi-mam.com\/es\/?post_type=product&#038;p=46"},"modified":"2025-04-28T14:48:39","modified_gmt":"2025-04-28T12:48:39","slug":"multi-mam-balsamo","status":"publish","type":"product","link":"https:\/\/multi-mam.com\/es\/producto\/multi-mam-balsamo\/","title":{"rendered":"Multi-Mam B\u00e1lsamo"},"content":{"rendered":"\n<div class=\"wp-block-karopharma-accordions is-style-secondary\"><div class=\"container\">\n<details class=\"wp-block-karopharma-accordion\"><summary><h2 class=\"accordion-title\">\u00bfDeber\u00eda retirar Multi-Mam B\u00e1lsamo antes de dar el pecho?<\/h2><\/summary><div class=\"accordion-content\">\n<p>No, es inocuo si se ingiere y tiene un sabor y olor neutro. Se recomienda especialmente aplicar el b\u00e1lsamo justo despu\u00e9s de dar el pecho \u2013 si se aplica justo antes de dar el pecho, puede dificultar el enganche de su beb\u00e9.<\/p>\n<\/div><\/details>\n\n\n\n<details class=\"wp-block-karopharma-accordion\"><summary><h2 class=\"accordion-title\">\u00bfCon qu\u00e9 frecuencia deber\u00eda utilizar Multi-Mam B\u00e1lsamo?<\/h2><\/summary><div class=\"accordion-content\">\n<p>Tan a menudo como desee. Se recomienda especialmente aplicar el b\u00e1lsamo justo despu\u00e9s de dar el pecho \u2013 si se aplica justo antes de dar el pecho, puede dificultar el enganche de su beb\u00e9.<\/p>\n<\/div><\/details>\n\n\n\n<details class=\"wp-block-karopharma-accordion\"><summary><h2 class=\"accordion-title\">\u00bfC\u00faal es la diferencia entre Multi-Mam B\u00e1lsamo y Multi-Mam Lanolina?<\/h2><\/summary><div class=\"accordion-content\">\n<p>Multi-Mam B\u00e1lsamo contiene una selecci\u00f3n de aceites vegetales. Es una alternativa de base vegetal a la lanolina, que contiene lana grasa natural.<\/p>\n<\/div><\/details>\n\n\n\n<details class=\"wp-block-karopharma-accordion\"><summary><h2 class=\"accordion-title\">Sufro cont\u00ednuamente de pezones agrietados, lo que es muy doloroso. \u00bfQu\u00e9 puedo hacer?<\/h2><\/summary><div class=\"accordion-content\">\n<p>La mejor soluci\u00f3n es utilizar compresas inicialmente para tratar las grietas, ya que favorecen la curaci\u00f3n. Para prevenir las grietas y suavizar la piel, puede utilizar una pomada. Multi-Mam B\u00e1lsamo es una pomada que refuerza y condiciona el tejido de la piel. A base de ingredientes vegetales, tiene un sabor neutro y es inocuo si se ingiere, por lo que proporciona una protecci\u00f3n \u00f3ptima durante la lactancia y en todo el d\u00eda.<\/p>\n<\/div><\/details>\n\n\n\n<details class=\"wp-block-karopharma-accordion\"><summary><h2 class=\"accordion-title\">\u00bfCu\u00e1les son las causas de los problemas en el pez\u00f3n?<\/h2><\/summary><div class=\"accordion-content\">\n<p>La mayor\u00eda de molestias en el pez\u00f3n son consecuencia de un mal enganche; es importante que la parte m\u00e1s sensible del tejido del pez\u00f3n se introduzca profundamente en la boca de su beb\u00e9. Utilizar productos que disminuyen la protecci\u00f3n natural de la piel, como jabones y champ\u00fas, tambi\u00e9n puede ocasionar grietas en los pezones. Finalmente, las infecciones por levaduras, eczema, o una tendencia a tener la piel seca son causas potencias de problemas en el pez\u00f3n.<\/p>\n<\/div><\/details>\n<\/div><\/div>\n","protected":false},"excerpt":{"rendered":"<p>Cuidado del pez\u00f3n con plantas naturales para madres lactantes<\/p>\n","protected":false},"featured_media":338,"comment_status":"closed","ping_status":"closed","template":"","meta":{"_acf_changed":false,"footnotes":""},"product_brand":[],"product_cat":[15],"product_tag":[],"class_list":{"0":"post-46","1":"product","2":"type-product","3":"status-publish","4":"has-post-thumbnail","6":"product_cat-uncategorized","8":"first","9":"instock","10":"shipping-taxable","11":"product-type-simple"},"acf":[],"yoast_head":"<!-- This site is optimized with the Yoast SEO plugin v26.6 - https:\/\/yoast.com\/wordpress\/plugins\/seo\/ -->\n<title>Multi-Mam B\u00e1lsamo - Multi-Mam<\/title>\n<meta name=\"description\" content=\"Multi-Mam B\u00e1lsamo est\u00e1 recomendado para prevenir la aparici\u00f3n de grietas en los pezones y mejorar el estado de la piel y tejido del \u00e1rea del pez\u00f3n.\" \/>\n<meta name=\"robots\" content=\"index, follow, max-snippet:-1, max-image-preview:large, max-video-preview:-1\" \/>\n<link rel=\"canonical\" href=\"https:\/\/multi-mam.com\/es\/producto\/multi-mam-balsamo\/\" \/>\n<meta property=\"og:locale\" content=\"es_ES\" \/>\n<meta property=\"og:type\" content=\"article\" \/>\n<meta property=\"og:title\" content=\"Multi-Mam B\u00e1lsamo - Multi-Mam\" \/>\n<meta property=\"og:description\" content=\"Multi-Mam B\u00e1lsamo est\u00e1 recomendado para prevenir la aparici\u00f3n de grietas en los pezones y mejorar el estado de la piel y tejido del \u00e1rea del pez\u00f3n.\" \/>\n<meta property=\"og:url\" content=\"https:\/\/multi-mam.com\/es\/producto\/multi-mam-balsamo\/\" \/>\n<meta property=\"og:site_name\" content=\"Multi-Mam\" \/>\n<meta property=\"article:modified_time\" content=\"2025-04-28T12:48:39+00:00\" \/>\n<meta property=\"og:image\" content=\"https:\/\/multi-mam.com\/app\/uploads\/sites\/27\/2023\/04\/MultiMamBalm-1400x1400-1.png\" \/>\n\t<meta property=\"og:image:width\" content=\"1400\" \/>\n\t<meta property=\"og:image:height\" content=\"1400\" \/>\n\t<meta property=\"og:image:type\" content=\"image\/png\" \/>\n<meta name=\"twitter:card\" content=\"summary_large_image\" \/>\n<meta name=\"twitter:label1\" content=\"Tiempo de lectura\" \/>\n\t<meta name=\"twitter:data1\" content=\"2 minutos\" \/>\n<script type=\"application\/ld+json\" class=\"yoast-schema-graph\">{\"@context\":\"https:\/\/schema.org\",\"@graph\":[{\"@type\":\"WebPage\",\"@id\":\"https:\/\/multi-mam.com\/es\/producto\/multi-mam-balsamo\/\",\"url\":\"https:\/\/multi-mam.com\/es\/producto\/multi-mam-balsamo\/\",\"name\":\"Multi-Mam B\u00e1lsamo - Multi-Mam\",\"isPartOf\":{\"@id\":\"https:\/\/multi-mam.com\/es\/#website\"},\"primaryImageOfPage\":{\"@id\":\"https:\/\/multi-mam.com\/es\/producto\/multi-mam-balsamo\/#primaryimage\"},\"image\":{\"@id\":\"https:\/\/multi-mam.com\/es\/producto\/multi-mam-balsamo\/#primaryimage\"},\"thumbnailUrl\":\"https:\/\/multi-mam.com\/app\/uploads\/sites\/27\/2023\/04\/MultiMamBalm-1400x1400-1.png\",\"datePublished\":\"2023-04-20T08:52:43+00:00\",\"dateModified\":\"2025-04-28T12:48:39+00:00\",\"description\":\"Multi-Mam B\u00e1lsamo est\u00e1 recomendado para prevenir la aparici\u00f3n de grietas en los pezones y mejorar el estado de la piel y tejido del \u00e1rea del pez\u00f3n.\",\"breadcrumb\":{\"@id\":\"https:\/\/multi-mam.com\/es\/producto\/multi-mam-balsamo\/#breadcrumb\"},\"inLanguage\":\"es\",\"potentialAction\":[{\"@type\":\"ReadAction\",\"target\":[\"https:\/\/multi-mam.com\/es\/producto\/multi-mam-balsamo\/\"]}]},{\"@type\":\"ImageObject\",\"inLanguage\":\"es\",\"@id\":\"https:\/\/multi-mam.com\/es\/producto\/multi-mam-balsamo\/#primaryimage\",\"url\":\"https:\/\/multi-mam.com\/app\/uploads\/sites\/27\/2023\/04\/MultiMamBalm-1400x1400-1.png\",\"contentUrl\":\"https:\/\/multi-mam.com\/app\/uploads\/sites\/27\/2023\/04\/MultiMamBalm-1400x1400-1.png\",\"width\":1400,\"height\":1400,\"caption\":\"Multi-Mam Balm\"},{\"@type\":\"BreadcrumbList\",\"@id\":\"https:\/\/multi-mam.com\/es\/producto\/multi-mam-balsamo\/#breadcrumb\",\"itemListElement\":[{\"@type\":\"ListItem\",\"position\":1,\"name\":\"Home\",\"item\":\"https:\/\/multi-mam.com\/es\/\"},{\"@type\":\"ListItem\",\"position\":2,\"name\":\"Productos\",\"item\":\"https:\/\/multi-mam.com\/es\/productos\/\"},{\"@type\":\"ListItem\",\"position\":3,\"name\":\"Multi-Mam B\u00e1lsamo\"}]},{\"@type\":\"WebSite\",\"@id\":\"https:\/\/multi-mam.com\/es\/#website\",\"url\":\"https:\/\/multi-mam.com\/es\/\",\"name\":\"Multi-Mam\",\"description\":\"\",\"publisher\":{\"@id\":\"https:\/\/multi-mam.com\/es\/#organization\"},\"potentialAction\":[{\"@type\":\"SearchAction\",\"target\":{\"@type\":\"EntryPoint\",\"urlTemplate\":\"https:\/\/multi-mam.com\/es\/?s={search_term_string}\"},\"query-input\":{\"@type\":\"PropertyValueSpecification\",\"valueRequired\":true,\"valueName\":\"search_term_string\"}}],\"inLanguage\":\"es\"},{\"@type\":\"Organization\",\"@id\":\"https:\/\/multi-mam.com\/es\/#organization\",\"name\":\"Multi-Mam\",\"url\":\"https:\/\/multi-mam.com\/es\/\",\"logo\":{\"@type\":\"ImageObject\",\"inLanguage\":\"es\",\"@id\":\"https:\/\/multi-mam.com\/es\/#\/schema\/logo\/image\/\",\"url\":\"https:\/\/multi-mam.com\/app\/uploads\/sites\/27\/2023\/04\/multi-mam-logotype.png\",\"contentUrl\":\"https:\/\/multi-mam.com\/app\/uploads\/sites\/27\/2023\/04\/multi-mam-logotype.png\",\"width\":70,\"height\":96,\"caption\":\"Multi-Mam\"},\"image\":{\"@id\":\"https:\/\/multi-mam.com\/es\/#\/schema\/logo\/image\/\"}}]}<\/script>\n<!-- \/ Yoast SEO plugin. -->","yoast_head_json":{"title":"Multi-Mam B\u00e1lsamo - Multi-Mam","description":"Multi-Mam B\u00e1lsamo est\u00e1 recomendado para prevenir la aparici\u00f3n de grietas en los pezones y mejorar el estado de la piel y tejido del \u00e1rea del pez\u00f3n.","robots":{"index":"index","follow":"follow","max-snippet":"max-snippet:-1","max-image-preview":"max-image-preview:large","max-video-preview":"max-video-preview:-1"},"canonical":"https:\/\/multi-mam.com\/es\/producto\/multi-mam-balsamo\/","og_locale":"es_ES","og_type":"article","og_title":"Multi-Mam B\u00e1lsamo - Multi-Mam","og_description":"Multi-Mam B\u00e1lsamo est\u00e1 recomendado para prevenir la aparici\u00f3n de grietas en los pezones y mejorar el estado de la piel y tejido del \u00e1rea del pez\u00f3n.","og_url":"https:\/\/multi-mam.com\/es\/producto\/multi-mam-balsamo\/","og_site_name":"Multi-Mam","article_modified_time":"2025-04-28T12:48:39+00:00","og_image":[{"width":1400,"height":1400,"url":"https:\/\/multi-mam.com\/app\/uploads\/sites\/27\/2023\/04\/MultiMamBalm-1400x1400-1.png","type":"image\/png"}],"twitter_card":"summary_large_image","twitter_misc":{"Tiempo de lectura":"2 minutos"},"schema":{"@context":"https:\/\/schema.org","@graph":[{"@type":"WebPage","@id":"https:\/\/multi-mam.com\/es\/producto\/multi-mam-balsamo\/","url":"https:\/\/multi-mam.com\/es\/producto\/multi-mam-balsamo\/","name":"Multi-Mam B\u00e1lsamo - Multi-Mam","isPartOf":{"@id":"https:\/\/multi-mam.com\/es\/#website"},"primaryImageOfPage":{"@id":"https:\/\/multi-mam.com\/es\/producto\/multi-mam-balsamo\/#primaryimage"},"image":{"@id":"https:\/\/multi-mam.com\/es\/producto\/multi-mam-balsamo\/#primaryimage"},"thumbnailUrl":"https:\/\/multi-mam.com\/app\/uploads\/sites\/27\/2023\/04\/MultiMamBalm-1400x1400-1.png","datePublished":"2023-04-20T08:52:43+00:00","dateModified":"2025-04-28T12:48:39+00:00","description":"Multi-Mam B\u00e1lsamo est\u00e1 recomendado para prevenir la aparici\u00f3n de grietas en los pezones y mejorar el estado de la piel y tejido del \u00e1rea del pez\u00f3n.","breadcrumb":{"@id":"https:\/\/multi-mam.com\/es\/producto\/multi-mam-balsamo\/#breadcrumb"},"inLanguage":"es","potentialAction":[{"@type":"ReadAction","target":["https:\/\/multi-mam.com\/es\/producto\/multi-mam-balsamo\/"]}]},{"@type":"ImageObject","inLanguage":"es","@id":"https:\/\/multi-mam.com\/es\/producto\/multi-mam-balsamo\/#primaryimage","url":"https:\/\/multi-mam.com\/app\/uploads\/sites\/27\/2023\/04\/MultiMamBalm-1400x1400-1.png","contentUrl":"https:\/\/multi-mam.com\/app\/uploads\/sites\/27\/2023\/04\/MultiMamBalm-1400x1400-1.png","width":1400,"height":1400,"caption":"Multi-Mam Balm"},{"@type":"BreadcrumbList","@id":"https:\/\/multi-mam.com\/es\/producto\/multi-mam-balsamo\/#breadcrumb","itemListElement":[{"@type":"ListItem","position":1,"name":"Home","item":"https:\/\/multi-mam.com\/es\/"},{"@type":"ListItem","position":2,"name":"Productos","item":"https:\/\/multi-mam.com\/es\/productos\/"},{"@type":"ListItem","position":3,"name":"Multi-Mam B\u00e1lsamo"}]},{"@type":"WebSite","@id":"https:\/\/multi-mam.com\/es\/#website","url":"https:\/\/multi-mam.com\/es\/","name":"Multi-Mam","description":"","publisher":{"@id":"https:\/\/multi-mam.com\/es\/#organization"},"potentialAction":[{"@type":"SearchAction","target":{"@type":"EntryPoint","urlTemplate":"https:\/\/multi-mam.com\/es\/?s={search_term_string}"},"query-input":{"@type":"PropertyValueSpecification","valueRequired":true,"valueName":"search_term_string"}}],"inLanguage":"es"},{"@type":"Organization","@id":"https:\/\/multi-mam.com\/es\/#organization","name":"Multi-Mam","url":"https:\/\/multi-mam.com\/es\/","logo":{"@type":"ImageObject","inLanguage":"es","@id":"https:\/\/multi-mam.com\/es\/#\/schema\/logo\/image\/","url":"https:\/\/multi-mam.com\/app\/uploads\/sites\/27\/2023\/04\/multi-mam-logotype.png","contentUrl":"https:\/\/multi-mam.com\/app\/uploads\/sites\/27\/2023\/04\/multi-mam-logotype.png","width":70,"height":96,"caption":"Multi-Mam"},"image":{"@id":"https:\/\/multi-mam.com\/es\/#\/schema\/logo\/image\/"}}]}},"_links":{"self":[{"href":"https:\/\/multi-mam.com\/es\/wp-json\/wp\/v2\/product\/46","targetHints":{"allow":["GET"]}}],"collection":[{"href":"https:\/\/multi-mam.com\/es\/wp-json\/wp\/v2\/product"}],"about":[{"href":"https:\/\/multi-mam.com\/es\/wp-json\/wp\/v2\/types\/product"}],"replies":[{"embeddable":true,"href":"https:\/\/multi-mam.com\/es\/wp-json\/wp\/v2\/comments?post=46"}],"version-history":[{"count":5,"href":"https:\/\/multi-mam.com\/es\/wp-json\/wp\/v2\/product\/46\/revisions"}],"predecessor-version":[{"id":363,"href":"https:\/\/multi-mam.com\/es\/wp-json\/wp\/v2\/product\/46\/revisions\/363"}],"wp:featuredmedia":[{"embeddable":true,"href":"https:\/\/multi-mam.com\/es\/wp-json\/wp\/v2\/media\/338"}],"wp:attachment":[{"href":"https:\/\/multi-mam.com\/es\/wp-json\/wp\/v2\/media?parent=46"}],"wp:term":[{"taxonomy":"product_brand","embeddable":true,"href":"https:\/\/multi-mam.com\/es\/wp-json\/wp\/v2\/product_brand?post=46"},{"taxonomy":"product_cat","embeddable":true,"href":"https:\/\/multi-mam.com\/es\/wp-json\/wp\/v2\/product_cat?post=46"},{"taxonomy":"product_tag","embeddable":true,"href":"https:\/\/multi-mam.com\/es\/wp-json\/wp\/v2\/product_tag?post=46"}],"curies":[{"name":"wp","href":"https:\/\/api.w.org\/{rel}","templated":true}]}}