{"id":98,"date":"2023-04-20T14:43:22","date_gmt":"2023-04-20T12:43:22","guid":{"rendered":"https:\/\/multi-mam.com\/es\/?page_id=98"},"modified":"2025-04-28T14:48:25","modified_gmt":"2025-04-28T12:48:25","slug":"cuando-a-su-bebe-le-aparecen-los-primeros-dientes","status":"publish","type":"page","link":"https:\/\/multi-mam.com\/es\/articulos\/denticion\/cuando-a-su-bebe-le-aparecen-los-primeros-dientes\/","title":{"rendered":"Cuando a su beb\u00e9 le aparecen los primeros dientes"},"content":{"rendered":"\n<div class=\"wp-block-karopharma-free-text pt-large pb-large bg-center bg-cover bg-no-repeat  is-style-primary\" style=\"background-image:url()\"><div class=\"free-text-wrapper container max-w-medium text-left\">\n<h1 class=\"wp-block-heading\">Cuando a su beb\u00e9 le aparecen los primeros dientes<\/h1>\n\n\n\n<p class=\"is-style-paragraph-preamble\">Al igual que caminar y decir sus primeras palabras, la aparici\u00f3n de sus primeros dientes es otro hito importante en la vida de su hijo. Aunque ver los primeros dientes cuando su peque\u00f1o sonr\u00ede es algo para estar contento, el proceso de llegar ah\u00ed puede ser muy estresante, para los dos. La dentici\u00f3n puede causar muchos s\u00edntomas inc\u00f3modos, tales como enc\u00edas sensibles e hinchadas, babeo, erupci\u00f3n en la barbilla, roer, problemas para dormir, etc. Sin embargo, cuando a su beb\u00e9 le salen los primeros dientes, puede sentirse aliviado en que su desarrollo va por el buen camino. El desarrollo de los dientes es necesario para que su hijo pueda comer una dieta equilibrada, incluyendo alimentos s\u00f3lidos, que es un requisito previo para un desarrollo adecuado y un sistema inmunol\u00f3gico fuerte. La dentici\u00f3n tambi\u00e9n juega un papel importante en el desarrollo de las habilidades ling\u00fc\u00edsticas. Masticar los alimentos realmente ayuda a fortalecer los m\u00fasculos de la mand\u00edbula, las mejillas, los labios y la lengua, todos ellos necesarios para poder hablar correctamente.<\/p>\n<\/div><\/div>\n\n\n\n<div class=\"wp-block-karopharma-free-text pt-large pb-large bg-center bg-cover bg-no-repeat\" style=\"background-image:url()\"><div class=\"free-text-wrapper container max-w-medium text-left\">\n<h2 class=\"is-style-heading-h2 wp-block-heading\">Cu\u00e1ndo empieza la dentici\u00f3n<\/h2>\n\n\n\n<p>Para la mayor\u00eda de beb\u00e9s, los primeros dientes aparecen sobre los 6 meses. Sin embargo, es algo muy individual, y podr\u00edan aparecer a los 4 meses sin ser raro, as\u00ed como tampoco ser\u00eda raro que aparecieran a los 12 meses. Aunque la escala de tiempo en la que aparecen los primeros dientes de leche depende de cada individuo, hay algunas reglas generales sobre cu\u00e1ndo esperar que emerjan los dientes. Esta informaci\u00f3n se presenta mejor en forma de tabla de dentici\u00f3n.<\/p>\n\n\n\n<p>El cu\u00e1ndo a su hijo le aparezcan los primeros dientes depende bastante de ustedes. Si a usted y su pareja les salieron los dientes pronto, es probable que suceda lo mismo para su hijo. Lo mismo ocurre si les aparecieron tarde.<\/p>\n\n\n\n<figure class=\"wp-block-image size-full\"><img loading=\"lazy\" decoding=\"async\" width=\"350\" height=\"214\" src=\"https:\/\/multi-mam.com\/app\/uploads\/sites\/27\/2023\/04\/baby-teeth-chart.png\" alt=\"baby-teeth-chart\" class=\"wp-image-263\" srcset=\"https:\/\/multi-mam.com\/app\/uploads\/sites\/27\/2023\/04\/baby-teeth-chart.png 350w, https:\/\/multi-mam.com\/app\/uploads\/sites\/27\/2023\/04\/baby-teeth-chart-320x196.png 320w\" sizes=\"auto, (max-width: 350px) 100vw, 350px\" \/><\/figure>\n\n\n\n<p>Normalmente, los primeros dientes que aparecen son los dos dientes centrales inferiores o los incisivos centrales, seguidos de los frontales superiores. A veces los dientes siguen otro orden, pero suelen hacerlo en parejas. Estos dientes normalmente no causan mucho dolor ya que sus bordes son muy finos y no tienen problema al salir de las enc\u00edas. Cuando su hijo cumple un a\u00f1o aproximadamente, los molares empiezan a aparecer (\u00e9stos son los dientes al final de la boca). Los molares son normalmente m\u00e1s inc\u00f3modos que los incisicos, sobretodo debido a sus superf\u00edcies anchas que causan mucha presi\u00f3n y dolor para salir de la enc\u00eda.<\/p>\n\n\n\n<p>Para cuando su peque\u00f1o tenga tres a\u00f1os, todos los dientes de leche deber\u00edan estar en su lugar. Alrededor de los 6 a\u00f1os el proceso empieza de nuevo, los dientes de leche se caen y son reemplazados por los dientes de adulto. Este proceso necesita bastante tiempo, con las muelas del juicio apareciendo entre los 17 y 21 a\u00f1os.<\/p>\n\n\n\n<h2 class=\"is-style-heading-h2 wp-block-heading\">C\u00f3mo aliviar los s\u00edntomas de la dentici\u00f3n<\/h2>\n\n\n\n<p>Como hemos mencionado al principio, la dentici\u00f3n puede ser un proceso muy desagradable. Algunos beb\u00e9s muestran uno o ning\u00fan s\u00edntoma, mientras que otros no ser\u00e1n tan afortunados y pueden causarle muchas noches sin dormir. Existen algunos remedios probados que pueden aliviar algunas molestias, como un masaje suave, un mordedor fr\u00edo con un gel de dentici\u00f3n aplicado a las zonas de contacto o proporcionarle a su hijo un pa\u00f1o h\u00famedo y fr\u00edo. Su beb\u00e9 tratar\u00e1 de meterse en la boca cualquier cosa, por lo que es muy importante mantener a su alcance s\u00f3lo las cosas que se les permite masticar y mantener sus manos limpias para tratar de evitar las infecciones. Siempre es una buena idea tener un babero o ropa de recambio a mano, ya que puede babear mucho y estar mojado y fr\u00edo.<\/p>\n<\/div><\/div>\n","protected":false},"excerpt":{"rendered":"","protected":false},"author":2,"featured_media":0,"parent":68,"menu_order":5,"comment_status":"closed","ping_status":"closed","template":"","meta":{"_acf_changed":false,"footnotes":""},"from-article-database":[],"class_list":["post-98","page","type-page","status-publish","hentry"],"acf":[],"yoast_head":"<!-- This site is optimized with the Yoast SEO plugin v26.6 - https:\/\/yoast.com\/wordpress\/plugins\/seo\/ -->\n<title>Cuando a su beb\u00e9 le aparecen los primeros dientes - Multi-Mam<\/title>\n<meta name=\"description\" content=\"Al igual que caminar y decir sus primeras palabras, la aparici\u00f3n de sus primeros dientes es otro hito importante en la vida de su hijo.\" \/>\n<meta name=\"robots\" content=\"index, follow, max-snippet:-1, max-image-preview:large, max-video-preview:-1\" \/>\n<link rel=\"canonical\" href=\"https:\/\/multi-mam.com\/es\/articulos\/denticion\/cuando-a-su-bebe-le-aparecen-los-primeros-dientes\/\" \/>\n<meta property=\"og:locale\" content=\"es_ES\" \/>\n<meta property=\"og:type\" content=\"article\" \/>\n<meta property=\"og:title\" content=\"Cuando a su beb\u00e9 le aparecen los primeros dientes - Multi-Mam\" \/>\n<meta property=\"og:description\" content=\"Al igual que caminar y decir sus primeras palabras, la aparici\u00f3n de sus primeros dientes es otro hito importante en la vida de su hijo.\" \/>\n<meta property=\"og:url\" content=\"https:\/\/multi-mam.com\/es\/articulos\/denticion\/cuando-a-su-bebe-le-aparecen-los-primeros-dientes\/\" \/>\n<meta property=\"og:site_name\" content=\"Multi-Mam\" \/>\n<meta property=\"article:modified_time\" content=\"2025-04-28T12:48:25+00:00\" \/>\n<meta property=\"og:image\" content=\"https:\/\/multi-mam.com\/app\/uploads\/sites\/27\/2023\/04\/baby-teeth-chart.png\" \/>\n\t<meta property=\"og:image:width\" content=\"350\" \/>\n\t<meta property=\"og:image:height\" content=\"214\" \/>\n\t<meta property=\"og:image:type\" content=\"image\/png\" \/>\n<meta name=\"twitter:card\" content=\"summary_large_image\" \/>\n<meta name=\"twitter:label1\" content=\"Tiempo de lectura\" \/>\n\t<meta name=\"twitter:data1\" content=\"3 minutos\" \/>\n<script type=\"application\/ld+json\" class=\"yoast-schema-graph\">{\"@context\":\"https:\/\/schema.org\",\"@graph\":[{\"@type\":\"WebPage\",\"@id\":\"https:\/\/multi-mam.com\/es\/articulos\/denticion\/cuando-a-su-bebe-le-aparecen-los-primeros-dientes\/\",\"url\":\"https:\/\/multi-mam.com\/es\/articulos\/denticion\/cuando-a-su-bebe-le-aparecen-los-primeros-dientes\/\",\"name\":\"Cuando a su beb\u00e9 le aparecen los primeros dientes - Multi-Mam\",\"isPartOf\":{\"@id\":\"https:\/\/multi-mam.com\/es\/#website\"},\"primaryImageOfPage\":{\"@id\":\"https:\/\/multi-mam.com\/es\/articulos\/denticion\/cuando-a-su-bebe-le-aparecen-los-primeros-dientes\/#primaryimage\"},\"image\":{\"@id\":\"https:\/\/multi-mam.com\/es\/articulos\/denticion\/cuando-a-su-bebe-le-aparecen-los-primeros-dientes\/#primaryimage\"},\"thumbnailUrl\":\"https:\/\/multi-mam.com\/app\/uploads\/sites\/27\/2023\/04\/baby-teeth-chart.png\",\"datePublished\":\"2023-04-20T12:43:22+00:00\",\"dateModified\":\"2025-04-28T12:48:25+00:00\",\"description\":\"Al igual que caminar y decir sus primeras palabras, la aparici\u00f3n de sus primeros dientes es otro hito importante en la vida de su hijo.\",\"breadcrumb\":{\"@id\":\"https:\/\/multi-mam.com\/es\/articulos\/denticion\/cuando-a-su-bebe-le-aparecen-los-primeros-dientes\/#breadcrumb\"},\"inLanguage\":\"es\",\"potentialAction\":[{\"@type\":\"ReadAction\",\"target\":[\"https:\/\/multi-mam.com\/es\/articulos\/denticion\/cuando-a-su-bebe-le-aparecen-los-primeros-dientes\/\"]}]},{\"@type\":\"ImageObject\",\"inLanguage\":\"es\",\"@id\":\"https:\/\/multi-mam.com\/es\/articulos\/denticion\/cuando-a-su-bebe-le-aparecen-los-primeros-dientes\/#primaryimage\",\"url\":\"https:\/\/multi-mam.com\/app\/uploads\/sites\/27\/2023\/04\/baby-teeth-chart.png\",\"contentUrl\":\"https:\/\/multi-mam.com\/app\/uploads\/sites\/27\/2023\/04\/baby-teeth-chart.png\"},{\"@type\":\"BreadcrumbList\",\"@id\":\"https:\/\/multi-mam.com\/es\/articulos\/denticion\/cuando-a-su-bebe-le-aparecen-los-primeros-dientes\/#breadcrumb\",\"itemListElement\":[{\"@type\":\"ListItem\",\"position\":1,\"name\":\"Home\",\"item\":\"https:\/\/multi-mam.com\/es\/\"},{\"@type\":\"ListItem\",\"position\":2,\"name\":\"Art\u00edculos\",\"item\":\"https:\/\/multi-mam.com\/es\/articulos\/\"},{\"@type\":\"ListItem\",\"position\":3,\"name\":\"Dentici\u00f3n\",\"item\":\"https:\/\/multi-mam.com\/es\/articulos\/denticion\/\"},{\"@type\":\"ListItem\",\"position\":4,\"name\":\"Cuando a su beb\u00e9 le aparecen los primeros dientes\"}]},{\"@type\":\"WebSite\",\"@id\":\"https:\/\/multi-mam.com\/es\/#website\",\"url\":\"https:\/\/multi-mam.com\/es\/\",\"name\":\"Multi-Mam\",\"description\":\"\",\"publisher\":{\"@id\":\"https:\/\/multi-mam.com\/es\/#organization\"},\"potentialAction\":[{\"@type\":\"SearchAction\",\"target\":{\"@type\":\"EntryPoint\",\"urlTemplate\":\"https:\/\/multi-mam.com\/es\/?s={search_term_string}\"},\"query-input\":{\"@type\":\"PropertyValueSpecification\",\"valueRequired\":true,\"valueName\":\"search_term_string\"}}],\"inLanguage\":\"es\"},{\"@type\":\"Organization\",\"@id\":\"https:\/\/multi-mam.com\/es\/#organization\",\"name\":\"Multi-Mam\",\"url\":\"https:\/\/multi-mam.com\/es\/\",\"logo\":{\"@type\":\"ImageObject\",\"inLanguage\":\"es\",\"@id\":\"https:\/\/multi-mam.com\/es\/#\/schema\/logo\/image\/\",\"url\":\"https:\/\/multi-mam.com\/app\/uploads\/sites\/27\/2023\/04\/multi-mam-logotype.png\",\"contentUrl\":\"https:\/\/multi-mam.com\/app\/uploads\/sites\/27\/2023\/04\/multi-mam-logotype.png\",\"width\":70,\"height\":96,\"caption\":\"Multi-Mam\"},\"image\":{\"@id\":\"https:\/\/multi-mam.com\/es\/#\/schema\/logo\/image\/\"}}]}<\/script>\n<!-- \/ Yoast SEO plugin. -->","yoast_head_json":{"title":"Cuando a su beb\u00e9 le aparecen los primeros dientes - Multi-Mam","description":"Al igual que caminar y decir sus primeras palabras, la aparici\u00f3n de sus primeros dientes es otro hito importante en la vida de su hijo.","robots":{"index":"index","follow":"follow","max-snippet":"max-snippet:-1","max-image-preview":"max-image-preview:large","max-video-preview":"max-video-preview:-1"},"canonical":"https:\/\/multi-mam.com\/es\/articulos\/denticion\/cuando-a-su-bebe-le-aparecen-los-primeros-dientes\/","og_locale":"es_ES","og_type":"article","og_title":"Cuando a su beb\u00e9 le aparecen los primeros dientes - Multi-Mam","og_description":"Al igual que caminar y decir sus primeras palabras, la aparici\u00f3n de sus primeros dientes es otro hito importante en la vida de su hijo.","og_url":"https:\/\/multi-mam.com\/es\/articulos\/denticion\/cuando-a-su-bebe-le-aparecen-los-primeros-dientes\/","og_site_name":"Multi-Mam","article_modified_time":"2025-04-28T12:48:25+00:00","og_image":[{"width":350,"height":214,"url":"https:\/\/multi-mam.com\/app\/uploads\/sites\/27\/2023\/04\/baby-teeth-chart.png","type":"image\/png"}],"twitter_card":"summary_large_image","twitter_misc":{"Tiempo de lectura":"3 minutos"},"schema":{"@context":"https:\/\/schema.org","@graph":[{"@type":"WebPage","@id":"https:\/\/multi-mam.com\/es\/articulos\/denticion\/cuando-a-su-bebe-le-aparecen-los-primeros-dientes\/","url":"https:\/\/multi-mam.com\/es\/articulos\/denticion\/cuando-a-su-bebe-le-aparecen-los-primeros-dientes\/","name":"Cuando a su beb\u00e9 le aparecen los primeros dientes - Multi-Mam","isPartOf":{"@id":"https:\/\/multi-mam.com\/es\/#website"},"primaryImageOfPage":{"@id":"https:\/\/multi-mam.com\/es\/articulos\/denticion\/cuando-a-su-bebe-le-aparecen-los-primeros-dientes\/#primaryimage"},"image":{"@id":"https:\/\/multi-mam.com\/es\/articulos\/denticion\/cuando-a-su-bebe-le-aparecen-los-primeros-dientes\/#primaryimage"},"thumbnailUrl":"https:\/\/multi-mam.com\/app\/uploads\/sites\/27\/2023\/04\/baby-teeth-chart.png","datePublished":"2023-04-20T12:43:22+00:00","dateModified":"2025-04-28T12:48:25+00:00","description":"Al igual que caminar y decir sus primeras palabras, la aparici\u00f3n de sus primeros dientes es otro hito importante en la vida de su hijo.","breadcrumb":{"@id":"https:\/\/multi-mam.com\/es\/articulos\/denticion\/cuando-a-su-bebe-le-aparecen-los-primeros-dientes\/#breadcrumb"},"inLanguage":"es","potentialAction":[{"@type":"ReadAction","target":["https:\/\/multi-mam.com\/es\/articulos\/denticion\/cuando-a-su-bebe-le-aparecen-los-primeros-dientes\/"]}]},{"@type":"ImageObject","inLanguage":"es","@id":"https:\/\/multi-mam.com\/es\/articulos\/denticion\/cuando-a-su-bebe-le-aparecen-los-primeros-dientes\/#primaryimage","url":"https:\/\/multi-mam.com\/app\/uploads\/sites\/27\/2023\/04\/baby-teeth-chart.png","contentUrl":"https:\/\/multi-mam.com\/app\/uploads\/sites\/27\/2023\/04\/baby-teeth-chart.png"},{"@type":"BreadcrumbList","@id":"https:\/\/multi-mam.com\/es\/articulos\/denticion\/cuando-a-su-bebe-le-aparecen-los-primeros-dientes\/#breadcrumb","itemListElement":[{"@type":"ListItem","position":1,"name":"Home","item":"https:\/\/multi-mam.com\/es\/"},{"@type":"ListItem","position":2,"name":"Art\u00edculos","item":"https:\/\/multi-mam.com\/es\/articulos\/"},{"@type":"ListItem","position":3,"name":"Dentici\u00f3n","item":"https:\/\/multi-mam.com\/es\/articulos\/denticion\/"},{"@type":"ListItem","position":4,"name":"Cuando a su beb\u00e9 le aparecen los primeros dientes"}]},{"@type":"WebSite","@id":"https:\/\/multi-mam.com\/es\/#website","url":"https:\/\/multi-mam.com\/es\/","name":"Multi-Mam","description":"","publisher":{"@id":"https:\/\/multi-mam.com\/es\/#organization"},"potentialAction":[{"@type":"SearchAction","target":{"@type":"EntryPoint","urlTemplate":"https:\/\/multi-mam.com\/es\/?s={search_term_string}"},"query-input":{"@type":"PropertyValueSpecification","valueRequired":true,"valueName":"search_term_string"}}],"inLanguage":"es"},{"@type":"Organization","@id":"https:\/\/multi-mam.com\/es\/#organization","name":"Multi-Mam","url":"https:\/\/multi-mam.com\/es\/","logo":{"@type":"ImageObject","inLanguage":"es","@id":"https:\/\/multi-mam.com\/es\/#\/schema\/logo\/image\/","url":"https:\/\/multi-mam.com\/app\/uploads\/sites\/27\/2023\/04\/multi-mam-logotype.png","contentUrl":"https:\/\/multi-mam.com\/app\/uploads\/sites\/27\/2023\/04\/multi-mam-logotype.png","width":70,"height":96,"caption":"Multi-Mam"},"image":{"@id":"https:\/\/multi-mam.com\/es\/#\/schema\/logo\/image\/"}}]}},"_links":{"self":[{"href":"https:\/\/multi-mam.com\/es\/wp-json\/wp\/v2\/pages\/98","targetHints":{"allow":["GET"]}}],"collection":[{"href":"https:\/\/multi-mam.com\/es\/wp-json\/wp\/v2\/pages"}],"about":[{"href":"https:\/\/multi-mam.com\/es\/wp-json\/wp\/v2\/types\/page"}],"author":[{"embeddable":true,"href":"https:\/\/multi-mam.com\/es\/wp-json\/wp\/v2\/users\/2"}],"replies":[{"embeddable":true,"href":"https:\/\/multi-mam.com\/es\/wp-json\/wp\/v2\/comments?post=98"}],"version-history":[{"count":2,"href":"https:\/\/multi-mam.com\/es\/wp-json\/wp\/v2\/pages\/98\/revisions"}],"predecessor-version":[{"id":264,"href":"https:\/\/multi-mam.com\/es\/wp-json\/wp\/v2\/pages\/98\/revisions\/264"}],"up":[{"embeddable":true,"href":"https:\/\/multi-mam.com\/es\/wp-json\/wp\/v2\/pages\/68"}],"wp:attachment":[{"href":"https:\/\/multi-mam.com\/es\/wp-json\/wp\/v2\/media?parent=98"}],"wp:term":[{"taxonomy":"from-article-database","embeddable":true,"href":"https:\/\/multi-mam.com\/es\/wp-json\/wp\/v2\/from-article-database?post=98"}],"curies":[{"name":"wp","href":"https:\/\/api.w.org\/{rel}","templated":true}]}}