{"id":94,"date":"2023-04-20T14:42:40","date_gmt":"2023-04-20T12:42:40","guid":{"rendered":"https:\/\/multi-mam.com\/es\/?page_id=94"},"modified":"2025-04-28T14:48:29","modified_gmt":"2025-04-28T12:48:29","slug":"cuando-dede-empezar-a-lavarse-los-dientes","status":"publish","type":"page","link":"https:\/\/multi-mam.com\/es\/articulos\/denticion\/cuando-dede-empezar-a-lavarse-los-dientes\/","title":{"rendered":"Cu\u00e1ndo dede empezar a lavarse los dientes"},"content":{"rendered":"\n<div class=\"wp-block-karopharma-free-text pt-large pb-large bg-center bg-cover bg-no-repeat  is-style-primary\" style=\"background-image:url()\"><div class=\"free-text-wrapper container max-w-medium text-left\">\n<h1 class=\"wp-block-heading\">Cu\u00e1ndo dede empezar a lavarse los dientes<\/h1>\n\n\n\n<p class=\"is-style-paragraph-preamble\">Los dientes de leche aparecen normalmente a los 6 meses, sin embargo, la higiene bucal debe empezar incluso antes. Los dientes de leche no parecen importante ya que son reemplezados sobre los 6 a\u00f1os, pero act\u00faan como marcadores de posici\u00f3n para los dientes permanentes. El cuidado de las enc\u00edas de su hijo evita el desarrollo de gingivitis, inflamaci\u00f3n de las enc\u00edas, que puede afectar el espacio entre dientes. Adem\u00e1s, un conjunto saludable de dientes de leche es esencial para el desarrollo adecuado del habla, por lo que es muy importante que su peque\u00f1o empiece a cepillarse los dientes pronto.<\/p>\n<\/div><\/div>\n\n\n\n<div class=\"wp-block-karopharma-free-text pt-large pb-large bg-center bg-cover bg-no-repeat\" style=\"background-image:url()\"><div class=\"free-text-wrapper container max-w-medium text-left\">\n<h2 class=\"is-style-heading-h2 wp-block-heading\">Cuanto antes mejor cuando se trata de cuidado bucal<\/h2>\n\n\n\n<p>Las buenas base del cuidado bucal empiezan con la limpieza de las enc\u00edas mediante el uso de un pa\u00f1o suave y h\u00famedo o un trozo de gasa. Limpie las enc\u00edas de su beb\u00e9 suavemente despu\u00e9s de las comidas y antes de acostarse. Una vez que el proceso de dentici\u00f3n empieza y los primeros dientes de leche aparecen, puede empezar a utilizar un cepillo de dientes dise\u00f1ado especialmente para ni\u00f1os (aseg\u00farese de que es apropiado para su edad). Debe ser suave, con un cabezal peque\u00f1o y un mango grande.<\/p>\n\n\n\n<p>Puede empezar usando solamente un cepillo de dientes h\u00famedo y despu\u00e9s graduar lentamente la pasta de dientes cuando haya salido el primer diente. La cantidad de pasta de dientes que debe usar va del tama\u00f1o de un grano de arroz, hasta el tama\u00f1o de un guisante despu\u00e9s de cumplir 3 a\u00f1os. Cepille suavemente con movimientos circulares, alcanzando todos los dientes de ambos lados, y preste especial atenci\u00f3n a la zona donde los dientes se encuentran con las enc\u00edas. Haga que su hijo se acostumbre a tener sus dientes cepillados dos veces al d\u00eda. Anime a su hijo a escupir despu\u00e9s de tener sus dientes cepillados, pero no se preocupe demasiado si se necesita alg\u00fan tiempo para dominar esto. Deber\u00eda ayudar a su hijo a cepillarse los dientes hasta que sea capaz de escupir y enjuagarse por su cuenta, lo que suele ser alrededor de los 6-7 a\u00f1os. Las t\u00e9cnicas de cepillado de los ni\u00f1os son a menudo \u00f3ptimas desde los 10 a\u00f1os, se puede comprobar despu\u00e9s de cepillarse con comprimidos especiales que colorean los dientes que todav\u00eda contienen placa. Reemplace el cepillo de dientes cada dos meses o tan pronto como observe que las cerdas se est\u00e1n extendiendo. La pasta de dientes que elija debe estar formulada para la edad de su hijo y debe contener fluoruro, que juega un papel importante en la prevenci\u00f3n de caries. Utilice una pasta de dientes que no tenga sabor a frutas para evitar que su hijo la trague.<\/p>\n\n\n\n<h2 class=\"is-style-heading-h2 wp-block-heading\">Cu\u00e1ndo llevar a su hijo al dentista<\/h2>\n\n\n\n<p>Puede empezar llevando a su ni\u00f1o con usted a sus propias citas dentales para que \u00e9ste pueda acostumbrarse a los olores, sonidos y miradas del dentista. Si se pone nerviosa en el dentista, programe una cita separada para su hijo. Es importante permitir que su hijo se acostumbre al dentista antes de que necesite acudir a una revisi\u00f3n. Hable con su dentista para la primera revisi\u00f3n. Aseg\u00farese de que el dentista est\u00e9 relajado y familiarizado con los ni\u00f1os.<\/p>\n\n\n\n<p>Compruebe sus dientes regularmente para identificar los primeros signos de caries dental. Si nota cualquier mancha negra en el diente, deber\u00eda llevar a su hijo al dentista para una revisi\u00f3n.<\/p>\n\n\n\n<h2 class=\"is-style-heading-h2 wp-block-heading\">C\u00f3mo proteger los dientes de su hijo<\/h2>\n\n\n\n<p>Evite llenar el biber\u00f3n de su hijo con refrescos, zumos, batidos y otras bebidas azucaradas, y reempl\u00e1celos con agua, leche materna o f\u00f3rmula. El az\u00facar es uno de los mayores culpables de la caries dental as\u00ed que minim\u00edcelo en la dieta de su ni\u00f1o tanto como sea posible. Trate de hacer que su hijo se acostumbre a beber de una taza normal lo antes posible. Consiga tambi\u00e9n que su hijo se acostumbre a beber la taza inmediatamente, en vez de ir sorbiendo de vez en cuando. Evite poner miel o az\u00facar en el chupete de su beb\u00e9 y ofr\u00e9zcale meriendas sanas, como queso o verduras. Si no desea restringir completamente el consumo de alimentos dulces, lim\u00edtelos solo a la hora de la comida, para que los dientes tengan la oportunidad de recuperarse mientras tanto. Si usa alimentos para beb\u00e9s, aseg\u00farese de que no contenga az\u00facar u otros edulcorantes.<\/p>\n<\/div><\/div>\n","protected":false},"excerpt":{"rendered":"","protected":false},"author":2,"featured_media":0,"parent":68,"menu_order":3,"comment_status":"closed","ping_status":"closed","template":"","meta":{"_acf_changed":false,"footnotes":""},"from-article-database":[],"class_list":["post-94","page","type-page","status-publish","hentry"],"acf":[],"yoast_head":"<!-- This site is optimized with the Yoast SEO plugin v26.6 - https:\/\/yoast.com\/wordpress\/plugins\/seo\/ -->\n<title>Cu\u00e1ndo dede empezar a lavarse los dientes - Multi-Mam<\/title>\n<meta name=\"description\" content=\"Los dientes de leche aparecen normalmente a los 6 meses, sin embargo, la higiene bucal debe empezar incluso antes.\" \/>\n<meta name=\"robots\" content=\"index, follow, max-snippet:-1, max-image-preview:large, max-video-preview:-1\" \/>\n<link rel=\"canonical\" href=\"https:\/\/multi-mam.com\/es\/articulos\/denticion\/cuando-dede-empezar-a-lavarse-los-dientes\/\" \/>\n<meta property=\"og:locale\" content=\"es_ES\" \/>\n<meta property=\"og:type\" content=\"article\" \/>\n<meta property=\"og:title\" content=\"Cu\u00e1ndo dede empezar a lavarse los dientes - Multi-Mam\" \/>\n<meta property=\"og:description\" content=\"Los dientes de leche aparecen normalmente a los 6 meses, sin embargo, la higiene bucal debe empezar incluso antes.\" \/>\n<meta property=\"og:url\" content=\"https:\/\/multi-mam.com\/es\/articulos\/denticion\/cuando-dede-empezar-a-lavarse-los-dientes\/\" \/>\n<meta property=\"og:site_name\" content=\"Multi-Mam\" \/>\n<meta property=\"article:modified_time\" content=\"2025-04-28T12:48:29+00:00\" \/>\n<meta name=\"twitter:card\" content=\"summary_large_image\" \/>\n<meta name=\"twitter:label1\" content=\"Tiempo de lectura\" \/>\n\t<meta name=\"twitter:data1\" content=\"4 minutos\" \/>\n<script type=\"application\/ld+json\" class=\"yoast-schema-graph\">{\"@context\":\"https:\/\/schema.org\",\"@graph\":[{\"@type\":\"WebPage\",\"@id\":\"https:\/\/multi-mam.com\/es\/articulos\/denticion\/cuando-dede-empezar-a-lavarse-los-dientes\/\",\"url\":\"https:\/\/multi-mam.com\/es\/articulos\/denticion\/cuando-dede-empezar-a-lavarse-los-dientes\/\",\"name\":\"Cu\u00e1ndo dede empezar a lavarse los dientes - Multi-Mam\",\"isPartOf\":{\"@id\":\"https:\/\/multi-mam.com\/es\/#website\"},\"datePublished\":\"2023-04-20T12:42:40+00:00\",\"dateModified\":\"2025-04-28T12:48:29+00:00\",\"description\":\"Los dientes de leche aparecen normalmente a los 6 meses, sin embargo, la higiene bucal debe empezar incluso antes.\",\"breadcrumb\":{\"@id\":\"https:\/\/multi-mam.com\/es\/articulos\/denticion\/cuando-dede-empezar-a-lavarse-los-dientes\/#breadcrumb\"},\"inLanguage\":\"es\",\"potentialAction\":[{\"@type\":\"ReadAction\",\"target\":[\"https:\/\/multi-mam.com\/es\/articulos\/denticion\/cuando-dede-empezar-a-lavarse-los-dientes\/\"]}]},{\"@type\":\"BreadcrumbList\",\"@id\":\"https:\/\/multi-mam.com\/es\/articulos\/denticion\/cuando-dede-empezar-a-lavarse-los-dientes\/#breadcrumb\",\"itemListElement\":[{\"@type\":\"ListItem\",\"position\":1,\"name\":\"Home\",\"item\":\"https:\/\/multi-mam.com\/es\/\"},{\"@type\":\"ListItem\",\"position\":2,\"name\":\"Art\u00edculos\",\"item\":\"https:\/\/multi-mam.com\/es\/articulos\/\"},{\"@type\":\"ListItem\",\"position\":3,\"name\":\"Dentici\u00f3n\",\"item\":\"https:\/\/multi-mam.com\/es\/articulos\/denticion\/\"},{\"@type\":\"ListItem\",\"position\":4,\"name\":\"Cu\u00e1ndo dede empezar a lavarse los dientes\"}]},{\"@type\":\"WebSite\",\"@id\":\"https:\/\/multi-mam.com\/es\/#website\",\"url\":\"https:\/\/multi-mam.com\/es\/\",\"name\":\"Multi-Mam\",\"description\":\"\",\"publisher\":{\"@id\":\"https:\/\/multi-mam.com\/es\/#organization\"},\"potentialAction\":[{\"@type\":\"SearchAction\",\"target\":{\"@type\":\"EntryPoint\",\"urlTemplate\":\"https:\/\/multi-mam.com\/es\/?s={search_term_string}\"},\"query-input\":{\"@type\":\"PropertyValueSpecification\",\"valueRequired\":true,\"valueName\":\"search_term_string\"}}],\"inLanguage\":\"es\"},{\"@type\":\"Organization\",\"@id\":\"https:\/\/multi-mam.com\/es\/#organization\",\"name\":\"Multi-Mam\",\"url\":\"https:\/\/multi-mam.com\/es\/\",\"logo\":{\"@type\":\"ImageObject\",\"inLanguage\":\"es\",\"@id\":\"https:\/\/multi-mam.com\/es\/#\/schema\/logo\/image\/\",\"url\":\"https:\/\/multi-mam.com\/app\/uploads\/sites\/27\/2023\/04\/multi-mam-logotype.png\",\"contentUrl\":\"https:\/\/multi-mam.com\/app\/uploads\/sites\/27\/2023\/04\/multi-mam-logotype.png\",\"width\":70,\"height\":96,\"caption\":\"Multi-Mam\"},\"image\":{\"@id\":\"https:\/\/multi-mam.com\/es\/#\/schema\/logo\/image\/\"}}]}<\/script>\n<!-- \/ Yoast SEO plugin. -->","yoast_head_json":{"title":"Cu\u00e1ndo dede empezar a lavarse los dientes - Multi-Mam","description":"Los dientes de leche aparecen normalmente a los 6 meses, sin embargo, la higiene bucal debe empezar incluso antes.","robots":{"index":"index","follow":"follow","max-snippet":"max-snippet:-1","max-image-preview":"max-image-preview:large","max-video-preview":"max-video-preview:-1"},"canonical":"https:\/\/multi-mam.com\/es\/articulos\/denticion\/cuando-dede-empezar-a-lavarse-los-dientes\/","og_locale":"es_ES","og_type":"article","og_title":"Cu\u00e1ndo dede empezar a lavarse los dientes - Multi-Mam","og_description":"Los dientes de leche aparecen normalmente a los 6 meses, sin embargo, la higiene bucal debe empezar incluso antes.","og_url":"https:\/\/multi-mam.com\/es\/articulos\/denticion\/cuando-dede-empezar-a-lavarse-los-dientes\/","og_site_name":"Multi-Mam","article_modified_time":"2025-04-28T12:48:29+00:00","twitter_card":"summary_large_image","twitter_misc":{"Tiempo de lectura":"4 minutos"},"schema":{"@context":"https:\/\/schema.org","@graph":[{"@type":"WebPage","@id":"https:\/\/multi-mam.com\/es\/articulos\/denticion\/cuando-dede-empezar-a-lavarse-los-dientes\/","url":"https:\/\/multi-mam.com\/es\/articulos\/denticion\/cuando-dede-empezar-a-lavarse-los-dientes\/","name":"Cu\u00e1ndo dede empezar a lavarse los dientes - Multi-Mam","isPartOf":{"@id":"https:\/\/multi-mam.com\/es\/#website"},"datePublished":"2023-04-20T12:42:40+00:00","dateModified":"2025-04-28T12:48:29+00:00","description":"Los dientes de leche aparecen normalmente a los 6 meses, sin embargo, la higiene bucal debe empezar incluso antes.","breadcrumb":{"@id":"https:\/\/multi-mam.com\/es\/articulos\/denticion\/cuando-dede-empezar-a-lavarse-los-dientes\/#breadcrumb"},"inLanguage":"es","potentialAction":[{"@type":"ReadAction","target":["https:\/\/multi-mam.com\/es\/articulos\/denticion\/cuando-dede-empezar-a-lavarse-los-dientes\/"]}]},{"@type":"BreadcrumbList","@id":"https:\/\/multi-mam.com\/es\/articulos\/denticion\/cuando-dede-empezar-a-lavarse-los-dientes\/#breadcrumb","itemListElement":[{"@type":"ListItem","position":1,"name":"Home","item":"https:\/\/multi-mam.com\/es\/"},{"@type":"ListItem","position":2,"name":"Art\u00edculos","item":"https:\/\/multi-mam.com\/es\/articulos\/"},{"@type":"ListItem","position":3,"name":"Dentici\u00f3n","item":"https:\/\/multi-mam.com\/es\/articulos\/denticion\/"},{"@type":"ListItem","position":4,"name":"Cu\u00e1ndo dede empezar a lavarse los dientes"}]},{"@type":"WebSite","@id":"https:\/\/multi-mam.com\/es\/#website","url":"https:\/\/multi-mam.com\/es\/","name":"Multi-Mam","description":"","publisher":{"@id":"https:\/\/multi-mam.com\/es\/#organization"},"potentialAction":[{"@type":"SearchAction","target":{"@type":"EntryPoint","urlTemplate":"https:\/\/multi-mam.com\/es\/?s={search_term_string}"},"query-input":{"@type":"PropertyValueSpecification","valueRequired":true,"valueName":"search_term_string"}}],"inLanguage":"es"},{"@type":"Organization","@id":"https:\/\/multi-mam.com\/es\/#organization","name":"Multi-Mam","url":"https:\/\/multi-mam.com\/es\/","logo":{"@type":"ImageObject","inLanguage":"es","@id":"https:\/\/multi-mam.com\/es\/#\/schema\/logo\/image\/","url":"https:\/\/multi-mam.com\/app\/uploads\/sites\/27\/2023\/04\/multi-mam-logotype.png","contentUrl":"https:\/\/multi-mam.com\/app\/uploads\/sites\/27\/2023\/04\/multi-mam-logotype.png","width":70,"height":96,"caption":"Multi-Mam"},"image":{"@id":"https:\/\/multi-mam.com\/es\/#\/schema\/logo\/image\/"}}]}},"_links":{"self":[{"href":"https:\/\/multi-mam.com\/es\/wp-json\/wp\/v2\/pages\/94","targetHints":{"allow":["GET"]}}],"collection":[{"href":"https:\/\/multi-mam.com\/es\/wp-json\/wp\/v2\/pages"}],"about":[{"href":"https:\/\/multi-mam.com\/es\/wp-json\/wp\/v2\/types\/page"}],"author":[{"embeddable":true,"href":"https:\/\/multi-mam.com\/es\/wp-json\/wp\/v2\/users\/2"}],"replies":[{"embeddable":true,"href":"https:\/\/multi-mam.com\/es\/wp-json\/wp\/v2\/comments?post=94"}],"version-history":[{"count":2,"href":"https:\/\/multi-mam.com\/es\/wp-json\/wp\/v2\/pages\/94\/revisions"}],"predecessor-version":[{"id":259,"href":"https:\/\/multi-mam.com\/es\/wp-json\/wp\/v2\/pages\/94\/revisions\/259"}],"up":[{"embeddable":true,"href":"https:\/\/multi-mam.com\/es\/wp-json\/wp\/v2\/pages\/68"}],"wp:attachment":[{"href":"https:\/\/multi-mam.com\/es\/wp-json\/wp\/v2\/media?parent=94"}],"wp:term":[{"taxonomy":"from-article-database","embeddable":true,"href":"https:\/\/multi-mam.com\/es\/wp-json\/wp\/v2\/from-article-database?post=94"}],"curies":[{"name":"wp","href":"https:\/\/api.w.org\/{rel}","templated":true}]}}