{"id":92,"date":"2023-04-20T14:42:20","date_gmt":"2023-04-20T12:42:20","guid":{"rendered":"https:\/\/multi-mam.com\/es\/?page_id=92"},"modified":"2025-04-28T14:48:31","modified_gmt":"2025-04-28T12:48:31","slug":"tabla-sobre-la-denticion-en-el-bebe","status":"publish","type":"page","link":"https:\/\/multi-mam.com\/es\/articulos\/denticion\/tabla-sobre-la-denticion-en-el-bebe\/","title":{"rendered":"Tabla sobre la dentici\u00f3n en el beb\u00e9"},"content":{"rendered":"\n<div class=\"wp-block-karopharma-free-text pt-large pb-large bg-center bg-cover bg-no-repeat  is-style-primary\" style=\"background-image:url()\"><div class=\"free-text-wrapper container max-w-medium text-left\">\n<h1 class=\"wp-block-heading\">Tabla sobre la dentici\u00f3n en el beb\u00e9<\/h1>\n\n\n\n<p class=\"is-style-paragraph-preamble\">Los primeros dientes del beb\u00e9 suelen salir cuando su beb\u00e9 tiene aproximadamente 6 meses, pero no deber\u00eda sorprenderse si el proceso empieza entre los 3 y los 12 meses de edad. Durante la dentici\u00f3n, su beb\u00e9 desarrollar\u00e1 20 dientes primarios o de leche. Estos dientes de leche ser\u00e1n despu\u00e9s reemplazados a lo largo de la infancia con los dientes permanentes. Este proceso suele terminar a los 21 a\u00f1os.<\/p>\n<\/div><\/div>\n\n\n\n<div class=\"wp-block-karopharma-free-text pt-large pb-large bg-center bg-cover bg-no-repeat\" style=\"background-image:url()\"><div class=\"free-text-wrapper container max-w-medium text-left\">\n<p>Cuando a su beb\u00e9 le empiezan a aparecer los dientes, lo hacen en un orden concreto. El proceso de desarrollo y salida de los dientes puede tardar m\u00e1s o menos tiempo, pero el orden de aparici\u00f3n es generalmente siempre el mismo. La mayor\u00eda de los dientes entran en erupci\u00f3n en pares y los dientes inferiores suelen desarollarse antes que los dientes superiores. Consulta la siguiente tabla para conocer mejor el proceso de dentici\u00f3n.<\/p>\n\n\n\n<h2 class=\"is-style-heading-h2 wp-block-heading\">Tabla de desarrollo de los dientes de leche<\/h2>\n\n\n\n<figure class=\"wp-block-table is-style-primary-stripes\"><table><thead><tr><th>Diente<\/th><th>Tiempo de aparici\u00f3n<\/th><th>Tiempo de ca\u00edda<\/th><\/tr><\/thead><tbody><tr><td>Incisivo central incisor<\/td><td>6-10 meses<\/td><td>6-7 a\u00f1os<\/td><\/tr><tr><td>Incisivo central incisor<\/td><td>8-12 meses<\/td><td>6-7 a\u00f1os<\/td><\/tr><tr><td>Incisivo lateral incisor<\/td><td>9-13 meses<\/td><td>7-8 a\u00f1os<\/td><\/tr><tr><td>Incisivo lateral incisor<\/td><td>10-16 meses<\/td><td>7-8 a\u00f1os<\/td><\/tr><tr><td>Primer molar superior<\/td><td>13-19 meses<\/td><td>9-11 a\u00f1os<\/td><\/tr><tr><td>Primer molar inferior<\/td><td>14-18 meses<\/td><td>9-11 a\u00f1os<\/td><\/tr><tr><td>Canino superior<\/td><td>16-22 meses<\/td><td>10-12 a\u00f1os<\/td><\/tr><tr><td>Canino inferior<\/td><td>17-23 meses<\/td><td>9-12 a\u00f1os<\/td><\/tr><tr><td>Segundo molar inferior<\/td><td>23-31 meses<\/td><td>10-12 a\u00f1os<\/td><\/tr><tr><td>Segundo molar superior<\/td><td>25-33 meses<\/td><td>10-12 a\u00f1os<\/td><\/tr><\/tbody><\/table><\/figure>\n\n\n\n<h2 class=\"is-style-heading-h2 wp-block-heading\">Tabla de desarrollo de los dientes de adulto<\/h2>\n\n\n\n<figure class=\"wp-block-table is-style-primary-stripes\"><table><thead><tr><th>Diente<\/th><th>Tiempo de aparici\u00f3n<\/th><\/tr><\/thead><tbody><tr><td>Incisivo central inferior<\/td><td>6-7 a\u00f1os<\/td><\/tr><tr><td>Incisivo central superior<\/td><td>7-8 a\u00f1os<\/td><\/tr><tr><td>Incisivo lateral inferior<\/td><td>7-8 a\u00f1os<\/td><\/tr><tr><td>Incisivo lateral superior<\/td><td>8-9 a\u00f1os<\/td><\/tr><tr><td>Primer molar superior<\/td><td>6-7 a\u00f1os<\/td><\/tr><tr><td>Primer molar inferior<\/td><td>6-7 a\u00f1os<\/td><\/tr><tr><td>Canino inferior<\/td><td>9-10 a\u00f1os<\/td><\/tr><tr><td>Primer premolar superior<\/td><td>10-11 a\u00f1os<\/td><\/tr><tr><td>Primer premolar inferior<\/td><td>10-12 a\u00f1os<\/td><\/tr><tr><td>Segundo premolar superior<\/td><td>10-12 a\u00f1os<\/td><\/tr><tr><td>Segundo premolar inferior<\/td><td>11-12 a\u00f1os<\/td><\/tr><tr><td>Canino superior<\/td><td>11-12 a\u00f1os<\/td><\/tr><tr><td>Segundo molar inferior<\/td><td>11-13 a\u00f1os<\/td><\/tr><tr><td>Segundo molar superior<\/td><td>12-13 a\u00f1os<\/td><\/tr><tr><td>Tercer molar superior<\/td><td>17-21 a\u00f1os<\/td><\/tr><tr><td>Tercer molar inferior<\/td><td>17-21 a\u00f1os<\/td><\/tr><\/tbody><\/table><\/figure>\n\n\n\n<p>Es muy importante desarrollar una buena higiene oral desde el principio, para que su hijo pueda aceptar y mantener buenos h\u00e1bitos de higiene m\u00e1s adelante, pero tambi\u00e9n para dar un sano inicio a los dientes permanentes y promover el desarrollo de un lenguaje claro. Los dientes que faltan o est\u00e1n deteriorados pueden ser tambi\u00e9n causa de molestias para los ni\u00f1os, y pueden conducir al rechazo de alimentos.<\/p>\n<\/div><\/div>\n","protected":false},"excerpt":{"rendered":"","protected":false},"author":2,"featured_media":0,"parent":68,"menu_order":2,"comment_status":"closed","ping_status":"closed","template":"","meta":{"_acf_changed":false,"footnotes":""},"from-article-database":[],"class_list":["post-92","page","type-page","status-publish","hentry"],"acf":[],"yoast_head":"<!-- This site is optimized with the Yoast SEO plugin v26.6 - https:\/\/yoast.com\/wordpress\/plugins\/seo\/ -->\n<title>Tabla sobre la dentici\u00f3n en el beb\u00e9 - Multi-Mam<\/title>\n<meta name=\"description\" content=\"Los primeros dientes del beb\u00e9 suelen salir cuando su beb\u00e9 tiene aproximadamente 6 meses, pero no deber\u00eda sorprenderse si el proceso empieza entre los 3 y los 12 meses de edad.\" \/>\n<meta name=\"robots\" content=\"index, follow, max-snippet:-1, max-image-preview:large, max-video-preview:-1\" \/>\n<link rel=\"canonical\" href=\"https:\/\/multi-mam.com\/es\/articulos\/denticion\/tabla-sobre-la-denticion-en-el-bebe\/\" \/>\n<meta property=\"og:locale\" content=\"es_ES\" \/>\n<meta property=\"og:type\" content=\"article\" \/>\n<meta property=\"og:title\" content=\"Tabla sobre la dentici\u00f3n en el beb\u00e9 - Multi-Mam\" \/>\n<meta property=\"og:description\" content=\"Los primeros dientes del beb\u00e9 suelen salir cuando su beb\u00e9 tiene aproximadamente 6 meses, pero no deber\u00eda sorprenderse si el proceso empieza entre los 3 y los 12 meses de edad.\" \/>\n<meta property=\"og:url\" content=\"https:\/\/multi-mam.com\/es\/articulos\/denticion\/tabla-sobre-la-denticion-en-el-bebe\/\" \/>\n<meta property=\"og:site_name\" content=\"Multi-Mam\" \/>\n<meta property=\"article:modified_time\" content=\"2025-04-28T12:48:31+00:00\" \/>\n<meta name=\"twitter:card\" content=\"summary_large_image\" \/>\n<meta name=\"twitter:label1\" content=\"Tiempo de lectura\" \/>\n\t<meta name=\"twitter:data1\" content=\"2 minutos\" \/>\n<script type=\"application\/ld+json\" class=\"yoast-schema-graph\">{\"@context\":\"https:\/\/schema.org\",\"@graph\":[{\"@type\":\"WebPage\",\"@id\":\"https:\/\/multi-mam.com\/es\/articulos\/denticion\/tabla-sobre-la-denticion-en-el-bebe\/\",\"url\":\"https:\/\/multi-mam.com\/es\/articulos\/denticion\/tabla-sobre-la-denticion-en-el-bebe\/\",\"name\":\"Tabla sobre la dentici\u00f3n en el beb\u00e9 - Multi-Mam\",\"isPartOf\":{\"@id\":\"https:\/\/multi-mam.com\/es\/#website\"},\"datePublished\":\"2023-04-20T12:42:20+00:00\",\"dateModified\":\"2025-04-28T12:48:31+00:00\",\"description\":\"Los primeros dientes del beb\u00e9 suelen salir cuando su beb\u00e9 tiene aproximadamente 6 meses, pero no deber\u00eda sorprenderse si el proceso empieza entre los 3 y los 12 meses de edad.\",\"breadcrumb\":{\"@id\":\"https:\/\/multi-mam.com\/es\/articulos\/denticion\/tabla-sobre-la-denticion-en-el-bebe\/#breadcrumb\"},\"inLanguage\":\"es\",\"potentialAction\":[{\"@type\":\"ReadAction\",\"target\":[\"https:\/\/multi-mam.com\/es\/articulos\/denticion\/tabla-sobre-la-denticion-en-el-bebe\/\"]}]},{\"@type\":\"BreadcrumbList\",\"@id\":\"https:\/\/multi-mam.com\/es\/articulos\/denticion\/tabla-sobre-la-denticion-en-el-bebe\/#breadcrumb\",\"itemListElement\":[{\"@type\":\"ListItem\",\"position\":1,\"name\":\"Home\",\"item\":\"https:\/\/multi-mam.com\/es\/\"},{\"@type\":\"ListItem\",\"position\":2,\"name\":\"Art\u00edculos\",\"item\":\"https:\/\/multi-mam.com\/es\/articulos\/\"},{\"@type\":\"ListItem\",\"position\":3,\"name\":\"Dentici\u00f3n\",\"item\":\"https:\/\/multi-mam.com\/es\/articulos\/denticion\/\"},{\"@type\":\"ListItem\",\"position\":4,\"name\":\"Tabla sobre la dentici\u00f3n en el beb\u00e9\"}]},{\"@type\":\"WebSite\",\"@id\":\"https:\/\/multi-mam.com\/es\/#website\",\"url\":\"https:\/\/multi-mam.com\/es\/\",\"name\":\"Multi-Mam\",\"description\":\"\",\"publisher\":{\"@id\":\"https:\/\/multi-mam.com\/es\/#organization\"},\"potentialAction\":[{\"@type\":\"SearchAction\",\"target\":{\"@type\":\"EntryPoint\",\"urlTemplate\":\"https:\/\/multi-mam.com\/es\/?s={search_term_string}\"},\"query-input\":{\"@type\":\"PropertyValueSpecification\",\"valueRequired\":true,\"valueName\":\"search_term_string\"}}],\"inLanguage\":\"es\"},{\"@type\":\"Organization\",\"@id\":\"https:\/\/multi-mam.com\/es\/#organization\",\"name\":\"Multi-Mam\",\"url\":\"https:\/\/multi-mam.com\/es\/\",\"logo\":{\"@type\":\"ImageObject\",\"inLanguage\":\"es\",\"@id\":\"https:\/\/multi-mam.com\/es\/#\/schema\/logo\/image\/\",\"url\":\"https:\/\/multi-mam.com\/app\/uploads\/sites\/27\/2023\/04\/multi-mam-logotype.png\",\"contentUrl\":\"https:\/\/multi-mam.com\/app\/uploads\/sites\/27\/2023\/04\/multi-mam-logotype.png\",\"width\":70,\"height\":96,\"caption\":\"Multi-Mam\"},\"image\":{\"@id\":\"https:\/\/multi-mam.com\/es\/#\/schema\/logo\/image\/\"}}]}<\/script>\n<!-- \/ Yoast SEO plugin. -->","yoast_head_json":{"title":"Tabla sobre la dentici\u00f3n en el beb\u00e9 - Multi-Mam","description":"Los primeros dientes del beb\u00e9 suelen salir cuando su beb\u00e9 tiene aproximadamente 6 meses, pero no deber\u00eda sorprenderse si el proceso empieza entre los 3 y los 12 meses de edad.","robots":{"index":"index","follow":"follow","max-snippet":"max-snippet:-1","max-image-preview":"max-image-preview:large","max-video-preview":"max-video-preview:-1"},"canonical":"https:\/\/multi-mam.com\/es\/articulos\/denticion\/tabla-sobre-la-denticion-en-el-bebe\/","og_locale":"es_ES","og_type":"article","og_title":"Tabla sobre la dentici\u00f3n en el beb\u00e9 - Multi-Mam","og_description":"Los primeros dientes del beb\u00e9 suelen salir cuando su beb\u00e9 tiene aproximadamente 6 meses, pero no deber\u00eda sorprenderse si el proceso empieza entre los 3 y los 12 meses de edad.","og_url":"https:\/\/multi-mam.com\/es\/articulos\/denticion\/tabla-sobre-la-denticion-en-el-bebe\/","og_site_name":"Multi-Mam","article_modified_time":"2025-04-28T12:48:31+00:00","twitter_card":"summary_large_image","twitter_misc":{"Tiempo de lectura":"2 minutos"},"schema":{"@context":"https:\/\/schema.org","@graph":[{"@type":"WebPage","@id":"https:\/\/multi-mam.com\/es\/articulos\/denticion\/tabla-sobre-la-denticion-en-el-bebe\/","url":"https:\/\/multi-mam.com\/es\/articulos\/denticion\/tabla-sobre-la-denticion-en-el-bebe\/","name":"Tabla sobre la dentici\u00f3n en el beb\u00e9 - Multi-Mam","isPartOf":{"@id":"https:\/\/multi-mam.com\/es\/#website"},"datePublished":"2023-04-20T12:42:20+00:00","dateModified":"2025-04-28T12:48:31+00:00","description":"Los primeros dientes del beb\u00e9 suelen salir cuando su beb\u00e9 tiene aproximadamente 6 meses, pero no deber\u00eda sorprenderse si el proceso empieza entre los 3 y los 12 meses de edad.","breadcrumb":{"@id":"https:\/\/multi-mam.com\/es\/articulos\/denticion\/tabla-sobre-la-denticion-en-el-bebe\/#breadcrumb"},"inLanguage":"es","potentialAction":[{"@type":"ReadAction","target":["https:\/\/multi-mam.com\/es\/articulos\/denticion\/tabla-sobre-la-denticion-en-el-bebe\/"]}]},{"@type":"BreadcrumbList","@id":"https:\/\/multi-mam.com\/es\/articulos\/denticion\/tabla-sobre-la-denticion-en-el-bebe\/#breadcrumb","itemListElement":[{"@type":"ListItem","position":1,"name":"Home","item":"https:\/\/multi-mam.com\/es\/"},{"@type":"ListItem","position":2,"name":"Art\u00edculos","item":"https:\/\/multi-mam.com\/es\/articulos\/"},{"@type":"ListItem","position":3,"name":"Dentici\u00f3n","item":"https:\/\/multi-mam.com\/es\/articulos\/denticion\/"},{"@type":"ListItem","position":4,"name":"Tabla sobre la dentici\u00f3n en el beb\u00e9"}]},{"@type":"WebSite","@id":"https:\/\/multi-mam.com\/es\/#website","url":"https:\/\/multi-mam.com\/es\/","name":"Multi-Mam","description":"","publisher":{"@id":"https:\/\/multi-mam.com\/es\/#organization"},"potentialAction":[{"@type":"SearchAction","target":{"@type":"EntryPoint","urlTemplate":"https:\/\/multi-mam.com\/es\/?s={search_term_string}"},"query-input":{"@type":"PropertyValueSpecification","valueRequired":true,"valueName":"search_term_string"}}],"inLanguage":"es"},{"@type":"Organization","@id":"https:\/\/multi-mam.com\/es\/#organization","name":"Multi-Mam","url":"https:\/\/multi-mam.com\/es\/","logo":{"@type":"ImageObject","inLanguage":"es","@id":"https:\/\/multi-mam.com\/es\/#\/schema\/logo\/image\/","url":"https:\/\/multi-mam.com\/app\/uploads\/sites\/27\/2023\/04\/multi-mam-logotype.png","contentUrl":"https:\/\/multi-mam.com\/app\/uploads\/sites\/27\/2023\/04\/multi-mam-logotype.png","width":70,"height":96,"caption":"Multi-Mam"},"image":{"@id":"https:\/\/multi-mam.com\/es\/#\/schema\/logo\/image\/"}}]}},"_links":{"self":[{"href":"https:\/\/multi-mam.com\/es\/wp-json\/wp\/v2\/pages\/92","targetHints":{"allow":["GET"]}}],"collection":[{"href":"https:\/\/multi-mam.com\/es\/wp-json\/wp\/v2\/pages"}],"about":[{"href":"https:\/\/multi-mam.com\/es\/wp-json\/wp\/v2\/types\/page"}],"author":[{"embeddable":true,"href":"https:\/\/multi-mam.com\/es\/wp-json\/wp\/v2\/users\/2"}],"replies":[{"embeddable":true,"href":"https:\/\/multi-mam.com\/es\/wp-json\/wp\/v2\/comments?post=92"}],"version-history":[{"count":2,"href":"https:\/\/multi-mam.com\/es\/wp-json\/wp\/v2\/pages\/92\/revisions"}],"predecessor-version":[{"id":257,"href":"https:\/\/multi-mam.com\/es\/wp-json\/wp\/v2\/pages\/92\/revisions\/257"}],"up":[{"embeddable":true,"href":"https:\/\/multi-mam.com\/es\/wp-json\/wp\/v2\/pages\/68"}],"wp:attachment":[{"href":"https:\/\/multi-mam.com\/es\/wp-json\/wp\/v2\/media?parent=92"}],"wp:term":[{"taxonomy":"from-article-database","embeddable":true,"href":"https:\/\/multi-mam.com\/es\/wp-json\/wp\/v2\/from-article-database?post=92"}],"curies":[{"name":"wp","href":"https:\/\/api.w.org\/{rel}","templated":true}]}}