{"id":90,"date":"2023-04-20T14:41:46","date_gmt":"2023-04-20T12:41:46","guid":{"rendered":"https:\/\/multi-mam.com\/es\/?page_id=90"},"modified":"2025-04-28T14:48:33","modified_gmt":"2025-04-28T12:48:33","slug":"5-remedios-para-la-salida-de-los-primeros-dientes-de-tu-bebe-que-funcionan-de-verdad","status":"publish","type":"page","link":"https:\/\/multi-mam.com\/es\/articulos\/denticion\/5-remedios-para-la-salida-de-los-primeros-dientes-de-tu-bebe-que-funcionan-de-verdad\/","title":{"rendered":"5 remedios para la salida de los primeros dientes de tu beb\u00e9 que funcionan de verdad"},"content":{"rendered":"\n<div class=\"wp-block-karopharma-free-text pt-large pb-large bg-center bg-cover bg-no-repeat  is-style-primary\" style=\"background-image:url()\"><div class=\"free-text-wrapper container max-w-medium text-left\">\n<h1 class=\"wp-block-heading\">5 remedios para la salida de los primeros dientes de tu beb\u00e9 que funcionan de verdad<\/h1>\n\n\n\n<p class=\"is-style-paragraph-preamble\">La salida de los primeros dientes es otra etapa importante en el desarrollo de tu beb\u00e9. Los dientes pueden salir en cualquier momento entre los 3 meses y el primer a\u00f1o. Es un proceso natural que sin embargo no es divertido. Por suerte hay muchas cosas que puedes hacer para ayudar a tu beb\u00e9 a superarlo.<\/p>\n<\/div><\/div>\n\n\n\n<div class=\"wp-block-karopharma-free-text pt-large pb-large bg-center bg-cover bg-no-repeat\" style=\"background-image:url()\"><div class=\"free-text-wrapper container max-w-medium text-left\">\n<h2 class=\"is-style-heading-h2 wp-block-heading\">\u00bfQu\u00e9 s\u00edntomas son comunes en la salida de los primeros dientes? <br>\u00bfQu\u00e9 puedo hacer para ayudar a aliviarlos?<\/h2>\n\n\n\n<h3 class=\"is-style-heading-h4 wp-block-heading\">S\u00edntomas de la dentici\u00f3nson<\/h3>\n\n\n\n<figure class=\"wp-block-image size-full\"><img loading=\"lazy\" decoding=\"async\" width=\"587\" height=\"416\" src=\"https:\/\/multi-mam.com\/app\/uploads\/sites\/27\/2023\/04\/sintomas-de-la-denticionson.png\" alt=\"S\u00edntomas de la dentici\u00f3nson\" class=\"wp-image-252\" srcset=\"https:\/\/multi-mam.com\/app\/uploads\/sites\/27\/2023\/04\/sintomas-de-la-denticionson.png 587w, https:\/\/multi-mam.com\/app\/uploads\/sites\/27\/2023\/04\/sintomas-de-la-denticionson-320x227.png 320w\" sizes=\"auto, (max-width: 587px) 100vw, 587px\" \/><\/figure>\n\n\n\n<h3 class=\"is-style-heading-h4 wp-block-heading\">Remedios que ayudan durante la dentici\u00f3n<\/h3>\n\n\n\n<figure class=\"wp-block-image size-full\"><img loading=\"lazy\" decoding=\"async\" width=\"593\" height=\"360\" src=\"https:\/\/multi-mam.com\/app\/uploads\/sites\/27\/2023\/04\/remedios.png\" alt=\"Remedios que ayudan durante la dentici\u00f3n\" class=\"wp-image-253\" srcset=\"https:\/\/multi-mam.com\/app\/uploads\/sites\/27\/2023\/04\/remedios.png 593w, https:\/\/multi-mam.com\/app\/uploads\/sites\/27\/2023\/04\/remedios-320x194.png 320w\" sizes=\"auto, (max-width: 593px) 100vw, 593px\" \/><\/figure>\n\n\n\n<h2 class=\"is-style-heading-h2 wp-block-heading\">Cu\u00e1les son los s\u00edntomas<\/h2>\n\n\n\n<p><strong>Los s\u00edntomas comunes incluyen:<\/strong><\/p>\n\n\n\n<ul class=\"is-style-default wp-block-list\"><li>Fiebre ligera (menor a 37,8 \u00baC)<\/li><li>Inquietud<\/li><li>Problemas para dormir<\/li><li>Llanto frecuente<\/li><\/ul>\n\n\n\n<p><strong>Antes de la salida de los dientes es probable que notes un cambio de comportamiento asociado con:<\/strong><\/p>\n\n\n\n<ul class=\"is-style-default wp-block-list\"><li>Sue\u00f1o interrumpido<\/li><li>Babeo excesivo<\/li><li>Morder todo lo que caiga en sus manos<\/li><li>Disminuci\u00f3n del apetito<\/li><li>Estirarse de las orejas o frotarse la barbilla<\/li><\/ul>\n\n\n\n<h2 class=\"is-style-heading-h2 wp-block-heading\">Alivio directo<\/h2>\n\n\n\n<p>La manera de actuar contra los signos y s\u00edntomas de la dentici\u00f3n implica el alivio del dolor. Si tu beb\u00e9 manifiesta los signos y s\u00edntomas descritos durante la salida de sus primeros dientes deber\u00edas buscar un alivio inmediato. La buena noticia es que existen soluciones para ello. En este art\u00edculo se indican 5 remedios que son clave para ayudar a tu beb\u00e9 a sobrellevar sus problemas de dentici\u00f3n y que son seguros para \u00e9l. Cada beb\u00e9 es diferente, por lo que encuentra aquello que mejor le funcione.<\/p>\n\n\n\n<p><strong>Remedio para la dentici\u00f3n #1 \u2013 Abrazos y arrumacos<br><\/strong>Los dientes que salen de repente causan dolor lo que lleva a irritabilidad y problemas para dormir. Algunos beb\u00e9s apenas lo notan, pero para otros es duro. Consolarles cuando les duele, lloran o est\u00e1n tristes siempre ayuda. Abraza y reconforta a tu beb\u00e9 todo lo que puedas y prestale mucha atenci\u00f3n.<\/p>\n\n\n\n<p><strong>Remedio para la dentici\u00f3n #2 \u2013 Fr\u00edo<br><\/strong>Aplica fr\u00edo sobre la boca de tu beb\u00e9 para aliviar el dolor provocado por la salida de los dientes, puedes utilizar:<\/p>\n\n\n\n<ul class=\"is-style-default wp-block-list\"><li>Pa\u00f1o fr\u00edo<\/li><li>Cuchara fr\u00eda<\/li><li>Tu dedo limpio mojado en agua fr\u00eda<\/li><\/ul>\n\n\n\n<p>Cuando tu beb\u00e9 ha cumplido 6 meses, puedes darle algunos sorbos de agua cuando tienen sed. En beb\u00e9s m\u00e1s peque\u00f1os el agua se utiliza sobretodo como una herramienta externa de fr\u00edo. Por otro lado, para tratar la fiebre que a veces acompa\u00f1a la dentici\u00f3n, puedes utilizar un pa\u00f1o mojado en agua templada.<\/p>\n\n\n\n<p>Ten cuidado con cualquier cosa congelada que puede provocar un da\u00f1o en la salud de tu beb\u00e9 y ser peligrosa. Es mejor utilizar el frigor\u00edfico en vez del congelador para enfriar una cuchara o pa\u00f1o.<\/p>\n\n\n\n<p><strong>Remedio para la dentici\u00f3n #3 \u2013 Juguetes mordedores<br><\/strong>Intenta darle a tu beb\u00e9 algo para morder o masticar ya que tienden a morder, masticar y chupar todo. Hay una gran variedad de anillos mordedores en el mercado, como por ejemplo mordedores org\u00e1nicos libres de bisfenol A, lo que es m\u00e1s seguro para tu beb\u00e9. Una manera inmediata de proporcionar sensaci\u00f3n de confort o consuelo es darle su dedo pulgar para que lo chupe. Sab\u00edas que tambi\u00e9n pueden morder algo tan simple como un pa\u00f1o mojado o una galleta dura (aunque no dejes a tu beb\u00e9 solo con una galleta). B\u00e1sicamente tu beb\u00e9 necesita algo para morder.<\/p>\n\n\n\n<p><strong>Remedio para la dentici\u00f3n #4 \u2013 Masaje<br><\/strong>La gran mayor\u00eda de beb\u00e9s presentan irritaci\u00f3n y dolor en las enc\u00edas cuando salen los dientes. Masajear las enc\u00edas aliviar\u00e1 el dolor y les distraer\u00e1. A casi todos los beb\u00e9s les gusta sentir un contacto y presi\u00f3n ligera sobre sus enc\u00edas durante la dentici\u00f3n. Frota suavemente las enc\u00edas de tu beb\u00e9 con un toque firme de tu dedo \u00edndice. O dale varias veces al d\u00eda un divertido masaje facial a tu beb\u00e9 y dedica tiempo a frotar su cara y mand\u00edbula con movimientos circulares. Esto aligerar\u00e1 la tensi\u00f3n. Si nada de esto funciona, es el momento para un ba\u00f1o! El agua caliente le ayudar\u00e1 a relajarse y le proporcionar\u00e1 una distracci\u00f3n a la constante molestia.<\/p>\n\n\n\n<p><strong>Remedio para la dentici\u00f3n #5 \u2013 Gel calmante<br><\/strong>El objetivo es aliviar el dolor y las molestias. Si tu beb\u00e9 es uno de esos beb\u00e9s que sufren dolor durante la salida de los dientes, te recomendamos nuestro gel calmante para su alivio (Multi-Mam BabyDent [https:\/\/www.multi-mam.es\/nuestros-productos\/denticion\/multi-mam-babydent\/]). Este gel forma una capa sobre las enc\u00edas. Reduce la inflamaci\u00f3n cuando lo aplicas en las enc\u00edas. Si se guarda en el frigor\u00edfico a\u00f1ade un efecto fr\u00edo calmante. Es natural, seguro e inocuo si se ingiere. Adem\u00e1s, es una buena manera de empezar a acostumbrar a tu beb\u00e9 a la higiene dental.<\/p>\n<\/div><\/div>\n","protected":false},"excerpt":{"rendered":"","protected":false},"author":2,"featured_media":0,"parent":68,"menu_order":1,"comment_status":"closed","ping_status":"closed","template":"","meta":{"_acf_changed":false,"footnotes":""},"from-article-database":[],"class_list":["post-90","page","type-page","status-publish","hentry"],"acf":[],"yoast_head":"<!-- This site is optimized with the Yoast SEO plugin v26.6 - https:\/\/yoast.com\/wordpress\/plugins\/seo\/ -->\n<title>5 remedios para la salida de los primeros dientes de tu beb\u00e9 que funcionan de verdad - Multi-Mam<\/title>\n<meta name=\"description\" content=\"La salida de los primeros dientes es otra etapa importante en el desarrollo de tu beb\u00e9.\" \/>\n<meta name=\"robots\" content=\"index, follow, max-snippet:-1, max-image-preview:large, max-video-preview:-1\" \/>\n<link rel=\"canonical\" href=\"https:\/\/multi-mam.com\/es\/articulos\/denticion\/5-remedios-para-la-salida-de-los-primeros-dientes-de-tu-bebe-que-funcionan-de-verdad\/\" \/>\n<meta property=\"og:locale\" content=\"es_ES\" \/>\n<meta property=\"og:type\" content=\"article\" \/>\n<meta property=\"og:title\" content=\"5 remedios para la salida de los primeros dientes de tu beb\u00e9 que funcionan de verdad - Multi-Mam\" \/>\n<meta property=\"og:description\" content=\"La salida de los primeros dientes es otra etapa importante en el desarrollo de tu beb\u00e9.\" \/>\n<meta property=\"og:url\" content=\"https:\/\/multi-mam.com\/es\/articulos\/denticion\/5-remedios-para-la-salida-de-los-primeros-dientes-de-tu-bebe-que-funcionan-de-verdad\/\" \/>\n<meta property=\"og:site_name\" content=\"Multi-Mam\" \/>\n<meta property=\"article:modified_time\" content=\"2025-04-28T12:48:33+00:00\" \/>\n<meta property=\"og:image\" content=\"https:\/\/multi-mam.com\/app\/uploads\/sites\/27\/2023\/04\/sintomas-de-la-denticionson.png\" \/>\n\t<meta property=\"og:image:width\" content=\"587\" \/>\n\t<meta property=\"og:image:height\" content=\"416\" \/>\n\t<meta property=\"og:image:type\" content=\"image\/png\" \/>\n<meta name=\"twitter:card\" content=\"summary_large_image\" \/>\n<meta name=\"twitter:label1\" content=\"Tiempo de lectura\" \/>\n\t<meta name=\"twitter:data1\" content=\"4 minutos\" \/>\n<script type=\"application\/ld+json\" class=\"yoast-schema-graph\">{\"@context\":\"https:\/\/schema.org\",\"@graph\":[{\"@type\":\"WebPage\",\"@id\":\"https:\/\/multi-mam.com\/es\/articulos\/denticion\/5-remedios-para-la-salida-de-los-primeros-dientes-de-tu-bebe-que-funcionan-de-verdad\/\",\"url\":\"https:\/\/multi-mam.com\/es\/articulos\/denticion\/5-remedios-para-la-salida-de-los-primeros-dientes-de-tu-bebe-que-funcionan-de-verdad\/\",\"name\":\"5 remedios para la salida de los primeros dientes de tu beb\u00e9 que funcionan de verdad - Multi-Mam\",\"isPartOf\":{\"@id\":\"https:\/\/multi-mam.com\/es\/#website\"},\"primaryImageOfPage\":{\"@id\":\"https:\/\/multi-mam.com\/es\/articulos\/denticion\/5-remedios-para-la-salida-de-los-primeros-dientes-de-tu-bebe-que-funcionan-de-verdad\/#primaryimage\"},\"image\":{\"@id\":\"https:\/\/multi-mam.com\/es\/articulos\/denticion\/5-remedios-para-la-salida-de-los-primeros-dientes-de-tu-bebe-que-funcionan-de-verdad\/#primaryimage\"},\"thumbnailUrl\":\"https:\/\/multi-mam.com\/app\/uploads\/sites\/27\/2023\/04\/sintomas-de-la-denticionson.png\",\"datePublished\":\"2023-04-20T12:41:46+00:00\",\"dateModified\":\"2025-04-28T12:48:33+00:00\",\"description\":\"La salida de los primeros dientes es otra etapa importante en el desarrollo de tu beb\u00e9.\",\"breadcrumb\":{\"@id\":\"https:\/\/multi-mam.com\/es\/articulos\/denticion\/5-remedios-para-la-salida-de-los-primeros-dientes-de-tu-bebe-que-funcionan-de-verdad\/#breadcrumb\"},\"inLanguage\":\"es\",\"potentialAction\":[{\"@type\":\"ReadAction\",\"target\":[\"https:\/\/multi-mam.com\/es\/articulos\/denticion\/5-remedios-para-la-salida-de-los-primeros-dientes-de-tu-bebe-que-funcionan-de-verdad\/\"]}]},{\"@type\":\"ImageObject\",\"inLanguage\":\"es\",\"@id\":\"https:\/\/multi-mam.com\/es\/articulos\/denticion\/5-remedios-para-la-salida-de-los-primeros-dientes-de-tu-bebe-que-funcionan-de-verdad\/#primaryimage\",\"url\":\"https:\/\/multi-mam.com\/app\/uploads\/sites\/27\/2023\/04\/sintomas-de-la-denticionson.png\",\"contentUrl\":\"https:\/\/multi-mam.com\/app\/uploads\/sites\/27\/2023\/04\/sintomas-de-la-denticionson.png\"},{\"@type\":\"BreadcrumbList\",\"@id\":\"https:\/\/multi-mam.com\/es\/articulos\/denticion\/5-remedios-para-la-salida-de-los-primeros-dientes-de-tu-bebe-que-funcionan-de-verdad\/#breadcrumb\",\"itemListElement\":[{\"@type\":\"ListItem\",\"position\":1,\"name\":\"Home\",\"item\":\"https:\/\/multi-mam.com\/es\/\"},{\"@type\":\"ListItem\",\"position\":2,\"name\":\"Art\u00edculos\",\"item\":\"https:\/\/multi-mam.com\/es\/articulos\/\"},{\"@type\":\"ListItem\",\"position\":3,\"name\":\"Dentici\u00f3n\",\"item\":\"https:\/\/multi-mam.com\/es\/articulos\/denticion\/\"},{\"@type\":\"ListItem\",\"position\":4,\"name\":\"5 remedios para la salida de los primeros dientes de tu beb\u00e9 que funcionan de verdad\"}]},{\"@type\":\"WebSite\",\"@id\":\"https:\/\/multi-mam.com\/es\/#website\",\"url\":\"https:\/\/multi-mam.com\/es\/\",\"name\":\"Multi-Mam\",\"description\":\"\",\"publisher\":{\"@id\":\"https:\/\/multi-mam.com\/es\/#organization\"},\"potentialAction\":[{\"@type\":\"SearchAction\",\"target\":{\"@type\":\"EntryPoint\",\"urlTemplate\":\"https:\/\/multi-mam.com\/es\/?s={search_term_string}\"},\"query-input\":{\"@type\":\"PropertyValueSpecification\",\"valueRequired\":true,\"valueName\":\"search_term_string\"}}],\"inLanguage\":\"es\"},{\"@type\":\"Organization\",\"@id\":\"https:\/\/multi-mam.com\/es\/#organization\",\"name\":\"Multi-Mam\",\"url\":\"https:\/\/multi-mam.com\/es\/\",\"logo\":{\"@type\":\"ImageObject\",\"inLanguage\":\"es\",\"@id\":\"https:\/\/multi-mam.com\/es\/#\/schema\/logo\/image\/\",\"url\":\"https:\/\/multi-mam.com\/app\/uploads\/sites\/27\/2023\/04\/multi-mam-logotype.png\",\"contentUrl\":\"https:\/\/multi-mam.com\/app\/uploads\/sites\/27\/2023\/04\/multi-mam-logotype.png\",\"width\":70,\"height\":96,\"caption\":\"Multi-Mam\"},\"image\":{\"@id\":\"https:\/\/multi-mam.com\/es\/#\/schema\/logo\/image\/\"}}]}<\/script>\n<!-- \/ Yoast SEO plugin. -->","yoast_head_json":{"title":"5 remedios para la salida de los primeros dientes de tu beb\u00e9 que funcionan de verdad - Multi-Mam","description":"La salida de los primeros dientes es otra etapa importante en el desarrollo de tu beb\u00e9.","robots":{"index":"index","follow":"follow","max-snippet":"max-snippet:-1","max-image-preview":"max-image-preview:large","max-video-preview":"max-video-preview:-1"},"canonical":"https:\/\/multi-mam.com\/es\/articulos\/denticion\/5-remedios-para-la-salida-de-los-primeros-dientes-de-tu-bebe-que-funcionan-de-verdad\/","og_locale":"es_ES","og_type":"article","og_title":"5 remedios para la salida de los primeros dientes de tu beb\u00e9 que funcionan de verdad - Multi-Mam","og_description":"La salida de los primeros dientes es otra etapa importante en el desarrollo de tu beb\u00e9.","og_url":"https:\/\/multi-mam.com\/es\/articulos\/denticion\/5-remedios-para-la-salida-de-los-primeros-dientes-de-tu-bebe-que-funcionan-de-verdad\/","og_site_name":"Multi-Mam","article_modified_time":"2025-04-28T12:48:33+00:00","og_image":[{"width":587,"height":416,"url":"https:\/\/multi-mam.com\/app\/uploads\/sites\/27\/2023\/04\/sintomas-de-la-denticionson.png","type":"image\/png"}],"twitter_card":"summary_large_image","twitter_misc":{"Tiempo de lectura":"4 minutos"},"schema":{"@context":"https:\/\/schema.org","@graph":[{"@type":"WebPage","@id":"https:\/\/multi-mam.com\/es\/articulos\/denticion\/5-remedios-para-la-salida-de-los-primeros-dientes-de-tu-bebe-que-funcionan-de-verdad\/","url":"https:\/\/multi-mam.com\/es\/articulos\/denticion\/5-remedios-para-la-salida-de-los-primeros-dientes-de-tu-bebe-que-funcionan-de-verdad\/","name":"5 remedios para la salida de los primeros dientes de tu beb\u00e9 que funcionan de verdad - Multi-Mam","isPartOf":{"@id":"https:\/\/multi-mam.com\/es\/#website"},"primaryImageOfPage":{"@id":"https:\/\/multi-mam.com\/es\/articulos\/denticion\/5-remedios-para-la-salida-de-los-primeros-dientes-de-tu-bebe-que-funcionan-de-verdad\/#primaryimage"},"image":{"@id":"https:\/\/multi-mam.com\/es\/articulos\/denticion\/5-remedios-para-la-salida-de-los-primeros-dientes-de-tu-bebe-que-funcionan-de-verdad\/#primaryimage"},"thumbnailUrl":"https:\/\/multi-mam.com\/app\/uploads\/sites\/27\/2023\/04\/sintomas-de-la-denticionson.png","datePublished":"2023-04-20T12:41:46+00:00","dateModified":"2025-04-28T12:48:33+00:00","description":"La salida de los primeros dientes es otra etapa importante en el desarrollo de tu beb\u00e9.","breadcrumb":{"@id":"https:\/\/multi-mam.com\/es\/articulos\/denticion\/5-remedios-para-la-salida-de-los-primeros-dientes-de-tu-bebe-que-funcionan-de-verdad\/#breadcrumb"},"inLanguage":"es","potentialAction":[{"@type":"ReadAction","target":["https:\/\/multi-mam.com\/es\/articulos\/denticion\/5-remedios-para-la-salida-de-los-primeros-dientes-de-tu-bebe-que-funcionan-de-verdad\/"]}]},{"@type":"ImageObject","inLanguage":"es","@id":"https:\/\/multi-mam.com\/es\/articulos\/denticion\/5-remedios-para-la-salida-de-los-primeros-dientes-de-tu-bebe-que-funcionan-de-verdad\/#primaryimage","url":"https:\/\/multi-mam.com\/app\/uploads\/sites\/27\/2023\/04\/sintomas-de-la-denticionson.png","contentUrl":"https:\/\/multi-mam.com\/app\/uploads\/sites\/27\/2023\/04\/sintomas-de-la-denticionson.png"},{"@type":"BreadcrumbList","@id":"https:\/\/multi-mam.com\/es\/articulos\/denticion\/5-remedios-para-la-salida-de-los-primeros-dientes-de-tu-bebe-que-funcionan-de-verdad\/#breadcrumb","itemListElement":[{"@type":"ListItem","position":1,"name":"Home","item":"https:\/\/multi-mam.com\/es\/"},{"@type":"ListItem","position":2,"name":"Art\u00edculos","item":"https:\/\/multi-mam.com\/es\/articulos\/"},{"@type":"ListItem","position":3,"name":"Dentici\u00f3n","item":"https:\/\/multi-mam.com\/es\/articulos\/denticion\/"},{"@type":"ListItem","position":4,"name":"5 remedios para la salida de los primeros dientes de tu beb\u00e9 que funcionan de verdad"}]},{"@type":"WebSite","@id":"https:\/\/multi-mam.com\/es\/#website","url":"https:\/\/multi-mam.com\/es\/","name":"Multi-Mam","description":"","publisher":{"@id":"https:\/\/multi-mam.com\/es\/#organization"},"potentialAction":[{"@type":"SearchAction","target":{"@type":"EntryPoint","urlTemplate":"https:\/\/multi-mam.com\/es\/?s={search_term_string}"},"query-input":{"@type":"PropertyValueSpecification","valueRequired":true,"valueName":"search_term_string"}}],"inLanguage":"es"},{"@type":"Organization","@id":"https:\/\/multi-mam.com\/es\/#organization","name":"Multi-Mam","url":"https:\/\/multi-mam.com\/es\/","logo":{"@type":"ImageObject","inLanguage":"es","@id":"https:\/\/multi-mam.com\/es\/#\/schema\/logo\/image\/","url":"https:\/\/multi-mam.com\/app\/uploads\/sites\/27\/2023\/04\/multi-mam-logotype.png","contentUrl":"https:\/\/multi-mam.com\/app\/uploads\/sites\/27\/2023\/04\/multi-mam-logotype.png","width":70,"height":96,"caption":"Multi-Mam"},"image":{"@id":"https:\/\/multi-mam.com\/es\/#\/schema\/logo\/image\/"}}]}},"_links":{"self":[{"href":"https:\/\/multi-mam.com\/es\/wp-json\/wp\/v2\/pages\/90","targetHints":{"allow":["GET"]}}],"collection":[{"href":"https:\/\/multi-mam.com\/es\/wp-json\/wp\/v2\/pages"}],"about":[{"href":"https:\/\/multi-mam.com\/es\/wp-json\/wp\/v2\/types\/page"}],"author":[{"embeddable":true,"href":"https:\/\/multi-mam.com\/es\/wp-json\/wp\/v2\/users\/2"}],"replies":[{"embeddable":true,"href":"https:\/\/multi-mam.com\/es\/wp-json\/wp\/v2\/comments?post=90"}],"version-history":[{"count":3,"href":"https:\/\/multi-mam.com\/es\/wp-json\/wp\/v2\/pages\/90\/revisions"}],"predecessor-version":[{"id":254,"href":"https:\/\/multi-mam.com\/es\/wp-json\/wp\/v2\/pages\/90\/revisions\/254"}],"up":[{"embeddable":true,"href":"https:\/\/multi-mam.com\/es\/wp-json\/wp\/v2\/pages\/68"}],"wp:attachment":[{"href":"https:\/\/multi-mam.com\/es\/wp-json\/wp\/v2\/media?parent=90"}],"wp:term":[{"taxonomy":"from-article-database","embeddable":true,"href":"https:\/\/multi-mam.com\/es\/wp-json\/wp\/v2\/from-article-database?post=90"}],"curies":[{"name":"wp","href":"https:\/\/api.w.org\/{rel}","templated":true}]}}