{"id":7,"date":"2023-04-20T10:28:51","date_gmt":"2023-04-20T08:28:51","guid":{"rendered":"https:\/\/multi-mam.com\/es\/?page_id=7"},"modified":"2025-04-28T14:48:53","modified_gmt":"2025-04-28T12:48:53","slug":"multi-mam","status":"publish","type":"page","link":"https:\/\/multi-mam.com\/es\/","title":{"rendered":"Multi-Mam"},"content":{"rendered":"\n<div class=\"wp-block-karopharma-free-text pt-large pb-large bg-left-top bg-cover bg-no-repeat bg-box undefined\" style=\"background-image:url(https:\/\/multi-mam.com\/cdn-cgi\/image\/format=auto\/app\/uploads\/sites\/27\/2023\/04\/multi-mam.jpeg)\"><div class=\"free-text-wrapper container max-w-medium text-center\">\n<figure class=\"wp-block-image size-large\"><img decoding=\"async\" src=\"https:\/\/multi-mam.com\/app\/uploads\/sites\/2\/2022\/06\/MultiMamCompressesBalmINTA01-1024x582.png\" alt=\"Multi-Mam Products\" class=\"wp-image-48\"\/><\/figure>\n\n\n\n<h1 class=\"is-style-heading-huge has-primary-color has-text-color wp-block-heading\" id=\"love-is-all-you-need\">El amor es todo lo que necesitas<\/h1>\n\n\n\n<h2 class=\"is-style-heading-h2 has-primary-color has-text-color wp-block-heading\" id=\"und-multi-mam-fur-mutter-und-kind\">&#8230;y Multi-Mam\u00ae para ti y tu beb\u00e9.<\/h2>\n\n\n\n<div class=\"wp-block-buttons is-layout-flex wp-block-buttons-is-layout-flex\">\n<div class=\"wp-block-button is-style-secondary-button\"><a class=\"wp-block-button__link\" href=\"https:\/\/multi-mam.com\/es\/productos\/\">Saber m\u00e1s<\/a><\/div>\n<\/div>\n<\/div><\/div>\n\n\n<div class=\"product-list wp-block-karopharma-product-list\" data-testid=\"product-list\">\n      <div class=\"swiper-container\">\n      <div class=\"swiper\">\n        <div class=\"swiper-wrapper\">\n                      <div class=\"swiper-slide\">\n              <div class=\"product-card\" data-testid=\"product-card\">\n  <a\n    href=https:\/\/multi-mam.com\/es\/producto\/multi-mam-balsamo\/\n    class=\"product-card-link\"\n    title=\"Multi-Mam B\u00e1lsamo\"\n  >\n  <figure class=\"product-card-image\" data-testid=\"product-image\">\n                          <img decoding=\"async\" src=\"https:\/\/multi-mam.com\/cdn-cgi\/image\/width=700,format=auto\/app\/uploads\/sites\/27\/2023\/04\/MultiMamBalm-1400x1400-1.png\"\n        srcset=\"https:\/\/multi-mam.com\/cdn-cgi\/image\/width=250,format=auto\/app\/uploads\/sites\/27\/2023\/04\/MultiMamBalm-1400x1400-1.png 250w,\n                https:\/\/multi-mam.com\/cdn-cgi\/image\/width=500,format=auto\/app\/uploads\/sites\/27\/2023\/04\/MultiMamBalm-1400x1400-1.png 500w,\n                https:\/\/multi-mam.com\/cdn-cgi\/image\/width=700,format=auto\/app\/uploads\/sites\/27\/2023\/04\/MultiMamBalm-1400x1400-1.png 700w\"\n        sizes=\"(max-width: 400px) 250px, (max-width: 800px) 500px, 700px\"\n        alt=\"Multi-Mam Balm\"\n        class=\"img\">\n            <\/figure>\n    <div class=\"product-card-content\">\n      <div class=\"heading-wrapper\">\n        <h2 class=\"heading\">Multi-Mam B\u00e1lsamo<\/h2>\n      <\/div>\n      <div class=\"product-card-description\">Cuidado del pez\u00f3n con plantas naturales para madres lactantes<\/div>\n                      <\/div>\n  <\/a>\n      <div class=\"button-wrapper\">\n    <a\n      href=https:\/\/multi-mam.com\/es\/producto\/multi-mam-balsamo\/\n      target=_self\n      class=\"theme-button button-primary-color rounded-button\"\n      rel=\"noopener\"\n      title=\"M\u00e1s informaci\u00f3n\"\n    >\n       M\u00e1s informaci\u00f3n\n    <\/a>\n<\/div>  <\/div>\n            <\/div>\n                      <div class=\"swiper-slide\">\n              <div class=\"product-card\" data-testid=\"product-card\">\n  <a\n    href=https:\/\/multi-mam.com\/es\/producto\/multi-mam-compresas\/\n    class=\"product-card-link\"\n    title=\"Multi-Mam Compresas\"\n  >\n  <figure class=\"product-card-image\" data-testid=\"product-image\">\n                          <img decoding=\"async\" src=\"https:\/\/multi-mam.com\/cdn-cgi\/image\/width=700,format=auto\/app\/uploads\/sites\/27\/2023\/04\/MultiMamCompresses-1400x1400-1.png\"\n        srcset=\"https:\/\/multi-mam.com\/cdn-cgi\/image\/width=250,format=auto\/app\/uploads\/sites\/27\/2023\/04\/MultiMamCompresses-1400x1400-1.png 250w,\n                https:\/\/multi-mam.com\/cdn-cgi\/image\/width=500,format=auto\/app\/uploads\/sites\/27\/2023\/04\/MultiMamCompresses-1400x1400-1.png 500w,\n                https:\/\/multi-mam.com\/cdn-cgi\/image\/width=700,format=auto\/app\/uploads\/sites\/27\/2023\/04\/MultiMamCompresses-1400x1400-1.png 700w\"\n        sizes=\"(max-width: 400px) 250px, (max-width: 800px) 500px, 700px\"\n        alt=\"Multi-Mam Compresas\"\n        class=\"img\">\n            <\/figure>\n    <div class=\"product-card-content\">\n      <div class=\"heading-wrapper\">\n        <h2 class=\"heading\">Multi-Mam Compresas<\/h2>\n      <\/div>\n      <div class=\"product-card-description\">Cuidado suave para una lactancia c\u00f3moda<\/div>\n                      <\/div>\n  <\/a>\n      <div class=\"button-wrapper\">\n    <a\n      href=https:\/\/multi-mam.com\/es\/producto\/multi-mam-compresas\/\n      target=_self\n      class=\"theme-button button-primary-color rounded-button\"\n      rel=\"noopener\"\n      title=\"M\u00e1s informaci\u00f3n\"\n    >\n       M\u00e1s informaci\u00f3n\n    <\/a>\n<\/div>  <\/div>\n            <\/div>\n                      <div class=\"swiper-slide\">\n              <div class=\"product-card\" data-testid=\"product-card\">\n  <a\n    href=https:\/\/multi-mam.com\/es\/producto\/multi-mam-lanolina\/\n    class=\"product-card-link\"\n    title=\"Multi-Mam Lanolina\"\n  >\n  <figure class=\"product-card-image\" data-testid=\"product-image\">\n                          <img decoding=\"async\" src=\"https:\/\/multi-mam.com\/cdn-cgi\/image\/width=700,format=auto\/app\/uploads\/sites\/27\/2023\/04\/MultiMamLanolin-1400x1400-1.png\"\n        srcset=\"https:\/\/multi-mam.com\/cdn-cgi\/image\/width=250,format=auto\/app\/uploads\/sites\/27\/2023\/04\/MultiMamLanolin-1400x1400-1.png 250w,\n                https:\/\/multi-mam.com\/cdn-cgi\/image\/width=500,format=auto\/app\/uploads\/sites\/27\/2023\/04\/MultiMamLanolin-1400x1400-1.png 500w,\n                https:\/\/multi-mam.com\/cdn-cgi\/image\/width=700,format=auto\/app\/uploads\/sites\/27\/2023\/04\/MultiMamLanolin-1400x1400-1.png 700w\"\n        sizes=\"(max-width: 400px) 250px, (max-width: 800px) 500px, 700px\"\n        alt=\"Multi-Mam Lanolin\"\n        class=\"img\">\n            <\/figure>\n    <div class=\"product-card-content\">\n      <div class=\"heading-wrapper\">\n        <h2 class=\"heading\">Multi-Mam Lanolina<\/h2>\n      <\/div>\n      <div class=\"product-card-description\">Cuidado del pez\u00f3n para madres lactantes\n<\/div>\n                      <\/div>\n  <\/a>\n      <div class=\"button-wrapper\">\n    <a\n      href=https:\/\/multi-mam.com\/es\/producto\/multi-mam-lanolina\/\n      target=_self\n      class=\"theme-button button-primary-color rounded-button\"\n      rel=\"noopener\"\n      title=\"M\u00e1s informaci\u00f3n\"\n    >\n       M\u00e1s informaci\u00f3n\n    <\/a>\n<\/div>  <\/div>\n            <\/div>\n                  <\/div>\n        <div class=\"swiper-scrollbar\"><\/div>\n      <\/div>\n    <\/div>\n  <\/div>\n\n\n\n<section class=\"wp-block-karopharma-image-with-text image-with-text image-with-text__full-width is-style-primary\"><div class=\"image-with-text-container \"><div class=\"image-with-text-container-image-container\"><img decoding=\"async\" loading=\"lazy\" src=\"https:\/\/multi-mam.com\/cdn-cgi\/image\/format=auto\/app\/uploads\/sites\/27\/2023\/04\/start-multimam.jpeg\" alt=\"Multi-Mam\"\/><\/div><div class=\"image-with-text-container-content\" style=\"text-align:left\" data-test=\"content\"><div class=\"content\"><h2>Disfrutar conoci\u00e9ndonos<\/h2><p class=\"body\" data-test=\"body\">Convertirse en madre es un momento muy especial pero tambi\u00e9n puede ser abrumador. Durante este precioso per\u00edodo, es f\u00e1cil olvidar que es tan importante cuidar al beb\u00e9 como cuidarse una misma. Desaf\u00edos como el dolor en los pezones, el cansancio y molestias durante la dentici\u00f3n son comunes entre las madres con un reci\u00e9n nacido, y es posible necesitar una ayuda adicional. Ah\u00ed es cuando Multi-Mam interviene para empezar con buen pie esta nueva etapada. Porque si como madre te sientes bien, lo m\u00e1s probable es que el beb\u00e9 comparta esa armon\u00eda.<\/p>\n<div class=\"wp-block-buttons is-content-justification-left is-layout-flex wp-container-core-buttons-is-layout-fdcfc74e wp-block-buttons-is-layout-flex\">\n<div class=\"wp-block-button\"><a class=\"wp-block-button__link\" href=\"https:\/\/multi-mam.com\/es\/productos\/\">Descubre productos<\/a><\/div>\n<\/div>\n<\/div><\/div><\/div><\/section>\n","protected":false},"excerpt":{"rendered":"","protected":false},"author":2,"featured_media":0,"parent":0,"menu_order":0,"comment_status":"closed","ping_status":"closed","template":"","meta":{"_acf_changed":false,"footnotes":""},"from-article-database":[],"class_list":["post-7","page","type-page","status-publish","hentry"],"acf":[],"yoast_head":"<!-- This site is optimized with the Yoast SEO plugin v26.6 - https:\/\/yoast.com\/wordpress\/plugins\/seo\/ -->\n<title>Multi-Mam - Multi-Mam<\/title>\n<meta name=\"description\" content=\"El amor es todo lo que necesitas \u2026y Multi-Mam\u00ae para ti y tu beb\u00e9. Convertirse en madre es un momento muy especial pero tambi\u00e9n puede ser abrumador.\" \/>\n<meta name=\"robots\" content=\"index, follow, max-snippet:-1, max-image-preview:large, max-video-preview:-1\" \/>\n<link rel=\"canonical\" href=\"https:\/\/multi-mam.com\/es\/\" \/>\n<meta property=\"og:locale\" content=\"es_ES\" \/>\n<meta property=\"og:type\" content=\"article\" \/>\n<meta property=\"og:title\" content=\"Multi-Mam - Multi-Mam\" \/>\n<meta property=\"og:description\" content=\"El amor es todo lo que necesitas \u2026y Multi-Mam\u00ae para ti y tu beb\u00e9. Convertirse en madre es un momento muy especial pero tambi\u00e9n puede ser abrumador.\" \/>\n<meta property=\"og:url\" content=\"https:\/\/multi-mam.com\/es\/\" \/>\n<meta property=\"og:site_name\" content=\"Multi-Mam\" \/>\n<meta property=\"article:modified_time\" content=\"2025-04-28T12:48:53+00:00\" \/>\n<meta name=\"twitter:card\" content=\"summary_large_image\" \/>\n<meta name=\"twitter:label1\" content=\"Tiempo de lectura\" \/>\n\t<meta name=\"twitter:data1\" content=\"1 minuto\" \/>\n<script type=\"application\/ld+json\" class=\"yoast-schema-graph\">{\"@context\":\"https:\/\/schema.org\",\"@graph\":[{\"@type\":\"WebPage\",\"@id\":\"https:\/\/multi-mam.com\/es\/\",\"url\":\"https:\/\/multi-mam.com\/es\/\",\"name\":\"Multi-Mam - Multi-Mam\",\"isPartOf\":{\"@id\":\"https:\/\/multi-mam.com\/es\/#website\"},\"primaryImageOfPage\":{\"@id\":\"https:\/\/multi-mam.com\/es\/#primaryimage\"},\"image\":{\"@id\":\"https:\/\/multi-mam.com\/es\/#primaryimage\"},\"thumbnailUrl\":\"https:\/\/multi-mam.com\/app\/uploads\/sites\/2\/2022\/06\/MultiMamCompressesBalmINTA01-1024x582.png\",\"datePublished\":\"2023-04-20T08:28:51+00:00\",\"dateModified\":\"2025-04-28T12:48:53+00:00\",\"description\":\"El amor es todo lo que necesitas \u2026y Multi-Mam\u00ae para ti y tu beb\u00e9. Convertirse en madre es un momento muy especial pero tambi\u00e9n puede ser abrumador.\",\"breadcrumb\":{\"@id\":\"https:\/\/multi-mam.com\/es\/#breadcrumb\"},\"inLanguage\":\"es\",\"potentialAction\":[{\"@type\":\"ReadAction\",\"target\":[\"https:\/\/multi-mam.com\/es\/\"]}]},{\"@type\":\"ImageObject\",\"inLanguage\":\"es\",\"@id\":\"https:\/\/multi-mam.com\/es\/#primaryimage\",\"url\":\"https:\/\/multi-mam.com\/app\/uploads\/sites\/2\/2022\/06\/MultiMamCompressesBalmINTA01-1024x582.png\",\"contentUrl\":\"https:\/\/multi-mam.com\/app\/uploads\/sites\/2\/2022\/06\/MultiMamCompressesBalmINTA01-1024x582.png\"},{\"@type\":\"BreadcrumbList\",\"@id\":\"https:\/\/multi-mam.com\/es\/#breadcrumb\",\"itemListElement\":[{\"@type\":\"ListItem\",\"position\":1,\"name\":\"Home\",\"item\":\"https:\/\/multi-mam.com\/es\/\"},{\"@type\":\"ListItem\",\"position\":2,\"name\":\"Multi-Mam\"}]},{\"@type\":\"WebSite\",\"@id\":\"https:\/\/multi-mam.com\/es\/#website\",\"url\":\"https:\/\/multi-mam.com\/es\/\",\"name\":\"Multi-Mam\",\"description\":\"\",\"publisher\":{\"@id\":\"https:\/\/multi-mam.com\/es\/#organization\"},\"potentialAction\":[{\"@type\":\"SearchAction\",\"target\":{\"@type\":\"EntryPoint\",\"urlTemplate\":\"https:\/\/multi-mam.com\/es\/?s={search_term_string}\"},\"query-input\":{\"@type\":\"PropertyValueSpecification\",\"valueRequired\":true,\"valueName\":\"search_term_string\"}}],\"inLanguage\":\"es\"},{\"@type\":\"Organization\",\"@id\":\"https:\/\/multi-mam.com\/es\/#organization\",\"name\":\"Multi-Mam\",\"url\":\"https:\/\/multi-mam.com\/es\/\",\"logo\":{\"@type\":\"ImageObject\",\"inLanguage\":\"es\",\"@id\":\"https:\/\/multi-mam.com\/es\/#\/schema\/logo\/image\/\",\"url\":\"https:\/\/multi-mam.com\/app\/uploads\/sites\/27\/2023\/04\/multi-mam-logotype.png\",\"contentUrl\":\"https:\/\/multi-mam.com\/app\/uploads\/sites\/27\/2023\/04\/multi-mam-logotype.png\",\"width\":70,\"height\":96,\"caption\":\"Multi-Mam\"},\"image\":{\"@id\":\"https:\/\/multi-mam.com\/es\/#\/schema\/logo\/image\/\"}}]}<\/script>\n<!-- \/ Yoast SEO plugin. -->","yoast_head_json":{"title":"Multi-Mam - Multi-Mam","description":"El amor es todo lo que necesitas \u2026y Multi-Mam\u00ae para ti y tu beb\u00e9. Convertirse en madre es un momento muy especial pero tambi\u00e9n puede ser abrumador.","robots":{"index":"index","follow":"follow","max-snippet":"max-snippet:-1","max-image-preview":"max-image-preview:large","max-video-preview":"max-video-preview:-1"},"canonical":"https:\/\/multi-mam.com\/es\/","og_locale":"es_ES","og_type":"article","og_title":"Multi-Mam - Multi-Mam","og_description":"El amor es todo lo que necesitas \u2026y Multi-Mam\u00ae para ti y tu beb\u00e9. Convertirse en madre es un momento muy especial pero tambi\u00e9n puede ser abrumador.","og_url":"https:\/\/multi-mam.com\/es\/","og_site_name":"Multi-Mam","article_modified_time":"2025-04-28T12:48:53+00:00","twitter_card":"summary_large_image","twitter_misc":{"Tiempo de lectura":"1 minuto"},"schema":{"@context":"https:\/\/schema.org","@graph":[{"@type":"WebPage","@id":"https:\/\/multi-mam.com\/es\/","url":"https:\/\/multi-mam.com\/es\/","name":"Multi-Mam - Multi-Mam","isPartOf":{"@id":"https:\/\/multi-mam.com\/es\/#website"},"primaryImageOfPage":{"@id":"https:\/\/multi-mam.com\/es\/#primaryimage"},"image":{"@id":"https:\/\/multi-mam.com\/es\/#primaryimage"},"thumbnailUrl":"https:\/\/multi-mam.com\/app\/uploads\/sites\/2\/2022\/06\/MultiMamCompressesBalmINTA01-1024x582.png","datePublished":"2023-04-20T08:28:51+00:00","dateModified":"2025-04-28T12:48:53+00:00","description":"El amor es todo lo que necesitas \u2026y Multi-Mam\u00ae para ti y tu beb\u00e9. Convertirse en madre es un momento muy especial pero tambi\u00e9n puede ser abrumador.","breadcrumb":{"@id":"https:\/\/multi-mam.com\/es\/#breadcrumb"},"inLanguage":"es","potentialAction":[{"@type":"ReadAction","target":["https:\/\/multi-mam.com\/es\/"]}]},{"@type":"ImageObject","inLanguage":"es","@id":"https:\/\/multi-mam.com\/es\/#primaryimage","url":"https:\/\/multi-mam.com\/app\/uploads\/sites\/2\/2022\/06\/MultiMamCompressesBalmINTA01-1024x582.png","contentUrl":"https:\/\/multi-mam.com\/app\/uploads\/sites\/2\/2022\/06\/MultiMamCompressesBalmINTA01-1024x582.png"},{"@type":"BreadcrumbList","@id":"https:\/\/multi-mam.com\/es\/#breadcrumb","itemListElement":[{"@type":"ListItem","position":1,"name":"Home","item":"https:\/\/multi-mam.com\/es\/"},{"@type":"ListItem","position":2,"name":"Multi-Mam"}]},{"@type":"WebSite","@id":"https:\/\/multi-mam.com\/es\/#website","url":"https:\/\/multi-mam.com\/es\/","name":"Multi-Mam","description":"","publisher":{"@id":"https:\/\/multi-mam.com\/es\/#organization"},"potentialAction":[{"@type":"SearchAction","target":{"@type":"EntryPoint","urlTemplate":"https:\/\/multi-mam.com\/es\/?s={search_term_string}"},"query-input":{"@type":"PropertyValueSpecification","valueRequired":true,"valueName":"search_term_string"}}],"inLanguage":"es"},{"@type":"Organization","@id":"https:\/\/multi-mam.com\/es\/#organization","name":"Multi-Mam","url":"https:\/\/multi-mam.com\/es\/","logo":{"@type":"ImageObject","inLanguage":"es","@id":"https:\/\/multi-mam.com\/es\/#\/schema\/logo\/image\/","url":"https:\/\/multi-mam.com\/app\/uploads\/sites\/27\/2023\/04\/multi-mam-logotype.png","contentUrl":"https:\/\/multi-mam.com\/app\/uploads\/sites\/27\/2023\/04\/multi-mam-logotype.png","width":70,"height":96,"caption":"Multi-Mam"},"image":{"@id":"https:\/\/multi-mam.com\/es\/#\/schema\/logo\/image\/"}}]}},"_links":{"self":[{"href":"https:\/\/multi-mam.com\/es\/wp-json\/wp\/v2\/pages\/7","targetHints":{"allow":["GET"]}}],"collection":[{"href":"https:\/\/multi-mam.com\/es\/wp-json\/wp\/v2\/pages"}],"about":[{"href":"https:\/\/multi-mam.com\/es\/wp-json\/wp\/v2\/types\/page"}],"author":[{"embeddable":true,"href":"https:\/\/multi-mam.com\/es\/wp-json\/wp\/v2\/users\/2"}],"replies":[{"embeddable":true,"href":"https:\/\/multi-mam.com\/es\/wp-json\/wp\/v2\/comments?post=7"}],"version-history":[{"count":6,"href":"https:\/\/multi-mam.com\/es\/wp-json\/wp\/v2\/pages\/7\/revisions"}],"predecessor-version":[{"id":364,"href":"https:\/\/multi-mam.com\/es\/wp-json\/wp\/v2\/pages\/7\/revisions\/364"}],"wp:attachment":[{"href":"https:\/\/multi-mam.com\/es\/wp-json\/wp\/v2\/media?parent=7"}],"wp:term":[{"taxonomy":"from-article-database","embeddable":true,"href":"https:\/\/multi-mam.com\/es\/wp-json\/wp\/v2\/from-article-database?post=7"}],"curies":[{"name":"wp","href":"https:\/\/api.w.org\/{rel}","templated":true}]}}