{"id":68,"date":"2023-04-20T14:16:30","date_gmt":"2023-04-20T12:16:30","guid":{"rendered":"https:\/\/multi-mam.com\/es\/?page_id=68"},"modified":"2025-04-28T14:48:37","modified_gmt":"2025-04-28T12:48:37","slug":"denticion","status":"publish","type":"page","link":"https:\/\/multi-mam.com\/es\/articulos\/denticion\/","title":{"rendered":"Dentici\u00f3n"},"content":{"rendered":"\n<div class=\"wp-block-karopharma-free-text pt-large pb-large bg-center bg-cover bg-no-repeat  is-style-primary\" style=\"background-image:url()\"><div class=\"free-text-wrapper container max-w-medium text-left\">\n<h1 class=\"wp-block-heading\">Dentici\u00f3n<\/h1>\n<\/div><\/div>\n\n\n\n<div class=\"wp-block-karopharma-free-text pt-medium pb-large bg-center bg-cover bg-no-repeat\" style=\"background-image:url()\"><div class=\"free-text-wrapper container max-w-medium text-left\"><div class=\"menu-nav-list widget widget_nav_menu\">\n            <h3 class=\"widget_title\">Leer art\u00edculos<\/h3>\n                <ul class=\"menu\">\n                            <li class=\"menu-item\">\n                    <a href=\"https:\/\/multi-mam.com\/es\/articulos\/denticion\/5-remedios-para-la-salida-de-los-primeros-dientes-de-tu-bebe-que-funcionan-de-verdad\/\" title=\"5 remedios para la salida de los primeros dientes de tu beb\u00e9 que funcionan de verdad\">5 remedios para la salida de los primeros dientes de tu beb\u00e9 que funcionan de verdad<\/a>\n                <\/li>\n                            <li class=\"menu-item\">\n                    <a href=\"https:\/\/multi-mam.com\/es\/articulos\/denticion\/tabla-sobre-la-denticion-en-el-bebe\/\" title=\"Tabla sobre la dentici\u00f3n en el beb\u00e9\">Tabla sobre la dentici\u00f3n en el beb\u00e9<\/a>\n                <\/li>\n                            <li class=\"menu-item\">\n                    <a href=\"https:\/\/multi-mam.com\/es\/articulos\/denticion\/cuando-dede-empezar-a-lavarse-los-dientes\/\" title=\"Cu\u00e1ndo dede empezar a lavarse los dientes\">Cu\u00e1ndo dede empezar a lavarse los dientes<\/a>\n                <\/li>\n                            <li class=\"menu-item\">\n                    <a href=\"https:\/\/multi-mam.com\/es\/articulos\/denticion\/sintomas-de-los-primeros-dientes\/\" title=\"S\u00edntomas de los primeros dientes\">S\u00edntomas de los primeros dientes<\/a>\n                <\/li>\n                            <li class=\"menu-item\">\n                    <a href=\"https:\/\/multi-mam.com\/es\/articulos\/denticion\/cuando-a-su-bebe-le-aparecen-los-primeros-dientes\/\" title=\"Cuando a su beb\u00e9 le aparecen los primeros dientes\">Cuando a su beb\u00e9 le aparecen los primeros dientes<\/a>\n                <\/li>\n                            <li class=\"menu-item\">\n                    <a href=\"https:\/\/multi-mam.com\/es\/articulos\/denticion\/juguetes-mordedores\/\" title=\"Juguetes mordedores\">Juguetes mordedores<\/a>\n                <\/li>\n                            <li class=\"menu-item\">\n                    <a href=\"https:\/\/multi-mam.com\/es\/articulos\/denticion\/hay-una-relacion-entre-denticion-y-erupcion-del-panal\/\" title=\"Hay una relaci\u00f3n entre dentici\u00f3n y erupci\u00f3n del pa\u00f1al?\">Hay una relaci\u00f3n entre dentici\u00f3n y erupci\u00f3n del pa\u00f1al?<\/a>\n                <\/li>\n                            <li class=\"menu-item\">\n                    <a href=\"https:\/\/multi-mam.com\/es\/articulos\/denticion\/remedios-para-la-denticion\/\" title=\"Remedios para la dentici\u00f3n\">Remedios para la dentici\u00f3n<\/a>\n                <\/li>\n                            <li class=\"menu-item\">\n                    <a href=\"https:\/\/multi-mam.com\/es\/articulos\/denticion\/problemas-en-la-denticion\/\" title=\"Problemas en la dentici\u00f3n\">Problemas en la dentici\u00f3n<\/a>\n                <\/li>\n                            <li class=\"menu-item\">\n                    <a href=\"https:\/\/multi-mam.com\/es\/articulos\/denticion\/signos-de-los-primeros-dientes\/\" title=\"Signos de los primeros dientes\">Signos de los primeros dientes<\/a>\n                <\/li>\n                            <li class=\"menu-item\">\n                    <a href=\"https:\/\/multi-mam.com\/es\/articulos\/denticion\/puede-la-denticion-ser-causa-de-fiebre\/\" title=\"\u00bfPuede la dentici\u00f3n ser causa de fiebre?\">\u00bfPuede la dentici\u00f3n ser causa de fiebre?<\/a>\n                <\/li>\n                    <\/ul>\n    <\/div>\n<\/div><\/div>\n","protected":false},"excerpt":{"rendered":"","protected":false},"author":2,"featured_media":0,"parent":26,"menu_order":1,"comment_status":"closed","ping_status":"closed","template":"","meta":{"_acf_changed":false,"footnotes":""},"from-article-database":[],"class_list":["post-68","page","type-page","status-publish","hentry"],"acf":[],"yoast_head":"<!-- This site is optimized with the Yoast SEO plugin v26.6 - https:\/\/yoast.com\/wordpress\/plugins\/seo\/ -->\n<title>Dentici\u00f3n - Multi-Mam<\/title>\n<meta name=\"description\" content=\"Leer art\u00edculos sobre dentici\u00f3n\" \/>\n<meta name=\"robots\" content=\"index, follow, max-snippet:-1, max-image-preview:large, max-video-preview:-1\" \/>\n<link rel=\"canonical\" href=\"https:\/\/multi-mam.com\/es\/articulos\/denticion\/\" \/>\n<meta property=\"og:locale\" content=\"es_ES\" \/>\n<meta property=\"og:type\" content=\"article\" \/>\n<meta property=\"og:title\" content=\"Dentici\u00f3n - Multi-Mam\" \/>\n<meta property=\"og:description\" content=\"Leer art\u00edculos sobre dentici\u00f3n\" \/>\n<meta property=\"og:url\" content=\"https:\/\/multi-mam.com\/es\/articulos\/denticion\/\" \/>\n<meta property=\"og:site_name\" content=\"Multi-Mam\" \/>\n<meta property=\"article:modified_time\" content=\"2025-04-28T12:48:37+00:00\" \/>\n<meta name=\"twitter:card\" content=\"summary_large_image\" \/>\n<meta name=\"twitter:label1\" content=\"Tiempo de lectura\" \/>\n\t<meta name=\"twitter:data1\" content=\"1 minuto\" \/>\n<script type=\"application\/ld+json\" class=\"yoast-schema-graph\">{\"@context\":\"https:\/\/schema.org\",\"@graph\":[{\"@type\":\"WebPage\",\"@id\":\"https:\/\/multi-mam.com\/es\/articulos\/denticion\/\",\"url\":\"https:\/\/multi-mam.com\/es\/articulos\/denticion\/\",\"name\":\"Dentici\u00f3n - Multi-Mam\",\"isPartOf\":{\"@id\":\"https:\/\/multi-mam.com\/es\/#website\"},\"datePublished\":\"2023-04-20T12:16:30+00:00\",\"dateModified\":\"2025-04-28T12:48:37+00:00\",\"description\":\"Leer art\u00edculos sobre dentici\u00f3n\",\"breadcrumb\":{\"@id\":\"https:\/\/multi-mam.com\/es\/articulos\/denticion\/#breadcrumb\"},\"inLanguage\":\"es\",\"potentialAction\":[{\"@type\":\"ReadAction\",\"target\":[\"https:\/\/multi-mam.com\/es\/articulos\/denticion\/\"]}]},{\"@type\":\"BreadcrumbList\",\"@id\":\"https:\/\/multi-mam.com\/es\/articulos\/denticion\/#breadcrumb\",\"itemListElement\":[{\"@type\":\"ListItem\",\"position\":1,\"name\":\"Home\",\"item\":\"https:\/\/multi-mam.com\/es\/\"},{\"@type\":\"ListItem\",\"position\":2,\"name\":\"Art\u00edculos\",\"item\":\"https:\/\/multi-mam.com\/es\/articulos\/\"},{\"@type\":\"ListItem\",\"position\":3,\"name\":\"Dentici\u00f3n\"}]},{\"@type\":\"WebSite\",\"@id\":\"https:\/\/multi-mam.com\/es\/#website\",\"url\":\"https:\/\/multi-mam.com\/es\/\",\"name\":\"Multi-Mam\",\"description\":\"\",\"publisher\":{\"@id\":\"https:\/\/multi-mam.com\/es\/#organization\"},\"potentialAction\":[{\"@type\":\"SearchAction\",\"target\":{\"@type\":\"EntryPoint\",\"urlTemplate\":\"https:\/\/multi-mam.com\/es\/?s={search_term_string}\"},\"query-input\":{\"@type\":\"PropertyValueSpecification\",\"valueRequired\":true,\"valueName\":\"search_term_string\"}}],\"inLanguage\":\"es\"},{\"@type\":\"Organization\",\"@id\":\"https:\/\/multi-mam.com\/es\/#organization\",\"name\":\"Multi-Mam\",\"url\":\"https:\/\/multi-mam.com\/es\/\",\"logo\":{\"@type\":\"ImageObject\",\"inLanguage\":\"es\",\"@id\":\"https:\/\/multi-mam.com\/es\/#\/schema\/logo\/image\/\",\"url\":\"https:\/\/multi-mam.com\/app\/uploads\/sites\/27\/2023\/04\/multi-mam-logotype.png\",\"contentUrl\":\"https:\/\/multi-mam.com\/app\/uploads\/sites\/27\/2023\/04\/multi-mam-logotype.png\",\"width\":70,\"height\":96,\"caption\":\"Multi-Mam\"},\"image\":{\"@id\":\"https:\/\/multi-mam.com\/es\/#\/schema\/logo\/image\/\"}}]}<\/script>\n<!-- \/ Yoast SEO plugin. -->","yoast_head_json":{"title":"Dentici\u00f3n - Multi-Mam","description":"Leer art\u00edculos sobre dentici\u00f3n","robots":{"index":"index","follow":"follow","max-snippet":"max-snippet:-1","max-image-preview":"max-image-preview:large","max-video-preview":"max-video-preview:-1"},"canonical":"https:\/\/multi-mam.com\/es\/articulos\/denticion\/","og_locale":"es_ES","og_type":"article","og_title":"Dentici\u00f3n - Multi-Mam","og_description":"Leer art\u00edculos sobre dentici\u00f3n","og_url":"https:\/\/multi-mam.com\/es\/articulos\/denticion\/","og_site_name":"Multi-Mam","article_modified_time":"2025-04-28T12:48:37+00:00","twitter_card":"summary_large_image","twitter_misc":{"Tiempo de lectura":"1 minuto"},"schema":{"@context":"https:\/\/schema.org","@graph":[{"@type":"WebPage","@id":"https:\/\/multi-mam.com\/es\/articulos\/denticion\/","url":"https:\/\/multi-mam.com\/es\/articulos\/denticion\/","name":"Dentici\u00f3n - Multi-Mam","isPartOf":{"@id":"https:\/\/multi-mam.com\/es\/#website"},"datePublished":"2023-04-20T12:16:30+00:00","dateModified":"2025-04-28T12:48:37+00:00","description":"Leer art\u00edculos sobre dentici\u00f3n","breadcrumb":{"@id":"https:\/\/multi-mam.com\/es\/articulos\/denticion\/#breadcrumb"},"inLanguage":"es","potentialAction":[{"@type":"ReadAction","target":["https:\/\/multi-mam.com\/es\/articulos\/denticion\/"]}]},{"@type":"BreadcrumbList","@id":"https:\/\/multi-mam.com\/es\/articulos\/denticion\/#breadcrumb","itemListElement":[{"@type":"ListItem","position":1,"name":"Home","item":"https:\/\/multi-mam.com\/es\/"},{"@type":"ListItem","position":2,"name":"Art\u00edculos","item":"https:\/\/multi-mam.com\/es\/articulos\/"},{"@type":"ListItem","position":3,"name":"Dentici\u00f3n"}]},{"@type":"WebSite","@id":"https:\/\/multi-mam.com\/es\/#website","url":"https:\/\/multi-mam.com\/es\/","name":"Multi-Mam","description":"","publisher":{"@id":"https:\/\/multi-mam.com\/es\/#organization"},"potentialAction":[{"@type":"SearchAction","target":{"@type":"EntryPoint","urlTemplate":"https:\/\/multi-mam.com\/es\/?s={search_term_string}"},"query-input":{"@type":"PropertyValueSpecification","valueRequired":true,"valueName":"search_term_string"}}],"inLanguage":"es"},{"@type":"Organization","@id":"https:\/\/multi-mam.com\/es\/#organization","name":"Multi-Mam","url":"https:\/\/multi-mam.com\/es\/","logo":{"@type":"ImageObject","inLanguage":"es","@id":"https:\/\/multi-mam.com\/es\/#\/schema\/logo\/image\/","url":"https:\/\/multi-mam.com\/app\/uploads\/sites\/27\/2023\/04\/multi-mam-logotype.png","contentUrl":"https:\/\/multi-mam.com\/app\/uploads\/sites\/27\/2023\/04\/multi-mam-logotype.png","width":70,"height":96,"caption":"Multi-Mam"},"image":{"@id":"https:\/\/multi-mam.com\/es\/#\/schema\/logo\/image\/"}}]}},"_links":{"self":[{"href":"https:\/\/multi-mam.com\/es\/wp-json\/wp\/v2\/pages\/68","targetHints":{"allow":["GET"]}}],"collection":[{"href":"https:\/\/multi-mam.com\/es\/wp-json\/wp\/v2\/pages"}],"about":[{"href":"https:\/\/multi-mam.com\/es\/wp-json\/wp\/v2\/types\/page"}],"author":[{"embeddable":true,"href":"https:\/\/multi-mam.com\/es\/wp-json\/wp\/v2\/users\/2"}],"replies":[{"embeddable":true,"href":"https:\/\/multi-mam.com\/es\/wp-json\/wp\/v2\/comments?post=68"}],"version-history":[{"count":2,"href":"https:\/\/multi-mam.com\/es\/wp-json\/wp\/v2\/pages\/68\/revisions"}],"predecessor-version":[{"id":249,"href":"https:\/\/multi-mam.com\/es\/wp-json\/wp\/v2\/pages\/68\/revisions\/249"}],"up":[{"embeddable":true,"href":"https:\/\/multi-mam.com\/es\/wp-json\/wp\/v2\/pages\/26"}],"wp:attachment":[{"href":"https:\/\/multi-mam.com\/es\/wp-json\/wp\/v2\/media?parent=68"}],"wp:term":[{"taxonomy":"from-article-database","embeddable":true,"href":"https:\/\/multi-mam.com\/es\/wp-json\/wp\/v2\/from-article-database?post=68"}],"curies":[{"name":"wp","href":"https:\/\/api.w.org\/{rel}","templated":true}]}}