{"id":26,"date":"2023-04-20T10:40:15","date_gmt":"2023-04-20T08:40:15","guid":{"rendered":"https:\/\/multi-mam.com\/es\/?page_id=26"},"modified":"2025-04-28T14:48:45","modified_gmt":"2025-04-28T12:48:45","slug":"articulos","status":"publish","type":"page","link":"https:\/\/multi-mam.com\/es\/articulos\/","title":{"rendered":"Art\u00edculos"},"content":{"rendered":"\n<div class=\"wp-block-karopharma-free-text pt-large pb-large bg-center bg-cover bg-no-repeat  is-style-primary\" style=\"background-image:url()\"><div class=\"free-text-wrapper container max-w-medium text-left\">\n<h1 class=\"wp-block-heading\">Art\u00edculos<\/h1>\n\n\n\n<p>Ser mam\u00e1 puede ser emocionante y todo un desaf\u00edo. Las madres saben que la lactancia es buena para la salud del beb\u00e9 y su propio bienestar es el factor m\u00e1s importante a la hora de continuar dando el pecho. Aqu\u00ed encontrar\u00e1 art\u00edculos \u00fatiles sobre c\u00f3mo reducir el estr\u00e9s y hacer de la lactancia el periodo lo m\u00e1s c\u00f3modo posible para usted y su beb\u00e9..<\/p>\n\n\n\n<p>El sufrimiento del beb\u00e9 durante la aparici\u00f3n de los primeros dientes puede ser una fase dif\u00edcil tambi\u00e9n para los pradres, le ofrecemos una serie de consejos sobre c\u00f3mo reducir las molestias e informaci\u00f3n \u00fatil sobre el desarrollo de los dientes y el abandono de la lactancia.<\/p>\n<\/div><\/div>\n\n\n\n<div class=\"wp-block-karopharma-free-text pt-medium pb-large bg-center bg-cover bg-no-repeat\" style=\"background-image:url()\"><div class=\"free-text-wrapper container max-w-medium text-left\"><div class=\"menu-nav-list widget widget_nav_menu\">\n            <h3 class=\"widget_title\">Dentici\u00f3n<\/h3>\n                <ul class=\"menu\">\n                            <li class=\"menu-item\">\n                    <a href=\"https:\/\/multi-mam.com\/es\/articulos\/denticion\/5-remedios-para-la-salida-de-los-primeros-dientes-de-tu-bebe-que-funcionan-de-verdad\/\" title=\"5 remedios para la salida de los primeros dientes de tu beb\u00e9 que funcionan de verdad\">5 remedios para la salida de los primeros dientes de tu beb\u00e9 que funcionan de verdad<\/a>\n                <\/li>\n                            <li class=\"menu-item\">\n                    <a href=\"https:\/\/multi-mam.com\/es\/articulos\/denticion\/tabla-sobre-la-denticion-en-el-bebe\/\" title=\"Tabla sobre la dentici\u00f3n en el beb\u00e9\">Tabla sobre la dentici\u00f3n en el beb\u00e9<\/a>\n                <\/li>\n                            <li class=\"menu-item\">\n                    <a href=\"https:\/\/multi-mam.com\/es\/articulos\/denticion\/cuando-dede-empezar-a-lavarse-los-dientes\/\" title=\"Cu\u00e1ndo dede empezar a lavarse los dientes\">Cu\u00e1ndo dede empezar a lavarse los dientes<\/a>\n                <\/li>\n                            <li class=\"menu-item\">\n                    <a href=\"https:\/\/multi-mam.com\/es\/articulos\/denticion\/sintomas-de-los-primeros-dientes\/\" title=\"S\u00edntomas de los primeros dientes\">S\u00edntomas de los primeros dientes<\/a>\n                <\/li>\n                            <li class=\"menu-item\">\n                    <a href=\"https:\/\/multi-mam.com\/es\/articulos\/denticion\/cuando-a-su-bebe-le-aparecen-los-primeros-dientes\/\" title=\"Cuando a su beb\u00e9 le aparecen los primeros dientes\">Cuando a su beb\u00e9 le aparecen los primeros dientes<\/a>\n                <\/li>\n                            <li class=\"menu-item\">\n                    <a href=\"https:\/\/multi-mam.com\/es\/articulos\/denticion\/juguetes-mordedores\/\" title=\"Juguetes mordedores\">Juguetes mordedores<\/a>\n                <\/li>\n                            <li class=\"menu-item\">\n                    <a href=\"https:\/\/multi-mam.com\/es\/articulos\/denticion\/hay-una-relacion-entre-denticion-y-erupcion-del-panal\/\" title=\"Hay una relaci\u00f3n entre dentici\u00f3n y erupci\u00f3n del pa\u00f1al?\">Hay una relaci\u00f3n entre dentici\u00f3n y erupci\u00f3n del pa\u00f1al?<\/a>\n                <\/li>\n                            <li class=\"menu-item\">\n                    <a href=\"https:\/\/multi-mam.com\/es\/articulos\/denticion\/remedios-para-la-denticion\/\" title=\"Remedios para la dentici\u00f3n\">Remedios para la dentici\u00f3n<\/a>\n                <\/li>\n                            <li class=\"menu-item\">\n                    <a href=\"https:\/\/multi-mam.com\/es\/articulos\/denticion\/problemas-en-la-denticion\/\" title=\"Problemas en la dentici\u00f3n\">Problemas en la dentici\u00f3n<\/a>\n                <\/li>\n                            <li class=\"menu-item\">\n                    <a href=\"https:\/\/multi-mam.com\/es\/articulos\/denticion\/signos-de-los-primeros-dientes\/\" title=\"Signos de los primeros dientes\">Signos de los primeros dientes<\/a>\n                <\/li>\n                            <li class=\"menu-item\">\n                    <a href=\"https:\/\/multi-mam.com\/es\/articulos\/denticion\/puede-la-denticion-ser-causa-de-fiebre\/\" title=\"\u00bfPuede la dentici\u00f3n ser causa de fiebre?\">\u00bfPuede la dentici\u00f3n ser causa de fiebre?<\/a>\n                <\/li>\n                    <\/ul>\n    <\/div>\n\n\n<div class=\"menu-nav-list widget widget_nav_menu\">\n            <h3 class=\"widget_title\">Lactancia<\/h3>\n                <ul class=\"menu\">\n                            <li class=\"menu-item\">\n                    <a href=\"https:\/\/multi-mam.com\/es\/articulos\/lactancia\/como-aumentar-mi-produccion-de-leche-de-manera-natural\/\" title=\"C\u00f3mo aumentar mi producci\u00f3n de leche de manera natural\">C\u00f3mo aumentar mi producci\u00f3n de leche de manera natural<\/a>\n                <\/li>\n                            <li class=\"menu-item\">\n                    <a href=\"https:\/\/multi-mam.com\/es\/articulos\/lactancia\/que-es-el-reflejo-de-eyeccion-durante-la-lactancia\/\" title=\"\u00bfQu\u00e9 es el reflejo de eyecci\u00f3n durante la lactancia?\">\u00bfQu\u00e9 es el reflejo de eyecci\u00f3n durante la lactancia?<\/a>\n                <\/li>\n                            <li class=\"menu-item\">\n                    <a href=\"https:\/\/multi-mam.com\/es\/articulos\/lactancia\/que-es-un-vasoespasmo-en-el-pezon\/\" title=\"\u00bfQu\u00e9 es un vasoespasmo en el pez\u00f3n?\">\u00bfQu\u00e9 es un vasoespasmo en el pez\u00f3n?<\/a>\n                <\/li>\n                            <li class=\"menu-item\">\n                    <a href=\"https:\/\/multi-mam.com\/es\/articulos\/lactancia\/es-normal-sentir-dolor-durante-la-lactancia\/\" title=\"\u00bfEs normal sentir dolor durante la lactancia?\">\u00bfEs normal sentir dolor durante la lactancia?<\/a>\n                <\/li>\n                            <li class=\"menu-item\">\n                    <a href=\"https:\/\/multi-mam.com\/es\/articulos\/lactancia\/causas-de-dolor-en-la-lactancia\/\" title=\"Causas de dolor en la lactancia\">Causas de dolor en la lactancia<\/a>\n                <\/li>\n                            <li class=\"menu-item\">\n                    <a href=\"https:\/\/multi-mam.com\/es\/articulos\/lactancia\/consejos-para-la-lactancia-materna\/\" title=\"Consejos para la lactancia materna\">Consejos para la lactancia materna<\/a>\n                <\/li>\n                            <li class=\"menu-item\">\n                    <a href=\"https:\/\/multi-mam.com\/es\/articulos\/lactancia\/alcohol-y-lactancia\/\" title=\"Alcohol y Lactancia\">Alcohol y Lactancia<\/a>\n                <\/li>\n                            <li class=\"menu-item\">\n                    <a href=\"https:\/\/multi-mam.com\/es\/articulos\/lactancia\/bebe-que-muerde\/\" title=\"Beb\u00e9 que muerde\">Beb\u00e9 que muerde<\/a>\n                <\/li>\n                            <li class=\"menu-item\">\n                    <a href=\"https:\/\/multi-mam.com\/es\/articulos\/lactancia\/tabla-de-aimentos-el-bebe\/\" title=\"Tabla de aimentos el beb\u00e9\">Tabla de aimentos el beb\u00e9<\/a>\n                <\/li>\n                            <li class=\"menu-item\">\n                    <a href=\"https:\/\/multi-mam.com\/es\/articulos\/lactancia\/los-beneficios-de-la-lactancia\/\" title=\"Los beneficios de la lactancia\">Los beneficios de la lactancia<\/a>\n                <\/li>\n                            <li class=\"menu-item\">\n                    <a href=\"https:\/\/multi-mam.com\/es\/articulos\/lactancia\/dolor-de-pecho-durante-la-lactancia\/\" title=\"Dolor de pecho durante la lactancia\">Dolor de pecho durante la lactancia<\/a>\n                <\/li>\n                            <li class=\"menu-item\">\n                    <a href=\"https:\/\/multi-mam.com\/es\/articulos\/lactancia\/abandono-de-la-lactancia\/\" title=\"Abandono de la lactancia\">Abandono de la lactancia<\/a>\n                <\/li>\n                            <li class=\"menu-item\">\n                    <a href=\"https:\/\/multi-mam.com\/es\/articulos\/lactancia\/reflujo\/\" title=\"Reflujo\">Reflujo<\/a>\n                <\/li>\n                            <li class=\"menu-item\">\n                    <a href=\"https:\/\/multi-mam.com\/es\/articulos\/lactancia\/la-anatomia-del-pecho\/\" title=\"La anatom\u00eda del pecho\">La anatom\u00eda del pecho<\/a>\n                <\/li>\n                            <li class=\"menu-item\">\n                    <a href=\"https:\/\/multi-mam.com\/es\/articulos\/lactancia\/alivio-para-el-dolor-en-la-lactancia\/\" title=\"Alivio para el dolor en la lactancia\">Alivio para el dolor en la lactancia<\/a>\n                <\/li>\n                            <li class=\"menu-item\">\n                    <a href=\"https:\/\/multi-mam.com\/es\/articulos\/lactancia\/cuidado-del-pezon\/\" title=\"Cuidado del pez\u00f3n\">Cuidado del pez\u00f3n<\/a>\n                <\/li>\n                            <li class=\"menu-item\">\n                    <a href=\"https:\/\/multi-mam.com\/es\/articulos\/lactancia\/sacar-leche-materna\/\" title=\"Sacar leche materna\">Sacar leche materna<\/a>\n                <\/li>\n                            <li class=\"menu-item\">\n                    <a href=\"https:\/\/multi-mam.com\/es\/articulos\/lactancia\/conducto-de-leche-obstruido\/\" title=\"Conducto de leche obstru\u00eddo\">Conducto de leche obstru\u00eddo<\/a>\n                <\/li>\n                            <li class=\"menu-item\">\n                    <a href=\"https:\/\/multi-mam.com\/es\/articulos\/lactancia\/lactancia\/\" title=\"Lactancia\">Lactancia<\/a>\n                <\/li>\n                            <li class=\"menu-item\">\n                    <a href=\"https:\/\/multi-mam.com\/es\/articulos\/lactancia\/mastitis\/\" title=\"Mastitis\">Mastitis<\/a>\n                <\/li>\n                            <li class=\"menu-item\">\n                    <a href=\"https:\/\/multi-mam.com\/es\/articulos\/lactancia\/problemas-para-engancharse\/\" title=\"Problemas para engancharse\">Problemas para engancharse<\/a>\n                <\/li>\n                            <li class=\"menu-item\">\n                    <a href=\"https:\/\/multi-mam.com\/es\/articulos\/lactancia\/lactantes\/\" title=\"Lactantes\">Lactantes<\/a>\n                <\/li>\n                            <li class=\"menu-item\">\n                    <a href=\"https:\/\/multi-mam.com\/es\/articulos\/lactancia\/como-detener-la-lactancia\/\" title=\"C\u00f3mo detener la lactancia\">C\u00f3mo detener la lactancia<\/a>\n                <\/li>\n                            <li class=\"menu-item\">\n                    <a href=\"https:\/\/multi-mam.com\/es\/articulos\/lactancia\/como-aumentar-el-flujo-de-leche\/\" title=\"C\u00f3mo aumentar el flujo de leche\">C\u00f3mo aumentar el flujo de leche<\/a>\n                <\/li>\n                            <li class=\"menu-item\">\n                    <a href=\"https:\/\/multi-mam.com\/es\/articulos\/lactancia\/alimentacion-durante-la-lactancia\/\" title=\"Alimentaci\u00f3n durante la Lactancia\">Alimentaci\u00f3n durante la Lactancia<\/a>\n                <\/li>\n                            <li class=\"menu-item\">\n                    <a href=\"https:\/\/multi-mam.com\/es\/articulos\/lactancia\/ingurgitacion\/\" title=\"Ingurgitaci\u00f3n\">Ingurgitaci\u00f3n<\/a>\n                <\/li>\n                            <li class=\"menu-item\">\n                    <a href=\"https:\/\/multi-mam.com\/es\/articulos\/lactancia\/lactancia-en-recien-nacidos\/\" title=\"Lactancia en reci\u00e9n nacidos\">Lactancia en reci\u00e9n nacidos<\/a>\n                <\/li>\n                    <\/ul>\n    <\/div>\n<\/div><\/div>\n","protected":false},"excerpt":{"rendered":"","protected":false},"author":2,"featured_media":0,"parent":0,"menu_order":0,"comment_status":"closed","ping_status":"closed","template":"","meta":{"_acf_changed":false,"footnotes":""},"from-article-database":[],"class_list":["post-26","page","type-page","status-publish","hentry"],"acf":[],"yoast_head":"<!-- This site is optimized with the Yoast SEO plugin v26.6 - https:\/\/yoast.com\/wordpress\/plugins\/seo\/ -->\n<title>Art\u00edculos - Multi-Mam<\/title>\n<meta name=\"description\" content=\"Ser mam\u00e1 puede ser emocionante y todo un desaf\u00edo. Las madres saben que la lactancia es buena para la salud del beb\u00e9 y su propio bienestar es el factor m\u00e1s importante a la hora de continuar dando el pecho.\" \/>\n<meta name=\"robots\" content=\"index, follow, max-snippet:-1, max-image-preview:large, max-video-preview:-1\" \/>\n<link rel=\"canonical\" href=\"https:\/\/multi-mam.com\/es\/articulos\/\" \/>\n<meta property=\"og:locale\" content=\"es_ES\" \/>\n<meta property=\"og:type\" content=\"article\" \/>\n<meta property=\"og:title\" content=\"Art\u00edculos - Multi-Mam\" \/>\n<meta property=\"og:description\" content=\"Ser mam\u00e1 puede ser emocionante y todo un desaf\u00edo. Las madres saben que la lactancia es buena para la salud del beb\u00e9 y su propio bienestar es el factor m\u00e1s importante a la hora de continuar dando el pecho.\" \/>\n<meta property=\"og:url\" content=\"https:\/\/multi-mam.com\/es\/articulos\/\" \/>\n<meta property=\"og:site_name\" content=\"Multi-Mam\" \/>\n<meta property=\"article:modified_time\" content=\"2025-04-28T12:48:45+00:00\" \/>\n<meta name=\"twitter:card\" content=\"summary_large_image\" \/>\n<meta name=\"twitter:label1\" content=\"Tiempo de lectura\" \/>\n\t<meta name=\"twitter:data1\" content=\"1 minuto\" \/>\n<script type=\"application\/ld+json\" class=\"yoast-schema-graph\">{\"@context\":\"https:\/\/schema.org\",\"@graph\":[{\"@type\":\"WebPage\",\"@id\":\"https:\/\/multi-mam.com\/es\/articulos\/\",\"url\":\"https:\/\/multi-mam.com\/es\/articulos\/\",\"name\":\"Art\u00edculos - Multi-Mam\",\"isPartOf\":{\"@id\":\"https:\/\/multi-mam.com\/es\/#website\"},\"datePublished\":\"2023-04-20T08:40:15+00:00\",\"dateModified\":\"2025-04-28T12:48:45+00:00\",\"description\":\"Ser mam\u00e1 puede ser emocionante y todo un desaf\u00edo. Las madres saben que la lactancia es buena para la salud del beb\u00e9 y su propio bienestar es el factor m\u00e1s importante a la hora de continuar dando el pecho.\",\"breadcrumb\":{\"@id\":\"https:\/\/multi-mam.com\/es\/articulos\/#breadcrumb\"},\"inLanguage\":\"es\",\"potentialAction\":[{\"@type\":\"ReadAction\",\"target\":[\"https:\/\/multi-mam.com\/es\/articulos\/\"]}]},{\"@type\":\"BreadcrumbList\",\"@id\":\"https:\/\/multi-mam.com\/es\/articulos\/#breadcrumb\",\"itemListElement\":[{\"@type\":\"ListItem\",\"position\":1,\"name\":\"Home\",\"item\":\"https:\/\/multi-mam.com\/es\/\"},{\"@type\":\"ListItem\",\"position\":2,\"name\":\"Art\u00edculos\"}]},{\"@type\":\"WebSite\",\"@id\":\"https:\/\/multi-mam.com\/es\/#website\",\"url\":\"https:\/\/multi-mam.com\/es\/\",\"name\":\"Multi-Mam\",\"description\":\"\",\"publisher\":{\"@id\":\"https:\/\/multi-mam.com\/es\/#organization\"},\"potentialAction\":[{\"@type\":\"SearchAction\",\"target\":{\"@type\":\"EntryPoint\",\"urlTemplate\":\"https:\/\/multi-mam.com\/es\/?s={search_term_string}\"},\"query-input\":{\"@type\":\"PropertyValueSpecification\",\"valueRequired\":true,\"valueName\":\"search_term_string\"}}],\"inLanguage\":\"es\"},{\"@type\":\"Organization\",\"@id\":\"https:\/\/multi-mam.com\/es\/#organization\",\"name\":\"Multi-Mam\",\"url\":\"https:\/\/multi-mam.com\/es\/\",\"logo\":{\"@type\":\"ImageObject\",\"inLanguage\":\"es\",\"@id\":\"https:\/\/multi-mam.com\/es\/#\/schema\/logo\/image\/\",\"url\":\"https:\/\/multi-mam.com\/app\/uploads\/sites\/27\/2023\/04\/multi-mam-logotype.png\",\"contentUrl\":\"https:\/\/multi-mam.com\/app\/uploads\/sites\/27\/2023\/04\/multi-mam-logotype.png\",\"width\":70,\"height\":96,\"caption\":\"Multi-Mam\"},\"image\":{\"@id\":\"https:\/\/multi-mam.com\/es\/#\/schema\/logo\/image\/\"}}]}<\/script>\n<!-- \/ Yoast SEO plugin. -->","yoast_head_json":{"title":"Art\u00edculos - Multi-Mam","description":"Ser mam\u00e1 puede ser emocionante y todo un desaf\u00edo. Las madres saben que la lactancia es buena para la salud del beb\u00e9 y su propio bienestar es el factor m\u00e1s importante a la hora de continuar dando el pecho.","robots":{"index":"index","follow":"follow","max-snippet":"max-snippet:-1","max-image-preview":"max-image-preview:large","max-video-preview":"max-video-preview:-1"},"canonical":"https:\/\/multi-mam.com\/es\/articulos\/","og_locale":"es_ES","og_type":"article","og_title":"Art\u00edculos - Multi-Mam","og_description":"Ser mam\u00e1 puede ser emocionante y todo un desaf\u00edo. Las madres saben que la lactancia es buena para la salud del beb\u00e9 y su propio bienestar es el factor m\u00e1s importante a la hora de continuar dando el pecho.","og_url":"https:\/\/multi-mam.com\/es\/articulos\/","og_site_name":"Multi-Mam","article_modified_time":"2025-04-28T12:48:45+00:00","twitter_card":"summary_large_image","twitter_misc":{"Tiempo de lectura":"1 minuto"},"schema":{"@context":"https:\/\/schema.org","@graph":[{"@type":"WebPage","@id":"https:\/\/multi-mam.com\/es\/articulos\/","url":"https:\/\/multi-mam.com\/es\/articulos\/","name":"Art\u00edculos - Multi-Mam","isPartOf":{"@id":"https:\/\/multi-mam.com\/es\/#website"},"datePublished":"2023-04-20T08:40:15+00:00","dateModified":"2025-04-28T12:48:45+00:00","description":"Ser mam\u00e1 puede ser emocionante y todo un desaf\u00edo. Las madres saben que la lactancia es buena para la salud del beb\u00e9 y su propio bienestar es el factor m\u00e1s importante a la hora de continuar dando el pecho.","breadcrumb":{"@id":"https:\/\/multi-mam.com\/es\/articulos\/#breadcrumb"},"inLanguage":"es","potentialAction":[{"@type":"ReadAction","target":["https:\/\/multi-mam.com\/es\/articulos\/"]}]},{"@type":"BreadcrumbList","@id":"https:\/\/multi-mam.com\/es\/articulos\/#breadcrumb","itemListElement":[{"@type":"ListItem","position":1,"name":"Home","item":"https:\/\/multi-mam.com\/es\/"},{"@type":"ListItem","position":2,"name":"Art\u00edculos"}]},{"@type":"WebSite","@id":"https:\/\/multi-mam.com\/es\/#website","url":"https:\/\/multi-mam.com\/es\/","name":"Multi-Mam","description":"","publisher":{"@id":"https:\/\/multi-mam.com\/es\/#organization"},"potentialAction":[{"@type":"SearchAction","target":{"@type":"EntryPoint","urlTemplate":"https:\/\/multi-mam.com\/es\/?s={search_term_string}"},"query-input":{"@type":"PropertyValueSpecification","valueRequired":true,"valueName":"search_term_string"}}],"inLanguage":"es"},{"@type":"Organization","@id":"https:\/\/multi-mam.com\/es\/#organization","name":"Multi-Mam","url":"https:\/\/multi-mam.com\/es\/","logo":{"@type":"ImageObject","inLanguage":"es","@id":"https:\/\/multi-mam.com\/es\/#\/schema\/logo\/image\/","url":"https:\/\/multi-mam.com\/app\/uploads\/sites\/27\/2023\/04\/multi-mam-logotype.png","contentUrl":"https:\/\/multi-mam.com\/app\/uploads\/sites\/27\/2023\/04\/multi-mam-logotype.png","width":70,"height":96,"caption":"Multi-Mam"},"image":{"@id":"https:\/\/multi-mam.com\/es\/#\/schema\/logo\/image\/"}}]}},"_links":{"self":[{"href":"https:\/\/multi-mam.com\/es\/wp-json\/wp\/v2\/pages\/26","targetHints":{"allow":["GET"]}}],"collection":[{"href":"https:\/\/multi-mam.com\/es\/wp-json\/wp\/v2\/pages"}],"about":[{"href":"https:\/\/multi-mam.com\/es\/wp-json\/wp\/v2\/types\/page"}],"author":[{"embeddable":true,"href":"https:\/\/multi-mam.com\/es\/wp-json\/wp\/v2\/users\/2"}],"replies":[{"embeddable":true,"href":"https:\/\/multi-mam.com\/es\/wp-json\/wp\/v2\/comments?post=26"}],"version-history":[{"count":5,"href":"https:\/\/multi-mam.com\/es\/wp-json\/wp\/v2\/pages\/26\/revisions"}],"predecessor-version":[{"id":371,"href":"https:\/\/multi-mam.com\/es\/wp-json\/wp\/v2\/pages\/26\/revisions\/371"}],"wp:attachment":[{"href":"https:\/\/multi-mam.com\/es\/wp-json\/wp\/v2\/media?parent=26"}],"wp:term":[{"taxonomy":"from-article-database","embeddable":true,"href":"https:\/\/multi-mam.com\/es\/wp-json\/wp\/v2\/from-article-database?post=26"}],"curies":[{"name":"wp","href":"https:\/\/api.w.org\/{rel}","templated":true}]}}