{"id":24,"date":"2023-04-20T10:39:37","date_gmt":"2023-04-20T08:39:37","guid":{"rendered":"https:\/\/multi-mam.com\/es\/?page_id=24"},"modified":"2025-04-28T14:48:47","modified_gmt":"2025-04-28T12:48:47","slug":"faq","status":"publish","type":"page","link":"https:\/\/multi-mam.com\/es\/faq\/","title":{"rendered":"FAQ"},"content":{"rendered":"\n<div class=\"wp-block-karopharma-background-image-with-text-v2 background-image-with-text-v2 undefined content-position-center fixed-height-layout\" datatest=\"root\"><div class=\"background-image-with-text-wrapper\"><picture class=\"background-image-with-text-image\"><source media=\"(max-width: 560px)\" srcset=\"https:\/\/multi-mam.com\/cdn-cgi\/image\/format=auto,width=560\/app\/uploads\/sites\/27\/2023\/04\/faq.jpeg\"\/><source media=\"(max-width: 800px)\" srcset=\"https:\/\/multi-mam.com\/cdn-cgi\/image\/format=auto,width=800\/app\/uploads\/sites\/27\/2023\/04\/faq.jpeg\"\/><source media=\"(max-width: 1920px)\" srcset=\"https:\/\/multi-mam.com\/cdn-cgi\/image\/format=auto,width=1920\/app\/uploads\/sites\/27\/2023\/04\/faq.jpeg\"\/><img decoding=\"async\" width=\"1400\" height=\"933\" datatest=\"background-image\" loading=\"lazy\" class=\"object-center object-cover\" src=\"https:\/\/multi-mam.com\/cdn-cgi\/image\/format=auto\/app\/uploads\/sites\/27\/2023\/04\/faq.jpeg\" alt=\"faq\"\/><\/picture><div datatest=\"content-wrapper\" class=\"background-image-with-text-content-wrapper container max-w-medium text-alignment-left  pt-large pb-large\"><div class=\"content\"><h1 datatest=\"heading\" class=\"\">FAQ<\/h1>\n<div class=\"wp-block-buttons is-layout-flex wp-block-buttons-is-layout-flex\"><\/div>\n<\/div><\/div><\/div><\/div>\n\n\n\n<div class=\"wp-block-karopharma-accordions\"><div class=\"container\">\n<details class=\"wp-block-karopharma-accordion\"><summary><h2 class=\"accordion-title\">\u00bfDeber\u00eda retirar Multi-Mam B\u00e1lsamo antes de dar el pecho?<\/h2><\/summary><div class=\"accordion-content\">\n<p>No, es inocuo si se ingiere y tiene un sabor y olor neutro. Se recomienda especialmente aplicar el b\u00e1lsamo justo despu\u00e9s de dar el pecho \u2013 si se aplica justo antes de dar el pecho, puede dificultar el enganche de su beb\u00e9.<\/p>\n<\/div><\/details>\n\n\n\n<details class=\"wp-block-karopharma-accordion\"><summary><h2 class=\"accordion-title\">\u00bfCon qu\u00e9 frecuencia deber\u00eda utilizar Multi-Mam B\u00e1lsamo?<\/h2><\/summary><div class=\"accordion-content\">\n<p>Tan a menudo como desee. Se recomienda especialmente aplicar el b\u00e1lsamo justo despu\u00e9s de dar el pecho \u2013 si se aplica justo antes de dar el pecho, puede dificultar el enganche de su beb\u00e9.<\/p>\n<\/div><\/details>\n\n\n\n<details class=\"wp-block-karopharma-accordion\"><summary><h2 class=\"accordion-title\">\u00bfC\u00faal es la diferencia entre Multi-Mam B\u00e1lsamo y Multi-Mam Lanolina?<\/h2><\/summary><div class=\"accordion-content\">\n<p>Multi-Mam B\u00e1lsamo contiene una selecci\u00f3n de aceites vegetales. Es una alternativa de base vegetal a la lanolina, que contiene lana grasa natural.<\/p>\n<\/div><\/details>\n\n\n\n<details class=\"wp-block-karopharma-accordion\"><summary><h2 class=\"accordion-title\">Sufro cont\u00ednuamente de pezones agrietados, lo que es muy doloroso. \u00bfQu\u00e9 puedo hacer?<\/h2><\/summary><div class=\"accordion-content\">\n<p>La mejor soluci\u00f3n es utilizar compresas inicialmente para tratar las grietas, ya que favorecen la curaci\u00f3n. Para prevenir las grietas y suavizar la piel, puede utilizar una pomada. Multi-Mam B\u00e1lsamo es una pomada que refuerza y condiciona el tejido de la piel. A base de ingredientes vegetales, tiene un sabor neutro y es inocuo si se ingiere, por lo que proporciona una protecci\u00f3n \u00f3ptima durante la lactancia y en todo el d\u00eda.<\/p>\n<\/div><\/details>\n\n\n\n<details class=\"wp-block-karopharma-accordion\"><summary><h2 class=\"accordion-title\">\u00bfCu\u00e1les son las causas de los problemas en el pez\u00f3n?<\/h2><\/summary><div class=\"accordion-content\">\n<p>La mayor\u00eda de molestias en el pez\u00f3n son consecuencia de un mal enganche; es importante que la parte m\u00e1s sensible del tejido del pez\u00f3n se introduzca profundamente en la boca de su beb\u00e9. Utilizar productos que disminuyen la protecci\u00f3n natural de la piel, como jabones y champ\u00fas, tambi\u00e9n puede ocasionar grietas en los pezones. Finalmente, las infecciones por levaduras, eczema, o una tendencia a tener la piel seca son causas potencias de problemas en el pez\u00f3n.<\/p>\n<\/div><\/details>\n\n\n\n<details class=\"wp-block-karopharma-accordion\"><summary><h2 class=\"accordion-title\">\u00bfCu\u00e1ndo deber\u00eda usar las Compresas, antes o despu\u00e9s de dar el pecho?<\/h2><\/summary><div class=\"accordion-content\">\n<p>Se recomienda utilizar una Compresa justo despu\u00e9s de dar el pecho \u2013 si se utiliza justo antes, la humedad puede dificultar que su beb\u00e9 se enganche correctamente.<\/p>\n<\/div><\/details>\n\n\n\n<details class=\"wp-block-karopharma-accordion\"><summary><h2 class=\"accordion-title\">\u00bfCu\u00e1nto tiempo deber\u00eda mantener una Compresa sobre el pecho?<\/h2><\/summary><div class=\"accordion-content\">\n<p>Preferiblemente durante 30 minutos; pero como m\u00ednimo 10 minutos y como m\u00e1ximo 1 hora.<\/p>\n<\/div><\/details>\n\n\n\n<details class=\"wp-block-karopharma-accordion\"><summary><h2 class=\"accordion-title\">\u00bfCu\u00e1ntas veces puedo utilizar una Compresa?<\/h2><\/summary><div class=\"accordion-content\">\n<p>Cada Compresa es de un solo uso. Se debe desechar despu\u00e9s de su uso por razons higi\u00e9nicas.<\/p>\n<\/div><\/details>\n\n\n\n<details class=\"wp-block-karopharma-accordion\"><summary><h2 class=\"accordion-title\">No tengo ning\u00fan problema todav\u00eda. \u00bfEs bueno utilizar las Compresas como prevenci\u00f3n?<\/h2><\/summary><div class=\"accordion-content\">\n<p>S\u00ed, si le duelen los pezones despu\u00e9s de dar el pecho las Compresas ofrecen alivio. Si quiere utilizar un producto especial para prevenci\u00f3n, le recomedamos utilizar una pomada o b\u00e1lsamo como Multi-Mam B\u00e1lsamo o Multi-Mam Lanolina. Debido al enganche y succi\u00f3n, la grasa protectora natural es eliminada. Con una pomada o b\u00e1lsamo reemplaza esta grasa que proporciona protecci\u00f3n.<\/p>\n<\/div><\/details>\n\n\n\n<details class=\"wp-block-karopharma-accordion\"><summary><h2 class=\"accordion-title\">Si mi beb\u00e9 ingiere algo de gel de la Compresa, \u00bfpuede ser perjudicial?<\/h2><\/summary><div class=\"accordion-content\">\n<p>No, este gel es seguro e inocuo para su beb\u00e9. No necesita retirar el exceso de gel antes de dar el pecho.<\/p>\n<\/div><\/details>\n\n\n\n<details class=\"wp-block-karopharma-accordion\"><summary><h2 class=\"accordion-title\">\u00bfDeber\u00eda reitrar Multi-Mam Lanolina antes de dar el pecho?<\/h2><\/summary><div class=\"accordion-content\">\n<p>No, es inocuo si se ingiere y tiene un sabor y olor neutro. Se recomienda especialmente aplicar el b\u00e1lsamo justo despu\u00e9s de dar el pecho \u2013 si se aplica justo antes de dar el pecho, puede dificultar el enganche de su beb\u00e9.<\/p>\n<\/div><\/details>\n\n\n\n<details class=\"wp-block-karopharma-accordion\"><summary><h2 class=\"accordion-title\">\u00bfCon qu\u00e9 frecuencia deber\u00eda utilizar Multi-Mam Lanolina?<\/h2><\/summary><div class=\"accordion-content\">\n<p>Tan a menudo como desee. Para una protecci\u00f3n \u00f3ptima, utilice Multi-Mam Lanolina al menos dos veces al d\u00eda.<\/p>\n<\/div><\/details>\n\n\n\n<details class=\"wp-block-karopharma-accordion\"><summary><h2 class=\"accordion-title\">\u00bfCu\u00e1l es la mejor manera de aplicar Multi-Mam Lanolina?<\/h2><\/summary><div class=\"accordion-content\">\n<p>Masajee entre sus dedos una peque\u00f1a cantidad de Multi-Mam Lanolina y aplique en el \u00e1rea completa del pez\u00f3n. Puede ser de ayuda amasar suavemente el tubo o calentarlo entre sus manos antes de utilizarlo.<\/p>\n<\/div><\/details>\n\n\n\n<details class=\"wp-block-karopharma-accordion\"><summary><h2 class=\"accordion-title\">\u00bfC\u00faal es la diferencia entre Multi-Mam Lanolina y Multi-Mam B\u00e1lsamo?<\/h2><\/summary><div class=\"accordion-content\">\n<p>Lanolina est\u00e1 compuesta de lana grasa natural pura. Multi-Mam B\u00e1lsamo es una alternativa vegetal a base de una selecci\u00f3n de aceites vegetales. El b\u00e1lsamo es m\u00e1s blando y por lo tanto, m\u00e1s f\u00e1cil de aplicar.<\/p>\n<\/div><\/details>\n<\/div><\/div>\n","protected":false},"excerpt":{"rendered":"","protected":false},"author":2,"featured_media":0,"parent":0,"menu_order":0,"comment_status":"closed","ping_status":"closed","template":"","meta":{"_acf_changed":false,"footnotes":""},"from-article-database":[],"class_list":["post-24","page","type-page","status-publish","hentry"],"acf":[],"yoast_head":"<!-- This site is optimized with the Yoast SEO plugin v26.6 - https:\/\/yoast.com\/wordpress\/plugins\/seo\/ -->\n<title>FAQ - Multi-Mam<\/title>\n<meta name=\"description\" content=\"FAQ - \u00bfDeber\u00eda retirar Multi-Mam B\u00e1lsamo antes de dar el pecho? \u00bfCu\u00e1ndo deber\u00eda usar las Compresas, antes o despu\u00e9s de dar el pecho?\" \/>\n<meta name=\"robots\" content=\"index, follow, max-snippet:-1, max-image-preview:large, max-video-preview:-1\" \/>\n<link rel=\"canonical\" href=\"https:\/\/multi-mam.com\/es\/faq\/\" \/>\n<meta property=\"og:locale\" content=\"es_ES\" \/>\n<meta property=\"og:type\" content=\"article\" \/>\n<meta property=\"og:title\" content=\"FAQ - Multi-Mam\" \/>\n<meta property=\"og:description\" content=\"FAQ - \u00bfDeber\u00eda retirar Multi-Mam B\u00e1lsamo antes de dar el pecho? \u00bfCu\u00e1ndo deber\u00eda usar las Compresas, antes o despu\u00e9s de dar el pecho?\" \/>\n<meta property=\"og:url\" content=\"https:\/\/multi-mam.com\/es\/faq\/\" \/>\n<meta property=\"og:site_name\" content=\"Multi-Mam\" \/>\n<meta property=\"article:modified_time\" content=\"2025-04-28T12:48:47+00:00\" \/>\n<meta property=\"og:image\" content=\"https:\/\/multi-mam.com\/cdn-cgi\/image\/format=auto\/app\/uploads\/sites\/27\/2023\/04\/faq.jpeg\" \/>\n<meta name=\"twitter:card\" content=\"summary_large_image\" \/>\n<meta name=\"twitter:label1\" content=\"Tiempo de lectura\" \/>\n\t<meta name=\"twitter:data1\" content=\"4 minutos\" \/>\n<script type=\"application\/ld+json\" class=\"yoast-schema-graph\">{\"@context\":\"https:\/\/schema.org\",\"@graph\":[{\"@type\":\"WebPage\",\"@id\":\"https:\/\/multi-mam.com\/es\/faq\/\",\"url\":\"https:\/\/multi-mam.com\/es\/faq\/\",\"name\":\"FAQ - Multi-Mam\",\"isPartOf\":{\"@id\":\"https:\/\/multi-mam.com\/es\/#website\"},\"primaryImageOfPage\":{\"@id\":\"https:\/\/multi-mam.com\/es\/faq\/#primaryimage\"},\"image\":{\"@id\":\"https:\/\/multi-mam.com\/es\/faq\/#primaryimage\"},\"thumbnailUrl\":\"https:\/\/multi-mam.com\/cdn-cgi\/image\/format=auto\/app\/uploads\/sites\/27\/2023\/04\/faq.jpeg\",\"datePublished\":\"2023-04-20T08:39:37+00:00\",\"dateModified\":\"2025-04-28T12:48:47+00:00\",\"description\":\"FAQ - \u00bfDeber\u00eda retirar Multi-Mam B\u00e1lsamo antes de dar el pecho? \u00bfCu\u00e1ndo deber\u00eda usar las Compresas, antes o despu\u00e9s de dar el pecho?\",\"breadcrumb\":{\"@id\":\"https:\/\/multi-mam.com\/es\/faq\/#breadcrumb\"},\"inLanguage\":\"es\",\"potentialAction\":[{\"@type\":\"ReadAction\",\"target\":[\"https:\/\/multi-mam.com\/es\/faq\/\"]}]},{\"@type\":\"ImageObject\",\"inLanguage\":\"es\",\"@id\":\"https:\/\/multi-mam.com\/es\/faq\/#primaryimage\",\"url\":\"https:\/\/multi-mam.com\/cdn-cgi\/image\/format=auto\/app\/uploads\/sites\/27\/2023\/04\/faq.jpeg\",\"contentUrl\":\"https:\/\/multi-mam.com\/cdn-cgi\/image\/format=auto\/app\/uploads\/sites\/27\/2023\/04\/faq.jpeg\"},{\"@type\":\"BreadcrumbList\",\"@id\":\"https:\/\/multi-mam.com\/es\/faq\/#breadcrumb\",\"itemListElement\":[{\"@type\":\"ListItem\",\"position\":1,\"name\":\"Home\",\"item\":\"https:\/\/multi-mam.com\/es\/\"},{\"@type\":\"ListItem\",\"position\":2,\"name\":\"FAQ\"}]},{\"@type\":\"WebSite\",\"@id\":\"https:\/\/multi-mam.com\/es\/#website\",\"url\":\"https:\/\/multi-mam.com\/es\/\",\"name\":\"Multi-Mam\",\"description\":\"\",\"publisher\":{\"@id\":\"https:\/\/multi-mam.com\/es\/#organization\"},\"potentialAction\":[{\"@type\":\"SearchAction\",\"target\":{\"@type\":\"EntryPoint\",\"urlTemplate\":\"https:\/\/multi-mam.com\/es\/?s={search_term_string}\"},\"query-input\":{\"@type\":\"PropertyValueSpecification\",\"valueRequired\":true,\"valueName\":\"search_term_string\"}}],\"inLanguage\":\"es\"},{\"@type\":\"Organization\",\"@id\":\"https:\/\/multi-mam.com\/es\/#organization\",\"name\":\"Multi-Mam\",\"url\":\"https:\/\/multi-mam.com\/es\/\",\"logo\":{\"@type\":\"ImageObject\",\"inLanguage\":\"es\",\"@id\":\"https:\/\/multi-mam.com\/es\/#\/schema\/logo\/image\/\",\"url\":\"https:\/\/multi-mam.com\/app\/uploads\/sites\/27\/2023\/04\/multi-mam-logotype.png\",\"contentUrl\":\"https:\/\/multi-mam.com\/app\/uploads\/sites\/27\/2023\/04\/multi-mam-logotype.png\",\"width\":70,\"height\":96,\"caption\":\"Multi-Mam\"},\"image\":{\"@id\":\"https:\/\/multi-mam.com\/es\/#\/schema\/logo\/image\/\"}}]}<\/script>\n<!-- \/ Yoast SEO plugin. -->","yoast_head_json":{"title":"FAQ - Multi-Mam","description":"FAQ - \u00bfDeber\u00eda retirar Multi-Mam B\u00e1lsamo antes de dar el pecho? \u00bfCu\u00e1ndo deber\u00eda usar las Compresas, antes o despu\u00e9s de dar el pecho?","robots":{"index":"index","follow":"follow","max-snippet":"max-snippet:-1","max-image-preview":"max-image-preview:large","max-video-preview":"max-video-preview:-1"},"canonical":"https:\/\/multi-mam.com\/es\/faq\/","og_locale":"es_ES","og_type":"article","og_title":"FAQ - Multi-Mam","og_description":"FAQ - \u00bfDeber\u00eda retirar Multi-Mam B\u00e1lsamo antes de dar el pecho? \u00bfCu\u00e1ndo deber\u00eda usar las Compresas, antes o despu\u00e9s de dar el pecho?","og_url":"https:\/\/multi-mam.com\/es\/faq\/","og_site_name":"Multi-Mam","article_modified_time":"2025-04-28T12:48:47+00:00","og_image":[{"url":"https:\/\/multi-mam.com\/cdn-cgi\/image\/format=auto\/app\/uploads\/sites\/27\/2023\/04\/faq.jpeg","type":"","width":"","height":""}],"twitter_card":"summary_large_image","twitter_misc":{"Tiempo de lectura":"4 minutos"},"schema":{"@context":"https:\/\/schema.org","@graph":[{"@type":"WebPage","@id":"https:\/\/multi-mam.com\/es\/faq\/","url":"https:\/\/multi-mam.com\/es\/faq\/","name":"FAQ - Multi-Mam","isPartOf":{"@id":"https:\/\/multi-mam.com\/es\/#website"},"primaryImageOfPage":{"@id":"https:\/\/multi-mam.com\/es\/faq\/#primaryimage"},"image":{"@id":"https:\/\/multi-mam.com\/es\/faq\/#primaryimage"},"thumbnailUrl":"https:\/\/multi-mam.com\/cdn-cgi\/image\/format=auto\/app\/uploads\/sites\/27\/2023\/04\/faq.jpeg","datePublished":"2023-04-20T08:39:37+00:00","dateModified":"2025-04-28T12:48:47+00:00","description":"FAQ - \u00bfDeber\u00eda retirar Multi-Mam B\u00e1lsamo antes de dar el pecho? \u00bfCu\u00e1ndo deber\u00eda usar las Compresas, antes o despu\u00e9s de dar el pecho?","breadcrumb":{"@id":"https:\/\/multi-mam.com\/es\/faq\/#breadcrumb"},"inLanguage":"es","potentialAction":[{"@type":"ReadAction","target":["https:\/\/multi-mam.com\/es\/faq\/"]}]},{"@type":"ImageObject","inLanguage":"es","@id":"https:\/\/multi-mam.com\/es\/faq\/#primaryimage","url":"https:\/\/multi-mam.com\/cdn-cgi\/image\/format=auto\/app\/uploads\/sites\/27\/2023\/04\/faq.jpeg","contentUrl":"https:\/\/multi-mam.com\/cdn-cgi\/image\/format=auto\/app\/uploads\/sites\/27\/2023\/04\/faq.jpeg"},{"@type":"BreadcrumbList","@id":"https:\/\/multi-mam.com\/es\/faq\/#breadcrumb","itemListElement":[{"@type":"ListItem","position":1,"name":"Home","item":"https:\/\/multi-mam.com\/es\/"},{"@type":"ListItem","position":2,"name":"FAQ"}]},{"@type":"WebSite","@id":"https:\/\/multi-mam.com\/es\/#website","url":"https:\/\/multi-mam.com\/es\/","name":"Multi-Mam","description":"","publisher":{"@id":"https:\/\/multi-mam.com\/es\/#organization"},"potentialAction":[{"@type":"SearchAction","target":{"@type":"EntryPoint","urlTemplate":"https:\/\/multi-mam.com\/es\/?s={search_term_string}"},"query-input":{"@type":"PropertyValueSpecification","valueRequired":true,"valueName":"search_term_string"}}],"inLanguage":"es"},{"@type":"Organization","@id":"https:\/\/multi-mam.com\/es\/#organization","name":"Multi-Mam","url":"https:\/\/multi-mam.com\/es\/","logo":{"@type":"ImageObject","inLanguage":"es","@id":"https:\/\/multi-mam.com\/es\/#\/schema\/logo\/image\/","url":"https:\/\/multi-mam.com\/app\/uploads\/sites\/27\/2023\/04\/multi-mam-logotype.png","contentUrl":"https:\/\/multi-mam.com\/app\/uploads\/sites\/27\/2023\/04\/multi-mam-logotype.png","width":70,"height":96,"caption":"Multi-Mam"},"image":{"@id":"https:\/\/multi-mam.com\/es\/#\/schema\/logo\/image\/"}}]}},"_links":{"self":[{"href":"https:\/\/multi-mam.com\/es\/wp-json\/wp\/v2\/pages\/24","targetHints":{"allow":["GET"]}}],"collection":[{"href":"https:\/\/multi-mam.com\/es\/wp-json\/wp\/v2\/pages"}],"about":[{"href":"https:\/\/multi-mam.com\/es\/wp-json\/wp\/v2\/types\/page"}],"author":[{"embeddable":true,"href":"https:\/\/multi-mam.com\/es\/wp-json\/wp\/v2\/users\/2"}],"replies":[{"embeddable":true,"href":"https:\/\/multi-mam.com\/es\/wp-json\/wp\/v2\/comments?post=24"}],"version-history":[{"count":2,"href":"https:\/\/multi-mam.com\/es\/wp-json\/wp\/v2\/pages\/24\/revisions"}],"predecessor-version":[{"id":361,"href":"https:\/\/multi-mam.com\/es\/wp-json\/wp\/v2\/pages\/24\/revisions\/361"}],"wp:attachment":[{"href":"https:\/\/multi-mam.com\/es\/wp-json\/wp\/v2\/media?parent=24"}],"wp:term":[{"taxonomy":"from-article-database","embeddable":true,"href":"https:\/\/multi-mam.com\/es\/wp-json\/wp\/v2\/from-article-database?post=24"}],"curies":[{"name":"wp","href":"https:\/\/api.w.org\/{rel}","templated":true}]}}