{"id":21,"date":"2023-04-20T10:38:41","date_gmt":"2023-04-20T08:38:41","guid":{"rendered":"https:\/\/multi-mam.com\/es\/?page_id=21"},"modified":"2025-04-28T14:48:49","modified_gmt":"2025-04-28T12:48:49","slug":"acerca-de-multi-gyn","status":"publish","type":"page","link":"https:\/\/multi-mam.com\/es\/acerca-de-multi-gyn\/","title":{"rendered":"Acerca de Multi-Gyn"},"content":{"rendered":"\n<div class=\"wp-block-karopharma-background-image-with-text-v2 background-image-with-text-v2 undefined content-position-center fixed-height-layout\" datatest=\"root\"><div class=\"background-image-with-text-wrapper\"><picture class=\"background-image-with-text-image\"><source media=\"(max-width: 560px)\" srcset=\"https:\/\/multi-mam.com\/cdn-cgi\/image\/format=auto,width=560\/app\/uploads\/sites\/27\/2023\/04\/about-Multi-Mam.jpeg\"\/><source media=\"(max-width: 800px)\" srcset=\"https:\/\/multi-mam.com\/cdn-cgi\/image\/format=auto,width=800\/app\/uploads\/sites\/27\/2023\/04\/about-Multi-Mam.jpeg\"\/><source media=\"(max-width: 1920px)\" srcset=\"https:\/\/multi-mam.com\/cdn-cgi\/image\/format=auto,width=1920\/app\/uploads\/sites\/27\/2023\/04\/about-Multi-Mam.jpeg\"\/><img decoding=\"async\" width=\"1400\" height=\"934\" datatest=\"background-image\" loading=\"lazy\" class=\"object-center object-cover\" src=\"https:\/\/multi-mam.com\/cdn-cgi\/image\/format=auto\/app\/uploads\/sites\/27\/2023\/04\/about-Multi-Mam.jpeg\" alt=\"Acerca de Multi-Gyn\"\/><\/picture><div datatest=\"content-wrapper\" class=\"background-image-with-text-content-wrapper container max-w-medium text-alignment-center  pt-large pb-large\"><div class=\"content\"><h1 datatest=\"heading\" class=\"\">Acerca de Multi-Gyn<\/h1>\n<div class=\"wp-block-buttons is-layout-flex wp-block-buttons-is-layout-flex\"><\/div>\n<\/div><\/div><\/div><\/div>\n\n\n\n<div class=\"wp-block-karopharma-free-text pt-large pb-large bg-center bg-cover bg-no-repeat  undefined is-style-primary\" style=\"background-image:url()\"><div class=\"free-text-wrapper container max-w-medium text-left\">\n<h2 class=\"is-style-heading-h2 wp-block-heading\" id=\"unsere-geschichte\">Nuestra historia<\/h2>\n\n\n\n<p class=\"is-style-paragraph-preamble\">Criar a un beb\u00e9 es asombroso y gratificante en innumerables formas, pero los primeros d\u00edas de la maternidad y la lactancia tambi\u00e9n pueden ser agotadores y dolorosos. Muchas mujeres se averg\u00fcenzan de hablar sobre sus molestias despu\u00e9s del parto y de la lactancia o simplemente no saben a d\u00f3nde acudir en busca de ayuda. En cambio, sufren en silencio. Ver a las nuevas madres luchar contra el dolor e incluso dejar de amamantar antes de lo que hab\u00edan planeado o querido es la raz\u00f3n por la que desarrollamos Multi-Mam.<\/p>\n<\/div><\/div>\n\n\n\n<div class=\"wp-block-karopharma-free-text pt-large pb-large bg-center bg-cover bg-no-repeat  undefined is-style-transparent\" style=\"background-image:url()\"><div class=\"free-text-wrapper container max-w-medium text-left\">\n<h2 class=\"is-style-heading-h2 wp-block-heading\" id=\"unsere-geschichte\">Acerca de Multi-Mam<sup>\u00ae<\/sup><\/h2>\n\n\n\n<p class=\"is-style-paragraph-body-text\">Multi-Mam es una serie de productos de base natural que alivian las molestias asociadas al posparto y la lactancia. Desarrollamos Multi-Mam para ayudar a las nuevas madres a sentirse c\u00f3modas y cuidarse. Porque cuando las madres se sienten mejor, pueden disfrutar al m\u00e1ximo de la maternidad y darles a sus beb\u00e9s el mejor inicio en la vida.<\/p>\n\n\n\n<h2 class=\"is-style-heading-h2 wp-block-heading\" id=\"unsere-geschichte\">Ingredientes Multi-Mam<sup>\u00ae<\/sup><\/h2>\n\n\n\n<p>Sabemos que s\u00f3lo quieres lo mejor para tu beb\u00e9 y puedes confirar en que los productos Multi-Mam son de la m\u00e1s alta calidad. Nuestros ingredientes se derivan principalmente de fuentes naturales y son inofensivos tanto para la madre como para el beb\u00e9.<\/p>\n\n\n\n<p class=\"is-style-paragraph-body-text\">Las compresas Multi-Mam se basan en el exclusivo y patentado complejo 2QR (pronunciado \u00abpara curar\u00bb), que es un ingrediente natural de origen vegetal extra\u00eddo de la planta Aloe Barbandenis. Este ingrediente h\u00e9roe hidrata la piel y apoya el proceso de curaci\u00f3n natural.<\/p>\n\n\n\n<p class=\"is-style-paragraph-body-text\">Multi-Mam Balm se basa en una selecci\u00f3n de aceites derivados de plantas. No pegajoso y de f\u00e1cil absorci\u00f3n, protege la zona del pez\u00f3n reemplazando y complementando la grasa natural de la piel.<\/p>\n\n\n\n<p class=\"is-style-paragraph-body-text has-primary-color has-text-color\"><a href=\"https:\/\/multi-mam.com\/es\/productos\/\"><strong>Obt\u00e9n m\u00e1s informaci\u00f3n sobre nuestros productos y c\u00f3mo pueden ayudarte a disfrutar de la maternidad aqu\u00ed.<\/strong><\/a><\/p>\n<\/div><\/div>\n\n\n<div class=\"product-list wp-block-karopharma-product-list\" data-testid=\"product-list\">\n      <div class=\"swiper-container\">\n      <div class=\"swiper\">\n        <div class=\"swiper-wrapper\">\n                      <div class=\"swiper-slide\">\n              <div class=\"product-card\" data-testid=\"product-card\">\n  <a\n    href=https:\/\/multi-mam.com\/es\/producto\/multi-mam-balsamo\/\n    class=\"product-card-link\"\n    title=\"Multi-Mam B\u00e1lsamo\"\n  >\n  <figure class=\"product-card-image\" data-testid=\"product-image\">\n                          <img decoding=\"async\" src=\"https:\/\/multi-mam.com\/cdn-cgi\/image\/width=700,format=auto\/app\/uploads\/sites\/27\/2023\/04\/MultiMamBalm-1400x1400-1.png\"\n        srcset=\"https:\/\/multi-mam.com\/cdn-cgi\/image\/width=250,format=auto\/app\/uploads\/sites\/27\/2023\/04\/MultiMamBalm-1400x1400-1.png 250w,\n                https:\/\/multi-mam.com\/cdn-cgi\/image\/width=500,format=auto\/app\/uploads\/sites\/27\/2023\/04\/MultiMamBalm-1400x1400-1.png 500w,\n                https:\/\/multi-mam.com\/cdn-cgi\/image\/width=700,format=auto\/app\/uploads\/sites\/27\/2023\/04\/MultiMamBalm-1400x1400-1.png 700w\"\n        sizes=\"(max-width: 400px) 250px, (max-width: 800px) 500px, 700px\"\n        alt=\"Multi-Mam Balm\"\n        class=\"img\">\n            <\/figure>\n    <div class=\"product-card-content\">\n      <div class=\"heading-wrapper\">\n        <h2 class=\"heading\">Multi-Mam B\u00e1lsamo<\/h2>\n      <\/div>\n      <div class=\"product-card-description\">Cuidado del pez\u00f3n con plantas naturales para madres lactantes<\/div>\n                      <\/div>\n  <\/a>\n      <div class=\"button-wrapper\">\n    <a\n      href=https:\/\/multi-mam.com\/es\/producto\/multi-mam-balsamo\/\n      target=_self\n      class=\"theme-button button-primary-color rounded-button\"\n      rel=\"noopener\"\n      title=\"M\u00e1s informaci\u00f3n\"\n    >\n       M\u00e1s informaci\u00f3n\n    <\/a>\n<\/div>  <\/div>\n            <\/div>\n                      <div class=\"swiper-slide\">\n              <div class=\"product-card\" data-testid=\"product-card\">\n  <a\n    href=https:\/\/multi-mam.com\/es\/producto\/multi-mam-compresas\/\n    class=\"product-card-link\"\n    title=\"Multi-Mam Compresas\"\n  >\n  <figure class=\"product-card-image\" data-testid=\"product-image\">\n                          <img decoding=\"async\" src=\"https:\/\/multi-mam.com\/cdn-cgi\/image\/width=700,format=auto\/app\/uploads\/sites\/27\/2023\/04\/MultiMamCompresses-1400x1400-1.png\"\n        srcset=\"https:\/\/multi-mam.com\/cdn-cgi\/image\/width=250,format=auto\/app\/uploads\/sites\/27\/2023\/04\/MultiMamCompresses-1400x1400-1.png 250w,\n                https:\/\/multi-mam.com\/cdn-cgi\/image\/width=500,format=auto\/app\/uploads\/sites\/27\/2023\/04\/MultiMamCompresses-1400x1400-1.png 500w,\n                https:\/\/multi-mam.com\/cdn-cgi\/image\/width=700,format=auto\/app\/uploads\/sites\/27\/2023\/04\/MultiMamCompresses-1400x1400-1.png 700w\"\n        sizes=\"(max-width: 400px) 250px, (max-width: 800px) 500px, 700px\"\n        alt=\"Multi-Mam Compresas\"\n        class=\"img\">\n            <\/figure>\n    <div class=\"product-card-content\">\n      <div class=\"heading-wrapper\">\n        <h2 class=\"heading\">Multi-Mam Compresas<\/h2>\n      <\/div>\n      <div class=\"product-card-description\">Cuidado suave para una lactancia c\u00f3moda<\/div>\n                      <\/div>\n  <\/a>\n      <div class=\"button-wrapper\">\n    <a\n      href=https:\/\/multi-mam.com\/es\/producto\/multi-mam-compresas\/\n      target=_self\n      class=\"theme-button button-primary-color rounded-button\"\n      rel=\"noopener\"\n      title=\"M\u00e1s informaci\u00f3n\"\n    >\n       M\u00e1s informaci\u00f3n\n    <\/a>\n<\/div>  <\/div>\n            <\/div>\n                      <div class=\"swiper-slide\">\n              <div class=\"product-card\" data-testid=\"product-card\">\n  <a\n    href=https:\/\/multi-mam.com\/es\/producto\/multi-mam-lanolina\/\n    class=\"product-card-link\"\n    title=\"Multi-Mam Lanolina\"\n  >\n  <figure class=\"product-card-image\" data-testid=\"product-image\">\n                          <img decoding=\"async\" src=\"https:\/\/multi-mam.com\/cdn-cgi\/image\/width=700,format=auto\/app\/uploads\/sites\/27\/2023\/04\/MultiMamLanolin-1400x1400-1.png\"\n        srcset=\"https:\/\/multi-mam.com\/cdn-cgi\/image\/width=250,format=auto\/app\/uploads\/sites\/27\/2023\/04\/MultiMamLanolin-1400x1400-1.png 250w,\n                https:\/\/multi-mam.com\/cdn-cgi\/image\/width=500,format=auto\/app\/uploads\/sites\/27\/2023\/04\/MultiMamLanolin-1400x1400-1.png 500w,\n                https:\/\/multi-mam.com\/cdn-cgi\/image\/width=700,format=auto\/app\/uploads\/sites\/27\/2023\/04\/MultiMamLanolin-1400x1400-1.png 700w\"\n        sizes=\"(max-width: 400px) 250px, (max-width: 800px) 500px, 700px\"\n        alt=\"Multi-Mam Lanolin\"\n        class=\"img\">\n            <\/figure>\n    <div class=\"product-card-content\">\n      <div class=\"heading-wrapper\">\n        <h2 class=\"heading\">Multi-Mam Lanolina<\/h2>\n      <\/div>\n      <div class=\"product-card-description\">Cuidado del pez\u00f3n para madres lactantes\n<\/div>\n                      <\/div>\n  <\/a>\n      <div class=\"button-wrapper\">\n    <a\n      href=https:\/\/multi-mam.com\/es\/producto\/multi-mam-lanolina\/\n      target=_self\n      class=\"theme-button button-primary-color rounded-button\"\n      rel=\"noopener\"\n      title=\"M\u00e1s informaci\u00f3n\"\n    >\n       M\u00e1s informaci\u00f3n\n    <\/a>\n<\/div>  <\/div>\n            <\/div>\n                  <\/div>\n        <div class=\"swiper-scrollbar\"><\/div>\n      <\/div>\n    <\/div>\n  <\/div>\n","protected":false},"excerpt":{"rendered":"","protected":false},"author":2,"featured_media":0,"parent":0,"menu_order":0,"comment_status":"closed","ping_status":"closed","template":"","meta":{"_acf_changed":false,"footnotes":""},"from-article-database":[],"class_list":["post-21","page","type-page","status-publish","hentry"],"acf":[],"yoast_head":"<!-- This site is optimized with the Yoast SEO plugin v26.6 - https:\/\/yoast.com\/wordpress\/plugins\/seo\/ -->\n<title>Acerca de Multi-Gyn - Multi-Mam<\/title>\n<meta name=\"description\" content=\"Criar a un beb\u00e9 es asombroso y gratificante en innumerables formas, pero los primeros d\u00edas de la maternidad y la lactancia tambi\u00e9n pueden ser agotadores y dolorosos.\" \/>\n<meta name=\"robots\" content=\"index, follow, max-snippet:-1, max-image-preview:large, max-video-preview:-1\" \/>\n<link rel=\"canonical\" href=\"https:\/\/multi-mam.com\/es\/acerca-de-multi-gyn\/\" \/>\n<meta property=\"og:locale\" content=\"es_ES\" \/>\n<meta property=\"og:type\" content=\"article\" \/>\n<meta property=\"og:title\" content=\"Acerca de Multi-Gyn - Multi-Mam\" \/>\n<meta property=\"og:description\" content=\"Criar a un beb\u00e9 es asombroso y gratificante en innumerables formas, pero los primeros d\u00edas de la maternidad y la lactancia tambi\u00e9n pueden ser agotadores y dolorosos.\" \/>\n<meta property=\"og:url\" content=\"https:\/\/multi-mam.com\/es\/acerca-de-multi-gyn\/\" \/>\n<meta property=\"og:site_name\" content=\"Multi-Mam\" \/>\n<meta property=\"article:modified_time\" content=\"2025-04-28T12:48:49+00:00\" \/>\n<meta property=\"og:image\" content=\"https:\/\/multi-mam.com\/cdn-cgi\/image\/format=auto\/app\/uploads\/sites\/27\/2023\/04\/about-Multi-Mam.jpeg\" \/>\n<meta name=\"twitter:card\" content=\"summary_large_image\" \/>\n<meta name=\"twitter:label1\" content=\"Tiempo de lectura\" \/>\n\t<meta name=\"twitter:data1\" content=\"2 minutos\" \/>\n<script type=\"application\/ld+json\" class=\"yoast-schema-graph\">{\"@context\":\"https:\/\/schema.org\",\"@graph\":[{\"@type\":\"WebPage\",\"@id\":\"https:\/\/multi-mam.com\/es\/acerca-de-multi-gyn\/\",\"url\":\"https:\/\/multi-mam.com\/es\/acerca-de-multi-gyn\/\",\"name\":\"Acerca de Multi-Gyn - Multi-Mam\",\"isPartOf\":{\"@id\":\"https:\/\/multi-mam.com\/es\/#website\"},\"primaryImageOfPage\":{\"@id\":\"https:\/\/multi-mam.com\/es\/acerca-de-multi-gyn\/#primaryimage\"},\"image\":{\"@id\":\"https:\/\/multi-mam.com\/es\/acerca-de-multi-gyn\/#primaryimage\"},\"thumbnailUrl\":\"https:\/\/multi-mam.com\/cdn-cgi\/image\/format=auto\/app\/uploads\/sites\/27\/2023\/04\/about-Multi-Mam.jpeg\",\"datePublished\":\"2023-04-20T08:38:41+00:00\",\"dateModified\":\"2025-04-28T12:48:49+00:00\",\"description\":\"Criar a un beb\u00e9 es asombroso y gratificante en innumerables formas, pero los primeros d\u00edas de la maternidad y la lactancia tambi\u00e9n pueden ser agotadores y dolorosos.\",\"breadcrumb\":{\"@id\":\"https:\/\/multi-mam.com\/es\/acerca-de-multi-gyn\/#breadcrumb\"},\"inLanguage\":\"es\",\"potentialAction\":[{\"@type\":\"ReadAction\",\"target\":[\"https:\/\/multi-mam.com\/es\/acerca-de-multi-gyn\/\"]}]},{\"@type\":\"ImageObject\",\"inLanguage\":\"es\",\"@id\":\"https:\/\/multi-mam.com\/es\/acerca-de-multi-gyn\/#primaryimage\",\"url\":\"https:\/\/multi-mam.com\/cdn-cgi\/image\/format=auto\/app\/uploads\/sites\/27\/2023\/04\/about-Multi-Mam.jpeg\",\"contentUrl\":\"https:\/\/multi-mam.com\/cdn-cgi\/image\/format=auto\/app\/uploads\/sites\/27\/2023\/04\/about-Multi-Mam.jpeg\"},{\"@type\":\"BreadcrumbList\",\"@id\":\"https:\/\/multi-mam.com\/es\/acerca-de-multi-gyn\/#breadcrumb\",\"itemListElement\":[{\"@type\":\"ListItem\",\"position\":1,\"name\":\"Home\",\"item\":\"https:\/\/multi-mam.com\/es\/\"},{\"@type\":\"ListItem\",\"position\":2,\"name\":\"Acerca de Multi-Gyn\"}]},{\"@type\":\"WebSite\",\"@id\":\"https:\/\/multi-mam.com\/es\/#website\",\"url\":\"https:\/\/multi-mam.com\/es\/\",\"name\":\"Multi-Mam\",\"description\":\"\",\"publisher\":{\"@id\":\"https:\/\/multi-mam.com\/es\/#organization\"},\"potentialAction\":[{\"@type\":\"SearchAction\",\"target\":{\"@type\":\"EntryPoint\",\"urlTemplate\":\"https:\/\/multi-mam.com\/es\/?s={search_term_string}\"},\"query-input\":{\"@type\":\"PropertyValueSpecification\",\"valueRequired\":true,\"valueName\":\"search_term_string\"}}],\"inLanguage\":\"es\"},{\"@type\":\"Organization\",\"@id\":\"https:\/\/multi-mam.com\/es\/#organization\",\"name\":\"Multi-Mam\",\"url\":\"https:\/\/multi-mam.com\/es\/\",\"logo\":{\"@type\":\"ImageObject\",\"inLanguage\":\"es\",\"@id\":\"https:\/\/multi-mam.com\/es\/#\/schema\/logo\/image\/\",\"url\":\"https:\/\/multi-mam.com\/app\/uploads\/sites\/27\/2023\/04\/multi-mam-logotype.png\",\"contentUrl\":\"https:\/\/multi-mam.com\/app\/uploads\/sites\/27\/2023\/04\/multi-mam-logotype.png\",\"width\":70,\"height\":96,\"caption\":\"Multi-Mam\"},\"image\":{\"@id\":\"https:\/\/multi-mam.com\/es\/#\/schema\/logo\/image\/\"}}]}<\/script>\n<!-- \/ Yoast SEO plugin. -->","yoast_head_json":{"title":"Acerca de Multi-Gyn - Multi-Mam","description":"Criar a un beb\u00e9 es asombroso y gratificante en innumerables formas, pero los primeros d\u00edas de la maternidad y la lactancia tambi\u00e9n pueden ser agotadores y dolorosos.","robots":{"index":"index","follow":"follow","max-snippet":"max-snippet:-1","max-image-preview":"max-image-preview:large","max-video-preview":"max-video-preview:-1"},"canonical":"https:\/\/multi-mam.com\/es\/acerca-de-multi-gyn\/","og_locale":"es_ES","og_type":"article","og_title":"Acerca de Multi-Gyn - Multi-Mam","og_description":"Criar a un beb\u00e9 es asombroso y gratificante en innumerables formas, pero los primeros d\u00edas de la maternidad y la lactancia tambi\u00e9n pueden ser agotadores y dolorosos.","og_url":"https:\/\/multi-mam.com\/es\/acerca-de-multi-gyn\/","og_site_name":"Multi-Mam","article_modified_time":"2025-04-28T12:48:49+00:00","og_image":[{"url":"https:\/\/multi-mam.com\/cdn-cgi\/image\/format=auto\/app\/uploads\/sites\/27\/2023\/04\/about-Multi-Mam.jpeg","type":"","width":"","height":""}],"twitter_card":"summary_large_image","twitter_misc":{"Tiempo de lectura":"2 minutos"},"schema":{"@context":"https:\/\/schema.org","@graph":[{"@type":"WebPage","@id":"https:\/\/multi-mam.com\/es\/acerca-de-multi-gyn\/","url":"https:\/\/multi-mam.com\/es\/acerca-de-multi-gyn\/","name":"Acerca de Multi-Gyn - Multi-Mam","isPartOf":{"@id":"https:\/\/multi-mam.com\/es\/#website"},"primaryImageOfPage":{"@id":"https:\/\/multi-mam.com\/es\/acerca-de-multi-gyn\/#primaryimage"},"image":{"@id":"https:\/\/multi-mam.com\/es\/acerca-de-multi-gyn\/#primaryimage"},"thumbnailUrl":"https:\/\/multi-mam.com\/cdn-cgi\/image\/format=auto\/app\/uploads\/sites\/27\/2023\/04\/about-Multi-Mam.jpeg","datePublished":"2023-04-20T08:38:41+00:00","dateModified":"2025-04-28T12:48:49+00:00","description":"Criar a un beb\u00e9 es asombroso y gratificante en innumerables formas, pero los primeros d\u00edas de la maternidad y la lactancia tambi\u00e9n pueden ser agotadores y dolorosos.","breadcrumb":{"@id":"https:\/\/multi-mam.com\/es\/acerca-de-multi-gyn\/#breadcrumb"},"inLanguage":"es","potentialAction":[{"@type":"ReadAction","target":["https:\/\/multi-mam.com\/es\/acerca-de-multi-gyn\/"]}]},{"@type":"ImageObject","inLanguage":"es","@id":"https:\/\/multi-mam.com\/es\/acerca-de-multi-gyn\/#primaryimage","url":"https:\/\/multi-mam.com\/cdn-cgi\/image\/format=auto\/app\/uploads\/sites\/27\/2023\/04\/about-Multi-Mam.jpeg","contentUrl":"https:\/\/multi-mam.com\/cdn-cgi\/image\/format=auto\/app\/uploads\/sites\/27\/2023\/04\/about-Multi-Mam.jpeg"},{"@type":"BreadcrumbList","@id":"https:\/\/multi-mam.com\/es\/acerca-de-multi-gyn\/#breadcrumb","itemListElement":[{"@type":"ListItem","position":1,"name":"Home","item":"https:\/\/multi-mam.com\/es\/"},{"@type":"ListItem","position":2,"name":"Acerca de Multi-Gyn"}]},{"@type":"WebSite","@id":"https:\/\/multi-mam.com\/es\/#website","url":"https:\/\/multi-mam.com\/es\/","name":"Multi-Mam","description":"","publisher":{"@id":"https:\/\/multi-mam.com\/es\/#organization"},"potentialAction":[{"@type":"SearchAction","target":{"@type":"EntryPoint","urlTemplate":"https:\/\/multi-mam.com\/es\/?s={search_term_string}"},"query-input":{"@type":"PropertyValueSpecification","valueRequired":true,"valueName":"search_term_string"}}],"inLanguage":"es"},{"@type":"Organization","@id":"https:\/\/multi-mam.com\/es\/#organization","name":"Multi-Mam","url":"https:\/\/multi-mam.com\/es\/","logo":{"@type":"ImageObject","inLanguage":"es","@id":"https:\/\/multi-mam.com\/es\/#\/schema\/logo\/image\/","url":"https:\/\/multi-mam.com\/app\/uploads\/sites\/27\/2023\/04\/multi-mam-logotype.png","contentUrl":"https:\/\/multi-mam.com\/app\/uploads\/sites\/27\/2023\/04\/multi-mam-logotype.png","width":70,"height":96,"caption":"Multi-Mam"},"image":{"@id":"https:\/\/multi-mam.com\/es\/#\/schema\/logo\/image\/"}}]}},"_links":{"self":[{"href":"https:\/\/multi-mam.com\/es\/wp-json\/wp\/v2\/pages\/21","targetHints":{"allow":["GET"]}}],"collection":[{"href":"https:\/\/multi-mam.com\/es\/wp-json\/wp\/v2\/pages"}],"about":[{"href":"https:\/\/multi-mam.com\/es\/wp-json\/wp\/v2\/types\/page"}],"author":[{"embeddable":true,"href":"https:\/\/multi-mam.com\/es\/wp-json\/wp\/v2\/users\/2"}],"replies":[{"embeddable":true,"href":"https:\/\/multi-mam.com\/es\/wp-json\/wp\/v2\/comments?post=21"}],"version-history":[{"count":5,"href":"https:\/\/multi-mam.com\/es\/wp-json\/wp\/v2\/pages\/21\/revisions"}],"predecessor-version":[{"id":368,"href":"https:\/\/multi-mam.com\/es\/wp-json\/wp\/v2\/pages\/21\/revisions\/368"}],"wp:attachment":[{"href":"https:\/\/multi-mam.com\/es\/wp-json\/wp\/v2\/media?parent=21"}],"wp:term":[{"taxonomy":"from-article-database","embeddable":true,"href":"https:\/\/multi-mam.com\/es\/wp-json\/wp\/v2\/from-article-database?post=21"}],"curies":[{"name":"wp","href":"https:\/\/api.w.org\/{rel}","templated":true}]}}