{"id":177,"date":"2023-04-20T15:01:29","date_gmt":"2023-04-20T13:01:29","guid":{"rendered":"https:\/\/multi-mam.com\/es\/?page_id=177"},"modified":"2025-04-28T14:47:19","modified_gmt":"2025-04-28T12:47:19","slug":"lactancia-en-recien-nacidos","status":"publish","type":"page","link":"https:\/\/multi-mam.com\/es\/articulos\/lactancia\/lactancia-en-recien-nacidos\/","title":{"rendered":"Lactancia en reci\u00e9n nacidos"},"content":{"rendered":"\n<div class=\"wp-block-karopharma-free-text pt-large pb-large bg-center bg-cover bg-no-repeat  is-style-primary\" style=\"background-image:url()\"><div class=\"free-text-wrapper container max-w-medium text-left\">\n<h1 class=\"wp-block-heading\">Lactancia en reci\u00e9n nacidos<\/h1>\n\n\n\n<p class=\"is-style-paragraph-preamble\">\u00bfCu\u00e1ndo es el momento perfecto para empezar a dar el pecho al beb\u00e9 reci\u00e9n nacido? En el momento en el que su m\u00e9dico o enfermera pone a su beb\u00e9 reci\u00e9n nacido en su pecho, es una oportunidad perfecta para ofrecer a su beb\u00e9 un poco de calostro. Esta es la primera leche que su cuerpo produce despu\u00e9s del parto y contiene anticuerpos que proteger\u00e1n a su beb\u00e9 de posibles infecciones.<\/p>\n<\/div><\/div>\n\n\n\n<div class=\"wp-block-karopharma-free-text pt-large pb-large bg-center bg-cover bg-no-repeat\" style=\"background-image:url()\"><div class=\"free-text-wrapper container max-w-medium text-left\">\n<p>Es muy importante que su beb\u00e9 se enganche al pez\u00f3n correctamente desde el principio. De esta manera adem\u00e1s de evitar problemas con la alimentaci\u00f3n, tambi\u00e9n envitar\u00e1 molestias en los pezones como dolor y grietas. La lactancia materna no debe ser dolorosa, por lo que si experimenta dolor e incomodidad, no dude en pedir ayuda.<\/p>\n\n\n\n<h2 class=\"is-style-heading-h2 wp-block-heading\">Como conseguir una uni\u00f3n adecuada<\/h2>\n\n\n\n<p>Coloque a su beb\u00e9 a su lado, con sus est\u00f3magos tocando. Incline la cabeza de su beb\u00e9 ligeramente hacia atr\u00e1s y presione su ment\u00f3n contra su pecho, mientras mantiene la nariz lejos del pecho para no alterar la respiraci\u00f3n. Una vez que su beb\u00e9 se engancha correctamente, el pez\u00f3n debe estar cerca de la parte posterior de su boca, de manera que la leche vaya directamente por la garganta.<\/p>\n\n\n\n<p>Si su beb\u00e9 tiene problemas para engancharse, trate de cambiar ligeramente de posici\u00f3n hasta encontrar aquella en la que ambos os sintais c\u00f3modos. Si est\u00e1 experimentando alg\u00fan tipo de dificultades con la lactancia, consulte a una matrona o enfermera. Esto le ahorrar\u00e1 estr\u00e9s y dudas acerca de si est\u00e1 haciendo las cosas bien.<\/p>\n\n\n\n<h2 class=\"is-style-heading-h2 wp-block-heading\">Con qu\u00e9 frecuencia se debe dar el pecho<\/h2>\n\n\n\n<p>Una buena regla general es que no se recomienda dar el pecho al beb\u00e9 con demasiada frecuencia. Sin embargo, pueden alimentarse demasiado poco, as\u00ed que evite seguir un sistema de lactancia establecido, y alimente a su beb\u00e9 tan pronto como note los primeros signos del hambre. Estos pueden incluir:<\/p>\n\n\n\n<ul class=\"is-style-default wp-block-list\"><li>Mayor actividad<\/li><li>B\u00fasqueda del pez\u00f3n<\/li><li>Golpear o lamerse los labios<\/li><\/ul>\n\n\n\n<p>Llorar es un signo tard\u00edo de hambre, as\u00ed que intente reconocer los signos anteriores y alimente a su beb\u00e9 antes de que empiece a llorar. Esto significa que probablemente dar\u00e1 el pecho de 8 a 12 veces al d\u00eda. Esto es normal en beb\u00e9s sanos y bien alimentados. Se debe permitir dar el pecho a su beb\u00e9 mientras succione activamente, despu\u00e9s de lo cual puede ofrecerle su otro pecho. Si su beb\u00e9 tiene mucho sue\u00f1o, puede que tenga que despertarlo suavemente y ofrecerle el pecho.<\/p>\n\n\n\n<h2 class=\"is-style-heading-h2 wp-block-heading\">Como saber si su beb\u00e9 est\u00e1 recibiendo suficiente leche<\/h2>\n\n\n\n<p>Despu\u00e9s de recuperar la p\u00e9rdida de peso inicial tras el nacimiento, su beb\u00e9 contin\u00faa aumentando de peso. En promedio, los reci\u00e9n nacidos deben engordar alrededor de 200g de peso corporal por semana. Esto es f\u00e1cil de comprobar a trav\u00e9s de los controles de peso regulares, pero tambi\u00e9n hay otros signos que muestran un beb\u00e9 bien alimentado. Durante la primera semana, espere un n\u00famero creciente de pa\u00f1ales sucios cada d\u00eda (uno en el primer d\u00eda, dos en el segundo d\u00eda, etc.). Despu\u00e9s del d\u00eda 4, es normal esperar 4 o m\u00e1s deposiciones al d\u00eda. Las heces normales estar\u00e1n sueltas, a veces con peque\u00f1os grumos. Cuando se trata de pa\u00f1ales mojados, la din\u00e1mica es similar, con el n\u00famero de pa\u00f1ales mojados aumentando desde del primer d\u00eda, llegando a 6 o m\u00e1s pa\u00f1ales al d\u00eda despu\u00e9s del d\u00eda 4.<\/p>\n\n\n\n<p><strong>Si nota que:<\/strong><\/p>\n\n\n\n<ul class=\"is-style-default wp-block-list\"><li>Su beb\u00e9 no tiene pa\u00f1ales sucios o mojados,<\/li><li>El color de la orina es oscuro (despu\u00e9s del d\u00eda 3),<\/li><li>El color de las heces es oscuro (despu\u00e9s del d\u00eda 4),<\/li><li>Su beb\u00e9 no toma pecho tan frecuentemente como se recomienda o si<\/li><li>Sus pechos est\u00e1n doloridos o tiene fiebre y s\u00edntomas similares a una gripe,<\/li><\/ul>\n\n\n\n<p>Debe consultar con su m\u00e9dico.<\/p>\n<\/div><\/div>\n","protected":false},"excerpt":{"rendered":"","protected":false},"author":2,"featured_media":0,"parent":70,"menu_order":27,"comment_status":"closed","ping_status":"closed","template":"","meta":{"_acf_changed":false,"footnotes":""},"from-article-database":[],"class_list":["post-177","page","type-page","status-publish","hentry"],"acf":[],"yoast_head":"<!-- This site is optimized with the Yoast SEO plugin v26.6 - https:\/\/yoast.com\/wordpress\/plugins\/seo\/ -->\n<title>Lactancia en reci\u00e9n nacidos - Multi-Mam<\/title>\n<meta name=\"description\" content=\"\u00bfCu\u00e1ndo es el momento perfecto para empezar a dar el pecho al beb\u00e9 reci\u00e9n nacido?\" \/>\n<meta name=\"robots\" content=\"index, follow, max-snippet:-1, max-image-preview:large, max-video-preview:-1\" \/>\n<link rel=\"canonical\" href=\"https:\/\/multi-mam.com\/es\/articulos\/lactancia\/lactancia-en-recien-nacidos\/\" \/>\n<meta property=\"og:locale\" content=\"es_ES\" \/>\n<meta property=\"og:type\" content=\"article\" \/>\n<meta property=\"og:title\" content=\"Lactancia en reci\u00e9n nacidos - Multi-Mam\" \/>\n<meta property=\"og:description\" content=\"\u00bfCu\u00e1ndo es el momento perfecto para empezar a dar el pecho al beb\u00e9 reci\u00e9n nacido?\" \/>\n<meta property=\"og:url\" content=\"https:\/\/multi-mam.com\/es\/articulos\/lactancia\/lactancia-en-recien-nacidos\/\" \/>\n<meta property=\"og:site_name\" content=\"Multi-Mam\" \/>\n<meta property=\"article:modified_time\" content=\"2025-04-28T12:47:19+00:00\" \/>\n<meta name=\"twitter:card\" content=\"summary_large_image\" \/>\n<meta name=\"twitter:label1\" content=\"Tiempo de lectura\" \/>\n\t<meta name=\"twitter:data1\" content=\"3 minutos\" \/>\n<script type=\"application\/ld+json\" class=\"yoast-schema-graph\">{\"@context\":\"https:\/\/schema.org\",\"@graph\":[{\"@type\":\"WebPage\",\"@id\":\"https:\/\/multi-mam.com\/es\/articulos\/lactancia\/lactancia-en-recien-nacidos\/\",\"url\":\"https:\/\/multi-mam.com\/es\/articulos\/lactancia\/lactancia-en-recien-nacidos\/\",\"name\":\"Lactancia en reci\u00e9n nacidos - Multi-Mam\",\"isPartOf\":{\"@id\":\"https:\/\/multi-mam.com\/es\/#website\"},\"datePublished\":\"2023-04-20T13:01:29+00:00\",\"dateModified\":\"2025-04-28T12:47:19+00:00\",\"description\":\"\u00bfCu\u00e1ndo es el momento perfecto para empezar a dar el pecho al beb\u00e9 reci\u00e9n nacido?\",\"breadcrumb\":{\"@id\":\"https:\/\/multi-mam.com\/es\/articulos\/lactancia\/lactancia-en-recien-nacidos\/#breadcrumb\"},\"inLanguage\":\"es\",\"potentialAction\":[{\"@type\":\"ReadAction\",\"target\":[\"https:\/\/multi-mam.com\/es\/articulos\/lactancia\/lactancia-en-recien-nacidos\/\"]}]},{\"@type\":\"BreadcrumbList\",\"@id\":\"https:\/\/multi-mam.com\/es\/articulos\/lactancia\/lactancia-en-recien-nacidos\/#breadcrumb\",\"itemListElement\":[{\"@type\":\"ListItem\",\"position\":1,\"name\":\"Home\",\"item\":\"https:\/\/multi-mam.com\/es\/\"},{\"@type\":\"ListItem\",\"position\":2,\"name\":\"Art\u00edculos\",\"item\":\"https:\/\/multi-mam.com\/es\/articulos\/\"},{\"@type\":\"ListItem\",\"position\":3,\"name\":\"Lactancia\",\"item\":\"https:\/\/multi-mam.com\/es\/articulos\/lactancia\/\"},{\"@type\":\"ListItem\",\"position\":4,\"name\":\"Lactancia en reci\u00e9n nacidos\"}]},{\"@type\":\"WebSite\",\"@id\":\"https:\/\/multi-mam.com\/es\/#website\",\"url\":\"https:\/\/multi-mam.com\/es\/\",\"name\":\"Multi-Mam\",\"description\":\"\",\"publisher\":{\"@id\":\"https:\/\/multi-mam.com\/es\/#organization\"},\"potentialAction\":[{\"@type\":\"SearchAction\",\"target\":{\"@type\":\"EntryPoint\",\"urlTemplate\":\"https:\/\/multi-mam.com\/es\/?s={search_term_string}\"},\"query-input\":{\"@type\":\"PropertyValueSpecification\",\"valueRequired\":true,\"valueName\":\"search_term_string\"}}],\"inLanguage\":\"es\"},{\"@type\":\"Organization\",\"@id\":\"https:\/\/multi-mam.com\/es\/#organization\",\"name\":\"Multi-Mam\",\"url\":\"https:\/\/multi-mam.com\/es\/\",\"logo\":{\"@type\":\"ImageObject\",\"inLanguage\":\"es\",\"@id\":\"https:\/\/multi-mam.com\/es\/#\/schema\/logo\/image\/\",\"url\":\"https:\/\/multi-mam.com\/app\/uploads\/sites\/27\/2023\/04\/multi-mam-logotype.png\",\"contentUrl\":\"https:\/\/multi-mam.com\/app\/uploads\/sites\/27\/2023\/04\/multi-mam-logotype.png\",\"width\":70,\"height\":96,\"caption\":\"Multi-Mam\"},\"image\":{\"@id\":\"https:\/\/multi-mam.com\/es\/#\/schema\/logo\/image\/\"}}]}<\/script>\n<!-- \/ Yoast SEO plugin. -->","yoast_head_json":{"title":"Lactancia en reci\u00e9n nacidos - Multi-Mam","description":"\u00bfCu\u00e1ndo es el momento perfecto para empezar a dar el pecho al beb\u00e9 reci\u00e9n nacido?","robots":{"index":"index","follow":"follow","max-snippet":"max-snippet:-1","max-image-preview":"max-image-preview:large","max-video-preview":"max-video-preview:-1"},"canonical":"https:\/\/multi-mam.com\/es\/articulos\/lactancia\/lactancia-en-recien-nacidos\/","og_locale":"es_ES","og_type":"article","og_title":"Lactancia en reci\u00e9n nacidos - Multi-Mam","og_description":"\u00bfCu\u00e1ndo es el momento perfecto para empezar a dar el pecho al beb\u00e9 reci\u00e9n nacido?","og_url":"https:\/\/multi-mam.com\/es\/articulos\/lactancia\/lactancia-en-recien-nacidos\/","og_site_name":"Multi-Mam","article_modified_time":"2025-04-28T12:47:19+00:00","twitter_card":"summary_large_image","twitter_misc":{"Tiempo de lectura":"3 minutos"},"schema":{"@context":"https:\/\/schema.org","@graph":[{"@type":"WebPage","@id":"https:\/\/multi-mam.com\/es\/articulos\/lactancia\/lactancia-en-recien-nacidos\/","url":"https:\/\/multi-mam.com\/es\/articulos\/lactancia\/lactancia-en-recien-nacidos\/","name":"Lactancia en reci\u00e9n nacidos - Multi-Mam","isPartOf":{"@id":"https:\/\/multi-mam.com\/es\/#website"},"datePublished":"2023-04-20T13:01:29+00:00","dateModified":"2025-04-28T12:47:19+00:00","description":"\u00bfCu\u00e1ndo es el momento perfecto para empezar a dar el pecho al beb\u00e9 reci\u00e9n nacido?","breadcrumb":{"@id":"https:\/\/multi-mam.com\/es\/articulos\/lactancia\/lactancia-en-recien-nacidos\/#breadcrumb"},"inLanguage":"es","potentialAction":[{"@type":"ReadAction","target":["https:\/\/multi-mam.com\/es\/articulos\/lactancia\/lactancia-en-recien-nacidos\/"]}]},{"@type":"BreadcrumbList","@id":"https:\/\/multi-mam.com\/es\/articulos\/lactancia\/lactancia-en-recien-nacidos\/#breadcrumb","itemListElement":[{"@type":"ListItem","position":1,"name":"Home","item":"https:\/\/multi-mam.com\/es\/"},{"@type":"ListItem","position":2,"name":"Art\u00edculos","item":"https:\/\/multi-mam.com\/es\/articulos\/"},{"@type":"ListItem","position":3,"name":"Lactancia","item":"https:\/\/multi-mam.com\/es\/articulos\/lactancia\/"},{"@type":"ListItem","position":4,"name":"Lactancia en reci\u00e9n nacidos"}]},{"@type":"WebSite","@id":"https:\/\/multi-mam.com\/es\/#website","url":"https:\/\/multi-mam.com\/es\/","name":"Multi-Mam","description":"","publisher":{"@id":"https:\/\/multi-mam.com\/es\/#organization"},"potentialAction":[{"@type":"SearchAction","target":{"@type":"EntryPoint","urlTemplate":"https:\/\/multi-mam.com\/es\/?s={search_term_string}"},"query-input":{"@type":"PropertyValueSpecification","valueRequired":true,"valueName":"search_term_string"}}],"inLanguage":"es"},{"@type":"Organization","@id":"https:\/\/multi-mam.com\/es\/#organization","name":"Multi-Mam","url":"https:\/\/multi-mam.com\/es\/","logo":{"@type":"ImageObject","inLanguage":"es","@id":"https:\/\/multi-mam.com\/es\/#\/schema\/logo\/image\/","url":"https:\/\/multi-mam.com\/app\/uploads\/sites\/27\/2023\/04\/multi-mam-logotype.png","contentUrl":"https:\/\/multi-mam.com\/app\/uploads\/sites\/27\/2023\/04\/multi-mam-logotype.png","width":70,"height":96,"caption":"Multi-Mam"},"image":{"@id":"https:\/\/multi-mam.com\/es\/#\/schema\/logo\/image\/"}}]}},"_links":{"self":[{"href":"https:\/\/multi-mam.com\/es\/wp-json\/wp\/v2\/pages\/177","targetHints":{"allow":["GET"]}}],"collection":[{"href":"https:\/\/multi-mam.com\/es\/wp-json\/wp\/v2\/pages"}],"about":[{"href":"https:\/\/multi-mam.com\/es\/wp-json\/wp\/v2\/types\/page"}],"author":[{"embeddable":true,"href":"https:\/\/multi-mam.com\/es\/wp-json\/wp\/v2\/users\/2"}],"replies":[{"embeddable":true,"href":"https:\/\/multi-mam.com\/es\/wp-json\/wp\/v2\/comments?post=177"}],"version-history":[{"count":2,"href":"https:\/\/multi-mam.com\/es\/wp-json\/wp\/v2\/pages\/177\/revisions"}],"predecessor-version":[{"id":336,"href":"https:\/\/multi-mam.com\/es\/wp-json\/wp\/v2\/pages\/177\/revisions\/336"}],"up":[{"embeddable":true,"href":"https:\/\/multi-mam.com\/es\/wp-json\/wp\/v2\/pages\/70"}],"wp:attachment":[{"href":"https:\/\/multi-mam.com\/es\/wp-json\/wp\/v2\/media?parent=177"}],"wp:term":[{"taxonomy":"from-article-database","embeddable":true,"href":"https:\/\/multi-mam.com\/es\/wp-json\/wp\/v2\/from-article-database?post=177"}],"curies":[{"name":"wp","href":"https:\/\/api.w.org\/{rel}","templated":true}]}}