{"id":175,"date":"2023-04-20T15:01:06","date_gmt":"2023-04-20T13:01:06","guid":{"rendered":"https:\/\/multi-mam.com\/es\/?page_id=175"},"modified":"2025-04-28T14:47:21","modified_gmt":"2025-04-28T12:47:21","slug":"ingurgitacion","status":"publish","type":"page","link":"https:\/\/multi-mam.com\/es\/articulos\/lactancia\/ingurgitacion\/","title":{"rendered":"Ingurgitaci\u00f3n"},"content":{"rendered":"\n<div class=\"wp-block-karopharma-free-text pt-large pb-large bg-center bg-cover bg-no-repeat  is-style-primary\" style=\"background-image:url()\"><div class=\"free-text-wrapper container max-w-medium text-left\">\n<h1 class=\"wp-block-heading\">Ingurgitaci\u00f3n<\/h1>\n\n\n\n<p class=\"is-style-paragraph-preamble\">Despu\u00e9s del nacimiento de su beb\u00e9, sus pechos empiezan a producir calostro, un l\u00edquido repleto de nutrientes y anticuerpos que protegen a su reci\u00e9n nacido ante las infecciones. De dos a cinco d\u00edas despu\u00e9s, sus pechos empiezan a producir leche y pueden sentirse pesados, hinchados y calientes. Esto se llama ingurgitaci\u00f3n o congesti\u00f3n mamaria, una condici\u00f3n com\u00fan que puede durar desde un par de d\u00edas a varias semanas. Si el aumento de la cantidad de leche materna no sale, ya sea mediante lactancia o a trav\u00e9s de sacaleches, los aparece dolor en los pechos y se sienten duros, causando incomodidad para la madre, haciendo tambi\u00e9n m\u00e1s dif\u00edcil la alimentaci\u00f3n para el beb\u00e9.<\/p>\n<\/div><\/div>\n\n\n\n<div class=\"wp-block-karopharma-free-text pt-large pb-large bg-center bg-cover bg-no-repeat\" style=\"background-image:url()\"><div class=\"free-text-wrapper container max-w-medium text-left\">\n<p>La ingurgitaci\u00f3n suele ocurrir durante los primeros d\u00edas despu\u00e9s del parto, pero tambi\u00e9n puede suceder cuando la rutina de lactancia materna se encuentra ya establecida y se debe omitir una toma por cualquier motivo: si la lactancia se detiene repentinamente o si el beb\u00e9 empieza a tomar significativamente menos de lo habitual. La causa m\u00e1s com\u00fan es no engancharse bien al pez\u00f3n, en esta situaci\u00f3n, su beb\u00e9 no puede mamar correctamente, as\u00ed que sus pechos pueden estar demasiado llenos de leche.<\/p>\n\n\n\n<p>Los pezones duros pueden hacer que sea m\u00e1s dif\u00edcil para su beb\u00e9 engancharse, por lo \u00e9ste puede succionar m\u00e1s fuerte, lo que a su vez puede resultar en pezones agrietados y doloridos. Algunas madres omiten una toma o dos para que sus pezones se recuperen, pero esto s\u00f3lo conduce a empeorar la ingurgitaci\u00f3n. La ingurgitaci\u00f3n o congesti\u00f3n prolongada puede dar lugar a una disminuci\u00f3n de la producci\u00f3n de leche o puede convertirse en una infecci\u00f3n llamada mastitis.<\/p>\n\n\n\n<h2 class=\"is-style-heading-h2 wp-block-heading\">C\u00f3mo identificar la ingurgitaci\u00f3n<\/h2>\n\n\n\n<p>Los s\u00edntomas t\u00edpicos incluyen:<\/p>\n\n\n\n<ul class=\"is-style-default wp-block-list\"><li>Pechos firmes, hinchados y con dolor, que a menudo son rojos, c\u00e1lidos al tacto y pueden sentirse abultados<\/li><li>Pezones firmemente aplanados<\/li><li>Hinchaz\u00f3n o sensibilidad alrededor de las axilas<\/li><li>Fiebre leve o s\u00edntomas similares a los de la gripe (si este es el caso, acuda al m\u00e9dico)<\/li><\/ul>\n\n\n\n<h2 class=\"is-style-heading-h2 wp-block-heading\">Prevenci\u00f3n<\/h2>\n\n\n\n<p>Normalmente podr\u00e1 dar el pecho a su beb\u00e9 dos horas despu\u00e9s del parto. De el pecho cada 1 o 3 horas, o cada vez que note los primeros signos de hambre en su beb\u00e9. Su beb\u00e9 puede estar inquieto o empezar a quejarse. Hable con el profesional para asegurarse de que su beb\u00e9 se engancha correctamente, esto puede crear una gran diferencia y protegerle de problemas como ingurgitaci\u00f3n o dolor en los pezones. Si necesita saltarse una toma, saque la leche (puede guardarla en el congelador y usarla cuando no se encuentre). Durante la lactancia, trate de dar un pecho completamente antes de ofrecer el otro. Empiece una nueva toma con el pecho con el que termin\u00f3 la toma anterior. Una vez que empiece a dar el pecho, realice el proceso gradualmente. Una interrupci\u00f3n repentina de la toma puede dejar sus pechos llenos de leche, lo que lleva a ingurgitaci\u00f3n y mastitis.<\/p>\n\n\n\n<h2 class=\"is-style-heading-h2 wp-block-heading\">Tratamiento<\/h2>\n\n\n\n<p>Si sus pechos est\u00e1n hinchados y obstru\u00eddos, trate de dar el pecho tan a menudo como sea posible. Una compresa caliente antes de dar el pecho puede suavizar el pecho y permitir que se exprima m\u00e1s leche. El uso de paracetamol puede ayudar a aliviar el dolor y la hinchaz\u00f3n si sus pechos todav\u00eda se encuentran hinchados y doloridos. Tras la lactancia, aplique una compresa fr\u00eda. Puede utilizar una toalla mojada, o una compresa especial para el pez\u00f3n que contiene ingredientes que calman y nutren simult\u00e1neamente la piel de alrededor del pez\u00f3n y previenen la aparici\u00f3n de grietas. Adem\u00e1s, masajear suavemente el pecho antes y durante la lactancia puede ayudar a aumentar el flujo de leche. Su beb\u00e9 podr\u00eda tener problemas para encgancharse si sus pezones est\u00e1n duros. Saqueprimero un poco de leche para que sea m\u00e1s f\u00e1cil.<\/p>\n\n\n\n<p>Si no est\u00e1 dando el pecho, intente sacar algo de leche a mano o mediante un sacaleches. Tambi\u00e9n puede proporcionar algo de alivio el uso de un sujetador especial para lactancia.<\/p>\n\n\n\n<p>En caso de que ninguno de estos m\u00e9todos funcione y sus pechos continuen hinchados, consulte a su m\u00e9dico.<\/p>\n<\/div><\/div>\n","protected":false},"excerpt":{"rendered":"","protected":false},"author":2,"featured_media":0,"parent":70,"menu_order":26,"comment_status":"closed","ping_status":"closed","template":"","meta":{"_acf_changed":false,"footnotes":""},"from-article-database":[],"class_list":["post-175","page","type-page","status-publish","hentry"],"acf":[],"yoast_head":"<!-- This site is optimized with the Yoast SEO plugin v26.6 - https:\/\/yoast.com\/wordpress\/plugins\/seo\/ -->\n<title>Ingurgitaci\u00f3n - Multi-Mam<\/title>\n<meta name=\"description\" content=\"Despu\u00e9s del nacimiento de su beb\u00e9, sus pechos empiezan a producir calostro, un l\u00edquido repleto de nutrientes y anticuerpos que protegen a su reci\u00e9n nacido ante las infecciones.\" \/>\n<meta name=\"robots\" content=\"index, follow, max-snippet:-1, max-image-preview:large, max-video-preview:-1\" \/>\n<link rel=\"canonical\" href=\"https:\/\/multi-mam.com\/es\/articulos\/lactancia\/ingurgitacion\/\" \/>\n<meta property=\"og:locale\" content=\"es_ES\" \/>\n<meta property=\"og:type\" content=\"article\" \/>\n<meta property=\"og:title\" content=\"Ingurgitaci\u00f3n - Multi-Mam\" \/>\n<meta property=\"og:description\" content=\"Despu\u00e9s del nacimiento de su beb\u00e9, sus pechos empiezan a producir calostro, un l\u00edquido repleto de nutrientes y anticuerpos que protegen a su reci\u00e9n nacido ante las infecciones.\" \/>\n<meta property=\"og:url\" content=\"https:\/\/multi-mam.com\/es\/articulos\/lactancia\/ingurgitacion\/\" \/>\n<meta property=\"og:site_name\" content=\"Multi-Mam\" \/>\n<meta property=\"article:modified_time\" content=\"2025-04-28T12:47:21+00:00\" \/>\n<meta name=\"twitter:card\" content=\"summary_large_image\" \/>\n<meta name=\"twitter:label1\" content=\"Tiempo de lectura\" \/>\n\t<meta name=\"twitter:data1\" content=\"4 minutos\" \/>\n<script type=\"application\/ld+json\" class=\"yoast-schema-graph\">{\"@context\":\"https:\/\/schema.org\",\"@graph\":[{\"@type\":\"WebPage\",\"@id\":\"https:\/\/multi-mam.com\/es\/articulos\/lactancia\/ingurgitacion\/\",\"url\":\"https:\/\/multi-mam.com\/es\/articulos\/lactancia\/ingurgitacion\/\",\"name\":\"Ingurgitaci\u00f3n - Multi-Mam\",\"isPartOf\":{\"@id\":\"https:\/\/multi-mam.com\/es\/#website\"},\"datePublished\":\"2023-04-20T13:01:06+00:00\",\"dateModified\":\"2025-04-28T12:47:21+00:00\",\"description\":\"Despu\u00e9s del nacimiento de su beb\u00e9, sus pechos empiezan a producir calostro, un l\u00edquido repleto de nutrientes y anticuerpos que protegen a su reci\u00e9n nacido ante las infecciones.\",\"breadcrumb\":{\"@id\":\"https:\/\/multi-mam.com\/es\/articulos\/lactancia\/ingurgitacion\/#breadcrumb\"},\"inLanguage\":\"es\",\"potentialAction\":[{\"@type\":\"ReadAction\",\"target\":[\"https:\/\/multi-mam.com\/es\/articulos\/lactancia\/ingurgitacion\/\"]}]},{\"@type\":\"BreadcrumbList\",\"@id\":\"https:\/\/multi-mam.com\/es\/articulos\/lactancia\/ingurgitacion\/#breadcrumb\",\"itemListElement\":[{\"@type\":\"ListItem\",\"position\":1,\"name\":\"Home\",\"item\":\"https:\/\/multi-mam.com\/es\/\"},{\"@type\":\"ListItem\",\"position\":2,\"name\":\"Art\u00edculos\",\"item\":\"https:\/\/multi-mam.com\/es\/articulos\/\"},{\"@type\":\"ListItem\",\"position\":3,\"name\":\"Lactancia\",\"item\":\"https:\/\/multi-mam.com\/es\/articulos\/lactancia\/\"},{\"@type\":\"ListItem\",\"position\":4,\"name\":\"Ingurgitaci\u00f3n\"}]},{\"@type\":\"WebSite\",\"@id\":\"https:\/\/multi-mam.com\/es\/#website\",\"url\":\"https:\/\/multi-mam.com\/es\/\",\"name\":\"Multi-Mam\",\"description\":\"\",\"publisher\":{\"@id\":\"https:\/\/multi-mam.com\/es\/#organization\"},\"potentialAction\":[{\"@type\":\"SearchAction\",\"target\":{\"@type\":\"EntryPoint\",\"urlTemplate\":\"https:\/\/multi-mam.com\/es\/?s={search_term_string}\"},\"query-input\":{\"@type\":\"PropertyValueSpecification\",\"valueRequired\":true,\"valueName\":\"search_term_string\"}}],\"inLanguage\":\"es\"},{\"@type\":\"Organization\",\"@id\":\"https:\/\/multi-mam.com\/es\/#organization\",\"name\":\"Multi-Mam\",\"url\":\"https:\/\/multi-mam.com\/es\/\",\"logo\":{\"@type\":\"ImageObject\",\"inLanguage\":\"es\",\"@id\":\"https:\/\/multi-mam.com\/es\/#\/schema\/logo\/image\/\",\"url\":\"https:\/\/multi-mam.com\/app\/uploads\/sites\/27\/2023\/04\/multi-mam-logotype.png\",\"contentUrl\":\"https:\/\/multi-mam.com\/app\/uploads\/sites\/27\/2023\/04\/multi-mam-logotype.png\",\"width\":70,\"height\":96,\"caption\":\"Multi-Mam\"},\"image\":{\"@id\":\"https:\/\/multi-mam.com\/es\/#\/schema\/logo\/image\/\"}}]}<\/script>\n<!-- \/ Yoast SEO plugin. -->","yoast_head_json":{"title":"Ingurgitaci\u00f3n - Multi-Mam","description":"Despu\u00e9s del nacimiento de su beb\u00e9, sus pechos empiezan a producir calostro, un l\u00edquido repleto de nutrientes y anticuerpos que protegen a su reci\u00e9n nacido ante las infecciones.","robots":{"index":"index","follow":"follow","max-snippet":"max-snippet:-1","max-image-preview":"max-image-preview:large","max-video-preview":"max-video-preview:-1"},"canonical":"https:\/\/multi-mam.com\/es\/articulos\/lactancia\/ingurgitacion\/","og_locale":"es_ES","og_type":"article","og_title":"Ingurgitaci\u00f3n - Multi-Mam","og_description":"Despu\u00e9s del nacimiento de su beb\u00e9, sus pechos empiezan a producir calostro, un l\u00edquido repleto de nutrientes y anticuerpos que protegen a su reci\u00e9n nacido ante las infecciones.","og_url":"https:\/\/multi-mam.com\/es\/articulos\/lactancia\/ingurgitacion\/","og_site_name":"Multi-Mam","article_modified_time":"2025-04-28T12:47:21+00:00","twitter_card":"summary_large_image","twitter_misc":{"Tiempo de lectura":"4 minutos"},"schema":{"@context":"https:\/\/schema.org","@graph":[{"@type":"WebPage","@id":"https:\/\/multi-mam.com\/es\/articulos\/lactancia\/ingurgitacion\/","url":"https:\/\/multi-mam.com\/es\/articulos\/lactancia\/ingurgitacion\/","name":"Ingurgitaci\u00f3n - Multi-Mam","isPartOf":{"@id":"https:\/\/multi-mam.com\/es\/#website"},"datePublished":"2023-04-20T13:01:06+00:00","dateModified":"2025-04-28T12:47:21+00:00","description":"Despu\u00e9s del nacimiento de su beb\u00e9, sus pechos empiezan a producir calostro, un l\u00edquido repleto de nutrientes y anticuerpos que protegen a su reci\u00e9n nacido ante las infecciones.","breadcrumb":{"@id":"https:\/\/multi-mam.com\/es\/articulos\/lactancia\/ingurgitacion\/#breadcrumb"},"inLanguage":"es","potentialAction":[{"@type":"ReadAction","target":["https:\/\/multi-mam.com\/es\/articulos\/lactancia\/ingurgitacion\/"]}]},{"@type":"BreadcrumbList","@id":"https:\/\/multi-mam.com\/es\/articulos\/lactancia\/ingurgitacion\/#breadcrumb","itemListElement":[{"@type":"ListItem","position":1,"name":"Home","item":"https:\/\/multi-mam.com\/es\/"},{"@type":"ListItem","position":2,"name":"Art\u00edculos","item":"https:\/\/multi-mam.com\/es\/articulos\/"},{"@type":"ListItem","position":3,"name":"Lactancia","item":"https:\/\/multi-mam.com\/es\/articulos\/lactancia\/"},{"@type":"ListItem","position":4,"name":"Ingurgitaci\u00f3n"}]},{"@type":"WebSite","@id":"https:\/\/multi-mam.com\/es\/#website","url":"https:\/\/multi-mam.com\/es\/","name":"Multi-Mam","description":"","publisher":{"@id":"https:\/\/multi-mam.com\/es\/#organization"},"potentialAction":[{"@type":"SearchAction","target":{"@type":"EntryPoint","urlTemplate":"https:\/\/multi-mam.com\/es\/?s={search_term_string}"},"query-input":{"@type":"PropertyValueSpecification","valueRequired":true,"valueName":"search_term_string"}}],"inLanguage":"es"},{"@type":"Organization","@id":"https:\/\/multi-mam.com\/es\/#organization","name":"Multi-Mam","url":"https:\/\/multi-mam.com\/es\/","logo":{"@type":"ImageObject","inLanguage":"es","@id":"https:\/\/multi-mam.com\/es\/#\/schema\/logo\/image\/","url":"https:\/\/multi-mam.com\/app\/uploads\/sites\/27\/2023\/04\/multi-mam-logotype.png","contentUrl":"https:\/\/multi-mam.com\/app\/uploads\/sites\/27\/2023\/04\/multi-mam-logotype.png","width":70,"height":96,"caption":"Multi-Mam"},"image":{"@id":"https:\/\/multi-mam.com\/es\/#\/schema\/logo\/image\/"}}]}},"_links":{"self":[{"href":"https:\/\/multi-mam.com\/es\/wp-json\/wp\/v2\/pages\/175","targetHints":{"allow":["GET"]}}],"collection":[{"href":"https:\/\/multi-mam.com\/es\/wp-json\/wp\/v2\/pages"}],"about":[{"href":"https:\/\/multi-mam.com\/es\/wp-json\/wp\/v2\/types\/page"}],"author":[{"embeddable":true,"href":"https:\/\/multi-mam.com\/es\/wp-json\/wp\/v2\/users\/2"}],"replies":[{"embeddable":true,"href":"https:\/\/multi-mam.com\/es\/wp-json\/wp\/v2\/comments?post=175"}],"version-history":[{"count":2,"href":"https:\/\/multi-mam.com\/es\/wp-json\/wp\/v2\/pages\/175\/revisions"}],"predecessor-version":[{"id":334,"href":"https:\/\/multi-mam.com\/es\/wp-json\/wp\/v2\/pages\/175\/revisions\/334"}],"up":[{"embeddable":true,"href":"https:\/\/multi-mam.com\/es\/wp-json\/wp\/v2\/pages\/70"}],"wp:attachment":[{"href":"https:\/\/multi-mam.com\/es\/wp-json\/wp\/v2\/media?parent=175"}],"wp:term":[{"taxonomy":"from-article-database","embeddable":true,"href":"https:\/\/multi-mam.com\/es\/wp-json\/wp\/v2\/from-article-database?post=175"}],"curies":[{"name":"wp","href":"https:\/\/api.w.org\/{rel}","templated":true}]}}