{"id":169,"date":"2023-04-20T15:00:07","date_gmt":"2023-04-20T13:00:07","guid":{"rendered":"https:\/\/multi-mam.com\/es\/?page_id=169"},"modified":"2025-04-28T14:47:27","modified_gmt":"2025-04-28T12:47:27","slug":"como-detener-la-lactancia","status":"publish","type":"page","link":"https:\/\/multi-mam.com\/es\/articulos\/lactancia\/como-detener-la-lactancia\/","title":{"rendered":"C\u00f3mo detener la lactancia"},"content":{"rendered":"\n<div class=\"wp-block-karopharma-free-text pt-large pb-large bg-center bg-cover bg-no-repeat  is-style-primary\" style=\"background-image:url()\"><div class=\"free-text-wrapper container max-w-medium text-left\">\n<h1 class=\"wp-block-heading\">C\u00f3mo detener la lactancia<\/h1>\n\n\n\n<p class=\"is-style-paragraph-preamble\">Sin ninguna duda, la lactancia es incre\u00edblemente beneficios tanto para la madre como para el beb\u00e9. Por ello, los expertos recomiendan dar el pecho al menos hasta que su ni\u00f1o tiene un a\u00f1o. Decida lo que decida, el momento llega cuando tiene que dejar de depender de dar el pecho. Este puede ser un periodo muy emocional. Puede experimentar emociones mixtas \u2013 se espera un poco de tristeza mezclada con alegr\u00eda y excitaci\u00f3n. Muchas madres tienen dudas acerca si detener la lactancia materna de golpe o hacerlo gradualmente, por lo que hemos preparado algunas gu\u00edas pr\u00e1cticas que pueden ayudarle a dejar de dar el pecho sin estr\u00e9s.<\/p>\n<\/div><\/div>\n\n\n\n<div class=\"wp-block-karopharma-free-text pt-large pb-large bg-center bg-cover bg-no-repeat\" style=\"background-image:url()\"><div class=\"free-text-wrapper container max-w-medium text-left\">\n<h2 class=\"is-style-heading-h2 wp-block-heading\">C\u00faando detener la lactancia<\/h2>\n\n\n\n<p>Hay muchos m\u00e9todos que puede utilizar para determinar el momento adecuado para dejar de dar el pecho. Lo m\u00e1s com\u00fan es saltarse una toma gradualmente, empezando con una toma y dependiendo de la edad del beb\u00e9 reemplazarla con alimentos s\u00f3lidos. Si la madre vuelve al trabajo no suele ser f\u00e1cil continuar con la toma durante el dia, por lo que puede continuar con las tomas de la noche y la ma\u00f1ana. Cuando su ni\u00f1o come alimentos s\u00f3lidos y mama dos veces al d\u00eda, puede simplemente dejar esas tomas y detener la lactancia. O puede decidir dejar que su hijo le muestre cuando est\u00e1 preparado para dejarlo. Esto normalmente ocurre entre los 2 y 4 a\u00f1os de edad, cuando su hijo lentamente pierde el inter\u00e9s por la lactancia.<\/p>\n\n\n\n<p>Un enfoque gradual es normalmente m\u00e1s f\u00e1cil para el beb\u00e9 y ayuda a prevenir la ingurgitaci\u00f3n y mastitis, ya que la producci\u00f3n de leche disminuir\u00e1 gradualmente.<\/p>\n\n\n\n<h2 class=\"is-style-heading-h2 wp-block-heading\">C\u00faanto tiempo suele durar la lactancia<\/h2>\n\n\n\n<p>Depende de cada persona, normalmente dura entre 2 y 6 meses, dependiendo de lo r\u00e1pido que su beb\u00e9 se adapte al cambio.<\/p>\n\n\n\n<h2 class=\"is-style-heading-h2 wp-block-heading\">El proceso de lactancia<\/h2>\n\n\n\n<p>Si est\u00e1 dando el pecho a su beb\u00e9 despu\u00e9s de cumplir el a\u00f1o, empiece a ofrecerle una peque\u00f1a porci\u00f3n de alimento s\u00f3lido justo despu\u00e9s de la toma. Una vez que su hijo coma bien, introduzca la comida antes de la toma. Lentamente aumente la cantidad de comida que come el ni\u00f1o y disminuya el tiempo que dedida a darle el pecho. Acortando las tomas cada d\u00eda y esperando que su pecho se adapte a ello reducir\u00e1 el riesgo de padecer mastitis.<\/p>\n\n\n\n<p>Otro buen enfoque es empezar gradualmente a posponer la hora de las tomas, 15 minutos cada vez. Cuando su hijo empiece a mamar s\u00f3lo antes de acostarse, puede intentar sustituirlo ofreciendole un biber\u00f3n con agua o leche. Si esta transici\u00f3n es dif\u00edcil para usted, puede ser una buena idea que su pareja acueste al ni\u00f1o.<\/p>\n\n\n\n<p>Si necesita dejar de dar el pecho antes del primer a\u00f1o, debe sustituir la leche materna por leche de continuaci\u00f3n. La mejor manera para que sea f\u00e1cil para su beb\u00e9 es combinar esto dos m\u00e9todos y gradualmente ir aumentando el ratio a favor de la f\u00f3rmula artificial, hasta que puedeas dejar de dar el pecho completamente.<\/p>\n\n\n\n<p>Pueden existir tambi\u00e9n razones m\u00e9dicas para detener la lactancia. Consulte con su m\u00e9dico sobre c\u00f3mo alimentar a su beb\u00e9.<\/p>\n\n\n\n<p>La lactancia materna es m\u00e1s que s\u00f3lo dar de comer a su beb\u00e9, tambi\u00e9n proporciona una sensaci\u00f3n de confort, seguridad y prozimidad. Intente encontrar otras maneras de relacionarse con su beb\u00e9 y ofrecerle confort. Puede ser algo sencillo, como jugar juntos, leer un libro o dedicar un tiempo a acariciarle.<\/p>\n\n\n\n<p>Si van a haber grandes cambios en la vida de su beb\u00e9 como una mudanza, que usted empiece a trabajar o ha estado enfermo recientemente, puede no ser el mejor momento para empezar a cambiar m\u00e1s cosas. Dejar de dar el pecho es un proceso que necesita algo de tiempo, no corra y sea paciente.<\/p>\n\n\n\n<p>Una vez que deje de dar el pecho, los niveles de hormonas en su cuerpo necesitan restablecerse. Esto puede influir en su humor y hacerla sentir un poco baja de \u00e1nimos. Dedique tiempo a usted misma, rel\u00e1jese o pase una tarde agradable con sus amigas. Y no se preocupe, dejar de dar el pecho s\u00f3lo significa que su ni\u00f1o comer\u00e1 alimentos s\u00f3lidos, y usted continuar\u00e1 disfrutando los beneficios de la relaci\u00f3n que ha construido con \u00e9l durante este tiempo.<\/p>\n<\/div><\/div>\n","protected":false},"excerpt":{"rendered":"","protected":false},"author":2,"featured_media":0,"parent":70,"menu_order":23,"comment_status":"closed","ping_status":"closed","template":"","meta":{"_acf_changed":false,"footnotes":""},"from-article-database":[],"class_list":["post-169","page","type-page","status-publish","hentry"],"acf":[],"yoast_head":"<!-- This site is optimized with the Yoast SEO plugin v26.6 - https:\/\/yoast.com\/wordpress\/plugins\/seo\/ -->\n<title>C\u00f3mo detener la lactancia - Multi-Mam<\/title>\n<meta name=\"description\" content=\"Muchas madres tienen dudas acerca si detener la lactancia materna de golpe o hacerlo gradualmente, por lo que hemos preparado algunas gu\u00edas pr\u00e1cticas que pueden ayudarle a dejar de dar el pecho sin estr\u00e9s.\" \/>\n<meta name=\"robots\" content=\"index, follow, max-snippet:-1, max-image-preview:large, max-video-preview:-1\" \/>\n<link rel=\"canonical\" href=\"https:\/\/multi-mam.com\/es\/articulos\/lactancia\/como-detener-la-lactancia\/\" \/>\n<meta property=\"og:locale\" content=\"es_ES\" \/>\n<meta property=\"og:type\" content=\"article\" \/>\n<meta property=\"og:title\" content=\"C\u00f3mo detener la lactancia - Multi-Mam\" \/>\n<meta property=\"og:description\" content=\"Muchas madres tienen dudas acerca si detener la lactancia materna de golpe o hacerlo gradualmente, por lo que hemos preparado algunas gu\u00edas pr\u00e1cticas que pueden ayudarle a dejar de dar el pecho sin estr\u00e9s.\" \/>\n<meta property=\"og:url\" content=\"https:\/\/multi-mam.com\/es\/articulos\/lactancia\/como-detener-la-lactancia\/\" \/>\n<meta property=\"og:site_name\" content=\"Multi-Mam\" \/>\n<meta property=\"article:modified_time\" content=\"2025-04-28T12:47:27+00:00\" \/>\n<meta name=\"twitter:card\" content=\"summary_large_image\" \/>\n<meta name=\"twitter:label1\" content=\"Tiempo de lectura\" \/>\n\t<meta name=\"twitter:data1\" content=\"4 minutos\" \/>\n<script type=\"application\/ld+json\" class=\"yoast-schema-graph\">{\"@context\":\"https:\/\/schema.org\",\"@graph\":[{\"@type\":\"WebPage\",\"@id\":\"https:\/\/multi-mam.com\/es\/articulos\/lactancia\/como-detener-la-lactancia\/\",\"url\":\"https:\/\/multi-mam.com\/es\/articulos\/lactancia\/como-detener-la-lactancia\/\",\"name\":\"C\u00f3mo detener la lactancia - Multi-Mam\",\"isPartOf\":{\"@id\":\"https:\/\/multi-mam.com\/es\/#website\"},\"datePublished\":\"2023-04-20T13:00:07+00:00\",\"dateModified\":\"2025-04-28T12:47:27+00:00\",\"description\":\"Muchas madres tienen dudas acerca si detener la lactancia materna de golpe o hacerlo gradualmente, por lo que hemos preparado algunas gu\u00edas pr\u00e1cticas que pueden ayudarle a dejar de dar el pecho sin estr\u00e9s.\",\"breadcrumb\":{\"@id\":\"https:\/\/multi-mam.com\/es\/articulos\/lactancia\/como-detener-la-lactancia\/#breadcrumb\"},\"inLanguage\":\"es\",\"potentialAction\":[{\"@type\":\"ReadAction\",\"target\":[\"https:\/\/multi-mam.com\/es\/articulos\/lactancia\/como-detener-la-lactancia\/\"]}]},{\"@type\":\"BreadcrumbList\",\"@id\":\"https:\/\/multi-mam.com\/es\/articulos\/lactancia\/como-detener-la-lactancia\/#breadcrumb\",\"itemListElement\":[{\"@type\":\"ListItem\",\"position\":1,\"name\":\"Home\",\"item\":\"https:\/\/multi-mam.com\/es\/\"},{\"@type\":\"ListItem\",\"position\":2,\"name\":\"Art\u00edculos\",\"item\":\"https:\/\/multi-mam.com\/es\/articulos\/\"},{\"@type\":\"ListItem\",\"position\":3,\"name\":\"Lactancia\",\"item\":\"https:\/\/multi-mam.com\/es\/articulos\/lactancia\/\"},{\"@type\":\"ListItem\",\"position\":4,\"name\":\"C\u00f3mo detener la lactancia\"}]},{\"@type\":\"WebSite\",\"@id\":\"https:\/\/multi-mam.com\/es\/#website\",\"url\":\"https:\/\/multi-mam.com\/es\/\",\"name\":\"Multi-Mam\",\"description\":\"\",\"publisher\":{\"@id\":\"https:\/\/multi-mam.com\/es\/#organization\"},\"potentialAction\":[{\"@type\":\"SearchAction\",\"target\":{\"@type\":\"EntryPoint\",\"urlTemplate\":\"https:\/\/multi-mam.com\/es\/?s={search_term_string}\"},\"query-input\":{\"@type\":\"PropertyValueSpecification\",\"valueRequired\":true,\"valueName\":\"search_term_string\"}}],\"inLanguage\":\"es\"},{\"@type\":\"Organization\",\"@id\":\"https:\/\/multi-mam.com\/es\/#organization\",\"name\":\"Multi-Mam\",\"url\":\"https:\/\/multi-mam.com\/es\/\",\"logo\":{\"@type\":\"ImageObject\",\"inLanguage\":\"es\",\"@id\":\"https:\/\/multi-mam.com\/es\/#\/schema\/logo\/image\/\",\"url\":\"https:\/\/multi-mam.com\/app\/uploads\/sites\/27\/2023\/04\/multi-mam-logotype.png\",\"contentUrl\":\"https:\/\/multi-mam.com\/app\/uploads\/sites\/27\/2023\/04\/multi-mam-logotype.png\",\"width\":70,\"height\":96,\"caption\":\"Multi-Mam\"},\"image\":{\"@id\":\"https:\/\/multi-mam.com\/es\/#\/schema\/logo\/image\/\"}}]}<\/script>\n<!-- \/ Yoast SEO plugin. -->","yoast_head_json":{"title":"C\u00f3mo detener la lactancia - Multi-Mam","description":"Muchas madres tienen dudas acerca si detener la lactancia materna de golpe o hacerlo gradualmente, por lo que hemos preparado algunas gu\u00edas pr\u00e1cticas que pueden ayudarle a dejar de dar el pecho sin estr\u00e9s.","robots":{"index":"index","follow":"follow","max-snippet":"max-snippet:-1","max-image-preview":"max-image-preview:large","max-video-preview":"max-video-preview:-1"},"canonical":"https:\/\/multi-mam.com\/es\/articulos\/lactancia\/como-detener-la-lactancia\/","og_locale":"es_ES","og_type":"article","og_title":"C\u00f3mo detener la lactancia - Multi-Mam","og_description":"Muchas madres tienen dudas acerca si detener la lactancia materna de golpe o hacerlo gradualmente, por lo que hemos preparado algunas gu\u00edas pr\u00e1cticas que pueden ayudarle a dejar de dar el pecho sin estr\u00e9s.","og_url":"https:\/\/multi-mam.com\/es\/articulos\/lactancia\/como-detener-la-lactancia\/","og_site_name":"Multi-Mam","article_modified_time":"2025-04-28T12:47:27+00:00","twitter_card":"summary_large_image","twitter_misc":{"Tiempo de lectura":"4 minutos"},"schema":{"@context":"https:\/\/schema.org","@graph":[{"@type":"WebPage","@id":"https:\/\/multi-mam.com\/es\/articulos\/lactancia\/como-detener-la-lactancia\/","url":"https:\/\/multi-mam.com\/es\/articulos\/lactancia\/como-detener-la-lactancia\/","name":"C\u00f3mo detener la lactancia - Multi-Mam","isPartOf":{"@id":"https:\/\/multi-mam.com\/es\/#website"},"datePublished":"2023-04-20T13:00:07+00:00","dateModified":"2025-04-28T12:47:27+00:00","description":"Muchas madres tienen dudas acerca si detener la lactancia materna de golpe o hacerlo gradualmente, por lo que hemos preparado algunas gu\u00edas pr\u00e1cticas que pueden ayudarle a dejar de dar el pecho sin estr\u00e9s.","breadcrumb":{"@id":"https:\/\/multi-mam.com\/es\/articulos\/lactancia\/como-detener-la-lactancia\/#breadcrumb"},"inLanguage":"es","potentialAction":[{"@type":"ReadAction","target":["https:\/\/multi-mam.com\/es\/articulos\/lactancia\/como-detener-la-lactancia\/"]}]},{"@type":"BreadcrumbList","@id":"https:\/\/multi-mam.com\/es\/articulos\/lactancia\/como-detener-la-lactancia\/#breadcrumb","itemListElement":[{"@type":"ListItem","position":1,"name":"Home","item":"https:\/\/multi-mam.com\/es\/"},{"@type":"ListItem","position":2,"name":"Art\u00edculos","item":"https:\/\/multi-mam.com\/es\/articulos\/"},{"@type":"ListItem","position":3,"name":"Lactancia","item":"https:\/\/multi-mam.com\/es\/articulos\/lactancia\/"},{"@type":"ListItem","position":4,"name":"C\u00f3mo detener la lactancia"}]},{"@type":"WebSite","@id":"https:\/\/multi-mam.com\/es\/#website","url":"https:\/\/multi-mam.com\/es\/","name":"Multi-Mam","description":"","publisher":{"@id":"https:\/\/multi-mam.com\/es\/#organization"},"potentialAction":[{"@type":"SearchAction","target":{"@type":"EntryPoint","urlTemplate":"https:\/\/multi-mam.com\/es\/?s={search_term_string}"},"query-input":{"@type":"PropertyValueSpecification","valueRequired":true,"valueName":"search_term_string"}}],"inLanguage":"es"},{"@type":"Organization","@id":"https:\/\/multi-mam.com\/es\/#organization","name":"Multi-Mam","url":"https:\/\/multi-mam.com\/es\/","logo":{"@type":"ImageObject","inLanguage":"es","@id":"https:\/\/multi-mam.com\/es\/#\/schema\/logo\/image\/","url":"https:\/\/multi-mam.com\/app\/uploads\/sites\/27\/2023\/04\/multi-mam-logotype.png","contentUrl":"https:\/\/multi-mam.com\/app\/uploads\/sites\/27\/2023\/04\/multi-mam-logotype.png","width":70,"height":96,"caption":"Multi-Mam"},"image":{"@id":"https:\/\/multi-mam.com\/es\/#\/schema\/logo\/image\/"}}]}},"_links":{"self":[{"href":"https:\/\/multi-mam.com\/es\/wp-json\/wp\/v2\/pages\/169","targetHints":{"allow":["GET"]}}],"collection":[{"href":"https:\/\/multi-mam.com\/es\/wp-json\/wp\/v2\/pages"}],"about":[{"href":"https:\/\/multi-mam.com\/es\/wp-json\/wp\/v2\/types\/page"}],"author":[{"embeddable":true,"href":"https:\/\/multi-mam.com\/es\/wp-json\/wp\/v2\/users\/2"}],"replies":[{"embeddable":true,"href":"https:\/\/multi-mam.com\/es\/wp-json\/wp\/v2\/comments?post=169"}],"version-history":[{"count":3,"href":"https:\/\/multi-mam.com\/es\/wp-json\/wp\/v2\/pages\/169\/revisions"}],"predecessor-version":[{"id":328,"href":"https:\/\/multi-mam.com\/es\/wp-json\/wp\/v2\/pages\/169\/revisions\/328"}],"up":[{"embeddable":true,"href":"https:\/\/multi-mam.com\/es\/wp-json\/wp\/v2\/pages\/70"}],"wp:attachment":[{"href":"https:\/\/multi-mam.com\/es\/wp-json\/wp\/v2\/media?parent=169"}],"wp:term":[{"taxonomy":"from-article-database","embeddable":true,"href":"https:\/\/multi-mam.com\/es\/wp-json\/wp\/v2\/from-article-database?post=169"}],"curies":[{"name":"wp","href":"https:\/\/api.w.org\/{rel}","templated":true}]}}