{"id":167,"date":"2023-04-20T14:59:47","date_gmt":"2023-04-20T12:59:47","guid":{"rendered":"https:\/\/multi-mam.com\/es\/?page_id=167"},"modified":"2025-04-28T14:47:30","modified_gmt":"2025-04-28T12:47:30","slug":"lactantes","status":"publish","type":"page","link":"https:\/\/multi-mam.com\/es\/articulos\/lactancia\/lactantes\/","title":{"rendered":"Lactantes"},"content":{"rendered":"\n<div class=\"wp-block-karopharma-free-text pt-large pb-large bg-center bg-cover bg-no-repeat  is-style-primary\" style=\"background-image:url()\"><div class=\"free-text-wrapper container max-w-medium text-left\">\n<h1 class=\"wp-block-heading\">Lactantes<\/h1>\n\n\n\n<p class=\"is-style-paragraph-preamble\">Cuando llega a casa con su beb\u00e9 despu\u00e9s de dejar el hospital, es normal encontrarse en un torbellino de preguntas, dudas y preocupaciones sobre c\u00f3mo proporcionar a su beb\u00e9 una nutrici\u00f3n adecuada. Alimentar a un beb\u00e9 requiere gran parte de su d\u00eda, por lo que es importante conocer algunos consejos e informaci\u00f3n para pasar los primeros d\u00edas en casa tan libre de estr\u00e9s como sea posible.<\/p>\n<\/div><\/div>\n\n\n\n<div class=\"wp-block-karopharma-free-text pt-large pb-large bg-center bg-cover bg-no-repeat\" style=\"background-image:url()\"><div class=\"free-text-wrapper container max-w-medium text-left\">\n<h2 class=\"is-style-heading-h2 wp-block-heading\">Con qu\u00e9 alimentar<\/h2>\n\n\n\n<p>Los expertos de todo el mundo recomiendan la lactancia materna por ser extremadamente beneficiosa tanto para la madre como para el beb\u00e9. Adem\u00e1s de que el beb\u00e9 recibe todos los nutrientes necesarios y est\u00e1 protegido de infecciones durante m\u00e1s tiempo, la lactancia tambi\u00e9n tiene efectos positivos en la madre, ofreciendole una gran oportunidad para relacionarse con su beb\u00e9. Ya sea porque da el pecho o leche de continuaci\u00f3n, su beb\u00e9 no necesita agua, zumo o cualquier otro l\u00edquido (especialmente no leche de vaca, que no debe ser introducida antes del primer a\u00f1o). Su cuerpo se ajustar\u00e1 a las necesidades de su beb\u00e9 y por ejemplo, durante los calurosos d\u00edas de verano su leche se volver\u00e1 acuosa para saciar la sed.<\/p>\n\n\n\n<h2 class=\"is-style-heading-h2 wp-block-heading\">Con qu\u00e9 frecuencia alimentar<\/h2>\n\n\n\n<p>En lugar de regirse por horarios en las tomas, alimente a su beb\u00e9 cada vez que observe los primeros signos de hambre, como el aumento de actividad o sollozos. Llorar es un signo tard\u00edo de estar hambriento, as\u00ed que intente reconocer los signos anteriores y dar el pecho o la f\u00f3rmula. Como gu\u00eda, La Academia Americana de Pediatr\u00eda recomienda que los reci\u00e9n nacidos sanos deben mamar de ocho a doce veces en un per\u00edodo de 24 horas. Esto equivale a dar el pecho cada 2-3 horas.<\/p>\n\n\n\n<p>A medida que los beb\u00e9s crecen y su est\u00f3mago se vuelve m\u00e1s grande, de manera natural empiezan a dejar m\u00e1s tiempo ente tomas y desarrollan patrones de alimentaci\u00f3n m\u00e1s regulares. Los brotes de crecimiento pueden alterar los patrones de alimentaci\u00f3n m\u00e1s regulares, pero por lo general son de corta duraci\u00f3n.<\/p>\n\n\n\n<h2 class=\"is-style-heading-h2 wp-block-heading\">Cu\u00e1nto alimentar<\/h2>\n\n\n\n<p>Un reci\u00e9n nacido sano que mama bien gana unos 170g de peso corporal por semana y produce 6 o m\u00e1s pa\u00f1ales mojados por d\u00eda. Para conseguir que su beb\u00e9 tome el pecho de manera eficaz y consiga la suficiente leche es crucial que se enganche bien. Pregunte a su matrona para comprobar si su beb\u00e9 se engancha correctamente. Si su beb\u00e9 termina de succionar, se retira del pez\u00f3n o biber\u00f3n, o cierra su boca, suele ser una se\u00f1al de que ya ha tenido suficiente. Espere un minuto o dos y vuelva a intentarlo. Si su beb\u00e9 no parece interesado en comer, probablemente est\u00e9 lleno y deber\u00eda intentar que eructe. Una vez que la toma ha acabado, su beb\u00e9 debe parecer relajado y sus pechos se deber\u00edan sentir m\u00e1s ligeros y suaves. No deber\u00eda esperar que su beb\u00e9 tome la misma cantidad de leche materna o f\u00f3rmula cada d\u00eda. Su beb\u00e9 pasar\u00e1 por diversas etapas de crecimiento: periodos en los que comer\u00e1 m\u00e1s frecuentemente o durante m\u00e1s tiempo de lo habitual.<\/p>\n\n\n\n<p>Muchas madres se preocupan acerca de si su beb\u00e9 est\u00e1 comiendo lo suficiente. En vez de causarse un estr\u00e9s innecesario, observe a su beb\u00e9 y haga caso de sus instintos. Un beb\u00e9 sano que va ganando peso, tiene movimientos normales en el intestino y la cantidad suficiente de pa\u00f1ales mojados al d\u00eda, es un beb\u00e9 bien nutrido. Sin embargo, si tiene alguna preocupaci\u00f3n o pregunta no dude en consultarlo con su m\u00e9dico.<\/p>\n\n\n\n<h2 class=\"is-style-heading-h2 wp-block-heading\">Necesita el reci\u00e9n nacido alg\u00fan suplemento<\/h2>\n\n\n\n<p>S\u00ed, si le est\u00e1 dando el pecho su beb\u00e9 necesita vitamina K durante los primeros 3 meses. Normalmente la flora intestinal proporciona vitamina K. Como la flora intestinal de su beb\u00e9 a\u00fan no est\u00e1 desarrollada, su beb\u00e9 necesita ser complementado con vitamina K. En la leche de continuaci\u00f3n se a\u00f1ade la vitamina K. Pregunte a su matrona, ginec\u00f3logo o m\u00e9dico sobre los complementos adecuados para su beb\u00e9. Algunos expertos recomiendan suplementos de vitamina D para aumentar la absorci\u00f3n de minarales necesarios para el buen desarrollo de los huesos.<\/p>\n\n\n\n<h2 class=\"is-style-heading-h2 wp-block-heading\">Disfrute el proceso<\/h2>\n\n\n\n<p>La lactancia requiere una gran cantidad de tiempo cada d\u00eda, sobretodo durante los primeros meses. Utilice este tiempo para unirse a su beb\u00e9, pr\u00e9stele atenci\u00f3n y disfrute de ese momento juntos. Antes de que se de cuenta su beb\u00e9 habr\u00e1 crecido y esos momentos le parecer\u00e1n preciosos.<\/p>\n<\/div><\/div>\n","protected":false},"excerpt":{"rendered":"","protected":false},"author":2,"featured_media":0,"parent":70,"menu_order":22,"comment_status":"closed","ping_status":"closed","template":"","meta":{"_acf_changed":false,"footnotes":""},"from-article-database":[],"class_list":["post-167","page","type-page","status-publish","hentry"],"acf":[],"yoast_head":"<!-- This site is optimized with the Yoast SEO plugin v26.6 - https:\/\/yoast.com\/wordpress\/plugins\/seo\/ -->\n<title>Lactantes - Multi-Mam<\/title>\n<meta name=\"description\" content=\"Alimentar a un beb\u00e9 requiere gran parte de su d\u00eda, por lo que es importante conocer algunos consejos e informaci\u00f3n para pasar los primeros d\u00edas en casa tan libre de estr\u00e9s como sea posible.\" \/>\n<meta name=\"robots\" content=\"index, follow, max-snippet:-1, max-image-preview:large, max-video-preview:-1\" \/>\n<link rel=\"canonical\" href=\"https:\/\/multi-mam.com\/es\/articulos\/lactancia\/lactantes\/\" \/>\n<meta property=\"og:locale\" content=\"es_ES\" \/>\n<meta property=\"og:type\" content=\"article\" \/>\n<meta property=\"og:title\" content=\"Lactantes - Multi-Mam\" \/>\n<meta property=\"og:description\" content=\"Alimentar a un beb\u00e9 requiere gran parte de su d\u00eda, por lo que es importante conocer algunos consejos e informaci\u00f3n para pasar los primeros d\u00edas en casa tan libre de estr\u00e9s como sea posible.\" \/>\n<meta property=\"og:url\" content=\"https:\/\/multi-mam.com\/es\/articulos\/lactancia\/lactantes\/\" \/>\n<meta property=\"og:site_name\" content=\"Multi-Mam\" \/>\n<meta property=\"article:modified_time\" content=\"2025-04-28T12:47:30+00:00\" \/>\n<meta name=\"twitter:card\" content=\"summary_large_image\" \/>\n<meta name=\"twitter:label1\" content=\"Tiempo de lectura\" \/>\n\t<meta name=\"twitter:data1\" content=\"4 minutos\" \/>\n<script type=\"application\/ld+json\" class=\"yoast-schema-graph\">{\"@context\":\"https:\/\/schema.org\",\"@graph\":[{\"@type\":\"WebPage\",\"@id\":\"https:\/\/multi-mam.com\/es\/articulos\/lactancia\/lactantes\/\",\"url\":\"https:\/\/multi-mam.com\/es\/articulos\/lactancia\/lactantes\/\",\"name\":\"Lactantes - Multi-Mam\",\"isPartOf\":{\"@id\":\"https:\/\/multi-mam.com\/es\/#website\"},\"datePublished\":\"2023-04-20T12:59:47+00:00\",\"dateModified\":\"2025-04-28T12:47:30+00:00\",\"description\":\"Alimentar a un beb\u00e9 requiere gran parte de su d\u00eda, por lo que es importante conocer algunos consejos e informaci\u00f3n para pasar los primeros d\u00edas en casa tan libre de estr\u00e9s como sea posible.\",\"breadcrumb\":{\"@id\":\"https:\/\/multi-mam.com\/es\/articulos\/lactancia\/lactantes\/#breadcrumb\"},\"inLanguage\":\"es\",\"potentialAction\":[{\"@type\":\"ReadAction\",\"target\":[\"https:\/\/multi-mam.com\/es\/articulos\/lactancia\/lactantes\/\"]}]},{\"@type\":\"BreadcrumbList\",\"@id\":\"https:\/\/multi-mam.com\/es\/articulos\/lactancia\/lactantes\/#breadcrumb\",\"itemListElement\":[{\"@type\":\"ListItem\",\"position\":1,\"name\":\"Home\",\"item\":\"https:\/\/multi-mam.com\/es\/\"},{\"@type\":\"ListItem\",\"position\":2,\"name\":\"Art\u00edculos\",\"item\":\"https:\/\/multi-mam.com\/es\/articulos\/\"},{\"@type\":\"ListItem\",\"position\":3,\"name\":\"Lactancia\",\"item\":\"https:\/\/multi-mam.com\/es\/articulos\/lactancia\/\"},{\"@type\":\"ListItem\",\"position\":4,\"name\":\"Lactantes\"}]},{\"@type\":\"WebSite\",\"@id\":\"https:\/\/multi-mam.com\/es\/#website\",\"url\":\"https:\/\/multi-mam.com\/es\/\",\"name\":\"Multi-Mam\",\"description\":\"\",\"publisher\":{\"@id\":\"https:\/\/multi-mam.com\/es\/#organization\"},\"potentialAction\":[{\"@type\":\"SearchAction\",\"target\":{\"@type\":\"EntryPoint\",\"urlTemplate\":\"https:\/\/multi-mam.com\/es\/?s={search_term_string}\"},\"query-input\":{\"@type\":\"PropertyValueSpecification\",\"valueRequired\":true,\"valueName\":\"search_term_string\"}}],\"inLanguage\":\"es\"},{\"@type\":\"Organization\",\"@id\":\"https:\/\/multi-mam.com\/es\/#organization\",\"name\":\"Multi-Mam\",\"url\":\"https:\/\/multi-mam.com\/es\/\",\"logo\":{\"@type\":\"ImageObject\",\"inLanguage\":\"es\",\"@id\":\"https:\/\/multi-mam.com\/es\/#\/schema\/logo\/image\/\",\"url\":\"https:\/\/multi-mam.com\/app\/uploads\/sites\/27\/2023\/04\/multi-mam-logotype.png\",\"contentUrl\":\"https:\/\/multi-mam.com\/app\/uploads\/sites\/27\/2023\/04\/multi-mam-logotype.png\",\"width\":70,\"height\":96,\"caption\":\"Multi-Mam\"},\"image\":{\"@id\":\"https:\/\/multi-mam.com\/es\/#\/schema\/logo\/image\/\"}}]}<\/script>\n<!-- \/ Yoast SEO plugin. -->","yoast_head_json":{"title":"Lactantes - Multi-Mam","description":"Alimentar a un beb\u00e9 requiere gran parte de su d\u00eda, por lo que es importante conocer algunos consejos e informaci\u00f3n para pasar los primeros d\u00edas en casa tan libre de estr\u00e9s como sea posible.","robots":{"index":"index","follow":"follow","max-snippet":"max-snippet:-1","max-image-preview":"max-image-preview:large","max-video-preview":"max-video-preview:-1"},"canonical":"https:\/\/multi-mam.com\/es\/articulos\/lactancia\/lactantes\/","og_locale":"es_ES","og_type":"article","og_title":"Lactantes - Multi-Mam","og_description":"Alimentar a un beb\u00e9 requiere gran parte de su d\u00eda, por lo que es importante conocer algunos consejos e informaci\u00f3n para pasar los primeros d\u00edas en casa tan libre de estr\u00e9s como sea posible.","og_url":"https:\/\/multi-mam.com\/es\/articulos\/lactancia\/lactantes\/","og_site_name":"Multi-Mam","article_modified_time":"2025-04-28T12:47:30+00:00","twitter_card":"summary_large_image","twitter_misc":{"Tiempo de lectura":"4 minutos"},"schema":{"@context":"https:\/\/schema.org","@graph":[{"@type":"WebPage","@id":"https:\/\/multi-mam.com\/es\/articulos\/lactancia\/lactantes\/","url":"https:\/\/multi-mam.com\/es\/articulos\/lactancia\/lactantes\/","name":"Lactantes - Multi-Mam","isPartOf":{"@id":"https:\/\/multi-mam.com\/es\/#website"},"datePublished":"2023-04-20T12:59:47+00:00","dateModified":"2025-04-28T12:47:30+00:00","description":"Alimentar a un beb\u00e9 requiere gran parte de su d\u00eda, por lo que es importante conocer algunos consejos e informaci\u00f3n para pasar los primeros d\u00edas en casa tan libre de estr\u00e9s como sea posible.","breadcrumb":{"@id":"https:\/\/multi-mam.com\/es\/articulos\/lactancia\/lactantes\/#breadcrumb"},"inLanguage":"es","potentialAction":[{"@type":"ReadAction","target":["https:\/\/multi-mam.com\/es\/articulos\/lactancia\/lactantes\/"]}]},{"@type":"BreadcrumbList","@id":"https:\/\/multi-mam.com\/es\/articulos\/lactancia\/lactantes\/#breadcrumb","itemListElement":[{"@type":"ListItem","position":1,"name":"Home","item":"https:\/\/multi-mam.com\/es\/"},{"@type":"ListItem","position":2,"name":"Art\u00edculos","item":"https:\/\/multi-mam.com\/es\/articulos\/"},{"@type":"ListItem","position":3,"name":"Lactancia","item":"https:\/\/multi-mam.com\/es\/articulos\/lactancia\/"},{"@type":"ListItem","position":4,"name":"Lactantes"}]},{"@type":"WebSite","@id":"https:\/\/multi-mam.com\/es\/#website","url":"https:\/\/multi-mam.com\/es\/","name":"Multi-Mam","description":"","publisher":{"@id":"https:\/\/multi-mam.com\/es\/#organization"},"potentialAction":[{"@type":"SearchAction","target":{"@type":"EntryPoint","urlTemplate":"https:\/\/multi-mam.com\/es\/?s={search_term_string}"},"query-input":{"@type":"PropertyValueSpecification","valueRequired":true,"valueName":"search_term_string"}}],"inLanguage":"es"},{"@type":"Organization","@id":"https:\/\/multi-mam.com\/es\/#organization","name":"Multi-Mam","url":"https:\/\/multi-mam.com\/es\/","logo":{"@type":"ImageObject","inLanguage":"es","@id":"https:\/\/multi-mam.com\/es\/#\/schema\/logo\/image\/","url":"https:\/\/multi-mam.com\/app\/uploads\/sites\/27\/2023\/04\/multi-mam-logotype.png","contentUrl":"https:\/\/multi-mam.com\/app\/uploads\/sites\/27\/2023\/04\/multi-mam-logotype.png","width":70,"height":96,"caption":"Multi-Mam"},"image":{"@id":"https:\/\/multi-mam.com\/es\/#\/schema\/logo\/image\/"}}]}},"_links":{"self":[{"href":"https:\/\/multi-mam.com\/es\/wp-json\/wp\/v2\/pages\/167","targetHints":{"allow":["GET"]}}],"collection":[{"href":"https:\/\/multi-mam.com\/es\/wp-json\/wp\/v2\/pages"}],"about":[{"href":"https:\/\/multi-mam.com\/es\/wp-json\/wp\/v2\/types\/page"}],"author":[{"embeddable":true,"href":"https:\/\/multi-mam.com\/es\/wp-json\/wp\/v2\/users\/2"}],"replies":[{"embeddable":true,"href":"https:\/\/multi-mam.com\/es\/wp-json\/wp\/v2\/comments?post=167"}],"version-history":[{"count":3,"href":"https:\/\/multi-mam.com\/es\/wp-json\/wp\/v2\/pages\/167\/revisions"}],"predecessor-version":[{"id":326,"href":"https:\/\/multi-mam.com\/es\/wp-json\/wp\/v2\/pages\/167\/revisions\/326"}],"up":[{"embeddable":true,"href":"https:\/\/multi-mam.com\/es\/wp-json\/wp\/v2\/pages\/70"}],"wp:attachment":[{"href":"https:\/\/multi-mam.com\/es\/wp-json\/wp\/v2\/media?parent=167"}],"wp:term":[{"taxonomy":"from-article-database","embeddable":true,"href":"https:\/\/multi-mam.com\/es\/wp-json\/wp\/v2\/from-article-database?post=167"}],"curies":[{"name":"wp","href":"https:\/\/api.w.org\/{rel}","templated":true}]}}