{"id":163,"date":"2023-04-20T14:58:26","date_gmt":"2023-04-20T12:58:26","guid":{"rendered":"https:\/\/multi-mam.com\/es\/?page_id=163"},"modified":"2025-04-28T14:47:34","modified_gmt":"2025-04-28T12:47:34","slug":"mastitis","status":"publish","type":"page","link":"https:\/\/multi-mam.com\/es\/articulos\/lactancia\/mastitis\/","title":{"rendered":"Mastitis"},"content":{"rendered":"\n<div class=\"wp-block-karopharma-free-text pt-large pb-large bg-center bg-cover bg-no-repeat  is-style-primary\" style=\"background-image:url()\"><div class=\"free-text-wrapper container max-w-medium text-left\">\n<h1 class=\"wp-block-heading\">Mastitis<\/h1>\n\n\n\n<p class=\"is-style-paragraph-preamble\">Aproximadamente el 10% de las madres experimentan una inflamaci\u00f3n del pecho llamada mastitis. Hay dos tipos de mastitis; no infecciosa e infecciosa. La lactancia es una habilidad que se aprende, y un mal enganche puede hacer que la leche se acumule en el pecho, la causa principal de mastitis.<\/p>\n<\/div><\/div>\n\n\n\n<div class=\"wp-block-karopharma-free-text pt-large pb-large bg-center bg-cover bg-no-repeat\" style=\"background-image:url()\"><div class=\"free-text-wrapper container max-w-medium text-left\">\n<p>Otras causas incluyen:<\/p>\n\n\n\n<ul class=\"is-style-default wp-block-list\"><li><strong>Un conducto de leche bloqueado<\/strong>. Si un pecho no se vac\u00eda por completo en las tomas, uno de los conductos de leche puede quedar atascado, haciendo que la leche se almacene, lo que conduce a la infecci\u00f3n del seno.<\/li><li><strong>Bacterias que se introducen en su pecho<\/strong>. Las bacterias de la superficie de su piel y la boca del beb\u00e9 pueden entrar en los conductos de la leche a trav\u00e9s de roturaz o grietas en la piel de su pez\u00f3n o a trav\u00e9s de una abertura en el conducto de leche. La leche almacenada en un pecho que no se vac\u00eda lo suficiente proporciona un caldo de cultivo para las bacterias. Las propiedades antibacterianas de su leche ayudan a proteger al beb\u00e9 de la infecci\u00f3n.<\/li><\/ul>\n\n\n\n<p>La mastitis ocurre m\u00e1s frecuentemente durante los primeros 6 meses de lactancia y puede hacer que se sienta muy cansada. En combinaci\u00f3n con el estr\u00e9s y las exhaustivas tareas de cuidar un reci\u00e9n nacido, puede llegar a sentirse muy cansada. Aunque puede ser muy inc\u00f3moda, en la mayor\u00eda de los casos la mastitis se trata f\u00e1cilmente.<\/p>\n\n\n\n<h2 class=\"is-style-heading-h2 wp-block-heading\">C\u00f3mo identificar la mastitis<\/h2>\n\n\n\n<p>Los s\u00edntomas a menudo empiezan en un pecho, puede sentir dolor o notar que su pecho est\u00e1 enrojecido, duro, inflamado o caliente al tacto. Si siente hinchaz\u00f3n en su pecho, la causa probable es un conducto de leche obstru\u00eddo. Tambi\u00e9n puede experimentar s\u00edntomas parecidos a la gripe, fiebre, dolor de cabeza, dolor de m\u00fasculos y cansancio.<\/p>\n\n\n\n<p>Si el dolor empieza a aumentar, si los ganglios de cuello y axila est\u00e1n inflamados o si tiene fiebre, consulte a su m\u00e9dico para iniciar el tratamiento adecuado.<\/p>\n\n\n\n<h2 class=\"is-style-heading-h2 wp-block-heading\">Qu\u00e9 causa la mastitis<\/h2>\n\n\n\n<p>La mastitis suele ser una complicaci\u00f3n de la ingurgitaci\u00f3n, un aumento de leche en el pecho. Esto es frecuente que suceda en las primeras semanas tras el parto, cuando el beb\u00e9 a\u00fan se est\u00e1 acostumbrando a mamar, o si se salta alguna toma, por ejemplo, si vuelve a trabajar o si viaja. Un mal enganche es t\u00e1mbi\u00e9n una causa frecuente de ingurgitaci\u00f3n, y en consecuencia mastitis, por lo que aseg\u00farese que su pez\u00f3n est\u00e1 correctamente colocado en la boca de su beb\u00e9. Anime a su beb\u00e9 a vaciar el pecho completamente en la toma para evitar que se acumule leche. Empiece una nueva toma con el pecho con el que termin\u00f3 la toma anterior para estar segura de que su pecho est\u00e1 completamente vac\u00edo.<\/p>\n\n\n\n<p>En vez de establecer un horario de tomas con pausas largas entre ellas durante las que se puede acumular la leche y causar inflamaci\u00f3n del tejido mamario, de el pecho a su beb\u00e9 cuando note en \u00e9l los primeros signos de hambre (nerviosismo, sollozo, movimientos de boca). Una buena pr\u00e1ctica durante la lactancia puede hacer maravillas en protegerte de la mastitis y otros temas molestos, como el dolor en el pez\u00f3n.<\/p>\n\n\n\n<p>Las grietas en la piel de los pezones ofrecen una puerta de entrada abierta a los microbios, y as\u00ed es como bacterias o suciedad pueden entrar en el tejido mamario y causar infecciones. Un bien enganche permitir\u00e1 a su beb\u00e9 mamar sin causarle dolor, pero si sufre de grietas y dolor en los pezones, utilice compresas para el pecho que aceleran el proceso de curaci\u00f3n.<\/p>\n\n\n\n<p>Cualquier tipo de presi\u00f3n constante a sus pechos puede dar lugar tambi\u00e9n a una mastitis;un sujetador de lactancia que no le quede bien, ropa ajustada, un cintur\u00f3n de seguridad o si duerme sobre su est\u00f3mago, pueden ser todas causas de inflamaci\u00f3n.<\/p>\n\n\n\n<p>Darle a su beb\u00e9 un chupete o biber\u00f3n antes de la lactancia se ha identificado como otra causa potencial de mastitis. Darle a su beb\u00e9 un chupete demasiado pronto puede hacer que lo confunda con el pez\u00f3n y empiece a rechazar el pecho, alterando por tanto la rutina en las tomas.<\/p>\n\n\n\n<h2 class=\"is-style-heading-h2 wp-block-heading\">C\u00f3mo tratar la mastitis<\/h2>\n\n\n\n<p>Es probable que su m\u00e9dico le recete antibi\u00f3ticos, que suelen ser muy eficaces para eliminar la infecci\u00f3n, pero tambi\u00e9n hay otras recomendaciones que puede hacer en casa para sentir algo de alivio y acelerar la recuperaci\u00f3n.<\/p>\n\n\n\n<p>No detenga la lactancia durante la mastitis, no le har\u00e1 da\u00f1o a su beb\u00e9 y puede ayudar a aliviar la presi\u00f3n del pecho inflamado. Antes de dar el pecho, aplique una toalla caliente en el pecho afectado durante 10-15 minutos. Esto ayudar\u00e1 a relajar el tejido y dejar salir el flujo de leche. Tambi\u00e9n puede ayudar con el flujo de leche realizar un suave masaje antes y durante la lactancia.<\/p>\n\n\n\n<p>Consulte con su m\u00e9dico si necesita otros medios para aliviar el dolor.<\/p>\n<\/div><\/div>\n","protected":false},"excerpt":{"rendered":"","protected":false},"author":2,"featured_media":0,"parent":70,"menu_order":20,"comment_status":"closed","ping_status":"closed","template":"","meta":{"_acf_changed":false,"footnotes":""},"from-article-database":[],"class_list":["post-163","page","type-page","status-publish","hentry"],"acf":[],"yoast_head":"<!-- This site is optimized with the Yoast SEO plugin v26.6 - https:\/\/yoast.com\/wordpress\/plugins\/seo\/ -->\n<title>Mastitis - Multi-Mam<\/title>\n<meta name=\"description\" content=\"Aproximadamente el 10% de las madres experimentan una inflamaci\u00f3n del pecho llamada mastitis.\" \/>\n<meta name=\"robots\" content=\"index, follow, max-snippet:-1, max-image-preview:large, max-video-preview:-1\" \/>\n<link rel=\"canonical\" href=\"https:\/\/multi-mam.com\/es\/articulos\/lactancia\/mastitis\/\" \/>\n<meta property=\"og:locale\" content=\"es_ES\" \/>\n<meta property=\"og:type\" content=\"article\" \/>\n<meta property=\"og:title\" content=\"Mastitis - Multi-Mam\" \/>\n<meta property=\"og:description\" content=\"Aproximadamente el 10% de las madres experimentan una inflamaci\u00f3n del pecho llamada mastitis.\" \/>\n<meta property=\"og:url\" content=\"https:\/\/multi-mam.com\/es\/articulos\/lactancia\/mastitis\/\" \/>\n<meta property=\"og:site_name\" content=\"Multi-Mam\" \/>\n<meta property=\"article:modified_time\" content=\"2025-04-28T12:47:34+00:00\" \/>\n<meta name=\"twitter:card\" content=\"summary_large_image\" \/>\n<meta name=\"twitter:label1\" content=\"Tiempo de lectura\" \/>\n\t<meta name=\"twitter:data1\" content=\"4 minutos\" \/>\n<script type=\"application\/ld+json\" class=\"yoast-schema-graph\">{\"@context\":\"https:\/\/schema.org\",\"@graph\":[{\"@type\":\"WebPage\",\"@id\":\"https:\/\/multi-mam.com\/es\/articulos\/lactancia\/mastitis\/\",\"url\":\"https:\/\/multi-mam.com\/es\/articulos\/lactancia\/mastitis\/\",\"name\":\"Mastitis - Multi-Mam\",\"isPartOf\":{\"@id\":\"https:\/\/multi-mam.com\/es\/#website\"},\"datePublished\":\"2023-04-20T12:58:26+00:00\",\"dateModified\":\"2025-04-28T12:47:34+00:00\",\"description\":\"Aproximadamente el 10% de las madres experimentan una inflamaci\u00f3n del pecho llamada mastitis.\",\"breadcrumb\":{\"@id\":\"https:\/\/multi-mam.com\/es\/articulos\/lactancia\/mastitis\/#breadcrumb\"},\"inLanguage\":\"es\",\"potentialAction\":[{\"@type\":\"ReadAction\",\"target\":[\"https:\/\/multi-mam.com\/es\/articulos\/lactancia\/mastitis\/\"]}]},{\"@type\":\"BreadcrumbList\",\"@id\":\"https:\/\/multi-mam.com\/es\/articulos\/lactancia\/mastitis\/#breadcrumb\",\"itemListElement\":[{\"@type\":\"ListItem\",\"position\":1,\"name\":\"Home\",\"item\":\"https:\/\/multi-mam.com\/es\/\"},{\"@type\":\"ListItem\",\"position\":2,\"name\":\"Art\u00edculos\",\"item\":\"https:\/\/multi-mam.com\/es\/articulos\/\"},{\"@type\":\"ListItem\",\"position\":3,\"name\":\"Lactancia\",\"item\":\"https:\/\/multi-mam.com\/es\/articulos\/lactancia\/\"},{\"@type\":\"ListItem\",\"position\":4,\"name\":\"Mastitis\"}]},{\"@type\":\"WebSite\",\"@id\":\"https:\/\/multi-mam.com\/es\/#website\",\"url\":\"https:\/\/multi-mam.com\/es\/\",\"name\":\"Multi-Mam\",\"description\":\"\",\"publisher\":{\"@id\":\"https:\/\/multi-mam.com\/es\/#organization\"},\"potentialAction\":[{\"@type\":\"SearchAction\",\"target\":{\"@type\":\"EntryPoint\",\"urlTemplate\":\"https:\/\/multi-mam.com\/es\/?s={search_term_string}\"},\"query-input\":{\"@type\":\"PropertyValueSpecification\",\"valueRequired\":true,\"valueName\":\"search_term_string\"}}],\"inLanguage\":\"es\"},{\"@type\":\"Organization\",\"@id\":\"https:\/\/multi-mam.com\/es\/#organization\",\"name\":\"Multi-Mam\",\"url\":\"https:\/\/multi-mam.com\/es\/\",\"logo\":{\"@type\":\"ImageObject\",\"inLanguage\":\"es\",\"@id\":\"https:\/\/multi-mam.com\/es\/#\/schema\/logo\/image\/\",\"url\":\"https:\/\/multi-mam.com\/app\/uploads\/sites\/27\/2023\/04\/multi-mam-logotype.png\",\"contentUrl\":\"https:\/\/multi-mam.com\/app\/uploads\/sites\/27\/2023\/04\/multi-mam-logotype.png\",\"width\":70,\"height\":96,\"caption\":\"Multi-Mam\"},\"image\":{\"@id\":\"https:\/\/multi-mam.com\/es\/#\/schema\/logo\/image\/\"}}]}<\/script>\n<!-- \/ Yoast SEO plugin. -->","yoast_head_json":{"title":"Mastitis - Multi-Mam","description":"Aproximadamente el 10% de las madres experimentan una inflamaci\u00f3n del pecho llamada mastitis.","robots":{"index":"index","follow":"follow","max-snippet":"max-snippet:-1","max-image-preview":"max-image-preview:large","max-video-preview":"max-video-preview:-1"},"canonical":"https:\/\/multi-mam.com\/es\/articulos\/lactancia\/mastitis\/","og_locale":"es_ES","og_type":"article","og_title":"Mastitis - Multi-Mam","og_description":"Aproximadamente el 10% de las madres experimentan una inflamaci\u00f3n del pecho llamada mastitis.","og_url":"https:\/\/multi-mam.com\/es\/articulos\/lactancia\/mastitis\/","og_site_name":"Multi-Mam","article_modified_time":"2025-04-28T12:47:34+00:00","twitter_card":"summary_large_image","twitter_misc":{"Tiempo de lectura":"4 minutos"},"schema":{"@context":"https:\/\/schema.org","@graph":[{"@type":"WebPage","@id":"https:\/\/multi-mam.com\/es\/articulos\/lactancia\/mastitis\/","url":"https:\/\/multi-mam.com\/es\/articulos\/lactancia\/mastitis\/","name":"Mastitis - Multi-Mam","isPartOf":{"@id":"https:\/\/multi-mam.com\/es\/#website"},"datePublished":"2023-04-20T12:58:26+00:00","dateModified":"2025-04-28T12:47:34+00:00","description":"Aproximadamente el 10% de las madres experimentan una inflamaci\u00f3n del pecho llamada mastitis.","breadcrumb":{"@id":"https:\/\/multi-mam.com\/es\/articulos\/lactancia\/mastitis\/#breadcrumb"},"inLanguage":"es","potentialAction":[{"@type":"ReadAction","target":["https:\/\/multi-mam.com\/es\/articulos\/lactancia\/mastitis\/"]}]},{"@type":"BreadcrumbList","@id":"https:\/\/multi-mam.com\/es\/articulos\/lactancia\/mastitis\/#breadcrumb","itemListElement":[{"@type":"ListItem","position":1,"name":"Home","item":"https:\/\/multi-mam.com\/es\/"},{"@type":"ListItem","position":2,"name":"Art\u00edculos","item":"https:\/\/multi-mam.com\/es\/articulos\/"},{"@type":"ListItem","position":3,"name":"Lactancia","item":"https:\/\/multi-mam.com\/es\/articulos\/lactancia\/"},{"@type":"ListItem","position":4,"name":"Mastitis"}]},{"@type":"WebSite","@id":"https:\/\/multi-mam.com\/es\/#website","url":"https:\/\/multi-mam.com\/es\/","name":"Multi-Mam","description":"","publisher":{"@id":"https:\/\/multi-mam.com\/es\/#organization"},"potentialAction":[{"@type":"SearchAction","target":{"@type":"EntryPoint","urlTemplate":"https:\/\/multi-mam.com\/es\/?s={search_term_string}"},"query-input":{"@type":"PropertyValueSpecification","valueRequired":true,"valueName":"search_term_string"}}],"inLanguage":"es"},{"@type":"Organization","@id":"https:\/\/multi-mam.com\/es\/#organization","name":"Multi-Mam","url":"https:\/\/multi-mam.com\/es\/","logo":{"@type":"ImageObject","inLanguage":"es","@id":"https:\/\/multi-mam.com\/es\/#\/schema\/logo\/image\/","url":"https:\/\/multi-mam.com\/app\/uploads\/sites\/27\/2023\/04\/multi-mam-logotype.png","contentUrl":"https:\/\/multi-mam.com\/app\/uploads\/sites\/27\/2023\/04\/multi-mam-logotype.png","width":70,"height":96,"caption":"Multi-Mam"},"image":{"@id":"https:\/\/multi-mam.com\/es\/#\/schema\/logo\/image\/"}}]}},"_links":{"self":[{"href":"https:\/\/multi-mam.com\/es\/wp-json\/wp\/v2\/pages\/163","targetHints":{"allow":["GET"]}}],"collection":[{"href":"https:\/\/multi-mam.com\/es\/wp-json\/wp\/v2\/pages"}],"about":[{"href":"https:\/\/multi-mam.com\/es\/wp-json\/wp\/v2\/types\/page"}],"author":[{"embeddable":true,"href":"https:\/\/multi-mam.com\/es\/wp-json\/wp\/v2\/users\/2"}],"replies":[{"embeddable":true,"href":"https:\/\/multi-mam.com\/es\/wp-json\/wp\/v2\/comments?post=163"}],"version-history":[{"count":3,"href":"https:\/\/multi-mam.com\/es\/wp-json\/wp\/v2\/pages\/163\/revisions"}],"predecessor-version":[{"id":320,"href":"https:\/\/multi-mam.com\/es\/wp-json\/wp\/v2\/pages\/163\/revisions\/320"}],"up":[{"embeddable":true,"href":"https:\/\/multi-mam.com\/es\/wp-json\/wp\/v2\/pages\/70"}],"wp:attachment":[{"href":"https:\/\/multi-mam.com\/es\/wp-json\/wp\/v2\/media?parent=163"}],"wp:term":[{"taxonomy":"from-article-database","embeddable":true,"href":"https:\/\/multi-mam.com\/es\/wp-json\/wp\/v2\/from-article-database?post=163"}],"curies":[{"name":"wp","href":"https:\/\/api.w.org\/{rel}","templated":true}]}}