{"id":161,"date":"2023-04-20T14:58:05","date_gmt":"2023-04-20T12:58:05","guid":{"rendered":"https:\/\/multi-mam.com\/es\/?page_id=161"},"modified":"2025-04-28T14:47:36","modified_gmt":"2025-04-28T12:47:36","slug":"lactancia","status":"publish","type":"page","link":"https:\/\/multi-mam.com\/es\/articulos\/lactancia\/lactancia\/","title":{"rendered":"Lactancia"},"content":{"rendered":"\n<div class=\"wp-block-karopharma-free-text pt-large pb-large bg-center bg-cover bg-no-repeat  is-style-primary\" style=\"background-image:url()\"><div class=\"free-text-wrapper container max-w-medium text-left\">\n<h1 class=\"wp-block-heading\">Lactancia<\/h1>\n\n\n\n<p class=\"is-style-paragraph-preamble\">Desde la concepci\u00f3n hasta el parto, su cuerpo pasa por numerosos cambios para proporcionar un gran hogar al feto en crecimiento. Sin embargo, la tarea de nutrir una nueva vida no termina en el parto. Los cambios en el cuerpo de la madre contin\u00faan, permitiendo el proceso de lactancia para proporcionar nutrici\u00f3n y protecci\u00f3n inmunol\u00f3gica a su reci\u00e9n nacido.<\/p>\n\n\n\n<p class=\"is-style-paragraph-preamble\">La lactancia es el proceso de producci\u00f3n de leche y el periodo de tiempo en el que las madres dan el pecho a sus beb\u00e9s. Los pechos est\u00e1n formados por tejido graso que tambi\u00e9n contiene las llamadas gl\u00e1ndulas mamarias. Estas gl\u00e1ndulas son responsables de la secreci\u00f3n de leche. La leche viaja a trav\u00e9s de conductos especiales, despu\u00e9s de lo cual se libera a trav\u00e9s del pez\u00f3n en la boca del beb\u00e9 debido a los movimientos de succi\u00f3n.<\/p>\n<\/div><\/div>\n\n\n\n<div class=\"wp-block-karopharma-free-text pt-large pb-large bg-center bg-cover bg-no-repeat\" style=\"background-image:url()\"><div class=\"free-text-wrapper container max-w-medium text-left\">\n<h2 class=\"is-style-heading-h2 wp-block-heading\">El proceso de lactancia<\/h2>\n\n\n\n<p>Durante el embarazo, sus pechos crecen, los pezones se vuelven m\u00e1s grandes y oscuros, y puede haber notado que las venas de sus pechos se vuelven m\u00e1s visibles. Una vez que nace su beb\u00e9, la hormona oxitocina se encarga de estimular las contracciones uterinas e iniciar el proceso de lactancia. La primera leche que su cuerpo produce tras el parto se llama calostro, y es rica en nutrientes y anticuerpos que sirven para proteger a su beb\u00e9 de microbios e infecciones.<\/p>\n\n\n\n<p>Tras 2 o 5 d\u00edas, se empieza a secretar la leche real, puede notar que de repente sus pechos son m\u00e1s grandes, pesados y calientes al tacto. Esto se llama ingurgitaci\u00f3n y mientras su beb\u00e9 est\u00e9 tomando el pecho adecuadamente, sus pechos se ajustar\u00e1n a la cantidad de leche producida y no habr\u00e1 problemas. Sin embargo, su su beb\u00e9 no mama adecuadamente (la raz\u00f3n m\u00e1s com\u00fan es que no se engancha bien), la ingurgitaci\u00f3n se puede convertir en una mastitis, una infecci\u00f3n causada por el c\u00famulo de leche en sus pechos. Es por esto que es importante dar el pecho tan frecuentemente como su beb\u00e9 lo necesite, o si no es una opci\u00f3n, sacarse la leche y ayudar as\u00ed a vaciar sus pechos.<\/p>\n\n\n\n<p>La lactancia se controla seg\u00fan la demanda. La cantidad de leche que se produce es directamente dependiente de la cantidad de leche que se utiliza durante la toma. La Organizaci\u00f3n Mundial de la Salud recomienda intentar dar el pecho una hora despu\u00e9s del parto y dar el pecho a demanda, o cuando note los primeros signos de hambre en su beb\u00e9. Idealmente, su beb\u00e9 deber\u00eda mamar hasta los 6 meses de edad, cuando usted puede empezar a introducir lentamente algunos alimentos s\u00f3lidos. Se recomienda combinar la lactancia con s\u00f3lidos hasta los 2 a\u00f1os de edad, seg\u00fan las gu\u00edas de la OMS.<\/p>\n\n\n\n<h2 class=\"is-style-heading-h2 wp-block-heading\">Beneficios de la lactancia<\/h2>\n\n\n\n<p>La leche materna est\u00e1 compuesta majoritariamente de agua, pero tambi\u00e9n contiene carbohidratos, grasas, proteinas, minerales y otros nutrientes. Todos estos ingredientes proporcionan a su beb\u00e9 todo lo qe necesita para desarrollarse y crecer. Los anticuerpos y vitaminas de la leche materna tambi\u00e9n protegen a su beb\u00e9 contra infecciones hasta que su sistema inmune sea lo suficientemente fuerte para combatirlas.<\/p>\n\n\n\n<p>Otros beneficios incluyen una disminuci\u00f3n del riesgo de alergias, <a href=\"https:\/\/www.unicef.org.uk\/babyfriendly\/news-and-research\/baby-friendly-research\/infant-health-research\/infant-health-research-asthma\/\" target=\"_blank\" rel=\"noreferrer noopener\">asma<\/a>, <a href=\"https:\/\/www.unicef.org.uk\/babyfriendly\/news-and-research\/baby-friendly-research\/infant-health-research\/infant-health-research-diabetes\/\" target=\"_blank\" rel=\"noreferrer noopener\">diabetes <\/a>and y <a href=\"https:\/\/ajcn.nutrition.org\/article\/S0002-9165(23)24088-5\/fulltext\" target=\"_blank\" rel=\"noreferrer noopener\">colesterol elevado<\/a>. Los beb\u00e9s lactantes son <a href=\"https:\/\/www.hindawi.com\/journals\/ijpedi\/2016\/7647054\/\" target=\"_blank\" rel=\"noreferrer noopener\">hospitalized less<\/a> hospitalizados menos y acuden al m\u00e9dico en menor frecuencia en comparaci\u00f3n con los beb\u00e9s que toman leche de continuaci\u00f3n, y <a href=\"https:\/\/www.thelancet.com\/pdfs\/journals\/langlo\/PIIS2214-109X%2815%2970002-1.pdf\" target=\"_blank\" rel=\"noreferrer noopener\">hay estudios que indican que la lactancia materna se relaciona con mayores CI<\/a>.<\/p>\n\n\n\n<p>La lactancia tambi\u00e9n es beneficiosa para las madres. Reduce los niveles de estr\u00e9s, <a href=\"https:\/\/pubmed.ncbi.nlm.nih.gov\/18563998\/\" target=\"_blank\" rel=\"noreferrer noopener\">regula la presi\u00f3n arterial<\/a>, , <a href=\"https:\/\/pubmed.ncbi.nlm.nih.gov\/22978082\/\" target=\"_blank\" rel=\"noreferrer noopener\">disminuye la posibilidad de padecer una depresi\u00f3n<\/a> post-parto y le proteger\u00eda de cancerde <a href=\"https:\/\/pubmed.ncbi.nlm.nih.gov\/24998548\/\" target=\"_blank\" rel=\"noreferrer noopener\">ovario <\/a>y <a href=\"https:\/\/lup.lub.lu.se\/search\/publication\/1123899\" target=\"_blank\" rel=\"noreferrer noopener\">pecho<\/a>.<\/p>\n\n\n\n<p class=\"is-style-paragraph-small\"><strong>Referencias:<br><\/strong><a href=\"https:\/\/www.unicef.org.uk\/babyfriendly\/news-and-research\/baby-friendly-research\/infant-health-research\/infant-health-research-asthma\/\" target=\"_blank\" rel=\"noreferrer noopener\">www.unicef.org.uk\/babyfriendly\/news-and-research\/baby-friendly-research\/infant-health-research\/infant-health-research-asthma\/<br><\/a><a href=\"https:\/\/www.unicef.org.uk\/babyfriendly\/news-and-research\/baby-friendly-research\/infant-health-research\/infant-health-research-diabetes\/\" target=\"_blank\" rel=\"noreferrer noopener\">www.unicef.org.uk\/babyfriendly\/news-and-research\/baby-friendly-research\/infant-health-research\/infant-health-research-diabetes\/<br><\/a><a href=\"http:\/\/ajcn.nutrition.org\/content\/88\/2\/305.full\" target=\"_blank\" rel=\"noreferrer noopener\">ajcn.nutrition.org\/content\/88\/2\/305.full<br><\/a><a href=\"http:\/\/www.hindawi.com\/journals\/ijpedi\/2016\/7647054\/\" target=\"_blank\" rel=\"noreferrer noopener\">www.hindawi.com\/journals\/ijpedi\/2016\/7647054\/<br><\/a><a href=\"https:\/\/www.thelancet.com\/pdfs\/journals\/langlo\/PIIS2214-109X%2815%2970002-1.pdf\" target=\"_blank\" rel=\"noreferrer noopener\">www.thelancet.com\/pdfs\/journals\/langlo\/PIIS2214-109X%2815%2970002-1.pdf<br><\/a><a href=\"https:\/\/pubmed.ncbi.nlm.nih.gov\/18563998\/\" target=\"_blank\" rel=\"noreferrer noopener\">www.ncbi.nlm.nih.gov\/pubmed\/18563998 <br><\/a><a href=\"https:\/\/pubmed.ncbi.nlm.nih.gov\/22978082\/\" target=\"_blank\" rel=\"noreferrer noopener\">www.ncbi.nlm.nih.gov\/pubmed\/22978082<br><\/a><a href=\"https:\/\/pubmed.ncbi.nlm.nih.gov\/24998548\/\" target=\"_blank\" rel=\"noreferrer noopener\">www.ncbi.nlm.nih.gov\/pubmed\/24998548<br><\/a><a href=\"https:\/\/lup.lub.lu.se\/search\/publication\/1123899\" target=\"_blank\" rel=\"noreferrer noopener\">lup.lub.lu.se\/search\/publication\/1123899<\/a><\/p>\n<\/div><\/div>\n","protected":false},"excerpt":{"rendered":"","protected":false},"author":2,"featured_media":0,"parent":70,"menu_order":19,"comment_status":"closed","ping_status":"closed","template":"","meta":{"_acf_changed":false,"footnotes":""},"from-article-database":[],"class_list":["post-161","page","type-page","status-publish","hentry"],"acf":[],"yoast_head":"<!-- This site is optimized with the Yoast SEO plugin v26.6 - https:\/\/yoast.com\/wordpress\/plugins\/seo\/ -->\n<title>Lactancia - Multi-Mam<\/title>\n<meta name=\"description\" content=\"La tarea de nutrir una nueva vida no termina en el parto. Los cambios en el cuerpo de la madre contin\u00faan, permitiendo el proceso de lactancia para proporcionar nutrici\u00f3n y protecci\u00f3n inmunol\u00f3gica a su reci\u00e9n nacido.\" \/>\n<meta name=\"robots\" content=\"index, follow, max-snippet:-1, max-image-preview:large, max-video-preview:-1\" \/>\n<link rel=\"canonical\" href=\"https:\/\/multi-mam.com\/es\/articulos\/lactancia\/lactancia\/\" \/>\n<meta property=\"og:locale\" content=\"es_ES\" \/>\n<meta property=\"og:type\" content=\"article\" \/>\n<meta property=\"og:title\" content=\"Lactancia - Multi-Mam\" \/>\n<meta property=\"og:description\" content=\"La tarea de nutrir una nueva vida no termina en el parto. Los cambios en el cuerpo de la madre contin\u00faan, permitiendo el proceso de lactancia para proporcionar nutrici\u00f3n y protecci\u00f3n inmunol\u00f3gica a su reci\u00e9n nacido.\" \/>\n<meta property=\"og:url\" content=\"https:\/\/multi-mam.com\/es\/articulos\/lactancia\/lactancia\/\" \/>\n<meta property=\"og:site_name\" content=\"Multi-Mam\" \/>\n<meta property=\"article:modified_time\" content=\"2025-04-28T12:47:36+00:00\" \/>\n<meta name=\"twitter:card\" content=\"summary_large_image\" \/>\n<meta name=\"twitter:label1\" content=\"Tiempo de lectura\" \/>\n\t<meta name=\"twitter:data1\" content=\"3 minutos\" \/>\n<script type=\"application\/ld+json\" class=\"yoast-schema-graph\">{\"@context\":\"https:\/\/schema.org\",\"@graph\":[{\"@type\":\"WebPage\",\"@id\":\"https:\/\/multi-mam.com\/es\/articulos\/lactancia\/lactancia\/\",\"url\":\"https:\/\/multi-mam.com\/es\/articulos\/lactancia\/lactancia\/\",\"name\":\"Lactancia - Multi-Mam\",\"isPartOf\":{\"@id\":\"https:\/\/multi-mam.com\/es\/#website\"},\"datePublished\":\"2023-04-20T12:58:05+00:00\",\"dateModified\":\"2025-04-28T12:47:36+00:00\",\"description\":\"La tarea de nutrir una nueva vida no termina en el parto. Los cambios en el cuerpo de la madre contin\u00faan, permitiendo el proceso de lactancia para proporcionar nutrici\u00f3n y protecci\u00f3n inmunol\u00f3gica a su reci\u00e9n nacido.\",\"breadcrumb\":{\"@id\":\"https:\/\/multi-mam.com\/es\/articulos\/lactancia\/lactancia\/#breadcrumb\"},\"inLanguage\":\"es\",\"potentialAction\":[{\"@type\":\"ReadAction\",\"target\":[\"https:\/\/multi-mam.com\/es\/articulos\/lactancia\/lactancia\/\"]}]},{\"@type\":\"BreadcrumbList\",\"@id\":\"https:\/\/multi-mam.com\/es\/articulos\/lactancia\/lactancia\/#breadcrumb\",\"itemListElement\":[{\"@type\":\"ListItem\",\"position\":1,\"name\":\"Home\",\"item\":\"https:\/\/multi-mam.com\/es\/\"},{\"@type\":\"ListItem\",\"position\":2,\"name\":\"Art\u00edculos\",\"item\":\"https:\/\/multi-mam.com\/es\/articulos\/\"},{\"@type\":\"ListItem\",\"position\":3,\"name\":\"Lactancia\",\"item\":\"https:\/\/multi-mam.com\/es\/articulos\/lactancia\/\"},{\"@type\":\"ListItem\",\"position\":4,\"name\":\"Lactancia\"}]},{\"@type\":\"WebSite\",\"@id\":\"https:\/\/multi-mam.com\/es\/#website\",\"url\":\"https:\/\/multi-mam.com\/es\/\",\"name\":\"Multi-Mam\",\"description\":\"\",\"publisher\":{\"@id\":\"https:\/\/multi-mam.com\/es\/#organization\"},\"potentialAction\":[{\"@type\":\"SearchAction\",\"target\":{\"@type\":\"EntryPoint\",\"urlTemplate\":\"https:\/\/multi-mam.com\/es\/?s={search_term_string}\"},\"query-input\":{\"@type\":\"PropertyValueSpecification\",\"valueRequired\":true,\"valueName\":\"search_term_string\"}}],\"inLanguage\":\"es\"},{\"@type\":\"Organization\",\"@id\":\"https:\/\/multi-mam.com\/es\/#organization\",\"name\":\"Multi-Mam\",\"url\":\"https:\/\/multi-mam.com\/es\/\",\"logo\":{\"@type\":\"ImageObject\",\"inLanguage\":\"es\",\"@id\":\"https:\/\/multi-mam.com\/es\/#\/schema\/logo\/image\/\",\"url\":\"https:\/\/multi-mam.com\/app\/uploads\/sites\/27\/2023\/04\/multi-mam-logotype.png\",\"contentUrl\":\"https:\/\/multi-mam.com\/app\/uploads\/sites\/27\/2023\/04\/multi-mam-logotype.png\",\"width\":70,\"height\":96,\"caption\":\"Multi-Mam\"},\"image\":{\"@id\":\"https:\/\/multi-mam.com\/es\/#\/schema\/logo\/image\/\"}}]}<\/script>\n<!-- \/ Yoast SEO plugin. -->","yoast_head_json":{"title":"Lactancia - Multi-Mam","description":"La tarea de nutrir una nueva vida no termina en el parto. Los cambios en el cuerpo de la madre contin\u00faan, permitiendo el proceso de lactancia para proporcionar nutrici\u00f3n y protecci\u00f3n inmunol\u00f3gica a su reci\u00e9n nacido.","robots":{"index":"index","follow":"follow","max-snippet":"max-snippet:-1","max-image-preview":"max-image-preview:large","max-video-preview":"max-video-preview:-1"},"canonical":"https:\/\/multi-mam.com\/es\/articulos\/lactancia\/lactancia\/","og_locale":"es_ES","og_type":"article","og_title":"Lactancia - Multi-Mam","og_description":"La tarea de nutrir una nueva vida no termina en el parto. Los cambios en el cuerpo de la madre contin\u00faan, permitiendo el proceso de lactancia para proporcionar nutrici\u00f3n y protecci\u00f3n inmunol\u00f3gica a su reci\u00e9n nacido.","og_url":"https:\/\/multi-mam.com\/es\/articulos\/lactancia\/lactancia\/","og_site_name":"Multi-Mam","article_modified_time":"2025-04-28T12:47:36+00:00","twitter_card":"summary_large_image","twitter_misc":{"Tiempo de lectura":"3 minutos"},"schema":{"@context":"https:\/\/schema.org","@graph":[{"@type":"WebPage","@id":"https:\/\/multi-mam.com\/es\/articulos\/lactancia\/lactancia\/","url":"https:\/\/multi-mam.com\/es\/articulos\/lactancia\/lactancia\/","name":"Lactancia - Multi-Mam","isPartOf":{"@id":"https:\/\/multi-mam.com\/es\/#website"},"datePublished":"2023-04-20T12:58:05+00:00","dateModified":"2025-04-28T12:47:36+00:00","description":"La tarea de nutrir una nueva vida no termina en el parto. Los cambios en el cuerpo de la madre contin\u00faan, permitiendo el proceso de lactancia para proporcionar nutrici\u00f3n y protecci\u00f3n inmunol\u00f3gica a su reci\u00e9n nacido.","breadcrumb":{"@id":"https:\/\/multi-mam.com\/es\/articulos\/lactancia\/lactancia\/#breadcrumb"},"inLanguage":"es","potentialAction":[{"@type":"ReadAction","target":["https:\/\/multi-mam.com\/es\/articulos\/lactancia\/lactancia\/"]}]},{"@type":"BreadcrumbList","@id":"https:\/\/multi-mam.com\/es\/articulos\/lactancia\/lactancia\/#breadcrumb","itemListElement":[{"@type":"ListItem","position":1,"name":"Home","item":"https:\/\/multi-mam.com\/es\/"},{"@type":"ListItem","position":2,"name":"Art\u00edculos","item":"https:\/\/multi-mam.com\/es\/articulos\/"},{"@type":"ListItem","position":3,"name":"Lactancia","item":"https:\/\/multi-mam.com\/es\/articulos\/lactancia\/"},{"@type":"ListItem","position":4,"name":"Lactancia"}]},{"@type":"WebSite","@id":"https:\/\/multi-mam.com\/es\/#website","url":"https:\/\/multi-mam.com\/es\/","name":"Multi-Mam","description":"","publisher":{"@id":"https:\/\/multi-mam.com\/es\/#organization"},"potentialAction":[{"@type":"SearchAction","target":{"@type":"EntryPoint","urlTemplate":"https:\/\/multi-mam.com\/es\/?s={search_term_string}"},"query-input":{"@type":"PropertyValueSpecification","valueRequired":true,"valueName":"search_term_string"}}],"inLanguage":"es"},{"@type":"Organization","@id":"https:\/\/multi-mam.com\/es\/#organization","name":"Multi-Mam","url":"https:\/\/multi-mam.com\/es\/","logo":{"@type":"ImageObject","inLanguage":"es","@id":"https:\/\/multi-mam.com\/es\/#\/schema\/logo\/image\/","url":"https:\/\/multi-mam.com\/app\/uploads\/sites\/27\/2023\/04\/multi-mam-logotype.png","contentUrl":"https:\/\/multi-mam.com\/app\/uploads\/sites\/27\/2023\/04\/multi-mam-logotype.png","width":70,"height":96,"caption":"Multi-Mam"},"image":{"@id":"https:\/\/multi-mam.com\/es\/#\/schema\/logo\/image\/"}}]}},"_links":{"self":[{"href":"https:\/\/multi-mam.com\/es\/wp-json\/wp\/v2\/pages\/161","targetHints":{"allow":["GET"]}}],"collection":[{"href":"https:\/\/multi-mam.com\/es\/wp-json\/wp\/v2\/pages"}],"about":[{"href":"https:\/\/multi-mam.com\/es\/wp-json\/wp\/v2\/types\/page"}],"author":[{"embeddable":true,"href":"https:\/\/multi-mam.com\/es\/wp-json\/wp\/v2\/users\/2"}],"replies":[{"embeddable":true,"href":"https:\/\/multi-mam.com\/es\/wp-json\/wp\/v2\/comments?post=161"}],"version-history":[{"count":3,"href":"https:\/\/multi-mam.com\/es\/wp-json\/wp\/v2\/pages\/161\/revisions"}],"predecessor-version":[{"id":317,"href":"https:\/\/multi-mam.com\/es\/wp-json\/wp\/v2\/pages\/161\/revisions\/317"}],"up":[{"embeddable":true,"href":"https:\/\/multi-mam.com\/es\/wp-json\/wp\/v2\/pages\/70"}],"wp:attachment":[{"href":"https:\/\/multi-mam.com\/es\/wp-json\/wp\/v2\/media?parent=161"}],"wp:term":[{"taxonomy":"from-article-database","embeddable":true,"href":"https:\/\/multi-mam.com\/es\/wp-json\/wp\/v2\/from-article-database?post=161"}],"curies":[{"name":"wp","href":"https:\/\/api.w.org\/{rel}","templated":true}]}}