{"id":159,"date":"2023-04-20T14:57:42","date_gmt":"2023-04-20T12:57:42","guid":{"rendered":"https:\/\/multi-mam.com\/es\/?page_id=159"},"modified":"2025-04-28T14:47:38","modified_gmt":"2025-04-28T12:47:38","slug":"conducto-de-leche-obstruido","status":"publish","type":"page","link":"https:\/\/multi-mam.com\/es\/articulos\/lactancia\/conducto-de-leche-obstruido\/","title":{"rendered":"Conducto de leche obstru\u00eddo"},"content":{"rendered":"\n<div class=\"wp-block-karopharma-free-text pt-large pb-large bg-center bg-cover bg-no-repeat  is-style-primary\" style=\"background-image:url()\"><div class=\"free-text-wrapper container max-w-medium text-left\">\n<h1 class=\"wp-block-heading\">Conducto de leche obstru\u00eddo<\/h1>\n\n\n\n<p class=\"is-style-paragraph-preamble\">Los conductos de leche son peque\u00f1os tubos que transportan la leche desde las gl\u00e1ndulas que la secretan hasta el pez\u00f3n. Cuando el beb\u00e9 empieza a succionar en el pez\u00f3n, las c\u00e9lulas musculares que rodean estos tubos se contraen y empujan la leche a trav\u00e9s de los conductos. Sin embargo, si la producci\u00f3n de leche es mayor que la cantidad que se exprime, la leche materna se empieza a acumular en el interior del pecho, provocando inflamaci\u00f3n que evita el fujo normal de leche a trav\u00e9s de los conductos. Esta condici\u00f3n se denomina conductos bloqueados u obstru\u00eddos. Este fen\u00f3meno puede conducir a inflamaci\u00f3n o mastitis cuando las bacterias entran por los conductos y causan una infecci\u00f3n, por lo que se deben tratar inmediatamente los conductos de leche obstru\u00eddos para evitar complicaciones posteriores.<\/p>\n<\/div><\/div>\n\n\n\n<div class=\"wp-block-karopharma-free-text pt-large pb-large bg-center bg-cover bg-no-repeat\" style=\"background-image:url()\"><div class=\"free-text-wrapper container max-w-medium text-left\">\n<h2 class=\"is-style-heading-h2 wp-block-heading\">C\u00f3mo reconocer un conducto bloqueado<\/h2>\n\n\n\n<p>Los s\u00edntomas usuales incluyen:<\/p>\n\n\n\n<ul class=\"is-style-default wp-block-list\"><li>Un bulto duro en un pecho.<\/li><li>El pecho est\u00e1 tierno, caliente al tacto, rojo, hinchado y dolorido<\/li><li>El bulto y la hinchaz\u00f3n pueden reducirse despu\u00e9s de dar el pecho.<\/li><li>Parece que se reduce la producci\u00f3n de leche.<\/li><li>Puede sacar leche espesa, gruesa o grasa.<\/li><\/ul>\n\n\n\n<p>Si empieza a sentir fiebre o cansancio, puede ser que la obstrucci\u00f3n hada dado lugar a mastitis, por lo que deber\u00eda consultar con su m\u00e9dico.<\/p>\n\n\n\n<h2 class=\"is-style-heading-h2 wp-block-heading\">Causas m\u00e1s comunes de un conducto obstru\u00eddo<\/h2>\n\n\n\n<p>En general, un conducto se obstruye si los pechos no se vac\u00edan completamente a diario. Esto puede suceder si:<\/p>\n\n\n\n<ul class=\"is-style-default wp-block-list\"><li>su beb\u00e9 tiene problemas para mamar a causa de un mal enganche, malformaci\u00f3n en la lengua o cualquier otro problema en la lactancia,<\/li><li>est\u00e1 aumentando el periodo entre tomas a causa de dolor en los pezones,<\/li><li>su beb\u00e9 est\u00e1 enfermo,<\/li><li>ha decidido dejar de dar el pecho a su beb\u00e9,<\/li><li>sus pechos se encuentran comprimidos a diario, a causa de un sujetador no apropiado, ropa ajustada o dormir sobre su est\u00f3mago,<\/li><li>se encuentra bajo mucho estr\u00e9s y su sistema inmunitario es d\u00e9bil,<\/li><li>se ha saltado algunas tomas o el tiempo entre tomas es demasiado largo.<\/li><\/ul>\n\n\n\n<h2 class=\"is-style-heading-h2 wp-block-heading\">Algunos remedios para un conducto obstru\u00eddo<\/h2>\n\n\n\n<p>La primera regla para un tratamiendo con \u00e9xito es no detener la lactancia. Su leche es perfectamente sana para su beb\u00e9 y promueve el proceso de curaci\u00f3n si da el pecho tan frecuentemente como sea posible. Si no puede dar el pecho por cualquier raz\u00f3n, exprima la leche utilizando un sacaleches o con las manos.<\/p>\n\n\n\n<p>Las recomendaciones generales para una r\u00e1pida recuperaci\u00f3n incluyen; mucho descanso, beber mucha agua, tener una dieta sana y equilibrada. Adem\u00e1s, aplicar compresas calientes antes de dar el pecho puede favorecer el flujo de leche y ayudar a sacar m\u00e1s leche durante la toma. Tambi\u00e9n puede masajear suavemente su pecho durante unos minutos antes de la toma y mientras su bebe est\u00e1 mamando.<\/p>\n\n\n\n<p>Alimente a su beb\u00e9 cuando note que tiene hambre, regirse a un horario de tomas hace que normalmente haya largos periodos entre tomas, que favorecen la acumulaci\u00f3n de leche. Una vez que su beb\u00e9 ha vaciado un pecho, ofr\u00e9zcale el otro. Empiece la siguiente toma con el pecho con el que termin\u00f3 la toma anterior. Vaciar sus pechos a diario le ayudar\u00e1 con el flujo de leche y a prevenir episodios futuros de obstucci\u00f3n.<\/p>\n\n\n\n<p>Si tiene mucho dolor, tomar paracetamol le puede ofrecer algo de alivio. Aplicar compresas fr\u00edas tambi\u00e9n ayuda, util\u00edcelas entre tomas para reducir el dolor e inflamaci\u00f3n.<\/p>\n\n\n\n<p>Si los s\u00edntomas persisten tras 24h de descanso, dar el pecho con m\u00e1s frecuencia, aplicar compresas calientes y masajear, consulte con su m\u00e9dico.<\/p>\n<\/div><\/div>\n","protected":false},"excerpt":{"rendered":"","protected":false},"author":2,"featured_media":0,"parent":70,"menu_order":18,"comment_status":"closed","ping_status":"closed","template":"","meta":{"_acf_changed":false,"footnotes":""},"from-article-database":[],"class_list":["post-159","page","type-page","status-publish","hentry"],"acf":[],"yoast_head":"<!-- This site is optimized with the Yoast SEO plugin v26.6 - https:\/\/yoast.com\/wordpress\/plugins\/seo\/ -->\n<title>Conducto de leche obstru\u00eddo - Multi-Mam<\/title>\n<meta name=\"description\" content=\"Los conductos de leche son peque\u00f1os tubos que transportan la leche desde las gl\u00e1ndulas que la secretan hasta el pez\u00f3n.\" \/>\n<meta name=\"robots\" content=\"index, follow, max-snippet:-1, max-image-preview:large, max-video-preview:-1\" \/>\n<link rel=\"canonical\" href=\"https:\/\/multi-mam.com\/es\/articulos\/lactancia\/conducto-de-leche-obstruido\/\" \/>\n<meta property=\"og:locale\" content=\"es_ES\" \/>\n<meta property=\"og:type\" content=\"article\" \/>\n<meta property=\"og:title\" content=\"Conducto de leche obstru\u00eddo - Multi-Mam\" \/>\n<meta property=\"og:description\" content=\"Los conductos de leche son peque\u00f1os tubos que transportan la leche desde las gl\u00e1ndulas que la secretan hasta el pez\u00f3n.\" \/>\n<meta property=\"og:url\" content=\"https:\/\/multi-mam.com\/es\/articulos\/lactancia\/conducto-de-leche-obstruido\/\" \/>\n<meta property=\"og:site_name\" content=\"Multi-Mam\" \/>\n<meta property=\"article:modified_time\" content=\"2025-04-28T12:47:38+00:00\" \/>\n<meta name=\"twitter:card\" content=\"summary_large_image\" \/>\n<meta name=\"twitter:label1\" content=\"Tiempo de lectura\" \/>\n\t<meta name=\"twitter:data1\" content=\"3 minutos\" \/>\n<script type=\"application\/ld+json\" class=\"yoast-schema-graph\">{\"@context\":\"https:\/\/schema.org\",\"@graph\":[{\"@type\":\"WebPage\",\"@id\":\"https:\/\/multi-mam.com\/es\/articulos\/lactancia\/conducto-de-leche-obstruido\/\",\"url\":\"https:\/\/multi-mam.com\/es\/articulos\/lactancia\/conducto-de-leche-obstruido\/\",\"name\":\"Conducto de leche obstru\u00eddo - Multi-Mam\",\"isPartOf\":{\"@id\":\"https:\/\/multi-mam.com\/es\/#website\"},\"datePublished\":\"2023-04-20T12:57:42+00:00\",\"dateModified\":\"2025-04-28T12:47:38+00:00\",\"description\":\"Los conductos de leche son peque\u00f1os tubos que transportan la leche desde las gl\u00e1ndulas que la secretan hasta el pez\u00f3n.\",\"breadcrumb\":{\"@id\":\"https:\/\/multi-mam.com\/es\/articulos\/lactancia\/conducto-de-leche-obstruido\/#breadcrumb\"},\"inLanguage\":\"es\",\"potentialAction\":[{\"@type\":\"ReadAction\",\"target\":[\"https:\/\/multi-mam.com\/es\/articulos\/lactancia\/conducto-de-leche-obstruido\/\"]}]},{\"@type\":\"BreadcrumbList\",\"@id\":\"https:\/\/multi-mam.com\/es\/articulos\/lactancia\/conducto-de-leche-obstruido\/#breadcrumb\",\"itemListElement\":[{\"@type\":\"ListItem\",\"position\":1,\"name\":\"Home\",\"item\":\"https:\/\/multi-mam.com\/es\/\"},{\"@type\":\"ListItem\",\"position\":2,\"name\":\"Art\u00edculos\",\"item\":\"https:\/\/multi-mam.com\/es\/articulos\/\"},{\"@type\":\"ListItem\",\"position\":3,\"name\":\"Lactancia\",\"item\":\"https:\/\/multi-mam.com\/es\/articulos\/lactancia\/\"},{\"@type\":\"ListItem\",\"position\":4,\"name\":\"Conducto de leche obstru\u00eddo\"}]},{\"@type\":\"WebSite\",\"@id\":\"https:\/\/multi-mam.com\/es\/#website\",\"url\":\"https:\/\/multi-mam.com\/es\/\",\"name\":\"Multi-Mam\",\"description\":\"\",\"publisher\":{\"@id\":\"https:\/\/multi-mam.com\/es\/#organization\"},\"potentialAction\":[{\"@type\":\"SearchAction\",\"target\":{\"@type\":\"EntryPoint\",\"urlTemplate\":\"https:\/\/multi-mam.com\/es\/?s={search_term_string}\"},\"query-input\":{\"@type\":\"PropertyValueSpecification\",\"valueRequired\":true,\"valueName\":\"search_term_string\"}}],\"inLanguage\":\"es\"},{\"@type\":\"Organization\",\"@id\":\"https:\/\/multi-mam.com\/es\/#organization\",\"name\":\"Multi-Mam\",\"url\":\"https:\/\/multi-mam.com\/es\/\",\"logo\":{\"@type\":\"ImageObject\",\"inLanguage\":\"es\",\"@id\":\"https:\/\/multi-mam.com\/es\/#\/schema\/logo\/image\/\",\"url\":\"https:\/\/multi-mam.com\/app\/uploads\/sites\/27\/2023\/04\/multi-mam-logotype.png\",\"contentUrl\":\"https:\/\/multi-mam.com\/app\/uploads\/sites\/27\/2023\/04\/multi-mam-logotype.png\",\"width\":70,\"height\":96,\"caption\":\"Multi-Mam\"},\"image\":{\"@id\":\"https:\/\/multi-mam.com\/es\/#\/schema\/logo\/image\/\"}}]}<\/script>\n<!-- \/ Yoast SEO plugin. -->","yoast_head_json":{"title":"Conducto de leche obstru\u00eddo - Multi-Mam","description":"Los conductos de leche son peque\u00f1os tubos que transportan la leche desde las gl\u00e1ndulas que la secretan hasta el pez\u00f3n.","robots":{"index":"index","follow":"follow","max-snippet":"max-snippet:-1","max-image-preview":"max-image-preview:large","max-video-preview":"max-video-preview:-1"},"canonical":"https:\/\/multi-mam.com\/es\/articulos\/lactancia\/conducto-de-leche-obstruido\/","og_locale":"es_ES","og_type":"article","og_title":"Conducto de leche obstru\u00eddo - Multi-Mam","og_description":"Los conductos de leche son peque\u00f1os tubos que transportan la leche desde las gl\u00e1ndulas que la secretan hasta el pez\u00f3n.","og_url":"https:\/\/multi-mam.com\/es\/articulos\/lactancia\/conducto-de-leche-obstruido\/","og_site_name":"Multi-Mam","article_modified_time":"2025-04-28T12:47:38+00:00","twitter_card":"summary_large_image","twitter_misc":{"Tiempo de lectura":"3 minutos"},"schema":{"@context":"https:\/\/schema.org","@graph":[{"@type":"WebPage","@id":"https:\/\/multi-mam.com\/es\/articulos\/lactancia\/conducto-de-leche-obstruido\/","url":"https:\/\/multi-mam.com\/es\/articulos\/lactancia\/conducto-de-leche-obstruido\/","name":"Conducto de leche obstru\u00eddo - Multi-Mam","isPartOf":{"@id":"https:\/\/multi-mam.com\/es\/#website"},"datePublished":"2023-04-20T12:57:42+00:00","dateModified":"2025-04-28T12:47:38+00:00","description":"Los conductos de leche son peque\u00f1os tubos que transportan la leche desde las gl\u00e1ndulas que la secretan hasta el pez\u00f3n.","breadcrumb":{"@id":"https:\/\/multi-mam.com\/es\/articulos\/lactancia\/conducto-de-leche-obstruido\/#breadcrumb"},"inLanguage":"es","potentialAction":[{"@type":"ReadAction","target":["https:\/\/multi-mam.com\/es\/articulos\/lactancia\/conducto-de-leche-obstruido\/"]}]},{"@type":"BreadcrumbList","@id":"https:\/\/multi-mam.com\/es\/articulos\/lactancia\/conducto-de-leche-obstruido\/#breadcrumb","itemListElement":[{"@type":"ListItem","position":1,"name":"Home","item":"https:\/\/multi-mam.com\/es\/"},{"@type":"ListItem","position":2,"name":"Art\u00edculos","item":"https:\/\/multi-mam.com\/es\/articulos\/"},{"@type":"ListItem","position":3,"name":"Lactancia","item":"https:\/\/multi-mam.com\/es\/articulos\/lactancia\/"},{"@type":"ListItem","position":4,"name":"Conducto de leche obstru\u00eddo"}]},{"@type":"WebSite","@id":"https:\/\/multi-mam.com\/es\/#website","url":"https:\/\/multi-mam.com\/es\/","name":"Multi-Mam","description":"","publisher":{"@id":"https:\/\/multi-mam.com\/es\/#organization"},"potentialAction":[{"@type":"SearchAction","target":{"@type":"EntryPoint","urlTemplate":"https:\/\/multi-mam.com\/es\/?s={search_term_string}"},"query-input":{"@type":"PropertyValueSpecification","valueRequired":true,"valueName":"search_term_string"}}],"inLanguage":"es"},{"@type":"Organization","@id":"https:\/\/multi-mam.com\/es\/#organization","name":"Multi-Mam","url":"https:\/\/multi-mam.com\/es\/","logo":{"@type":"ImageObject","inLanguage":"es","@id":"https:\/\/multi-mam.com\/es\/#\/schema\/logo\/image\/","url":"https:\/\/multi-mam.com\/app\/uploads\/sites\/27\/2023\/04\/multi-mam-logotype.png","contentUrl":"https:\/\/multi-mam.com\/app\/uploads\/sites\/27\/2023\/04\/multi-mam-logotype.png","width":70,"height":96,"caption":"Multi-Mam"},"image":{"@id":"https:\/\/multi-mam.com\/es\/#\/schema\/logo\/image\/"}}]}},"_links":{"self":[{"href":"https:\/\/multi-mam.com\/es\/wp-json\/wp\/v2\/pages\/159","targetHints":{"allow":["GET"]}}],"collection":[{"href":"https:\/\/multi-mam.com\/es\/wp-json\/wp\/v2\/pages"}],"about":[{"href":"https:\/\/multi-mam.com\/es\/wp-json\/wp\/v2\/types\/page"}],"author":[{"embeddable":true,"href":"https:\/\/multi-mam.com\/es\/wp-json\/wp\/v2\/users\/2"}],"replies":[{"embeddable":true,"href":"https:\/\/multi-mam.com\/es\/wp-json\/wp\/v2\/comments?post=159"}],"version-history":[{"count":3,"href":"https:\/\/multi-mam.com\/es\/wp-json\/wp\/v2\/pages\/159\/revisions"}],"predecessor-version":[{"id":313,"href":"https:\/\/multi-mam.com\/es\/wp-json\/wp\/v2\/pages\/159\/revisions\/313"}],"up":[{"embeddable":true,"href":"https:\/\/multi-mam.com\/es\/wp-json\/wp\/v2\/pages\/70"}],"wp:attachment":[{"href":"https:\/\/multi-mam.com\/es\/wp-json\/wp\/v2\/media?parent=159"}],"wp:term":[{"taxonomy":"from-article-database","embeddable":true,"href":"https:\/\/multi-mam.com\/es\/wp-json\/wp\/v2\/from-article-database?post=159"}],"curies":[{"name":"wp","href":"https:\/\/api.w.org\/{rel}","templated":true}]}}