{"id":157,"date":"2023-04-20T14:57:24","date_gmt":"2023-04-20T12:57:24","guid":{"rendered":"https:\/\/multi-mam.com\/es\/?page_id=157"},"modified":"2025-04-28T14:47:40","modified_gmt":"2025-04-28T12:47:40","slug":"sacar-leche-materna","status":"publish","type":"page","link":"https:\/\/multi-mam.com\/es\/articulos\/lactancia\/sacar-leche-materna\/","title":{"rendered":"Sacar leche materna"},"content":{"rendered":"\n<div class=\"wp-block-karopharma-free-text pt-large pb-large bg-center bg-cover bg-no-repeat  is-style-primary\" style=\"background-image:url()\"><div class=\"free-text-wrapper container max-w-medium text-left\">\n<h1 class=\"wp-block-heading\">Sacar leche materna<\/h1>\n\n\n\n<p class=\"is-style-paragraph-preamble\">Hay muchas razones por las que considerar sacar leche materna por bombeo. Entre ellas se incluyen:<\/p>\n\n\n\n<ul class=\"is-style-default wp-block-list\"><li>Crear una reserva de manera que su beb\u00e9 pueda tener leche materna cuando usted est\u00e9 trabajando o de viaje.<\/li><li>Estimular la producci\u00f3n de leche si disminuye el apetito de su beb\u00e9.<\/li><li>Si su beb\u00e9 es prematuro o tiene problemas para engancharse.<\/li><li>Para prevenir o tratar la ingurgitaci\u00f3n, mastitis u obstrucci\u00f3n del conducto.<\/li><li>Si est\u00e1 dejando de dar el pecho e intenta aliviar algo de presi\u00f3n en sus pechos.<\/li><\/ul>\n<\/div><\/div>\n\n\n\n<div class=\"wp-block-karopharma-free-text pt-large pb-large bg-center bg-cover bg-no-repeat\" style=\"background-image:url()\"><div class=\"free-text-wrapper container max-w-medium text-left\">\n<p>Sacar leche proporciona libertad, ya que significa que no necesita estar presente en cada toma, por lo que puede volver al trabajo o tener algo de tiempo para usted. Sin embargo, tenga en cuenta que no debe ofrecer un biber\u00f3n a su beb\u00e9 hasta que se haya establecido bien la lactancia, ya que existe el riesgo de confundir el pez\u00f3n y que su beb\u00e9 rechace el pecho.<\/p>\n\n\n\n<h2 class=\"is-style-heading-h2 wp-block-heading\">Con qu\u00e9 frecuencia y cu\u00e1ndo sacar leche<\/h2>\n\n\n\n<p>Si est\u00e1 dando el pecho y su objetivo es guardar leche extra para cuando no se encuentre, el mejor momento del d\u00eda para bombear es por la ma\u00f1ana, cuando la cantidad de leche es mayor. Espere una hora despu\u00e9s de dar el pecho para sacar la leche, esto le proporciona tiempo suficiente a las gl\u00e1ndulas l\u00e1cteas para secretar leche para la pr\u00f3xima toma.<\/p>\n\n\n\n<p>Si bombea leche para prevenir la ingurgitaci\u00f3n, intente ce\u00f1irse al horario de tomas de su beb\u00e9. Hacer descansos largos entre tomas o bombeo puede conducir a una acumulaci\u00f3n de leche e inflamaci\u00f3n.<\/p>\n\n\n\n<h2 class=\"is-style-heading-h2 wp-block-heading\">M\u00e9todos de bombeo<\/h2>\n\n\n\n<p>Las dos opciones son un sacaleches o m\u00e9todos para exprimir a mano.<\/p>\n\n\n\n<p>Las bombas sacaleches pueden ser manuales o el\u00e9cticas, diferenci\u00e1ndose en la facilidad de uso y el tiempo de bombeo que necesitan. Las bombas completamento autom\u00e1ticas le ayudar\u00e1n a ejercer otras tareas mientras bombean y s\u00f3lo tardar\u00e1n 10-15 minutos, mientras que las bombas manuales necesitan m\u00e1s tiempo y energ\u00eda (tardando alrededor de 45 minutos). Por supuesto, tambi\u00e9n hay una diferencia de precio, por lo que a la hora de elegir un sacaleches tenga en cuenta sus prioridades, si planea sacar leche cada d\u00eda, puede ser una buena idea invertir en una buena bomba autom\u00e1tica que le ahorrar\u00e1 tiempo y energ\u00eda. Por otro lado, si solo planea sacar leche de vez en cuando, un sacaleches manual deber\u00eda ser suficiente.<\/p>\n\n\n\n<p>Sea cual sea el sacaleches que escoja, aseg\u00farese de elegir el tama\u00f1o de copa de pecho adecuado y posici\u00f3nelo correctamente para que no cause ninguna molestia. El bombeo puede ser ligeramente inc\u00f3modo al principio a causa de una fuerte sensaci\u00f3n de succi\u00f3n, pero no deber\u00eda ser doloroso.<\/p>\n\n\n\n<p>Usted deber\u00eda decidir si prueba exprimir a mano. Este m\u00e9todo necesita tiempo, por lo que no es pr\u00e1ctico para usar cada d\u00eda, pero si solo necesita hacerlo de vez en cuando, merece la pena hacerlo correctamente. Pregunte a su matrona para que le ense\u00f1e la t\u00e9cnica correcta o siga las siguientes instrucciones:<\/p>\n\n\n\n<p>Coloque su pulgar sobre el pez\u00f3n y sus dos primeros dedos debajo del pez\u00f3n. Su mano deber\u00eda formar la letra C, pero no deber\u00eda estar apretando o tirando del pez\u00f3n. Sin separar sus dedos, empuje directamente hacia la pared tor\u00e1cica y haga rodar luego los dedos hacia delante simult\u00e1neamente. Este movimiento masajear\u00e1 los conductos de leche y empujar\u00e1 la leche hacia el pez\u00f3n. Gire su mano alrededor de su pecho para exprimir otros dep\u00f3sitos que se extienden por todo el tejido mamario. Repita hasta que el pecho se sienta ligero.<\/p>\n\n\n\n<p>Si no se encuentra junto a su beb\u00e9 cuando saque la leche, puede ser de ayuda que lo pueda escuchar por tel\u00e9fono, ver un v\u00eddeo o algunas fotos. Ver la cara de su beb\u00e9 o escuchar su voz ayudan con el reflejo, intente diferentes t\u00e9cnicas y no se olvide de estar relajada.<\/p>\n\n\n\n<h2 class=\"is-style-heading-h2 wp-block-heading\">Almacenar leche matern<\/h2>\n\n\n\n<p>Las botellas de pl\u00e1stico o cristal con tapones bien cerrados para asegurar su frescura, o las bolsas de pl\u00e1stico especiales para almacenar leche, son todo maneras adecuadas de almacenar correctamente la leche materna fresca. Las bolsas de pl\u00e1stico tambi\u00e9n se pueden utilizar para congelar la leche si hiciera falta. Refrigera la leche justo despu\u00e9s de haberla sacado, de esta manera puede mantenerse en el frigor\u00edfico a 4\u00baC hasta 5 d\u00edas. Si decide congelarla para usarla m\u00e1s tarde, tenga en cuenta que la congelaci\u00f3n destruye los anticuerpos de la leche materna, pero los nutrientes permanecen igual. La leche congelada se puede almacenar durante 12 meses a -20\u00baC en un congelador, pero para su m\u00e1xima calidad y frescura se recomienda utilizarla durante los primeros 3 meses. Recuerde escribir las fechas en el recipiente antes de su almacenamiento.<\/p>\n\n\n\n<h2 class=\"is-style-heading-h2 wp-block-heading\">C\u00f3mo calentar la leche<\/h2>\n\n\n\n<p>Si decide congelar la leche, necesitar\u00e1 descongelarla dej\u00e1ndola en el frigor\u00edfico durante la noche o poni\u00e9ndola bajo agua fr\u00eda corriente. Una vez descongelada, la leche debe ser refrigerada y usada durante las primeras 24 horas. Estubiera la leche en el congelador o en el frigor\u00edfico, debe calentarla antes de ofrec\u00e9rsela a su beb\u00e9. Ponga la leche fr\u00eda bajo agua caliente durante unos minutos o caliente un cazo con agua y coloque el recipiente con leche en su interior. No caliente la leche directamente en el cazo y no la hierva, s\u00f3lo caliente lo suficiente para que su beb\u00e9 lo pueda beber. Evite tambi\u00e9n calentar la leche en microondas ya que esto puede reducir algunas de las propiedades nutritivas de la leche materna.<\/p>\n<\/div><\/div>\n","protected":false},"excerpt":{"rendered":"","protected":false},"author":2,"featured_media":0,"parent":70,"menu_order":17,"comment_status":"closed","ping_status":"closed","template":"","meta":{"_acf_changed":false,"footnotes":""},"from-article-database":[],"class_list":["post-157","page","type-page","status-publish","hentry"],"acf":[],"yoast_head":"<!-- This site is optimized with the Yoast SEO plugin v26.6 - https:\/\/yoast.com\/wordpress\/plugins\/seo\/ -->\n<title>Sacar leche materna - Multi-Mam<\/title>\n<meta name=\"description\" content=\"Hay muchas razones por las que considerar sacar leche materna por bombeo. Entre ellas se incluyen:\" \/>\n<meta name=\"robots\" content=\"index, follow, max-snippet:-1, max-image-preview:large, max-video-preview:-1\" \/>\n<link rel=\"canonical\" href=\"https:\/\/multi-mam.com\/es\/articulos\/lactancia\/sacar-leche-materna\/\" \/>\n<meta property=\"og:locale\" content=\"es_ES\" \/>\n<meta property=\"og:type\" content=\"article\" \/>\n<meta property=\"og:title\" content=\"Sacar leche materna - Multi-Mam\" \/>\n<meta property=\"og:description\" content=\"Hay muchas razones por las que considerar sacar leche materna por bombeo. Entre ellas se incluyen:\" \/>\n<meta property=\"og:url\" content=\"https:\/\/multi-mam.com\/es\/articulos\/lactancia\/sacar-leche-materna\/\" \/>\n<meta property=\"og:site_name\" content=\"Multi-Mam\" \/>\n<meta property=\"article:modified_time\" content=\"2025-04-28T12:47:40+00:00\" \/>\n<meta name=\"twitter:card\" content=\"summary_large_image\" \/>\n<meta name=\"twitter:label1\" content=\"Tiempo de lectura\" \/>\n\t<meta name=\"twitter:data1\" content=\"5 minutos\" \/>\n<script type=\"application\/ld+json\" class=\"yoast-schema-graph\">{\"@context\":\"https:\/\/schema.org\",\"@graph\":[{\"@type\":\"WebPage\",\"@id\":\"https:\/\/multi-mam.com\/es\/articulos\/lactancia\/sacar-leche-materna\/\",\"url\":\"https:\/\/multi-mam.com\/es\/articulos\/lactancia\/sacar-leche-materna\/\",\"name\":\"Sacar leche materna - Multi-Mam\",\"isPartOf\":{\"@id\":\"https:\/\/multi-mam.com\/es\/#website\"},\"datePublished\":\"2023-04-20T12:57:24+00:00\",\"dateModified\":\"2025-04-28T12:47:40+00:00\",\"description\":\"Hay muchas razones por las que considerar sacar leche materna por bombeo. Entre ellas se incluyen:\",\"breadcrumb\":{\"@id\":\"https:\/\/multi-mam.com\/es\/articulos\/lactancia\/sacar-leche-materna\/#breadcrumb\"},\"inLanguage\":\"es\",\"potentialAction\":[{\"@type\":\"ReadAction\",\"target\":[\"https:\/\/multi-mam.com\/es\/articulos\/lactancia\/sacar-leche-materna\/\"]}]},{\"@type\":\"BreadcrumbList\",\"@id\":\"https:\/\/multi-mam.com\/es\/articulos\/lactancia\/sacar-leche-materna\/#breadcrumb\",\"itemListElement\":[{\"@type\":\"ListItem\",\"position\":1,\"name\":\"Home\",\"item\":\"https:\/\/multi-mam.com\/es\/\"},{\"@type\":\"ListItem\",\"position\":2,\"name\":\"Art\u00edculos\",\"item\":\"https:\/\/multi-mam.com\/es\/articulos\/\"},{\"@type\":\"ListItem\",\"position\":3,\"name\":\"Lactancia\",\"item\":\"https:\/\/multi-mam.com\/es\/articulos\/lactancia\/\"},{\"@type\":\"ListItem\",\"position\":4,\"name\":\"Sacar leche materna\"}]},{\"@type\":\"WebSite\",\"@id\":\"https:\/\/multi-mam.com\/es\/#website\",\"url\":\"https:\/\/multi-mam.com\/es\/\",\"name\":\"Multi-Mam\",\"description\":\"\",\"publisher\":{\"@id\":\"https:\/\/multi-mam.com\/es\/#organization\"},\"potentialAction\":[{\"@type\":\"SearchAction\",\"target\":{\"@type\":\"EntryPoint\",\"urlTemplate\":\"https:\/\/multi-mam.com\/es\/?s={search_term_string}\"},\"query-input\":{\"@type\":\"PropertyValueSpecification\",\"valueRequired\":true,\"valueName\":\"search_term_string\"}}],\"inLanguage\":\"es\"},{\"@type\":\"Organization\",\"@id\":\"https:\/\/multi-mam.com\/es\/#organization\",\"name\":\"Multi-Mam\",\"url\":\"https:\/\/multi-mam.com\/es\/\",\"logo\":{\"@type\":\"ImageObject\",\"inLanguage\":\"es\",\"@id\":\"https:\/\/multi-mam.com\/es\/#\/schema\/logo\/image\/\",\"url\":\"https:\/\/multi-mam.com\/app\/uploads\/sites\/27\/2023\/04\/multi-mam-logotype.png\",\"contentUrl\":\"https:\/\/multi-mam.com\/app\/uploads\/sites\/27\/2023\/04\/multi-mam-logotype.png\",\"width\":70,\"height\":96,\"caption\":\"Multi-Mam\"},\"image\":{\"@id\":\"https:\/\/multi-mam.com\/es\/#\/schema\/logo\/image\/\"}}]}<\/script>\n<!-- \/ Yoast SEO plugin. -->","yoast_head_json":{"title":"Sacar leche materna - Multi-Mam","description":"Hay muchas razones por las que considerar sacar leche materna por bombeo. Entre ellas se incluyen:","robots":{"index":"index","follow":"follow","max-snippet":"max-snippet:-1","max-image-preview":"max-image-preview:large","max-video-preview":"max-video-preview:-1"},"canonical":"https:\/\/multi-mam.com\/es\/articulos\/lactancia\/sacar-leche-materna\/","og_locale":"es_ES","og_type":"article","og_title":"Sacar leche materna - Multi-Mam","og_description":"Hay muchas razones por las que considerar sacar leche materna por bombeo. Entre ellas se incluyen:","og_url":"https:\/\/multi-mam.com\/es\/articulos\/lactancia\/sacar-leche-materna\/","og_site_name":"Multi-Mam","article_modified_time":"2025-04-28T12:47:40+00:00","twitter_card":"summary_large_image","twitter_misc":{"Tiempo de lectura":"5 minutos"},"schema":{"@context":"https:\/\/schema.org","@graph":[{"@type":"WebPage","@id":"https:\/\/multi-mam.com\/es\/articulos\/lactancia\/sacar-leche-materna\/","url":"https:\/\/multi-mam.com\/es\/articulos\/lactancia\/sacar-leche-materna\/","name":"Sacar leche materna - Multi-Mam","isPartOf":{"@id":"https:\/\/multi-mam.com\/es\/#website"},"datePublished":"2023-04-20T12:57:24+00:00","dateModified":"2025-04-28T12:47:40+00:00","description":"Hay muchas razones por las que considerar sacar leche materna por bombeo. Entre ellas se incluyen:","breadcrumb":{"@id":"https:\/\/multi-mam.com\/es\/articulos\/lactancia\/sacar-leche-materna\/#breadcrumb"},"inLanguage":"es","potentialAction":[{"@type":"ReadAction","target":["https:\/\/multi-mam.com\/es\/articulos\/lactancia\/sacar-leche-materna\/"]}]},{"@type":"BreadcrumbList","@id":"https:\/\/multi-mam.com\/es\/articulos\/lactancia\/sacar-leche-materna\/#breadcrumb","itemListElement":[{"@type":"ListItem","position":1,"name":"Home","item":"https:\/\/multi-mam.com\/es\/"},{"@type":"ListItem","position":2,"name":"Art\u00edculos","item":"https:\/\/multi-mam.com\/es\/articulos\/"},{"@type":"ListItem","position":3,"name":"Lactancia","item":"https:\/\/multi-mam.com\/es\/articulos\/lactancia\/"},{"@type":"ListItem","position":4,"name":"Sacar leche materna"}]},{"@type":"WebSite","@id":"https:\/\/multi-mam.com\/es\/#website","url":"https:\/\/multi-mam.com\/es\/","name":"Multi-Mam","description":"","publisher":{"@id":"https:\/\/multi-mam.com\/es\/#organization"},"potentialAction":[{"@type":"SearchAction","target":{"@type":"EntryPoint","urlTemplate":"https:\/\/multi-mam.com\/es\/?s={search_term_string}"},"query-input":{"@type":"PropertyValueSpecification","valueRequired":true,"valueName":"search_term_string"}}],"inLanguage":"es"},{"@type":"Organization","@id":"https:\/\/multi-mam.com\/es\/#organization","name":"Multi-Mam","url":"https:\/\/multi-mam.com\/es\/","logo":{"@type":"ImageObject","inLanguage":"es","@id":"https:\/\/multi-mam.com\/es\/#\/schema\/logo\/image\/","url":"https:\/\/multi-mam.com\/app\/uploads\/sites\/27\/2023\/04\/multi-mam-logotype.png","contentUrl":"https:\/\/multi-mam.com\/app\/uploads\/sites\/27\/2023\/04\/multi-mam-logotype.png","width":70,"height":96,"caption":"Multi-Mam"},"image":{"@id":"https:\/\/multi-mam.com\/es\/#\/schema\/logo\/image\/"}}]}},"_links":{"self":[{"href":"https:\/\/multi-mam.com\/es\/wp-json\/wp\/v2\/pages\/157","targetHints":{"allow":["GET"]}}],"collection":[{"href":"https:\/\/multi-mam.com\/es\/wp-json\/wp\/v2\/pages"}],"about":[{"href":"https:\/\/multi-mam.com\/es\/wp-json\/wp\/v2\/types\/page"}],"author":[{"embeddable":true,"href":"https:\/\/multi-mam.com\/es\/wp-json\/wp\/v2\/users\/2"}],"replies":[{"embeddable":true,"href":"https:\/\/multi-mam.com\/es\/wp-json\/wp\/v2\/comments?post=157"}],"version-history":[{"count":3,"href":"https:\/\/multi-mam.com\/es\/wp-json\/wp\/v2\/pages\/157\/revisions"}],"predecessor-version":[{"id":311,"href":"https:\/\/multi-mam.com\/es\/wp-json\/wp\/v2\/pages\/157\/revisions\/311"}],"up":[{"embeddable":true,"href":"https:\/\/multi-mam.com\/es\/wp-json\/wp\/v2\/pages\/70"}],"wp:attachment":[{"href":"https:\/\/multi-mam.com\/es\/wp-json\/wp\/v2\/media?parent=157"}],"wp:term":[{"taxonomy":"from-article-database","embeddable":true,"href":"https:\/\/multi-mam.com\/es\/wp-json\/wp\/v2\/from-article-database?post=157"}],"curies":[{"name":"wp","href":"https:\/\/api.w.org\/{rel}","templated":true}]}}