{"id":155,"date":"2023-04-20T14:57:07","date_gmt":"2023-04-20T12:57:07","guid":{"rendered":"https:\/\/multi-mam.com\/es\/?page_id=155"},"modified":"2025-04-28T14:47:42","modified_gmt":"2025-04-28T12:47:42","slug":"cuidado-del-pezon","status":"publish","type":"page","link":"https:\/\/multi-mam.com\/es\/articulos\/lactancia\/cuidado-del-pezon\/","title":{"rendered":"Cuidado del pez\u00f3n"},"content":{"rendered":"\n<div class=\"wp-block-karopharma-free-text pt-large pb-large bg-center bg-cover bg-no-repeat  is-style-primary\" style=\"background-image:url()\"><div class=\"free-text-wrapper container max-w-medium text-left\">\n<h1 class=\"wp-block-heading\">Cuidado del pez\u00f3n<\/h1>\n\n\n\n<p class=\"is-style-paragraph-preamble\">Se necesita algo de tiempo para acostumbrase a dar el pecho, la sensaci\u00f3n inicial puede ser extra\u00f1a y algo inc\u00f3moda. Sin embargo, deber\u00eda acostumbrase muy pronto, ya que el dolor no deber\u00eda formar parte de la lactancia. Normalmente, el dolor es un signo de que algo no est\u00e1 bien, siendo la causa m\u00e1s com\u00fan una mala posici\u00f3n al dar el pecho. Para que la lactancia sea agradable e indolora, hemos recogida una serie de gu\u00edas generales para el cuidado de pechos y pez\u00f3n.<\/p>\n<\/div><\/div>\n\n\n\n<div class=\"wp-block-karopharma-free-text pt-large pb-large bg-center bg-cover bg-no-repeat\" style=\"background-image:url()\"><div class=\"free-text-wrapper container max-w-medium text-left\">\n<h2 class=\"is-style-heading-h2 wp-block-heading\">C\u00f3mo cuidar sus pechos y pezones durante la lactancia<\/h2>\n\n\n\n<p>Las recomendaciones generales de higiene son muy sencillas, simplemente aclarar sus pechos con agua caliente mientras toma una ducha. Evite usar en sus pechos y pezones geles de ba\u00f1o o jabones con detergentesm estos productos resecan su piel al eliminar los aceites naturales presentes en su superficie y pueden causar grietas e irritaci\u00f3n. Despu\u00e9s de la ducha o dar el pecho, dede que se sequen sus pezones al aire.<\/p>\n\n\n\n<p>Una buena pr\u00e1ctica es extender unas pocas gotas de leche tras dar el pecho por sus pezones. Tambi\u00e9n deber\u00eda usar un b\u00e1lsamo para pezones que nutra la piel y proteja sus pezones de da\u00f1os. Cuando elija un b\u00e1lsamo para pezones, asegurese de que no tiene por que ser eliminado antes de dar el pecho y de que es seguro para su beb\u00e9 si lo ingiere. Aclarar sus pechos con agua antes de dar el pecho los vuelve m\u00e1s secos y expuestos a la tinrantez y da\u00f1os potenciales, de manera que dejar el b\u00e1lsamo durante la toma ofrece una protecci\u00f3n adicional, sin mencionar la facilidad de uso.<\/p>\n\n\n\n<p>Evite el uso de sujetadores de lactancia con almohadillas sint\u00e9ticas no-transpirables, estos materiales impiden que la piel respire y pueden crear medios ideales para que los microbios crezcan y causen una infecci\u00f3n. Cambie las almohadillas con frecuencia, para no usar durante mucho tiempo almohadillas h\u00famedas.<\/p>\n\n\n\n<h2 class=\"is-style-heading-h2 wp-block-heading\">Qu\u00e9 hacer si experimenta dolor en los pezones<\/h2>\n\n\n\n<p>En primer lugar, si experimenta dolor cuando da el pecho, no dude en pedir ayuda a su m\u00e9dico o matrona. Un buen enganche desde el principio le ayudar\u00e1 a prevenir cualquier molestia, por lo que si tiene preguntas o preocupaciones, no tenga miedo de preguntar.<\/p>\n\n\n\n<p>Si sus pezones ya est\u00e1n doloridos e irritados, utilice compresas para el pecho que aceleran el proceso de curaci\u00f3n. Si el dolor es fuerte, las compresas fr\u00edas puede ofrecer algo de alivio, pero no aplique nunca hielo directamente sobre la piel. Si el dolor es muy fuerte, puede sacarse leche seg\u00fan su horario habitual de tomas para prevenir la mastitis. La leche que se saque est\u00e1 en perfectas condiciones para ser ofrecida a su beb\u00e9. Debe decidir si se saca la leche con la mano o utiliza un sacaleches, le recomendamos que hable con su matrona para decidir que es mejor para usted.<\/p>\n\n\n\n<p>A veces, el dolor en los pezones puede estar causado por una infecci\u00f3n por hongos. En ese caso, consulte con su m\u00e9dico acerca del mejor tratamiento para usted y su beb\u00e9, ya que es posible que su beb\u00e9 tambi\u00e9n tenga hongos en su boca.<\/p>\n\n\n\n<p>Cuando tenga dolor, ofrezca a su beb\u00e9 el pecho en el que el dolor es menor primero, la succi\u00f3n inicial es la m\u00e1s fuerte, por lo que es la que m\u00e1s duele. Una vez que su beb\u00e9 haya mamado durante un tiempo, es menos probable que su succi\u00f3n sea fuerte. Asimismo, experimente con diferentes posiciones para dar el pecho. Encuentre la que se adapte mejor a usted y su beb\u00e9 y proporci\u00f3nele un ambiente tranquilo y libre de distracciones, d\u00f3nde su beb\u00e9 se pueda relajar y concentrarse en la lactancia. Esto puede prevenir alg\u00fan mordisco ocasional en el pez\u00f3n.<\/p>\n<\/div><\/div>\n","protected":false},"excerpt":{"rendered":"","protected":false},"author":2,"featured_media":0,"parent":70,"menu_order":16,"comment_status":"closed","ping_status":"closed","template":"","meta":{"_acf_changed":false,"footnotes":""},"from-article-database":[],"class_list":["post-155","page","type-page","status-publish","hentry"],"acf":[],"yoast_head":"<!-- This site is optimized with the Yoast SEO plugin v26.6 - https:\/\/yoast.com\/wordpress\/plugins\/seo\/ -->\n<title>Cuidado del pez\u00f3n - Multi-Mam<\/title>\n<meta name=\"description\" content=\"Para que la lactancia sea agradable e indolora, hemos recogida una serie de gu\u00edas generales para el cuidado de pechos y pez\u00f3n.\" \/>\n<meta name=\"robots\" content=\"index, follow, max-snippet:-1, max-image-preview:large, max-video-preview:-1\" \/>\n<link rel=\"canonical\" href=\"https:\/\/multi-mam.com\/es\/articulos\/lactancia\/cuidado-del-pezon\/\" \/>\n<meta property=\"og:locale\" content=\"es_ES\" \/>\n<meta property=\"og:type\" content=\"article\" \/>\n<meta property=\"og:title\" content=\"Cuidado del pez\u00f3n - Multi-Mam\" \/>\n<meta property=\"og:description\" content=\"Para que la lactancia sea agradable e indolora, hemos recogida una serie de gu\u00edas generales para el cuidado de pechos y pez\u00f3n.\" \/>\n<meta property=\"og:url\" content=\"https:\/\/multi-mam.com\/es\/articulos\/lactancia\/cuidado-del-pezon\/\" \/>\n<meta property=\"og:site_name\" content=\"Multi-Mam\" \/>\n<meta property=\"article:modified_time\" content=\"2025-04-28T12:47:42+00:00\" \/>\n<meta name=\"twitter:card\" content=\"summary_large_image\" \/>\n<meta name=\"twitter:label1\" content=\"Tiempo de lectura\" \/>\n\t<meta name=\"twitter:data1\" content=\"3 minutos\" \/>\n<script type=\"application\/ld+json\" class=\"yoast-schema-graph\">{\"@context\":\"https:\/\/schema.org\",\"@graph\":[{\"@type\":\"WebPage\",\"@id\":\"https:\/\/multi-mam.com\/es\/articulos\/lactancia\/cuidado-del-pezon\/\",\"url\":\"https:\/\/multi-mam.com\/es\/articulos\/lactancia\/cuidado-del-pezon\/\",\"name\":\"Cuidado del pez\u00f3n - Multi-Mam\",\"isPartOf\":{\"@id\":\"https:\/\/multi-mam.com\/es\/#website\"},\"datePublished\":\"2023-04-20T12:57:07+00:00\",\"dateModified\":\"2025-04-28T12:47:42+00:00\",\"description\":\"Para que la lactancia sea agradable e indolora, hemos recogida una serie de gu\u00edas generales para el cuidado de pechos y pez\u00f3n.\",\"breadcrumb\":{\"@id\":\"https:\/\/multi-mam.com\/es\/articulos\/lactancia\/cuidado-del-pezon\/#breadcrumb\"},\"inLanguage\":\"es\",\"potentialAction\":[{\"@type\":\"ReadAction\",\"target\":[\"https:\/\/multi-mam.com\/es\/articulos\/lactancia\/cuidado-del-pezon\/\"]}]},{\"@type\":\"BreadcrumbList\",\"@id\":\"https:\/\/multi-mam.com\/es\/articulos\/lactancia\/cuidado-del-pezon\/#breadcrumb\",\"itemListElement\":[{\"@type\":\"ListItem\",\"position\":1,\"name\":\"Home\",\"item\":\"https:\/\/multi-mam.com\/es\/\"},{\"@type\":\"ListItem\",\"position\":2,\"name\":\"Art\u00edculos\",\"item\":\"https:\/\/multi-mam.com\/es\/articulos\/\"},{\"@type\":\"ListItem\",\"position\":3,\"name\":\"Lactancia\",\"item\":\"https:\/\/multi-mam.com\/es\/articulos\/lactancia\/\"},{\"@type\":\"ListItem\",\"position\":4,\"name\":\"Cuidado del pez\u00f3n\"}]},{\"@type\":\"WebSite\",\"@id\":\"https:\/\/multi-mam.com\/es\/#website\",\"url\":\"https:\/\/multi-mam.com\/es\/\",\"name\":\"Multi-Mam\",\"description\":\"\",\"publisher\":{\"@id\":\"https:\/\/multi-mam.com\/es\/#organization\"},\"potentialAction\":[{\"@type\":\"SearchAction\",\"target\":{\"@type\":\"EntryPoint\",\"urlTemplate\":\"https:\/\/multi-mam.com\/es\/?s={search_term_string}\"},\"query-input\":{\"@type\":\"PropertyValueSpecification\",\"valueRequired\":true,\"valueName\":\"search_term_string\"}}],\"inLanguage\":\"es\"},{\"@type\":\"Organization\",\"@id\":\"https:\/\/multi-mam.com\/es\/#organization\",\"name\":\"Multi-Mam\",\"url\":\"https:\/\/multi-mam.com\/es\/\",\"logo\":{\"@type\":\"ImageObject\",\"inLanguage\":\"es\",\"@id\":\"https:\/\/multi-mam.com\/es\/#\/schema\/logo\/image\/\",\"url\":\"https:\/\/multi-mam.com\/app\/uploads\/sites\/27\/2023\/04\/multi-mam-logotype.png\",\"contentUrl\":\"https:\/\/multi-mam.com\/app\/uploads\/sites\/27\/2023\/04\/multi-mam-logotype.png\",\"width\":70,\"height\":96,\"caption\":\"Multi-Mam\"},\"image\":{\"@id\":\"https:\/\/multi-mam.com\/es\/#\/schema\/logo\/image\/\"}}]}<\/script>\n<!-- \/ Yoast SEO plugin. -->","yoast_head_json":{"title":"Cuidado del pez\u00f3n - Multi-Mam","description":"Para que la lactancia sea agradable e indolora, hemos recogida una serie de gu\u00edas generales para el cuidado de pechos y pez\u00f3n.","robots":{"index":"index","follow":"follow","max-snippet":"max-snippet:-1","max-image-preview":"max-image-preview:large","max-video-preview":"max-video-preview:-1"},"canonical":"https:\/\/multi-mam.com\/es\/articulos\/lactancia\/cuidado-del-pezon\/","og_locale":"es_ES","og_type":"article","og_title":"Cuidado del pez\u00f3n - Multi-Mam","og_description":"Para que la lactancia sea agradable e indolora, hemos recogida una serie de gu\u00edas generales para el cuidado de pechos y pez\u00f3n.","og_url":"https:\/\/multi-mam.com\/es\/articulos\/lactancia\/cuidado-del-pezon\/","og_site_name":"Multi-Mam","article_modified_time":"2025-04-28T12:47:42+00:00","twitter_card":"summary_large_image","twitter_misc":{"Tiempo de lectura":"3 minutos"},"schema":{"@context":"https:\/\/schema.org","@graph":[{"@type":"WebPage","@id":"https:\/\/multi-mam.com\/es\/articulos\/lactancia\/cuidado-del-pezon\/","url":"https:\/\/multi-mam.com\/es\/articulos\/lactancia\/cuidado-del-pezon\/","name":"Cuidado del pez\u00f3n - Multi-Mam","isPartOf":{"@id":"https:\/\/multi-mam.com\/es\/#website"},"datePublished":"2023-04-20T12:57:07+00:00","dateModified":"2025-04-28T12:47:42+00:00","description":"Para que la lactancia sea agradable e indolora, hemos recogida una serie de gu\u00edas generales para el cuidado de pechos y pez\u00f3n.","breadcrumb":{"@id":"https:\/\/multi-mam.com\/es\/articulos\/lactancia\/cuidado-del-pezon\/#breadcrumb"},"inLanguage":"es","potentialAction":[{"@type":"ReadAction","target":["https:\/\/multi-mam.com\/es\/articulos\/lactancia\/cuidado-del-pezon\/"]}]},{"@type":"BreadcrumbList","@id":"https:\/\/multi-mam.com\/es\/articulos\/lactancia\/cuidado-del-pezon\/#breadcrumb","itemListElement":[{"@type":"ListItem","position":1,"name":"Home","item":"https:\/\/multi-mam.com\/es\/"},{"@type":"ListItem","position":2,"name":"Art\u00edculos","item":"https:\/\/multi-mam.com\/es\/articulos\/"},{"@type":"ListItem","position":3,"name":"Lactancia","item":"https:\/\/multi-mam.com\/es\/articulos\/lactancia\/"},{"@type":"ListItem","position":4,"name":"Cuidado del pez\u00f3n"}]},{"@type":"WebSite","@id":"https:\/\/multi-mam.com\/es\/#website","url":"https:\/\/multi-mam.com\/es\/","name":"Multi-Mam","description":"","publisher":{"@id":"https:\/\/multi-mam.com\/es\/#organization"},"potentialAction":[{"@type":"SearchAction","target":{"@type":"EntryPoint","urlTemplate":"https:\/\/multi-mam.com\/es\/?s={search_term_string}"},"query-input":{"@type":"PropertyValueSpecification","valueRequired":true,"valueName":"search_term_string"}}],"inLanguage":"es"},{"@type":"Organization","@id":"https:\/\/multi-mam.com\/es\/#organization","name":"Multi-Mam","url":"https:\/\/multi-mam.com\/es\/","logo":{"@type":"ImageObject","inLanguage":"es","@id":"https:\/\/multi-mam.com\/es\/#\/schema\/logo\/image\/","url":"https:\/\/multi-mam.com\/app\/uploads\/sites\/27\/2023\/04\/multi-mam-logotype.png","contentUrl":"https:\/\/multi-mam.com\/app\/uploads\/sites\/27\/2023\/04\/multi-mam-logotype.png","width":70,"height":96,"caption":"Multi-Mam"},"image":{"@id":"https:\/\/multi-mam.com\/es\/#\/schema\/logo\/image\/"}}]}},"_links":{"self":[{"href":"https:\/\/multi-mam.com\/es\/wp-json\/wp\/v2\/pages\/155","targetHints":{"allow":["GET"]}}],"collection":[{"href":"https:\/\/multi-mam.com\/es\/wp-json\/wp\/v2\/pages"}],"about":[{"href":"https:\/\/multi-mam.com\/es\/wp-json\/wp\/v2\/types\/page"}],"author":[{"embeddable":true,"href":"https:\/\/multi-mam.com\/es\/wp-json\/wp\/v2\/users\/2"}],"replies":[{"embeddable":true,"href":"https:\/\/multi-mam.com\/es\/wp-json\/wp\/v2\/comments?post=155"}],"version-history":[{"count":3,"href":"https:\/\/multi-mam.com\/es\/wp-json\/wp\/v2\/pages\/155\/revisions"}],"predecessor-version":[{"id":309,"href":"https:\/\/multi-mam.com\/es\/wp-json\/wp\/v2\/pages\/155\/revisions\/309"}],"up":[{"embeddable":true,"href":"https:\/\/multi-mam.com\/es\/wp-json\/wp\/v2\/pages\/70"}],"wp:attachment":[{"href":"https:\/\/multi-mam.com\/es\/wp-json\/wp\/v2\/media?parent=155"}],"wp:term":[{"taxonomy":"from-article-database","embeddable":true,"href":"https:\/\/multi-mam.com\/es\/wp-json\/wp\/v2\/from-article-database?post=155"}],"curies":[{"name":"wp","href":"https:\/\/api.w.org\/{rel}","templated":true}]}}