{"id":151,"date":"2023-04-20T14:56:26","date_gmt":"2023-04-20T12:56:26","guid":{"rendered":"https:\/\/multi-mam.com\/es\/?page_id=151"},"modified":"2025-04-28T14:47:46","modified_gmt":"2025-04-28T12:47:46","slug":"la-anatomia-del-pecho","status":"publish","type":"page","link":"https:\/\/multi-mam.com\/es\/articulos\/lactancia\/la-anatomia-del-pecho\/","title":{"rendered":"La anatom\u00eda del pecho"},"content":{"rendered":"\n<div class=\"wp-block-karopharma-free-text pt-large pb-large bg-center bg-cover bg-no-repeat  is-style-primary\" style=\"background-image:url()\"><div class=\"free-text-wrapper container max-w-medium text-left\">\n<h1 class=\"wp-block-heading\">La anatom\u00eda del pecho<\/h1>\n\n\n\n<p class=\"is-style-paragraph-preamble\">Para entender la lactancia, las buenas pr\u00e1cticas y algunos problemas que pueden suceder, primero se debe entender la base de la anatom\u00eda del pecho femenino. Las principales estructuras del pecho son:<\/p>\n\n\n\n<ul class=\"is-style-default wp-block-list\"><li>El \u00e1rea del pez\u00f3n y la aureola, dise\u00f1adas para permitir la lactancia, los pezones normalmente crecen durante el embarazo, mientras que las aureolas se oscurecen. Algunos expertos creen que es la manera que tiene la madre naturaleza de facilitar al beb\u00e9 su camino hasta el pecho.<\/li><li>Tejido mamario, este tejido contiene muchas gl\u00e1ndulas que producen leche y la excretan en los conductos de leche que permiten que la leche fluya hasta el pez\u00f3n. Los conductos de leche est\u00e1n rodeados por c\u00e9lulas musculares que se contraen durante la lactancia y ayudan a mantener el flujo de leche.<\/li><li>El tejido conjuntivo y grasa, estos tejidos proporcionan apoyo y protecci\u00f3n a las partes m\u00e1s delicadas de la secreci\u00f3n de leche del pecho.<\/li><li>Vasos sangu\u00edneos, vasos linf\u00e1ticos y nervios.<\/li><\/ul>\n<\/div><\/div>\n\n\n\n<div class=\"wp-block-karopharma-free-text pt-large pb-large bg-center bg-cover bg-no-repeat\" style=\"background-image:url()\"><div class=\"free-text-wrapper container max-w-medium text-left\">\n<p>Durante el embarazo y despu\u00e9s del parto, sus pechos sufren grandes cambios que est\u00e1n orquestados por cuatro hormonas que se segregan en su cuerpo : estr\u00f3geno, progesterona, prolactina y oxitocina.<\/p>\n\n\n\n<p>Estr\u00f3geno y progesterona son liberados por la placenta durante el embarazo y su papel es preparar los pechos para la producci\u00f3n de leche. Bajo su influencia, sus pechos empezar\u00e1n a crear m\u00e1s conductos de leche, pero la producci\u00f3n de leche no empezar\u00e1 todav\u00eda. Una vez que su beb\u00e9 haya nacido y se retira la placenta, los niveles de estas hormonas en su cuerpo caen, dando una se\u00f1al de que la producci\u00f3n de leche puede empezar.<\/p>\n\n\n\n<p>Despu\u00e9s del nacimiendo de su beb\u00e9, la primera leche que secretan sus pechos se llama calostro. Este l\u00edquido espeso y claro est\u00e1 lleno de anticuerpos que protegen a su beb\u00e9 para que su sistema inmunol\u00f3gico tenga tiempo suficiente para desarrollarse y fortalecerse. Unos d\u00edas m\u00e1s tarde, se empezar\u00e1 a producir la leche verdadera y notar\u00e1 que sus pechos est\u00e1n hinchados, pesados y calientes al tacto. Esto es normal y desaparecer\u00e1 en un par de semanas.<\/p>\n\n\n\n<p>Una vez que los estr\u00f3genos y la progesterona han hecho su funci\u00f3n, la prolactina y la oxitocina asumen el control. La prolactina es la que anima a su cuerpo a producir leche. Cada vez que da el pecho a su beb\u00e9 o saca leche, aumentan los niveles de prolactina en su cuerpo, dando a sus pechos la se\u00f1al necesaria para producir m\u00e1s leche. Por otro lado, la oxitocina est\u00e1 ah\u00ed para asegurarse de que la leche producida se libera de los pechos. Por lo tanto, causael reflejo de ejecci\u00f3n cuando la leche es exprimida fuera de sus reservorios y bombeada a los conductos de la leche. La se\u00f1al inicial para el reflejo de ejecci\u00f3n es la sensaci\u00f3n de succi\u00f3n que su beb\u00e9 crea al tratar de amamantar.<\/p>\n\n\n\n<p>La producci\u00f3n de leche en su cuerpo se regula de una manera fascinante con cierta ayuda de una prote\u00edna llamada Inhibidor de la Lactancia. Esta prote\u00edna reduce la producci\u00f3n de leche una vez que el pecho est\u00e1 lleno. Por lo tanto, la leche se produce sobre la base del mecanismo de oferta y demanda. Si su beb\u00e9 deja de amamantar u omite una toma, el nivel de esta prote\u00edna en su pecho aumenta, causando una disminuci\u00f3n de la producci\u00f3n de leche. Lo mismo ocurre al rev\u00e9s. Cuanto m\u00e1s tome su beb\u00e9, m\u00e1s leche crear\u00e1 su cuerpo. Por eso es tan importante dar el pecho tan a menudo como sea necesario, para que su suministro de leche se mantenga en un nivel alto y \u00f3ptimo.<\/p>\n<\/div><\/div>\n","protected":false},"excerpt":{"rendered":"","protected":false},"author":2,"featured_media":0,"parent":70,"menu_order":14,"comment_status":"closed","ping_status":"closed","template":"","meta":{"_acf_changed":false,"footnotes":""},"from-article-database":[],"class_list":["post-151","page","type-page","status-publish","hentry"],"acf":[],"yoast_head":"<!-- This site is optimized with the Yoast SEO plugin v26.6 - https:\/\/yoast.com\/wordpress\/plugins\/seo\/ -->\n<title>La anatom\u00eda del pecho - Multi-Mam<\/title>\n<meta name=\"description\" content=\"Para entender la lactancia, las buenas pr\u00e1cticas y algunos problemas que pueden suceder, primero se debe entender la base de la anatom\u00eda del pecho femenino.\" \/>\n<meta name=\"robots\" content=\"index, follow, max-snippet:-1, max-image-preview:large, max-video-preview:-1\" \/>\n<link rel=\"canonical\" href=\"https:\/\/multi-mam.com\/es\/articulos\/lactancia\/la-anatomia-del-pecho\/\" \/>\n<meta property=\"og:locale\" content=\"es_ES\" \/>\n<meta property=\"og:type\" content=\"article\" \/>\n<meta property=\"og:title\" content=\"La anatom\u00eda del pecho - Multi-Mam\" \/>\n<meta property=\"og:description\" content=\"Para entender la lactancia, las buenas pr\u00e1cticas y algunos problemas que pueden suceder, primero se debe entender la base de la anatom\u00eda del pecho femenino.\" \/>\n<meta property=\"og:url\" content=\"https:\/\/multi-mam.com\/es\/articulos\/lactancia\/la-anatomia-del-pecho\/\" \/>\n<meta property=\"og:site_name\" content=\"Multi-Mam\" \/>\n<meta property=\"article:modified_time\" content=\"2025-04-28T12:47:46+00:00\" \/>\n<meta name=\"twitter:card\" content=\"summary_large_image\" \/>\n<meta name=\"twitter:label1\" content=\"Tiempo de lectura\" \/>\n\t<meta name=\"twitter:data1\" content=\"3 minutos\" \/>\n<script type=\"application\/ld+json\" class=\"yoast-schema-graph\">{\"@context\":\"https:\/\/schema.org\",\"@graph\":[{\"@type\":\"WebPage\",\"@id\":\"https:\/\/multi-mam.com\/es\/articulos\/lactancia\/la-anatomia-del-pecho\/\",\"url\":\"https:\/\/multi-mam.com\/es\/articulos\/lactancia\/la-anatomia-del-pecho\/\",\"name\":\"La anatom\u00eda del pecho - Multi-Mam\",\"isPartOf\":{\"@id\":\"https:\/\/multi-mam.com\/es\/#website\"},\"datePublished\":\"2023-04-20T12:56:26+00:00\",\"dateModified\":\"2025-04-28T12:47:46+00:00\",\"description\":\"Para entender la lactancia, las buenas pr\u00e1cticas y algunos problemas que pueden suceder, primero se debe entender la base de la anatom\u00eda del pecho femenino.\",\"breadcrumb\":{\"@id\":\"https:\/\/multi-mam.com\/es\/articulos\/lactancia\/la-anatomia-del-pecho\/#breadcrumb\"},\"inLanguage\":\"es\",\"potentialAction\":[{\"@type\":\"ReadAction\",\"target\":[\"https:\/\/multi-mam.com\/es\/articulos\/lactancia\/la-anatomia-del-pecho\/\"]}]},{\"@type\":\"BreadcrumbList\",\"@id\":\"https:\/\/multi-mam.com\/es\/articulos\/lactancia\/la-anatomia-del-pecho\/#breadcrumb\",\"itemListElement\":[{\"@type\":\"ListItem\",\"position\":1,\"name\":\"Home\",\"item\":\"https:\/\/multi-mam.com\/es\/\"},{\"@type\":\"ListItem\",\"position\":2,\"name\":\"Art\u00edculos\",\"item\":\"https:\/\/multi-mam.com\/es\/articulos\/\"},{\"@type\":\"ListItem\",\"position\":3,\"name\":\"Lactancia\",\"item\":\"https:\/\/multi-mam.com\/es\/articulos\/lactancia\/\"},{\"@type\":\"ListItem\",\"position\":4,\"name\":\"La anatom\u00eda del pecho\"}]},{\"@type\":\"WebSite\",\"@id\":\"https:\/\/multi-mam.com\/es\/#website\",\"url\":\"https:\/\/multi-mam.com\/es\/\",\"name\":\"Multi-Mam\",\"description\":\"\",\"publisher\":{\"@id\":\"https:\/\/multi-mam.com\/es\/#organization\"},\"potentialAction\":[{\"@type\":\"SearchAction\",\"target\":{\"@type\":\"EntryPoint\",\"urlTemplate\":\"https:\/\/multi-mam.com\/es\/?s={search_term_string}\"},\"query-input\":{\"@type\":\"PropertyValueSpecification\",\"valueRequired\":true,\"valueName\":\"search_term_string\"}}],\"inLanguage\":\"es\"},{\"@type\":\"Organization\",\"@id\":\"https:\/\/multi-mam.com\/es\/#organization\",\"name\":\"Multi-Mam\",\"url\":\"https:\/\/multi-mam.com\/es\/\",\"logo\":{\"@type\":\"ImageObject\",\"inLanguage\":\"es\",\"@id\":\"https:\/\/multi-mam.com\/es\/#\/schema\/logo\/image\/\",\"url\":\"https:\/\/multi-mam.com\/app\/uploads\/sites\/27\/2023\/04\/multi-mam-logotype.png\",\"contentUrl\":\"https:\/\/multi-mam.com\/app\/uploads\/sites\/27\/2023\/04\/multi-mam-logotype.png\",\"width\":70,\"height\":96,\"caption\":\"Multi-Mam\"},\"image\":{\"@id\":\"https:\/\/multi-mam.com\/es\/#\/schema\/logo\/image\/\"}}]}<\/script>\n<!-- \/ Yoast SEO plugin. -->","yoast_head_json":{"title":"La anatom\u00eda del pecho - Multi-Mam","description":"Para entender la lactancia, las buenas pr\u00e1cticas y algunos problemas que pueden suceder, primero se debe entender la base de la anatom\u00eda del pecho femenino.","robots":{"index":"index","follow":"follow","max-snippet":"max-snippet:-1","max-image-preview":"max-image-preview:large","max-video-preview":"max-video-preview:-1"},"canonical":"https:\/\/multi-mam.com\/es\/articulos\/lactancia\/la-anatomia-del-pecho\/","og_locale":"es_ES","og_type":"article","og_title":"La anatom\u00eda del pecho - Multi-Mam","og_description":"Para entender la lactancia, las buenas pr\u00e1cticas y algunos problemas que pueden suceder, primero se debe entender la base de la anatom\u00eda del pecho femenino.","og_url":"https:\/\/multi-mam.com\/es\/articulos\/lactancia\/la-anatomia-del-pecho\/","og_site_name":"Multi-Mam","article_modified_time":"2025-04-28T12:47:46+00:00","twitter_card":"summary_large_image","twitter_misc":{"Tiempo de lectura":"3 minutos"},"schema":{"@context":"https:\/\/schema.org","@graph":[{"@type":"WebPage","@id":"https:\/\/multi-mam.com\/es\/articulos\/lactancia\/la-anatomia-del-pecho\/","url":"https:\/\/multi-mam.com\/es\/articulos\/lactancia\/la-anatomia-del-pecho\/","name":"La anatom\u00eda del pecho - Multi-Mam","isPartOf":{"@id":"https:\/\/multi-mam.com\/es\/#website"},"datePublished":"2023-04-20T12:56:26+00:00","dateModified":"2025-04-28T12:47:46+00:00","description":"Para entender la lactancia, las buenas pr\u00e1cticas y algunos problemas que pueden suceder, primero se debe entender la base de la anatom\u00eda del pecho femenino.","breadcrumb":{"@id":"https:\/\/multi-mam.com\/es\/articulos\/lactancia\/la-anatomia-del-pecho\/#breadcrumb"},"inLanguage":"es","potentialAction":[{"@type":"ReadAction","target":["https:\/\/multi-mam.com\/es\/articulos\/lactancia\/la-anatomia-del-pecho\/"]}]},{"@type":"BreadcrumbList","@id":"https:\/\/multi-mam.com\/es\/articulos\/lactancia\/la-anatomia-del-pecho\/#breadcrumb","itemListElement":[{"@type":"ListItem","position":1,"name":"Home","item":"https:\/\/multi-mam.com\/es\/"},{"@type":"ListItem","position":2,"name":"Art\u00edculos","item":"https:\/\/multi-mam.com\/es\/articulos\/"},{"@type":"ListItem","position":3,"name":"Lactancia","item":"https:\/\/multi-mam.com\/es\/articulos\/lactancia\/"},{"@type":"ListItem","position":4,"name":"La anatom\u00eda del pecho"}]},{"@type":"WebSite","@id":"https:\/\/multi-mam.com\/es\/#website","url":"https:\/\/multi-mam.com\/es\/","name":"Multi-Mam","description":"","publisher":{"@id":"https:\/\/multi-mam.com\/es\/#organization"},"potentialAction":[{"@type":"SearchAction","target":{"@type":"EntryPoint","urlTemplate":"https:\/\/multi-mam.com\/es\/?s={search_term_string}"},"query-input":{"@type":"PropertyValueSpecification","valueRequired":true,"valueName":"search_term_string"}}],"inLanguage":"es"},{"@type":"Organization","@id":"https:\/\/multi-mam.com\/es\/#organization","name":"Multi-Mam","url":"https:\/\/multi-mam.com\/es\/","logo":{"@type":"ImageObject","inLanguage":"es","@id":"https:\/\/multi-mam.com\/es\/#\/schema\/logo\/image\/","url":"https:\/\/multi-mam.com\/app\/uploads\/sites\/27\/2023\/04\/multi-mam-logotype.png","contentUrl":"https:\/\/multi-mam.com\/app\/uploads\/sites\/27\/2023\/04\/multi-mam-logotype.png","width":70,"height":96,"caption":"Multi-Mam"},"image":{"@id":"https:\/\/multi-mam.com\/es\/#\/schema\/logo\/image\/"}}]}},"_links":{"self":[{"href":"https:\/\/multi-mam.com\/es\/wp-json\/wp\/v2\/pages\/151","targetHints":{"allow":["GET"]}}],"collection":[{"href":"https:\/\/multi-mam.com\/es\/wp-json\/wp\/v2\/pages"}],"about":[{"href":"https:\/\/multi-mam.com\/es\/wp-json\/wp\/v2\/types\/page"}],"author":[{"embeddable":true,"href":"https:\/\/multi-mam.com\/es\/wp-json\/wp\/v2\/users\/2"}],"replies":[{"embeddable":true,"href":"https:\/\/multi-mam.com\/es\/wp-json\/wp\/v2\/comments?post=151"}],"version-history":[{"count":3,"href":"https:\/\/multi-mam.com\/es\/wp-json\/wp\/v2\/pages\/151\/revisions"}],"predecessor-version":[{"id":305,"href":"https:\/\/multi-mam.com\/es\/wp-json\/wp\/v2\/pages\/151\/revisions\/305"}],"up":[{"embeddable":true,"href":"https:\/\/multi-mam.com\/es\/wp-json\/wp\/v2\/pages\/70"}],"wp:attachment":[{"href":"https:\/\/multi-mam.com\/es\/wp-json\/wp\/v2\/media?parent=151"}],"wp:term":[{"taxonomy":"from-article-database","embeddable":true,"href":"https:\/\/multi-mam.com\/es\/wp-json\/wp\/v2\/from-article-database?post=151"}],"curies":[{"name":"wp","href":"https:\/\/api.w.org\/{rel}","templated":true}]}}