{"id":149,"date":"2023-04-20T14:56:06","date_gmt":"2023-04-20T12:56:06","guid":{"rendered":"https:\/\/multi-mam.com\/es\/?page_id=149"},"modified":"2025-04-28T14:47:48","modified_gmt":"2025-04-28T12:47:48","slug":"reflujo","status":"publish","type":"page","link":"https:\/\/multi-mam.com\/es\/articulos\/lactancia\/reflujo\/","title":{"rendered":"Reflujo"},"content":{"rendered":"\n<div class=\"wp-block-karopharma-free-text pt-large pb-large bg-center bg-cover bg-no-repeat  is-style-primary\" style=\"background-image:url()\"><div class=\"free-text-wrapper container max-w-medium text-left\">\n<h1 class=\"wp-block-heading\">Reflujo<\/h1>\n\n\n\n<p class=\"is-style-paragraph-preamble\">Puede notar que su beb\u00e9 escupe leche durante la toma o justo despu\u00e9s, esto es un suceso normal llamado reflujo y en casi todos los casos no es raz\u00f3n para preocuparse. El reflujo sucede cuando su beb\u00e9 ingiere m\u00e1s leche de la que su peque\u00f1o es\u00f3fago puede tomar, haciendo que leche sobrante regrese a la boca. Las estad\u00edsticas indican que el 50% de los reci\u00e9n nacidos tienen reflujo a diario, pero la mayor\u00eda de ellos lo supera cuando cumplen un a\u00f1o. Tanto los beb\u00e9s lactantes como los que toman biber\u00f3n pueden experimentar reflujo.<\/p>\n<\/div><\/div>\n\n\n\n<div class=\"wp-block-karopharma-free-text pt-large pb-large bg-center bg-cover bg-no-repeat\" style=\"background-image:url()\"><div class=\"free-text-wrapper container max-w-medium text-left\">\n<p>El reflujo tambi\u00e9n puede ser silencioso en este caso, su beb\u00e9 puede estar ingiriendo leche que ha regresado en vez de escupirla. Si nota que su beb\u00e9 ingiere despu\u00e9s de haber terminado la toma, \u00e9sta podr\u00eda ser la primera pista para sospechar de reflujo silencioso.<\/p>\n\n\n\n<p>Si su beb\u00e9 tiene mucha hambre y empieza a mamar r\u00e1pido, si sus pechos est\u00e1n muy llenos, o si su beb\u00e9 traga mucho aire al dejar el pez\u00f3n a menudo, es probable que aparezca reflujo.<\/p>\n\n\n\n<p>En algunos casos, el reflujo puede ser un s\u00edntoma de alguna otra condici\u00f3n, como intolerancia a la leche de vaca o enfermedad de reflujo gastroesof\u00e1gico. Sin embargo, si su beb\u00e9 gana peso cont\u00ednuamente y no tiene otros s\u00edntomas de molestia, es probable que el reflujo sea simplemente un poco molesto para usted por la limpieza que requiere, pero no presenta un problema m\u00e9dico.<\/p>\n\n\n\n<p>Si el reflujo ocurre varias veces al d\u00eda o si hay otros s\u00edntomas, como n\u00e1useas, dificultad para tragar, irritabilidad, llanto constante, v\u00f3mito de aspecto verde o amarillo, si su beb\u00e9 est\u00e1 arqueando la espalda mientras mama o no est\u00e1 aumentando de peso, deber\u00eda contactar con su m\u00e9dico.<\/p>\n\n\n\n<h2 class=\"is-style-heading-h2 wp-block-heading\">C\u00f3mo ayudar a su beb\u00e9 con el reflujo<\/h2>\n\n\n\n<p>A continuaci\u00f3n se indican algunas recomendaciones generales para disminuir las molestias causadas por el reflujo<\/p>\n\n\n\n<ul class=\"is-style-default wp-block-list\"><li>Alimentar a su beb\u00e9 cogiendolo hacia arriba<\/li><li>Hacer que su beb\u00e9 eructe despu\u00e9s de cada toma.<\/li><li>Sujetar a su beb\u00e9 hacia arriba durante 20 minutos despu\u00e9s de la toma.<\/li><li>Evitar largos periodos de tiempo entre tomas.<\/li><li>Si su beb\u00e9 toma biber\u00f3n, compruebe que el agujero de la tetina no es demasiado grande, haciendo que salga demasiada leche demasiado r\u00e1pido.<\/li><li>Levantar el final del colch\u00f3n donde reposa la cabeza de su beb\u00e9, tener la cabeza un poco m\u00e1s alta que los pies ayudar con la regurgitaci\u00f3n.<\/li><\/ul>\n\n\n\n<p>Si el reflujo de su beb\u00e9 es grave, su m\u00e9dico le recomendar\u00e1 uno de los enfoques comunes para aliviar el reflujo. El primer paso es comprobar si su beb\u00e9 tiene alergia a la leche de vaca. Elimine la leche y productos l\u00e1cteos, como queso y yogur de su dieta, y observe cambios en su beb\u00e9. Si resulta que la proteina de la leche de vaca no es la causa del reflujo, su m\u00e9dico le recomendar\u00e1 un anti\u00e1cido para ni\u00f1os, que neutraliza el \u00e1cido del est\u00f3mago que causa dolor e irritaci\u00f3n de garganta; o adicionar un espesante a laleche materna o leche de continuaci\u00f3n. Usar un espesante para el reflujo es un m\u00e9todo antiguo que no tiene mucha evidencia cient\u00edfica que lo soporte, por lo que consulte con su m\u00e9dico antes de probar estos m\u00e9todos.<\/p>\n<\/div><\/div>\n","protected":false},"excerpt":{"rendered":"","protected":false},"author":2,"featured_media":0,"parent":70,"menu_order":13,"comment_status":"closed","ping_status":"closed","template":"","meta":{"_acf_changed":false,"footnotes":""},"from-article-database":[],"class_list":["post-149","page","type-page","status-publish","hentry"],"acf":[],"yoast_head":"<!-- This site is optimized with the Yoast SEO plugin v26.6 - https:\/\/yoast.com\/wordpress\/plugins\/seo\/ -->\n<title>Reflujo - Multi-Mam<\/title>\n<meta name=\"description\" content=\"Puede notar que su beb\u00e9 escupe leche durante la toma o justo despu\u00e9s, esto es un suceso normal llamado reflujo y en casi todos los casos no es raz\u00f3n para preocuparse.\" \/>\n<meta name=\"robots\" content=\"index, follow, max-snippet:-1, max-image-preview:large, max-video-preview:-1\" \/>\n<link rel=\"canonical\" href=\"https:\/\/multi-mam.com\/es\/articulos\/lactancia\/reflujo\/\" \/>\n<meta property=\"og:locale\" content=\"es_ES\" \/>\n<meta property=\"og:type\" content=\"article\" \/>\n<meta property=\"og:title\" content=\"Reflujo - Multi-Mam\" \/>\n<meta property=\"og:description\" content=\"Puede notar que su beb\u00e9 escupe leche durante la toma o justo despu\u00e9s, esto es un suceso normal llamado reflujo y en casi todos los casos no es raz\u00f3n para preocuparse.\" \/>\n<meta property=\"og:url\" content=\"https:\/\/multi-mam.com\/es\/articulos\/lactancia\/reflujo\/\" \/>\n<meta property=\"og:site_name\" content=\"Multi-Mam\" \/>\n<meta property=\"article:modified_time\" content=\"2025-04-28T12:47:48+00:00\" \/>\n<meta name=\"twitter:card\" content=\"summary_large_image\" \/>\n<meta name=\"twitter:label1\" content=\"Tiempo de lectura\" \/>\n\t<meta name=\"twitter:data1\" content=\"3 minutos\" \/>\n<script type=\"application\/ld+json\" class=\"yoast-schema-graph\">{\"@context\":\"https:\/\/schema.org\",\"@graph\":[{\"@type\":\"WebPage\",\"@id\":\"https:\/\/multi-mam.com\/es\/articulos\/lactancia\/reflujo\/\",\"url\":\"https:\/\/multi-mam.com\/es\/articulos\/lactancia\/reflujo\/\",\"name\":\"Reflujo - Multi-Mam\",\"isPartOf\":{\"@id\":\"https:\/\/multi-mam.com\/es\/#website\"},\"datePublished\":\"2023-04-20T12:56:06+00:00\",\"dateModified\":\"2025-04-28T12:47:48+00:00\",\"description\":\"Puede notar que su beb\u00e9 escupe leche durante la toma o justo despu\u00e9s, esto es un suceso normal llamado reflujo y en casi todos los casos no es raz\u00f3n para preocuparse.\",\"breadcrumb\":{\"@id\":\"https:\/\/multi-mam.com\/es\/articulos\/lactancia\/reflujo\/#breadcrumb\"},\"inLanguage\":\"es\",\"potentialAction\":[{\"@type\":\"ReadAction\",\"target\":[\"https:\/\/multi-mam.com\/es\/articulos\/lactancia\/reflujo\/\"]}]},{\"@type\":\"BreadcrumbList\",\"@id\":\"https:\/\/multi-mam.com\/es\/articulos\/lactancia\/reflujo\/#breadcrumb\",\"itemListElement\":[{\"@type\":\"ListItem\",\"position\":1,\"name\":\"Home\",\"item\":\"https:\/\/multi-mam.com\/es\/\"},{\"@type\":\"ListItem\",\"position\":2,\"name\":\"Art\u00edculos\",\"item\":\"https:\/\/multi-mam.com\/es\/articulos\/\"},{\"@type\":\"ListItem\",\"position\":3,\"name\":\"Lactancia\",\"item\":\"https:\/\/multi-mam.com\/es\/articulos\/lactancia\/\"},{\"@type\":\"ListItem\",\"position\":4,\"name\":\"Reflujo\"}]},{\"@type\":\"WebSite\",\"@id\":\"https:\/\/multi-mam.com\/es\/#website\",\"url\":\"https:\/\/multi-mam.com\/es\/\",\"name\":\"Multi-Mam\",\"description\":\"\",\"publisher\":{\"@id\":\"https:\/\/multi-mam.com\/es\/#organization\"},\"potentialAction\":[{\"@type\":\"SearchAction\",\"target\":{\"@type\":\"EntryPoint\",\"urlTemplate\":\"https:\/\/multi-mam.com\/es\/?s={search_term_string}\"},\"query-input\":{\"@type\":\"PropertyValueSpecification\",\"valueRequired\":true,\"valueName\":\"search_term_string\"}}],\"inLanguage\":\"es\"},{\"@type\":\"Organization\",\"@id\":\"https:\/\/multi-mam.com\/es\/#organization\",\"name\":\"Multi-Mam\",\"url\":\"https:\/\/multi-mam.com\/es\/\",\"logo\":{\"@type\":\"ImageObject\",\"inLanguage\":\"es\",\"@id\":\"https:\/\/multi-mam.com\/es\/#\/schema\/logo\/image\/\",\"url\":\"https:\/\/multi-mam.com\/app\/uploads\/sites\/27\/2023\/04\/multi-mam-logotype.png\",\"contentUrl\":\"https:\/\/multi-mam.com\/app\/uploads\/sites\/27\/2023\/04\/multi-mam-logotype.png\",\"width\":70,\"height\":96,\"caption\":\"Multi-Mam\"},\"image\":{\"@id\":\"https:\/\/multi-mam.com\/es\/#\/schema\/logo\/image\/\"}}]}<\/script>\n<!-- \/ Yoast SEO plugin. -->","yoast_head_json":{"title":"Reflujo - Multi-Mam","description":"Puede notar que su beb\u00e9 escupe leche durante la toma o justo despu\u00e9s, esto es un suceso normal llamado reflujo y en casi todos los casos no es raz\u00f3n para preocuparse.","robots":{"index":"index","follow":"follow","max-snippet":"max-snippet:-1","max-image-preview":"max-image-preview:large","max-video-preview":"max-video-preview:-1"},"canonical":"https:\/\/multi-mam.com\/es\/articulos\/lactancia\/reflujo\/","og_locale":"es_ES","og_type":"article","og_title":"Reflujo - Multi-Mam","og_description":"Puede notar que su beb\u00e9 escupe leche durante la toma o justo despu\u00e9s, esto es un suceso normal llamado reflujo y en casi todos los casos no es raz\u00f3n para preocuparse.","og_url":"https:\/\/multi-mam.com\/es\/articulos\/lactancia\/reflujo\/","og_site_name":"Multi-Mam","article_modified_time":"2025-04-28T12:47:48+00:00","twitter_card":"summary_large_image","twitter_misc":{"Tiempo de lectura":"3 minutos"},"schema":{"@context":"https:\/\/schema.org","@graph":[{"@type":"WebPage","@id":"https:\/\/multi-mam.com\/es\/articulos\/lactancia\/reflujo\/","url":"https:\/\/multi-mam.com\/es\/articulos\/lactancia\/reflujo\/","name":"Reflujo - Multi-Mam","isPartOf":{"@id":"https:\/\/multi-mam.com\/es\/#website"},"datePublished":"2023-04-20T12:56:06+00:00","dateModified":"2025-04-28T12:47:48+00:00","description":"Puede notar que su beb\u00e9 escupe leche durante la toma o justo despu\u00e9s, esto es un suceso normal llamado reflujo y en casi todos los casos no es raz\u00f3n para preocuparse.","breadcrumb":{"@id":"https:\/\/multi-mam.com\/es\/articulos\/lactancia\/reflujo\/#breadcrumb"},"inLanguage":"es","potentialAction":[{"@type":"ReadAction","target":["https:\/\/multi-mam.com\/es\/articulos\/lactancia\/reflujo\/"]}]},{"@type":"BreadcrumbList","@id":"https:\/\/multi-mam.com\/es\/articulos\/lactancia\/reflujo\/#breadcrumb","itemListElement":[{"@type":"ListItem","position":1,"name":"Home","item":"https:\/\/multi-mam.com\/es\/"},{"@type":"ListItem","position":2,"name":"Art\u00edculos","item":"https:\/\/multi-mam.com\/es\/articulos\/"},{"@type":"ListItem","position":3,"name":"Lactancia","item":"https:\/\/multi-mam.com\/es\/articulos\/lactancia\/"},{"@type":"ListItem","position":4,"name":"Reflujo"}]},{"@type":"WebSite","@id":"https:\/\/multi-mam.com\/es\/#website","url":"https:\/\/multi-mam.com\/es\/","name":"Multi-Mam","description":"","publisher":{"@id":"https:\/\/multi-mam.com\/es\/#organization"},"potentialAction":[{"@type":"SearchAction","target":{"@type":"EntryPoint","urlTemplate":"https:\/\/multi-mam.com\/es\/?s={search_term_string}"},"query-input":{"@type":"PropertyValueSpecification","valueRequired":true,"valueName":"search_term_string"}}],"inLanguage":"es"},{"@type":"Organization","@id":"https:\/\/multi-mam.com\/es\/#organization","name":"Multi-Mam","url":"https:\/\/multi-mam.com\/es\/","logo":{"@type":"ImageObject","inLanguage":"es","@id":"https:\/\/multi-mam.com\/es\/#\/schema\/logo\/image\/","url":"https:\/\/multi-mam.com\/app\/uploads\/sites\/27\/2023\/04\/multi-mam-logotype.png","contentUrl":"https:\/\/multi-mam.com\/app\/uploads\/sites\/27\/2023\/04\/multi-mam-logotype.png","width":70,"height":96,"caption":"Multi-Mam"},"image":{"@id":"https:\/\/multi-mam.com\/es\/#\/schema\/logo\/image\/"}}]}},"_links":{"self":[{"href":"https:\/\/multi-mam.com\/es\/wp-json\/wp\/v2\/pages\/149","targetHints":{"allow":["GET"]}}],"collection":[{"href":"https:\/\/multi-mam.com\/es\/wp-json\/wp\/v2\/pages"}],"about":[{"href":"https:\/\/multi-mam.com\/es\/wp-json\/wp\/v2\/types\/page"}],"author":[{"embeddable":true,"href":"https:\/\/multi-mam.com\/es\/wp-json\/wp\/v2\/users\/2"}],"replies":[{"embeddable":true,"href":"https:\/\/multi-mam.com\/es\/wp-json\/wp\/v2\/comments?post=149"}],"version-history":[{"count":2,"href":"https:\/\/multi-mam.com\/es\/wp-json\/wp\/v2\/pages\/149\/revisions"}],"predecessor-version":[{"id":303,"href":"https:\/\/multi-mam.com\/es\/wp-json\/wp\/v2\/pages\/149\/revisions\/303"}],"up":[{"embeddable":true,"href":"https:\/\/multi-mam.com\/es\/wp-json\/wp\/v2\/pages\/70"}],"wp:attachment":[{"href":"https:\/\/multi-mam.com\/es\/wp-json\/wp\/v2\/media?parent=149"}],"wp:term":[{"taxonomy":"from-article-database","embeddable":true,"href":"https:\/\/multi-mam.com\/es\/wp-json\/wp\/v2\/from-article-database?post=149"}],"curies":[{"name":"wp","href":"https:\/\/api.w.org\/{rel}","templated":true}]}}