{"id":147,"date":"2023-04-20T14:55:46","date_gmt":"2023-04-20T12:55:46","guid":{"rendered":"https:\/\/multi-mam.com\/es\/?page_id=147"},"modified":"2025-04-28T14:47:50","modified_gmt":"2025-04-28T12:47:50","slug":"abandono-de-la-lactancia","status":"publish","type":"page","link":"https:\/\/multi-mam.com\/es\/articulos\/lactancia\/abandono-de-la-lactancia\/","title":{"rendered":"Abandono de la lactancia"},"content":{"rendered":"\n<div class=\"wp-block-karopharma-free-text pt-large pb-large bg-center bg-cover bg-no-repeat  is-style-primary\" style=\"background-image:url()\"><div class=\"free-text-wrapper container max-w-medium text-left\">\n<h1 class=\"wp-block-heading\">Abandono de la lactancia<\/h1>\n\n\n\n<p class=\"is-style-paragraph-preamble\">Tarde o temprano, llega un momento en el que todo beb\u00e9 deja de tomar el pecho. Depende de usted y su beb\u00e9 decidir cu\u00e1ndo es el momento adecuado para abandonar la lactancia. Si quiere saber qu\u00e9 recomiendan las instituciones importantes como la Organizaci\u00f3n Mundial de la Salud o la Academia de Pediatr\u00eda, \u00e9stas dicen que deber\u00eda dar el pecho a su beb\u00e9 hasta que tenga un a\u00f1o. Usted decide cuando dejar de dar el pecho seg\u00fan sus necesidades personales, o puede dejar que su beb\u00e9 le diga cu\u00e1ndo est\u00e1 preparado para esta transici\u00f3n. Sea cual sea el caso, no permita que la presi\u00f3n del ambiente o las expectativas de familia y amigos influyan en su decisi\u00f3n.<\/p>\n<\/div><\/div>\n\n\n\n<div class=\"wp-block-karopharma-free-text pt-large pb-large bg-center bg-cover bg-no-repeat\" style=\"background-image:url()\"><div class=\"free-text-wrapper container max-w-medium text-left\">\n<p>Puede tener una mezcla de emociones con respecto a abandonar la lactancia. La lactancia materna le permite pasar momentos tranquilos de uni\u00f3n y abrazos con su hijo, y puede estar preocupada por si perder\u00e1 esta conexi\u00f3n. Dejar de dar el pecho solo significa que su ni\u00f1o empezar\u00e1 a comer casi los mismos alimentos que usted come, pero hay muchas maneras de mantener fuerte el lazo emocional. Pase un poco de tiempo todos los d\u00edas con su hijo, ya sea jugando, leyendo un libro o simplemente abraz\u00e1ndolo. Esto ayudar\u00e1 a ambos a pasar por esta transici\u00f3n sin sentirse inseguros. No ceda si pide pecho e intente seguir el horario que ha decidido.<\/p>\n\n\n\n<h2 class=\"is-style-heading-h2 wp-block-heading\">Cu\u00e1ndo empezar a dejar de dar el pecho<\/h2>\n\n\n\n<p>Hay dos m\u00e9todos populares que le pueden ayudar a determinar el momento adecuado para usted y su beb\u00e9. Como hemos mencionado, puede dejar que su hijo decida observando cuando empieza a perder el inter\u00e9s en el pecho, que suele ser entre 4-6 meses despu\u00e9s de introducir alimentos s\u00f3lidos. Por otro lado, puede sentir que es el momento adecuado para dejar de dar el pecho si empieza a trabajar o tiene esa sensaci\u00f3n. En ese caso, se requiere m\u00e1s tiempo, esfuerzo y paciencia ya que el proceso debe ser gradual.<\/p>\n\n\n\n<p>Hay diversas razones que justifican que posponga el abandono de la lactancia en un mes o dos. Si su beb\u00e9 est\u00e1 enfermo, debe esperar a que se recupere. Tambi\u00e9n, si su ni\u00f1o est\u00e1 experimentando un gran cambio de visa, es mejor no a\u00f1adir m\u00e1s estr\u00e9s deteniendo la lactancia.<\/p>\n\n\n\n<h2 class=\"is-style-heading-h2 wp-block-heading\">Consejos sobre c\u00f3mo dejar de dar el pecho<\/h2>\n\n\n\n<p>En primer lugar, empiece gradualmente y no acelere el proceso. Esto evitar\u00e1 la ingurgitaci\u00f3n y la mastitis ya que sus pechos tendr\u00e1n tiempo suficiente para acostumbrarse a un consumo menor, pero tambi\u00e9n ayudar\u00e1 a su hijo a acostumbrarse a tomar el pecho cada vez menos.<\/p>\n\n\n\n<p>Puede empezar el proceso salt\u00e1ndose una toma y ofreciendo a su hijo un biber\u00f3n en vez del pecho. Mantenga esta pauta durante unas pocas semanas, y despu\u00e9s intente saltarse otra toma cuando su hijo se haya acostumbrado. Otro m\u00e9todo es empezar a acortar el tiempo que su hijo toma el pecho ofreci\u00e9ndole alimentos s\u00f3lidos tras la toma. Intente ofrecerle comida antes de la toma, de manera que tenga menos apetito de leche materna y se reduzca. Tambi\u00e9n puede empezar a posponer las tomas 10 o 15 minutos (esto es muy eficaz para las tomas de la noche, o cuando solo da el pecho un par de veces al d\u00eda).<\/p>\n\n\n\n<p>Si tiene problemas para saltarse la toma de la hora de dormir, haga que su pareja acueste a su ni\u00f1o, mientras que usted est\u00e1 en otra habitaci\u00f3n o fuera de casa. Su beb\u00e9 puede que se comporte mejor si no est\u00e1 cerca.<\/p>\n<\/div><\/div>\n","protected":false},"excerpt":{"rendered":"","protected":false},"author":2,"featured_media":0,"parent":70,"menu_order":12,"comment_status":"closed","ping_status":"closed","template":"","meta":{"_acf_changed":false,"footnotes":""},"from-article-database":[],"class_list":["post-147","page","type-page","status-publish","hentry"],"acf":[],"yoast_head":"<!-- This site is optimized with the Yoast SEO plugin v26.6 - https:\/\/yoast.com\/wordpress\/plugins\/seo\/ -->\n<title>Abandono de la lactancia - Multi-Mam<\/title>\n<meta name=\"description\" content=\"Tarde o temprano, llega un momento en el que todo beb\u00e9 deja de tomar el pecho. Depende de usted y su beb\u00e9 decidir cu\u00e1ndo es el momento adecuado para abandonar la lactancia.\" \/>\n<meta name=\"robots\" content=\"index, follow, max-snippet:-1, max-image-preview:large, max-video-preview:-1\" \/>\n<link rel=\"canonical\" href=\"https:\/\/multi-mam.com\/es\/articulos\/lactancia\/abandono-de-la-lactancia\/\" \/>\n<meta property=\"og:locale\" content=\"es_ES\" \/>\n<meta property=\"og:type\" content=\"article\" \/>\n<meta property=\"og:title\" content=\"Abandono de la lactancia - Multi-Mam\" \/>\n<meta property=\"og:description\" content=\"Tarde o temprano, llega un momento en el que todo beb\u00e9 deja de tomar el pecho. Depende de usted y su beb\u00e9 decidir cu\u00e1ndo es el momento adecuado para abandonar la lactancia.\" \/>\n<meta property=\"og:url\" content=\"https:\/\/multi-mam.com\/es\/articulos\/lactancia\/abandono-de-la-lactancia\/\" \/>\n<meta property=\"og:site_name\" content=\"Multi-Mam\" \/>\n<meta property=\"article:modified_time\" content=\"2025-04-28T12:47:50+00:00\" \/>\n<meta name=\"twitter:card\" content=\"summary_large_image\" \/>\n<meta name=\"twitter:label1\" content=\"Tiempo de lectura\" \/>\n\t<meta name=\"twitter:data1\" content=\"3 minutos\" \/>\n<script type=\"application\/ld+json\" class=\"yoast-schema-graph\">{\"@context\":\"https:\/\/schema.org\",\"@graph\":[{\"@type\":\"WebPage\",\"@id\":\"https:\/\/multi-mam.com\/es\/articulos\/lactancia\/abandono-de-la-lactancia\/\",\"url\":\"https:\/\/multi-mam.com\/es\/articulos\/lactancia\/abandono-de-la-lactancia\/\",\"name\":\"Abandono de la lactancia - Multi-Mam\",\"isPartOf\":{\"@id\":\"https:\/\/multi-mam.com\/es\/#website\"},\"datePublished\":\"2023-04-20T12:55:46+00:00\",\"dateModified\":\"2025-04-28T12:47:50+00:00\",\"description\":\"Tarde o temprano, llega un momento en el que todo beb\u00e9 deja de tomar el pecho. Depende de usted y su beb\u00e9 decidir cu\u00e1ndo es el momento adecuado para abandonar la lactancia.\",\"breadcrumb\":{\"@id\":\"https:\/\/multi-mam.com\/es\/articulos\/lactancia\/abandono-de-la-lactancia\/#breadcrumb\"},\"inLanguage\":\"es\",\"potentialAction\":[{\"@type\":\"ReadAction\",\"target\":[\"https:\/\/multi-mam.com\/es\/articulos\/lactancia\/abandono-de-la-lactancia\/\"]}]},{\"@type\":\"BreadcrumbList\",\"@id\":\"https:\/\/multi-mam.com\/es\/articulos\/lactancia\/abandono-de-la-lactancia\/#breadcrumb\",\"itemListElement\":[{\"@type\":\"ListItem\",\"position\":1,\"name\":\"Home\",\"item\":\"https:\/\/multi-mam.com\/es\/\"},{\"@type\":\"ListItem\",\"position\":2,\"name\":\"Art\u00edculos\",\"item\":\"https:\/\/multi-mam.com\/es\/articulos\/\"},{\"@type\":\"ListItem\",\"position\":3,\"name\":\"Lactancia\",\"item\":\"https:\/\/multi-mam.com\/es\/articulos\/lactancia\/\"},{\"@type\":\"ListItem\",\"position\":4,\"name\":\"Abandono de la lactancia\"}]},{\"@type\":\"WebSite\",\"@id\":\"https:\/\/multi-mam.com\/es\/#website\",\"url\":\"https:\/\/multi-mam.com\/es\/\",\"name\":\"Multi-Mam\",\"description\":\"\",\"publisher\":{\"@id\":\"https:\/\/multi-mam.com\/es\/#organization\"},\"potentialAction\":[{\"@type\":\"SearchAction\",\"target\":{\"@type\":\"EntryPoint\",\"urlTemplate\":\"https:\/\/multi-mam.com\/es\/?s={search_term_string}\"},\"query-input\":{\"@type\":\"PropertyValueSpecification\",\"valueRequired\":true,\"valueName\":\"search_term_string\"}}],\"inLanguage\":\"es\"},{\"@type\":\"Organization\",\"@id\":\"https:\/\/multi-mam.com\/es\/#organization\",\"name\":\"Multi-Mam\",\"url\":\"https:\/\/multi-mam.com\/es\/\",\"logo\":{\"@type\":\"ImageObject\",\"inLanguage\":\"es\",\"@id\":\"https:\/\/multi-mam.com\/es\/#\/schema\/logo\/image\/\",\"url\":\"https:\/\/multi-mam.com\/app\/uploads\/sites\/27\/2023\/04\/multi-mam-logotype.png\",\"contentUrl\":\"https:\/\/multi-mam.com\/app\/uploads\/sites\/27\/2023\/04\/multi-mam-logotype.png\",\"width\":70,\"height\":96,\"caption\":\"Multi-Mam\"},\"image\":{\"@id\":\"https:\/\/multi-mam.com\/es\/#\/schema\/logo\/image\/\"}}]}<\/script>\n<!-- \/ Yoast SEO plugin. -->","yoast_head_json":{"title":"Abandono de la lactancia - Multi-Mam","description":"Tarde o temprano, llega un momento en el que todo beb\u00e9 deja de tomar el pecho. Depende de usted y su beb\u00e9 decidir cu\u00e1ndo es el momento adecuado para abandonar la lactancia.","robots":{"index":"index","follow":"follow","max-snippet":"max-snippet:-1","max-image-preview":"max-image-preview:large","max-video-preview":"max-video-preview:-1"},"canonical":"https:\/\/multi-mam.com\/es\/articulos\/lactancia\/abandono-de-la-lactancia\/","og_locale":"es_ES","og_type":"article","og_title":"Abandono de la lactancia - Multi-Mam","og_description":"Tarde o temprano, llega un momento en el que todo beb\u00e9 deja de tomar el pecho. Depende de usted y su beb\u00e9 decidir cu\u00e1ndo es el momento adecuado para abandonar la lactancia.","og_url":"https:\/\/multi-mam.com\/es\/articulos\/lactancia\/abandono-de-la-lactancia\/","og_site_name":"Multi-Mam","article_modified_time":"2025-04-28T12:47:50+00:00","twitter_card":"summary_large_image","twitter_misc":{"Tiempo de lectura":"3 minutos"},"schema":{"@context":"https:\/\/schema.org","@graph":[{"@type":"WebPage","@id":"https:\/\/multi-mam.com\/es\/articulos\/lactancia\/abandono-de-la-lactancia\/","url":"https:\/\/multi-mam.com\/es\/articulos\/lactancia\/abandono-de-la-lactancia\/","name":"Abandono de la lactancia - Multi-Mam","isPartOf":{"@id":"https:\/\/multi-mam.com\/es\/#website"},"datePublished":"2023-04-20T12:55:46+00:00","dateModified":"2025-04-28T12:47:50+00:00","description":"Tarde o temprano, llega un momento en el que todo beb\u00e9 deja de tomar el pecho. Depende de usted y su beb\u00e9 decidir cu\u00e1ndo es el momento adecuado para abandonar la lactancia.","breadcrumb":{"@id":"https:\/\/multi-mam.com\/es\/articulos\/lactancia\/abandono-de-la-lactancia\/#breadcrumb"},"inLanguage":"es","potentialAction":[{"@type":"ReadAction","target":["https:\/\/multi-mam.com\/es\/articulos\/lactancia\/abandono-de-la-lactancia\/"]}]},{"@type":"BreadcrumbList","@id":"https:\/\/multi-mam.com\/es\/articulos\/lactancia\/abandono-de-la-lactancia\/#breadcrumb","itemListElement":[{"@type":"ListItem","position":1,"name":"Home","item":"https:\/\/multi-mam.com\/es\/"},{"@type":"ListItem","position":2,"name":"Art\u00edculos","item":"https:\/\/multi-mam.com\/es\/articulos\/"},{"@type":"ListItem","position":3,"name":"Lactancia","item":"https:\/\/multi-mam.com\/es\/articulos\/lactancia\/"},{"@type":"ListItem","position":4,"name":"Abandono de la lactancia"}]},{"@type":"WebSite","@id":"https:\/\/multi-mam.com\/es\/#website","url":"https:\/\/multi-mam.com\/es\/","name":"Multi-Mam","description":"","publisher":{"@id":"https:\/\/multi-mam.com\/es\/#organization"},"potentialAction":[{"@type":"SearchAction","target":{"@type":"EntryPoint","urlTemplate":"https:\/\/multi-mam.com\/es\/?s={search_term_string}"},"query-input":{"@type":"PropertyValueSpecification","valueRequired":true,"valueName":"search_term_string"}}],"inLanguage":"es"},{"@type":"Organization","@id":"https:\/\/multi-mam.com\/es\/#organization","name":"Multi-Mam","url":"https:\/\/multi-mam.com\/es\/","logo":{"@type":"ImageObject","inLanguage":"es","@id":"https:\/\/multi-mam.com\/es\/#\/schema\/logo\/image\/","url":"https:\/\/multi-mam.com\/app\/uploads\/sites\/27\/2023\/04\/multi-mam-logotype.png","contentUrl":"https:\/\/multi-mam.com\/app\/uploads\/sites\/27\/2023\/04\/multi-mam-logotype.png","width":70,"height":96,"caption":"Multi-Mam"},"image":{"@id":"https:\/\/multi-mam.com\/es\/#\/schema\/logo\/image\/"}}]}},"_links":{"self":[{"href":"https:\/\/multi-mam.com\/es\/wp-json\/wp\/v2\/pages\/147","targetHints":{"allow":["GET"]}}],"collection":[{"href":"https:\/\/multi-mam.com\/es\/wp-json\/wp\/v2\/pages"}],"about":[{"href":"https:\/\/multi-mam.com\/es\/wp-json\/wp\/v2\/types\/page"}],"author":[{"embeddable":true,"href":"https:\/\/multi-mam.com\/es\/wp-json\/wp\/v2\/users\/2"}],"replies":[{"embeddable":true,"href":"https:\/\/multi-mam.com\/es\/wp-json\/wp\/v2\/comments?post=147"}],"version-history":[{"count":3,"href":"https:\/\/multi-mam.com\/es\/wp-json\/wp\/v2\/pages\/147\/revisions"}],"predecessor-version":[{"id":301,"href":"https:\/\/multi-mam.com\/es\/wp-json\/wp\/v2\/pages\/147\/revisions\/301"}],"up":[{"embeddable":true,"href":"https:\/\/multi-mam.com\/es\/wp-json\/wp\/v2\/pages\/70"}],"wp:attachment":[{"href":"https:\/\/multi-mam.com\/es\/wp-json\/wp\/v2\/media?parent=147"}],"wp:term":[{"taxonomy":"from-article-database","embeddable":true,"href":"https:\/\/multi-mam.com\/es\/wp-json\/wp\/v2\/from-article-database?post=147"}],"curies":[{"name":"wp","href":"https:\/\/api.w.org\/{rel}","templated":true}]}}