{"id":145,"date":"2023-04-20T14:55:27","date_gmt":"2023-04-20T12:55:27","guid":{"rendered":"https:\/\/multi-mam.com\/es\/?page_id=145"},"modified":"2025-04-28T14:47:52","modified_gmt":"2025-04-28T12:47:52","slug":"dolor-de-pecho-durante-la-lactancia","status":"publish","type":"page","link":"https:\/\/multi-mam.com\/es\/articulos\/lactancia\/dolor-de-pecho-durante-la-lactancia\/","title":{"rendered":"Dolor de pecho durante la lactancia"},"content":{"rendered":"\n<div class=\"wp-block-karopharma-free-text pt-large pb-large bg-center bg-cover bg-no-repeat  is-style-primary\" style=\"background-image:url()\"><div class=\"free-text-wrapper container max-w-medium text-left\">\n<h1 class=\"wp-block-heading\">Dolor de pecho durante la lactancia<\/h1>\n\n\n\n<p class=\"is-style-paragraph-preamble\">Muchas madres dejan de dar el pecho antes de lo recomendado a causa del dolor y molestias que sienten diariamente. Entendemos que el dolor de pecho durante la lactancia puede hacer que usted tema la siguiente toma, y es por eso que hemos realizado esta gu\u00eda que recoge las causas de dolor m\u00e1s comunes.<\/p>\n<\/div><\/div>\n\n\n\n<div class=\"wp-block-karopharma-free-text pt-large pb-large bg-center bg-cover bg-no-repeat\" style=\"background-image:url()\"><div class=\"free-text-wrapper container max-w-medium text-left\">\n<h2 class=\"is-style-heading-h2 wp-block-heading\">El reflejo de eyecci\u00f3n<\/h2>\n\n\n\n<p>Es una sensaci\u00f3n normal &#8211; puede sentir un dolor fugaz en sus pechos causado por las c\u00e9lulas musculares que exprimen la leche hacia el exterior durante la lactancia. La sensaci\u00f3n puede ser muy leve, como un leve cosquilleo, o se puede sentir una fuerte presi\u00f3n. Es probable que a medida que pasa el tiempo, usted se acostumbre y deje de molestarle.<\/p>\n\n\n\n<h2 class=\"is-style-heading-h2 wp-block-heading\">Dolor en los pezones<\/h2>\n\n\n\n<p>La causa m\u00e1s frecuente de dolor en los pezones es que el beb\u00e9 no se engancha correctamente. Esto hace que el beb\u00e9 mastique el pez\u00f3n, en lugar de succionar adecuadamente, lo que resulta en peque\u00f1as grietas y abrasiones en la piel sensible del pez\u00f3n. Esta condici\u00f3n puede ser muy dolorosa, por lo que nuestro primer consejo es encontrar una buena posici\u00f3n en la que su beb\u00e9 se pueda enganchar correctamente. Cuando el beb\u00e9 se engancha correctamente, el pez\u00f3n entero, as\u00ed como parte del pecho, debe estar en su boca. El pez\u00f3n debe estar colocado cerca de la parte posterior de la boca del beb\u00e9 para que la leche entre directamente en su garganta. Incline la cabeza de su beb\u00e9 ligeramente hacia atr\u00e1s y presione el ment\u00f3n hacia el pecho, mientras mantiene su nariz alejada del pecho para que el beb\u00e9 pueda respirar sin dificultades. Ponga su brazo debajo de los hombros del beb\u00e9 para que la cabeza se pueda inclinar hacia atr\u00e1s ligeramente, mientras mantiene a su beb\u00e9 muy cerca de usted con sus est\u00f3magos en contacto. Con estas directrices en mente, experimente con diferentes posiciones y encuentre lo que m\u00e1s le convenga: puede sentarse en una silla reclinable, acostarse con su beb\u00e9 al lado o sentarse con su beb\u00e9 acostado en la almohada frente a usted. Si los pezones ya est\u00e1n agrietados, aplique una compresa para el pez\u00f3n que acelerar\u00e1 el proceso de curaci\u00f3n. Tambi\u00e9n puede proteger sus pezones entre tomas aplicando un b\u00e1lsamo de pez\u00f3n &#8211; s\u00f3lo aseg\u00farese de que es seguro para su beb\u00e9, para que no sea necesario retirarlo antes de dar el pecho.<\/p>\n\n\n\n<h2 class=\"is-style-heading-h2 wp-block-heading\">Infecci\u00f3n por c\u00e1ndida<\/h2>\n\n\n\n<p>Se puede desarrollar una infecci\u00f3n por hongos en sus pezones y en la boca de su beb\u00e9, que puede a veces introducirse en los conductos de la leche y ocasionar dolor. Esta condici\u00f3n requiere un tratamiento adecuado prescrito por su m\u00e9dico.<\/p>\n\n\n\n<h2 class=\"is-style-heading-h2 wp-block-heading\">Ingurgitaci\u00f3n<\/h2>\n\n\n\n<p>Esta condici\u00f3n suele presentarse en los primeros d\u00edas despu\u00e9s del nacimiento de su beb\u00e9, o si no est\u00e1 dando el pecho tan a menudo como normalmente lo hace (por ejemplo, est\u00e1 viajando y se ha olvidado de sacarse la leche o se ha saltado una toma). Esto provoca que los pechos se llenen de leche, aumenten de tama\u00f1o y se vuelvan caliente al tacto y con dolor. Si acaba de dar a luz, no se preocupe, esta condici\u00f3n desaparecer\u00e1 una vez que su beb\u00e9 tenga una rutina de lactancia. Si est\u00e1 viajando o tiene un horario dif\u00edcil, considere la posibilidad de sacarse la leche para evitar la congesti\u00f3n.<\/p>\n\n\n\n<h2 class=\"is-style-heading-h2 wp-block-heading\">Mastitis<\/h2>\n\n\n\n<p>Si presenta un enrojecimiento, hinchaz\u00f3n, dolor y calor en una zona del pecho, a veces incluso seguido de fiebre y dolores corporales, probablemente tenga mastitis: una inflamaci\u00f3n de los pechos causada por una infecci\u00f3n. La causa principal de la mastitis es una mala t\u00e9cnica durante la lactancia que hace la leche quede atrapada en el pecho. Otras causas son: un conducto de leche bloqueado que hace que la leche retroceda, lo queconduce a la infecci\u00f3n del pecho; y bacterias que entran en el pecho a trav\u00e9s de una rotura o grieta en la piel del pez\u00f3n o a trav\u00e9s de una abertura de un conducto para leche. Puede dar el pecho a su beb\u00e9 a pesar de la inflamaci\u00f3n, pero debe visitar a su m\u00e9dico para que le indique el tratamiento a seguir.<\/p>\n<\/div><\/div>\n","protected":false},"excerpt":{"rendered":"","protected":false},"author":2,"featured_media":0,"parent":70,"menu_order":11,"comment_status":"closed","ping_status":"closed","template":"","meta":{"_acf_changed":false,"footnotes":""},"from-article-database":[],"class_list":["post-145","page","type-page","status-publish","hentry"],"acf":[],"yoast_head":"<!-- This site is optimized with the Yoast SEO plugin v26.6 - https:\/\/yoast.com\/wordpress\/plugins\/seo\/ -->\n<title>Dolor de pecho durante la lactancia - Multi-Mam<\/title>\n<meta name=\"description\" content=\"Entendemos que el dolor de pecho durante la lactancia puede hacer que usted tema la siguiente toma, y es por eso que hemos realizado esta gu\u00eda que recoge las causas de dolor m\u00e1s comunes.\" \/>\n<meta name=\"robots\" content=\"index, follow, max-snippet:-1, max-image-preview:large, max-video-preview:-1\" \/>\n<link rel=\"canonical\" href=\"https:\/\/multi-mam.com\/es\/articulos\/lactancia\/dolor-de-pecho-durante-la-lactancia\/\" \/>\n<meta property=\"og:locale\" content=\"es_ES\" \/>\n<meta property=\"og:type\" content=\"article\" \/>\n<meta property=\"og:title\" content=\"Dolor de pecho durante la lactancia - Multi-Mam\" \/>\n<meta property=\"og:description\" content=\"Entendemos que el dolor de pecho durante la lactancia puede hacer que usted tema la siguiente toma, y es por eso que hemos realizado esta gu\u00eda que recoge las causas de dolor m\u00e1s comunes.\" \/>\n<meta property=\"og:url\" content=\"https:\/\/multi-mam.com\/es\/articulos\/lactancia\/dolor-de-pecho-durante-la-lactancia\/\" \/>\n<meta property=\"og:site_name\" content=\"Multi-Mam\" \/>\n<meta property=\"article:modified_time\" content=\"2025-04-28T12:47:52+00:00\" \/>\n<meta name=\"twitter:card\" content=\"summary_large_image\" \/>\n<meta name=\"twitter:label1\" content=\"Tiempo de lectura\" \/>\n\t<meta name=\"twitter:data1\" content=\"4 minutos\" \/>\n<script type=\"application\/ld+json\" class=\"yoast-schema-graph\">{\"@context\":\"https:\/\/schema.org\",\"@graph\":[{\"@type\":\"WebPage\",\"@id\":\"https:\/\/multi-mam.com\/es\/articulos\/lactancia\/dolor-de-pecho-durante-la-lactancia\/\",\"url\":\"https:\/\/multi-mam.com\/es\/articulos\/lactancia\/dolor-de-pecho-durante-la-lactancia\/\",\"name\":\"Dolor de pecho durante la lactancia - Multi-Mam\",\"isPartOf\":{\"@id\":\"https:\/\/multi-mam.com\/es\/#website\"},\"datePublished\":\"2023-04-20T12:55:27+00:00\",\"dateModified\":\"2025-04-28T12:47:52+00:00\",\"description\":\"Entendemos que el dolor de pecho durante la lactancia puede hacer que usted tema la siguiente toma, y es por eso que hemos realizado esta gu\u00eda que recoge las causas de dolor m\u00e1s comunes.\",\"breadcrumb\":{\"@id\":\"https:\/\/multi-mam.com\/es\/articulos\/lactancia\/dolor-de-pecho-durante-la-lactancia\/#breadcrumb\"},\"inLanguage\":\"es\",\"potentialAction\":[{\"@type\":\"ReadAction\",\"target\":[\"https:\/\/multi-mam.com\/es\/articulos\/lactancia\/dolor-de-pecho-durante-la-lactancia\/\"]}]},{\"@type\":\"BreadcrumbList\",\"@id\":\"https:\/\/multi-mam.com\/es\/articulos\/lactancia\/dolor-de-pecho-durante-la-lactancia\/#breadcrumb\",\"itemListElement\":[{\"@type\":\"ListItem\",\"position\":1,\"name\":\"Home\",\"item\":\"https:\/\/multi-mam.com\/es\/\"},{\"@type\":\"ListItem\",\"position\":2,\"name\":\"Art\u00edculos\",\"item\":\"https:\/\/multi-mam.com\/es\/articulos\/\"},{\"@type\":\"ListItem\",\"position\":3,\"name\":\"Lactancia\",\"item\":\"https:\/\/multi-mam.com\/es\/articulos\/lactancia\/\"},{\"@type\":\"ListItem\",\"position\":4,\"name\":\"Dolor de pecho durante la lactancia\"}]},{\"@type\":\"WebSite\",\"@id\":\"https:\/\/multi-mam.com\/es\/#website\",\"url\":\"https:\/\/multi-mam.com\/es\/\",\"name\":\"Multi-Mam\",\"description\":\"\",\"publisher\":{\"@id\":\"https:\/\/multi-mam.com\/es\/#organization\"},\"potentialAction\":[{\"@type\":\"SearchAction\",\"target\":{\"@type\":\"EntryPoint\",\"urlTemplate\":\"https:\/\/multi-mam.com\/es\/?s={search_term_string}\"},\"query-input\":{\"@type\":\"PropertyValueSpecification\",\"valueRequired\":true,\"valueName\":\"search_term_string\"}}],\"inLanguage\":\"es\"},{\"@type\":\"Organization\",\"@id\":\"https:\/\/multi-mam.com\/es\/#organization\",\"name\":\"Multi-Mam\",\"url\":\"https:\/\/multi-mam.com\/es\/\",\"logo\":{\"@type\":\"ImageObject\",\"inLanguage\":\"es\",\"@id\":\"https:\/\/multi-mam.com\/es\/#\/schema\/logo\/image\/\",\"url\":\"https:\/\/multi-mam.com\/app\/uploads\/sites\/27\/2023\/04\/multi-mam-logotype.png\",\"contentUrl\":\"https:\/\/multi-mam.com\/app\/uploads\/sites\/27\/2023\/04\/multi-mam-logotype.png\",\"width\":70,\"height\":96,\"caption\":\"Multi-Mam\"},\"image\":{\"@id\":\"https:\/\/multi-mam.com\/es\/#\/schema\/logo\/image\/\"}}]}<\/script>\n<!-- \/ Yoast SEO plugin. -->","yoast_head_json":{"title":"Dolor de pecho durante la lactancia - Multi-Mam","description":"Entendemos que el dolor de pecho durante la lactancia puede hacer que usted tema la siguiente toma, y es por eso que hemos realizado esta gu\u00eda que recoge las causas de dolor m\u00e1s comunes.","robots":{"index":"index","follow":"follow","max-snippet":"max-snippet:-1","max-image-preview":"max-image-preview:large","max-video-preview":"max-video-preview:-1"},"canonical":"https:\/\/multi-mam.com\/es\/articulos\/lactancia\/dolor-de-pecho-durante-la-lactancia\/","og_locale":"es_ES","og_type":"article","og_title":"Dolor de pecho durante la lactancia - Multi-Mam","og_description":"Entendemos que el dolor de pecho durante la lactancia puede hacer que usted tema la siguiente toma, y es por eso que hemos realizado esta gu\u00eda que recoge las causas de dolor m\u00e1s comunes.","og_url":"https:\/\/multi-mam.com\/es\/articulos\/lactancia\/dolor-de-pecho-durante-la-lactancia\/","og_site_name":"Multi-Mam","article_modified_time":"2025-04-28T12:47:52+00:00","twitter_card":"summary_large_image","twitter_misc":{"Tiempo de lectura":"4 minutos"},"schema":{"@context":"https:\/\/schema.org","@graph":[{"@type":"WebPage","@id":"https:\/\/multi-mam.com\/es\/articulos\/lactancia\/dolor-de-pecho-durante-la-lactancia\/","url":"https:\/\/multi-mam.com\/es\/articulos\/lactancia\/dolor-de-pecho-durante-la-lactancia\/","name":"Dolor de pecho durante la lactancia - Multi-Mam","isPartOf":{"@id":"https:\/\/multi-mam.com\/es\/#website"},"datePublished":"2023-04-20T12:55:27+00:00","dateModified":"2025-04-28T12:47:52+00:00","description":"Entendemos que el dolor de pecho durante la lactancia puede hacer que usted tema la siguiente toma, y es por eso que hemos realizado esta gu\u00eda que recoge las causas de dolor m\u00e1s comunes.","breadcrumb":{"@id":"https:\/\/multi-mam.com\/es\/articulos\/lactancia\/dolor-de-pecho-durante-la-lactancia\/#breadcrumb"},"inLanguage":"es","potentialAction":[{"@type":"ReadAction","target":["https:\/\/multi-mam.com\/es\/articulos\/lactancia\/dolor-de-pecho-durante-la-lactancia\/"]}]},{"@type":"BreadcrumbList","@id":"https:\/\/multi-mam.com\/es\/articulos\/lactancia\/dolor-de-pecho-durante-la-lactancia\/#breadcrumb","itemListElement":[{"@type":"ListItem","position":1,"name":"Home","item":"https:\/\/multi-mam.com\/es\/"},{"@type":"ListItem","position":2,"name":"Art\u00edculos","item":"https:\/\/multi-mam.com\/es\/articulos\/"},{"@type":"ListItem","position":3,"name":"Lactancia","item":"https:\/\/multi-mam.com\/es\/articulos\/lactancia\/"},{"@type":"ListItem","position":4,"name":"Dolor de pecho durante la lactancia"}]},{"@type":"WebSite","@id":"https:\/\/multi-mam.com\/es\/#website","url":"https:\/\/multi-mam.com\/es\/","name":"Multi-Mam","description":"","publisher":{"@id":"https:\/\/multi-mam.com\/es\/#organization"},"potentialAction":[{"@type":"SearchAction","target":{"@type":"EntryPoint","urlTemplate":"https:\/\/multi-mam.com\/es\/?s={search_term_string}"},"query-input":{"@type":"PropertyValueSpecification","valueRequired":true,"valueName":"search_term_string"}}],"inLanguage":"es"},{"@type":"Organization","@id":"https:\/\/multi-mam.com\/es\/#organization","name":"Multi-Mam","url":"https:\/\/multi-mam.com\/es\/","logo":{"@type":"ImageObject","inLanguage":"es","@id":"https:\/\/multi-mam.com\/es\/#\/schema\/logo\/image\/","url":"https:\/\/multi-mam.com\/app\/uploads\/sites\/27\/2023\/04\/multi-mam-logotype.png","contentUrl":"https:\/\/multi-mam.com\/app\/uploads\/sites\/27\/2023\/04\/multi-mam-logotype.png","width":70,"height":96,"caption":"Multi-Mam"},"image":{"@id":"https:\/\/multi-mam.com\/es\/#\/schema\/logo\/image\/"}}]}},"_links":{"self":[{"href":"https:\/\/multi-mam.com\/es\/wp-json\/wp\/v2\/pages\/145","targetHints":{"allow":["GET"]}}],"collection":[{"href":"https:\/\/multi-mam.com\/es\/wp-json\/wp\/v2\/pages"}],"about":[{"href":"https:\/\/multi-mam.com\/es\/wp-json\/wp\/v2\/types\/page"}],"author":[{"embeddable":true,"href":"https:\/\/multi-mam.com\/es\/wp-json\/wp\/v2\/users\/2"}],"replies":[{"embeddable":true,"href":"https:\/\/multi-mam.com\/es\/wp-json\/wp\/v2\/comments?post=145"}],"version-history":[{"count":2,"href":"https:\/\/multi-mam.com\/es\/wp-json\/wp\/v2\/pages\/145\/revisions"}],"predecessor-version":[{"id":299,"href":"https:\/\/multi-mam.com\/es\/wp-json\/wp\/v2\/pages\/145\/revisions\/299"}],"up":[{"embeddable":true,"href":"https:\/\/multi-mam.com\/es\/wp-json\/wp\/v2\/pages\/70"}],"wp:attachment":[{"href":"https:\/\/multi-mam.com\/es\/wp-json\/wp\/v2\/media?parent=145"}],"wp:term":[{"taxonomy":"from-article-database","embeddable":true,"href":"https:\/\/multi-mam.com\/es\/wp-json\/wp\/v2\/from-article-database?post=145"}],"curies":[{"name":"wp","href":"https:\/\/api.w.org\/{rel}","templated":true}]}}