{"id":143,"date":"2023-04-20T14:55:09","date_gmt":"2023-04-20T12:55:09","guid":{"rendered":"https:\/\/multi-mam.com\/es\/?page_id=143"},"modified":"2025-04-28T14:47:53","modified_gmt":"2025-04-28T12:47:53","slug":"los-beneficios-de-la-lactancia","status":"publish","type":"page","link":"https:\/\/multi-mam.com\/es\/articulos\/lactancia\/los-beneficios-de-la-lactancia\/","title":{"rendered":"Los beneficios de la lactancia"},"content":{"rendered":"\n<div class=\"wp-block-karopharma-free-text pt-large pb-large bg-center bg-cover bg-no-repeat  is-style-primary\" style=\"background-image:url()\"><div class=\"free-text-wrapper container max-w-medium text-left\">\n<h1 class=\"wp-block-heading\">Los beneficios de la lactancia<\/h1>\n\n\n\n<p class=\"is-style-paragraph-preamble\">La Organizaci\u00f3n Mundial de la Salud (OMS), UNICEF, numerosas asociaciones de pediatr\u00eda y matronas de todo el mundo est\u00e1n de acuerdo. La lactancia materna es lo mejor que puede ofrecer a su beb\u00e9. \u201cLa lactancia es la manera recomendada de alimentar a un reci\u00e9n nacido. Depende de las circumstancias, sin embargo, se puede considerar las f\u00f3rmulas artificiales\u201d.<\/p>\n<\/div><\/div>\n\n\n\n<div class=\"wp-block-karopharma-free-text pt-large pb-large bg-center bg-cover bg-no-repeat\" style=\"background-image:url()\"><div class=\"free-text-wrapper container max-w-medium text-left\">\n<p>La OMS recomienda dar el pecho durante 6 meses tras el parto, y abandonar la lactancia s\u00f3lo despu\u00e9s de que el beb\u00e9 cumpla un a\u00f1o. Sin embargo, seg\u00fan las circumstancias, existen varios factores que pueden llevar a considerar utilizar f\u00f3rmulas artificiales.<\/p>\n\n\n\n<p>La lactancia ofrece muchos beneficios al beb\u00e9, pero, \u00bfqu\u00e9 es exactamente este flu\u00eddo m\u00e1gico blanco que se ofrece a su peque\u00f1o? Aqu\u00ed se presentan 19 razones por las que la lactancia materna es beneficiosa para madre y ni\u00f1o.<\/p>\n\n\n\n<ul class=\"is-style-default wp-block-list\"><li>La leche materna presenta una perfecta mezcla de nutrientes, con una cantidad suficiente de prote\u00ednas, grasas, vitaminas y minerales, proporcionando a su beb\u00e9 con todo lo que necesita para estar sano y feliz.<\/li><li>Tambi\u00e9n contiene anticuerpos, un tipo de prote\u00ednas que lucha contra las infecciones de nuestro cuerpo. Los anticuerpos de la madre se transfieren al beb\u00e9 a trav\u00e9s de la lactancia, protegiendo por tanto al beb\u00e9 de virus y bacterias. As\u00ed, mientras su beb\u00e9 toma el pecho estar\u00e1 protegido de muchas enfermedades, incluyendo diarrea, infecci\u00f3n de o\u00eddo, enfermedad respiratoria, meningitis, etc.<\/li><li>Ayudando al sistema inmunitario, la lactancia reduce el riesgo de asma y alergias.<\/li><li>Su beb\u00e9 tendr\u00e1 menos riesgo de desarrollar fiebre despu\u00e9s de ser vacunado.<\/li><li>Los beb\u00e9s que toman el pecho suelen estar hospitalizados menos que los que toman f\u00f3rmula. Su beb\u00e9 propablemente no visitar\u00e1 a su m\u00e9dico a menudo.<\/li><li>La lactancia hace menos probable que su beb\u00e9 sufra de diabetes, colesterol alto y enfermedad intestinal inflamatoria en etapas posteriores de su vida.<\/li><li>La leche materna es m\u00e1s f\u00e1cil de digerir que la f\u00f3rmula.<\/li><li>La lactancia reduce el riesgo de que su hijo tenga sobrepeso en la adolescencia o sufra de obesidad de adulto.<\/li><li>Los beb\u00e9s lactantes tienen menos probabilidad de sufrir el S\u00edndrome de Muerte S\u00fabita. Sin embargo, si piensa que los beneficios de la lactancia s\u00f3lo se reservan a su beb\u00e9, est\u00e1 equivocada.<\/li><li>La lactancia reduce sus niveles de estr\u00e9s, le hace estar m\u00e1s relajada y regula su presi\u00f3n arterial, debido a los altos niveles de la hormona oxitocina.<\/li><li>Las madres que dan el pecho tienen menos probabilidad de sufir depresi\u00f3n post-parto.<\/li><li>Una lactancia prolongada le prot\u00e9g\u00e9 de cancer de pecho y ovarios.<\/li><li>Tambi\u00e9n le prot\u00e9g\u00e9 de la osteoporosis, al aumentar la absorci\u00f3n de calcio y proporcionarle as\u00ed con huesos m\u00e1s fuertes.<\/li><li>La lactancia estimula la secreci\u00f3n de la hormona oxitocina. Esta hormona no solamente le hace sentir bien, tambi\u00e9n hace que el \u00fatero se contraiga y vuelva a su tama\u00f1o de antes del embarazo.<\/li><li>Dar el pecho quema alrededor de 500 calor\u00edas por d\u00eda, ayud\u00e1ndole a perder perso m\u00e1s r\u00e1pido.<\/li><li>No sin mencionar que le ahorra tiempo y dinero, no necesita comprar f\u00f3rmulas, pasar tiempo prepar\u00e1ndola, esterilizando el biber\u00f3n, etc.<\/li><li>\u00bfBeb\u00e9 quisquilloso? No hay problema, tiene todo lo que necesita con usted en todo momento.<\/li><li>La lactancia es amiga del planeta tierra. Sin botes de f\u00f3rmula en la basura, sin biberones que limpiar.<\/li><li>La lactancia es la oportunidad perfecta para caricias y tiempo de uni\u00f3n con su beb\u00e9.<\/li><\/ul>\n<\/div><\/div>\n","protected":false},"excerpt":{"rendered":"","protected":false},"author":2,"featured_media":0,"parent":70,"menu_order":10,"comment_status":"closed","ping_status":"closed","template":"","meta":{"_acf_changed":false,"footnotes":""},"from-article-database":[],"class_list":["post-143","page","type-page","status-publish","hentry"],"acf":[],"yoast_head":"<!-- This site is optimized with the Yoast SEO plugin v26.6 - https:\/\/yoast.com\/wordpress\/plugins\/seo\/ -->\n<title>Los beneficios de la lactancia - Multi-Mam<\/title>\n<meta name=\"description\" content=\"La Organizaci\u00f3n Mundial de la Salud (OMS), UNICEF, numerosas asociaciones de pediatr\u00eda y matronas de todo el mundo est\u00e1n de acuerdo. La lactancia materna es lo mejor que puede ofrecer a su beb\u00e9.\" \/>\n<meta name=\"robots\" content=\"index, follow, max-snippet:-1, max-image-preview:large, max-video-preview:-1\" \/>\n<link rel=\"canonical\" href=\"https:\/\/multi-mam.com\/es\/articulos\/lactancia\/los-beneficios-de-la-lactancia\/\" \/>\n<meta property=\"og:locale\" content=\"es_ES\" \/>\n<meta property=\"og:type\" content=\"article\" \/>\n<meta property=\"og:title\" content=\"Los beneficios de la lactancia - Multi-Mam\" \/>\n<meta property=\"og:description\" content=\"La Organizaci\u00f3n Mundial de la Salud (OMS), UNICEF, numerosas asociaciones de pediatr\u00eda y matronas de todo el mundo est\u00e1n de acuerdo. La lactancia materna es lo mejor que puede ofrecer a su beb\u00e9.\" \/>\n<meta property=\"og:url\" content=\"https:\/\/multi-mam.com\/es\/articulos\/lactancia\/los-beneficios-de-la-lactancia\/\" \/>\n<meta property=\"og:site_name\" content=\"Multi-Mam\" \/>\n<meta property=\"article:modified_time\" content=\"2025-04-28T12:47:53+00:00\" \/>\n<meta name=\"twitter:card\" content=\"summary_large_image\" \/>\n<meta name=\"twitter:label1\" content=\"Tiempo de lectura\" \/>\n\t<meta name=\"twitter:data1\" content=\"3 minutos\" \/>\n<script type=\"application\/ld+json\" class=\"yoast-schema-graph\">{\"@context\":\"https:\/\/schema.org\",\"@graph\":[{\"@type\":\"WebPage\",\"@id\":\"https:\/\/multi-mam.com\/es\/articulos\/lactancia\/los-beneficios-de-la-lactancia\/\",\"url\":\"https:\/\/multi-mam.com\/es\/articulos\/lactancia\/los-beneficios-de-la-lactancia\/\",\"name\":\"Los beneficios de la lactancia - Multi-Mam\",\"isPartOf\":{\"@id\":\"https:\/\/multi-mam.com\/es\/#website\"},\"datePublished\":\"2023-04-20T12:55:09+00:00\",\"dateModified\":\"2025-04-28T12:47:53+00:00\",\"description\":\"La Organizaci\u00f3n Mundial de la Salud (OMS), UNICEF, numerosas asociaciones de pediatr\u00eda y matronas de todo el mundo est\u00e1n de acuerdo. La lactancia materna es lo mejor que puede ofrecer a su beb\u00e9.\",\"breadcrumb\":{\"@id\":\"https:\/\/multi-mam.com\/es\/articulos\/lactancia\/los-beneficios-de-la-lactancia\/#breadcrumb\"},\"inLanguage\":\"es\",\"potentialAction\":[{\"@type\":\"ReadAction\",\"target\":[\"https:\/\/multi-mam.com\/es\/articulos\/lactancia\/los-beneficios-de-la-lactancia\/\"]}]},{\"@type\":\"BreadcrumbList\",\"@id\":\"https:\/\/multi-mam.com\/es\/articulos\/lactancia\/los-beneficios-de-la-lactancia\/#breadcrumb\",\"itemListElement\":[{\"@type\":\"ListItem\",\"position\":1,\"name\":\"Home\",\"item\":\"https:\/\/multi-mam.com\/es\/\"},{\"@type\":\"ListItem\",\"position\":2,\"name\":\"Art\u00edculos\",\"item\":\"https:\/\/multi-mam.com\/es\/articulos\/\"},{\"@type\":\"ListItem\",\"position\":3,\"name\":\"Lactancia\",\"item\":\"https:\/\/multi-mam.com\/es\/articulos\/lactancia\/\"},{\"@type\":\"ListItem\",\"position\":4,\"name\":\"Los beneficios de la lactancia\"}]},{\"@type\":\"WebSite\",\"@id\":\"https:\/\/multi-mam.com\/es\/#website\",\"url\":\"https:\/\/multi-mam.com\/es\/\",\"name\":\"Multi-Mam\",\"description\":\"\",\"publisher\":{\"@id\":\"https:\/\/multi-mam.com\/es\/#organization\"},\"potentialAction\":[{\"@type\":\"SearchAction\",\"target\":{\"@type\":\"EntryPoint\",\"urlTemplate\":\"https:\/\/multi-mam.com\/es\/?s={search_term_string}\"},\"query-input\":{\"@type\":\"PropertyValueSpecification\",\"valueRequired\":true,\"valueName\":\"search_term_string\"}}],\"inLanguage\":\"es\"},{\"@type\":\"Organization\",\"@id\":\"https:\/\/multi-mam.com\/es\/#organization\",\"name\":\"Multi-Mam\",\"url\":\"https:\/\/multi-mam.com\/es\/\",\"logo\":{\"@type\":\"ImageObject\",\"inLanguage\":\"es\",\"@id\":\"https:\/\/multi-mam.com\/es\/#\/schema\/logo\/image\/\",\"url\":\"https:\/\/multi-mam.com\/app\/uploads\/sites\/27\/2023\/04\/multi-mam-logotype.png\",\"contentUrl\":\"https:\/\/multi-mam.com\/app\/uploads\/sites\/27\/2023\/04\/multi-mam-logotype.png\",\"width\":70,\"height\":96,\"caption\":\"Multi-Mam\"},\"image\":{\"@id\":\"https:\/\/multi-mam.com\/es\/#\/schema\/logo\/image\/\"}}]}<\/script>\n<!-- \/ Yoast SEO plugin. -->","yoast_head_json":{"title":"Los beneficios de la lactancia - Multi-Mam","description":"La Organizaci\u00f3n Mundial de la Salud (OMS), UNICEF, numerosas asociaciones de pediatr\u00eda y matronas de todo el mundo est\u00e1n de acuerdo. La lactancia materna es lo mejor que puede ofrecer a su beb\u00e9.","robots":{"index":"index","follow":"follow","max-snippet":"max-snippet:-1","max-image-preview":"max-image-preview:large","max-video-preview":"max-video-preview:-1"},"canonical":"https:\/\/multi-mam.com\/es\/articulos\/lactancia\/los-beneficios-de-la-lactancia\/","og_locale":"es_ES","og_type":"article","og_title":"Los beneficios de la lactancia - Multi-Mam","og_description":"La Organizaci\u00f3n Mundial de la Salud (OMS), UNICEF, numerosas asociaciones de pediatr\u00eda y matronas de todo el mundo est\u00e1n de acuerdo. La lactancia materna es lo mejor que puede ofrecer a su beb\u00e9.","og_url":"https:\/\/multi-mam.com\/es\/articulos\/lactancia\/los-beneficios-de-la-lactancia\/","og_site_name":"Multi-Mam","article_modified_time":"2025-04-28T12:47:53+00:00","twitter_card":"summary_large_image","twitter_misc":{"Tiempo de lectura":"3 minutos"},"schema":{"@context":"https:\/\/schema.org","@graph":[{"@type":"WebPage","@id":"https:\/\/multi-mam.com\/es\/articulos\/lactancia\/los-beneficios-de-la-lactancia\/","url":"https:\/\/multi-mam.com\/es\/articulos\/lactancia\/los-beneficios-de-la-lactancia\/","name":"Los beneficios de la lactancia - Multi-Mam","isPartOf":{"@id":"https:\/\/multi-mam.com\/es\/#website"},"datePublished":"2023-04-20T12:55:09+00:00","dateModified":"2025-04-28T12:47:53+00:00","description":"La Organizaci\u00f3n Mundial de la Salud (OMS), UNICEF, numerosas asociaciones de pediatr\u00eda y matronas de todo el mundo est\u00e1n de acuerdo. La lactancia materna es lo mejor que puede ofrecer a su beb\u00e9.","breadcrumb":{"@id":"https:\/\/multi-mam.com\/es\/articulos\/lactancia\/los-beneficios-de-la-lactancia\/#breadcrumb"},"inLanguage":"es","potentialAction":[{"@type":"ReadAction","target":["https:\/\/multi-mam.com\/es\/articulos\/lactancia\/los-beneficios-de-la-lactancia\/"]}]},{"@type":"BreadcrumbList","@id":"https:\/\/multi-mam.com\/es\/articulos\/lactancia\/los-beneficios-de-la-lactancia\/#breadcrumb","itemListElement":[{"@type":"ListItem","position":1,"name":"Home","item":"https:\/\/multi-mam.com\/es\/"},{"@type":"ListItem","position":2,"name":"Art\u00edculos","item":"https:\/\/multi-mam.com\/es\/articulos\/"},{"@type":"ListItem","position":3,"name":"Lactancia","item":"https:\/\/multi-mam.com\/es\/articulos\/lactancia\/"},{"@type":"ListItem","position":4,"name":"Los beneficios de la lactancia"}]},{"@type":"WebSite","@id":"https:\/\/multi-mam.com\/es\/#website","url":"https:\/\/multi-mam.com\/es\/","name":"Multi-Mam","description":"","publisher":{"@id":"https:\/\/multi-mam.com\/es\/#organization"},"potentialAction":[{"@type":"SearchAction","target":{"@type":"EntryPoint","urlTemplate":"https:\/\/multi-mam.com\/es\/?s={search_term_string}"},"query-input":{"@type":"PropertyValueSpecification","valueRequired":true,"valueName":"search_term_string"}}],"inLanguage":"es"},{"@type":"Organization","@id":"https:\/\/multi-mam.com\/es\/#organization","name":"Multi-Mam","url":"https:\/\/multi-mam.com\/es\/","logo":{"@type":"ImageObject","inLanguage":"es","@id":"https:\/\/multi-mam.com\/es\/#\/schema\/logo\/image\/","url":"https:\/\/multi-mam.com\/app\/uploads\/sites\/27\/2023\/04\/multi-mam-logotype.png","contentUrl":"https:\/\/multi-mam.com\/app\/uploads\/sites\/27\/2023\/04\/multi-mam-logotype.png","width":70,"height":96,"caption":"Multi-Mam"},"image":{"@id":"https:\/\/multi-mam.com\/es\/#\/schema\/logo\/image\/"}}]}},"_links":{"self":[{"href":"https:\/\/multi-mam.com\/es\/wp-json\/wp\/v2\/pages\/143","targetHints":{"allow":["GET"]}}],"collection":[{"href":"https:\/\/multi-mam.com\/es\/wp-json\/wp\/v2\/pages"}],"about":[{"href":"https:\/\/multi-mam.com\/es\/wp-json\/wp\/v2\/types\/page"}],"author":[{"embeddable":true,"href":"https:\/\/multi-mam.com\/es\/wp-json\/wp\/v2\/users\/2"}],"replies":[{"embeddable":true,"href":"https:\/\/multi-mam.com\/es\/wp-json\/wp\/v2\/comments?post=143"}],"version-history":[{"count":3,"href":"https:\/\/multi-mam.com\/es\/wp-json\/wp\/v2\/pages\/143\/revisions"}],"predecessor-version":[{"id":297,"href":"https:\/\/multi-mam.com\/es\/wp-json\/wp\/v2\/pages\/143\/revisions\/297"}],"up":[{"embeddable":true,"href":"https:\/\/multi-mam.com\/es\/wp-json\/wp\/v2\/pages\/70"}],"wp:attachment":[{"href":"https:\/\/multi-mam.com\/es\/wp-json\/wp\/v2\/media?parent=143"}],"wp:term":[{"taxonomy":"from-article-database","embeddable":true,"href":"https:\/\/multi-mam.com\/es\/wp-json\/wp\/v2\/from-article-database?post=143"}],"curies":[{"name":"wp","href":"https:\/\/api.w.org\/{rel}","templated":true}]}}