{"id":141,"date":"2023-04-20T14:54:48","date_gmt":"2023-04-20T12:54:48","guid":{"rendered":"https:\/\/multi-mam.com\/es\/?page_id=141"},"modified":"2025-04-28T14:47:55","modified_gmt":"2025-04-28T12:47:55","slug":"tabla-de-aimentos-el-bebe","status":"publish","type":"page","link":"https:\/\/multi-mam.com\/es\/articulos\/lactancia\/tabla-de-aimentos-el-bebe\/","title":{"rendered":"Tabla de aimentos el beb\u00e9"},"content":{"rendered":"\n<div class=\"wp-block-karopharma-free-text pt-large pb-large bg-center bg-cover bg-no-repeat  is-style-primary\" style=\"background-image:url()\"><div class=\"free-text-wrapper container max-w-medium text-left\">\n<h1 class=\"wp-block-heading\">Tabla de aimentos el beb\u00e9<\/h1>\n\n\n\n<p class=\"is-style-paragraph-preamble\">Introducir alimentos s\u00f3lidos en la dieta de su beb\u00e9 es un gran hito en el desarrollo de su hijo. Sin embargo, al decidir el momento adecuado para esto, la pauta a seguir debe ser la etapa actual de desarrollo de su beb\u00e9 debe, y no necesariamente la edad. Algunos beb\u00e9s est\u00e1n listos para tomar algunas cucharadas de pur\u00e9 de pl\u00e1tano a los 4 meses de edad, mientras que otros deben esperar hasta cumplir los 6 meses &#8211; observe a su beb\u00e9 y no tenga prisa. Consulte siempre a su pediatra antes de introducir nuevos alimentos y evite alimentos que podr\u00edan causar reacciones al\u00e9rgicas. A continuaci\u00f3n encontrar\u00e1 una tabla de alimentos adaptada a la edad de su beb\u00e9 &#8211; las recomendaciones son generales y deben adaptarse a su beb\u00e9 y sus gustos.<\/p>\n\n\n\n<p class=\"is-style-paragraph-preamble\">Introduzca siempre los alimentos de uno en uno &#8211; espere unos d\u00edas y si su beb\u00e9 no presenta problemas con la digesti\u00f3n, puede continuar con el siguiente ingrediente.<\/p>\n<\/div><\/div>\n\n\n\n<div class=\"wp-block-karopharma-free-text pt-large pb-large bg-center bg-cover bg-no-repeat\" style=\"background-image:url()\"><div class=\"free-text-wrapper container max-w-medium text-left\">\n<h2 class=\"is-style-heading-h2 wp-block-heading\">De 4 a 6 meses<\/h2>\n\n\n\n<p>Aunque muchos pediatras recomiendan no empezar a introducir alimentos s\u00f3lidos antes de los 6 meses de edad, otros muchos pediatras dicen que es seguro ofrecer alimentos adecuados a los beb\u00e9s de 4 meses de edad. Una vez m\u00e1s, conf\u00ede en su juicio.<\/p>\n\n\n\n<p>Los primeros alimentos s\u00f3lidos que se presentan a su beb\u00e9 deben ser muy suaves y ligeros para el est\u00f3mago de su beb\u00e9. Se pueden incluir:<\/p>\n\n\n\n<ul class=\"is-style-default wp-block-list\"><li>Arroz o avena (estos cereales tienen el menor potencial alerg\u00e9nico y se perciben normalmente como un inicio seguro en el mundo de los alimentos s\u00f3lidos)<\/li><li>Hortalizas cocidas y en pur\u00e9, como la batata o la calabaza<\/li><li>Pur\u00e9 de fruta; como pl\u00e1tanos, manzanas o melocotones.<\/li><\/ul>\n\n\n\n<p>Debe tener en cuenta que el est\u00f3mago de su beb\u00e9 es peque\u00f1o y su beb\u00e9 puede quedar lleno tras unas pocas cucharadas. Tenga paciencia cuando introduzca alimentos s\u00f3lidos, ya que se necesita algo de tiempo para que su beb\u00e9 est\u00e9 de acuerdo e intente tragar el alimento. Todos los alimentos que se sugieren act\u00faan \u00fanicamente como complemento a la leche materna o preparado, que son la principal fuente de nutrientes del beb\u00e9.<\/p>\n\n\n\n<h2 class=\"is-style-heading-h2 wp-block-heading\">De 6 a 8 meses<\/h2>\n\n\n\n<p>A esta edad, la leche materna o el preparado todav\u00eda son la base de la nutrici\u00f3n, sin embargo, puede empezar lentamente aumentando la cantidad de comida ofrecida a su beb\u00e9. Los alimentos que puede preparar para su beb\u00e9 son:<\/p>\n\n\n\n<ul class=\"is-style-default wp-block-list\"><li>Cereales<\/li><li>Frutas trituradas (pl\u00e1tanos, manzanas, peras, aguacate, melocotones)<\/li><li>Hortalizas cocidas y en pur\u00e9 (calabaza, batatas, zanahorias)<\/li><li>Legumbres cocidas y en pur\u00e9 (jud\u00edas, garbanzos, lentejas)<\/li><li>carne completamente cocida y triturada en trozos de tama\u00f1o de un guisante (pollo, pavo)<\/li><li>Yogur sin endulzar en peque\u00f1as cantidades (su beb\u00e9 no deber\u00eda tomar leche de vaca hasta los 12 meses)<\/li><\/ul>\n\n\n\n<h2 class=\"is-style-heading-h2 wp-block-heading\">De 8 a 10 meses<\/h2>\n\n\n\n<p>Adicionalmente a la leche materno o preparado, su beb\u00e9 tambi\u00e9n puede tomar:<\/p>\n\n\n\n<ul class=\"is-style-default wp-block-list\"><li>Cereales<\/li><li>Queso blando pasteurizado y reques\u00f3n<\/li><li>Pur\u00e9 de frutas y verduras<\/li><li>Peque\u00f1os trozos de carne<\/li><li>Legumbres bien cocinadas<\/li><li>Alimentos para tomar con los dedos tales como; pasta bien cocida, trozos de pan, huevos revueltos, etc.<\/li><\/ul>\n\n\n\n<h2 class=\"is-style-heading-h2 wp-block-heading\">De 10 a 12 meses<\/h2>\n\n\n\n<p>A esta edad, su hijo puede comer casi cualquier alimento que usted le prepare &#8211; s\u00f3lo debe tener en cuenta que los trozos de comida deben ser de tama\u00f1o adecuado para que no representen un riesgo de asfixia. En el primer a\u00f1o de vida, no se recomienda introducir la miel y se debe tener cuidado con la sal y las hierbas.<\/p>\n\n\n\n<ul class=\"is-style-default wp-block-list\"><li>Cereales<\/li><li>Yogur, queso blando pasteurizado, reques\u00f3n.<\/li><li>Fruta cortada en tiras o cubos.<\/li><li>Hortalizas cocidas en trozos peque\u00f1os.<\/li><li>Peque\u00f1os trozos de carne, aves y pescado sin espinas.<\/li><li>Alimentos para tomar con los dedos tales como; pasta bien cocida, trozos de pan, huevos revueltos, etc. Algunos pediatras recomiendan no tomar un huevo entero hasta que el ni\u00f1o cumpla 1 a\u00f1o de edad.<\/li><li>Alimentos combinados como los macarrones.<\/li><\/ul>\n<\/div><\/div>\n","protected":false},"excerpt":{"rendered":"","protected":false},"author":2,"featured_media":0,"parent":70,"menu_order":9,"comment_status":"closed","ping_status":"closed","template":"","meta":{"_acf_changed":false,"footnotes":""},"from-article-database":[],"class_list":["post-141","page","type-page","status-publish","hentry"],"acf":[],"yoast_head":"<!-- This site is optimized with the Yoast SEO plugin v26.6 - https:\/\/yoast.com\/wordpress\/plugins\/seo\/ -->\n<title>Tabla de aimentos el beb\u00e9 - Multi-Mam<\/title>\n<meta name=\"description\" content=\"Introducir alimentos s\u00f3lidos en la dieta de su beb\u00e9 es un gran hito en el desarrollo de su hijo.\" \/>\n<meta name=\"robots\" content=\"index, follow, max-snippet:-1, max-image-preview:large, max-video-preview:-1\" \/>\n<link rel=\"canonical\" href=\"https:\/\/multi-mam.com\/es\/articulos\/lactancia\/tabla-de-aimentos-el-bebe\/\" \/>\n<meta property=\"og:locale\" content=\"es_ES\" \/>\n<meta property=\"og:type\" content=\"article\" \/>\n<meta property=\"og:title\" content=\"Tabla de aimentos el beb\u00e9 - Multi-Mam\" \/>\n<meta property=\"og:description\" content=\"Introducir alimentos s\u00f3lidos en la dieta de su beb\u00e9 es un gran hito en el desarrollo de su hijo.\" \/>\n<meta property=\"og:url\" content=\"https:\/\/multi-mam.com\/es\/articulos\/lactancia\/tabla-de-aimentos-el-bebe\/\" \/>\n<meta property=\"og:site_name\" content=\"Multi-Mam\" \/>\n<meta property=\"article:modified_time\" content=\"2025-04-28T12:47:55+00:00\" \/>\n<meta name=\"twitter:card\" content=\"summary_large_image\" \/>\n<meta name=\"twitter:label1\" content=\"Tiempo de lectura\" \/>\n\t<meta name=\"twitter:data1\" content=\"3 minutos\" \/>\n<script type=\"application\/ld+json\" class=\"yoast-schema-graph\">{\"@context\":\"https:\/\/schema.org\",\"@graph\":[{\"@type\":\"WebPage\",\"@id\":\"https:\/\/multi-mam.com\/es\/articulos\/lactancia\/tabla-de-aimentos-el-bebe\/\",\"url\":\"https:\/\/multi-mam.com\/es\/articulos\/lactancia\/tabla-de-aimentos-el-bebe\/\",\"name\":\"Tabla de aimentos el beb\u00e9 - Multi-Mam\",\"isPartOf\":{\"@id\":\"https:\/\/multi-mam.com\/es\/#website\"},\"datePublished\":\"2023-04-20T12:54:48+00:00\",\"dateModified\":\"2025-04-28T12:47:55+00:00\",\"description\":\"Introducir alimentos s\u00f3lidos en la dieta de su beb\u00e9 es un gran hito en el desarrollo de su hijo.\",\"breadcrumb\":{\"@id\":\"https:\/\/multi-mam.com\/es\/articulos\/lactancia\/tabla-de-aimentos-el-bebe\/#breadcrumb\"},\"inLanguage\":\"es\",\"potentialAction\":[{\"@type\":\"ReadAction\",\"target\":[\"https:\/\/multi-mam.com\/es\/articulos\/lactancia\/tabla-de-aimentos-el-bebe\/\"]}]},{\"@type\":\"BreadcrumbList\",\"@id\":\"https:\/\/multi-mam.com\/es\/articulos\/lactancia\/tabla-de-aimentos-el-bebe\/#breadcrumb\",\"itemListElement\":[{\"@type\":\"ListItem\",\"position\":1,\"name\":\"Home\",\"item\":\"https:\/\/multi-mam.com\/es\/\"},{\"@type\":\"ListItem\",\"position\":2,\"name\":\"Art\u00edculos\",\"item\":\"https:\/\/multi-mam.com\/es\/articulos\/\"},{\"@type\":\"ListItem\",\"position\":3,\"name\":\"Lactancia\",\"item\":\"https:\/\/multi-mam.com\/es\/articulos\/lactancia\/\"},{\"@type\":\"ListItem\",\"position\":4,\"name\":\"Tabla de aimentos el beb\u00e9\"}]},{\"@type\":\"WebSite\",\"@id\":\"https:\/\/multi-mam.com\/es\/#website\",\"url\":\"https:\/\/multi-mam.com\/es\/\",\"name\":\"Multi-Mam\",\"description\":\"\",\"publisher\":{\"@id\":\"https:\/\/multi-mam.com\/es\/#organization\"},\"potentialAction\":[{\"@type\":\"SearchAction\",\"target\":{\"@type\":\"EntryPoint\",\"urlTemplate\":\"https:\/\/multi-mam.com\/es\/?s={search_term_string}\"},\"query-input\":{\"@type\":\"PropertyValueSpecification\",\"valueRequired\":true,\"valueName\":\"search_term_string\"}}],\"inLanguage\":\"es\"},{\"@type\":\"Organization\",\"@id\":\"https:\/\/multi-mam.com\/es\/#organization\",\"name\":\"Multi-Mam\",\"url\":\"https:\/\/multi-mam.com\/es\/\",\"logo\":{\"@type\":\"ImageObject\",\"inLanguage\":\"es\",\"@id\":\"https:\/\/multi-mam.com\/es\/#\/schema\/logo\/image\/\",\"url\":\"https:\/\/multi-mam.com\/app\/uploads\/sites\/27\/2023\/04\/multi-mam-logotype.png\",\"contentUrl\":\"https:\/\/multi-mam.com\/app\/uploads\/sites\/27\/2023\/04\/multi-mam-logotype.png\",\"width\":70,\"height\":96,\"caption\":\"Multi-Mam\"},\"image\":{\"@id\":\"https:\/\/multi-mam.com\/es\/#\/schema\/logo\/image\/\"}}]}<\/script>\n<!-- \/ Yoast SEO plugin. -->","yoast_head_json":{"title":"Tabla de aimentos el beb\u00e9 - Multi-Mam","description":"Introducir alimentos s\u00f3lidos en la dieta de su beb\u00e9 es un gran hito en el desarrollo de su hijo.","robots":{"index":"index","follow":"follow","max-snippet":"max-snippet:-1","max-image-preview":"max-image-preview:large","max-video-preview":"max-video-preview:-1"},"canonical":"https:\/\/multi-mam.com\/es\/articulos\/lactancia\/tabla-de-aimentos-el-bebe\/","og_locale":"es_ES","og_type":"article","og_title":"Tabla de aimentos el beb\u00e9 - Multi-Mam","og_description":"Introducir alimentos s\u00f3lidos en la dieta de su beb\u00e9 es un gran hito en el desarrollo de su hijo.","og_url":"https:\/\/multi-mam.com\/es\/articulos\/lactancia\/tabla-de-aimentos-el-bebe\/","og_site_name":"Multi-Mam","article_modified_time":"2025-04-28T12:47:55+00:00","twitter_card":"summary_large_image","twitter_misc":{"Tiempo de lectura":"3 minutos"},"schema":{"@context":"https:\/\/schema.org","@graph":[{"@type":"WebPage","@id":"https:\/\/multi-mam.com\/es\/articulos\/lactancia\/tabla-de-aimentos-el-bebe\/","url":"https:\/\/multi-mam.com\/es\/articulos\/lactancia\/tabla-de-aimentos-el-bebe\/","name":"Tabla de aimentos el beb\u00e9 - Multi-Mam","isPartOf":{"@id":"https:\/\/multi-mam.com\/es\/#website"},"datePublished":"2023-04-20T12:54:48+00:00","dateModified":"2025-04-28T12:47:55+00:00","description":"Introducir alimentos s\u00f3lidos en la dieta de su beb\u00e9 es un gran hito en el desarrollo de su hijo.","breadcrumb":{"@id":"https:\/\/multi-mam.com\/es\/articulos\/lactancia\/tabla-de-aimentos-el-bebe\/#breadcrumb"},"inLanguage":"es","potentialAction":[{"@type":"ReadAction","target":["https:\/\/multi-mam.com\/es\/articulos\/lactancia\/tabla-de-aimentos-el-bebe\/"]}]},{"@type":"BreadcrumbList","@id":"https:\/\/multi-mam.com\/es\/articulos\/lactancia\/tabla-de-aimentos-el-bebe\/#breadcrumb","itemListElement":[{"@type":"ListItem","position":1,"name":"Home","item":"https:\/\/multi-mam.com\/es\/"},{"@type":"ListItem","position":2,"name":"Art\u00edculos","item":"https:\/\/multi-mam.com\/es\/articulos\/"},{"@type":"ListItem","position":3,"name":"Lactancia","item":"https:\/\/multi-mam.com\/es\/articulos\/lactancia\/"},{"@type":"ListItem","position":4,"name":"Tabla de aimentos el beb\u00e9"}]},{"@type":"WebSite","@id":"https:\/\/multi-mam.com\/es\/#website","url":"https:\/\/multi-mam.com\/es\/","name":"Multi-Mam","description":"","publisher":{"@id":"https:\/\/multi-mam.com\/es\/#organization"},"potentialAction":[{"@type":"SearchAction","target":{"@type":"EntryPoint","urlTemplate":"https:\/\/multi-mam.com\/es\/?s={search_term_string}"},"query-input":{"@type":"PropertyValueSpecification","valueRequired":true,"valueName":"search_term_string"}}],"inLanguage":"es"},{"@type":"Organization","@id":"https:\/\/multi-mam.com\/es\/#organization","name":"Multi-Mam","url":"https:\/\/multi-mam.com\/es\/","logo":{"@type":"ImageObject","inLanguage":"es","@id":"https:\/\/multi-mam.com\/es\/#\/schema\/logo\/image\/","url":"https:\/\/multi-mam.com\/app\/uploads\/sites\/27\/2023\/04\/multi-mam-logotype.png","contentUrl":"https:\/\/multi-mam.com\/app\/uploads\/sites\/27\/2023\/04\/multi-mam-logotype.png","width":70,"height":96,"caption":"Multi-Mam"},"image":{"@id":"https:\/\/multi-mam.com\/es\/#\/schema\/logo\/image\/"}}]}},"_links":{"self":[{"href":"https:\/\/multi-mam.com\/es\/wp-json\/wp\/v2\/pages\/141","targetHints":{"allow":["GET"]}}],"collection":[{"href":"https:\/\/multi-mam.com\/es\/wp-json\/wp\/v2\/pages"}],"about":[{"href":"https:\/\/multi-mam.com\/es\/wp-json\/wp\/v2\/types\/page"}],"author":[{"embeddable":true,"href":"https:\/\/multi-mam.com\/es\/wp-json\/wp\/v2\/users\/2"}],"replies":[{"embeddable":true,"href":"https:\/\/multi-mam.com\/es\/wp-json\/wp\/v2\/comments?post=141"}],"version-history":[{"count":2,"href":"https:\/\/multi-mam.com\/es\/wp-json\/wp\/v2\/pages\/141\/revisions"}],"predecessor-version":[{"id":294,"href":"https:\/\/multi-mam.com\/es\/wp-json\/wp\/v2\/pages\/141\/revisions\/294"}],"up":[{"embeddable":true,"href":"https:\/\/multi-mam.com\/es\/wp-json\/wp\/v2\/pages\/70"}],"wp:attachment":[{"href":"https:\/\/multi-mam.com\/es\/wp-json\/wp\/v2\/media?parent=141"}],"wp:term":[{"taxonomy":"from-article-database","embeddable":true,"href":"https:\/\/multi-mam.com\/es\/wp-json\/wp\/v2\/from-article-database?post=141"}],"curies":[{"name":"wp","href":"https:\/\/api.w.org\/{rel}","templated":true}]}}