{"id":139,"date":"2023-04-20T14:54:28","date_gmt":"2023-04-20T12:54:28","guid":{"rendered":"https:\/\/multi-mam.com\/es\/?page_id=139"},"modified":"2025-04-28T14:47:57","modified_gmt":"2025-04-28T12:47:57","slug":"bebe-que-muerde","status":"publish","type":"page","link":"https:\/\/multi-mam.com\/es\/articulos\/lactancia\/bebe-que-muerde\/","title":{"rendered":"Beb\u00e9 que muerde"},"content":{"rendered":"\n<div class=\"wp-block-karopharma-free-text pt-large pb-large bg-center bg-cover bg-no-repeat  is-style-primary\" style=\"background-image:url()\"><div class=\"free-text-wrapper container max-w-medium text-left\">\n<h1 class=\"wp-block-heading\">Beb\u00e9 que muerde<\/h1>\n\n\n\n<p class=\"is-style-paragraph-preamble\">Los mordiscos mientras se da el pecho no son s\u00f3lo muy dolorosos, sino que tambi\u00e9n pueden convertir la lactancia en una experiencia muy desagradable para usted. Ya sea porque el pez\u00f3n todav\u00eda est\u00e1 irritado por el mordisco, o porque usted teme que vuelva a suceder de nuevo, esto puede impedir que usted disfrute de los tranquilos momentos que ofrece la lactancia y la vinculaci\u00f3n con su hijo.<\/p>\n<\/div><\/div>\n\n\n\n<div class=\"wp-block-karopharma-free-text pt-large pb-large bg-center bg-cover bg-no-repeat\" style=\"background-image:url()\"><div class=\"free-text-wrapper container max-w-medium text-left\">\n<h2 class=\"is-style-heading-h2 wp-block-heading\">C\u00f3mo prevenir los mordiscos durante la lactancia<\/h2>\n\n\n\n<p>Es imposible que el beb\u00e9 muerda si est\u00e1 bien enganchado al pez\u00f3n y succionando activamente. Durante la lactancia, la lengua del beb\u00e9 cubre los dientes inferiores por lo que es f\u00edsicamente imposible morder el pez\u00f3n. Es por eso que lo m\u00e1s importante que puede hacer para evitar los mordiscos es observar a su beb\u00e9. A menudo los mordiscos se producen al final de la toma, cuando su beb\u00e9 est\u00e1 lleno y no se concentra en la lactancia. Observe a su beb\u00e9 de cerca y tan pronto como note un cambio en la tensi\u00f3n de la mand\u00edbula o sienta su lengua movi\u00e9ndose hacia atr\u00e1s, termine la toma y retire al beb\u00e9 del pecho, para reducir la posibilidad de mordiscos. Por otro lado, si el mordisco se produce al inicio de la toma, aseg\u00farese de que su beb\u00e9 se engancha correctamente. Trate de cambiar las posiciones de lactancia y encuentre la que le permita a su beb\u00e9 colocarse el pez\u00f3n correctamente en la boca.<\/p>\n\n\n\n<p>A pesar del miedo que experimentan muchas madres, el proceso de dentici\u00f3n no es necesariamente el fin de la lactancia. Si los mordiscos est\u00e1n causados por molestias de durante la dentici\u00f3n, puede retirar a su beb\u00e9 del pecho y ofrecerle un juguete de dentici\u00f3n.<\/p>\n\n\n\n<p>A veces, si usted est\u00e1 viendo la televisi\u00f3n o hablando por tel\u00e9fono mientras da el pecho, su beb\u00e9 puede morderle para llamar su atenci\u00f3n. Dedique el tiempo de lactancia a su beb\u00e9 y c\u00e9ntrese en \u00e9l. Elija una habitaci\u00f3n tranquila, con luz tenue y sin distracciones. Esto le ayudar\u00e1 a centrarse en su beb\u00e9, as\u00ed como a mantenerlo tranquilo y calmado. Hable con su beb\u00e9, mantenga contacto visual o abr\u00e1celo. Esto no s\u00f3lo proporcionar\u00e1 la suficiente atenci\u00f3n para su beb\u00e9, sino que tambi\u00e9n le ayudar\u00e1 a reconocer las se\u00f1ales de que se puede producir un mordisco.<\/p>\n\n\n\n<p>Si su beb\u00e9 est\u00e1 resfriado, trate de dar el pecho en posici\u00f3n vertical para facilitar la respiraci\u00f3n.<\/p>\n\n\n\n<p>Todo ni\u00f1o puede aprender a no morder, no importa lo joven que sea &#8211; todo lo que necesita es persistencia y un refuerzo positivo. Utilice un tono de voz suave y positivo para elogiar a su peque\u00f1o cuando se enganche suavemente.<\/p>\n\n\n\n<h2 class=\"is-style-heading-h2 wp-block-heading\">Qu\u00e9 hacer si su beb\u00e9 muerde<\/h2>\n\n\n\n<p>Detenga la toma inmediatamente. Trate de no alejarlo (aunque sea la reacci\u00f3n instintiva), porque esto puede causar m\u00e1s da\u00f1o al pez\u00f3n. En su lugar, tire del beb\u00e9 hacia el pecho, deslice su dedo suavemente en la esquina de los labios de su beb\u00e9, entre los dientes y luego retire el pez\u00f3n. Descanse un rato antes de continuar con la toma si su beb\u00e9 todav\u00eda tiene hambre, o termine la toma por completo. Si el mordisco ha causado da\u00f1o al pez\u00f3n, es importante aplicar el tratamiento apropiado r\u00e1pidamente, antes de que se convierta en una infecci\u00f3n. Puede enfriar el pez\u00f3n con hielo, lo que ayudar\u00e1 a disminuir el dolor, y despu\u00e9s puede aplicar una compresa de lactancia que acelerar\u00e1 el proceso de curaci\u00f3n. Entre las tomas aplique un b\u00e1lsamo protector en el pez\u00f3n para aliviar y nutrir la piel, que tambi\u00e9n proporciona protecci\u00f3n contra el dolor.<\/p>\n<\/div><\/div>\n","protected":false},"excerpt":{"rendered":"","protected":false},"author":2,"featured_media":0,"parent":70,"menu_order":8,"comment_status":"closed","ping_status":"closed","template":"","meta":{"_acf_changed":false,"footnotes":""},"from-article-database":[],"class_list":["post-139","page","type-page","status-publish","hentry"],"acf":[],"yoast_head":"<!-- This site is optimized with the Yoast SEO plugin v26.6 - https:\/\/yoast.com\/wordpress\/plugins\/seo\/ -->\n<title>Beb\u00e9 que muerde - Multi-Mam<\/title>\n<meta name=\"description\" content=\"Los mordiscos mientras se da el pecho no son s\u00f3lo muy dolorosos, sino que tambi\u00e9n pueden convertir la lactancia en una experiencia muy desagradable para usted.\" \/>\n<meta name=\"robots\" content=\"index, follow, max-snippet:-1, max-image-preview:large, max-video-preview:-1\" \/>\n<link rel=\"canonical\" href=\"https:\/\/multi-mam.com\/es\/articulos\/lactancia\/bebe-que-muerde\/\" \/>\n<meta property=\"og:locale\" content=\"es_ES\" \/>\n<meta property=\"og:type\" content=\"article\" \/>\n<meta property=\"og:title\" content=\"Beb\u00e9 que muerde - Multi-Mam\" \/>\n<meta property=\"og:description\" content=\"Los mordiscos mientras se da el pecho no son s\u00f3lo muy dolorosos, sino que tambi\u00e9n pueden convertir la lactancia en una experiencia muy desagradable para usted.\" \/>\n<meta property=\"og:url\" content=\"https:\/\/multi-mam.com\/es\/articulos\/lactancia\/bebe-que-muerde\/\" \/>\n<meta property=\"og:site_name\" content=\"Multi-Mam\" \/>\n<meta property=\"article:modified_time\" content=\"2025-04-28T12:47:57+00:00\" \/>\n<meta name=\"twitter:card\" content=\"summary_large_image\" \/>\n<meta name=\"twitter:label1\" content=\"Tiempo de lectura\" \/>\n\t<meta name=\"twitter:data1\" content=\"3 minutos\" \/>\n<script type=\"application\/ld+json\" class=\"yoast-schema-graph\">{\"@context\":\"https:\/\/schema.org\",\"@graph\":[{\"@type\":\"WebPage\",\"@id\":\"https:\/\/multi-mam.com\/es\/articulos\/lactancia\/bebe-que-muerde\/\",\"url\":\"https:\/\/multi-mam.com\/es\/articulos\/lactancia\/bebe-que-muerde\/\",\"name\":\"Beb\u00e9 que muerde - Multi-Mam\",\"isPartOf\":{\"@id\":\"https:\/\/multi-mam.com\/es\/#website\"},\"datePublished\":\"2023-04-20T12:54:28+00:00\",\"dateModified\":\"2025-04-28T12:47:57+00:00\",\"description\":\"Los mordiscos mientras se da el pecho no son s\u00f3lo muy dolorosos, sino que tambi\u00e9n pueden convertir la lactancia en una experiencia muy desagradable para usted.\",\"breadcrumb\":{\"@id\":\"https:\/\/multi-mam.com\/es\/articulos\/lactancia\/bebe-que-muerde\/#breadcrumb\"},\"inLanguage\":\"es\",\"potentialAction\":[{\"@type\":\"ReadAction\",\"target\":[\"https:\/\/multi-mam.com\/es\/articulos\/lactancia\/bebe-que-muerde\/\"]}]},{\"@type\":\"BreadcrumbList\",\"@id\":\"https:\/\/multi-mam.com\/es\/articulos\/lactancia\/bebe-que-muerde\/#breadcrumb\",\"itemListElement\":[{\"@type\":\"ListItem\",\"position\":1,\"name\":\"Home\",\"item\":\"https:\/\/multi-mam.com\/es\/\"},{\"@type\":\"ListItem\",\"position\":2,\"name\":\"Art\u00edculos\",\"item\":\"https:\/\/multi-mam.com\/es\/articulos\/\"},{\"@type\":\"ListItem\",\"position\":3,\"name\":\"Lactancia\",\"item\":\"https:\/\/multi-mam.com\/es\/articulos\/lactancia\/\"},{\"@type\":\"ListItem\",\"position\":4,\"name\":\"Beb\u00e9 que muerde\"}]},{\"@type\":\"WebSite\",\"@id\":\"https:\/\/multi-mam.com\/es\/#website\",\"url\":\"https:\/\/multi-mam.com\/es\/\",\"name\":\"Multi-Mam\",\"description\":\"\",\"publisher\":{\"@id\":\"https:\/\/multi-mam.com\/es\/#organization\"},\"potentialAction\":[{\"@type\":\"SearchAction\",\"target\":{\"@type\":\"EntryPoint\",\"urlTemplate\":\"https:\/\/multi-mam.com\/es\/?s={search_term_string}\"},\"query-input\":{\"@type\":\"PropertyValueSpecification\",\"valueRequired\":true,\"valueName\":\"search_term_string\"}}],\"inLanguage\":\"es\"},{\"@type\":\"Organization\",\"@id\":\"https:\/\/multi-mam.com\/es\/#organization\",\"name\":\"Multi-Mam\",\"url\":\"https:\/\/multi-mam.com\/es\/\",\"logo\":{\"@type\":\"ImageObject\",\"inLanguage\":\"es\",\"@id\":\"https:\/\/multi-mam.com\/es\/#\/schema\/logo\/image\/\",\"url\":\"https:\/\/multi-mam.com\/app\/uploads\/sites\/27\/2023\/04\/multi-mam-logotype.png\",\"contentUrl\":\"https:\/\/multi-mam.com\/app\/uploads\/sites\/27\/2023\/04\/multi-mam-logotype.png\",\"width\":70,\"height\":96,\"caption\":\"Multi-Mam\"},\"image\":{\"@id\":\"https:\/\/multi-mam.com\/es\/#\/schema\/logo\/image\/\"}}]}<\/script>\n<!-- \/ Yoast SEO plugin. -->","yoast_head_json":{"title":"Beb\u00e9 que muerde - Multi-Mam","description":"Los mordiscos mientras se da el pecho no son s\u00f3lo muy dolorosos, sino que tambi\u00e9n pueden convertir la lactancia en una experiencia muy desagradable para usted.","robots":{"index":"index","follow":"follow","max-snippet":"max-snippet:-1","max-image-preview":"max-image-preview:large","max-video-preview":"max-video-preview:-1"},"canonical":"https:\/\/multi-mam.com\/es\/articulos\/lactancia\/bebe-que-muerde\/","og_locale":"es_ES","og_type":"article","og_title":"Beb\u00e9 que muerde - Multi-Mam","og_description":"Los mordiscos mientras se da el pecho no son s\u00f3lo muy dolorosos, sino que tambi\u00e9n pueden convertir la lactancia en una experiencia muy desagradable para usted.","og_url":"https:\/\/multi-mam.com\/es\/articulos\/lactancia\/bebe-que-muerde\/","og_site_name":"Multi-Mam","article_modified_time":"2025-04-28T12:47:57+00:00","twitter_card":"summary_large_image","twitter_misc":{"Tiempo de lectura":"3 minutos"},"schema":{"@context":"https:\/\/schema.org","@graph":[{"@type":"WebPage","@id":"https:\/\/multi-mam.com\/es\/articulos\/lactancia\/bebe-que-muerde\/","url":"https:\/\/multi-mam.com\/es\/articulos\/lactancia\/bebe-que-muerde\/","name":"Beb\u00e9 que muerde - Multi-Mam","isPartOf":{"@id":"https:\/\/multi-mam.com\/es\/#website"},"datePublished":"2023-04-20T12:54:28+00:00","dateModified":"2025-04-28T12:47:57+00:00","description":"Los mordiscos mientras se da el pecho no son s\u00f3lo muy dolorosos, sino que tambi\u00e9n pueden convertir la lactancia en una experiencia muy desagradable para usted.","breadcrumb":{"@id":"https:\/\/multi-mam.com\/es\/articulos\/lactancia\/bebe-que-muerde\/#breadcrumb"},"inLanguage":"es","potentialAction":[{"@type":"ReadAction","target":["https:\/\/multi-mam.com\/es\/articulos\/lactancia\/bebe-que-muerde\/"]}]},{"@type":"BreadcrumbList","@id":"https:\/\/multi-mam.com\/es\/articulos\/lactancia\/bebe-que-muerde\/#breadcrumb","itemListElement":[{"@type":"ListItem","position":1,"name":"Home","item":"https:\/\/multi-mam.com\/es\/"},{"@type":"ListItem","position":2,"name":"Art\u00edculos","item":"https:\/\/multi-mam.com\/es\/articulos\/"},{"@type":"ListItem","position":3,"name":"Lactancia","item":"https:\/\/multi-mam.com\/es\/articulos\/lactancia\/"},{"@type":"ListItem","position":4,"name":"Beb\u00e9 que muerde"}]},{"@type":"WebSite","@id":"https:\/\/multi-mam.com\/es\/#website","url":"https:\/\/multi-mam.com\/es\/","name":"Multi-Mam","description":"","publisher":{"@id":"https:\/\/multi-mam.com\/es\/#organization"},"potentialAction":[{"@type":"SearchAction","target":{"@type":"EntryPoint","urlTemplate":"https:\/\/multi-mam.com\/es\/?s={search_term_string}"},"query-input":{"@type":"PropertyValueSpecification","valueRequired":true,"valueName":"search_term_string"}}],"inLanguage":"es"},{"@type":"Organization","@id":"https:\/\/multi-mam.com\/es\/#organization","name":"Multi-Mam","url":"https:\/\/multi-mam.com\/es\/","logo":{"@type":"ImageObject","inLanguage":"es","@id":"https:\/\/multi-mam.com\/es\/#\/schema\/logo\/image\/","url":"https:\/\/multi-mam.com\/app\/uploads\/sites\/27\/2023\/04\/multi-mam-logotype.png","contentUrl":"https:\/\/multi-mam.com\/app\/uploads\/sites\/27\/2023\/04\/multi-mam-logotype.png","width":70,"height":96,"caption":"Multi-Mam"},"image":{"@id":"https:\/\/multi-mam.com\/es\/#\/schema\/logo\/image\/"}}]}},"_links":{"self":[{"href":"https:\/\/multi-mam.com\/es\/wp-json\/wp\/v2\/pages\/139","targetHints":{"allow":["GET"]}}],"collection":[{"href":"https:\/\/multi-mam.com\/es\/wp-json\/wp\/v2\/pages"}],"about":[{"href":"https:\/\/multi-mam.com\/es\/wp-json\/wp\/v2\/types\/page"}],"author":[{"embeddable":true,"href":"https:\/\/multi-mam.com\/es\/wp-json\/wp\/v2\/users\/2"}],"replies":[{"embeddable":true,"href":"https:\/\/multi-mam.com\/es\/wp-json\/wp\/v2\/comments?post=139"}],"version-history":[{"count":3,"href":"https:\/\/multi-mam.com\/es\/wp-json\/wp\/v2\/pages\/139\/revisions"}],"predecessor-version":[{"id":292,"href":"https:\/\/multi-mam.com\/es\/wp-json\/wp\/v2\/pages\/139\/revisions\/292"}],"up":[{"embeddable":true,"href":"https:\/\/multi-mam.com\/es\/wp-json\/wp\/v2\/pages\/70"}],"wp:attachment":[{"href":"https:\/\/multi-mam.com\/es\/wp-json\/wp\/v2\/media?parent=139"}],"wp:term":[{"taxonomy":"from-article-database","embeddable":true,"href":"https:\/\/multi-mam.com\/es\/wp-json\/wp\/v2\/from-article-database?post=139"}],"curies":[{"name":"wp","href":"https:\/\/api.w.org\/{rel}","templated":true}]}}