{"id":137,"date":"2023-04-20T14:54:02","date_gmt":"2023-04-20T12:54:02","guid":{"rendered":"https:\/\/multi-mam.com\/es\/?page_id=137"},"modified":"2025-04-28T14:47:59","modified_gmt":"2025-04-28T12:47:59","slug":"alcohol-y-lactancia","status":"publish","type":"page","link":"https:\/\/multi-mam.com\/es\/articulos\/lactancia\/alcohol-y-lactancia\/","title":{"rendered":"Alcohol y Lactancia"},"content":{"rendered":"\n<div class=\"wp-block-karopharma-free-text pt-large pb-large bg-center bg-cover bg-no-repeat  is-style-primary\" style=\"background-image:url()\"><div class=\"free-text-wrapper container max-w-medium text-left\">\n<h1 class=\"wp-block-heading\">Alcohol y Lactancia<\/h1>\n\n\n\n<p class=\"is-style-paragraph-preamble\">En nuestra sociedad a\u00fan persisten algunos viejos mitos sobre el consumo de alcohol durante la lactancia, uno de ellos es que la cerveza puede aumentar la cantidad de leche producida por la madre lactante. Tambi\u00e9n puede haber escuchado que tomar unas copas es seguro y no da\u00f1ar\u00e1 a su beb\u00e9.<\/p>\n<\/div><\/div>\n\n\n\n<div class=\"wp-block-karopharma-free-text pt-large pb-large bg-center bg-cover bg-no-repeat\" style=\"background-image:url()\"><div class=\"free-text-wrapper container max-w-medium text-left\">\n<h2 class=\"is-style-heading-h2 wp-block-heading\">Qu\u00e9 dicen los expertos en relaci\u00f3n al consumo de alcohol durante la lactancia<\/h2>\n\n\n\n<p>Estudios cient\u00edficos han desacreditado estos mitos y han demostrado que la concentraci\u00f3n de alcoholes que llega al torrente sangu\u00edneo es equivalente a la concentraci\u00f3n que termina en leche materna. Aunque se trata de una peque\u00f1a fracci\u00f3n de la cantidad total de alcohol que puede haber bebido, debe tener en cuenta que el h\u00edgado de su beb\u00e9 es peque\u00f1o e inmaduro, y su capacidad de metabolizaci\u00f3n es mucho menor en comparaci\u00f3n con la de un adulto. Se cree que un ni\u00f1o de 3 meses tiene un metabolismo un 50% m\u00e1s lento que el de un adulto.<\/p>\n\n\n\n<p>Los estudios tambi\u00e9n indican que el alcohol presente en leche materna puede causar cambios en los h\u00e1bitos de sue\u00f1o y alimentaci\u00f3n de los beb\u00e9s. El alcohol puede hacer que su beb\u00e9 se sienta somnoliento y se duerma m\u00e1s r\u00e1pido de lo habitual, aunque tambi\u00e9n dormir\u00e1 menos y se despertar\u00e1 antes de lo que har\u00eda habitualmente. Los beb\u00e9s menores de 3 meses sufren un riesgo mayor al alcohol, especialmente en relaci\u00f3n al desarrollo motor. Por ello, los expertos coinciden en que las madres que acaban de dar a luz deben evitar de manera total el consumo de alcohol hasta que el beb\u00e9 cumpla 3 meses.<\/p>\n\n\n\n<p>Los resultados cient\u00edficos son muy claros cuando se refieren al mito del aumento de la producci\u00f3n de leche materna gracias a la ingesta de alcohol &#8211; las bebidas alcoh\u00f3licas tienen en realidad un efecto contrario, deshidratan el cuerpo y reducen la cantidad de l\u00edquido disponible en el organismo que es necesario para producir la leche. El alcohol tambi\u00e9n disminuye los niveles de oxitocina, una hormona necesaria para la lactancia. El resultado es que los beb\u00e9s reciben un 20% menos de leche si su madre hab\u00eda consumido previamente vino, cerveza u otras bebidas alcoh\u00f3licas.<\/p>\n\n\n\n<h2 class=\"is-style-heading-h2 wp-block-heading\">C\u00f3mo tomar una bebida ocasional durante la lactancia<\/h2>\n\n\n\n<p>Si renunciar a un copa de vino ocasional parece una tarea dif\u00edcil, se pueden poner en pr\u00e1ctica algunas medidas para limitar la exposici\u00f3n de su beb\u00e9 al alcohol a trav\u00e9s de la leche materna. Una vez que conozca las recomendaciones generales sobre el metabolismo del alcohol, usted ser\u00e1 capaz de organizar una copa con amigos y dar tambi\u00e9n el pecho a su beb\u00e9.<\/p>\n\n\n\n<p>Los niveles de alcohol en sangre y leche materna alcanzan su pico entre 30 y 90 minutos despu\u00e9s de tomar la bebida, y el tiempo que necesita el alcohol para ser eliminado completamente del cuerpo depende mucho de cada persona. La recomendaci\u00f3n que facilita la Academia Americana de Pediatr\u00eda desde el Departamento de Lactancia Materna es que no se debe tomar m\u00e1s de 0,5 g de alcohol por 1 kg de peso corporal. Desde un punto de vista pr\u00e1ctico, esto significa que una mujer de peso 60 kg puede ingerir 60 ml de licor, 240 ml de vino o 2 cervezas, y todav\u00eda ser\u00eda seguro que diera el pecho. Sin embargo, se recomienda que usted planifique la sesi\u00f3n de lactancia de manera que pasen al menos dos horas desde que termin\u00f3 su bebida. Adem\u00e1s, los expertos recomiendan no tomar m\u00e1s de 1 a 2 bebidas por semana.<\/p>\n\n\n\n<p>Los niveles de alcohol en sangre y leche materna alcanzan su pico entre 30 y 90 minutos despu\u00e9s de tomar la bebida, y el tiempo que necesita el alcohol para ser eliminado completamente del cuerpo depende mucho de cada persona. La recomendaci\u00f3n que facilita la Academia Americana de Pediatr\u00eda desde el Departamento de Lactancia Materna es que no se debe tomar m\u00e1s de 0,5 g de alcohol por 1 kg de peso corporal. Desde un punto de vista pr\u00e1ctico, esto significa que una mujer de peso 60 kg puede ingerir 60 ml de licor, 240 ml de vino o 2 cervezas, y todav\u00eda ser\u00eda seguro que diera el pecho. Sin embargo, se recomienda que usted planifique la sesi\u00f3n de lactancia de manera que pasen al menos dos horas desde que termin\u00f3 su bebida. Adem\u00e1s, los expertos recomiendan no tomar m\u00e1s de 1 a 2 bebidas por semana.<\/p>\n\n\n\n<p>Existen otras posibilidades como sacar la leche con un sacaleches y almacenarla antes de tomar la copa, de modo que pueda alimentar a su beb\u00e9 con un biber\u00f3n hasta que sus niveles de alcohol en sangre se hayan reducido. Si pierde una toma de lactancia, se recomienda sacar y descartar la leche para evitar la ingurgitaci\u00f3n. Siempre tome un vaso de agua junto con su bebida para reducir el efecto de deshidrataci\u00f3n.<\/p>\n\n\n\n<p><strong>Referencia:<\/strong><\/p>\n\n\n\n<p class=\"is-style-paragraph-small\"><em>Alcohol does not increase milk production. <\/em>(Mennella &amp; Beauchamp 1991, 1993; Mennella 1997, 1999).<br><em>More than 2 drinks may inhibit let-down of milk <\/em>(Coiro et al 1992; Cobo 1974).<br><em>Changes in the infant\u2019s sleep-wake patterns <\/em>(Mennella &amp; Gerrish 1998).<br><em>Reduced gross motor development connected to the daily consumption of alcohol<\/em> (Little et al 1989).<\/p>\n<\/div><\/div>\n","protected":false},"excerpt":{"rendered":"","protected":false},"author":2,"featured_media":0,"parent":70,"menu_order":7,"comment_status":"closed","ping_status":"closed","template":"","meta":{"_acf_changed":false,"footnotes":""},"from-article-database":[],"class_list":["post-137","page","type-page","status-publish","hentry"],"acf":[],"yoast_head":"<!-- This site is optimized with the Yoast SEO plugin v26.6 - https:\/\/yoast.com\/wordpress\/plugins\/seo\/ -->\n<title>Alcohol y Lactancia - Multi-Mam<\/title>\n<meta name=\"description\" content=\"En nuestra sociedad a\u00fan persisten algunos viejos mitos sobre el consumo de alcohol durante la lactancia, uno de ellos es que la cerveza puede aumentar la cantidad de leche producida por la madre lactante.\" \/>\n<meta name=\"robots\" content=\"index, follow, max-snippet:-1, max-image-preview:large, max-video-preview:-1\" \/>\n<link rel=\"canonical\" href=\"https:\/\/multi-mam.com\/es\/articulos\/lactancia\/alcohol-y-lactancia\/\" \/>\n<meta property=\"og:locale\" content=\"es_ES\" \/>\n<meta property=\"og:type\" content=\"article\" \/>\n<meta property=\"og:title\" content=\"Alcohol y Lactancia - Multi-Mam\" \/>\n<meta property=\"og:description\" content=\"En nuestra sociedad a\u00fan persisten algunos viejos mitos sobre el consumo de alcohol durante la lactancia, uno de ellos es que la cerveza puede aumentar la cantidad de leche producida por la madre lactante.\" \/>\n<meta property=\"og:url\" content=\"https:\/\/multi-mam.com\/es\/articulos\/lactancia\/alcohol-y-lactancia\/\" \/>\n<meta property=\"og:site_name\" content=\"Multi-Mam\" \/>\n<meta property=\"article:modified_time\" content=\"2025-04-28T12:47:59+00:00\" \/>\n<meta name=\"twitter:card\" content=\"summary_large_image\" \/>\n<meta name=\"twitter:label1\" content=\"Tiempo de lectura\" \/>\n\t<meta name=\"twitter:data1\" content=\"4 minutos\" \/>\n<script type=\"application\/ld+json\" class=\"yoast-schema-graph\">{\"@context\":\"https:\/\/schema.org\",\"@graph\":[{\"@type\":\"WebPage\",\"@id\":\"https:\/\/multi-mam.com\/es\/articulos\/lactancia\/alcohol-y-lactancia\/\",\"url\":\"https:\/\/multi-mam.com\/es\/articulos\/lactancia\/alcohol-y-lactancia\/\",\"name\":\"Alcohol y Lactancia - Multi-Mam\",\"isPartOf\":{\"@id\":\"https:\/\/multi-mam.com\/es\/#website\"},\"datePublished\":\"2023-04-20T12:54:02+00:00\",\"dateModified\":\"2025-04-28T12:47:59+00:00\",\"description\":\"En nuestra sociedad a\u00fan persisten algunos viejos mitos sobre el consumo de alcohol durante la lactancia, uno de ellos es que la cerveza puede aumentar la cantidad de leche producida por la madre lactante.\",\"breadcrumb\":{\"@id\":\"https:\/\/multi-mam.com\/es\/articulos\/lactancia\/alcohol-y-lactancia\/#breadcrumb\"},\"inLanguage\":\"es\",\"potentialAction\":[{\"@type\":\"ReadAction\",\"target\":[\"https:\/\/multi-mam.com\/es\/articulos\/lactancia\/alcohol-y-lactancia\/\"]}]},{\"@type\":\"BreadcrumbList\",\"@id\":\"https:\/\/multi-mam.com\/es\/articulos\/lactancia\/alcohol-y-lactancia\/#breadcrumb\",\"itemListElement\":[{\"@type\":\"ListItem\",\"position\":1,\"name\":\"Home\",\"item\":\"https:\/\/multi-mam.com\/es\/\"},{\"@type\":\"ListItem\",\"position\":2,\"name\":\"Art\u00edculos\",\"item\":\"https:\/\/multi-mam.com\/es\/articulos\/\"},{\"@type\":\"ListItem\",\"position\":3,\"name\":\"Lactancia\",\"item\":\"https:\/\/multi-mam.com\/es\/articulos\/lactancia\/\"},{\"@type\":\"ListItem\",\"position\":4,\"name\":\"Alcohol y Lactancia\"}]},{\"@type\":\"WebSite\",\"@id\":\"https:\/\/multi-mam.com\/es\/#website\",\"url\":\"https:\/\/multi-mam.com\/es\/\",\"name\":\"Multi-Mam\",\"description\":\"\",\"publisher\":{\"@id\":\"https:\/\/multi-mam.com\/es\/#organization\"},\"potentialAction\":[{\"@type\":\"SearchAction\",\"target\":{\"@type\":\"EntryPoint\",\"urlTemplate\":\"https:\/\/multi-mam.com\/es\/?s={search_term_string}\"},\"query-input\":{\"@type\":\"PropertyValueSpecification\",\"valueRequired\":true,\"valueName\":\"search_term_string\"}}],\"inLanguage\":\"es\"},{\"@type\":\"Organization\",\"@id\":\"https:\/\/multi-mam.com\/es\/#organization\",\"name\":\"Multi-Mam\",\"url\":\"https:\/\/multi-mam.com\/es\/\",\"logo\":{\"@type\":\"ImageObject\",\"inLanguage\":\"es\",\"@id\":\"https:\/\/multi-mam.com\/es\/#\/schema\/logo\/image\/\",\"url\":\"https:\/\/multi-mam.com\/app\/uploads\/sites\/27\/2023\/04\/multi-mam-logotype.png\",\"contentUrl\":\"https:\/\/multi-mam.com\/app\/uploads\/sites\/27\/2023\/04\/multi-mam-logotype.png\",\"width\":70,\"height\":96,\"caption\":\"Multi-Mam\"},\"image\":{\"@id\":\"https:\/\/multi-mam.com\/es\/#\/schema\/logo\/image\/\"}}]}<\/script>\n<!-- \/ Yoast SEO plugin. -->","yoast_head_json":{"title":"Alcohol y Lactancia - Multi-Mam","description":"En nuestra sociedad a\u00fan persisten algunos viejos mitos sobre el consumo de alcohol durante la lactancia, uno de ellos es que la cerveza puede aumentar la cantidad de leche producida por la madre lactante.","robots":{"index":"index","follow":"follow","max-snippet":"max-snippet:-1","max-image-preview":"max-image-preview:large","max-video-preview":"max-video-preview:-1"},"canonical":"https:\/\/multi-mam.com\/es\/articulos\/lactancia\/alcohol-y-lactancia\/","og_locale":"es_ES","og_type":"article","og_title":"Alcohol y Lactancia - Multi-Mam","og_description":"En nuestra sociedad a\u00fan persisten algunos viejos mitos sobre el consumo de alcohol durante la lactancia, uno de ellos es que la cerveza puede aumentar la cantidad de leche producida por la madre lactante.","og_url":"https:\/\/multi-mam.com\/es\/articulos\/lactancia\/alcohol-y-lactancia\/","og_site_name":"Multi-Mam","article_modified_time":"2025-04-28T12:47:59+00:00","twitter_card":"summary_large_image","twitter_misc":{"Tiempo de lectura":"4 minutos"},"schema":{"@context":"https:\/\/schema.org","@graph":[{"@type":"WebPage","@id":"https:\/\/multi-mam.com\/es\/articulos\/lactancia\/alcohol-y-lactancia\/","url":"https:\/\/multi-mam.com\/es\/articulos\/lactancia\/alcohol-y-lactancia\/","name":"Alcohol y Lactancia - Multi-Mam","isPartOf":{"@id":"https:\/\/multi-mam.com\/es\/#website"},"datePublished":"2023-04-20T12:54:02+00:00","dateModified":"2025-04-28T12:47:59+00:00","description":"En nuestra sociedad a\u00fan persisten algunos viejos mitos sobre el consumo de alcohol durante la lactancia, uno de ellos es que la cerveza puede aumentar la cantidad de leche producida por la madre lactante.","breadcrumb":{"@id":"https:\/\/multi-mam.com\/es\/articulos\/lactancia\/alcohol-y-lactancia\/#breadcrumb"},"inLanguage":"es","potentialAction":[{"@type":"ReadAction","target":["https:\/\/multi-mam.com\/es\/articulos\/lactancia\/alcohol-y-lactancia\/"]}]},{"@type":"BreadcrumbList","@id":"https:\/\/multi-mam.com\/es\/articulos\/lactancia\/alcohol-y-lactancia\/#breadcrumb","itemListElement":[{"@type":"ListItem","position":1,"name":"Home","item":"https:\/\/multi-mam.com\/es\/"},{"@type":"ListItem","position":2,"name":"Art\u00edculos","item":"https:\/\/multi-mam.com\/es\/articulos\/"},{"@type":"ListItem","position":3,"name":"Lactancia","item":"https:\/\/multi-mam.com\/es\/articulos\/lactancia\/"},{"@type":"ListItem","position":4,"name":"Alcohol y Lactancia"}]},{"@type":"WebSite","@id":"https:\/\/multi-mam.com\/es\/#website","url":"https:\/\/multi-mam.com\/es\/","name":"Multi-Mam","description":"","publisher":{"@id":"https:\/\/multi-mam.com\/es\/#organization"},"potentialAction":[{"@type":"SearchAction","target":{"@type":"EntryPoint","urlTemplate":"https:\/\/multi-mam.com\/es\/?s={search_term_string}"},"query-input":{"@type":"PropertyValueSpecification","valueRequired":true,"valueName":"search_term_string"}}],"inLanguage":"es"},{"@type":"Organization","@id":"https:\/\/multi-mam.com\/es\/#organization","name":"Multi-Mam","url":"https:\/\/multi-mam.com\/es\/","logo":{"@type":"ImageObject","inLanguage":"es","@id":"https:\/\/multi-mam.com\/es\/#\/schema\/logo\/image\/","url":"https:\/\/multi-mam.com\/app\/uploads\/sites\/27\/2023\/04\/multi-mam-logotype.png","contentUrl":"https:\/\/multi-mam.com\/app\/uploads\/sites\/27\/2023\/04\/multi-mam-logotype.png","width":70,"height":96,"caption":"Multi-Mam"},"image":{"@id":"https:\/\/multi-mam.com\/es\/#\/schema\/logo\/image\/"}}]}},"_links":{"self":[{"href":"https:\/\/multi-mam.com\/es\/wp-json\/wp\/v2\/pages\/137","targetHints":{"allow":["GET"]}}],"collection":[{"href":"https:\/\/multi-mam.com\/es\/wp-json\/wp\/v2\/pages"}],"about":[{"href":"https:\/\/multi-mam.com\/es\/wp-json\/wp\/v2\/types\/page"}],"author":[{"embeddable":true,"href":"https:\/\/multi-mam.com\/es\/wp-json\/wp\/v2\/users\/2"}],"replies":[{"embeddable":true,"href":"https:\/\/multi-mam.com\/es\/wp-json\/wp\/v2\/comments?post=137"}],"version-history":[{"count":3,"href":"https:\/\/multi-mam.com\/es\/wp-json\/wp\/v2\/pages\/137\/revisions"}],"predecessor-version":[{"id":290,"href":"https:\/\/multi-mam.com\/es\/wp-json\/wp\/v2\/pages\/137\/revisions\/290"}],"up":[{"embeddable":true,"href":"https:\/\/multi-mam.com\/es\/wp-json\/wp\/v2\/pages\/70"}],"wp:attachment":[{"href":"https:\/\/multi-mam.com\/es\/wp-json\/wp\/v2\/media?parent=137"}],"wp:term":[{"taxonomy":"from-article-database","embeddable":true,"href":"https:\/\/multi-mam.com\/es\/wp-json\/wp\/v2\/from-article-database?post=137"}],"curies":[{"name":"wp","href":"https:\/\/api.w.org\/{rel}","templated":true}]}}