{"id":135,"date":"2023-04-20T14:53:43","date_gmt":"2023-04-20T12:53:43","guid":{"rendered":"https:\/\/multi-mam.com\/es\/?page_id=135"},"modified":"2025-04-28T14:48:01","modified_gmt":"2025-04-28T12:48:01","slug":"consejos-para-la-lactancia-materna","status":"publish","type":"page","link":"https:\/\/multi-mam.com\/es\/articulos\/lactancia\/consejos-para-la-lactancia-materna\/","title":{"rendered":"Consejos para la lactancia materna"},"content":{"rendered":"\n<div class=\"wp-block-karopharma-free-text pt-large pb-large bg-center bg-cover bg-no-repeat  is-style-primary\" style=\"background-image:url()\"><div class=\"free-text-wrapper container max-w-medium text-left\">\n<h1 class=\"wp-block-heading\">Consejos para la lactancia materna<\/h1>\n\n\n\n<p class=\"is-style-paragraph-preamble\">La lactancia materna es muy beneficiosa tanto para la madre como para el beb\u00e9. No solo eso, sino que tambi\u00e9n es una oportunidad maravillosa para un tiempo de uni\u00f3n y abrazos. Sin embargo, a veces la lactancia puede ser un desaf\u00edo, especialmente en los primeros d\u00edas. Cada mam\u00e1 y cada beb\u00e9 son diferentes y con un poco de experimentaci\u00f3n, encontrar\u00e1s la f\u00f3rmula m\u00e1gica que te permitir\u00e1 disfrutar de tus sesiones de lactancia. Estos consejos para amamantar pueden ayudarte en tu b\u00fasqueda:<\/p>\n<\/div><\/div>\n\n\n\n<div class=\"wp-block-karopharma-free-text pt-large pb-large bg-center bg-cover bg-no-repeat\" style=\"background-image:url()\"><div class=\"free-text-wrapper container max-w-medium text-left\">\n<ul class=\"is-style-default wp-block-list\"><li>Aunque la lactancia materna puede ser algo desagradable al principio, no debe ser doloroso. Si experimenta dolor, lo m\u00e1s probable es que su beb\u00e9 no se enganche correctamente. Se consigue una posici\u00f3n adecuada cuando el beb\u00e9 tiene el pez\u00f3n y toda la aureola en su boca, con la barbilla presionada contra pecho y la nariz retirada. En esta posici\u00f3n, el pez\u00f3n est\u00e1 situado hacia la parte posterior de la boca y los movimientos de succi\u00f3n son eficaces para exprimir la leche hacia el exterior.<\/li><li>Utilice el tiempo tras el parto que se encuentra en el hospital para preguntarle a la matrona si su beb\u00e9 se engancha correctamente. No tengas miedo en buscar ayuda o hacer preguntas si tienes dudas o preocupaciones, especialmente si la lactancia es dolorosa o si tu beb\u00e9 no est\u00e1 ganando suficiente peso.<\/li><li>Tres o cuatro d\u00edas despu\u00e9s del parto, sus pechos pueden aumentar repentinamente de tama\u00f1o &#8211; esto es debido a la producci\u00f3n de leche necesaria para dar de comer a su beb\u00e9. Tenga preparados sujetadores de lactancia (elija una copa un poco m\u00e1s grande que su tama\u00f1o normal)<\/li><li>Ofrecer a su beb\u00e9 un chupete o un biber\u00f3n demasiado pronto puede causar confusi\u00f3n y rechazo del pez\u00f3n. Evite su introducci\u00f3n durante un tiempo, para poder dejar bien establecida la lactancia.<\/li><li>Si planea viajar o tiene que saltarse algunas tomas, es una buena idea sacarse la leche para evitar la ingurgitaci\u00f3n. Esta leche se puede guardar en el congelador y utilizarla no se encuentre o empiece a trabajar.<\/li><li>Al comprar un sacaleches, aseg\u00farese de elegir uno que le quede bien. Si es demasiado grande o peque\u00f1o, podr\u00eda afectar a la cantidad de leche que puede sacar o da\u00f1ar sus pezones.<\/li><li>Si sus pezones est\u00e1n doloridos o agrietados, aplique unas compresas especiales que ofrecen alivio y aceleren el proceso de recuperaci\u00f3n. Para proteger los pezones de da\u00f1os adicionales y prevenir el dolor, aplique un b\u00e1lsamo especial para pez\u00f3n entre las tomas. El b\u00e1lsamo debe ser seguro para su beb\u00e9, de modo que no tenga que retirar antes de dar el pecho. Exprimir unas gotas de leche al final de la toma y extenderlas por los pezones, tambi\u00e9n puede favorecer el proceso de curaci\u00f3n.<\/li><li>Elija una habitaci\u00f3n tranquila y silenciosa sin distracciones para dar el pecho. Aseg\u00farese de estar c\u00f3moda y de tener un vaso de agua a mano, ya que la lactancia materna a menudo da sed.<\/li><li>Si se le practic\u00f3 una ces\u00e1rea o simplemente se encuentra agotada tras el parto, intente tumbarse de lado mientras da el pecho.<\/li><li>Aprender a dar el pecho a un beb\u00e9 prematuro suele ser m\u00e1s dif\u00edcil y puede necesitar m\u00e1s tiempo. Sin embargo, como con cualquier lactancia, una vez establecida se vuelve m\u00e1s f\u00e1cil y es muy gratificante para usted y su beb\u00e9.<\/li><li>Finalmente, sea paciente. D\u00e9se a usted y a su beb\u00e9 alg\u00fan tiempo para aprender lo que m\u00e1s le conviene y no se desanime si encuentra alguna dificultad. Con cierta perseverancia y un poco de pr\u00e1ctica, tanto usted como su beb\u00e9 pronto disfrutar\u00e1n de la lactancia materna.<\/li><\/ul>\n<\/div><\/div>\n","protected":false},"excerpt":{"rendered":"","protected":false},"author":2,"featured_media":0,"parent":70,"menu_order":6,"comment_status":"closed","ping_status":"closed","template":"","meta":{"_acf_changed":false,"footnotes":""},"from-article-database":[],"class_list":["post-135","page","type-page","status-publish","hentry"],"acf":[],"yoast_head":"<!-- This site is optimized with the Yoast SEO plugin v26.6 - https:\/\/yoast.com\/wordpress\/plugins\/seo\/ -->\n<title>Consejos para la lactancia materna - Multi-Mam<\/title>\n<meta name=\"description\" content=\"La lactancia materna es muy beneficiosa tanto para la madre como para el beb\u00e9. No solo eso, sino que tambi\u00e9n es una oportunidad maravillosa para un tiempo de uni\u00f3n y abrazos.\" \/>\n<meta name=\"robots\" content=\"index, follow, max-snippet:-1, max-image-preview:large, max-video-preview:-1\" \/>\n<link rel=\"canonical\" href=\"https:\/\/multi-mam.com\/es\/articulos\/lactancia\/consejos-para-la-lactancia-materna\/\" \/>\n<meta property=\"og:locale\" content=\"es_ES\" \/>\n<meta property=\"og:type\" content=\"article\" \/>\n<meta property=\"og:title\" content=\"Consejos para la lactancia materna - Multi-Mam\" \/>\n<meta property=\"og:description\" content=\"La lactancia materna es muy beneficiosa tanto para la madre como para el beb\u00e9. No solo eso, sino que tambi\u00e9n es una oportunidad maravillosa para un tiempo de uni\u00f3n y abrazos.\" \/>\n<meta property=\"og:url\" content=\"https:\/\/multi-mam.com\/es\/articulos\/lactancia\/consejos-para-la-lactancia-materna\/\" \/>\n<meta property=\"og:site_name\" content=\"Multi-Mam\" \/>\n<meta property=\"article:modified_time\" content=\"2025-04-28T12:48:01+00:00\" \/>\n<meta name=\"twitter:card\" content=\"summary_large_image\" \/>\n<meta name=\"twitter:label1\" content=\"Tiempo de lectura\" \/>\n\t<meta name=\"twitter:data1\" content=\"3 minutos\" \/>\n<script type=\"application\/ld+json\" class=\"yoast-schema-graph\">{\"@context\":\"https:\/\/schema.org\",\"@graph\":[{\"@type\":\"WebPage\",\"@id\":\"https:\/\/multi-mam.com\/es\/articulos\/lactancia\/consejos-para-la-lactancia-materna\/\",\"url\":\"https:\/\/multi-mam.com\/es\/articulos\/lactancia\/consejos-para-la-lactancia-materna\/\",\"name\":\"Consejos para la lactancia materna - Multi-Mam\",\"isPartOf\":{\"@id\":\"https:\/\/multi-mam.com\/es\/#website\"},\"datePublished\":\"2023-04-20T12:53:43+00:00\",\"dateModified\":\"2025-04-28T12:48:01+00:00\",\"description\":\"La lactancia materna es muy beneficiosa tanto para la madre como para el beb\u00e9. No solo eso, sino que tambi\u00e9n es una oportunidad maravillosa para un tiempo de uni\u00f3n y abrazos.\",\"breadcrumb\":{\"@id\":\"https:\/\/multi-mam.com\/es\/articulos\/lactancia\/consejos-para-la-lactancia-materna\/#breadcrumb\"},\"inLanguage\":\"es\",\"potentialAction\":[{\"@type\":\"ReadAction\",\"target\":[\"https:\/\/multi-mam.com\/es\/articulos\/lactancia\/consejos-para-la-lactancia-materna\/\"]}]},{\"@type\":\"BreadcrumbList\",\"@id\":\"https:\/\/multi-mam.com\/es\/articulos\/lactancia\/consejos-para-la-lactancia-materna\/#breadcrumb\",\"itemListElement\":[{\"@type\":\"ListItem\",\"position\":1,\"name\":\"Home\",\"item\":\"https:\/\/multi-mam.com\/es\/\"},{\"@type\":\"ListItem\",\"position\":2,\"name\":\"Art\u00edculos\",\"item\":\"https:\/\/multi-mam.com\/es\/articulos\/\"},{\"@type\":\"ListItem\",\"position\":3,\"name\":\"Lactancia\",\"item\":\"https:\/\/multi-mam.com\/es\/articulos\/lactancia\/\"},{\"@type\":\"ListItem\",\"position\":4,\"name\":\"Consejos para la lactancia materna\"}]},{\"@type\":\"WebSite\",\"@id\":\"https:\/\/multi-mam.com\/es\/#website\",\"url\":\"https:\/\/multi-mam.com\/es\/\",\"name\":\"Multi-Mam\",\"description\":\"\",\"publisher\":{\"@id\":\"https:\/\/multi-mam.com\/es\/#organization\"},\"potentialAction\":[{\"@type\":\"SearchAction\",\"target\":{\"@type\":\"EntryPoint\",\"urlTemplate\":\"https:\/\/multi-mam.com\/es\/?s={search_term_string}\"},\"query-input\":{\"@type\":\"PropertyValueSpecification\",\"valueRequired\":true,\"valueName\":\"search_term_string\"}}],\"inLanguage\":\"es\"},{\"@type\":\"Organization\",\"@id\":\"https:\/\/multi-mam.com\/es\/#organization\",\"name\":\"Multi-Mam\",\"url\":\"https:\/\/multi-mam.com\/es\/\",\"logo\":{\"@type\":\"ImageObject\",\"inLanguage\":\"es\",\"@id\":\"https:\/\/multi-mam.com\/es\/#\/schema\/logo\/image\/\",\"url\":\"https:\/\/multi-mam.com\/app\/uploads\/sites\/27\/2023\/04\/multi-mam-logotype.png\",\"contentUrl\":\"https:\/\/multi-mam.com\/app\/uploads\/sites\/27\/2023\/04\/multi-mam-logotype.png\",\"width\":70,\"height\":96,\"caption\":\"Multi-Mam\"},\"image\":{\"@id\":\"https:\/\/multi-mam.com\/es\/#\/schema\/logo\/image\/\"}}]}<\/script>\n<!-- \/ Yoast SEO plugin. -->","yoast_head_json":{"title":"Consejos para la lactancia materna - Multi-Mam","description":"La lactancia materna es muy beneficiosa tanto para la madre como para el beb\u00e9. No solo eso, sino que tambi\u00e9n es una oportunidad maravillosa para un tiempo de uni\u00f3n y abrazos.","robots":{"index":"index","follow":"follow","max-snippet":"max-snippet:-1","max-image-preview":"max-image-preview:large","max-video-preview":"max-video-preview:-1"},"canonical":"https:\/\/multi-mam.com\/es\/articulos\/lactancia\/consejos-para-la-lactancia-materna\/","og_locale":"es_ES","og_type":"article","og_title":"Consejos para la lactancia materna - Multi-Mam","og_description":"La lactancia materna es muy beneficiosa tanto para la madre como para el beb\u00e9. No solo eso, sino que tambi\u00e9n es una oportunidad maravillosa para un tiempo de uni\u00f3n y abrazos.","og_url":"https:\/\/multi-mam.com\/es\/articulos\/lactancia\/consejos-para-la-lactancia-materna\/","og_site_name":"Multi-Mam","article_modified_time":"2025-04-28T12:48:01+00:00","twitter_card":"summary_large_image","twitter_misc":{"Tiempo de lectura":"3 minutos"},"schema":{"@context":"https:\/\/schema.org","@graph":[{"@type":"WebPage","@id":"https:\/\/multi-mam.com\/es\/articulos\/lactancia\/consejos-para-la-lactancia-materna\/","url":"https:\/\/multi-mam.com\/es\/articulos\/lactancia\/consejos-para-la-lactancia-materna\/","name":"Consejos para la lactancia materna - Multi-Mam","isPartOf":{"@id":"https:\/\/multi-mam.com\/es\/#website"},"datePublished":"2023-04-20T12:53:43+00:00","dateModified":"2025-04-28T12:48:01+00:00","description":"La lactancia materna es muy beneficiosa tanto para la madre como para el beb\u00e9. No solo eso, sino que tambi\u00e9n es una oportunidad maravillosa para un tiempo de uni\u00f3n y abrazos.","breadcrumb":{"@id":"https:\/\/multi-mam.com\/es\/articulos\/lactancia\/consejos-para-la-lactancia-materna\/#breadcrumb"},"inLanguage":"es","potentialAction":[{"@type":"ReadAction","target":["https:\/\/multi-mam.com\/es\/articulos\/lactancia\/consejos-para-la-lactancia-materna\/"]}]},{"@type":"BreadcrumbList","@id":"https:\/\/multi-mam.com\/es\/articulos\/lactancia\/consejos-para-la-lactancia-materna\/#breadcrumb","itemListElement":[{"@type":"ListItem","position":1,"name":"Home","item":"https:\/\/multi-mam.com\/es\/"},{"@type":"ListItem","position":2,"name":"Art\u00edculos","item":"https:\/\/multi-mam.com\/es\/articulos\/"},{"@type":"ListItem","position":3,"name":"Lactancia","item":"https:\/\/multi-mam.com\/es\/articulos\/lactancia\/"},{"@type":"ListItem","position":4,"name":"Consejos para la lactancia materna"}]},{"@type":"WebSite","@id":"https:\/\/multi-mam.com\/es\/#website","url":"https:\/\/multi-mam.com\/es\/","name":"Multi-Mam","description":"","publisher":{"@id":"https:\/\/multi-mam.com\/es\/#organization"},"potentialAction":[{"@type":"SearchAction","target":{"@type":"EntryPoint","urlTemplate":"https:\/\/multi-mam.com\/es\/?s={search_term_string}"},"query-input":{"@type":"PropertyValueSpecification","valueRequired":true,"valueName":"search_term_string"}}],"inLanguage":"es"},{"@type":"Organization","@id":"https:\/\/multi-mam.com\/es\/#organization","name":"Multi-Mam","url":"https:\/\/multi-mam.com\/es\/","logo":{"@type":"ImageObject","inLanguage":"es","@id":"https:\/\/multi-mam.com\/es\/#\/schema\/logo\/image\/","url":"https:\/\/multi-mam.com\/app\/uploads\/sites\/27\/2023\/04\/multi-mam-logotype.png","contentUrl":"https:\/\/multi-mam.com\/app\/uploads\/sites\/27\/2023\/04\/multi-mam-logotype.png","width":70,"height":96,"caption":"Multi-Mam"},"image":{"@id":"https:\/\/multi-mam.com\/es\/#\/schema\/logo\/image\/"}}]}},"_links":{"self":[{"href":"https:\/\/multi-mam.com\/es\/wp-json\/wp\/v2\/pages\/135","targetHints":{"allow":["GET"]}}],"collection":[{"href":"https:\/\/multi-mam.com\/es\/wp-json\/wp\/v2\/pages"}],"about":[{"href":"https:\/\/multi-mam.com\/es\/wp-json\/wp\/v2\/types\/page"}],"author":[{"embeddable":true,"href":"https:\/\/multi-mam.com\/es\/wp-json\/wp\/v2\/users\/2"}],"replies":[{"embeddable":true,"href":"https:\/\/multi-mam.com\/es\/wp-json\/wp\/v2\/comments?post=135"}],"version-history":[{"count":3,"href":"https:\/\/multi-mam.com\/es\/wp-json\/wp\/v2\/pages\/135\/revisions"}],"predecessor-version":[{"id":288,"href":"https:\/\/multi-mam.com\/es\/wp-json\/wp\/v2\/pages\/135\/revisions\/288"}],"up":[{"embeddable":true,"href":"https:\/\/multi-mam.com\/es\/wp-json\/wp\/v2\/pages\/70"}],"wp:attachment":[{"href":"https:\/\/multi-mam.com\/es\/wp-json\/wp\/v2\/media?parent=135"}],"wp:term":[{"taxonomy":"from-article-database","embeddable":true,"href":"https:\/\/multi-mam.com\/es\/wp-json\/wp\/v2\/from-article-database?post=135"}],"curies":[{"name":"wp","href":"https:\/\/api.w.org\/{rel}","templated":true}]}}