{"id":133,"date":"2023-04-20T14:53:21","date_gmt":"2023-04-20T12:53:21","guid":{"rendered":"https:\/\/multi-mam.com\/es\/?page_id=133"},"modified":"2025-04-28T14:48:03","modified_gmt":"2025-04-28T12:48:03","slug":"causas-de-dolor-en-la-lactancia","status":"publish","type":"page","link":"https:\/\/multi-mam.com\/es\/articulos\/lactancia\/causas-de-dolor-en-la-lactancia\/","title":{"rendered":"Causas de dolor en la lactancia"},"content":{"rendered":"\n<div class=\"wp-block-karopharma-free-text pt-large pb-large bg-center bg-cover bg-no-repeat  is-style-primary\" style=\"background-image:url()\"><div class=\"free-text-wrapper container max-w-medium text-left\">\n<h1 class=\"wp-block-heading\">Causas de dolor en la lactancia<\/h1>\n\n\n\n<p class=\"is-style-paragraph-preamble\">Muchas madres primerizas creen que el dolor en los primeros d\u00edas de dar el pecho es normal. Aunque es verdad que se se necesita algo de tiempo para encontrar la posici\u00f3n perfecta que permita a su beb\u00e9 engancharse bien al pecho, ignora el dolor puede hacer que sus pezones sufran alg\u00fan da\u00f1o y se irriten. El dolor en los pezones convierte la lactancia en algo muy inc\u00f3modo, y puede dar lugar a ingurgitaci\u00f3n y mastitis si empieza a saltarse tomas para evitar el dolor; su producci\u00f3n de leche disminuir\u00e1 debido al bajo consumo. Por ello, es muy importante determinar exactamente por qu\u00e9 la lactancia es dolorosa para usted y hacer algo al respecto.<\/p>\n<\/div><\/div>\n\n\n\n<div class=\"wp-block-karopharma-free-text pt-large pb-large bg-center bg-cover bg-no-repeat\" style=\"background-image:url()\"><div class=\"free-text-wrapper container max-w-medium text-left\">\n<h2 class=\"is-style-heading-h2 wp-block-heading\">Pezones irritados y agrietados<\/h2>\n\n\n\n<p>La causa m\u00e1s com\u00fan de dolor en la lactancia es un mal enganche. Cuando el beb\u00e9 est\u00e1 bien acoplado al pecho, el pez\u00f3n entero y la aureola se encuentran en su boca, lo que hace que la succi\u00f3n sea muy eficaz, y a la vez suave con sus pezones. Si no se consigue un buen enganche, el beb\u00e9 est\u00e1 succionando en el propio pez\u00f3n, causando dolor y da\u00f1o a la piel del pez\u00f3n.<\/p>\n\n\n\n<p>Conseguir un buen enganche pronto le permitir\u00e1 disfrutar de una lactancia sin dolor y evitar problemas en el pez\u00f3n. Sin embargo, si sus pezones ya est\u00e1n irritados, aplique compresas fr\u00edas para disminuir el dolor, pruebe tambi\u00e9n compresas para el pecho impregnadas de ingredientes nutritivos que promueven la curaci\u00f3n.<\/p>\n\n\n\n<p>Si un mal enganche es la causa del dolor, hable con una matrona o experta en lactancia que le ayudar\u00e1 a encontrar la posici\u00f3n correcta.<\/p>\n\n\n\n<h2 class=\"is-style-heading-h2 wp-block-heading\">Su beb\u00e9 tiene la lengua atada<\/h2>\n\n\n\n<p>Un problema en el enganche puede no ser debido a una mala posici\u00f3n al dar el pecho. Si su beb\u00e9 tiene la lengua atada, puede ser muy dif\u00edcil para ellos tomar el pecho adecuadamente. El t\u00e9rmino m\u00e9dico para la condici\u00f3n conocida como lengua atada es \u00abanquiloglosia\u00bb. Se produce cuando el frenillo (la banda de tejido que conecta la parte inferior de la lengua con el suelo de la boca) es demasiado corto y estrecho, lo que hace que el movimiento de la lengua est\u00e9 restringido. Consulte con su m\u00e9dico si piensa que es el caso, ya que un procedimiento simple resuelve este problema: se hace una peque\u00f1a incisi\u00f3n en el tejido que sostiene la lengua hacia abajo (el frenillo). Es probable que note una gran diferencia una vez que la lengua de su beb\u00e9 est\u00e9 libre para moverse correctamente.<\/p>\n\n\n\n<h2 class=\"is-style-heading-h2 wp-block-heading\">Hongos en el pez\u00f3n<\/h2>\n\n\n\n<p>Si siente una punzada de dolor aguda en sus pezones entre tomas y si sus pezones est\u00e1n rojos y brillantes, puede que tenga una infecci\u00f3n por levaduras. La infecci\u00f3n podr\u00eda estar tambi\u00e9n presente en la boca de su beb\u00e9 d\u00f3nde se encontrar\u00edan unos puntos blancos en la lengua y\/o paladar. Deber\u00eda consultar con su m\u00e9dico para determinar el diagn\u00f3stico adecuado. Es probable que le prescriba un tratamiento antif\u00fangico.<\/p>\n\n\n\n<h2 class=\"is-style-heading-h2 wp-block-heading\">Mastitis<\/h2>\n\n\n\n<p>Los s\u00edntomas aparecen normalmente en un pecho solo. Sus pechos estar\u00e1n irritados, hinchados, rojos y calientes al tacto. A veces, se acompa\u00f1a de fiebre. La mastitis normalmente se desarrolla como una complicaci\u00f3n de la ingurgitaci\u00f3n o la obstrucci\u00f3n de canales de leche, en los que las bacterias entran al pecho y causan la infecci\u00f3n. El tratamiento inicial incluye compresas calientes, un masaje suave antes y durante la toma, y dar el pecho tan a menudo como sea posible. Si los s\u00edntomas no mejoran en 24 horas, deber\u00eda consultar con su m\u00e9dico.<\/p>\n\n\n\n<h2 class=\"is-style-heading-h2 wp-block-heading\">Conducto de leche obstru\u00eddo<\/h2>\n\n\n\n<p>Si nota un \u00e1rea irritada en un pecho o un bulto bajo sus dedos, es probable que se trate de un conducto de leche obstru\u00eddo debido a la acumulaci\u00f3n de leche. Esto normalmente sucede por aplicar sobre el pecho una presi\u00f3n excesiva, por ejemplo, un sujetador de lactancia de talla incorrecta, o si ha conducido durante mucho tiempo, un cintur\u00f3n puede causar el mismo efecto. De igual manera que en la mastitis, aplicar compresas calientes, masajear el pecho y dar el pecho deber\u00edan aliviar los s\u00edntomas.<\/p>\n<\/div><\/div>\n","protected":false},"excerpt":{"rendered":"","protected":false},"author":2,"featured_media":0,"parent":70,"menu_order":5,"comment_status":"closed","ping_status":"closed","template":"","meta":{"_acf_changed":false,"footnotes":""},"from-article-database":[],"class_list":["post-133","page","type-page","status-publish","hentry"],"acf":[],"yoast_head":"<!-- This site is optimized with the Yoast SEO plugin v26.6 - https:\/\/yoast.com\/wordpress\/plugins\/seo\/ -->\n<title>Causas de dolor en la lactancia - Multi-Mam<\/title>\n<meta name=\"description\" content=\"Es muy importante determinar exactamente por qu\u00e9 la lactancia es dolorosa para usted y hacer algo al respecto.\" \/>\n<meta name=\"robots\" content=\"index, follow, max-snippet:-1, max-image-preview:large, max-video-preview:-1\" \/>\n<link rel=\"canonical\" href=\"https:\/\/multi-mam.com\/es\/articulos\/lactancia\/causas-de-dolor-en-la-lactancia\/\" \/>\n<meta property=\"og:locale\" content=\"es_ES\" \/>\n<meta property=\"og:type\" content=\"article\" \/>\n<meta property=\"og:title\" content=\"Causas de dolor en la lactancia - Multi-Mam\" \/>\n<meta property=\"og:description\" content=\"Es muy importante determinar exactamente por qu\u00e9 la lactancia es dolorosa para usted y hacer algo al respecto.\" \/>\n<meta property=\"og:url\" content=\"https:\/\/multi-mam.com\/es\/articulos\/lactancia\/causas-de-dolor-en-la-lactancia\/\" \/>\n<meta property=\"og:site_name\" content=\"Multi-Mam\" \/>\n<meta property=\"article:modified_time\" content=\"2025-04-28T12:48:03+00:00\" \/>\n<meta name=\"twitter:card\" content=\"summary_large_image\" \/>\n<meta name=\"twitter:label1\" content=\"Tiempo de lectura\" \/>\n\t<meta name=\"twitter:data1\" content=\"4 minutos\" \/>\n<script type=\"application\/ld+json\" class=\"yoast-schema-graph\">{\"@context\":\"https:\/\/schema.org\",\"@graph\":[{\"@type\":\"WebPage\",\"@id\":\"https:\/\/multi-mam.com\/es\/articulos\/lactancia\/causas-de-dolor-en-la-lactancia\/\",\"url\":\"https:\/\/multi-mam.com\/es\/articulos\/lactancia\/causas-de-dolor-en-la-lactancia\/\",\"name\":\"Causas de dolor en la lactancia - Multi-Mam\",\"isPartOf\":{\"@id\":\"https:\/\/multi-mam.com\/es\/#website\"},\"datePublished\":\"2023-04-20T12:53:21+00:00\",\"dateModified\":\"2025-04-28T12:48:03+00:00\",\"description\":\"Es muy importante determinar exactamente por qu\u00e9 la lactancia es dolorosa para usted y hacer algo al respecto.\",\"breadcrumb\":{\"@id\":\"https:\/\/multi-mam.com\/es\/articulos\/lactancia\/causas-de-dolor-en-la-lactancia\/#breadcrumb\"},\"inLanguage\":\"es\",\"potentialAction\":[{\"@type\":\"ReadAction\",\"target\":[\"https:\/\/multi-mam.com\/es\/articulos\/lactancia\/causas-de-dolor-en-la-lactancia\/\"]}]},{\"@type\":\"BreadcrumbList\",\"@id\":\"https:\/\/multi-mam.com\/es\/articulos\/lactancia\/causas-de-dolor-en-la-lactancia\/#breadcrumb\",\"itemListElement\":[{\"@type\":\"ListItem\",\"position\":1,\"name\":\"Home\",\"item\":\"https:\/\/multi-mam.com\/es\/\"},{\"@type\":\"ListItem\",\"position\":2,\"name\":\"Art\u00edculos\",\"item\":\"https:\/\/multi-mam.com\/es\/articulos\/\"},{\"@type\":\"ListItem\",\"position\":3,\"name\":\"Lactancia\",\"item\":\"https:\/\/multi-mam.com\/es\/articulos\/lactancia\/\"},{\"@type\":\"ListItem\",\"position\":4,\"name\":\"Causas de dolor en la lactancia\"}]},{\"@type\":\"WebSite\",\"@id\":\"https:\/\/multi-mam.com\/es\/#website\",\"url\":\"https:\/\/multi-mam.com\/es\/\",\"name\":\"Multi-Mam\",\"description\":\"\",\"publisher\":{\"@id\":\"https:\/\/multi-mam.com\/es\/#organization\"},\"potentialAction\":[{\"@type\":\"SearchAction\",\"target\":{\"@type\":\"EntryPoint\",\"urlTemplate\":\"https:\/\/multi-mam.com\/es\/?s={search_term_string}\"},\"query-input\":{\"@type\":\"PropertyValueSpecification\",\"valueRequired\":true,\"valueName\":\"search_term_string\"}}],\"inLanguage\":\"es\"},{\"@type\":\"Organization\",\"@id\":\"https:\/\/multi-mam.com\/es\/#organization\",\"name\":\"Multi-Mam\",\"url\":\"https:\/\/multi-mam.com\/es\/\",\"logo\":{\"@type\":\"ImageObject\",\"inLanguage\":\"es\",\"@id\":\"https:\/\/multi-mam.com\/es\/#\/schema\/logo\/image\/\",\"url\":\"https:\/\/multi-mam.com\/app\/uploads\/sites\/27\/2023\/04\/multi-mam-logotype.png\",\"contentUrl\":\"https:\/\/multi-mam.com\/app\/uploads\/sites\/27\/2023\/04\/multi-mam-logotype.png\",\"width\":70,\"height\":96,\"caption\":\"Multi-Mam\"},\"image\":{\"@id\":\"https:\/\/multi-mam.com\/es\/#\/schema\/logo\/image\/\"}}]}<\/script>\n<!-- \/ Yoast SEO plugin. -->","yoast_head_json":{"title":"Causas de dolor en la lactancia - Multi-Mam","description":"Es muy importante determinar exactamente por qu\u00e9 la lactancia es dolorosa para usted y hacer algo al respecto.","robots":{"index":"index","follow":"follow","max-snippet":"max-snippet:-1","max-image-preview":"max-image-preview:large","max-video-preview":"max-video-preview:-1"},"canonical":"https:\/\/multi-mam.com\/es\/articulos\/lactancia\/causas-de-dolor-en-la-lactancia\/","og_locale":"es_ES","og_type":"article","og_title":"Causas de dolor en la lactancia - Multi-Mam","og_description":"Es muy importante determinar exactamente por qu\u00e9 la lactancia es dolorosa para usted y hacer algo al respecto.","og_url":"https:\/\/multi-mam.com\/es\/articulos\/lactancia\/causas-de-dolor-en-la-lactancia\/","og_site_name":"Multi-Mam","article_modified_time":"2025-04-28T12:48:03+00:00","twitter_card":"summary_large_image","twitter_misc":{"Tiempo de lectura":"4 minutos"},"schema":{"@context":"https:\/\/schema.org","@graph":[{"@type":"WebPage","@id":"https:\/\/multi-mam.com\/es\/articulos\/lactancia\/causas-de-dolor-en-la-lactancia\/","url":"https:\/\/multi-mam.com\/es\/articulos\/lactancia\/causas-de-dolor-en-la-lactancia\/","name":"Causas de dolor en la lactancia - Multi-Mam","isPartOf":{"@id":"https:\/\/multi-mam.com\/es\/#website"},"datePublished":"2023-04-20T12:53:21+00:00","dateModified":"2025-04-28T12:48:03+00:00","description":"Es muy importante determinar exactamente por qu\u00e9 la lactancia es dolorosa para usted y hacer algo al respecto.","breadcrumb":{"@id":"https:\/\/multi-mam.com\/es\/articulos\/lactancia\/causas-de-dolor-en-la-lactancia\/#breadcrumb"},"inLanguage":"es","potentialAction":[{"@type":"ReadAction","target":["https:\/\/multi-mam.com\/es\/articulos\/lactancia\/causas-de-dolor-en-la-lactancia\/"]}]},{"@type":"BreadcrumbList","@id":"https:\/\/multi-mam.com\/es\/articulos\/lactancia\/causas-de-dolor-en-la-lactancia\/#breadcrumb","itemListElement":[{"@type":"ListItem","position":1,"name":"Home","item":"https:\/\/multi-mam.com\/es\/"},{"@type":"ListItem","position":2,"name":"Art\u00edculos","item":"https:\/\/multi-mam.com\/es\/articulos\/"},{"@type":"ListItem","position":3,"name":"Lactancia","item":"https:\/\/multi-mam.com\/es\/articulos\/lactancia\/"},{"@type":"ListItem","position":4,"name":"Causas de dolor en la lactancia"}]},{"@type":"WebSite","@id":"https:\/\/multi-mam.com\/es\/#website","url":"https:\/\/multi-mam.com\/es\/","name":"Multi-Mam","description":"","publisher":{"@id":"https:\/\/multi-mam.com\/es\/#organization"},"potentialAction":[{"@type":"SearchAction","target":{"@type":"EntryPoint","urlTemplate":"https:\/\/multi-mam.com\/es\/?s={search_term_string}"},"query-input":{"@type":"PropertyValueSpecification","valueRequired":true,"valueName":"search_term_string"}}],"inLanguage":"es"},{"@type":"Organization","@id":"https:\/\/multi-mam.com\/es\/#organization","name":"Multi-Mam","url":"https:\/\/multi-mam.com\/es\/","logo":{"@type":"ImageObject","inLanguage":"es","@id":"https:\/\/multi-mam.com\/es\/#\/schema\/logo\/image\/","url":"https:\/\/multi-mam.com\/app\/uploads\/sites\/27\/2023\/04\/multi-mam-logotype.png","contentUrl":"https:\/\/multi-mam.com\/app\/uploads\/sites\/27\/2023\/04\/multi-mam-logotype.png","width":70,"height":96,"caption":"Multi-Mam"},"image":{"@id":"https:\/\/multi-mam.com\/es\/#\/schema\/logo\/image\/"}}]}},"_links":{"self":[{"href":"https:\/\/multi-mam.com\/es\/wp-json\/wp\/v2\/pages\/133","targetHints":{"allow":["GET"]}}],"collection":[{"href":"https:\/\/multi-mam.com\/es\/wp-json\/wp\/v2\/pages"}],"about":[{"href":"https:\/\/multi-mam.com\/es\/wp-json\/wp\/v2\/types\/page"}],"author":[{"embeddable":true,"href":"https:\/\/multi-mam.com\/es\/wp-json\/wp\/v2\/users\/2"}],"replies":[{"embeddable":true,"href":"https:\/\/multi-mam.com\/es\/wp-json\/wp\/v2\/comments?post=133"}],"version-history":[{"count":2,"href":"https:\/\/multi-mam.com\/es\/wp-json\/wp\/v2\/pages\/133\/revisions"}],"predecessor-version":[{"id":286,"href":"https:\/\/multi-mam.com\/es\/wp-json\/wp\/v2\/pages\/133\/revisions\/286"}],"up":[{"embeddable":true,"href":"https:\/\/multi-mam.com\/es\/wp-json\/wp\/v2\/pages\/70"}],"wp:attachment":[{"href":"https:\/\/multi-mam.com\/es\/wp-json\/wp\/v2\/media?parent=133"}],"wp:term":[{"taxonomy":"from-article-database","embeddable":true,"href":"https:\/\/multi-mam.com\/es\/wp-json\/wp\/v2\/from-article-database?post=133"}],"curies":[{"name":"wp","href":"https:\/\/api.w.org\/{rel}","templated":true}]}}