{"id":127,"date":"2023-04-20T14:52:19","date_gmt":"2023-04-20T12:52:19","guid":{"rendered":"https:\/\/multi-mam.com\/es\/?page_id=127"},"modified":"2025-04-28T14:48:09","modified_gmt":"2025-04-28T12:48:09","slug":"que-es-el-reflejo-de-eyeccion-durante-la-lactancia","status":"publish","type":"page","link":"https:\/\/multi-mam.com\/es\/articulos\/lactancia\/que-es-el-reflejo-de-eyeccion-durante-la-lactancia\/","title":{"rendered":"\u00bfQu\u00e9 es el reflejo de eyecci\u00f3n durante la lactancia?"},"content":{"rendered":"\n<div class=\"wp-block-karopharma-free-text pt-large pb-large bg-center bg-cover bg-no-repeat  is-style-primary\" style=\"background-image:url()\"><div class=\"free-text-wrapper container max-w-medium text-left\">\n<h1 class=\"wp-block-heading\">\u00bfQu\u00e9 es el reflejo de eyecci\u00f3n durante la lactancia?<\/h1>\n\n\n\n<p class=\"is-style-paragraph-preamble\">Cuando das el pecho a tu beb\u00e9, tu cuerpo libera hormonas que conducen la leche hacia los conductos detr\u00e1s del pez\u00f3n. Esta salida se llama \u201creflejo de eyecci\u00f3n\u201d o \u201creflejo de salida de leche\u201d, o popularmente subida de la leche.. El reflejo de eyecci\u00f3n se produce cada vez que das el pecho y significa que tu leche est\u00e1 preparada para fluir.<\/p>\n<\/div><\/div>\n\n\n\n<div class=\"wp-block-karopharma-free-text pt-large pb-large bg-center bg-cover bg-no-repeat\" style=\"background-image:url()\"><div class=\"free-text-wrapper container max-w-medium text-left\">\n<h2 class=\"is-style-heading-h2 wp-block-heading\">\u00bfCu\u00e1nto dura la salida?<\/h2>\n\n\n\n<p>El reflejo de eyecci\u00f3n es una acci\u00f3n natural y autom\u00e1tica. Puede tardar unos minutos cuando empiezas a dar el pecho, pero a medida que contin\u00faas se vuelve m\u00e1s eficaz y se produce a los pocos segundos.<\/p>\n\n\n\n<p>A veces el reflejo de eyecci\u00f3n puede producirse en respuesta al llanto de tu beb\u00e9. Para algunas mujeres, incluso el llanto de otros beb\u00e9s puede estimular la salida de leche.<\/p>\n\n\n\n<h2 class=\"is-style-heading-h2 wp-block-heading\">\u00bfQu\u00e9 se siente cu\u00e1ndo se produce el reflejo de eyecci\u00f3n?<\/h2>\n\n\n\n<p>Es posible que sientas algunas o todas de las siguientes sensaciones f\u00edsicas cuando se inicia la subida de leche.<\/p>\n\n\n\n<ul class=\"is-style-default wp-block-list\"><li>Despu\u00e9s de algunos segundos o minutos dando el pecho, es posible que notes un hormigueo que empieza bajo tu brazo y contin\u00faa debajo de tu pecho.<\/li><li>Que gotee o salga un chorro de leche del otro pecho.<\/li><li>Calambres en el \u00fatero durante los primeros d\u00edas despu\u00e9s de dar a luz. La hormona que provoca que fluya leche (oxitocina) tambi\u00e9n hace que el \u00fatero se contraiga. La lactancia es parte del proceso que ayudar\u00e1 a tu \u00fatero a volver a su tama\u00f1o original.<\/li><\/ul>\n\n\n\n<h2 class=\"is-style-heading-h2 wp-block-heading\">\u00bfC\u00f3mo puedo estimular el reflejo de eyecci\u00f3n?<\/h2>\n\n\n\n<p><strong>Para favorecer el proceso de eyecci\u00f3n prueba las siguientes recomendaciones:<\/strong><\/p>\n\n\n\n<ul class=\"is-style-default wp-block-list\"><li>Da el pecho en un lugar tranquilo en el que no te molesten.<\/li><li>Prep\u00e1rate para la toma masajeando suavemente tus pechos. Masajear el pecho ayuda a estimular el reflejo de eyecci\u00f3n y a prevenir la obstrucci\u00f3n de los conductos l\u00e1cteos, lo que puede dar lugar a problemas m\u00e1s serios. L\u00e1vate las manos y utiliza la mano contraria a tu pecho. Empieza tu masaje en la axila y mu\u00e9vete a trav\u00e9s y bajo el pecho.<\/li><li>Si est\u00e1s experimentando problemas para conseguir la subida de leche, incl\u00ednate hacia delante y deja que tus pechos cuelguen de manera que sientas todo su peso. Despu\u00e9s balancealos suavemente de lado a lado.<\/li><li>Abraza a tu beb\u00e9. El contacto piel con piel estimula la oxitocina, que es la hormona involucrada en la subida de la leche.<\/li><li>Aseg\u00farate de estar c\u00f3moda y que tu beb\u00e9 est\u00e1 bien colocado para conseguir un buen agarre.<\/li><li>Ten un vaso de agua cerca \u2013 la lactancia te da sed.<\/li><li>Mira a tu beb\u00e9 cuando lo alimentas. Esto estimula la oxitocina y favorece el apego.<\/li><li>Utiliza ropa c\u00f3moda y un sujetador de lactancia adecuado.<\/li><li>No te pongas nerviosa por la lactancia \u2013 el estr\u00e9s puede inhibir tu reflejo de eyecci\u00f3n, por lo que intenta relajarte cuando das el pecho y recuerda que producir y ofrecer leche es una de las funciones naturales de tu cuerpo.<\/li><\/ul>\n\n\n\n<p>Si contin\u00faas teniendo problemas con la subida de leche no dudes en consultar con tu asesor de lactancia, matrona o m\u00e9dico.<\/p>\n<\/div><\/div>\n","protected":false},"excerpt":{"rendered":"","protected":false},"author":2,"featured_media":0,"parent":70,"menu_order":2,"comment_status":"closed","ping_status":"closed","template":"","meta":{"_acf_changed":false,"footnotes":""},"from-article-database":[],"class_list":["post-127","page","type-page","status-publish","hentry"],"acf":[],"yoast_head":"<!-- This site is optimized with the Yoast SEO plugin v26.6 - https:\/\/yoast.com\/wordpress\/plugins\/seo\/ -->\n<title>\u00bfQu\u00e9 es el reflejo de eyecci\u00f3n durante la lactancia? - Multi-Mam<\/title>\n<meta name=\"description\" content=\"El reflejo de eyecci\u00f3n se produce cada vez que das el pecho y significa que tu leche est\u00e1 preparada para fluir.\" \/>\n<meta name=\"robots\" content=\"index, follow, max-snippet:-1, max-image-preview:large, max-video-preview:-1\" \/>\n<link rel=\"canonical\" href=\"https:\/\/multi-mam.com\/es\/articulos\/lactancia\/que-es-el-reflejo-de-eyeccion-durante-la-lactancia\/\" \/>\n<meta property=\"og:locale\" content=\"es_ES\" \/>\n<meta property=\"og:type\" content=\"article\" \/>\n<meta property=\"og:title\" content=\"\u00bfQu\u00e9 es el reflejo de eyecci\u00f3n durante la lactancia? - Multi-Mam\" \/>\n<meta property=\"og:description\" content=\"El reflejo de eyecci\u00f3n se produce cada vez que das el pecho y significa que tu leche est\u00e1 preparada para fluir.\" \/>\n<meta property=\"og:url\" content=\"https:\/\/multi-mam.com\/es\/articulos\/lactancia\/que-es-el-reflejo-de-eyeccion-durante-la-lactancia\/\" \/>\n<meta property=\"og:site_name\" content=\"Multi-Mam\" \/>\n<meta property=\"article:modified_time\" content=\"2025-04-28T12:48:09+00:00\" \/>\n<meta name=\"twitter:card\" content=\"summary_large_image\" \/>\n<meta name=\"twitter:label1\" content=\"Tiempo de lectura\" \/>\n\t<meta name=\"twitter:data1\" content=\"3 minutos\" \/>\n<script type=\"application\/ld+json\" class=\"yoast-schema-graph\">{\"@context\":\"https:\/\/schema.org\",\"@graph\":[{\"@type\":\"WebPage\",\"@id\":\"https:\/\/multi-mam.com\/es\/articulos\/lactancia\/que-es-el-reflejo-de-eyeccion-durante-la-lactancia\/\",\"url\":\"https:\/\/multi-mam.com\/es\/articulos\/lactancia\/que-es-el-reflejo-de-eyeccion-durante-la-lactancia\/\",\"name\":\"\u00bfQu\u00e9 es el reflejo de eyecci\u00f3n durante la lactancia? - Multi-Mam\",\"isPartOf\":{\"@id\":\"https:\/\/multi-mam.com\/es\/#website\"},\"datePublished\":\"2023-04-20T12:52:19+00:00\",\"dateModified\":\"2025-04-28T12:48:09+00:00\",\"description\":\"El reflejo de eyecci\u00f3n se produce cada vez que das el pecho y significa que tu leche est\u00e1 preparada para fluir.\",\"breadcrumb\":{\"@id\":\"https:\/\/multi-mam.com\/es\/articulos\/lactancia\/que-es-el-reflejo-de-eyeccion-durante-la-lactancia\/#breadcrumb\"},\"inLanguage\":\"es\",\"potentialAction\":[{\"@type\":\"ReadAction\",\"target\":[\"https:\/\/multi-mam.com\/es\/articulos\/lactancia\/que-es-el-reflejo-de-eyeccion-durante-la-lactancia\/\"]}]},{\"@type\":\"BreadcrumbList\",\"@id\":\"https:\/\/multi-mam.com\/es\/articulos\/lactancia\/que-es-el-reflejo-de-eyeccion-durante-la-lactancia\/#breadcrumb\",\"itemListElement\":[{\"@type\":\"ListItem\",\"position\":1,\"name\":\"Home\",\"item\":\"https:\/\/multi-mam.com\/es\/\"},{\"@type\":\"ListItem\",\"position\":2,\"name\":\"Art\u00edculos\",\"item\":\"https:\/\/multi-mam.com\/es\/articulos\/\"},{\"@type\":\"ListItem\",\"position\":3,\"name\":\"Lactancia\",\"item\":\"https:\/\/multi-mam.com\/es\/articulos\/lactancia\/\"},{\"@type\":\"ListItem\",\"position\":4,\"name\":\"\u00bfQu\u00e9 es el reflejo de eyecci\u00f3n durante la lactancia?\"}]},{\"@type\":\"WebSite\",\"@id\":\"https:\/\/multi-mam.com\/es\/#website\",\"url\":\"https:\/\/multi-mam.com\/es\/\",\"name\":\"Multi-Mam\",\"description\":\"\",\"publisher\":{\"@id\":\"https:\/\/multi-mam.com\/es\/#organization\"},\"potentialAction\":[{\"@type\":\"SearchAction\",\"target\":{\"@type\":\"EntryPoint\",\"urlTemplate\":\"https:\/\/multi-mam.com\/es\/?s={search_term_string}\"},\"query-input\":{\"@type\":\"PropertyValueSpecification\",\"valueRequired\":true,\"valueName\":\"search_term_string\"}}],\"inLanguage\":\"es\"},{\"@type\":\"Organization\",\"@id\":\"https:\/\/multi-mam.com\/es\/#organization\",\"name\":\"Multi-Mam\",\"url\":\"https:\/\/multi-mam.com\/es\/\",\"logo\":{\"@type\":\"ImageObject\",\"inLanguage\":\"es\",\"@id\":\"https:\/\/multi-mam.com\/es\/#\/schema\/logo\/image\/\",\"url\":\"https:\/\/multi-mam.com\/app\/uploads\/sites\/27\/2023\/04\/multi-mam-logotype.png\",\"contentUrl\":\"https:\/\/multi-mam.com\/app\/uploads\/sites\/27\/2023\/04\/multi-mam-logotype.png\",\"width\":70,\"height\":96,\"caption\":\"Multi-Mam\"},\"image\":{\"@id\":\"https:\/\/multi-mam.com\/es\/#\/schema\/logo\/image\/\"}}]}<\/script>\n<!-- \/ Yoast SEO plugin. -->","yoast_head_json":{"title":"\u00bfQu\u00e9 es el reflejo de eyecci\u00f3n durante la lactancia? - Multi-Mam","description":"El reflejo de eyecci\u00f3n se produce cada vez que das el pecho y significa que tu leche est\u00e1 preparada para fluir.","robots":{"index":"index","follow":"follow","max-snippet":"max-snippet:-1","max-image-preview":"max-image-preview:large","max-video-preview":"max-video-preview:-1"},"canonical":"https:\/\/multi-mam.com\/es\/articulos\/lactancia\/que-es-el-reflejo-de-eyeccion-durante-la-lactancia\/","og_locale":"es_ES","og_type":"article","og_title":"\u00bfQu\u00e9 es el reflejo de eyecci\u00f3n durante la lactancia? - Multi-Mam","og_description":"El reflejo de eyecci\u00f3n se produce cada vez que das el pecho y significa que tu leche est\u00e1 preparada para fluir.","og_url":"https:\/\/multi-mam.com\/es\/articulos\/lactancia\/que-es-el-reflejo-de-eyeccion-durante-la-lactancia\/","og_site_name":"Multi-Mam","article_modified_time":"2025-04-28T12:48:09+00:00","twitter_card":"summary_large_image","twitter_misc":{"Tiempo de lectura":"3 minutos"},"schema":{"@context":"https:\/\/schema.org","@graph":[{"@type":"WebPage","@id":"https:\/\/multi-mam.com\/es\/articulos\/lactancia\/que-es-el-reflejo-de-eyeccion-durante-la-lactancia\/","url":"https:\/\/multi-mam.com\/es\/articulos\/lactancia\/que-es-el-reflejo-de-eyeccion-durante-la-lactancia\/","name":"\u00bfQu\u00e9 es el reflejo de eyecci\u00f3n durante la lactancia? - Multi-Mam","isPartOf":{"@id":"https:\/\/multi-mam.com\/es\/#website"},"datePublished":"2023-04-20T12:52:19+00:00","dateModified":"2025-04-28T12:48:09+00:00","description":"El reflejo de eyecci\u00f3n se produce cada vez que das el pecho y significa que tu leche est\u00e1 preparada para fluir.","breadcrumb":{"@id":"https:\/\/multi-mam.com\/es\/articulos\/lactancia\/que-es-el-reflejo-de-eyeccion-durante-la-lactancia\/#breadcrumb"},"inLanguage":"es","potentialAction":[{"@type":"ReadAction","target":["https:\/\/multi-mam.com\/es\/articulos\/lactancia\/que-es-el-reflejo-de-eyeccion-durante-la-lactancia\/"]}]},{"@type":"BreadcrumbList","@id":"https:\/\/multi-mam.com\/es\/articulos\/lactancia\/que-es-el-reflejo-de-eyeccion-durante-la-lactancia\/#breadcrumb","itemListElement":[{"@type":"ListItem","position":1,"name":"Home","item":"https:\/\/multi-mam.com\/es\/"},{"@type":"ListItem","position":2,"name":"Art\u00edculos","item":"https:\/\/multi-mam.com\/es\/articulos\/"},{"@type":"ListItem","position":3,"name":"Lactancia","item":"https:\/\/multi-mam.com\/es\/articulos\/lactancia\/"},{"@type":"ListItem","position":4,"name":"\u00bfQu\u00e9 es el reflejo de eyecci\u00f3n durante la lactancia?"}]},{"@type":"WebSite","@id":"https:\/\/multi-mam.com\/es\/#website","url":"https:\/\/multi-mam.com\/es\/","name":"Multi-Mam","description":"","publisher":{"@id":"https:\/\/multi-mam.com\/es\/#organization"},"potentialAction":[{"@type":"SearchAction","target":{"@type":"EntryPoint","urlTemplate":"https:\/\/multi-mam.com\/es\/?s={search_term_string}"},"query-input":{"@type":"PropertyValueSpecification","valueRequired":true,"valueName":"search_term_string"}}],"inLanguage":"es"},{"@type":"Organization","@id":"https:\/\/multi-mam.com\/es\/#organization","name":"Multi-Mam","url":"https:\/\/multi-mam.com\/es\/","logo":{"@type":"ImageObject","inLanguage":"es","@id":"https:\/\/multi-mam.com\/es\/#\/schema\/logo\/image\/","url":"https:\/\/multi-mam.com\/app\/uploads\/sites\/27\/2023\/04\/multi-mam-logotype.png","contentUrl":"https:\/\/multi-mam.com\/app\/uploads\/sites\/27\/2023\/04\/multi-mam-logotype.png","width":70,"height":96,"caption":"Multi-Mam"},"image":{"@id":"https:\/\/multi-mam.com\/es\/#\/schema\/logo\/image\/"}}]}},"_links":{"self":[{"href":"https:\/\/multi-mam.com\/es\/wp-json\/wp\/v2\/pages\/127","targetHints":{"allow":["GET"]}}],"collection":[{"href":"https:\/\/multi-mam.com\/es\/wp-json\/wp\/v2\/pages"}],"about":[{"href":"https:\/\/multi-mam.com\/es\/wp-json\/wp\/v2\/types\/page"}],"author":[{"embeddable":true,"href":"https:\/\/multi-mam.com\/es\/wp-json\/wp\/v2\/users\/2"}],"replies":[{"embeddable":true,"href":"https:\/\/multi-mam.com\/es\/wp-json\/wp\/v2\/comments?post=127"}],"version-history":[{"count":3,"href":"https:\/\/multi-mam.com\/es\/wp-json\/wp\/v2\/pages\/127\/revisions"}],"predecessor-version":[{"id":280,"href":"https:\/\/multi-mam.com\/es\/wp-json\/wp\/v2\/pages\/127\/revisions\/280"}],"up":[{"embeddable":true,"href":"https:\/\/multi-mam.com\/es\/wp-json\/wp\/v2\/pages\/70"}],"wp:attachment":[{"href":"https:\/\/multi-mam.com\/es\/wp-json\/wp\/v2\/media?parent=127"}],"wp:term":[{"taxonomy":"from-article-database","embeddable":true,"href":"https:\/\/multi-mam.com\/es\/wp-json\/wp\/v2\/from-article-database?post=127"}],"curies":[{"name":"wp","href":"https:\/\/api.w.org\/{rel}","templated":true}]}}