{"id":125,"date":"2023-04-20T14:52:01","date_gmt":"2023-04-20T12:52:01","guid":{"rendered":"https:\/\/multi-mam.com\/es\/?page_id=125"},"modified":"2025-04-28T14:48:11","modified_gmt":"2025-04-28T12:48:11","slug":"como-aumentar-mi-produccion-de-leche-de-manera-natural","status":"publish","type":"page","link":"https:\/\/multi-mam.com\/es\/articulos\/lactancia\/como-aumentar-mi-produccion-de-leche-de-manera-natural\/","title":{"rendered":"C\u00f3mo aumentar mi producci\u00f3n de leche de manera natural"},"content":{"rendered":"\n<div class=\"wp-block-karopharma-free-text pt-large pb-large bg-center bg-cover bg-no-repeat  is-style-primary\" style=\"background-image:url()\"><div class=\"free-text-wrapper container max-w-medium text-left\">\n<h1 class=\"wp-block-heading\">C\u00f3mo aumentar mi producci\u00f3n de leche de manera natural<\/h1>\n\n\n\n<p class=\"is-style-paragraph-preamble\">\u00bfNo est\u00e1s segura de si produces suficiente leche durante la lactancia? Es normal que dudes de ti misma, especialmente si te sientes desbordada y cansada y el beb\u00e9 parece que no para de llorar. Esto provoca una reacci\u00f3n en cadena. Te sientes estresada y cansada, y te empiezas a preocupar de si el beb\u00e9 no queda satisfecho. Esto aumenta la ansiedad y el estr\u00e9s, lo que puede afectar a tu producci\u00f3n de leche. Creemos que los primeros meses con tu beb\u00e9 son los m\u00e1s especiales. Te queremos ayudar a vivirlos de la mejor manera posible, por lo que contin\u00faa leyendo.<\/p>\n<\/div><\/div>\n\n\n\n<div class=\"wp-block-karopharma-free-text pt-large pb-large bg-center bg-cover bg-no-repeat\" style=\"background-image:url()\"><div class=\"free-text-wrapper container max-w-medium text-left\">\n<h2 class=\"is-style-heading-h2 wp-block-heading\">Cu\u00e1ndo produces poca leche<\/h2>\n\n\n\n<p>Si tu beb\u00e9 est\u00e1 ganando peso de manera correcta solo con leche materna, tu producci\u00f3n de leche no es baja. Por otro lado, si tu beb\u00e9 duerme mucho y necesita ayuda para despertarse, pierde peso y sus deposiciones son poco frecuentes, ser\u00eda bueno evaluar si tu beb\u00e9 recibe leche suficiente.<\/p>\n\n\n\n<p>El estr\u00e9s puede ser uno de los factores que influye en que tu producci\u00f3n de leche sea baja. Como madre de un reci\u00e9n nacido necesitas tiempo de adaptaci\u00f3n. Ten paciencia contigo misma y con tu beb\u00e9. Cuando tu confianza vaya creciendo as\u00ed como tu experiencia con la lactancia tu beb\u00e9 ir\u00e1 creciendo sano y ambos estareis felices. En general, las madres est\u00e1n m\u00e1s relajadas con su segundo hijo. Tambi\u00e9n tu cansancio puede afectar a tu producci\u00f3n de leche.<\/p>\n\n\n\n<h2 class=\"is-style-heading-h2 wp-block-heading\">C\u00f3mo aumentar la leche materna<\/h2>\n\n\n\n<p>Es importante saber qu\u00e9 comer durante los meses de lactancia para asegurar un buen suministro de leye. Lo que comas en el post-parto y durante la lactancia afectar\u00e1 directamente a la cantidad de leche que produces y a tu beb\u00e9. Una de las mejores maneras de aumentar la producci\u00f3n de leche es continuar dando el pecho. Estimula los nervios y ayuda a que el pecho produzca m\u00e1s leche. Mientras tu beb\u00e9 succiona, tu cuerpo estimula la producci\u00f3n de leche.<\/p>\n\n\n\n<p><strong>La clave para aumentar la producci\u00f3n de leche es retirar con frecuencia la leche del pecho, de manera que se acumule la m\u00ednima leche entre tomas. Por ello te recomendamos:<\/strong><\/p>\n\n\n\n<ul class=\"is-style-default wp-block-list\"><li>Dar el pecho con frecuencia y de manera eficaz cada dos horas<\/li><li>Colocar al beb\u00e9 correctamente para que ambos est\u00e9is c\u00f3modos<\/li><li>T\u00f3mate el tiempo que necesites para dar el pecho a tu beb\u00e9<\/li><li>Si es posible, no hacer nada m\u00e1s que cuidarte y cuidar a tu beb\u00e9 durante un par de d\u00edas<\/li><li>Cambiar de lado cada vez que das el pecho ya que no olvides que todos tenemos un lado preferido<\/li><li>Puedes a\u00f1adir alimentos a tu dieta que favorecen la producci\u00f3n de leche. Intenta comer lo m\u00e1s sano posible y elegir platos que sean f\u00e1ciles de preparar para ganar tiempo<\/li><li>Quemas muchas calor\u00edas cuando das el pecho. Es importante que comas regularmente y lo suficiente. Alim\u00e9ntate para poder alimentar a tu beb\u00e9.<\/li><\/ul>\n\n\n\n<h2 class=\"is-style-heading-h2 wp-block-heading\">Rompe el c\u00edrculo vicioso<\/h2>\n\n\n\n<p>Las madres primerizas suelen experimentar algunas dificultades con la lactancia. No eres la \u00fanica y para nada es un fracaso. La lactancia no debe ser dolorosa y depende de c\u00f3mo se agarre el beb\u00e9 al pecho. Consulta con tu asesor de lactancia o matrona. La lactancia es un tema hormonas. Si sientes estr\u00e9s o incluso ansiedad, tu cuerpo producir\u00e1 adrenalina que prevalece sobre la hormona prolactina y tu producci\u00f3n disminuir\u00e1.<\/p>\n\n\n\n<p>Si das el pecho, aseg\u00farate de tomar mucho l\u00edquido durante el d\u00eda. Mientras est\u00e9 bien hidratado trabajar\u00e1 en la <a href=\"https:\/\/multi-mam.com\/es\/articulos\/lactancia\/lactancia\/\">producci\u00f3n de leche<\/a>. Una buena recomendaci\u00f3n es beber cuando te sientes a dar el pecho. No esperes a tener sed ya que es la \u00faltima reacci\u00f3n de tu cuerpo que te avisa de que estas deshidratada.<\/p>\n\n\n\n<p>No tengas miedo de pedir consejo a otras madres. Quiz\u00e1s a tu propia madre o hermana, una madre de 3 o una buena amiga. Estar\u00e1n encantadas de ayudarte. <a href=\"https:\/\/multi-mam.com\/es\/articulos\/lactancia\/bebe-que-muerde\/\">Descubre m\u00e1s consejos sobre lactancia<\/a>.<\/p>\n<\/div><\/div>\n","protected":false},"excerpt":{"rendered":"","protected":false},"author":2,"featured_media":0,"parent":70,"menu_order":1,"comment_status":"closed","ping_status":"closed","template":"","meta":{"_acf_changed":false,"footnotes":""},"from-article-database":[],"class_list":["post-125","page","type-page","status-publish","hentry"],"acf":[],"yoast_head":"<!-- This site is optimized with the Yoast SEO plugin v26.6 - https:\/\/yoast.com\/wordpress\/plugins\/seo\/ -->\n<title>C\u00f3mo aumentar mi producci\u00f3n de leche de manera natural - Multi-Mam<\/title>\n<meta name=\"description\" content=\"\u00bfNo est\u00e1s segura de si produces suficiente leche durante la lactancia? Es normal que dudes de ti misma, especialmente si te sientes desbordada y cansada y el beb\u00e9 parece que no para de llorar.\" \/>\n<meta name=\"robots\" content=\"index, follow, max-snippet:-1, max-image-preview:large, max-video-preview:-1\" \/>\n<link rel=\"canonical\" href=\"https:\/\/multi-mam.com\/es\/articulos\/lactancia\/como-aumentar-mi-produccion-de-leche-de-manera-natural\/\" \/>\n<meta property=\"og:locale\" content=\"es_ES\" \/>\n<meta property=\"og:type\" content=\"article\" \/>\n<meta property=\"og:title\" content=\"C\u00f3mo aumentar mi producci\u00f3n de leche de manera natural - Multi-Mam\" \/>\n<meta property=\"og:description\" content=\"\u00bfNo est\u00e1s segura de si produces suficiente leche durante la lactancia? Es normal que dudes de ti misma, especialmente si te sientes desbordada y cansada y el beb\u00e9 parece que no para de llorar.\" \/>\n<meta property=\"og:url\" content=\"https:\/\/multi-mam.com\/es\/articulos\/lactancia\/como-aumentar-mi-produccion-de-leche-de-manera-natural\/\" \/>\n<meta property=\"og:site_name\" content=\"Multi-Mam\" \/>\n<meta property=\"article:modified_time\" content=\"2025-04-28T12:48:11+00:00\" \/>\n<meta name=\"twitter:card\" content=\"summary_large_image\" \/>\n<meta name=\"twitter:label1\" content=\"Tiempo de lectura\" \/>\n\t<meta name=\"twitter:data1\" content=\"3 minutos\" \/>\n<script type=\"application\/ld+json\" class=\"yoast-schema-graph\">{\"@context\":\"https:\/\/schema.org\",\"@graph\":[{\"@type\":\"WebPage\",\"@id\":\"https:\/\/multi-mam.com\/es\/articulos\/lactancia\/como-aumentar-mi-produccion-de-leche-de-manera-natural\/\",\"url\":\"https:\/\/multi-mam.com\/es\/articulos\/lactancia\/como-aumentar-mi-produccion-de-leche-de-manera-natural\/\",\"name\":\"C\u00f3mo aumentar mi producci\u00f3n de leche de manera natural - Multi-Mam\",\"isPartOf\":{\"@id\":\"https:\/\/multi-mam.com\/es\/#website\"},\"datePublished\":\"2023-04-20T12:52:01+00:00\",\"dateModified\":\"2025-04-28T12:48:11+00:00\",\"description\":\"\u00bfNo est\u00e1s segura de si produces suficiente leche durante la lactancia? Es normal que dudes de ti misma, especialmente si te sientes desbordada y cansada y el beb\u00e9 parece que no para de llorar.\",\"breadcrumb\":{\"@id\":\"https:\/\/multi-mam.com\/es\/articulos\/lactancia\/como-aumentar-mi-produccion-de-leche-de-manera-natural\/#breadcrumb\"},\"inLanguage\":\"es\",\"potentialAction\":[{\"@type\":\"ReadAction\",\"target\":[\"https:\/\/multi-mam.com\/es\/articulos\/lactancia\/como-aumentar-mi-produccion-de-leche-de-manera-natural\/\"]}]},{\"@type\":\"BreadcrumbList\",\"@id\":\"https:\/\/multi-mam.com\/es\/articulos\/lactancia\/como-aumentar-mi-produccion-de-leche-de-manera-natural\/#breadcrumb\",\"itemListElement\":[{\"@type\":\"ListItem\",\"position\":1,\"name\":\"Home\",\"item\":\"https:\/\/multi-mam.com\/es\/\"},{\"@type\":\"ListItem\",\"position\":2,\"name\":\"Art\u00edculos\",\"item\":\"https:\/\/multi-mam.com\/es\/articulos\/\"},{\"@type\":\"ListItem\",\"position\":3,\"name\":\"Lactancia\",\"item\":\"https:\/\/multi-mam.com\/es\/articulos\/lactancia\/\"},{\"@type\":\"ListItem\",\"position\":4,\"name\":\"C\u00f3mo aumentar mi producci\u00f3n de leche de manera natural\"}]},{\"@type\":\"WebSite\",\"@id\":\"https:\/\/multi-mam.com\/es\/#website\",\"url\":\"https:\/\/multi-mam.com\/es\/\",\"name\":\"Multi-Mam\",\"description\":\"\",\"publisher\":{\"@id\":\"https:\/\/multi-mam.com\/es\/#organization\"},\"potentialAction\":[{\"@type\":\"SearchAction\",\"target\":{\"@type\":\"EntryPoint\",\"urlTemplate\":\"https:\/\/multi-mam.com\/es\/?s={search_term_string}\"},\"query-input\":{\"@type\":\"PropertyValueSpecification\",\"valueRequired\":true,\"valueName\":\"search_term_string\"}}],\"inLanguage\":\"es\"},{\"@type\":\"Organization\",\"@id\":\"https:\/\/multi-mam.com\/es\/#organization\",\"name\":\"Multi-Mam\",\"url\":\"https:\/\/multi-mam.com\/es\/\",\"logo\":{\"@type\":\"ImageObject\",\"inLanguage\":\"es\",\"@id\":\"https:\/\/multi-mam.com\/es\/#\/schema\/logo\/image\/\",\"url\":\"https:\/\/multi-mam.com\/app\/uploads\/sites\/27\/2023\/04\/multi-mam-logotype.png\",\"contentUrl\":\"https:\/\/multi-mam.com\/app\/uploads\/sites\/27\/2023\/04\/multi-mam-logotype.png\",\"width\":70,\"height\":96,\"caption\":\"Multi-Mam\"},\"image\":{\"@id\":\"https:\/\/multi-mam.com\/es\/#\/schema\/logo\/image\/\"}}]}<\/script>\n<!-- \/ Yoast SEO plugin. -->","yoast_head_json":{"title":"C\u00f3mo aumentar mi producci\u00f3n de leche de manera natural - Multi-Mam","description":"\u00bfNo est\u00e1s segura de si produces suficiente leche durante la lactancia? Es normal que dudes de ti misma, especialmente si te sientes desbordada y cansada y el beb\u00e9 parece que no para de llorar.","robots":{"index":"index","follow":"follow","max-snippet":"max-snippet:-1","max-image-preview":"max-image-preview:large","max-video-preview":"max-video-preview:-1"},"canonical":"https:\/\/multi-mam.com\/es\/articulos\/lactancia\/como-aumentar-mi-produccion-de-leche-de-manera-natural\/","og_locale":"es_ES","og_type":"article","og_title":"C\u00f3mo aumentar mi producci\u00f3n de leche de manera natural - Multi-Mam","og_description":"\u00bfNo est\u00e1s segura de si produces suficiente leche durante la lactancia? Es normal que dudes de ti misma, especialmente si te sientes desbordada y cansada y el beb\u00e9 parece que no para de llorar.","og_url":"https:\/\/multi-mam.com\/es\/articulos\/lactancia\/como-aumentar-mi-produccion-de-leche-de-manera-natural\/","og_site_name":"Multi-Mam","article_modified_time":"2025-04-28T12:48:11+00:00","twitter_card":"summary_large_image","twitter_misc":{"Tiempo de lectura":"3 minutos"},"schema":{"@context":"https:\/\/schema.org","@graph":[{"@type":"WebPage","@id":"https:\/\/multi-mam.com\/es\/articulos\/lactancia\/como-aumentar-mi-produccion-de-leche-de-manera-natural\/","url":"https:\/\/multi-mam.com\/es\/articulos\/lactancia\/como-aumentar-mi-produccion-de-leche-de-manera-natural\/","name":"C\u00f3mo aumentar mi producci\u00f3n de leche de manera natural - Multi-Mam","isPartOf":{"@id":"https:\/\/multi-mam.com\/es\/#website"},"datePublished":"2023-04-20T12:52:01+00:00","dateModified":"2025-04-28T12:48:11+00:00","description":"\u00bfNo est\u00e1s segura de si produces suficiente leche durante la lactancia? Es normal que dudes de ti misma, especialmente si te sientes desbordada y cansada y el beb\u00e9 parece que no para de llorar.","breadcrumb":{"@id":"https:\/\/multi-mam.com\/es\/articulos\/lactancia\/como-aumentar-mi-produccion-de-leche-de-manera-natural\/#breadcrumb"},"inLanguage":"es","potentialAction":[{"@type":"ReadAction","target":["https:\/\/multi-mam.com\/es\/articulos\/lactancia\/como-aumentar-mi-produccion-de-leche-de-manera-natural\/"]}]},{"@type":"BreadcrumbList","@id":"https:\/\/multi-mam.com\/es\/articulos\/lactancia\/como-aumentar-mi-produccion-de-leche-de-manera-natural\/#breadcrumb","itemListElement":[{"@type":"ListItem","position":1,"name":"Home","item":"https:\/\/multi-mam.com\/es\/"},{"@type":"ListItem","position":2,"name":"Art\u00edculos","item":"https:\/\/multi-mam.com\/es\/articulos\/"},{"@type":"ListItem","position":3,"name":"Lactancia","item":"https:\/\/multi-mam.com\/es\/articulos\/lactancia\/"},{"@type":"ListItem","position":4,"name":"C\u00f3mo aumentar mi producci\u00f3n de leche de manera natural"}]},{"@type":"WebSite","@id":"https:\/\/multi-mam.com\/es\/#website","url":"https:\/\/multi-mam.com\/es\/","name":"Multi-Mam","description":"","publisher":{"@id":"https:\/\/multi-mam.com\/es\/#organization"},"potentialAction":[{"@type":"SearchAction","target":{"@type":"EntryPoint","urlTemplate":"https:\/\/multi-mam.com\/es\/?s={search_term_string}"},"query-input":{"@type":"PropertyValueSpecification","valueRequired":true,"valueName":"search_term_string"}}],"inLanguage":"es"},{"@type":"Organization","@id":"https:\/\/multi-mam.com\/es\/#organization","name":"Multi-Mam","url":"https:\/\/multi-mam.com\/es\/","logo":{"@type":"ImageObject","inLanguage":"es","@id":"https:\/\/multi-mam.com\/es\/#\/schema\/logo\/image\/","url":"https:\/\/multi-mam.com\/app\/uploads\/sites\/27\/2023\/04\/multi-mam-logotype.png","contentUrl":"https:\/\/multi-mam.com\/app\/uploads\/sites\/27\/2023\/04\/multi-mam-logotype.png","width":70,"height":96,"caption":"Multi-Mam"},"image":{"@id":"https:\/\/multi-mam.com\/es\/#\/schema\/logo\/image\/"}}]}},"_links":{"self":[{"href":"https:\/\/multi-mam.com\/es\/wp-json\/wp\/v2\/pages\/125","targetHints":{"allow":["GET"]}}],"collection":[{"href":"https:\/\/multi-mam.com\/es\/wp-json\/wp\/v2\/pages"}],"about":[{"href":"https:\/\/multi-mam.com\/es\/wp-json\/wp\/v2\/types\/page"}],"author":[{"embeddable":true,"href":"https:\/\/multi-mam.com\/es\/wp-json\/wp\/v2\/users\/2"}],"replies":[{"embeddable":true,"href":"https:\/\/multi-mam.com\/es\/wp-json\/wp\/v2\/comments?post=125"}],"version-history":[{"count":3,"href":"https:\/\/multi-mam.com\/es\/wp-json\/wp\/v2\/pages\/125\/revisions"}],"predecessor-version":[{"id":278,"href":"https:\/\/multi-mam.com\/es\/wp-json\/wp\/v2\/pages\/125\/revisions\/278"}],"up":[{"embeddable":true,"href":"https:\/\/multi-mam.com\/es\/wp-json\/wp\/v2\/pages\/70"}],"wp:attachment":[{"href":"https:\/\/multi-mam.com\/es\/wp-json\/wp\/v2\/media?parent=125"}],"wp:term":[{"taxonomy":"from-article-database","embeddable":true,"href":"https:\/\/multi-mam.com\/es\/wp-json\/wp\/v2\/from-article-database?post=125"}],"curies":[{"name":"wp","href":"https:\/\/api.w.org\/{rel}","templated":true}]}}