{"id":110,"date":"2023-04-20T14:45:28","date_gmt":"2023-04-20T12:45:28","guid":{"rendered":"https:\/\/multi-mam.com\/es\/?page_id=110"},"modified":"2025-04-28T14:48:13","modified_gmt":"2025-04-28T12:48:13","slug":"puede-la-denticion-ser-causa-de-fiebre","status":"publish","type":"page","link":"https:\/\/multi-mam.com\/es\/articulos\/denticion\/puede-la-denticion-ser-causa-de-fiebre\/","title":{"rendered":"\u00bfPuede la dentici\u00f3n ser causa de fiebre?"},"content":{"rendered":"\n<div class=\"wp-block-karopharma-free-text pt-large pb-large bg-center bg-cover bg-no-repeat  is-style-primary\" style=\"background-image:url()\"><div class=\"free-text-wrapper container max-w-medium text-left\">\n<h1 class=\"wp-block-heading\">\u00bfPuede la dentici\u00f3n ser causa de fiebre?<\/h1>\n\n\n\n<p class=\"is-style-paragraph-preamble\">El proceso de dentici\u00f3n generalmente empieza alrededor de los 6 meses. Aunque el orden de aparici\u00f3n de los primeros dientes suele ser el mismo, el tiempo en el que lo hacen var\u00eda significativamente, por lo que no debe ser una sorpresa si a su beb\u00e9 de tres meses le empiezan a salir sus primeros dientes. La mayor\u00eda de los beb\u00e9s tendr\u00e1n todos los dientes de leche con 3 a\u00f1os. Alrededor de los 6 a\u00f1os, los dientes de leche se empiezan a reemplazar de manera lenta por los dientes permanentes. Este proceso dura bastante tiempo, y finaliza con la aparici\u00f3n de las muelas del juicio entre los 17 y 21 a\u00f1os.<\/p>\n<\/div><\/div>\n\n\n\n<div class=\"wp-block-karopharma-free-text pt-large pb-large bg-center bg-cover bg-no-repeat\" style=\"background-image:url()\"><div class=\"free-text-wrapper container max-w-medium text-left\">\n<p>El proceso de dentici\u00f3n puede ser muy molesto tanto para el beb\u00e9 como para sus padres. Normalmente empieza cuatro d\u00edas antes de la erupci\u00f3n del diente a trav\u00e9s de la enc\u00eda y contin\u00faa durante tres d\u00edas m\u00e1s. Durante este tiempo su beb\u00e9 puede experimentar numerosos s\u00edntomas que incluyen; babeo, irritabilidad, mordiscos, frotarse las enc\u00edas, succi\u00f3n, disminuci\u00f3n del apetito, etc.<\/p>\n\n\n\n<h2 class=\"is-style-heading-h2 wp-block-heading\">La fiebre alta no es un signo de la dentici\u00f3n<\/h2>\n\n\n\n<p>Existe un antiguo mito entre padres que dice que la fiebre puede estar asociada al proceso de dentici\u00f3n.<\/p>\n\n\n\n<p>Se puede producir un aumento de la temperatura durante el proceso de erupci\u00f3n de los dientes. \u00c9sta puede darse el d\u00eda anterior y el d\u00eda en que el diente sobresale a trav\u00e9s de la enc\u00eda. Sin embargo, cualquier temperatura superior a 38.9 \u00baC (o 102 \u00b0F) no es un efecto secundario de la dentici\u00f3n, sino un s\u00edntoma de alarma que debe ser consultado con el pediatra de su beb\u00e9.<\/p>\n\n\n\n<p>Algunos padres atribuyen a la dentici\u00f3n s\u00edntomas como una leve secreci\u00f3n nasal y tos, aunque estos signos probablemente indiquen un resfriado com\u00fan.<\/p>\n\n\n\n<p>A pesar de que padres y expertos no se pongan a veces de acuerdo en relaci\u00f3n a los signos y s\u00edntomas normales durante el proceso de dentici\u00f3n, todos est\u00e1n de acuerdo en una cosa. No se deben ignorar y atribuir a la dentici\u00f3n s\u00edntomas serios. Por lo tanto, si su beb\u00e9 desarrolla alguno de los siguientes s\u00edntomas durante la aparici\u00f3n de sus primeros dientes:<\/p>\n\n\n\n<ul class=\"is-style-default wp-block-list\"><li>Temperatura superior a 38.9 \u00baC (o 102 \u00b0 F)<\/li><li>Tos<\/li><li>Secreci\u00f3n nasal<\/li><li>Micci\u00f3n reducida<\/li><li>V\u00f3mitos<\/li><li>Diarrea severa,<\/li><\/ul>\n\n\n\n<p>P\u00f3ngase en contacto con su m\u00e9dico. Estos s\u00edntomas pueden ser signos de una infecci\u00f3n y requieren atenci\u00f3n m\u00e9dica para proporcionar el tratamiento adecuado.<\/p>\n<\/div><\/div>\n","protected":false},"excerpt":{"rendered":"","protected":false},"author":2,"featured_media":0,"parent":68,"menu_order":11,"comment_status":"closed","ping_status":"closed","template":"","meta":{"_acf_changed":false,"footnotes":""},"from-article-database":[],"class_list":["post-110","page","type-page","status-publish","hentry"],"acf":[],"yoast_head":"<!-- This site is optimized with the Yoast SEO plugin v26.6 - https:\/\/yoast.com\/wordpress\/plugins\/seo\/ -->\n<title>\u00bfPuede la dentici\u00f3n ser causa de fiebre? - Multi-Mam<\/title>\n<meta name=\"description\" content=\"El proceso de dentici\u00f3n generalmente empieza alrededor de los 6 meses. Aunque el orden de aparici\u00f3n de los primeros dientes suele ser el mismo, el tiempo en el que lo hacen var\u00eda significativamente, por lo que no debe ser una sorpresa si a su beb\u00e9 de tres meses le empiezan a salir sus primeros dientes\" \/>\n<meta name=\"robots\" content=\"index, follow, max-snippet:-1, max-image-preview:large, max-video-preview:-1\" \/>\n<link rel=\"canonical\" href=\"https:\/\/multi-mam.com\/es\/articulos\/denticion\/puede-la-denticion-ser-causa-de-fiebre\/\" \/>\n<meta property=\"og:locale\" content=\"es_ES\" \/>\n<meta property=\"og:type\" content=\"article\" \/>\n<meta property=\"og:title\" content=\"\u00bfPuede la dentici\u00f3n ser causa de fiebre? - Multi-Mam\" \/>\n<meta property=\"og:description\" content=\"El proceso de dentici\u00f3n generalmente empieza alrededor de los 6 meses. Aunque el orden de aparici\u00f3n de los primeros dientes suele ser el mismo, el tiempo en el que lo hacen var\u00eda significativamente, por lo que no debe ser una sorpresa si a su beb\u00e9 de tres meses le empiezan a salir sus primeros dientes\" \/>\n<meta property=\"og:url\" content=\"https:\/\/multi-mam.com\/es\/articulos\/denticion\/puede-la-denticion-ser-causa-de-fiebre\/\" \/>\n<meta property=\"og:site_name\" content=\"Multi-Mam\" \/>\n<meta property=\"article:modified_time\" content=\"2025-04-28T12:48:13+00:00\" \/>\n<meta name=\"twitter:card\" content=\"summary_large_image\" \/>\n<meta name=\"twitter:label1\" content=\"Tiempo de lectura\" \/>\n\t<meta name=\"twitter:data1\" content=\"2 minutos\" \/>\n<script type=\"application\/ld+json\" class=\"yoast-schema-graph\">{\"@context\":\"https:\/\/schema.org\",\"@graph\":[{\"@type\":\"WebPage\",\"@id\":\"https:\/\/multi-mam.com\/es\/articulos\/denticion\/puede-la-denticion-ser-causa-de-fiebre\/\",\"url\":\"https:\/\/multi-mam.com\/es\/articulos\/denticion\/puede-la-denticion-ser-causa-de-fiebre\/\",\"name\":\"\u00bfPuede la dentici\u00f3n ser causa de fiebre? - Multi-Mam\",\"isPartOf\":{\"@id\":\"https:\/\/multi-mam.com\/es\/#website\"},\"datePublished\":\"2023-04-20T12:45:28+00:00\",\"dateModified\":\"2025-04-28T12:48:13+00:00\",\"description\":\"El proceso de dentici\u00f3n generalmente empieza alrededor de los 6 meses. Aunque el orden de aparici\u00f3n de los primeros dientes suele ser el mismo, el tiempo en el que lo hacen var\u00eda significativamente, por lo que no debe ser una sorpresa si a su beb\u00e9 de tres meses le empiezan a salir sus primeros dientes\",\"breadcrumb\":{\"@id\":\"https:\/\/multi-mam.com\/es\/articulos\/denticion\/puede-la-denticion-ser-causa-de-fiebre\/#breadcrumb\"},\"inLanguage\":\"es\",\"potentialAction\":[{\"@type\":\"ReadAction\",\"target\":[\"https:\/\/multi-mam.com\/es\/articulos\/denticion\/puede-la-denticion-ser-causa-de-fiebre\/\"]}]},{\"@type\":\"BreadcrumbList\",\"@id\":\"https:\/\/multi-mam.com\/es\/articulos\/denticion\/puede-la-denticion-ser-causa-de-fiebre\/#breadcrumb\",\"itemListElement\":[{\"@type\":\"ListItem\",\"position\":1,\"name\":\"Home\",\"item\":\"https:\/\/multi-mam.com\/es\/\"},{\"@type\":\"ListItem\",\"position\":2,\"name\":\"Art\u00edculos\",\"item\":\"https:\/\/multi-mam.com\/es\/articulos\/\"},{\"@type\":\"ListItem\",\"position\":3,\"name\":\"Dentici\u00f3n\",\"item\":\"https:\/\/multi-mam.com\/es\/articulos\/denticion\/\"},{\"@type\":\"ListItem\",\"position\":4,\"name\":\"\u00bfPuede la dentici\u00f3n ser causa de fiebre?\"}]},{\"@type\":\"WebSite\",\"@id\":\"https:\/\/multi-mam.com\/es\/#website\",\"url\":\"https:\/\/multi-mam.com\/es\/\",\"name\":\"Multi-Mam\",\"description\":\"\",\"publisher\":{\"@id\":\"https:\/\/multi-mam.com\/es\/#organization\"},\"potentialAction\":[{\"@type\":\"SearchAction\",\"target\":{\"@type\":\"EntryPoint\",\"urlTemplate\":\"https:\/\/multi-mam.com\/es\/?s={search_term_string}\"},\"query-input\":{\"@type\":\"PropertyValueSpecification\",\"valueRequired\":true,\"valueName\":\"search_term_string\"}}],\"inLanguage\":\"es\"},{\"@type\":\"Organization\",\"@id\":\"https:\/\/multi-mam.com\/es\/#organization\",\"name\":\"Multi-Mam\",\"url\":\"https:\/\/multi-mam.com\/es\/\",\"logo\":{\"@type\":\"ImageObject\",\"inLanguage\":\"es\",\"@id\":\"https:\/\/multi-mam.com\/es\/#\/schema\/logo\/image\/\",\"url\":\"https:\/\/multi-mam.com\/app\/uploads\/sites\/27\/2023\/04\/multi-mam-logotype.png\",\"contentUrl\":\"https:\/\/multi-mam.com\/app\/uploads\/sites\/27\/2023\/04\/multi-mam-logotype.png\",\"width\":70,\"height\":96,\"caption\":\"Multi-Mam\"},\"image\":{\"@id\":\"https:\/\/multi-mam.com\/es\/#\/schema\/logo\/image\/\"}}]}<\/script>\n<!-- \/ Yoast SEO plugin. -->","yoast_head_json":{"title":"\u00bfPuede la dentici\u00f3n ser causa de fiebre? - Multi-Mam","description":"El proceso de dentici\u00f3n generalmente empieza alrededor de los 6 meses. Aunque el orden de aparici\u00f3n de los primeros dientes suele ser el mismo, el tiempo en el que lo hacen var\u00eda significativamente, por lo que no debe ser una sorpresa si a su beb\u00e9 de tres meses le empiezan a salir sus primeros dientes","robots":{"index":"index","follow":"follow","max-snippet":"max-snippet:-1","max-image-preview":"max-image-preview:large","max-video-preview":"max-video-preview:-1"},"canonical":"https:\/\/multi-mam.com\/es\/articulos\/denticion\/puede-la-denticion-ser-causa-de-fiebre\/","og_locale":"es_ES","og_type":"article","og_title":"\u00bfPuede la dentici\u00f3n ser causa de fiebre? - Multi-Mam","og_description":"El proceso de dentici\u00f3n generalmente empieza alrededor de los 6 meses. Aunque el orden de aparici\u00f3n de los primeros dientes suele ser el mismo, el tiempo en el que lo hacen var\u00eda significativamente, por lo que no debe ser una sorpresa si a su beb\u00e9 de tres meses le empiezan a salir sus primeros dientes","og_url":"https:\/\/multi-mam.com\/es\/articulos\/denticion\/puede-la-denticion-ser-causa-de-fiebre\/","og_site_name":"Multi-Mam","article_modified_time":"2025-04-28T12:48:13+00:00","twitter_card":"summary_large_image","twitter_misc":{"Tiempo de lectura":"2 minutos"},"schema":{"@context":"https:\/\/schema.org","@graph":[{"@type":"WebPage","@id":"https:\/\/multi-mam.com\/es\/articulos\/denticion\/puede-la-denticion-ser-causa-de-fiebre\/","url":"https:\/\/multi-mam.com\/es\/articulos\/denticion\/puede-la-denticion-ser-causa-de-fiebre\/","name":"\u00bfPuede la dentici\u00f3n ser causa de fiebre? - Multi-Mam","isPartOf":{"@id":"https:\/\/multi-mam.com\/es\/#website"},"datePublished":"2023-04-20T12:45:28+00:00","dateModified":"2025-04-28T12:48:13+00:00","description":"El proceso de dentici\u00f3n generalmente empieza alrededor de los 6 meses. Aunque el orden de aparici\u00f3n de los primeros dientes suele ser el mismo, el tiempo en el que lo hacen var\u00eda significativamente, por lo que no debe ser una sorpresa si a su beb\u00e9 de tres meses le empiezan a salir sus primeros dientes","breadcrumb":{"@id":"https:\/\/multi-mam.com\/es\/articulos\/denticion\/puede-la-denticion-ser-causa-de-fiebre\/#breadcrumb"},"inLanguage":"es","potentialAction":[{"@type":"ReadAction","target":["https:\/\/multi-mam.com\/es\/articulos\/denticion\/puede-la-denticion-ser-causa-de-fiebre\/"]}]},{"@type":"BreadcrumbList","@id":"https:\/\/multi-mam.com\/es\/articulos\/denticion\/puede-la-denticion-ser-causa-de-fiebre\/#breadcrumb","itemListElement":[{"@type":"ListItem","position":1,"name":"Home","item":"https:\/\/multi-mam.com\/es\/"},{"@type":"ListItem","position":2,"name":"Art\u00edculos","item":"https:\/\/multi-mam.com\/es\/articulos\/"},{"@type":"ListItem","position":3,"name":"Dentici\u00f3n","item":"https:\/\/multi-mam.com\/es\/articulos\/denticion\/"},{"@type":"ListItem","position":4,"name":"\u00bfPuede la dentici\u00f3n ser causa de fiebre?"}]},{"@type":"WebSite","@id":"https:\/\/multi-mam.com\/es\/#website","url":"https:\/\/multi-mam.com\/es\/","name":"Multi-Mam","description":"","publisher":{"@id":"https:\/\/multi-mam.com\/es\/#organization"},"potentialAction":[{"@type":"SearchAction","target":{"@type":"EntryPoint","urlTemplate":"https:\/\/multi-mam.com\/es\/?s={search_term_string}"},"query-input":{"@type":"PropertyValueSpecification","valueRequired":true,"valueName":"search_term_string"}}],"inLanguage":"es"},{"@type":"Organization","@id":"https:\/\/multi-mam.com\/es\/#organization","name":"Multi-Mam","url":"https:\/\/multi-mam.com\/es\/","logo":{"@type":"ImageObject","inLanguage":"es","@id":"https:\/\/multi-mam.com\/es\/#\/schema\/logo\/image\/","url":"https:\/\/multi-mam.com\/app\/uploads\/sites\/27\/2023\/04\/multi-mam-logotype.png","contentUrl":"https:\/\/multi-mam.com\/app\/uploads\/sites\/27\/2023\/04\/multi-mam-logotype.png","width":70,"height":96,"caption":"Multi-Mam"},"image":{"@id":"https:\/\/multi-mam.com\/es\/#\/schema\/logo\/image\/"}}]}},"_links":{"self":[{"href":"https:\/\/multi-mam.com\/es\/wp-json\/wp\/v2\/pages\/110","targetHints":{"allow":["GET"]}}],"collection":[{"href":"https:\/\/multi-mam.com\/es\/wp-json\/wp\/v2\/pages"}],"about":[{"href":"https:\/\/multi-mam.com\/es\/wp-json\/wp\/v2\/types\/page"}],"author":[{"embeddable":true,"href":"https:\/\/multi-mam.com\/es\/wp-json\/wp\/v2\/users\/2"}],"replies":[{"embeddable":true,"href":"https:\/\/multi-mam.com\/es\/wp-json\/wp\/v2\/comments?post=110"}],"version-history":[{"count":2,"href":"https:\/\/multi-mam.com\/es\/wp-json\/wp\/v2\/pages\/110\/revisions"}],"predecessor-version":[{"id":276,"href":"https:\/\/multi-mam.com\/es\/wp-json\/wp\/v2\/pages\/110\/revisions\/276"}],"up":[{"embeddable":true,"href":"https:\/\/multi-mam.com\/es\/wp-json\/wp\/v2\/pages\/68"}],"wp:attachment":[{"href":"https:\/\/multi-mam.com\/es\/wp-json\/wp\/v2\/media?parent=110"}],"wp:term":[{"taxonomy":"from-article-database","embeddable":true,"href":"https:\/\/multi-mam.com\/es\/wp-json\/wp\/v2\/from-article-database?post=110"}],"curies":[{"name":"wp","href":"https:\/\/api.w.org\/{rel}","templated":true}]}}